{"id":19,"date":"2024-09-07T08:57:09","date_gmt":"2024-09-07T08:57:09","guid":{"rendered":"https:\/\/www.tronkiele.com\/product\/three-station-indoor-vacuum-ckt-breaker\/"},"modified":"2025-01-25T11:57:51","modified_gmt":"2025-01-25T11:57:51","slug":"three-station-indoor-vacuum-ckt-breaker","status":"publish","type":"product","link":"https:\/\/www.tronkiele.com\/es\/product\/three-station-indoor-vacuum-ckt-breaker\/","title":{"rendered":"BQVN-12GD Interruptor autom\u00e1tico de vac\u00edo de tres estaciones para interiores"},"content":{"rendered":"<h2>Caracter\u00edsticas principales:<\/h2>\n<p><strong>Dise\u00f1o modular:<\/strong> La estructura de bastidor modular se adopta para integrar altamente el seccionador, el disyuntor de vac\u00edo, el interruptor de puesta a tierra, el sensor y el mecanismo de enclavamiento, lo que resulta conveniente para la sustituci\u00f3n y el mantenimiento independientes, y mejora la compatibilidad y la comodidad de mantenimiento del equipo en general.<\/p>\n<p><strong>Gran rendimiento el\u00e9ctrico:<\/strong> El circuito principal adopta la columna cerrada de resina epoxi de alta resistencia APG, que tiene un mayor rendimiento de aislamiento y adaptabilidad medioambiental para garantizar un funcionamiento estable a largo plazo.<\/p>\n<p><strong>Compacto y compatible:<\/strong> Es adecuado para el tama\u00f1o del gabinete de 500\u00d71000\u00d71800mm, adecuado para varios entornos de instalaci\u00f3n compactos.<\/p>\n<p><strong>Dise\u00f1o anti-operaci\u00f3n incorrecta:<\/strong> El dise\u00f1o de enclavamiento mec\u00e1nico forzado se adopta entre el seccionador, el disyuntor y el interruptor de puesta a tierra para evitar el funcionamiento incorrecto y garantizar un funcionamiento seguro.<\/p>\n<p><strong>Seccionador rotativo:<\/strong> Se adopta el seccionador de rotura visible giratorio, y la rotura puede visualizarse claramente tras la apertura del interruptor, lo que mejora la visibilidad y la seguridad de la operaci\u00f3n.<\/p>\n<p><strong>Mecanismo de funcionamiento modular:<\/strong> El mecanismo de funcionamiento adopta un dise\u00f1o modular, que puede sustituirse o repararse de forma independiente, admite el funcionamiento manual y el funcionamiento opcional de almacenamiento de energ\u00eda CA\/CC, y satisface las necesidades de control remoto.<\/p>\n<p><strong>Respetuoso con el medio ambiente y de bajo mantenimiento:<\/strong> El equipo adopta materiales respetuosos con el medio ambiente y un dise\u00f1o de alta resistencia, tiene caracter\u00edsticas libres de mantenimiento y reduce los costes de funcionamiento y mantenimiento en el uso a largo plazo.<\/p>\n<h2>Ocasiones aplicables:<\/h2>\n<p>Aplicable a sistemas de alimentaci\u00f3n de media tensi\u00f3n de 6-12 kV, ampliamente utilizado en la protecci\u00f3n y el control el\u00e9ctricos de centrales el\u00e9ctricas, subestaciones e instalaciones industriales.<br \/>\nPuede utilizarse como unidad de protecci\u00f3n de subestaciones y transformadores principales para garantizar el funcionamiento estable del sistema el\u00e9ctrico.<br \/>\nAplicable a entornos con operaciones frecuentes o protecci\u00f3n contra cortocircuitos.<\/p>\n<h2>Dise\u00f1o de seguridad:<\/h2>\n<p>Estructura de enclavamiento fiable: La puerta del armario y el interruptor de puesta a tierra est\u00e1n dise\u00f1ados con un mecanismo de enclavamiento fiable para garantizar que no se produzcan maniobras err\u00f3neas durante el funcionamiento y proteger la seguridad de los operarios.<br \/>\nEnclavamiento forzado: El mecanismo de enclavamiento forzado entre el seccionador, el disyuntor y el interruptor de puesta a tierra evita eficazmente el riesgo de funcionamiento incorrecto y garantiza el funcionamiento seguro del equipo.<\/p>\n<h2>Entorno de uso:<\/h2>\n<p>Temperatura ambiente: -25\u2103 a +40\u2103<br \/>\nHumedad relativa: media diaria &lt;95%, media mensual &lt;90%<br \/>\nAltitud: no m\u00e1s de 1000 metros (para zonas con altitudes superiores, la selecci\u00f3n debe ajustarse en funci\u00f3n del factor de protecci\u00f3n el\u00e9ctrica).<br \/>\nIntensidad s\u00edsmica: no m\u00e1s de 8 grados<br \/>\nEntorno de uso: entorno sin riesgo de explosi\u00f3n, riesgo qu\u00edmico y vibraciones severas.<\/p>\n<h2>Especificaciones t\u00e9cnicas:<\/h2>\n<p>Tensi\u00f3n nominal: 12 kV<br \/>\nCorriente nominal: 630A<br \/>\nFrecuencia nominal: 50 Hz<br \/>\nTama\u00f1o del armario aplicable: 500\u00d71000\u00d71800mm<br \/>\nModo de funcionamiento: manual o almacenamiento de energ\u00eda opcional (CA\/CC)<\/p>\n<h2>Normas de conformidad de los productos:<\/h2>\n<p>IEC 62271-100: Interruptores autom\u00e1ticos de CA de alta tensi\u00f3n<br \/>\nGB\/T 11022: Condiciones t\u00e9cnicas de la aparamenta de alta tensi\u00f3n<br \/>\nGB 1984: Interruptores autom\u00e1ticos de corriente alterna de alta tensi\u00f3n<br \/>\nGB 311.1: Coordinaci\u00f3n del aislamiento de los equipos el\u00e9ctricos de alta tensi\u00f3n<\/p>\n<h2><strong>Principales par\u00e1metros t\u00e9cnicos<\/strong><\/h2>\n<table width=\"100%\">\n<tbody>\n<tr class=\"firstRow\">\n<td valign=\"center\" width=\"48\"><\/td>\n<td colspan=\"2\" valign=\"center\" width=\"380\">\u00a0Art\u00edculo<\/td>\n<td valign=\"center\" width=\"38\">Unidad<\/td>\n<td colspan=\"2\" valign=\"center\" width=\"230\">Datos<\/td>\n<\/tr>\n<tr>\n<td valign=\"center\" width=\"48\">1<\/td>\n<td colspan=\"2\" valign=\"center\" width=\"380\">Tensi\u00f3n nominal<\/td>\n<td valign=\"center\" width=\"38\">KV<\/td>\n<td colspan=\"2\" valign=\"center\" width=\"230\">12<\/td>\n<\/tr>\n<tr>\n<td valign=\"center\" width=\"48\">2<\/td>\n<td colspan=\"2\" valign=\"center\" width=\"380\">Tensi\u00f3n m\u00e1xima de trabajo<\/td>\n<td valign=\"center\" width=\"38\">KV<\/td>\n<td colspan=\"2\" valign=\"center\" width=\"230\">12<\/td>\n<\/tr>\n<tr>\n<td valign=\"center\" width=\"48\">3<\/td>\n<td colspan=\"2\" valign=\"center\" width=\"380\">Corriente nominal<\/td>\n<td valign=\"center\" width=\"38\">A<\/td>\n<td valign=\"center\" width=\"110\">630<\/td>\n<td valign=\"center\" width=\"120\">1250<\/td>\n<\/tr>\n<tr>\n<td valign=\"center\" width=\"48\">4<\/td>\n<td colspan=\"2\" valign=\"center\" width=\"380\">Corriente asignada de corte en cortocircuito<\/td>\n<td valign=\"center\" width=\"38\">KA<\/td>\n<td valign=\"center\" width=\"110\">20\/25<\/td>\n<td valign=\"center\" width=\"120\">31.5<\/td>\n<\/tr>\n<tr>\n<td valign=\"center\" width=\"48\">5<\/td>\n<td colspan=\"2\" valign=\"center\" width=\"380\">Corriente asignada de cierre en cortocircuito (valor de pico)<\/td>\n<td valign=\"center\" width=\"38\">KA<\/td>\n<td valign=\"center\" width=\"110\">50\/63<\/td>\n<td valign=\"center\" width=\"120\">80<\/td>\n<\/tr>\n<tr>\n<td valign=\"center\" width=\"48\">6<\/td>\n<td colspan=\"2\" valign=\"center\" width=\"380\">Corriente nominal soportada (valor de pico)<\/td>\n<td valign=\"center\" width=\"38\">KA<\/td>\n<td valign=\"center\" width=\"110\">50\/63<\/td>\n<td valign=\"center\" width=\"120\">80<\/td>\n<\/tr>\n<tr>\n<td valign=\"center\" width=\"48\">7<\/td>\n<td colspan=\"2\" valign=\"center\" width=\"380\">4S Corriente nominal poco resistente<\/td>\n<td valign=\"center\" width=\"38\">KA<\/td>\n<td valign=\"center\" width=\"110\">20\/25<\/td>\n<td valign=\"center\" width=\"120\">31.5<\/td>\n<\/tr>\n<tr>\n<td rowspan=\"2\" valign=\"center\" width=\"48\">8<\/td>\n<td rowspan=\"2\" valign=\"center\" width=\"191\">Nivel de aislamiento nominal<\/td>\n<td valign=\"center\" width=\"189\">Tensi\u00f3n soportada de frecuencia industrial<\/td>\n<td rowspan=\"2\" valign=\"center\" width=\"38\">KA<\/td>\n<td colspan=\"2\" valign=\"center\" width=\"230\">42\/48<\/td>\n<\/tr>\n<tr>\n<td valign=\"center\" width=\"189\">Impulso del trueno<\/p>\n<p>tensi\u00f3n soportada<\/td>\n<td colspan=\"2\" valign=\"center\" width=\"230\">75\/85<\/td>\n<\/tr>\n<tr>\n<td valign=\"center\" width=\"48\">9<\/td>\n<td colspan=\"2\" valign=\"center\" width=\"380\">Orden de funcionamiento nominal<\/td>\n<td valign=\"center\" width=\"38\"><\/td>\n<td colspan=\"2\" valign=\"center\" width=\"230\">Apagado-0,3S encendido y apagado-180S encendido y apagado<\/td>\n<\/tr>\n<tr>\n<td valign=\"center\" width=\"48\">10<\/td>\n<td colspan=\"2\" valign=\"center\" width=\"380\">Vida mec\u00e1nica<\/td>\n<td valign=\"center\" width=\"38\">veces<\/td>\n<td colspan=\"2\" valign=\"center\" width=\"230\">10000<\/td>\n<\/tr>\n<tr>\n<td valign=\"center\" width=\"48\">11<\/td>\n<td colspan=\"2\" valign=\"center\" width=\"380\">Corriente nominal de cortocircuito Tiempo de apertura y cierre<\/td>\n<td valign=\"center\" width=\"38\">veces<\/td>\n<td colspan=\"2\" valign=\"center\" width=\"230\">50<\/td>\n<\/tr>\n<tr>\n<td valign=\"center\" width=\"48\">12<\/td>\n<td colspan=\"2\" valign=\"center\" width=\"380\">Hablar y mover organizaci\u00f3n cantidad asignar la actual<\/p>\n<p>de la compuerta(DC)<\/td>\n<td valign=\"center\" width=\"38\">V<\/td>\n<td colspan=\"2\" valign=\"center\" width=\"230\">AC.DC.110,220<\/td>\n<\/tr>\n<tr>\n<td valign=\"center\" width=\"48\">13<\/td>\n<td colspan=\"2\" valign=\"center\" width=\"380\">Hablar y mover organizaci\u00f3n cantidad igual a la actual<\/p>\n<p>de la compuerta(DC)<\/td>\n<td valign=\"center\" width=\"38\">V<\/td>\n<td colspan=\"2\" valign=\"center\" width=\"230\">AC.DC 110,220<\/td>\n<\/tr>\n<tr>\n<td valign=\"center\" width=\"48\">14<\/td>\n<td colspan=\"2\" valign=\"center\" width=\"380\">Distancia de conmutaci\u00f3n del contacto<\/td>\n<td valign=\"center\" width=\"38\">mm<\/td>\n<td colspan=\"2\" valign=\"center\" width=\"230\">&gt;11<\/td>\n<\/tr>\n<tr>\n<td valign=\"center\" width=\"48\">15<\/td>\n<td colspan=\"2\" valign=\"center\" width=\"380\">Ultra viaje(toca el muelle de la cabeza y comprime la longitud)<\/td>\n<td valign=\"center\" width=\"38\">mm<\/td>\n<td colspan=\"2\" valign=\"center\" width=\"230\">4+\/-0.5<\/td>\n<\/tr>\n<tr>\n<td valign=\"center\" width=\"48\">16<\/td>\n<td colspan=\"2\" valign=\"center\" width=\"380\">Ruptura trif\u00e1sica en cierre<\/p>\n<p>floodgate sex del mismo periodo<\/td>\n<td valign=\"center\" width=\"38\">ms<\/td>\n<td colspan=\"2\" valign=\"center\" width=\"230\">&lt;2<\/td>\n<\/tr>\n<tr>\n<td valign=\"center\" width=\"48\">17<\/td>\n<td colspan=\"2\" valign=\"center\" width=\"380\">Toca la cabeza y cierra una compuerta de tiempo de rebote<\/td>\n<td valign=\"center\" width=\"38\">ms<\/td>\n<td colspan=\"2\" valign=\"center\" width=\"230\">&lt;2<\/td>\n<\/tr>\n<tr>\n<td valign=\"center\" width=\"48\">18<\/td>\n<td colspan=\"2\" valign=\"center\" width=\"380\">Velocidad media de frenado<\/td>\n<td valign=\"center\" width=\"38\">m\/s<\/td>\n<td colspan=\"2\" valign=\"center\" width=\"230\">0.9~1.7<\/td>\n<\/tr>\n<tr>\n<td valign=\"center\" width=\"48\">19<\/td>\n<td colspan=\"2\" valign=\"center\" width=\"380\">Velocidad media del freno de cierre<\/td>\n<td valign=\"center\" width=\"38\">m\/s<\/td>\n<td colspan=\"2\" valign=\"center\" width=\"230\">0.6~1.0<\/td>\n<\/tr>\n<tr>\n<td valign=\"center\" width=\"48\">21<\/td>\n<td colspan=\"2\" valign=\"center\" width=\"380\">Hora de cierre del freno<\/td>\n<td valign=\"center\" width=\"38\">s<\/td>\n<td colspan=\"2\" valign=\"center\" width=\"230\">&lt;0.1<\/td>\n<\/tr>\n<tr>\n<td valign=\"center\" width=\"48\">22<\/td>\n<td colspan=\"2\" valign=\"center\" width=\"380\">Cada la resistencia del circuito principal de retorno<\/td>\n<td valign=\"center\" width=\"38\">u \u03a9<\/td>\n<td colspan=\"2\" valign=\"center\" width=\"230\">&lt;45<\/td>\n<\/tr>\n<tr>\n<td valign=\"center\" width=\"48\">23<\/td>\n<td colspan=\"2\" valign=\"center\" width=\"380\">Espesor acumulado por abrasi\u00f3n<\/p>\n<p>del contacto m\u00f3vil y estacionario<\/td>\n<td valign=\"center\" width=\"38\">mm<\/td>\n<td colspan=\"2\" valign=\"center\" width=\"230\">3<\/td>\n<\/tr>\n<\/tbody>\n<\/table>\n<h2>Conclusi\u00f3n:<\/h2>\n<p>El disyuntor de vac\u00edo de alta tensi\u00f3n de tres posiciones de la serie BQVN-12GD se ha convertido en la opci\u00f3n ideal para dispositivos de protecci\u00f3n clave en sistemas de energ\u00eda gracias a su excelente rendimiento, dise\u00f1o compacto y alta fiabilidad. El dise\u00f1o modular del product, el enclavamiento mec\u00e1nico forzado, la rotura visible giratoria y otras tecnolog\u00edas avanzadas no solo mejoran la seguridad operativa, sino que tambi\u00e9n reducen significativamente los costes de mantenimiento y los riesgos.<\/p>","protected":false},"excerpt":{"rendered":"<p>El disyuntor de vac\u00edo de alta tensi\u00f3n para interiores de tres estaciones de la serie BQVN-12GD tiene excelentes propiedades el\u00e9ctricas y mec\u00e1nicas, una estructura compacta y estable, y es adecuado para una gran variedad de sistemas el\u00e9ctricos de alta tensi\u00f3n, especialmente en redes el\u00e9ctricas de media tensi\u00f3n de 6-12 kV para proporcionar una protecci\u00f3n de alta calidad. El dise\u00f1o del product se ajusta a la tendencia de miniaturizaci\u00f3n moderna, tiene alta fiabilidad, larga vida \u00fatil y bajos requisitos de mantenimiento, y es un dispositivo de protecci\u00f3n de seguridad ideal en el sistema el\u00e9ctrico.<\/p>","protected":false},"featured_media":2241,"template":"","meta":[],"product_brand":[],"product_cat":[17],"product_tag":[],"class_list":{"0":"post-19","1":"product","2":"type-product","3":"status-publish","4":"has-post-thumbnail","6":"product_cat-vacuum-circuit-breaker","8":"first","9":"instock","10":"virtual","11":"taxable","12":"product-type-simple"},"yoast_head":"<!-- This site is optimized with the Yoast SEO plugin v25.0 - https:\/\/yoast.com\/wordpress\/plugins\/seo\/ -->\n<title>Three-station Indoor Vacuum Circuit Breaker | Three-Station Switchgear Solution - TRONKIELE<\/title>\n<meta name=\"description\" content=\"Explore the JYIELE indoor vacuum circuit breaker, featuring three stations for efficient electrical control and protection. Built for reliability and performance, this breaker ensures seamless operation in indoor environments, providing essential circuit protection for various applications.\" \/>\n<meta name=\"robots\" content=\"index, follow, max-snippet:-1, max-image-preview:large, max-video-preview:-1\" \/>\n<link rel=\"canonical\" href=\"https:\/\/www.tronkiele.com\/es\/product\/three-station-indoor-vacuum-ckt-breaker\/\" \/>\n<meta property=\"og:locale\" content=\"es_ES\" \/>\n<meta property=\"og:type\" content=\"article\" \/>\n<meta property=\"og:title\" content=\"Three-station Indoor Vacuum Circuit Breaker | Three-Station Switchgear Solution - TRONKIELE\" \/>\n<meta property=\"og:description\" content=\"Explore the JYIELE indoor vacuum circuit breaker, featuring three stations for efficient electrical control and protection. Built for reliability and performance, this breaker ensures seamless operation in indoor environments, providing essential circuit protection for various applications.\" \/>\n<meta property=\"og:url\" content=\"https:\/\/www.tronkiele.com\/es\/product\/three-station-indoor-vacuum-ckt-breaker\/\" \/>\n<meta property=\"og:site_name\" content=\"PINE-ZHENGXI\" \/>\n<meta property=\"article:modified_time\" content=\"2025-01-25T11:57:51+00:00\" \/>\n<meta property=\"og:image\" content=\"https:\/\/www.tronkiele.com\/wp-content\/uploads\/2020\/04\/three-station-indoor-vacuum-ckt-breaker-3.webp\" \/>\n\t<meta property=\"og:image:width\" content=\"600\" \/>\n\t<meta property=\"og:image:height\" content=\"600\" \/>\n\t<meta property=\"og:image:type\" content=\"image\/webp\" \/>\n<meta name=\"twitter:card\" content=\"summary_large_image\" \/>\n<meta name=\"twitter:label1\" content=\"Tiempo de lectura\" \/>\n\t<meta name=\"twitter:data1\" content=\"4 minutos\" \/>\n<script type=\"application\/ld+json\" class=\"yoast-schema-graph\">{\"@context\":\"https:\/\/schema.org\",\"@graph\":[{\"@type\":\"WebPage\",\"@id\":\"https:\/\/www.tronkiele.com\/product\/three-station-indoor-vacuum-ckt-breaker\/\",\"url\":\"https:\/\/www.tronkiele.com\/product\/three-station-indoor-vacuum-ckt-breaker\/\",\"name\":\"Three-station Indoor Vacuum Circuit Breaker | Three-Station Switchgear Solution - TRONKIELE\",\"isPartOf\":{\"@id\":\"https:\/\/www.tronkiele.com\/#website\"},\"primaryImageOfPage\":{\"@id\":\"https:\/\/www.tronkiele.com\/product\/three-station-indoor-vacuum-ckt-breaker\/#primaryimage\"},\"image\":{\"@id\":\"https:\/\/www.tronkiele.com\/product\/three-station-indoor-vacuum-ckt-breaker\/#primaryimage\"},\"thumbnailUrl\":\"https:\/\/www.tronkiele.com\/wp-content\/uploads\/2020\/04\/three-station-indoor-vacuum-ckt-breaker-3.webp\",\"datePublished\":\"2024-09-07T08:57:09+00:00\",\"dateModified\":\"2025-01-25T11:57:51+00:00\",\"description\":\"Explore the JYIELE indoor vacuum circuit breaker, featuring three stations for efficient electrical control and protection. Built for reliability and performance, this breaker ensures seamless operation in indoor environments, providing essential circuit protection for various applications.\",\"breadcrumb\":{\"@id\":\"https:\/\/www.tronkiele.com\/product\/three-station-indoor-vacuum-ckt-breaker\/#breadcrumb\"},\"inLanguage\":\"es\",\"potentialAction\":[{\"@type\":\"ReadAction\",\"target\":[\"https:\/\/www.tronkiele.com\/product\/three-station-indoor-vacuum-ckt-breaker\/\"]}]},{\"@type\":\"ImageObject\",\"inLanguage\":\"es\",\"@id\":\"https:\/\/www.tronkiele.com\/product\/three-station-indoor-vacuum-ckt-breaker\/#primaryimage\",\"url\":\"https:\/\/www.tronkiele.com\/wp-content\/uploads\/2020\/04\/three-station-indoor-vacuum-ckt-breaker-3.webp\",\"contentUrl\":\"https:\/\/www.tronkiele.com\/wp-content\/uploads\/2020\/04\/three-station-indoor-vacuum-ckt-breaker-3.webp\",\"width\":600,\"height\":600,\"caption\":\"three-station-indoor-vacuum-ckt-breaker\"},{\"@type\":\"BreadcrumbList\",\"@id\":\"https:\/\/www.tronkiele.com\/product\/three-station-indoor-vacuum-ckt-breaker\/#breadcrumb\",\"itemListElement\":[{\"@type\":\"ListItem\",\"position\":1,\"name\":\"Home\",\"item\":\"https:\/\/www.tronkiele.com\/\"},{\"@type\":\"ListItem\",\"position\":2,\"name\":\"Products\",\"item\":\"https:\/\/www.tronkiele.com\/shop\/\"},{\"@type\":\"ListItem\",\"position\":3,\"name\":\"BQVN-12GD Three Station Indoor Vacuum Ckt Breaker\"}]},{\"@type\":\"WebSite\",\"@id\":\"https:\/\/www.tronkiele.com\/#website\",\"url\":\"https:\/\/www.tronkiele.com\/\",\"name\":\"PINE-ZHENGXI\",\"description\":\"\",\"publisher\":{\"@id\":\"https:\/\/www.tronkiele.com\/#organization\"},\"potentialAction\":[{\"@type\":\"SearchAction\",\"target\":{\"@type\":\"EntryPoint\",\"urlTemplate\":\"https:\/\/www.tronkiele.com\/?s={search_term_string}\"},\"query-input\":{\"@type\":\"PropertyValueSpecification\",\"valueRequired\":true,\"valueName\":\"search_term_string\"}}],\"inLanguage\":\"es\"},{\"@type\":\"Organization\",\"@id\":\"https:\/\/www.tronkiele.com\/#organization\",\"name\":\"PINE-ZHENGXI\",\"url\":\"https:\/\/www.tronkiele.com\/\",\"logo\":{\"@type\":\"ImageObject\",\"inLanguage\":\"es\",\"@id\":\"https:\/\/www.tronkiele.com\/#\/schema\/logo\/image\/\",\"url\":\"https:\/\/www.tronkiele.com\/wp-content\/uploads\/2024\/11\/cropped-tronki.webp\",\"contentUrl\":\"https:\/\/www.tronkiele.com\/wp-content\/uploads\/2024\/11\/cropped-tronki.webp\",\"width\":512,\"height\":512,\"caption\":\"PINE-ZHENGXI\"},\"image\":{\"@id\":\"https:\/\/www.tronkiele.com\/#\/schema\/logo\/image\/\"}}]}<\/script>\n<!-- \/ Yoast SEO plugin. -->","yoast_head_json":{"title":"Interruptor autom\u00e1tico de vac\u00edo para interiores de tres puestos | Soluci\u00f3n de aparamenta de tres puestos - TRONKIELE","description":"Descubra el disyuntor de vac\u00edo para interiores de JYIELE, con tres estaciones para un control y una protecci\u00f3n el\u00e9ctricos eficaces. Fabricado para ofrecer fiabilidad y rendimiento, este disyuntor garantiza un funcionamiento perfecto en entornos interiores, proporcionando una protecci\u00f3n de circuito esencial para diversas aplicaciones.","robots":{"index":"index","follow":"follow","max-snippet":"max-snippet:-1","max-image-preview":"max-image-preview:large","max-video-preview":"max-video-preview:-1"},"canonical":"https:\/\/www.tronkiele.com\/es\/product\/three-station-indoor-vacuum-ckt-breaker\/","og_locale":"es_ES","og_type":"article","og_title":"Three-station Indoor Vacuum Circuit Breaker | Three-Station Switchgear Solution - TRONKIELE","og_description":"Explore the JYIELE indoor vacuum circuit breaker, featuring three stations for efficient electrical control and protection. Built for reliability and performance, this breaker ensures seamless operation in indoor environments, providing essential circuit protection for various applications.","og_url":"https:\/\/www.tronkiele.com\/es\/product\/three-station-indoor-vacuum-ckt-breaker\/","og_site_name":"PINE-ZHENGXI","article_modified_time":"2025-01-25T11:57:51+00:00","og_image":[{"width":600,"height":600,"url":"https:\/\/www.tronkiele.com\/wp-content\/uploads\/2020\/04\/three-station-indoor-vacuum-ckt-breaker-3.webp","type":"image\/webp"}],"twitter_card":"summary_large_image","twitter_misc":{"Tiempo de lectura":"4 minutos"},"schema":{"@context":"https:\/\/schema.org","@graph":[{"@type":"WebPage","@id":"https:\/\/www.tronkiele.com\/product\/three-station-indoor-vacuum-ckt-breaker\/","url":"https:\/\/www.tronkiele.com\/product\/three-station-indoor-vacuum-ckt-breaker\/","name":"Interruptor autom\u00e1tico de vac\u00edo para interiores de tres puestos | Soluci\u00f3n de aparamenta de tres puestos - TRONKIELE","isPartOf":{"@id":"https:\/\/www.tronkiele.com\/#website"},"primaryImageOfPage":{"@id":"https:\/\/www.tronkiele.com\/product\/three-station-indoor-vacuum-ckt-breaker\/#primaryimage"},"image":{"@id":"https:\/\/www.tronkiele.com\/product\/three-station-indoor-vacuum-ckt-breaker\/#primaryimage"},"thumbnailUrl":"https:\/\/www.tronkiele.com\/wp-content\/uploads\/2020\/04\/three-station-indoor-vacuum-ckt-breaker-3.webp","datePublished":"2024-09-07T08:57:09+00:00","dateModified":"2025-01-25T11:57:51+00:00","description":"Descubra el disyuntor de vac\u00edo para interiores de JYIELE, con tres estaciones para un control y una protecci\u00f3n el\u00e9ctricos eficaces. Fabricado para ofrecer fiabilidad y rendimiento, este disyuntor garantiza un funcionamiento perfecto en entornos interiores, proporcionando una protecci\u00f3n de circuito esencial para diversas aplicaciones.","breadcrumb":{"@id":"https:\/\/www.tronkiele.com\/product\/three-station-indoor-vacuum-ckt-breaker\/#breadcrumb"},"inLanguage":"es","potentialAction":[{"@type":"ReadAction","target":["https:\/\/www.tronkiele.com\/product\/three-station-indoor-vacuum-ckt-breaker\/"]}]},{"@type":"ImageObject","inLanguage":"es","@id":"https:\/\/www.tronkiele.com\/product\/three-station-indoor-vacuum-ckt-breaker\/#primaryimage","url":"https:\/\/www.tronkiele.com\/wp-content\/uploads\/2020\/04\/three-station-indoor-vacuum-ckt-breaker-3.webp","contentUrl":"https:\/\/www.tronkiele.com\/wp-content\/uploads\/2020\/04\/three-station-indoor-vacuum-ckt-breaker-3.webp","width":600,"height":600,"caption":"three-station-indoor-vacuum-ckt-breaker"},{"@type":"BreadcrumbList","@id":"https:\/\/www.tronkiele.com\/product\/three-station-indoor-vacuum-ckt-breaker\/#breadcrumb","itemListElement":[{"@type":"ListItem","position":1,"name":"Home","item":"https:\/\/www.tronkiele.com\/"},{"@type":"ListItem","position":2,"name":"Products","item":"https:\/\/www.tronkiele.com\/shop\/"},{"@type":"ListItem","position":3,"name":"BQVN-12GD Three Station Indoor Vacuum Ckt Breaker"}]},{"@type":"WebSite","@id":"https:\/\/www.tronkiele.com\/#website","url":"https:\/\/www.tronkiele.com\/","name":"PINO-ZHENGXI","description":"","publisher":{"@id":"https:\/\/www.tronkiele.com\/#organization"},"potentialAction":[{"@type":"SearchAction","target":{"@type":"EntryPoint","urlTemplate":"https:\/\/www.tronkiele.com\/?s={search_term_string}"},"query-input":{"@type":"PropertyValueSpecification","valueRequired":true,"valueName":"search_term_string"}}],"inLanguage":"es"},{"@type":"Organization","@id":"https:\/\/www.tronkiele.com\/#organization","name":"PINO-ZHENGXI","url":"https:\/\/www.tronkiele.com\/","logo":{"@type":"ImageObject","inLanguage":"es","@id":"https:\/\/www.tronkiele.com\/#\/schema\/logo\/image\/","url":"https:\/\/www.tronkiele.com\/wp-content\/uploads\/2024\/11\/cropped-tronki.webp","contentUrl":"https:\/\/www.tronkiele.com\/wp-content\/uploads\/2024\/11\/cropped-tronki.webp","width":512,"height":512,"caption":"PINE-ZHENGXI"},"image":{"@id":"https:\/\/www.tronkiele.com\/#\/schema\/logo\/image\/"}}]}},"_links":{"self":[{"href":"https:\/\/www.tronkiele.com\/es\/wp-json\/wp\/v2\/product\/19","targetHints":{"allow":["GET"]}}],"collection":[{"href":"https:\/\/www.tronkiele.com\/es\/wp-json\/wp\/v2\/product"}],"about":[{"href":"https:\/\/www.tronkiele.com\/es\/wp-json\/wp\/v2\/types\/product"}],"version-history":[{"count":5,"href":"https:\/\/www.tronkiele.com\/es\/wp-json\/wp\/v2\/product\/19\/revisions"}],"predecessor-version":[{"id":21477,"href":"https:\/\/www.tronkiele.com\/es\/wp-json\/wp\/v2\/product\/19\/revisions\/21477"}],"wp:featuredmedia":[{"embeddable":true,"href":"https:\/\/www.tronkiele.com\/es\/wp-json\/wp\/v2\/media\/2241"}],"wp:attachment":[{"href":"https:\/\/www.tronkiele.com\/es\/wp-json\/wp\/v2\/media?parent=19"}],"wp:term":[{"taxonomy":"product_brand","embeddable":true,"href":"https:\/\/www.tronkiele.com\/es\/wp-json\/wp\/v2\/product_brand?post=19"},{"taxonomy":"product_cat","embeddable":true,"href":"https:\/\/www.tronkiele.com\/es\/wp-json\/wp\/v2\/product_cat?post=19"},{"taxonomy":"product_tag","embeddable":true,"href":"https:\/\/www.tronkiele.com\/es\/wp-json\/wp\/v2\/product_tag?post=19"}],"curies":[{"name":"wp","href":"https:\/\/api.w.org\/{rel}","templated":true}]}}