{"id":21723,"date":"2025-05-02T10:51:19","date_gmt":"2025-05-02T10:51:19","guid":{"rendered":"https:\/\/www.tronkiele.com\/?post_type=product&#038;p=21723"},"modified":"2025-05-02T10:53:27","modified_gmt":"2025-05-02T10:53:27","slug":"11kv-3-phase-dry-type-cast-resin-distribution-transformer","status":"publish","type":"product","link":"https:\/\/www.tronkiele.com\/es\/product\/11kv-3-phase-dry-type-cast-resin-distribution-transformer\/","title":{"rendered":"Transformador de distribuci\u00f3n trif\u00e1sico de resina de moldeo en seco SCB11 11KV"},"content":{"rendered":"<h2>Caracter\u00edsticas:<\/h2>\n<p><strong>Seguridad y fiabilidad avanzadas:<\/strong><\/p>\n<p>Ign\u00edfugo y a prueba de explosiones: El encapsulado de resina epoxi cumple las estrictas normas de seguridad contra incendios, ofreciendo el m\u00e1ximo nivel de protecci\u00f3n.<br \/>\nSin mantenimiento: El dise\u00f1o resistente a la contaminaci\u00f3n hace innecesario el mantenimiento, ofreciendo una larga vida de funcionamiento.<br \/>\nCompacto y duradero: Dise\u00f1ado para una integraci\u00f3n profunda en centros de carga con una huella limitada, ideal para dise\u00f1os que ahorran espacio.<\/p>\n<p><strong>Rendimiento superior:<\/strong><\/p>\n<p>Baja descarga parcial: La fundici\u00f3n en vac\u00edo de alta tecnolog\u00eda ofrece una baja descarga parcial (&lt;10pC), mejorando la fiabilidad del transformador.<br \/>\nReducci\u00f3n del ruido: Con capacidad de funcionamiento silencioso, nivel de ruido &lt;55dB, gracias a una arquitectura de uni\u00f3n de n\u00facleo bien dise\u00f1ada.<br \/>\nEficiencia t\u00e9rmica: S\u00f3lida capacidad de disipaci\u00f3n t\u00e9rmica con tolerancia a la sobrecarga 40% para condiciones de refrigeraci\u00f3n por aire forzado.<\/p>\n<p><strong>Control inteligente:<\/strong><\/p>\n<p>Supervisi\u00f3n inteligente: Equipado con un controlador t\u00e9rmico integrado con alarmas de fallo, apagado autom\u00e1tico y registro de datos de \"caja negra\" para mejorar la seguridad y el seguimiento del rendimiento.<br \/>\nConectividad remota: La interfaz RS485 ofrece supervisi\u00f3n y control en tiempo real a trav\u00e9s del ordenador para mayor comodidad de uso y eficiencia operativa.<\/p>\n<h2><strong>Par\u00e1metros t\u00e9cnicos:<\/strong><\/h2>\n<table>\n<tbody>\n<tr>\n<td colspan=\"15\">Datos t\u00e9cnicos del transformador de potencia trif\u00e1sico tipo seco SC(B)11 con aislamiento de resina fundida clase F<\/td>\n<td><\/td>\n<\/tr>\n<tr>\n<td><\/td>\n<td colspan=\"2\"><\/td>\n<td><\/td>\n<td colspan=\"2\">P\u00e9rdidas (kW)<\/td>\n<td><\/td>\n<td>Tensi\u00f3n de impedancia<\/td>\n<td>Nivel de aislamiento<\/td>\n<td>Peso (kg)<\/td>\n<td colspan=\"3\">Dimensiones exteriores (mm)<\/td>\n<td colspan=\"3\">Dimensiones exteriores con carcasa protectora<\/td>\n<\/tr>\n<tr>\n<td>Capacidad nominal<\/td>\n<td colspan=\"2\">Grupo de tensi\u00f3n (kV)<\/td>\n<td rowspan=\"2\">M\u00e9todo de conexi\u00f3n<\/td>\n<td><\/td>\n<td>\u00a0(120\u00baC)<\/td>\n<td>Corriente en vac\u00edo<\/td>\n<td><\/td>\n<td rowspan=\"2\"><\/td>\n<td rowspan=\"2\"><\/td>\n<td>(L)<\/td>\n<td>(W)<\/td>\n<td>(H)<\/td>\n<td>(L)<\/td>\n<td>(W)<\/td>\n<td>(H)<\/td>\n<\/tr>\n<tr>\n<td>(kVA)<\/td>\n<td>HV<\/td>\n<td>LV<\/td>\n<td>Sin carga<\/td>\n<td>Carga<\/td>\n<td>%<\/td>\n<td><\/td>\n<td colspan=\"3\"><\/td>\n<td><\/td>\n<td><\/td>\n<td><\/td>\n<\/tr>\n<tr>\n<td>10<\/td>\n<td><\/td>\n<td rowspan=\"24\">0.4<\/td>\n<td rowspan=\"24\">Dyn11 Yyn0<\/td>\n<td>0.121<\/td>\n<td>0.29<\/td>\n<td>3.8<\/td>\n<td rowspan=\"15\">4<\/td>\n<td rowspan=\"24\">F\/F<\/td>\n<td>130<\/td>\n<td>600<\/td>\n<td>450<\/td>\n<td>490<\/td>\n<td>900<\/td>\n<td>800<\/td>\n<td>850<\/td>\n<\/tr>\n<tr>\n<td>20<\/td>\n<td><\/td>\n<td>0.153<\/td>\n<td>0.565<\/td>\n<td>3.3<\/td>\n<td>170<\/td>\n<td>600<\/td>\n<td>450<\/td>\n<td>560<\/td>\n<td>900<\/td>\n<td>800<\/td>\n<td>850<\/td>\n<\/tr>\n<tr>\n<td>30<\/td>\n<td><\/td>\n<td>0.176<\/td>\n<td>0.67<\/td>\n<td>2.5<\/td>\n<td>330<\/td>\n<td>620<\/td>\n<td>450<\/td>\n<td>650<\/td>\n<td>1050<\/td>\n<td>900<\/td>\n<td>1000<\/td>\n<\/tr>\n<tr>\n<td>50<\/td>\n<td><\/td>\n<td>0.243<\/td>\n<td>0.896<\/td>\n<td>2<\/td>\n<td>380<\/td>\n<td>620<\/td>\n<td>450<\/td>\n<td>750<\/td>\n<td>1050<\/td>\n<td>900<\/td>\n<td>1000<\/td>\n<\/tr>\n<tr>\n<td>63<\/td>\n<td><\/td>\n<td>0.314<\/td>\n<td>1.15<\/td>\n<td>2<\/td>\n<td>440<\/td>\n<td>750<\/td>\n<td>500<\/td>\n<td>760<\/td>\n<td>1050<\/td>\n<td>1000<\/td>\n<td>1150<\/td>\n<\/tr>\n<tr>\n<td>80<\/td>\n<td><\/td>\n<td>0.333<\/td>\n<td>1.311<\/td>\n<td>2<\/td>\n<td>510<\/td>\n<td>750<\/td>\n<td>500<\/td>\n<td>760<\/td>\n<td>1100<\/td>\n<td>1000<\/td>\n<td>1150<\/td>\n<\/tr>\n<tr>\n<td>100<\/td>\n<td><\/td>\n<td>0.36<\/td>\n<td>1.492<\/td>\n<td>1.9<\/td>\n<td>590<\/td>\n<td>750<\/td>\n<td>500<\/td>\n<td>890<\/td>\n<td>1150<\/td>\n<td>1100<\/td>\n<td>1250<\/td>\n<\/tr>\n<tr>\n<td>125<\/td>\n<td>11<\/td>\n<td>0.423<\/td>\n<td>1.758<\/td>\n<td>1.7<\/td>\n<td>650<\/td>\n<td>1060<\/td>\n<td>600<\/td>\n<td>1020<\/td>\n<td>1350<\/td>\n<td>1050<\/td>\n<td>1200<\/td>\n<\/tr>\n<tr>\n<td>160<\/td>\n<td>10.5<\/td>\n<td>0.491<\/td>\n<td>2.023<\/td>\n<td>1.7<\/td>\n<td>780<\/td>\n<td>1060<\/td>\n<td>600<\/td>\n<td>1060<\/td>\n<td>1400<\/td>\n<td>1050<\/td>\n<td>1250<\/td>\n<\/tr>\n<tr>\n<td>200<\/td>\n<td>10<\/td>\n<td>0.563<\/td>\n<td>2.403<\/td>\n<td>1.5<\/td>\n<td>930<\/td>\n<td>1060<\/td>\n<td>710<\/td>\n<td>1120<\/td>\n<td>1450<\/td>\n<td>1100<\/td>\n<td>1350<\/td>\n<\/tr>\n<tr>\n<td>250<\/td>\n<td>6.3<\/td>\n<td>0.648<\/td>\n<td>2.622<\/td>\n<td>1.5<\/td>\n<td>1040<\/td>\n<td>1100<\/td>\n<td>710<\/td>\n<td>1140<\/td>\n<td>1500<\/td>\n<td>1150<\/td>\n<td>1400<\/td>\n<\/tr>\n<tr>\n<td>315<\/td>\n<td>6<\/td>\n<td>0.792<\/td>\n<td>3.297<\/td>\n<td>1.3<\/td>\n<td>1180<\/td>\n<td>1150<\/td>\n<td>710<\/td>\n<td>1195<\/td>\n<td>1500<\/td>\n<td>1200<\/td>\n<td>1450<\/td>\n<\/tr>\n<tr>\n<td>400<\/td>\n<td><\/td>\n<td>0.878<\/td>\n<td>3.791<\/td>\n<td>1.3<\/td>\n<td>1450<\/td>\n<td>1260<\/td>\n<td>870<\/td>\n<td>1285<\/td>\n<td>1600<\/td>\n<td>1250<\/td>\n<td>1600<\/td>\n<\/tr>\n<tr>\n<td>500<\/td>\n<td><\/td>\n<td>1.044<\/td>\n<td>4.636<\/td>\n<td>1.3<\/td>\n<td>1630<\/td>\n<td>1290<\/td>\n<td>870<\/td>\n<td>1355<\/td>\n<td>1600<\/td>\n<td>1300<\/td>\n<td>1650<\/td>\n<\/tr>\n<tr>\n<td>630<\/td>\n<td><\/td>\n<td>1.211<\/td>\n<td>5.577<\/td>\n<td>1.1<\/td>\n<td>1900<\/td>\n<td>1450<\/td>\n<td>870<\/td>\n<td>1420<\/td>\n<td>1800<\/td>\n<td>1300<\/td>\n<td>1700<\/td>\n<\/tr>\n<tr>\n<td>630<\/td>\n<td><\/td>\n<td>1.117<\/td>\n<td>5.662<\/td>\n<td>1.1<\/td>\n<td rowspan=\"7\">6<\/td>\n<td>1900<\/td>\n<td>1500<\/td>\n<td>870<\/td>\n<td>1370<\/td>\n<td>1850<\/td>\n<td>1300<\/td>\n<td>1650<\/td>\n<\/tr>\n<tr>\n<td>800<\/td>\n<td><\/td>\n<td>1.444<\/td>\n<td>6.607<\/td>\n<td>1.1<\/td>\n<td>2290<\/td>\n<td>1550<\/td>\n<td>870<\/td>\n<td>1570<\/td>\n<td>1900<\/td>\n<td>1300<\/td>\n<td>1800<\/td>\n<\/tr>\n<tr>\n<td>1000<\/td>\n<td><\/td>\n<td>1.593<\/td>\n<td>7.724<\/td>\n<td>1<\/td>\n<td>2700<\/td>\n<td>1600<\/td>\n<td>870<\/td>\n<td>1665<\/td>\n<td>1950<\/td>\n<td>1300<\/td>\n<td>1950<\/td>\n<\/tr>\n<tr>\n<td>1250<\/td>\n<td><\/td>\n<td>1.881<\/td>\n<td>9.206<\/td>\n<td>1<\/td>\n<td>3130<\/td>\n<td>1680<\/td>\n<td>1120<\/td>\n<td>1765<\/td>\n<td>2050<\/td>\n<td>1350<\/td>\n<td>2000<\/td>\n<\/tr>\n<tr>\n<td>1600<\/td>\n<td><\/td>\n<td>2.205<\/td>\n<td>11.14<\/td>\n<td>1<\/td>\n<td>3740<\/td>\n<td>1750<\/td>\n<td>1120<\/td>\n<td>1860<\/td>\n<td>2100<\/td>\n<td>1400<\/td>\n<td>2100<\/td>\n<\/tr>\n<tr>\n<td>2000<\/td>\n<td><\/td>\n<td>2.988<\/td>\n<td>13.73<\/td>\n<td>0.9<\/td>\n<td>4150<\/td>\n<td>1770<\/td>\n<td>1120<\/td>\n<td>1865<\/td>\n<td>2150<\/td>\n<td>1500<\/td>\n<td>2100<\/td>\n<\/tr>\n<tr>\n<td>2500<\/td>\n<td><\/td>\n<td>3.6<\/td>\n<td>16.31<\/td>\n<td>0.8<\/td>\n<td>4810<\/td>\n<td>1870<\/td>\n<td>1120<\/td>\n<td>1950<\/td>\n<td>2200<\/td>\n<td>1500<\/td>\n<td>2200<\/td>\n<\/tr>\n<tr>\n<td>3150<\/td>\n<td><\/td>\n<td>4.626<\/td>\n<td>21.38<\/td>\n<td>0.7<\/td>\n<td rowspan=\"2\">8<\/td>\n<td>5800<\/td>\n<td>1950<\/td>\n<td>1120<\/td>\n<td>1900<\/td>\n<td>2350<\/td>\n<td>1600<\/td>\n<td>2250<\/td>\n<\/tr>\n<tr>\n<td>4000<\/td>\n<td><\/td>\n<td>5.364<\/td>\n<td>25.65<\/td>\n<td>0.7<\/td>\n<td>7100<\/td>\n<td>2100<\/td>\n<td>1120<\/td>\n<td>2050<\/td>\n<td>2400<\/td>\n<td>1600<\/td>\n<td>2300<\/td>\n<\/tr>\n<tr>\n<td colspan=\"15\">(Nota): (Rango de toma de alta tensi\u00f3n) \u00b15%; \u00b12\u00d72,5%, Frecuencia: 50Hz.<\/td>\n<td><\/td>\n<\/tr>\n<\/tbody>\n<\/table>\n<h2>Aplicaci\u00f3n vers\u00e1til:<\/h2>\n<p>Comercial: Hoteles, aeropuertos, rascacielos, centros comerciales.<br \/>\nIndustriales: Centrales el\u00e9ctricas, fundiciones, plataformas marinas, metros.<br \/>\nInfraestructuras cr\u00edticas: Hospitales, centros de datos, complejos residenciales.<\/p>\n<h2>Aspectos t\u00e9cnicos destacados:<\/h2>\n<p><strong>Estructura del n\u00facleo:<\/strong><\/p>\n<p>Material: Acero al silicio laminado en fr\u00edo importado con juntas totalmente inclinadas de tres pasos.<br \/>\nDise\u00f1o: Las correas de uni\u00f3n no retr\u00e1ctiles de clase F reducen la p\u00e9rdida sin carga (&lt;0,5 W\/kg) y el ruido del n\u00facleo.<br \/>\nTratamiento de la superficie: Revestimiento anticorrosi\u00f3n en las fijaciones para garantizar la estabilidad operativa a largo plazo.<\/p>\n<p><strong>Bobinados:<\/strong><\/p>\n<p>Bobinado de alta tensi\u00f3n: Aislamiento de resina epoxi fundida al vac\u00edo con refuerzo de fibra de vidrio para mayor resistencia mec\u00e1nica.<br \/>\nBobinado de baja tensi\u00f3n: Estructura de bobinado de l\u00e1mina de cobre con conductos de refrigeraci\u00f3n axiales para una disipaci\u00f3n uniforme del calor, y aislamiento intercalar preimpregnado de epoxi DMD.<br \/>\nDescarga parcial: &lt;5pC.<\/p>\n<h2>Proceso de producci\u00f3n:<\/h2>\n<p>Bobinado de precisi\u00f3n: Las m\u00e1quinas CNC de alta precisi\u00f3n garantizan la consistencia de la bobina.<br \/>\nColado al vac\u00edo: Garantiza un aislamiento sin huecos al eliminar las burbujas de aire.<br \/>\nCurado y pruebas: Protocolos de solidificaci\u00f3n personalizados conformes con las normas GB\/T 10228-2015.<\/p>\n<h2>Cumplimiento y normas:<\/h2>\n<p>Certificaciones: GB\/T 10228-2015, GB 6450-1986, JB\/T 10088-2016, GB 4208-2017.<\/p>\n<p>Clasificaci\u00f3n medioambiental: Protecci\u00f3n IP54, que ofrece resistencia al polvo y la humedad.<\/p>\n<h2>\u00bfPor qu\u00e9 elegirnos?<\/h2>\n<p>Soluciones a medida: Proporcionamos dise\u00f1os a medida para satisfacer requisitos espec\u00edficos de voltaje, refrigeraci\u00f3n y control.<br \/>\nExperiencia global: Rendimiento probado en climas extremos e instalaciones de alta densidad.<br \/>\nEntrega r\u00e1pida: Con una capacidad de m\u00e1s de 10.000 unidades al mes, garantizamos la entrega puntual sin comprometer la calidad.<\/p>\n<h2>FAQ<\/h2>\n<p>P1: \u00bfCu\u00e1l es la ventaja de utilizar un transformador de resina de moldeo frente a un transformador relleno de aceite?<br \/>\nR: Los transformadores de resina de moldeo son m\u00e1s ecol\u00f3gicos y seguros que los de aceite. No necesitan aceite, lo que reduce el riesgo de incendios o fugas. Adem\u00e1s, tienen una resistencia superior a las condiciones ambientales adversas y no necesitan mantenimiento.<\/p>\n<p>P2: \u00bfCu\u00e1l es la vida \u00fatil del transformador seco de resina de moldeo de la serie SC(B)10?<br \/>\nR: Con una instalaci\u00f3n adecuada y un mantenimiento m\u00ednimo, el transformador de la serie SC(B)10 tiene una larga vida \u00fatil, que a menudo supera los 30 a\u00f1os.<\/p>\n<p>P4: \u00bfEl transformador es apto para su uso en exteriores?<br \/>\nR: S\u00ed, la serie SC(B)10 est\u00e1 dise\u00f1ada para aplicaciones de interior y exterior, con una clasificaci\u00f3n IP54 de resistencia al polvo y la humedad.<\/p>\n<p>P5: \u00bfC\u00f3mo se controla el transformador?<br \/>\nR: El transformador viene con un controlador t\u00e9rmico integrado para el control de la temperatura y una interfaz RS485 para la conectividad remota y el control en tiempo real.<\/p>","protected":false},"excerpt":{"rendered":"<p>El transformador seco de resina de moldeo de la serie SC(B)11 utiliza tecnolog\u00eda internacional avanzada y ofrece una alternativa ecol\u00f3gica de alto rendimiento a las necesidades actuales de distribuci\u00f3n de energ\u00eda. Los devanados sellados con epoxi con propiedades ign\u00edfugas est\u00e1n dise\u00f1ados para lograr la m\u00e1xima seguridad, eficiencia y versatilidad excepcional frente a condiciones adversas.<\/p>\n<p>Precio FOB: US $0.5 - 9,999 \/ Pieza<br \/>\nM\u00edn. Order: 1 Pieza<br \/>\nCapacidad de suministro: 10.000 piezas\/mes<\/p>","protected":false},"featured_media":21725,"template":"","meta":[],"product_brand":[],"product_cat":[35,33],"product_tag":[],"class_list":{"0":"post-21723","1":"product","2":"type-product","3":"status-publish","4":"has-post-thumbnail","6":"product_cat-dry-transformer","7":"product_cat-power-transformer","9":"first","10":"instock","11":"downloadable","12":"taxable","13":"shipping-taxable","14":"product-type-simple"},"yoast_head":"<!-- This site is optimized with the Yoast SEO plugin v25.0 - https:\/\/yoast.com\/wordpress\/plugins\/seo\/ -->\n<title>SCB11 11KV 3 Phase Dry-Type Cast-Resin Distribution Transformer - PINE-ZHENGXI<\/title>\n<meta name=\"robots\" content=\"index, follow, max-snippet:-1, max-image-preview:large, max-video-preview:-1\" \/>\n<link rel=\"canonical\" href=\"https:\/\/www.tronkiele.com\/es\/product\/11kv-3-phase-dry-type-cast-resin-distribution-transformer\/\" \/>\n<meta property=\"og:locale\" content=\"es_ES\" \/>\n<meta property=\"og:type\" content=\"article\" \/>\n<meta property=\"og:title\" content=\"SCB11 11KV 3 Phase Dry-Type Cast-Resin Distribution Transformer - PINE-ZHENGXI\" \/>\n<meta property=\"og:description\" content=\"SC(B)11 Series Cast-Resin Dry-Type Transformer uses advanced international technology and offers a green, high-performance alternative to existing power distribution needs. Epoxy-sealed windings with flame-retardant properties are engineered to attain maximum safety, efficiency, and exceptional versatility against tough conditions.  FOB Price: US $0.5 - 9,999 \/ Piece Min. Order: 1 Pieces Supply Capacity: 10,000 Pieces\/Month\" \/>\n<meta property=\"og:url\" content=\"https:\/\/www.tronkiele.com\/es\/product\/11kv-3-phase-dry-type-cast-resin-distribution-transformer\/\" \/>\n<meta property=\"og:site_name\" content=\"PINE-ZHENGXI\" \/>\n<meta property=\"article:modified_time\" content=\"2025-05-02T10:53:27+00:00\" \/>\n<meta property=\"og:image\" content=\"https:\/\/www.tronkiele.com\/wp-content\/uploads\/2025\/05\/3-Phase-Dry-Type-Cast-Resin-Distribution-Transformer.webp\" \/>\n\t<meta property=\"og:image:width\" content=\"800\" \/>\n\t<meta property=\"og:image:height\" content=\"800\" \/>\n\t<meta property=\"og:image:type\" content=\"image\/webp\" \/>\n<meta name=\"twitter:card\" content=\"summary_large_image\" \/>\n<meta name=\"twitter:label1\" content=\"Tiempo de lectura\" \/>\n\t<meta name=\"twitter:data1\" content=\"4 minutos\" \/>\n<script type=\"application\/ld+json\" class=\"yoast-schema-graph\">{\"@context\":\"https:\/\/schema.org\",\"@graph\":[{\"@type\":\"WebPage\",\"@id\":\"https:\/\/www.tronkiele.com\/product\/11kv-3-phase-dry-type-cast-resin-distribution-transformer\/\",\"url\":\"https:\/\/www.tronkiele.com\/product\/11kv-3-phase-dry-type-cast-resin-distribution-transformer\/\",\"name\":\"SCB11 11KV 3 Phase Dry-Type Cast-Resin Distribution Transformer - PINE-ZHENGXI\",\"isPartOf\":{\"@id\":\"https:\/\/www.tronkiele.com\/#website\"},\"primaryImageOfPage\":{\"@id\":\"https:\/\/www.tronkiele.com\/product\/11kv-3-phase-dry-type-cast-resin-distribution-transformer\/#primaryimage\"},\"image\":{\"@id\":\"https:\/\/www.tronkiele.com\/product\/11kv-3-phase-dry-type-cast-resin-distribution-transformer\/#primaryimage\"},\"thumbnailUrl\":\"https:\/\/www.tronkiele.com\/wp-content\/uploads\/2025\/05\/3-Phase-Dry-Type-Cast-Resin-Distribution-Transformer.webp\",\"datePublished\":\"2025-05-02T10:51:19+00:00\",\"dateModified\":\"2025-05-02T10:53:27+00:00\",\"breadcrumb\":{\"@id\":\"https:\/\/www.tronkiele.com\/product\/11kv-3-phase-dry-type-cast-resin-distribution-transformer\/#breadcrumb\"},\"inLanguage\":\"es\",\"potentialAction\":[{\"@type\":\"ReadAction\",\"target\":[\"https:\/\/www.tronkiele.com\/product\/11kv-3-phase-dry-type-cast-resin-distribution-transformer\/\"]}]},{\"@type\":\"ImageObject\",\"inLanguage\":\"es\",\"@id\":\"https:\/\/www.tronkiele.com\/product\/11kv-3-phase-dry-type-cast-resin-distribution-transformer\/#primaryimage\",\"url\":\"https:\/\/www.tronkiele.com\/wp-content\/uploads\/2025\/05\/3-Phase-Dry-Type-Cast-Resin-Distribution-Transformer.webp\",\"contentUrl\":\"https:\/\/www.tronkiele.com\/wp-content\/uploads\/2025\/05\/3-Phase-Dry-Type-Cast-Resin-Distribution-Transformer.webp\",\"width\":800,\"height\":800,\"caption\":\"3 Phase Dry-Type Cast-Resin Distribution Transformer\"},{\"@type\":\"BreadcrumbList\",\"@id\":\"https:\/\/www.tronkiele.com\/product\/11kv-3-phase-dry-type-cast-resin-distribution-transformer\/#breadcrumb\",\"itemListElement\":[{\"@type\":\"ListItem\",\"position\":1,\"name\":\"Home\",\"item\":\"https:\/\/www.tronkiele.com\/\"},{\"@type\":\"ListItem\",\"position\":2,\"name\":\"Products\",\"item\":\"https:\/\/www.tronkiele.com\/shop\/\"},{\"@type\":\"ListItem\",\"position\":3,\"name\":\"SCB11 11KV 3 Phase Dry-Type Cast-Resin Distribution Transformer\"}]},{\"@type\":\"WebSite\",\"@id\":\"https:\/\/www.tronkiele.com\/#website\",\"url\":\"https:\/\/www.tronkiele.com\/\",\"name\":\"PINE-ZHENGXI\",\"description\":\"\",\"publisher\":{\"@id\":\"https:\/\/www.tronkiele.com\/#organization\"},\"potentialAction\":[{\"@type\":\"SearchAction\",\"target\":{\"@type\":\"EntryPoint\",\"urlTemplate\":\"https:\/\/www.tronkiele.com\/?s={search_term_string}\"},\"query-input\":{\"@type\":\"PropertyValueSpecification\",\"valueRequired\":true,\"valueName\":\"search_term_string\"}}],\"inLanguage\":\"es\"},{\"@type\":\"Organization\",\"@id\":\"https:\/\/www.tronkiele.com\/#organization\",\"name\":\"PINE-ZHENGXI\",\"url\":\"https:\/\/www.tronkiele.com\/\",\"logo\":{\"@type\":\"ImageObject\",\"inLanguage\":\"es\",\"@id\":\"https:\/\/www.tronkiele.com\/#\/schema\/logo\/image\/\",\"url\":\"https:\/\/www.tronkiele.com\/wp-content\/uploads\/2024\/11\/cropped-tronki.webp\",\"contentUrl\":\"https:\/\/www.tronkiele.com\/wp-content\/uploads\/2024\/11\/cropped-tronki.webp\",\"width\":512,\"height\":512,\"caption\":\"PINE-ZHENGXI\"},\"image\":{\"@id\":\"https:\/\/www.tronkiele.com\/#\/schema\/logo\/image\/\"}}]}<\/script>\n<!-- \/ Yoast SEO plugin. -->","yoast_head_json":{"title":"Transformador de distribuci\u00f3n trif\u00e1sico de resina de moldeo en seco SCB11 11KV - PINE-ZHENGXI","robots":{"index":"index","follow":"follow","max-snippet":"max-snippet:-1","max-image-preview":"max-image-preview:large","max-video-preview":"max-video-preview:-1"},"canonical":"https:\/\/www.tronkiele.com\/es\/product\/11kv-3-phase-dry-type-cast-resin-distribution-transformer\/","og_locale":"es_ES","og_type":"article","og_title":"SCB11 11KV 3 Phase Dry-Type Cast-Resin Distribution Transformer - PINE-ZHENGXI","og_description":"SC(B)11 Series Cast-Resin Dry-Type Transformer uses advanced international technology and offers a green, high-performance alternative to existing power distribution needs. Epoxy-sealed windings with flame-retardant properties are engineered to attain maximum safety, efficiency, and exceptional versatility against tough conditions.  FOB Price: US $0.5 - 9,999 \/ Piece Min. Order: 1 Pieces Supply Capacity: 10,000 Pieces\/Month","og_url":"https:\/\/www.tronkiele.com\/es\/product\/11kv-3-phase-dry-type-cast-resin-distribution-transformer\/","og_site_name":"PINE-ZHENGXI","article_modified_time":"2025-05-02T10:53:27+00:00","og_image":[{"width":800,"height":800,"url":"https:\/\/www.tronkiele.com\/wp-content\/uploads\/2025\/05\/3-Phase-Dry-Type-Cast-Resin-Distribution-Transformer.webp","type":"image\/webp"}],"twitter_card":"summary_large_image","twitter_misc":{"Tiempo de lectura":"4 minutos"},"schema":{"@context":"https:\/\/schema.org","@graph":[{"@type":"WebPage","@id":"https:\/\/www.tronkiele.com\/product\/11kv-3-phase-dry-type-cast-resin-distribution-transformer\/","url":"https:\/\/www.tronkiele.com\/product\/11kv-3-phase-dry-type-cast-resin-distribution-transformer\/","name":"Transformador de distribuci\u00f3n trif\u00e1sico de resina de moldeo en seco SCB11 11KV - PINE-ZHENGXI","isPartOf":{"@id":"https:\/\/www.tronkiele.com\/#website"},"primaryImageOfPage":{"@id":"https:\/\/www.tronkiele.com\/product\/11kv-3-phase-dry-type-cast-resin-distribution-transformer\/#primaryimage"},"image":{"@id":"https:\/\/www.tronkiele.com\/product\/11kv-3-phase-dry-type-cast-resin-distribution-transformer\/#primaryimage"},"thumbnailUrl":"https:\/\/www.tronkiele.com\/wp-content\/uploads\/2025\/05\/3-Phase-Dry-Type-Cast-Resin-Distribution-Transformer.webp","datePublished":"2025-05-02T10:51:19+00:00","dateModified":"2025-05-02T10:53:27+00:00","breadcrumb":{"@id":"https:\/\/www.tronkiele.com\/product\/11kv-3-phase-dry-type-cast-resin-distribution-transformer\/#breadcrumb"},"inLanguage":"es","potentialAction":[{"@type":"ReadAction","target":["https:\/\/www.tronkiele.com\/product\/11kv-3-phase-dry-type-cast-resin-distribution-transformer\/"]}]},{"@type":"ImageObject","inLanguage":"es","@id":"https:\/\/www.tronkiele.com\/product\/11kv-3-phase-dry-type-cast-resin-distribution-transformer\/#primaryimage","url":"https:\/\/www.tronkiele.com\/wp-content\/uploads\/2025\/05\/3-Phase-Dry-Type-Cast-Resin-Distribution-Transformer.webp","contentUrl":"https:\/\/www.tronkiele.com\/wp-content\/uploads\/2025\/05\/3-Phase-Dry-Type-Cast-Resin-Distribution-Transformer.webp","width":800,"height":800,"caption":"3 Phase Dry-Type Cast-Resin Distribution Transformer"},{"@type":"BreadcrumbList","@id":"https:\/\/www.tronkiele.com\/product\/11kv-3-phase-dry-type-cast-resin-distribution-transformer\/#breadcrumb","itemListElement":[{"@type":"ListItem","position":1,"name":"Home","item":"https:\/\/www.tronkiele.com\/"},{"@type":"ListItem","position":2,"name":"Products","item":"https:\/\/www.tronkiele.com\/shop\/"},{"@type":"ListItem","position":3,"name":"SCB11 11KV 3 Phase Dry-Type Cast-Resin Distribution Transformer"}]},{"@type":"WebSite","@id":"https:\/\/www.tronkiele.com\/#website","url":"https:\/\/www.tronkiele.com\/","name":"PINO-ZHENGXI","description":"","publisher":{"@id":"https:\/\/www.tronkiele.com\/#organization"},"potentialAction":[{"@type":"SearchAction","target":{"@type":"EntryPoint","urlTemplate":"https:\/\/www.tronkiele.com\/?s={search_term_string}"},"query-input":{"@type":"PropertyValueSpecification","valueRequired":true,"valueName":"search_term_string"}}],"inLanguage":"es"},{"@type":"Organization","@id":"https:\/\/www.tronkiele.com\/#organization","name":"PINO-ZHENGXI","url":"https:\/\/www.tronkiele.com\/","logo":{"@type":"ImageObject","inLanguage":"es","@id":"https:\/\/www.tronkiele.com\/#\/schema\/logo\/image\/","url":"https:\/\/www.tronkiele.com\/wp-content\/uploads\/2024\/11\/cropped-tronki.webp","contentUrl":"https:\/\/www.tronkiele.com\/wp-content\/uploads\/2024\/11\/cropped-tronki.webp","width":512,"height":512,"caption":"PINE-ZHENGXI"},"image":{"@id":"https:\/\/www.tronkiele.com\/#\/schema\/logo\/image\/"}}]}},"_links":{"self":[{"href":"https:\/\/www.tronkiele.com\/es\/wp-json\/wp\/v2\/product\/21723","targetHints":{"allow":["GET"]}}],"collection":[{"href":"https:\/\/www.tronkiele.com\/es\/wp-json\/wp\/v2\/product"}],"about":[{"href":"https:\/\/www.tronkiele.com\/es\/wp-json\/wp\/v2\/types\/product"}],"version-history":[{"count":3,"href":"https:\/\/www.tronkiele.com\/es\/wp-json\/wp\/v2\/product\/21723\/revisions"}],"predecessor-version":[{"id":21727,"href":"https:\/\/www.tronkiele.com\/es\/wp-json\/wp\/v2\/product\/21723\/revisions\/21727"}],"wp:featuredmedia":[{"embeddable":true,"href":"https:\/\/www.tronkiele.com\/es\/wp-json\/wp\/v2\/media\/21725"}],"wp:attachment":[{"href":"https:\/\/www.tronkiele.com\/es\/wp-json\/wp\/v2\/media?parent=21723"}],"wp:term":[{"taxonomy":"product_brand","embeddable":true,"href":"https:\/\/www.tronkiele.com\/es\/wp-json\/wp\/v2\/product_brand?post=21723"},{"taxonomy":"product_cat","embeddable":true,"href":"https:\/\/www.tronkiele.com\/es\/wp-json\/wp\/v2\/product_cat?post=21723"},{"taxonomy":"product_tag","embeddable":true,"href":"https:\/\/www.tronkiele.com\/es\/wp-json\/wp\/v2\/product_tag?post=21723"}],"curies":[{"name":"wp","href":"https:\/\/api.w.org\/{rel}","templated":true}]}}