{"id":21729,"date":"2025-05-02T11:16:25","date_gmt":"2025-05-02T11:16:25","guid":{"rendered":"https:\/\/www.tronkiele.com\/?post_type=product&#038;p=21729"},"modified":"2025-05-02T13:08:04","modified_gmt":"2025-05-02T13:08:04","slug":"33kv-35kv-dry-type-epoxy-resin-distribution-power-transformer","status":"publish","type":"product","link":"https:\/\/www.tronkiele.com\/es\/product\/33kv-35kv-dry-type-epoxy-resin-distribution-power-transformer\/","title":{"rendered":"Transformador de potencia de distribuci\u00f3n de resina epoxi de tipo seco 33kv 35kv"},"content":{"rendered":"<p>El transformador de resina epoxi de tipo seco de 33 kV\/35 kV de la serie SC(B)10 est\u00e1 dise\u00f1ado para la distribuci\u00f3n de energ\u00eda de alta tensi\u00f3n en aplicaciones dif\u00edciles. Sus bobinados aislados con resina epoxi retardante de llama y su avanzado sistema de refrigeraci\u00f3n hacen del transformador un medio de trabajo seguro, fiable y respetuoso con el medio ambiente para aplicaciones industriales, comerciales y de infraestructuras cr\u00edticas.<\/p>\n<h2>Ventajas del producto:<\/h2>\n<p><strong>Seguridad y longevidad<\/strong><\/p>\n<p>Ign\u00edfugo (Clase F): Propiedades de autoextinci\u00f3n garantizadas por el encapsulado de resina epoxi, lo que proporciona una mayor seguridad contra incendios.<\/p>\n<p>Construcci\u00f3n a prueba de explosiones: El m\u00e1s adecuado para condiciones peligrosas como plataformas marinas y plantas qu\u00edmicas.<\/p>\n<p>Mantenimiento cero: El dise\u00f1o resistente a la contaminaci\u00f3n evita la corrosi\u00f3n, asegurando la longevidad y eliminando la necesidad de mantenimiento regular.<br \/>\nAlta eficiencia y bajas p\u00e9rdidas<\/p>\n<p>Descarga parcial ultrabaja: Conseguido mediante fundici\u00f3n de precisi\u00f3n al vac\u00edo y fibra de vidrio reforzada, garantizando menos de 5pC de descarga parcial.<\/p>\n<p>Reducci\u00f3n del ruido: Funcionamiento silencioso (&lt;60dB), gracias a la uni\u00f3n del n\u00facleo de grado F y a la optimizaci\u00f3n del flujo de aire.<br \/>\nCapacidad de sobrecarga: Acomoda la sobrecarga continua 40% con refrigeraci\u00f3n por aire forzado (AF) para una mayor flexibilidad y fiabilidad.<br \/>\nSupervisi\u00f3n y control inteligentes<\/p>\n<p>Protecci\u00f3n t\u00e9rmica integrada: Incluye apagado autom\u00e1tico, alarmas de fallo y registro de datos de \"caja negra\" para monitorizar continuamente.<br \/>\nGesti\u00f3n remota: Con interfaz RS485, que permite la monitorizaci\u00f3n en tiempo real a trav\u00e9s de sistemas SCADA para garantizar una gesti\u00f3n eficiente de la operaci\u00f3n.<br \/>\nCompacto y vers\u00e1til<\/p>\n<p>Dise\u00f1o compacto: El m\u00e1s apropiado para subestaciones en zonas urbanas, rascacielos y ubicaciones subterr\u00e1neas.<\/p>\n<h2><strong>Par\u00e1metros t\u00e9cnicos:<\/strong><\/h2>\n<table>\n<tbody>\n<tr>\n<td rowspan=\"2\">Capacidad nominal<br \/>\n(kVA)<\/td>\n<td colspan=\"3\">Tensi\u00f3n nominal (KV)<\/td>\n<td rowspan=\"2\">Grupo Vector<\/td>\n<td rowspan=\"2\">Impedancia de cortocircuito<br \/>\n(%)<\/td>\n<td colspan=\"2\">P\u00e9rdidas (kW)<\/td>\n<td rowspan=\"2\">\u00a0Corriente en vac\u00edo<br \/>\n(%)<\/td>\n<td rowspan=\"2\">Peso (kg)<\/td>\n<td rowspan=\"2\">Contorno Dimensi\u00f3n<br \/>\n(L\u00d7A\u00d7H,mm)<\/td>\n<td rowspan=\"2\">Dimensi\u00f3n de la caja<br \/>\n(L\u00d7A\u00d7H,mm)<\/td>\n<\/tr>\n<tr>\n<td>Alta tensi\u00f3n (KV)<\/td>\n<td>Gama de tomas de alta tensi\u00f3n<\/td>\n<td>Baja tensi\u00f3n (KV)<\/td>\n<td>P\u00e9rdidas en vac\u00edo<\/td>\n<td>P\u00e9rdidas de carga<\/td>\n<\/tr>\n<tr>\n<td>30<\/td>\n<td rowspan=\"19\">6KV 6,3KV<br \/>\n6,6KV 10KV 11KV 13,8KV<\/td>\n<td rowspan=\"19\">\u00a0\u00b15%<br \/>\n\u00b12\u00d7 2,5%<\/td>\n<td rowspan=\"19\">0.4<\/td>\n<td rowspan=\"12\">\u00a0Din11<br \/>\nYyn0<\/td>\n<td rowspan=\"12\">4<\/td>\n<td>0.195<\/td>\n<td>0.71<\/td>\n<td>2.5<\/td>\n<td>340<\/td>\n<td>780\u00d7450\u00d7790<\/td>\n<td>900\u00d7900\u00d71080<\/td>\n<\/tr>\n<tr>\n<td>50<\/td>\n<td>0.275<\/td>\n<td>0.95<\/td>\n<td>2.2<\/td>\n<td>430<\/td>\n<td>840\u00d7450\u00d7855<\/td>\n<td>1000\u00d7900\u00d71150<\/td>\n<\/tr>\n<tr>\n<td>80<\/td>\n<td>0.375<\/td>\n<td>1.385<\/td>\n<td>2.1<\/td>\n<td>560<\/td>\n<td>\u00a0900\u00d7600\u00d7885<\/td>\n<td>1060\u00d71000\u00d71180<\/td>\n<\/tr>\n<tr>\n<td>100<\/td>\n<td>0.405<\/td>\n<td>1.58<\/td>\n<td>1.9<\/td>\n<td>720<\/td>\n<td>920\u00d7600\u00d7900<\/td>\n<td>1080\u00d71000\u00d71200<\/td>\n<\/tr>\n<tr>\n<td>125<\/td>\n<td>0.475<\/td>\n<td>1.895<\/td>\n<td>1.8<\/td>\n<td>830<\/td>\n<td>980\u00d7600\u00d7960<\/td>\n<td>1140\u00d71000\u00d71260<\/td>\n<\/tr>\n<tr>\n<td>160<\/td>\n<td>0.55<\/td>\n<td>2.14<\/td>\n<td>1.8<\/td>\n<td>940<\/td>\n<td>\u00a01040\u00d7710\u00d71000<\/td>\n<td>1240\u00d71050\u00d71300<\/td>\n<\/tr>\n<tr>\n<td>200<\/td>\n<td>0.63<\/td>\n<td>2.54<\/td>\n<td>1.6<\/td>\n<td>1250<\/td>\n<td>1070\u00d7710\u00d71200<\/td>\n<td>1270\u00d71050\u00d71450<\/td>\n<\/tr>\n<tr>\n<td>250<\/td>\n<td>0.73<\/td>\n<td>2.77<\/td>\n<td>1.5<\/td>\n<td>1450<\/td>\n<td>\u00a01140\u00d7710\u00d71245<\/td>\n<td>1340\u00d71050\u00d71550<\/td>\n<\/tr>\n<tr>\n<td>315<\/td>\n<td>0.89<\/td>\n<td>3.485<\/td>\n<td>1.4<\/td>\n<td>1600<\/td>\n<td>1180\u00d7710\u00d71300<\/td>\n<td>1360\u00d71050\u00d71600<\/td>\n<\/tr>\n<tr>\n<td>400<\/td>\n<td>0.99<\/td>\n<td>4.01<\/td>\n<td>1.4<\/td>\n<td>1980<\/td>\n<td>1380\u00d7960\u00d71425<\/td>\n<td>1540\u00d71150\u00d71720<\/td>\n<\/tr>\n<tr>\n<td>500<\/td>\n<td>1.175<\/td>\n<td>4.91<\/td>\n<td>1.3<\/td>\n<td>2300<\/td>\n<td>1400\u00d7960\u00d71515<\/td>\n<td>\u00a01570\u00d71150\u00d71810<\/td>\n<\/tr>\n<tr>\n<td>630<\/td>\n<td>1.36<\/td>\n<td>5.91<\/td>\n<td>1.3<\/td>\n<td>2570<\/td>\n<td>1440\u00d7960\u00d71595<\/td>\n<td>\u00a01610\u00d71150\u00d71900<\/td>\n<\/tr>\n<tr>\n<td>630<\/td>\n<td rowspan=\"7\">Din11<br \/>\nYyn0<\/td>\n<td rowspan=\"7\">6<\/td>\n<td>1.315<\/td>\n<td>5.995<\/td>\n<td>1.2<\/td>\n<td>2550<\/td>\n<td>1500\u00d7960\u00d71405<\/td>\n<td>1660\u00d71150\u00d71700<\/td>\n<\/tr>\n<tr>\n<td>800<\/td>\n<td>1.54<\/td>\n<td>6.99<\/td>\n<td>1.2<\/td>\n<td>2810<\/td>\n<td>1560\u00d7960\u00d71575<\/td>\n<td>1680\u00d71150\u00d71870<\/td>\n<\/tr>\n<tr>\n<td>1000<\/td>\n<td>1.79<\/td>\n<td>8.17<\/td>\n<td>1.1<\/td>\n<td>3210<\/td>\n<td>\u00a01640\u00d7960\u00d71685<\/td>\n<td>1750\u00d71200\u00d71980<\/td>\n<\/tr>\n<tr>\n<td>1250<\/td>\n<td>2.115<\/td>\n<td>9.75<\/td>\n<td>1.1<\/td>\n<td>3400<\/td>\n<td>1700\u00d71255\u00d71815<\/td>\n<td>1850\u00d71400\u00d72120<\/td>\n<\/tr>\n<tr>\n<td>1600<\/td>\n<td>2.48<\/td>\n<td>11.8<\/td>\n<td>1<\/td>\n<td>4150<\/td>\n<td>1800\u00d71255\u00d71980<\/td>\n<td>1920\u00d71400\u00d72280<\/td>\n<\/tr>\n<tr>\n<td>2000<\/td>\n<td>3.36<\/td>\n<td>14.535<\/td>\n<td>0.9<\/td>\n<td>5600<\/td>\n<td>940\u00d71255\u00d72110<\/td>\n<td>2050\u00d71450\u00d72420<\/td>\n<\/tr>\n<tr>\n<td>2500<\/td>\n<td>4.05<\/td>\n<td>17.27<\/td>\n<td>0.8<\/td>\n<td>6300<\/td>\n<td>2060\u00d71255\u00d72350<\/td>\n<td>\u00a02170\u00d71450\u00d72750<\/td>\n<\/tr>\n<\/tbody>\n<\/table>\n<h2>Detalles del producto<\/h2>\n<p><img fetchpriority=\"high\" decoding=\"async\" class=\"alignnone wp-image-21732 size-full\" src=\"https:\/\/www.tronkiele.com\/wp-content\/uploads\/2025\/05\/Dry-Type-Epoxy-Resin-Distribution-Power-Transformer.webp\" alt=\"Transformador de potencia de distribuci\u00f3n de resina epoxi de tipo seco\" width=\"1060\" height=\"1478\" srcset=\"https:\/\/www.tronkiele.com\/wp-content\/uploads\/2025\/05\/Dry-Type-Epoxy-Resin-Distribution-Power-Transformer.webp 1060w, https:\/\/www.tronkiele.com\/wp-content\/uploads\/2025\/05\/Dry-Type-Epoxy-Resin-Distribution-Power-Transformer-215x300.webp 215w, https:\/\/www.tronkiele.com\/wp-content\/uploads\/2025\/05\/Dry-Type-Epoxy-Resin-Distribution-Power-Transformer-574x800.webp 574w, https:\/\/www.tronkiele.com\/wp-content\/uploads\/2025\/05\/Dry-Type-Epoxy-Resin-Distribution-Power-Transformer-768x1071.webp 768w, https:\/\/www.tronkiele.com\/wp-content\/uploads\/2025\/05\/Dry-Type-Epoxy-Resin-Distribution-Power-Transformer-9x12.webp 9w, https:\/\/www.tronkiele.com\/wp-content\/uploads\/2025\/05\/Dry-Type-Epoxy-Resin-Distribution-Power-Transformer-430x600.webp 430w, https:\/\/www.tronkiele.com\/wp-content\/uploads\/2025\/05\/Dry-Type-Epoxy-Resin-Distribution-Power-Transformer-700x976.webp 700w, https:\/\/www.tronkiele.com\/wp-content\/uploads\/2025\/05\/Dry-Type-Epoxy-Resin-Distribution-Power-Transformer-150x209.webp 150w\" sizes=\"(max-width: 1060px) 100vw, 1060px\" \/><\/p>\n<h2>Amplias aplicaciones:<\/h2>\n<p>Industriales: Centrales el\u00e9ctricas, acer\u00edas, refiner\u00edas de petr\u00f3leo<br \/>\nInfraestructuras urbanas: Metro, aeropuertos, hospitales<br \/>\nEnerg\u00edas renovables: Parques e\u00f3licos, centrales solares<\/p>\n<h2>Excelencia en dise\u00f1o y fabricaci\u00f3n<\/h2>\n<p><strong>Construcci\u00f3n del n\u00facleo:<\/strong><\/p>\n<p>Material: Acero al silicio laminado en fr\u00edo importado con juntas inclinadas de tres pasos para mejorar el rendimiento.<br \/>\nReducci\u00f3n de p\u00e9rdidas: La p\u00e9rdida en vac\u00edo es &lt;0,8W\/kg, con una corriente en vac\u00edo &lt;1,2% para un desperdicio m\u00ednimo de energ\u00eda.<br \/>\nTratamiento de la superficie: El revestimiento anticorrosi\u00f3n de las fijaciones garantiza una vida \u00fatil prolongada y fiabilidad.<\/p>\n<p><strong>Bobinados:<\/strong><\/p>\n<p>Bobinado de alta tensi\u00f3n: Resina epoxi fundida al vac\u00edo con refuerzo de fibra de vidrio que garantiza su durabilidad.<br \/>\nBobinado de baja tensi\u00f3n: Estructura de bobinado de l\u00e1mina de cobre para una distribuci\u00f3n uniforme de la corriente, con conductos de refrigeraci\u00f3n axiales para una disipaci\u00f3n eficaz del calor.<br \/>\nDescarga parcial: Se mantiene por debajo de 5pC para garantizar la longevidad del transformador.<br \/>\nResistencia mec\u00e1nica: Sometido a pruebas de resistencia a cortocircuitos de 250 kN para una resistencia superior.<\/p>\n<h2>Proceso de producci\u00f3n:<\/h2>\n<p>Bobinado CNC de precisi\u00f3n: Garantiza una precisi\u00f3n de \u00b10,1 mm en la bobina para un rendimiento constante y fiable.<\/p>\n<p>Impregnaci\u00f3n al vac\u00edo: Se eliminan las burbujas de aire para conseguir un aislamiento sin huecos, lo que garantiza un mejor rendimiento y durabilidad.<\/p>\n<p>Curado y pruebas: los ciclos t\u00e9rmicos de 24 horas y las rigurosas pruebas garantizan que el transformador cumple la norma IEC 60076-11.<\/p>\n<h2>FAQ<\/h2>\n<p>Q1: <strong>\u00bfCu\u00e1l es el precio de un transformador de resina epoxi de 33 kV?<\/strong><br \/>\nR: El precio depende de factores como la capacidad (kVA), la personalizaci\u00f3n (por ejemplo, opciones de toma, m\u00e9todo de refrigeraci\u00f3n) y el volumen del pedido. P\u00f3ngase en contacto con nosotros directamente para obtener un presupuesto personalizado.<\/p>\n<p>Q2: <strong>\u00bfEs adecuado este transformador para entornos costeros?<\/strong><br \/>\nR: S\u00ed, el encapsulado de resina epoxi, junto con la clasificaci\u00f3n IP54, proporciona una excelente resistencia a la niebla salina, la humedad y el polvo, por lo que es ideal para entornos costeros y dif\u00edciles.<\/p>\n<p>Q3: <strong>\u00bfPuede funcionar el transformador a plena carga de forma continua?<\/strong><br \/>\nR: S\u00ed, con refrigeraci\u00f3n natural (AN), el transformador puede soportar una carga continua de 100%. La refrigeraci\u00f3n por aire forzado (AF) permite una capacidad de sobrecarga de 40%, lo que mejora la flexibilidad operativa.<\/p>\n<p>Q4: <strong>\u00bfQu\u00e9 certificaciones tiene este transformador?<\/strong><br \/>\nR: Este product cumple las normas GB\/T 10228-2015, GB 6450-1986 y las normas internacionales equivalentes a IEC 60076, lo que garantiza una alta calidad y aceptabilidad global.<\/p>\n<p>Q5: <strong>\u00bfCu\u00e1l es el plazo de entrega habitual de estos transformadores?<\/strong><br \/>\nR: Las unidades est\u00e1ndar suelen enviarse en un plazo de 4 a 6 semanas. Las unidades dise\u00f1adas a medida pueden tardar entre 8 y 10 semanas en entregarse, en funci\u00f3n de las especificaciones.<\/p>\n<p>Q6: <strong>\u00bfOfrecen asistencia posventa?<\/strong><br \/>\nR: S\u00ed, proporcionamos un completo servicio posventa, que incluye asistencia t\u00e9cnica 24 horas al d\u00eda, 7 d\u00edas a la semana, un a\u00f1o de garant\u00eda y orientaci\u00f3n para el mantenimiento de por vida, a fin de garantizar un rendimiento \u00f3ptimo durante toda la vida \u00fatil del transformador.<\/p>\n<h2>\u00bfPor qu\u00e9 elegirnos?<\/h2>\n<p>Experiencia global: M\u00e1s de 15 a\u00f1os de experiencia en soluciones para redes el\u00e9ctricas, al servicio de m\u00e1s de 50 pa\u00edses.<\/p>\n<p>Soluciones a medida: Ofrecemos dise\u00f1os a medida, relaciones de tensi\u00f3n, carcasas y sistemas de supervisi\u00f3n para satisfacer necesidades espec\u00edficas.<\/p>\n<p>Entrega r\u00e1pida: Con una capacidad anual de m\u00e1s de 10.000 unidades, garantizamos una entrega r\u00e1pida sin comprometer la calidad, respaldada por nuestros procesos de control de calidad con certificaci\u00f3n ISO\u3001CE.<\/p>","protected":false},"excerpt":{"rendered":"<p>Alta tensi\u00f3n nominal: 33 kV\/35 kV (personalizable: 30-38,5 kV)<br \/>\nBaja tensi\u00f3n nominal: 0,4 kV<br \/>\nFrecuencia: 50 Hz<br \/>\nCumplimiento de normas: GB\/T 10228-2015, GB 6450-1986, JB\/T 10088-2016, GB 4208-2017<br \/>\nPrecio FOB: Precio competitivo en funci\u00f3n de la capacidad y la personalizaci\u00f3n (Contacto para presupuesto)<\/p>","protected":false},"featured_media":21731,"template":"","meta":[],"product_brand":[],"product_cat":[35,33],"product_tag":[],"class_list":{"0":"post-21729","1":"product","2":"type-product","3":"status-publish","4":"has-post-thumbnail","6":"product_cat-dry-transformer","7":"product_cat-power-transformer","9":"first","10":"instock","11":"taxable","12":"shipping-taxable","13":"product-type-simple"},"yoast_head":"<!-- This site is optimized with the Yoast SEO plugin v25.0 - https:\/\/yoast.com\/wordpress\/plugins\/seo\/ -->\n<title>33kv 35kv Dry Type Epoxy Resin Distribution Power Transformer - PINE-ZHENGXI<\/title>\n<meta name=\"robots\" content=\"index, follow, max-snippet:-1, max-image-preview:large, max-video-preview:-1\" \/>\n<link rel=\"canonical\" href=\"https:\/\/www.tronkiele.com\/es\/product\/33kv-35kv-dry-type-epoxy-resin-distribution-power-transformer\/\" \/>\n<meta property=\"og:locale\" content=\"es_ES\" \/>\n<meta property=\"og:type\" content=\"article\" \/>\n<meta property=\"og:title\" content=\"33kv 35kv Dry Type Epoxy Resin Distribution Power Transformer - PINE-ZHENGXI\" \/>\n<meta property=\"og:description\" content=\"Rated High Voltage: 33kV\/35kV (Customizable: 30\u201338.5kV) Rated Low Voltage: 0.4kV Frequency: 50Hz Standards Compliance: GB\/T 10228-2015, GB 6450-1986, JB\/T 10088-2016, GB 4208-2017 FOB Price: Competitive pricing based on capacity and customization (Contact for Quote)\" \/>\n<meta property=\"og:url\" content=\"https:\/\/www.tronkiele.com\/es\/product\/33kv-35kv-dry-type-epoxy-resin-distribution-power-transformer\/\" \/>\n<meta property=\"og:site_name\" content=\"PINE-ZHENGXI\" \/>\n<meta property=\"article:modified_time\" content=\"2025-05-02T13:08:04+00:00\" \/>\n<meta property=\"og:image\" content=\"https:\/\/www.tronkiele.com\/wp-content\/uploads\/2025\/05\/33kv-35kv-Dry-Type-Epoxy-Resin-Distribution-Power-Transformer.webp\" \/>\n\t<meta property=\"og:image:width\" content=\"800\" \/>\n\t<meta property=\"og:image:height\" content=\"800\" \/>\n\t<meta property=\"og:image:type\" content=\"image\/webp\" \/>\n<meta name=\"twitter:card\" content=\"summary_large_image\" \/>\n<meta name=\"twitter:label1\" content=\"Tiempo de lectura\" \/>\n\t<meta name=\"twitter:data1\" content=\"4 minutos\" \/>\n<script type=\"application\/ld+json\" class=\"yoast-schema-graph\">{\"@context\":\"https:\/\/schema.org\",\"@graph\":[{\"@type\":\"WebPage\",\"@id\":\"https:\/\/www.tronkiele.com\/product\/33kv-35kv-dry-type-epoxy-resin-distribution-power-transformer\/\",\"url\":\"https:\/\/www.tronkiele.com\/product\/33kv-35kv-dry-type-epoxy-resin-distribution-power-transformer\/\",\"name\":\"33kv 35kv Dry Type Epoxy Resin Distribution Power Transformer - PINE-ZHENGXI\",\"isPartOf\":{\"@id\":\"https:\/\/www.tronkiele.com\/#website\"},\"primaryImageOfPage\":{\"@id\":\"https:\/\/www.tronkiele.com\/product\/33kv-35kv-dry-type-epoxy-resin-distribution-power-transformer\/#primaryimage\"},\"image\":{\"@id\":\"https:\/\/www.tronkiele.com\/product\/33kv-35kv-dry-type-epoxy-resin-distribution-power-transformer\/#primaryimage\"},\"thumbnailUrl\":\"https:\/\/www.tronkiele.com\/wp-content\/uploads\/2025\/05\/33kv-35kv-Dry-Type-Epoxy-Resin-Distribution-Power-Transformer.webp\",\"datePublished\":\"2025-05-02T11:16:25+00:00\",\"dateModified\":\"2025-05-02T13:08:04+00:00\",\"breadcrumb\":{\"@id\":\"https:\/\/www.tronkiele.com\/product\/33kv-35kv-dry-type-epoxy-resin-distribution-power-transformer\/#breadcrumb\"},\"inLanguage\":\"es\",\"potentialAction\":[{\"@type\":\"ReadAction\",\"target\":[\"https:\/\/www.tronkiele.com\/product\/33kv-35kv-dry-type-epoxy-resin-distribution-power-transformer\/\"]}]},{\"@type\":\"ImageObject\",\"inLanguage\":\"es\",\"@id\":\"https:\/\/www.tronkiele.com\/product\/33kv-35kv-dry-type-epoxy-resin-distribution-power-transformer\/#primaryimage\",\"url\":\"https:\/\/www.tronkiele.com\/wp-content\/uploads\/2025\/05\/33kv-35kv-Dry-Type-Epoxy-Resin-Distribution-Power-Transformer.webp\",\"contentUrl\":\"https:\/\/www.tronkiele.com\/wp-content\/uploads\/2025\/05\/33kv-35kv-Dry-Type-Epoxy-Resin-Distribution-Power-Transformer.webp\",\"width\":800,\"height\":800,\"caption\":\"33kv 35kv Dry Type Epoxy Resin Distribution Power Transformer\"},{\"@type\":\"BreadcrumbList\",\"@id\":\"https:\/\/www.tronkiele.com\/product\/33kv-35kv-dry-type-epoxy-resin-distribution-power-transformer\/#breadcrumb\",\"itemListElement\":[{\"@type\":\"ListItem\",\"position\":1,\"name\":\"Home\",\"item\":\"https:\/\/www.tronkiele.com\/\"},{\"@type\":\"ListItem\",\"position\":2,\"name\":\"Products\",\"item\":\"https:\/\/www.tronkiele.com\/shop\/\"},{\"@type\":\"ListItem\",\"position\":3,\"name\":\"33kv 35kv Dry Type Epoxy Resin Distribution Power Transformer\"}]},{\"@type\":\"WebSite\",\"@id\":\"https:\/\/www.tronkiele.com\/#website\",\"url\":\"https:\/\/www.tronkiele.com\/\",\"name\":\"PINE-ZHENGXI\",\"description\":\"\",\"publisher\":{\"@id\":\"https:\/\/www.tronkiele.com\/#organization\"},\"potentialAction\":[{\"@type\":\"SearchAction\",\"target\":{\"@type\":\"EntryPoint\",\"urlTemplate\":\"https:\/\/www.tronkiele.com\/?s={search_term_string}\"},\"query-input\":{\"@type\":\"PropertyValueSpecification\",\"valueRequired\":true,\"valueName\":\"search_term_string\"}}],\"inLanguage\":\"es\"},{\"@type\":\"Organization\",\"@id\":\"https:\/\/www.tronkiele.com\/#organization\",\"name\":\"PINE-ZHENGXI\",\"url\":\"https:\/\/www.tronkiele.com\/\",\"logo\":{\"@type\":\"ImageObject\",\"inLanguage\":\"es\",\"@id\":\"https:\/\/www.tronkiele.com\/#\/schema\/logo\/image\/\",\"url\":\"https:\/\/www.tronkiele.com\/wp-content\/uploads\/2024\/11\/cropped-tronki.webp\",\"contentUrl\":\"https:\/\/www.tronkiele.com\/wp-content\/uploads\/2024\/11\/cropped-tronki.webp\",\"width\":512,\"height\":512,\"caption\":\"PINE-ZHENGXI\"},\"image\":{\"@id\":\"https:\/\/www.tronkiele.com\/#\/schema\/logo\/image\/\"}}]}<\/script>\n<!-- \/ Yoast SEO plugin. -->","yoast_head_json":{"title":"Transformador de potencia de distribuci\u00f3n de resina epoxi 33kv 35kv tipo seco - PINE-ZHENGXI","robots":{"index":"index","follow":"follow","max-snippet":"max-snippet:-1","max-image-preview":"max-image-preview:large","max-video-preview":"max-video-preview:-1"},"canonical":"https:\/\/www.tronkiele.com\/es\/product\/33kv-35kv-dry-type-epoxy-resin-distribution-power-transformer\/","og_locale":"es_ES","og_type":"article","og_title":"33kv 35kv Dry Type Epoxy Resin Distribution Power Transformer - PINE-ZHENGXI","og_description":"Rated High Voltage: 33kV\/35kV (Customizable: 30\u201338.5kV) Rated Low Voltage: 0.4kV Frequency: 50Hz Standards Compliance: GB\/T 10228-2015, GB 6450-1986, JB\/T 10088-2016, GB 4208-2017 FOB Price: Competitive pricing based on capacity and customization (Contact for Quote)","og_url":"https:\/\/www.tronkiele.com\/es\/product\/33kv-35kv-dry-type-epoxy-resin-distribution-power-transformer\/","og_site_name":"PINE-ZHENGXI","article_modified_time":"2025-05-02T13:08:04+00:00","og_image":[{"width":800,"height":800,"url":"https:\/\/www.tronkiele.com\/wp-content\/uploads\/2025\/05\/33kv-35kv-Dry-Type-Epoxy-Resin-Distribution-Power-Transformer.webp","type":"image\/webp"}],"twitter_card":"summary_large_image","twitter_misc":{"Tiempo de lectura":"4 minutos"},"schema":{"@context":"https:\/\/schema.org","@graph":[{"@type":"WebPage","@id":"https:\/\/www.tronkiele.com\/product\/33kv-35kv-dry-type-epoxy-resin-distribution-power-transformer\/","url":"https:\/\/www.tronkiele.com\/product\/33kv-35kv-dry-type-epoxy-resin-distribution-power-transformer\/","name":"Transformador de potencia de distribuci\u00f3n de resina epoxi 33kv 35kv tipo seco - PINE-ZHENGXI","isPartOf":{"@id":"https:\/\/www.tronkiele.com\/#website"},"primaryImageOfPage":{"@id":"https:\/\/www.tronkiele.com\/product\/33kv-35kv-dry-type-epoxy-resin-distribution-power-transformer\/#primaryimage"},"image":{"@id":"https:\/\/www.tronkiele.com\/product\/33kv-35kv-dry-type-epoxy-resin-distribution-power-transformer\/#primaryimage"},"thumbnailUrl":"https:\/\/www.tronkiele.com\/wp-content\/uploads\/2025\/05\/33kv-35kv-Dry-Type-Epoxy-Resin-Distribution-Power-Transformer.webp","datePublished":"2025-05-02T11:16:25+00:00","dateModified":"2025-05-02T13:08:04+00:00","breadcrumb":{"@id":"https:\/\/www.tronkiele.com\/product\/33kv-35kv-dry-type-epoxy-resin-distribution-power-transformer\/#breadcrumb"},"inLanguage":"es","potentialAction":[{"@type":"ReadAction","target":["https:\/\/www.tronkiele.com\/product\/33kv-35kv-dry-type-epoxy-resin-distribution-power-transformer\/"]}]},{"@type":"ImageObject","inLanguage":"es","@id":"https:\/\/www.tronkiele.com\/product\/33kv-35kv-dry-type-epoxy-resin-distribution-power-transformer\/#primaryimage","url":"https:\/\/www.tronkiele.com\/wp-content\/uploads\/2025\/05\/33kv-35kv-Dry-Type-Epoxy-Resin-Distribution-Power-Transformer.webp","contentUrl":"https:\/\/www.tronkiele.com\/wp-content\/uploads\/2025\/05\/33kv-35kv-Dry-Type-Epoxy-Resin-Distribution-Power-Transformer.webp","width":800,"height":800,"caption":"33kv 35kv Dry Type Epoxy Resin Distribution Power Transformer"},{"@type":"BreadcrumbList","@id":"https:\/\/www.tronkiele.com\/product\/33kv-35kv-dry-type-epoxy-resin-distribution-power-transformer\/#breadcrumb","itemListElement":[{"@type":"ListItem","position":1,"name":"Home","item":"https:\/\/www.tronkiele.com\/"},{"@type":"ListItem","position":2,"name":"Products","item":"https:\/\/www.tronkiele.com\/shop\/"},{"@type":"ListItem","position":3,"name":"33kv 35kv Dry Type Epoxy Resin Distribution Power Transformer"}]},{"@type":"WebSite","@id":"https:\/\/www.tronkiele.com\/#website","url":"https:\/\/www.tronkiele.com\/","name":"PINO-ZHENGXI","description":"","publisher":{"@id":"https:\/\/www.tronkiele.com\/#organization"},"potentialAction":[{"@type":"SearchAction","target":{"@type":"EntryPoint","urlTemplate":"https:\/\/www.tronkiele.com\/?s={search_term_string}"},"query-input":{"@type":"PropertyValueSpecification","valueRequired":true,"valueName":"search_term_string"}}],"inLanguage":"es"},{"@type":"Organization","@id":"https:\/\/www.tronkiele.com\/#organization","name":"PINO-ZHENGXI","url":"https:\/\/www.tronkiele.com\/","logo":{"@type":"ImageObject","inLanguage":"es","@id":"https:\/\/www.tronkiele.com\/#\/schema\/logo\/image\/","url":"https:\/\/www.tronkiele.com\/wp-content\/uploads\/2024\/11\/cropped-tronki.webp","contentUrl":"https:\/\/www.tronkiele.com\/wp-content\/uploads\/2024\/11\/cropped-tronki.webp","width":512,"height":512,"caption":"PINE-ZHENGXI"},"image":{"@id":"https:\/\/www.tronkiele.com\/#\/schema\/logo\/image\/"}}]}},"_links":{"self":[{"href":"https:\/\/www.tronkiele.com\/es\/wp-json\/wp\/v2\/product\/21729","targetHints":{"allow":["GET"]}}],"collection":[{"href":"https:\/\/www.tronkiele.com\/es\/wp-json\/wp\/v2\/product"}],"about":[{"href":"https:\/\/www.tronkiele.com\/es\/wp-json\/wp\/v2\/types\/product"}],"version-history":[{"count":3,"href":"https:\/\/www.tronkiele.com\/es\/wp-json\/wp\/v2\/product\/21729\/revisions"}],"predecessor-version":[{"id":21735,"href":"https:\/\/www.tronkiele.com\/es\/wp-json\/wp\/v2\/product\/21729\/revisions\/21735"}],"wp:featuredmedia":[{"embeddable":true,"href":"https:\/\/www.tronkiele.com\/es\/wp-json\/wp\/v2\/media\/21731"}],"wp:attachment":[{"href":"https:\/\/www.tronkiele.com\/es\/wp-json\/wp\/v2\/media?parent=21729"}],"wp:term":[{"taxonomy":"product_brand","embeddable":true,"href":"https:\/\/www.tronkiele.com\/es\/wp-json\/wp\/v2\/product_brand?post=21729"},{"taxonomy":"product_cat","embeddable":true,"href":"https:\/\/www.tronkiele.com\/es\/wp-json\/wp\/v2\/product_cat?post=21729"},{"taxonomy":"product_tag","embeddable":true,"href":"https:\/\/www.tronkiele.com\/es\/wp-json\/wp\/v2\/product_tag?post=21729"}],"curies":[{"name":"wp","href":"https:\/\/api.w.org\/{rel}","templated":true}]}}