{"id":21914,"date":"2025-09-19T05:37:57","date_gmt":"2025-09-19T05:37:57","guid":{"rendered":"https:\/\/www.tronkiele.com\/?post_type=product&#038;p=21914"},"modified":"2025-09-19T05:38:15","modified_gmt":"2025-09-19T05:38:15","slug":"25kva-single-phase-pole-mounted-distribution-transformer","status":"publish","type":"product","link":"https:\/\/www.tronkiele.com\/es\/product\/25kva-single-phase-pole-mounted-distribution-transformer\/","title":{"rendered":"Transformador de distribuci\u00f3n monof\u00e1sico montado en poste de 25kva 13.2KV a 240V"},"content":{"rendered":"<h2>Por qu\u00e9 los operadores eligen transformadores monof\u00e1sicos montados en poste<\/h2>\n<ul>\n<li>Menor coste: como se montan en postes, no hacen falta plataformas de hormig\u00f3n ni largas l\u00edneas de baja tensi\u00f3n, lo que ahorra en obras y uso del suelo.<\/li>\n<li>Menos p\u00e9rdidas de energ\u00eda: colocar el transformador m\u00e1s cerca de donde se necesita la energ\u00eda acorta la l\u00ednea de BT, lo que a menudo reduce las p\u00e9rdidas en 40-60% en comparaci\u00f3n con los sistemas centralizados.<\/li>\n<li>Compactas y f\u00e1ciles de mantener: su peque\u00f1o tama\u00f1o y su dise\u00f1o sencillo facilitan la inspecci\u00f3n y el mantenimiento.<\/li>\n<li>Opciones flexibles: pueden utilizar aceites minerales o ecol\u00f3gicos, y distintos tipos de casquillos (porcelana o pol\u00edmero) para adaptarse a diversas necesidades.<\/li>\n<li>Debido a estas ventajas, un transformador monof\u00e1sico de 25kVA funciona especialmente bien para l\u00edneas rurales, zonas de peque\u00f1as empresas, alumbrado p\u00fablico y estaciones de bombeo agr\u00edcolas.<\/li>\n<\/ul>\n<h2>Informaci\u00f3n detallada<\/h2>\n<table style=\"border-collapse: collapse; width: 683.27pt;\" border=\"0\" width=\"911\" cellspacing=\"0\" cellpadding=\"0\">\n<tbody>\n<tr style=\"height: 24.00pt;\">\n<td class=\"et2\" style=\"height: 24.00pt; width: 121.50pt;\" width=\"162\" height=\"32\">Lugar de origen:<\/td>\n<td style=\"width: 221.25pt;\" width=\"295\">CHINA<\/td>\n<td class=\"et2\" style=\"width: 170.25pt;\" width=\"227\">Tensi\u00f3n primaria:<\/td>\n<td style=\"width: 170.25pt;\" width=\"227\">13200GrdY\/7620<\/td>\n<\/tr>\n<tr style=\"height: 24.00pt;\">\n<td class=\"et2\" style=\"height: 24.00pt;\" height=\"32\">Certificaci\u00f3n:<\/td>\n<td>CE,ISO<\/td>\n<td class=\"et2\">Tensi\u00f3n secundaria:<\/td>\n<td>120\/240V (L-N-L)<\/td>\n<\/tr>\n<tr style=\"height: 24.00pt;\">\n<td class=\"et2\" style=\"height: 24.00pt;\" height=\"32\">Tipo de transformador:<\/td>\n<td>Montaje en poste<\/td>\n<td class=\"et2\">Fase:<\/td>\n<td>Monof\u00e1sico<\/td>\n<\/tr>\n<tr style=\"height: 24.00pt;\">\n<td class=\"et2\" style=\"height: 24.00pt;\" height=\"32\">Capacidad:<\/td>\n<td>25 KVA o a medida<\/td>\n<td class=\"et2\">Material de bobinado:<\/td>\n<td>Cobre<\/td>\n<\/tr>\n<tr style=\"height: 24.00pt;\">\n<td class=\"et2\" style=\"height: 24.00pt;\" height=\"32\">M\u00e9todo de refrigeraci\u00f3n:<\/td>\n<td>ONAN\/KNAN<\/td>\n<td class=\"et2\">Capacidad de suministro:<\/td>\n<td>1000 unidades\/mes<\/td>\n<\/tr>\n<tr style=\"height: 24.00pt;\">\n<td class=\"et2\" style=\"height: 24.00pt;\" height=\"32\">Aumento de temperatura:<\/td>\n<td>65\u00b0C<\/td>\n<td><\/td>\n<td><\/td>\n<\/tr>\n<tr style=\"height: 24.00pt;\">\n<td class=\"et2\" style=\"height: 24.00pt;\" height=\"32\">Destaca:<\/td>\n<td class=\"et3\" colspan=\"3\">Transformador de distribuci\u00f3n montado en poste, Transformador de distribuci\u00f3n montado en poste 25kva, Transformador monof\u00e1sico 13.2KV<br \/>\nDescripci\u00f3n del producto<\/td>\n<\/tr>\n<\/tbody>\n<\/table>\n<h2><strong>Datos principales<\/strong><\/h2>\n<table border=\"1\" width=\"599\" cellspacing=\"0\" cellpadding=\"0\">\n<colgroup>\n<col width=\"261\" \/>\n<col width=\"338\" \/><\/colgroup>\n<tbody>\n<tr>\n<td class=\"et2\" width=\"261\" height=\"48\">Tipo de transformador<\/td>\n<td class=\"et2\" width=\"338\">Transformador a\u00e9reo de distribuci\u00f3n, tipo convencional<\/td>\n<\/tr>\n<tr>\n<td class=\"et2\" width=\"261\" height=\"24\">Configuraci\u00f3n del transformador<\/td>\n<td class=\"et2\" width=\"338\">Llenado de l\u00edquido Montaje en poste<\/td>\n<\/tr>\n<tr>\n<td class=\"et2\" width=\"261\" height=\"24\">Tipo de polaridad del transformador<\/td>\n<td class=\"et2\" width=\"338\">Sustractivo<\/td>\n<\/tr>\n<tr>\n<td class=\"et2\" width=\"261\" height=\"24\">Fase<\/td>\n<td class=\"et2\" width=\"338\">Monof\u00e1sico<\/td>\n<\/tr>\n<tr>\n<td class=\"et2\" width=\"261\" height=\"24\">Capacidad<\/td>\n<td class=\"et2\" width=\"338\">25 KVA<\/td>\n<\/tr>\n<tr>\n<td class=\"et2\" width=\"261\" height=\"24\">Tensi\u00f3n primaria<\/td>\n<td class=\"et2\" width=\"338\">13200GrdY\/7620<\/td>\n<\/tr>\n<tr>\n<td class=\"et2\" width=\"261\" height=\"24\">Clase de tensi\u00f3n primaria<\/td>\n<td class=\"et2\" width=\"338\">Clase 15 kV<\/td>\n<\/tr>\n<tr>\n<td class=\"et2\" width=\"261\" height=\"24\">BIL primario<\/td>\n<td class=\"et2\" width=\"338\">95 kV<\/td>\n<\/tr>\n<tr>\n<td class=\"et2\" width=\"261\" height=\"24\">Tensi\u00f3n secundaria<\/td>\n<td class=\"et2\" width=\"338\">120\/240V (L-N-L)<\/td>\n<\/tr>\n<tr>\n<td class=\"et2\" width=\"261\" height=\"24\">BIL secundario<\/td>\n<td class=\"et2\" width=\"338\">30 KV<\/td>\n<\/tr>\n<tr>\n<td class=\"et2\" width=\"261\" height=\"24\">Frecuencia<\/td>\n<td class=\"et2\" width=\"338\">60 Hz<\/td>\n<\/tr>\n<tr>\n<td class=\"et2\" width=\"261\" height=\"24\">Aumento de temperatura<\/td>\n<td class=\"et2\" width=\"338\">65\u00b0C<\/td>\n<\/tr>\n<tr>\n<td class=\"et2\" width=\"261\" height=\"24\">Capacidad de aislamiento<\/td>\n<td class=\"et2\" width=\"338\">Aislamiento Clase E - 120\u00b0C, 248\u00b0F<\/td>\n<\/tr>\n<tr>\n<td class=\"et2\" width=\"261\" height=\"24\">Clase de refrigeraci\u00f3n<\/td>\n<td class=\"et2\" width=\"338\">ONAN; Autoenfriado<\/td>\n<\/tr>\n<tr>\n<td class=\"et2\" width=\"261\" height=\"48\">Cambiador de grifos<\/td>\n<td class=\"et2\" width=\"338\">Cambiador de tomas de 5 posiciones con mando externo<\/td>\n<\/tr>\n<tr>\n<td class=\"et2\" width=\"261\" height=\"24\">Cantidad de grifos<\/td>\n<td class=\"et2\" width=\"338\">(2) FCAN Arriba, (2) FCBN Abajo<\/td>\n<\/tr>\n<tr>\n<td class=\"et2\" width=\"261\" height=\"24\">Grifo %<\/td>\n<td class=\"et2\" width=\"338\">2.5%<\/td>\n<\/tr>\n<tr>\n<td class=\"et2\" width=\"261\" height=\"48\">Ubicaci\u00f3n del interruptor del cambiador de tomas<\/td>\n<td class=\"et2\" width=\"338\">Centro del cuerpo del dep\u00f3sito, a la izquierda de los dispositivos de montaje<\/td>\n<\/tr>\n<tr>\n<td class=\"et2\" width=\"261\" height=\"24\">Impedancia<\/td>\n<td class=\"et2\" width=\"338\">2,5% T\u00edpico<\/td>\n<\/tr>\n<tr>\n<td class=\"et2\" width=\"261\" height=\"24\">Peso del fluido*<\/td>\n<td class=\"et2\" width=\"338\">99,21 lb<\/td>\n<\/tr>\n<tr>\n<td class=\"et2\" width=\"261\" height=\"24\">Material de bobinado<\/td>\n<td class=\"et2\" width=\"338\">Cobre<\/td>\n<\/tr>\n<tr>\n<td class=\"et2\" width=\"261\" height=\"24\">Temperatura ambiente<\/td>\n<td class=\"et2\" width=\"338\">40\u00b0C<\/td>\n<\/tr>\n<tr>\n<td class=\"et2\" width=\"261\" height=\"24\">Nivel sonoro<\/td>\n<td class=\"et2\" width=\"338\">48 dBA<\/td>\n<\/tr>\n<tr>\n<td class=\"et2\" width=\"261\" height=\"24\">Dimensiones<\/td>\n<td class=\"et2\" width=\"338\">21,65\"-An x 24,8\"-F x 40,16\"-Al<\/td>\n<\/tr>\n<tr>\n<td class=\"et2\" width=\"261\" height=\"24\">Peso Total (L\u00edquido Llenado)*<\/td>\n<td class=\"et2\" width=\"338\">470 libras<\/td>\n<\/tr>\n<\/tbody>\n<\/table>\n<h2><strong>Especificaciones<\/strong><\/h2>\n<table border=\"1\" width=\"866\" cellspacing=\"0\" cellpadding=\"0\">\n<colgroup>\n<col span=\"5\" width=\"120\" \/>\n<col width=\"146\" \/>\n<col width=\"120\" \/><\/colgroup>\n<tbody>\n<tr>\n<td class=\"et3\" colspan=\"7\" width=\"866\" height=\"24\">10kva-500kva Transformador monof\u00e1sico sumergido en aceite<\/td>\n<\/tr>\n<tr>\n<td class=\"et4\" rowspan=\"2\" width=\"120\" height=\"49\">Capacidad nominal (kVA)<\/td>\n<td class=\"et4\" width=\"120\">Alta<\/td>\n<td class=\"et4\" rowspan=\"2\" width=\"120\">Baja tensi\u00f3n(v)<\/td>\n<td class=\"et4\" rowspan=\"2\" width=\"120\">S\u00edmbolo de conexi\u00f3n<\/td>\n<td class=\"et4\" rowspan=\"2\" width=\"120\">Est\u00e1ndar<\/td>\n<td class=\"et4\" rowspan=\"2\" width=\"146\">Impedancia de cortocircuito(%)<\/td>\n<td class=\"et4\" width=\"120\">Eficacia<\/td>\n<\/tr>\n<tr>\n<td class=\"et4\" width=\"120\">Tensi\u00f3n(v)<\/td>\n<td class=\"et5\" width=\"120\"><span class=\"font0\">(<\/span><span class=\"font3\">%<\/span><span class=\"font0\">)<\/span><\/td>\n<\/tr>\n<tr>\n<td class=\"et4\" width=\"120\" height=\"24\">10<\/td>\n<td class=\"et6\" rowspan=\"11\" width=\"120\">4160<br \/>\n7200<br \/>\n12000<br \/>\n12470<br \/>\n13200<br \/>\n13800<br \/>\n19920<br \/>\n24940<br \/>\n34500<\/td>\n<td class=\"et6\" rowspan=\"11\" width=\"120\">110<br \/>\n220<br \/>\n230<br \/>\n400<br \/>\n480<\/td>\n<td class=\"et4\" rowspan=\"11\" width=\"120\">II0,II6<\/td>\n<td class=\"et4\" rowspan=\"11\" width=\"120\">IEEE\/ANSI\/ DOE<\/td>\n<td class=\"et4\" rowspan=\"11\" width=\"146\">1.8-4%<\/td>\n<td class=\"et4\" width=\"120\">98.7<\/td>\n<\/tr>\n<tr>\n<td class=\"et4\" width=\"120\" height=\"24\">15<\/td>\n<td class=\"et4\" width=\"120\">98.82<\/td>\n<\/tr>\n<tr>\n<td class=\"et4\" width=\"120\" height=\"24\">25<\/td>\n<td class=\"et4\" width=\"120\">98.95<\/td>\n<\/tr>\n<tr>\n<td class=\"et4\" width=\"120\" height=\"24\">37.5<\/td>\n<td class=\"et4\" width=\"120\">99.05<\/td>\n<\/tr>\n<tr>\n<td class=\"et4\" width=\"120\" height=\"24\">50<\/td>\n<td class=\"et4\" width=\"120\">99.11<\/td>\n<\/tr>\n<tr>\n<td class=\"et4\" width=\"120\" height=\"24\">75<\/td>\n<td class=\"et4\" width=\"120\">99.19<\/td>\n<\/tr>\n<tr>\n<td class=\"et4\" width=\"120\" height=\"24\">100<\/td>\n<td class=\"et4\" width=\"120\">99.25<\/td>\n<\/tr>\n<tr>\n<td class=\"et4\" width=\"120\" height=\"24\">167<\/td>\n<td class=\"et4\" width=\"120\">99.33<\/td>\n<\/tr>\n<tr>\n<td class=\"et4\" width=\"120\" height=\"24\">250<\/td>\n<td class=\"et4\" width=\"120\">99.39<\/td>\n<\/tr>\n<tr>\n<td class=\"et4\" width=\"120\" height=\"24\">333<\/td>\n<td class=\"et4\" width=\"120\">99.43<\/td>\n<\/tr>\n<tr>\n<td class=\"et4\" width=\"120\" height=\"24\">500<\/td>\n<td class=\"et4\" width=\"120\">99.49<\/td>\n<\/tr>\n<\/tbody>\n<\/table>\n<h2>FAQ<\/h2>\n<p data-start=\"58\" data-end=\"399\"><strong data-start=\"58\" data-end=\"147\">P1 - \u00bfPuede un transformador monof\u00e1sico de poste de 25 kVA abastecer a un peque\u00f1o pueblo o a unas pocas viviendas?<\/strong><br data-start=\"147\" data-end=\"150\" \/>En muchas zonas rurales, un transformador de poste de 25 kVA puede dar servicio a varios hogares o a un peque\u00f1o grupo de tiendas. Esto ayuda a acortar las l\u00edneas de baja tensi\u00f3n y mantiene la tensi\u00f3n del cliente m\u00e1s estable. El dimensionamiento final debe comprobarse en funci\u00f3n de la carga m\u00e1xima real.<\/p>\n<p data-start=\"401\" data-end=\"706\"><strong data-start=\"401\" data-end=\"465\">P2 - \u00bfLos transformadores de poste pueden utilizar aceite aislante biodegradable?<\/strong><br data-start=\"465\" data-end=\"468\" \/>S\u00ed. Muchas unidades de p\u00e9rtiga modernas pueden utilizar aceites biodegradables basados en \u00e9steres, que son m\u00e1s respetuosos con el medio ambiente y se recomiendan cerca del agua o en zonas con riesgo de derrames. Confirme siempre con el fabricante la compatibilidad del aceite y la temperatura de funcionamiento.<\/p>\n<p data-start=\"708\" data-end=\"980\"><strong data-start=\"708\" data-end=\"761\">P3 - \u00bfCu\u00e1l es el plazo de entrega y la garant\u00eda habituales?<\/strong><br data-start=\"761\" data-end=\"764\" \/>Depende del tama\u00f1o del pedido y de la personalizaci\u00f3n, pero la production masiva suele tardar entre 15 y 25 d\u00edas. Las garant\u00edas suelen ser de 12-24 meses. TRONKI ofrece 12 meses m\u00e1s asistencia t\u00e9cnica para la sustituci\u00f3n de accesorios en caso necesario.<\/p>","protected":false},"excerpt":{"rendered":"<p>Un transformador de distribuci\u00f3n monof\u00e1sico montado en poste de 25kVA es un transformador compacto lleno de aceite dise\u00f1ado para reducir las l\u00edneas de alimentaci\u00f3n de media tensi\u00f3n (normalmente 13,2 kV primarios en muchas redes) a un secundario de baja tensi\u00f3n utilizable (240 V l\u00ednea a l\u00ednea o 120\/240 V bif\u00e1sico) para hogares, peque\u00f1as empresas y cargas rurales. Estas unidades se montan en postes de la red el\u00e9ctrica para minimizar los costes de infraestructura, reducir la longitud de las l\u00edneas de baja tensi\u00f3n y suministrar energ\u00eda fiable en lugares en los que no resulta pr\u00e1ctico montarlas en pedestales o realizar una distribuci\u00f3n subterr\u00e1nea.<\/p>","protected":false},"featured_media":21926,"template":"","meta":[],"product_brand":[],"product_cat":[34,33],"product_tag":[],"class_list":{"0":"post-21914","1":"product","2":"type-product","3":"status-publish","4":"has-post-thumbnail","6":"product_cat-oil-transformer","7":"product_cat-power-transformer","9":"first","10":"instock","11":"taxable","12":"shipping-taxable","13":"product-type-simple"},"yoast_head":"<!-- This site is optimized with the Yoast SEO plugin v25.0 - https:\/\/yoast.com\/wordpress\/plugins\/seo\/ -->\n<title>Single Phase Pole Mounted Distribution Transformer Manufacturer - PINE<\/title>\n<meta name=\"robots\" content=\"index, follow, max-snippet:-1, max-image-preview:large, max-video-preview:-1\" \/>\n<link rel=\"canonical\" href=\"https:\/\/www.tronkiele.com\/es\/product\/25kva-single-phase-pole-mounted-distribution-transformer\/\" \/>\n<meta property=\"og:locale\" content=\"es_ES\" \/>\n<meta property=\"og:type\" content=\"article\" \/>\n<meta property=\"og:title\" content=\"Single Phase Pole Mounted Distribution Transformer Manufacturer - PINE\" \/>\n<meta property=\"og:description\" content=\"A 25kVA single phase pole mounted distribution transformer is a compact, oil-filled transformer designed to step down medium-voltage feeder lines (commonly 13.2 kV primary in many networks) to a usable low-voltage secondary (240 V line-to-line or 120\/240 V split-phase) for homes, small businesses, and rural loads. These units are mounted on utility poles to minimize infrastructure cost, reduce low-voltage line length, and deliver reliable power where padmounts or underground distribution are impractical.\" \/>\n<meta property=\"og:url\" content=\"https:\/\/www.tronkiele.com\/es\/product\/25kva-single-phase-pole-mounted-distribution-transformer\/\" \/>\n<meta property=\"og:site_name\" content=\"PINE\" \/>\n<meta property=\"article:modified_time\" content=\"2025-09-19T05:38:15+00:00\" \/>\n<meta property=\"og:image\" content=\"https:\/\/www.tronkiele.com\/wp-content\/uploads\/2025\/09\/25kva-Single-Phase-Pole-Mounted-Distribution-Transformer-13.2KV-To-240V.webp\" \/>\n\t<meta property=\"og:image:width\" content=\"800\" \/>\n\t<meta property=\"og:image:height\" content=\"800\" \/>\n\t<meta property=\"og:image:type\" content=\"image\/webp\" \/>\n<meta name=\"twitter:card\" content=\"summary_large_image\" \/>\n<meta name=\"twitter:label1\" content=\"Tiempo de lectura\" \/>\n\t<meta name=\"twitter:data1\" content=\"3 minutos\" \/>\n<script type=\"application\/ld+json\" class=\"yoast-schema-graph\">{\"@context\":\"https:\/\/schema.org\",\"@graph\":[{\"@type\":\"WebPage\",\"@id\":\"https:\/\/www.tronkiele.com\/product\/25kva-single-phase-pole-mounted-distribution-transformer\/\",\"url\":\"https:\/\/www.tronkiele.com\/product\/25kva-single-phase-pole-mounted-distribution-transformer\/\",\"name\":\"Single Phase Pole Mounted Distribution Transformer Manufacturer - PINE\",\"isPartOf\":{\"@id\":\"https:\/\/www.tronkiele.com\/#website\"},\"primaryImageOfPage\":{\"@id\":\"https:\/\/www.tronkiele.com\/product\/25kva-single-phase-pole-mounted-distribution-transformer\/#primaryimage\"},\"image\":{\"@id\":\"https:\/\/www.tronkiele.com\/product\/25kva-single-phase-pole-mounted-distribution-transformer\/#primaryimage\"},\"thumbnailUrl\":\"https:\/\/www.tronkiele.com\/wp-content\/uploads\/2025\/09\/25kva-Single-Phase-Pole-Mounted-Distribution-Transformer-13.2KV-To-240V.webp\",\"datePublished\":\"2025-09-19T05:37:57+00:00\",\"dateModified\":\"2025-09-19T05:38:15+00:00\",\"breadcrumb\":{\"@id\":\"https:\/\/www.tronkiele.com\/product\/25kva-single-phase-pole-mounted-distribution-transformer\/#breadcrumb\"},\"inLanguage\":\"es\",\"potentialAction\":[{\"@type\":\"ReadAction\",\"target\":[\"https:\/\/www.tronkiele.com\/product\/25kva-single-phase-pole-mounted-distribution-transformer\/\"]}]},{\"@type\":\"ImageObject\",\"inLanguage\":\"es\",\"@id\":\"https:\/\/www.tronkiele.com\/product\/25kva-single-phase-pole-mounted-distribution-transformer\/#primaryimage\",\"url\":\"https:\/\/www.tronkiele.com\/wp-content\/uploads\/2025\/09\/25kva-Single-Phase-Pole-Mounted-Distribution-Transformer-13.2KV-To-240V.webp\",\"contentUrl\":\"https:\/\/www.tronkiele.com\/wp-content\/uploads\/2025\/09\/25kva-Single-Phase-Pole-Mounted-Distribution-Transformer-13.2KV-To-240V.webp\",\"width\":800,\"height\":800,\"caption\":\"25kva-Single-Phase-Pole-Mounted-Distribution-Transformer-13.2KV-To-240V\"},{\"@type\":\"BreadcrumbList\",\"@id\":\"https:\/\/www.tronkiele.com\/product\/25kva-single-phase-pole-mounted-distribution-transformer\/#breadcrumb\",\"itemListElement\":[{\"@type\":\"ListItem\",\"position\":1,\"name\":\"Home\",\"item\":\"https:\/\/www.tronkiele.com\/\"},{\"@type\":\"ListItem\",\"position\":2,\"name\":\"Products\",\"item\":\"https:\/\/www.tronkiele.com\/shop\/\"},{\"@type\":\"ListItem\",\"position\":3,\"name\":\"25kva Single Phase Pole Mounted Distribution Transformer 13.2KV To 240V\"}]},{\"@type\":\"WebSite\",\"@id\":\"https:\/\/www.tronkiele.com\/#website\",\"url\":\"https:\/\/www.tronkiele.com\/\",\"name\":\"PINE\",\"description\":\"\",\"publisher\":{\"@id\":\"https:\/\/www.tronkiele.com\/#organization\"},\"potentialAction\":[{\"@type\":\"SearchAction\",\"target\":{\"@type\":\"EntryPoint\",\"urlTemplate\":\"https:\/\/www.tronkiele.com\/?s={search_term_string}\"},\"query-input\":{\"@type\":\"PropertyValueSpecification\",\"valueRequired\":true,\"valueName\":\"search_term_string\"}}],\"inLanguage\":\"es\"},{\"@type\":\"Organization\",\"@id\":\"https:\/\/www.tronkiele.com\/#organization\",\"name\":\"PINE\",\"url\":\"https:\/\/www.tronkiele.com\/\",\"logo\":{\"@type\":\"ImageObject\",\"inLanguage\":\"es\",\"@id\":\"https:\/\/www.tronkiele.com\/#\/schema\/logo\/image\/\",\"url\":\"https:\/\/www.tronkiele.com\/wp-content\/uploads\/2024\/11\/cropped-tronki.webp\",\"contentUrl\":\"https:\/\/www.tronkiele.com\/wp-content\/uploads\/2024\/11\/cropped-tronki.webp\",\"width\":512,\"height\":512,\"caption\":\"PINE\"},\"image\":{\"@id\":\"https:\/\/www.tronkiele.com\/#\/schema\/logo\/image\/\"}}]}<\/script>\n<!-- \/ Yoast SEO plugin. -->","yoast_head_json":{"title":"Fabricante de transformadores de distribuci\u00f3n monof\u00e1sicos montados en poste - PINE","robots":{"index":"index","follow":"follow","max-snippet":"max-snippet:-1","max-image-preview":"max-image-preview:large","max-video-preview":"max-video-preview:-1"},"canonical":"https:\/\/www.tronkiele.com\/es\/product\/25kva-single-phase-pole-mounted-distribution-transformer\/","og_locale":"es_ES","og_type":"article","og_title":"Single Phase Pole Mounted Distribution Transformer Manufacturer - PINE","og_description":"A 25kVA single phase pole mounted distribution transformer is a compact, oil-filled transformer designed to step down medium-voltage feeder lines (commonly 13.2 kV primary in many networks) to a usable low-voltage secondary (240 V line-to-line or 120\/240 V split-phase) for homes, small businesses, and rural loads. These units are mounted on utility poles to minimize infrastructure cost, reduce low-voltage line length, and deliver reliable power where padmounts or underground distribution are impractical.","og_url":"https:\/\/www.tronkiele.com\/es\/product\/25kva-single-phase-pole-mounted-distribution-transformer\/","og_site_name":"PINE","article_modified_time":"2025-09-19T05:38:15+00:00","og_image":[{"width":800,"height":800,"url":"https:\/\/www.tronkiele.com\/wp-content\/uploads\/2025\/09\/25kva-Single-Phase-Pole-Mounted-Distribution-Transformer-13.2KV-To-240V.webp","type":"image\/webp"}],"twitter_card":"summary_large_image","twitter_misc":{"Tiempo de lectura":"3 minutos"},"schema":{"@context":"https:\/\/schema.org","@graph":[{"@type":"WebPage","@id":"https:\/\/www.tronkiele.com\/product\/25kva-single-phase-pole-mounted-distribution-transformer\/","url":"https:\/\/www.tronkiele.com\/product\/25kva-single-phase-pole-mounted-distribution-transformer\/","name":"Fabricante de transformadores de distribuci\u00f3n monof\u00e1sicos montados en poste - PINE","isPartOf":{"@id":"https:\/\/www.tronkiele.com\/#website"},"primaryImageOfPage":{"@id":"https:\/\/www.tronkiele.com\/product\/25kva-single-phase-pole-mounted-distribution-transformer\/#primaryimage"},"image":{"@id":"https:\/\/www.tronkiele.com\/product\/25kva-single-phase-pole-mounted-distribution-transformer\/#primaryimage"},"thumbnailUrl":"https:\/\/www.tronkiele.com\/wp-content\/uploads\/2025\/09\/25kva-Single-Phase-Pole-Mounted-Distribution-Transformer-13.2KV-To-240V.webp","datePublished":"2025-09-19T05:37:57+00:00","dateModified":"2025-09-19T05:38:15+00:00","breadcrumb":{"@id":"https:\/\/www.tronkiele.com\/product\/25kva-single-phase-pole-mounted-distribution-transformer\/#breadcrumb"},"inLanguage":"es","potentialAction":[{"@type":"ReadAction","target":["https:\/\/www.tronkiele.com\/product\/25kva-single-phase-pole-mounted-distribution-transformer\/"]}]},{"@type":"ImageObject","inLanguage":"es","@id":"https:\/\/www.tronkiele.com\/product\/25kva-single-phase-pole-mounted-distribution-transformer\/#primaryimage","url":"https:\/\/www.tronkiele.com\/wp-content\/uploads\/2025\/09\/25kva-Single-Phase-Pole-Mounted-Distribution-Transformer-13.2KV-To-240V.webp","contentUrl":"https:\/\/www.tronkiele.com\/wp-content\/uploads\/2025\/09\/25kva-Single-Phase-Pole-Mounted-Distribution-Transformer-13.2KV-To-240V.webp","width":800,"height":800,"caption":"25kva-Single-Phase-Pole-Mounted-Distribution-Transformer-13.2KV-To-240V"},{"@type":"BreadcrumbList","@id":"https:\/\/www.tronkiele.com\/product\/25kva-single-phase-pole-mounted-distribution-transformer\/#breadcrumb","itemListElement":[{"@type":"ListItem","position":1,"name":"Home","item":"https:\/\/www.tronkiele.com\/"},{"@type":"ListItem","position":2,"name":"Products","item":"https:\/\/www.tronkiele.com\/shop\/"},{"@type":"ListItem","position":3,"name":"25kva Single Phase Pole Mounted Distribution Transformer 13.2KV To 240V"}]},{"@type":"WebSite","@id":"https:\/\/www.tronkiele.com\/#website","url":"https:\/\/www.tronkiele.com\/","name":"PINO","description":"","publisher":{"@id":"https:\/\/www.tronkiele.com\/#organization"},"potentialAction":[{"@type":"SearchAction","target":{"@type":"EntryPoint","urlTemplate":"https:\/\/www.tronkiele.com\/?s={search_term_string}"},"query-input":{"@type":"PropertyValueSpecification","valueRequired":true,"valueName":"search_term_string"}}],"inLanguage":"es"},{"@type":"Organization","@id":"https:\/\/www.tronkiele.com\/#organization","name":"PINO","url":"https:\/\/www.tronkiele.com\/","logo":{"@type":"ImageObject","inLanguage":"es","@id":"https:\/\/www.tronkiele.com\/#\/schema\/logo\/image\/","url":"https:\/\/www.tronkiele.com\/wp-content\/uploads\/2024\/11\/cropped-tronki.webp","contentUrl":"https:\/\/www.tronkiele.com\/wp-content\/uploads\/2024\/11\/cropped-tronki.webp","width":512,"height":512,"caption":"PINE"},"image":{"@id":"https:\/\/www.tronkiele.com\/#\/schema\/logo\/image\/"}}]}},"_links":{"self":[{"href":"https:\/\/www.tronkiele.com\/es\/wp-json\/wp\/v2\/product\/21914","targetHints":{"allow":["GET"]}}],"collection":[{"href":"https:\/\/www.tronkiele.com\/es\/wp-json\/wp\/v2\/product"}],"about":[{"href":"https:\/\/www.tronkiele.com\/es\/wp-json\/wp\/v2\/types\/product"}],"version-history":[{"count":3,"href":"https:\/\/www.tronkiele.com\/es\/wp-json\/wp\/v2\/product\/21914\/revisions"}],"predecessor-version":[{"id":21917,"href":"https:\/\/www.tronkiele.com\/es\/wp-json\/wp\/v2\/product\/21914\/revisions\/21917"}],"wp:featuredmedia":[{"embeddable":true,"href":"https:\/\/www.tronkiele.com\/es\/wp-json\/wp\/v2\/media\/21926"}],"wp:attachment":[{"href":"https:\/\/www.tronkiele.com\/es\/wp-json\/wp\/v2\/media?parent=21914"}],"wp:term":[{"taxonomy":"product_brand","embeddable":true,"href":"https:\/\/www.tronkiele.com\/es\/wp-json\/wp\/v2\/product_brand?post=21914"},{"taxonomy":"product_cat","embeddable":true,"href":"https:\/\/www.tronkiele.com\/es\/wp-json\/wp\/v2\/product_cat?post=21914"},{"taxonomy":"product_tag","embeddable":true,"href":"https:\/\/www.tronkiele.com\/es\/wp-json\/wp\/v2\/product_tag?post=21914"}],"curies":[{"name":"wp","href":"https:\/\/api.w.org\/{rel}","templated":true}]}}