{"id":21995,"date":"2025-09-25T08:34:16","date_gmt":"2025-09-25T08:34:16","guid":{"rendered":"https:\/\/www.tronkiele.com\/?post_type=product&#038;p=21995"},"modified":"2025-09-30T07:15:44","modified_gmt":"2025-09-30T07:15:44","slug":"single-phase-220v-to-220v-toroidal-balanced-isolation-transformer","status":"publish","type":"product","link":"https:\/\/www.tronkiele.com\/es\/product\/single-phase-220v-to-220v-toroidal-balanced-isolation-transformer\/","title":{"rendered":"Transformateur d\u2019isolement toroidal \u00e9quilibr\u00e9 monophas\u00e9 GBK2 220\u202fV vers 220\u202fV, 300\u202fVA\u20132\u202fkVA"},"content":{"rendered":"<h2 data-start=\"1518\" data-end=\"1555\">\u00bfPor qu\u00e9 GBK2? Principales ventajas<\/h2>\n<ul data-start=\"1556\" data-end=\"2499\">\n<li data-start=\"1556\" data-end=\"1733\">\n<p data-start=\"1558\" data-end=\"1733\"><strong data-start=\"1558\" data-end=\"1586\">Aut\u00e9ntico aislamiento galv\u00e1nico:<\/strong> Los devanados primario y secundario separados eliminan una v\u00eda de conducci\u00f3n directa entre la red y la carga, lo que mejora la seguridad y reduce el ruido del bucle de masa.<\/p>\n<\/li>\n<li data-start=\"1734\" data-end=\"1861\">\n<p data-start=\"1736\" data-end=\"1861\"><strong data-start=\"1736\" data-end=\"1765\">Ventajas del n\u00facleo toroidal:<\/strong> Mayor eficiencia, menor campo magn\u00e9tico par\u00e1sito, tama\u00f1o compacto y muy bajo zumbido mec\u00e1nico.<\/p>\n<\/li>\n<li data-start=\"1862\" data-end=\"2002\">\n<p data-start=\"1864\" data-end=\"2002\"><strong data-start=\"1864\" data-end=\"1880\">Energ\u00eda limpia:<\/strong> Supresi\u00f3n eficaz del ruido en modo com\u00fan y filtrado de transitorios para un funcionamiento preciso y fiable de los equipos sensibles.<\/p>\n<\/li>\n<li data-start=\"2003\" data-end=\"2200\">\n<p data-start=\"2005\" data-end=\"2200\"><strong data-start=\"2005\" data-end=\"2042\">Protecci\u00f3n y supervisi\u00f3n integradas:<\/strong> Los modelos incluyen funciones de protecci\u00f3n m\u00faltiple (sobretensi\u00f3n\/subtensi\u00f3n, sobrecarga, cortocircuito, sobretemperatura, temporizaci\u00f3n) y una pantalla LCD que facilita la supervisi\u00f3n del estado.<\/p>\n<\/li>\n<li data-start=\"2201\" data-end=\"2351\">\n<p data-start=\"2203\" data-end=\"2351\"><strong data-start=\"2203\" data-end=\"2226\">Probado y trazable:<\/strong> Pruebas de f\u00e1brica de alta potencia, resistencia de aislamiento y relaci\u00f3n de vueltas disponibles previa solicitud: facilita la adquisici\u00f3n y las comprobaciones de conformidad.<\/p>\n<\/li>\n<li data-start=\"2352\" data-end=\"2499\">\n<p data-start=\"2354\" data-end=\"2499\"><strong data-start=\"2354\" data-end=\"2398\">Precio competitivo del transformador de aislamiento:<\/strong> El dise\u00f1o y la fabricaci\u00f3n optimizados permiten una excelente relaci\u00f3n precio\/rendimiento en toda la gama de 300 VA-2 kVA.<\/p>\n<\/li>\n<\/ul>\n<h2 class=\"elementor-heading-title elementor-size-default\">Par\u00e1metros t\u00e9cnicos<\/h2>\n<table>\n<tbody>\n<tr>\n<td width=\"113\">Modelo<\/td>\n<td width=\"77\"><strong><b>GBK2-200VA<\/b><\/strong><\/td>\n<td colspan=\"2\" width=\"77\"><strong><b>GBK2-300VA<\/b><\/strong><\/td>\n<td width=\"77\"><strong><b>GBK2-500VA<\/b><\/strong><\/td>\n<td width=\"77\"><strong><b>GBK<\/b><\/strong><strong><b>2-1000<\/b><\/strong><strong><b>VA<\/b><\/strong><\/td>\n<td colspan=\"2\" width=\"77\"><strong><b>GBK<\/b><\/strong><strong><b>2-2000<\/b><\/strong><strong><b>VA<\/b><\/strong><\/td>\n<td width=\"77\"><strong><b>GBK<\/b><\/strong><strong><b>2-5000<\/b><\/strong><strong><b>VA<\/b><\/strong><\/td>\n<\/tr>\n<tr>\n<td width=\"113\">Fase<\/td>\n<td colspan=\"8\" width=\"465\">Monof\u00e1sico<\/td>\n<\/tr>\n<tr>\n<td width=\"113\">Tensi\u00f3n de entrada<\/td>\n<td colspan=\"8\" width=\"465\">220V<\/td>\n<\/tr>\n<tr>\n<td width=\"113\">Tensi\u00f3n de salida<\/td>\n<td colspan=\"8\" width=\"465\">220V<\/td>\n<\/tr>\n<tr>\n<td width=\"113\">Frecuencia<\/td>\n<td colspan=\"8\" width=\"465\">50 Hz\/60 Hz<\/td>\n<\/tr>\n<tr>\n<td width=\"113\">Precisi\u00f3n<\/td>\n<td colspan=\"8\" width=\"465\">\u00b110%<\/td>\n<\/tr>\n<tr>\n<td width=\"113\">Potencia nominal<\/td>\n<td colspan=\"8\" width=\"465\">500VA (GBK2-500VA por ejemplo)<\/td>\n<\/tr>\n<tr>\n<td width=\"113\">Corriente nominal<\/td>\n<td colspan=\"8\" width=\"465\">2.28A<\/td>\n<\/tr>\n<tr>\n<td width=\"113\">Carga recomendada<\/td>\n<td colspan=\"8\" width=\"465\">\u2264500VA<\/td>\n<\/tr>\n<tr>\n<td width=\"113\">Resistencia del aislamiento<\/td>\n<td colspan=\"8\" width=\"465\">\u22655M\u03a9<\/td>\n<\/tr>\n<tr>\n<td width=\"113\">Tensi\u00f3n soportada<\/td>\n<td colspan=\"8\" width=\"465\">1500v\/min<\/td>\n<\/tr>\n<tr>\n<td width=\"113\">Temperatura ambiente<\/td>\n<td colspan=\"8\" width=\"465\">-15\u00b0C~+40\u00b0C<\/td>\n<\/tr>\n<tr>\n<td width=\"113\">Humedad relativa<\/td>\n<td colspan=\"8\" width=\"465\">No m\u00e1s de 90%<\/td>\n<\/tr>\n<tr>\n<td width=\"113\">Clase de aislamiento<\/td>\n<td colspan=\"8\" width=\"465\">Clase F<\/td>\n<\/tr>\n<tr>\n<td width=\"113\">Potencia<\/td>\n<td colspan=\"2\" width=\"116\">300VA<\/td>\n<td colspan=\"2\" width=\"116\">500VA<\/td>\n<td colspan=\"2\" width=\"116\">1000VA<\/td>\n<td colspan=\"2\" width=\"116\">2000VA<\/td>\n<\/tr>\n<tr>\n<td width=\"113\">Tama\u00f1o (mm) L*A*A<\/td>\n<td colspan=\"2\" width=\"116\">180*250*123<\/td>\n<td colspan=\"2\" width=\"116\">180*250*123<\/td>\n<td colspan=\"2\" width=\"116\">180*250*123<\/td>\n<td colspan=\"2\" width=\"116\">210*305*158<\/td>\n<\/tr>\n<tr>\n<td width=\"113\">N.W(kg)<\/td>\n<td colspan=\"2\" width=\"116\">5.4<\/td>\n<td colspan=\"2\" width=\"116\">7.1<\/td>\n<td colspan=\"2\" width=\"116\">8.9<\/td>\n<td colspan=\"2\" width=\"116\">16<\/td>\n<\/tr>\n<tr>\n<td colspan=\"9\" width=\"578\">El tama\u00f1o y el peso var\u00edan en funci\u00f3n del rango de tensi\u00f3n, y est\u00e1n sujetos al product real personalizado.<\/td>\n<\/tr>\n<\/tbody>\n<\/table>\n<h2 data-start=\"2506\" data-end=\"2529\">Aplicaciones t\u00edpicas<\/h2>\n<ul data-start=\"2530\" data-end=\"2754\">\n<li data-start=\"2530\" data-end=\"2566\">\n<p data-start=\"2532\" data-end=\"2566\">Equipos m\u00e9dicos y de diagn\u00f3stico<\/p>\n<\/li>\n<li data-start=\"2567\" data-end=\"2622\">\n<p data-start=\"2569\" data-end=\"2622\">Sistemas profesionales de audio y v\u00eddeo y equipos de radiodifusi\u00f3n<\/p>\n<\/li>\n<li data-start=\"2623\" data-end=\"2658\">\n<p data-start=\"2625\" data-end=\"2658\">Instrumentos de laboratorio y ensayo<\/p>\n<\/li>\n<li data-start=\"2659\" data-end=\"2706\">\n<p data-start=\"2661\" data-end=\"2706\">Control industrial y automatizaci\u00f3n de precisi\u00f3n<\/p>\n<\/li>\n<li data-start=\"2707\" data-end=\"2754\">\n<p data-start=\"2709\" data-end=\"2754\">Equipos electr\u00f3nicos de oficina y salas de servidores sensibles<\/p>\n<\/li>\n<\/ul>\n<h2 data-start=\"3893\" data-end=\"3935\">Instalaci\u00f3n y puesta en marcha<\/h2>\n<ul data-start=\"3936\" data-end=\"4569\">\n<li data-start=\"3936\" data-end=\"4049\">\n<p data-start=\"3938\" data-end=\"4049\"><strong data-start=\"3938\" data-end=\"3951\">Montaje:<\/strong> Fije la unidad toroidal en el soporte recomendado; mantenga la holgura para reducir el acoplamiento de campos par\u00e1sitos.<\/p>\n<\/li>\n<li data-start=\"4050\" data-end=\"4236\">\n<p data-start=\"4052\" data-end=\"4236\"><strong data-start=\"4052\" data-end=\"4065\">Toma de tierra:<\/strong> Conecte la tierra de protecci\u00f3n al terminal del bastidor designado. Si necesita un neutro secundario conectado a tierra, consulte nuestras notas de ingenier\u00eda: la conexi\u00f3n a tierra reduce las ventajas del aislamiento.<\/p>\n<\/li>\n<li data-start=\"4237\" data-end=\"4388\">\n<p data-start=\"4239\" data-end=\"4388\"><strong data-start=\"4239\" data-end=\"4254\">Protecci\u00f3n:<\/strong> Instale una protecci\u00f3n contra sobrecorriente en el lado primario dimensionada para la corriente nominal y la irrupci\u00f3n. Considere el arranque suave o la limitaci\u00f3n de arranque para cargas grandes.<\/p>\n<\/li>\n<li data-start=\"4389\" data-end=\"4569\">\n<p data-start=\"4391\" data-end=\"4569\"><strong data-start=\"4391\" data-end=\"4412\">Pruebas de aceptaci\u00f3n:<\/strong> Realice comprobaciones de continuidad, aislamiento (megger) y relaci\u00f3n de vueltas (TTR); comp\u00e1relas con los informes de f\u00e1brica. Las pruebas de alta potencia s\u00f3lo deben ser realizadas por t\u00e9cnicos cualificados.<\/p>\n<\/li>\n<\/ul>\n<h2 data-start=\"5133\" data-end=\"5177\">\u00bfQu\u00e9 afecta al precio del transformador de aislamiento?<\/h2>\n<p data-start=\"5178\" data-end=\"5524\">En <strong data-start=\"5182\" data-end=\"5213\">transformador de aislamiento precio<\/strong> para los modelos GBK2 depende de: Potencia nominal en VA (el coste del material var\u00eda en funci\u00f3n del cobre y el n\u00facleo), grado del n\u00facleo toroidal, conductor de cobre frente a conductor de aluminio, tensiones o derivaciones personalizadas, carcasas y conectores, certificaciones requeridas (IEC\/UL) y cantidad del pedido. Solicite un presupuesto con sus especificaciones exactas para obtener un desglose de precios transparente.<\/p>\n<h2 data-start=\"5531\" data-end=\"5538\">Preguntas frecuentes<\/h2>\n<p data-start=\"5540\" data-end=\"5929\"><strong data-start=\"5540\" data-end=\"5635\">P1 - \u00bfPor qu\u00e9 elegir un transformador de aislamiento 220V \u2192 220V en lugar de un filtro o un protector contra sobretensiones?<\/strong><br data-start=\"5635\" data-end=\"5638\" \/>Un dedicado <strong data-start=\"5650\" data-end=\"5688\">transformador de aislamiento de 220v a 220v<\/strong> no s\u00f3lo aten\u00faa el ruido y las sobretensiones, sino que tambi\u00e9n proporciona aislamiento galv\u00e1nico, rompiendo los bucles de masa y ofreciendo un mayor nivel de seguridad para el servicio y la medici\u00f3n. Los filtros o los protectores contra sobretensiones complementan el aislamiento galv\u00e1nico, pero no lo sustituyen.<\/p>\n<p data-start=\"5931\" data-end=\"6231\"><strong data-start=\"5931\" data-end=\"6005\">P2 - \u00bfSon los transformadores de aislamiento toroidales m\u00e1s silenciosos que los laminados?<\/strong><br data-start=\"6005\" data-end=\"6008\" \/>S\u00ed. Los n\u00facleos toroidales producen muchos menos zumbidos mec\u00e1nicos y campos magn\u00e9ticos par\u00e1sitos que los n\u00facleos EI tradicionales, por lo que son preferibles en entornos de audio, m\u00e9dicos y de laboratorio en los que hay que minimizar el ruido y las interferencias.<\/p>\n<p data-start=\"6233\" data-end=\"6531\"><strong data-start=\"6233\" data-end=\"6300\">P3 - \u00bfPueden facilitar informes de pruebas certificados y precios por volumen?<\/strong><br data-start=\"6300\" data-end=\"6303\" \/>S\u00ed. Suministramos informes de pruebas de f\u00e1brica (hi-pot, IR, TTR) con cada env\u00edo y ofrecemos precios escalonados para pedidos al por mayor. P\u00f3ngase en contacto con nuestro equipo de ventas e ind\u00edquenos el modelo, la cantidad y los requisitos de certificaci\u00f3n para obtener un presupuesto r\u00e1pido y transparente.<\/p>","protected":false},"excerpt":{"rendered":"<p>Garantice una calidad de alimentaci\u00f3n impecable y la m\u00e1xima seguridad para cargas sensibles con el <strong data-start=\"1046\" data-end=\"1085\">Transformador toroidal de aislamiento GBK2<\/strong>. Dise\u00f1ado para aplicaciones que exigen bajo nivel de ruido, bajas fugas y salida estable (220 V \u2192 220 V), la serie GBK2 a\u00edsla su equipo de las perturbaciones de la red el\u00e9ctrica, suprime los transitorios y reduce las interferencias de modo com\u00fan. Su n\u00facleo toroidal compacto ofrece mayor eficiencia y menor zumbido audible que los transformadores laminados convencionales, ideal para <strong data-start=\"1432\" data-end=\"1510\">dispositivos m\u00e9dicos, audio profesional, instrumentos de laboratorio y controles industriales<\/strong>.<\/p>","protected":false},"featured_media":21999,"template":"","meta":[],"product_brand":[],"product_cat":[98,42,99],"product_tag":[],"class_list":{"0":"post-21995","1":"product","2":"type-product","3":"status-publish","4":"has-post-thumbnail","6":"product_cat-isolation-transformer","7":"product_cat-low-voltage-transformer","8":"product_cat-single-phase-transformers","10":"first","11":"instock","12":"taxable","13":"shipping-taxable","14":"product-type-simple"},"yoast_head":"<!-- This site is optimized with the Yoast SEO plugin v25.0 - https:\/\/yoast.com\/wordpress\/plugins\/seo\/ -->\n<title>Single Phase 220v To 220v Toroidal Balanced Isolation Transformer Factory - PINE<\/title>\n<meta name=\"robots\" content=\"index, follow, max-snippet:-1, max-image-preview:large, max-video-preview:-1\" \/>\n<link rel=\"canonical\" href=\"https:\/\/www.tronkiele.com\/es\/product\/single-phase-220v-to-220v-toroidal-balanced-isolation-transformer\/\" \/>\n<meta property=\"og:locale\" content=\"es_ES\" \/>\n<meta property=\"og:type\" content=\"article\" \/>\n<meta property=\"og:title\" content=\"Single Phase 220v To 220v Toroidal Balanced Isolation Transformer Factory - PINE\" \/>\n<meta property=\"og:description\" content=\"Ensure pristine power quality and maximum safety for sensitive loads with the GBK2 toroidal isolation transformer. Designed for applications that demand low noise, low leakage and stable output (220V \u2192 220V), the GBK2 series isolates your equipment from mains disturbances, suppresses transients and reduces common-mode interference. Its compact toroidal core delivers higher efficiency and lower audible hum than conventional laminated transformers\u2014ideal for medical devices, pro audio, laboratory instruments and industrial controls.\" \/>\n<meta property=\"og:url\" content=\"https:\/\/www.tronkiele.com\/es\/product\/single-phase-220v-to-220v-toroidal-balanced-isolation-transformer\/\" \/>\n<meta property=\"og:site_name\" content=\"PINE\" \/>\n<meta property=\"article:modified_time\" content=\"2025-09-30T07:15:44+00:00\" \/>\n<meta property=\"og:image\" content=\"https:\/\/www.tronkiele.com\/wp-content\/uploads\/2025\/09\/220v-to-220v-isolation-transformer-For-audio-equipment.webp\" \/>\n\t<meta property=\"og:image:width\" content=\"800\" \/>\n\t<meta property=\"og:image:height\" content=\"800\" \/>\n\t<meta property=\"og:image:type\" content=\"image\/webp\" \/>\n<meta name=\"twitter:card\" content=\"summary_large_image\" \/>\n<meta name=\"twitter:label1\" content=\"Tiempo de lectura\" \/>\n\t<meta name=\"twitter:data1\" content=\"3 minutos\" \/>\n<script type=\"application\/ld+json\" class=\"yoast-schema-graph\">{\"@context\":\"https:\/\/schema.org\",\"@graph\":[{\"@type\":\"WebPage\",\"@id\":\"https:\/\/www.tronkiele.com\/product\/single-phase-220v-to-220v-toroidal-balanced-isolation-transformer\/\",\"url\":\"https:\/\/www.tronkiele.com\/product\/single-phase-220v-to-220v-toroidal-balanced-isolation-transformer\/\",\"name\":\"Single Phase 220v To 220v Toroidal Balanced Isolation Transformer Factory - PINE\",\"isPartOf\":{\"@id\":\"https:\/\/www.tronkiele.com\/#website\"},\"primaryImageOfPage\":{\"@id\":\"https:\/\/www.tronkiele.com\/product\/single-phase-220v-to-220v-toroidal-balanced-isolation-transformer\/#primaryimage\"},\"image\":{\"@id\":\"https:\/\/www.tronkiele.com\/product\/single-phase-220v-to-220v-toroidal-balanced-isolation-transformer\/#primaryimage\"},\"thumbnailUrl\":\"https:\/\/www.tronkiele.com\/wp-content\/uploads\/2025\/09\/220v-to-220v-isolation-transformer-For-audio-equipment.webp\",\"datePublished\":\"2025-09-25T08:34:16+00:00\",\"dateModified\":\"2025-09-30T07:15:44+00:00\",\"breadcrumb\":{\"@id\":\"https:\/\/www.tronkiele.com\/product\/single-phase-220v-to-220v-toroidal-balanced-isolation-transformer\/#breadcrumb\"},\"inLanguage\":\"es\",\"potentialAction\":[{\"@type\":\"ReadAction\",\"target\":[\"https:\/\/www.tronkiele.com\/product\/single-phase-220v-to-220v-toroidal-balanced-isolation-transformer\/\"]}]},{\"@type\":\"ImageObject\",\"inLanguage\":\"es\",\"@id\":\"https:\/\/www.tronkiele.com\/product\/single-phase-220v-to-220v-toroidal-balanced-isolation-transformer\/#primaryimage\",\"url\":\"https:\/\/www.tronkiele.com\/wp-content\/uploads\/2025\/09\/220v-to-220v-isolation-transformer-For-audio-equipment.webp\",\"contentUrl\":\"https:\/\/www.tronkiele.com\/wp-content\/uploads\/2025\/09\/220v-to-220v-isolation-transformer-For-audio-equipment.webp\",\"width\":800,\"height\":800,\"caption\":\"220v to 220v isolation transformer For audio equipment\"},{\"@type\":\"BreadcrumbList\",\"@id\":\"https:\/\/www.tronkiele.com\/product\/single-phase-220v-to-220v-toroidal-balanced-isolation-transformer\/#breadcrumb\",\"itemListElement\":[{\"@type\":\"ListItem\",\"position\":1,\"name\":\"Home\",\"item\":\"https:\/\/www.tronkiele.com\/\"},{\"@type\":\"ListItem\",\"position\":2,\"name\":\"Products\",\"item\":\"https:\/\/www.tronkiele.com\/shop\/\"},{\"@type\":\"ListItem\",\"position\":3,\"name\":\"GBK2 Single Phase 220v To 220v Toroidal Balanced Isolation Transformer 300va-2Kva\"}]},{\"@type\":\"WebSite\",\"@id\":\"https:\/\/www.tronkiele.com\/#website\",\"url\":\"https:\/\/www.tronkiele.com\/\",\"name\":\"PINE\",\"description\":\"\",\"publisher\":{\"@id\":\"https:\/\/www.tronkiele.com\/#organization\"},\"potentialAction\":[{\"@type\":\"SearchAction\",\"target\":{\"@type\":\"EntryPoint\",\"urlTemplate\":\"https:\/\/www.tronkiele.com\/?s={search_term_string}\"},\"query-input\":{\"@type\":\"PropertyValueSpecification\",\"valueRequired\":true,\"valueName\":\"search_term_string\"}}],\"inLanguage\":\"es\"},{\"@type\":\"Organization\",\"@id\":\"https:\/\/www.tronkiele.com\/#organization\",\"name\":\"PINE\",\"url\":\"https:\/\/www.tronkiele.com\/\",\"logo\":{\"@type\":\"ImageObject\",\"inLanguage\":\"es\",\"@id\":\"https:\/\/www.tronkiele.com\/#\/schema\/logo\/image\/\",\"url\":\"https:\/\/www.tronkiele.com\/wp-content\/uploads\/2024\/11\/cropped-tronki.webp\",\"contentUrl\":\"https:\/\/www.tronkiele.com\/wp-content\/uploads\/2024\/11\/cropped-tronki.webp\",\"width\":512,\"height\":512,\"caption\":\"PINE\"},\"image\":{\"@id\":\"https:\/\/www.tronkiele.com\/#\/schema\/logo\/image\/\"}}]}<\/script>\n<!-- \/ Yoast SEO plugin. -->","yoast_head_json":{"title":"Transformador monof\u00e1sico de aislamiento equilibrado toroidal de 220v a 220v de f\u00e1brica - PINE","robots":{"index":"index","follow":"follow","max-snippet":"max-snippet:-1","max-image-preview":"max-image-preview:large","max-video-preview":"max-video-preview:-1"},"canonical":"https:\/\/www.tronkiele.com\/es\/product\/single-phase-220v-to-220v-toroidal-balanced-isolation-transformer\/","og_locale":"es_ES","og_type":"article","og_title":"Single Phase 220v To 220v Toroidal Balanced Isolation Transformer Factory - PINE","og_description":"Ensure pristine power quality and maximum safety for sensitive loads with the GBK2 toroidal isolation transformer. Designed for applications that demand low noise, low leakage and stable output (220V \u2192 220V), the GBK2 series isolates your equipment from mains disturbances, suppresses transients and reduces common-mode interference. Its compact toroidal core delivers higher efficiency and lower audible hum than conventional laminated transformers\u2014ideal for medical devices, pro audio, laboratory instruments and industrial controls.","og_url":"https:\/\/www.tronkiele.com\/es\/product\/single-phase-220v-to-220v-toroidal-balanced-isolation-transformer\/","og_site_name":"PINE","article_modified_time":"2025-09-30T07:15:44+00:00","og_image":[{"width":800,"height":800,"url":"https:\/\/www.tronkiele.com\/wp-content\/uploads\/2025\/09\/220v-to-220v-isolation-transformer-For-audio-equipment.webp","type":"image\/webp"}],"twitter_card":"summary_large_image","twitter_misc":{"Tiempo de lectura":"3 minutos"},"schema":{"@context":"https:\/\/schema.org","@graph":[{"@type":"WebPage","@id":"https:\/\/www.tronkiele.com\/product\/single-phase-220v-to-220v-toroidal-balanced-isolation-transformer\/","url":"https:\/\/www.tronkiele.com\/product\/single-phase-220v-to-220v-toroidal-balanced-isolation-transformer\/","name":"Transformador monof\u00e1sico de aislamiento equilibrado toroidal de 220v a 220v de f\u00e1brica - PINE","isPartOf":{"@id":"https:\/\/www.tronkiele.com\/#website"},"primaryImageOfPage":{"@id":"https:\/\/www.tronkiele.com\/product\/single-phase-220v-to-220v-toroidal-balanced-isolation-transformer\/#primaryimage"},"image":{"@id":"https:\/\/www.tronkiele.com\/product\/single-phase-220v-to-220v-toroidal-balanced-isolation-transformer\/#primaryimage"},"thumbnailUrl":"https:\/\/www.tronkiele.com\/wp-content\/uploads\/2025\/09\/220v-to-220v-isolation-transformer-For-audio-equipment.webp","datePublished":"2025-09-25T08:34:16+00:00","dateModified":"2025-09-30T07:15:44+00:00","breadcrumb":{"@id":"https:\/\/www.tronkiele.com\/product\/single-phase-220v-to-220v-toroidal-balanced-isolation-transformer\/#breadcrumb"},"inLanguage":"es","potentialAction":[{"@type":"ReadAction","target":["https:\/\/www.tronkiele.com\/product\/single-phase-220v-to-220v-toroidal-balanced-isolation-transformer\/"]}]},{"@type":"ImageObject","inLanguage":"es","@id":"https:\/\/www.tronkiele.com\/product\/single-phase-220v-to-220v-toroidal-balanced-isolation-transformer\/#primaryimage","url":"https:\/\/www.tronkiele.com\/wp-content\/uploads\/2025\/09\/220v-to-220v-isolation-transformer-For-audio-equipment.webp","contentUrl":"https:\/\/www.tronkiele.com\/wp-content\/uploads\/2025\/09\/220v-to-220v-isolation-transformer-For-audio-equipment.webp","width":800,"height":800,"caption":"220v to 220v isolation transformer For audio equipment"},{"@type":"BreadcrumbList","@id":"https:\/\/www.tronkiele.com\/product\/single-phase-220v-to-220v-toroidal-balanced-isolation-transformer\/#breadcrumb","itemListElement":[{"@type":"ListItem","position":1,"name":"Home","item":"https:\/\/www.tronkiele.com\/"},{"@type":"ListItem","position":2,"name":"Products","item":"https:\/\/www.tronkiele.com\/shop\/"},{"@type":"ListItem","position":3,"name":"GBK2 Single Phase 220v To 220v Toroidal Balanced Isolation Transformer 300va-2Kva"}]},{"@type":"WebSite","@id":"https:\/\/www.tronkiele.com\/#website","url":"https:\/\/www.tronkiele.com\/","name":"PINO","description":"","publisher":{"@id":"https:\/\/www.tronkiele.com\/#organization"},"potentialAction":[{"@type":"SearchAction","target":{"@type":"EntryPoint","urlTemplate":"https:\/\/www.tronkiele.com\/?s={search_term_string}"},"query-input":{"@type":"PropertyValueSpecification","valueRequired":true,"valueName":"search_term_string"}}],"inLanguage":"es"},{"@type":"Organization","@id":"https:\/\/www.tronkiele.com\/#organization","name":"PINO","url":"https:\/\/www.tronkiele.com\/","logo":{"@type":"ImageObject","inLanguage":"es","@id":"https:\/\/www.tronkiele.com\/#\/schema\/logo\/image\/","url":"https:\/\/www.tronkiele.com\/wp-content\/uploads\/2024\/11\/cropped-tronki.webp","contentUrl":"https:\/\/www.tronkiele.com\/wp-content\/uploads\/2024\/11\/cropped-tronki.webp","width":512,"height":512,"caption":"PINE"},"image":{"@id":"https:\/\/www.tronkiele.com\/#\/schema\/logo\/image\/"}}]}},"_links":{"self":[{"href":"https:\/\/www.tronkiele.com\/es\/wp-json\/wp\/v2\/product\/21995","targetHints":{"allow":["GET"]}}],"collection":[{"href":"https:\/\/www.tronkiele.com\/es\/wp-json\/wp\/v2\/product"}],"about":[{"href":"https:\/\/www.tronkiele.com\/es\/wp-json\/wp\/v2\/types\/product"}],"version-history":[{"count":1,"href":"https:\/\/www.tronkiele.com\/es\/wp-json\/wp\/v2\/product\/21995\/revisions"}],"predecessor-version":[{"id":22001,"href":"https:\/\/www.tronkiele.com\/es\/wp-json\/wp\/v2\/product\/21995\/revisions\/22001"}],"wp:featuredmedia":[{"embeddable":true,"href":"https:\/\/www.tronkiele.com\/es\/wp-json\/wp\/v2\/media\/21999"}],"wp:attachment":[{"href":"https:\/\/www.tronkiele.com\/es\/wp-json\/wp\/v2\/media?parent=21995"}],"wp:term":[{"taxonomy":"product_brand","embeddable":true,"href":"https:\/\/www.tronkiele.com\/es\/wp-json\/wp\/v2\/product_brand?post=21995"},{"taxonomy":"product_cat","embeddable":true,"href":"https:\/\/www.tronkiele.com\/es\/wp-json\/wp\/v2\/product_cat?post=21995"},{"taxonomy":"product_tag","embeddable":true,"href":"https:\/\/www.tronkiele.com\/es\/wp-json\/wp\/v2\/product_tag?post=21995"}],"curies":[{"name":"wp","href":"https:\/\/api.w.org\/{rel}","templated":true}]}}