{"id":22067,"date":"2025-10-04T02:43:33","date_gmt":"2025-10-04T02:43:33","guid":{"rendered":"https:\/\/www.tronkiele.com\/?post_type=product&#038;p=22067"},"modified":"2025-10-07T06:26:16","modified_gmt":"2025-10-07T06:26:16","slug":"single-phase-220v-to-three-phase-380v-phase-converter","status":"publish","type":"product","link":"https:\/\/www.tronkiele.com\/es\/product\/single-phase-220v-to-three-phase-380v-phase-converter\/","title":{"rendered":"Convertidor de fase monof\u00e1sico de 220 V a trif\u00e1sico de 380 V"},"content":{"rendered":"<h2 data-start=\"1377\" data-end=\"1395\">D\u00f3nde se utiliza<\/h2>\n<ul>\n<li>Talleres, f\u00e1bricas dom\u00e9sticas y locales comerciales que carecen de servicio trif\u00e1sico<\/li>\n<li>Emplazamientos rurales, remotos o temporales (granjas, operaciones de campo)<\/li>\n<li>Renovables in situ: conversi\u00f3n de la producci\u00f3n fotovoltaica o e\u00f3lica de peque\u00f1a potencia a trif\u00e1sica para cargas locales.<\/li>\n<li>Proyectos de modernizaci\u00f3n en los que la solicitud de suministro trif\u00e1sico resulta poco pr\u00e1ctica o costosa.<\/li>\n<\/ul>\n<h2 data-start=\"1712\" data-end=\"1738\">Principales ventajas y caracter\u00edsticas<\/h2>\n<ul>\n<li>Salida trif\u00e1sica de onda senoidal real - THD &lt; 2% para un funcionamiento suave de motores y equipos sensibles.<\/li>\n<li>Alta eficiencia de conversi\u00f3n: el control SVPWM y el IPM premium proporcionan eficiencias &gt; 93% y bajas p\u00e9rdidas en vac\u00edo.<\/li>\n<li>R\u00e1pida respuesta transitoria: la salida se estabiliza en 50 ms para hacer frente a los cambios de carga.<\/li>\n<li>Protecci\u00f3n robusta: protecci\u00f3n integrada contra cortocircuitos, sobrecargas y sobretemperaturas para un funcionamiento continuo seguro.<\/li>\n<li>Transformador de aislamiento de frecuencia de alimentaci\u00f3n: a\u00edsla los buses de CA y CC para eliminar interferencias y mejorar la seguridad.<\/li>\n<li>Pantalla de usuario y diagn\u00f3stico: la pantalla LCD informa de la tensi\u00f3n continua de entrada, la frecuencia\/tensi\u00f3n de salida, la potencia (kWh), el tiempo de funcionamiento y los c\u00f3digos de aver\u00eda.<\/li>\n<li>Rentable: utiliza la facturaci\u00f3n monof\u00e1sica est\u00e1ndar a la vez que suministra cargas trif\u00e1sicas industriales; evita las molestias y las tasas de la aplicaci\u00f3n trif\u00e1sica.<\/li>\n<li>Red m\u00e1s limpia: filtra las perturbaciones y proporciona una energ\u00eda m\u00e1s limpia a los equipos posteriores.<\/li>\n<li>Larga vida \u00fatil: componentes industriales y dise\u00f1o de refrigeraci\u00f3n para una mayor fiabilidad (vida \u00fatil &gt; 15 a\u00f1os en condiciones normales).<\/li>\n<\/ul>\n<h2><strong><b>PAR\u00c1METROS T\u00c9CNICOS<\/b><\/strong><\/h2>\n<table>\n<tbody>\n<tr>\n<td rowspan=\"3\" width=\"118\">Modelo<\/td>\n<td width=\"91\"><strong><b>DZW-1,5KVA<\/b><\/strong><\/td>\n<td width=\"91\"><strong><b>DZW-2,2KVA<\/b><\/strong><\/td>\n<td width=\"91\"><strong><b>DZW-3KVA<\/b><\/strong><\/td>\n<td width=\"91\"><strong><b>DZW-4KVA<\/b><\/strong><\/td>\n<td width=\"92\"><strong><b>DZW-5,5KVA<\/b><\/strong><\/td>\n<\/tr>\n<tr>\n<td width=\"91\"><strong><b>DZW-7,5KVA<\/b><\/strong><\/td>\n<td width=\"91\"><strong><b>DZW-8,5KVA<\/b><\/strong><\/td>\n<td width=\"91\"><strong><b>DZW-11KVA<\/b><\/strong><\/td>\n<td width=\"91\"><strong><b>DZW-15KVA<\/b><\/strong><\/td>\n<td width=\"92\"><strong><b>DZW-20KVA<\/b><\/strong><\/td>\n<\/tr>\n<tr>\n<td width=\"91\"><strong><b>DZW-25KVA<\/b><\/strong><\/td>\n<td width=\"91\"><strong><b>DZW-30KVA<\/b><\/strong><\/td>\n<td width=\"91\"><strong><b>DZW-40KVA<\/b><\/strong><\/td>\n<td width=\"91\"><strong><b>DZW-50KVA<\/b><\/strong><\/td>\n<td width=\"92\"><strong><b>DZW-60KVA<\/b><\/strong><\/td>\n<\/tr>\n<tr>\n<td width=\"118\">Fase<\/td>\n<td colspan=\"5\" width=\"459\">trif\u00e1sico, tres hilos \/ trif\u00e1sico, cuatro hilos<\/td>\n<\/tr>\n<tr>\n<td width=\"118\">Velocidad de respuesta<\/td>\n<td colspan=\"5\" width=\"459\">10 ms<\/td>\n<\/tr>\n<tr>\n<td width=\"118\">Velocidad de ajuste<\/td>\n<td colspan=\"5\" width=\"459\">100V\/S<\/td>\n<\/tr>\n<tr>\n<td width=\"118\">M\u00e9todo de circuito<\/td>\n<td colspan=\"5\" width=\"459\">IGBT \/ Modulaci\u00f3n PWM<\/td>\n<\/tr>\n<tr>\n<td width=\"118\">Forma de onda de salida<\/td>\n<td colspan=\"5\" width=\"459\">Onda sinusoidal est\u00e1ndar CF=1,4<\/td>\n<\/tr>\n<tr>\n<td width=\"118\">Corriente de salida<\/td>\n<td colspan=\"5\" width=\"459\">Corriente de fase Grado alto 41A Grado bajo 82A<\/td>\n<\/tr>\n<tr>\n<td width=\"118\">Estabilizaci\u00f3n de frecuencia<\/td>\n<td colspan=\"5\" width=\"459\">\u22640.01%<\/td>\n<\/tr>\n<tr>\n<td width=\"118\">Estabilizaci\u00f3n de la tensi\u00f3n de carga<\/td>\n<td colspan=\"5\" width=\"459\">\u22641%<\/td>\n<\/tr>\n<tr>\n<td width=\"118\">Distorsi\u00f3n de la forma de onda<\/td>\n<td colspan=\"5\" width=\"459\">\u22642% (carga resistiva pura)<\/td>\n<\/tr>\n<tr>\n<td width=\"118\">\u00c1ngulo de fase<\/td>\n<td colspan=\"5\" width=\"459\">120\u00b0\u00b11\u00b0<\/td>\n<\/tr>\n<tr>\n<td width=\"118\">Tiempo de reacci\u00f3n de la protecci\u00f3n<\/td>\n<td colspan=\"5\" width=\"459\">\u22642ms<\/td>\n<\/tr>\n<tr>\n<td width=\"118\">Eficacia<\/td>\n<td colspan=\"5\" width=\"459\">\u226587%<\/td>\n<\/tr>\n<tr>\n<td width=\"118\">Potencia<\/td>\n<td width=\"91\">1500VA<\/td>\n<td width=\"91\">2200VA<\/td>\n<td width=\"91\">3000VA<\/td>\n<td width=\"91\">4000VA<\/td>\n<td width=\"92\">5500VA<\/td>\n<\/tr>\n<tr>\n<td width=\"118\">Tama\u00f1o (mm) L*A*A<\/td>\n<td width=\"91\">270*430*350<\/td>\n<td width=\"91\">270*430*350<\/td>\n<td width=\"91\">270*430*350<\/td>\n<td width=\"91\">270*430*350<\/td>\n<td width=\"92\">270*430*350<\/td>\n<\/tr>\n<tr>\n<td width=\"118\">N.W(kg)<\/td>\n<td width=\"91\">17.5<\/td>\n<td width=\"91\">17.5<\/td>\n<td width=\"91\">17.5<\/td>\n<td width=\"91\">17.5<\/td>\n<td width=\"92\">17.5<\/td>\n<\/tr>\n<tr>\n<td width=\"118\">Potencia<\/td>\n<td width=\"91\">7500VA<\/td>\n<td width=\"91\">8500VA<\/td>\n<td width=\"91\">11KVA<\/td>\n<td width=\"91\">15KVA<\/td>\n<td width=\"92\">20KVA<\/td>\n<\/tr>\n<tr>\n<td width=\"118\">Tama\u00f1o (mm) L*A*A<\/td>\n<td width=\"91\">580*355*620<\/td>\n<td width=\"91\">580*355*620<\/td>\n<td width=\"91\">580*355*620<\/td>\n<td width=\"91\">580*355*620<\/td>\n<td width=\"92\">580*355*620<\/td>\n<\/tr>\n<tr>\n<td width=\"118\">N.W(kg)<\/td>\n<td width=\"91\">34<\/td>\n<td width=\"91\">34<\/td>\n<td width=\"91\">34<\/td>\n<td width=\"91\">35.5<\/td>\n<td width=\"92\">37<\/td>\n<\/tr>\n<tr>\n<td colspan=\"6\" width=\"578\">El tama\u00f1o y el peso var\u00edan en funci\u00f3n del rango de tensi\u00f3n, y est\u00e1n sujetos al product real personalizado.<\/td>\n<\/tr>\n<\/tbody>\n<\/table>\n<h2 data-start=\"3350\" data-end=\"3382\">C\u00f3mo elegir el modelo adecuado<\/h2>\n<ul>\n<li data-start=\"3386\" data-end=\"3561\">Adapte la carga continua del motor (kW\/kVA): elija un convertidor con una salida continua \u2265 los kW nominales del motor m\u00e1s el margen de sobretensi\u00f3n de arranque (los motores suelen necesitar 2-3\u00d7 la corriente de arranque).<\/li>\n<li data-start=\"3386\" data-end=\"3561\">Tenga en cuenta el ciclo de trabajo: los arranques y paradas frecuentes o las cargas pesadas prolongadas pueden requerir una unidad m\u00e1s grande o una refrigeraci\u00f3n mejorada.<\/li>\n<li data-start=\"3386\" data-end=\"3561\">Compruebe el entorno: los lugares al aire libre o polvorientos requieren una clasificaci\u00f3n IP superior y una entrada de aire filtrado.<\/li>\n<li data-start=\"3386\" data-end=\"3561\">Verifique la capacidad de alimentaci\u00f3n: la salida del convertidor est\u00e1 limitada por la corriente de entrada de 220 V disponible; aseg\u00farese de que la red el\u00e9ctrica pueda suministrar los amperios de entrada necesarios.<\/li>\n<li data-start=\"3386\" data-end=\"3561\">Instalaci\u00f3n y puesta a tierra: siga el c\u00f3digo el\u00e9ctrico local; recomiende a un electricista cualificado para el cableado y la puesta a tierra.<\/li>\n<\/ul>\n<h2 data-start=\"4057\" data-end=\"4063\">FAQ<\/h2>\n<p data-start=\"4064\" data-end=\"4343\"><strong data-start=\"4064\" data-end=\"4117\">P: \u00bfPuede hacer funcionar motores de inducci\u00f3n y compresores?<\/strong><br data-start=\"4117\" data-end=\"4120\" \/>R: S\u00ed, el DZW est\u00e1 optimizado para cargas de motor. Como produce una onda sinusoidal de baja distorsi\u00f3n, los motores arrancan y funcionan con suavidad. Para arranques de motores grandes, dimensione el convertidor para permitir la sobretensi\u00f3n de arranque (consulte la ficha t\u00e9cnica).<\/p>\n<p data-start=\"4345\" data-end=\"4635\"><strong data-start=\"4345\" data-end=\"4404\">P: \u00bfEn qu\u00e9 se diferencia de un convertidor de fase rotativo?<\/strong><br data-start=\"4404\" data-end=\"4407\" \/>R: A diferencia de los convertidores rotativos, el DZW utiliza conversi\u00f3n de estado s\u00f3lido (inversor SVPWM) para producir una salida sinusoidal trif\u00e1sica estable y de baja distorsi\u00f3n cercana a la calidad de la red p\u00fablica, mejor para la electr\u00f3nica sensible y los variadores de velocidad.<\/p>\n<p data-start=\"4637\" data-end=\"4911\"><strong data-start=\"4637\" data-end=\"4666\">P: \u00bfMe ahorrar\u00e1 dinero?<\/strong><br data-start=\"4666\" data-end=\"4669\" \/>R: Puede resultar m\u00e1s econ\u00f3mico que solicitar un servicio trif\u00e1sico (gastos de instalaci\u00f3n, cableado mejorado). Sin embargo, el consumo de energ\u00eda depende de las cargas: la unidad convierte lo que tomas de la red monof\u00e1sica, por lo que el tama\u00f1o y el uso determinan el coste.<\/p>","protected":false},"excerpt":{"rendered":"<p>La serie DZW es compacta y de alto rendimiento <strong data-start=\"702\" data-end=\"745\">Transformador monof\u00e1sico a trif\u00e1sico<\/strong> alternativa - una <strong data-start=\"768\" data-end=\"787\">Convertidor de fase<\/strong> que convierte la red monof\u00e1sica ordinaria de 220 V en energ\u00eda trif\u00e1sica fiable de 380 V. Gracias a la modulaci\u00f3n avanzada SVPWM (PWM vectorial espacial) junto con la rectificaci\u00f3n, la conversi\u00f3n de frecuencia, la inversi\u00f3n y el refuerzo de tensi\u00f3n, la unidad proporciona una aut\u00e9ntica onda sinusoidal trif\u00e1sica con una distorsi\u00f3n arm\u00f3nica inferior a 2% y una excelente respuesta transitoria.<\/p>","protected":false},"featured_media":22068,"template":"","meta":[],"product_brand":[],"product_cat":[42,99,100],"product_tag":[],"class_list":{"0":"post-22067","1":"product","2":"type-product","3":"status-publish","4":"has-post-thumbnail","6":"product_cat-low-voltage-transformer","7":"product_cat-single-phase-transformers","8":"product_cat-three-phase-transformer","10":"first","11":"instock","12":"taxable","13":"shipping-taxable","14":"product-type-simple"},"yoast_head":"<!-- This site is optimized with the Yoast SEO plugin v25.0 - https:\/\/yoast.com\/wordpress\/plugins\/seo\/ -->\n<title>Single-Phase 220V To Three-Phase 380V Phase Converter | Transformer Factory - PINE-ZHENGXI<\/title>\n<meta name=\"robots\" content=\"index, follow, max-snippet:-1, max-image-preview:large, max-video-preview:-1\" \/>\n<link rel=\"canonical\" href=\"https:\/\/www.tronkiele.com\/es\/product\/single-phase-220v-to-three-phase-380v-phase-converter\/\" \/>\n<meta property=\"og:locale\" content=\"es_ES\" \/>\n<meta property=\"og:type\" content=\"article\" \/>\n<meta property=\"og:title\" content=\"Single-Phase 220V To Three-Phase 380V Phase Converter | Transformer Factory - PINE-ZHENGXI\" \/>\n<meta property=\"og:description\" content=\"The DZW series is a compact, high-performance Single-Phase To Three-Phase transformer alternative \u2014 a smart Phase Converter that turns ordinary 220V single-phase mains into reliable three-phase 380V power. Using advanced SVPWM (space-vector PWM) modulation together with rectification, frequency conversion, inversion and voltage boosting, the unit delivers a true three-phase sine wave with harmonic distortion below 2% and excellent transient response.\" \/>\n<meta property=\"og:url\" content=\"https:\/\/www.tronkiele.com\/es\/product\/single-phase-220v-to-three-phase-380v-phase-converter\/\" \/>\n<meta property=\"og:site_name\" content=\"PINE-ZHENGXI\" \/>\n<meta property=\"article:modified_time\" content=\"2025-10-07T06:26:16+00:00\" \/>\n<meta property=\"og:image\" content=\"https:\/\/www.tronkiele.com\/wp-content\/uploads\/2025\/09\/Single-220V-to-Three-phase-Voltage-Converter.webp\" \/>\n\t<meta property=\"og:image:width\" content=\"800\" \/>\n\t<meta property=\"og:image:height\" content=\"800\" \/>\n\t<meta property=\"og:image:type\" content=\"image\/webp\" \/>\n<meta name=\"twitter:card\" content=\"summary_large_image\" \/>\n<meta name=\"twitter:label1\" content=\"Tiempo de lectura\" \/>\n\t<meta name=\"twitter:data1\" content=\"3 minutos\" \/>\n<script type=\"application\/ld+json\" class=\"yoast-schema-graph\">{\"@context\":\"https:\/\/schema.org\",\"@graph\":[{\"@type\":\"WebPage\",\"@id\":\"https:\/\/www.tronkiele.com\/product\/single-phase-220v-to-three-phase-380v-phase-converter\/\",\"url\":\"https:\/\/www.tronkiele.com\/product\/single-phase-220v-to-three-phase-380v-phase-converter\/\",\"name\":\"Single-Phase 220V To Three-Phase 380V Phase Converter | Transformer Factory - PINE-ZHENGXI\",\"isPartOf\":{\"@id\":\"https:\/\/www.tronkiele.com\/#website\"},\"primaryImageOfPage\":{\"@id\":\"https:\/\/www.tronkiele.com\/product\/single-phase-220v-to-three-phase-380v-phase-converter\/#primaryimage\"},\"image\":{\"@id\":\"https:\/\/www.tronkiele.com\/product\/single-phase-220v-to-three-phase-380v-phase-converter\/#primaryimage\"},\"thumbnailUrl\":\"https:\/\/www.tronkiele.com\/wp-content\/uploads\/2025\/09\/Single-220V-to-Three-phase-Voltage-Converter.webp\",\"datePublished\":\"2025-10-04T02:43:33+00:00\",\"dateModified\":\"2025-10-07T06:26:16+00:00\",\"breadcrumb\":{\"@id\":\"https:\/\/www.tronkiele.com\/product\/single-phase-220v-to-three-phase-380v-phase-converter\/#breadcrumb\"},\"inLanguage\":\"es\",\"potentialAction\":[{\"@type\":\"ReadAction\",\"target\":[\"https:\/\/www.tronkiele.com\/product\/single-phase-220v-to-three-phase-380v-phase-converter\/\"]}]},{\"@type\":\"ImageObject\",\"inLanguage\":\"es\",\"@id\":\"https:\/\/www.tronkiele.com\/product\/single-phase-220v-to-three-phase-380v-phase-converter\/#primaryimage\",\"url\":\"https:\/\/www.tronkiele.com\/wp-content\/uploads\/2025\/09\/Single-220V-to-Three-phase-Voltage-Converter.webp\",\"contentUrl\":\"https:\/\/www.tronkiele.com\/wp-content\/uploads\/2025\/09\/Single-220V-to-Three-phase-Voltage-Converter.webp\",\"width\":800,\"height\":800,\"caption\":\"Single 220V to Three phase Voltage Converter\"},{\"@type\":\"BreadcrumbList\",\"@id\":\"https:\/\/www.tronkiele.com\/product\/single-phase-220v-to-three-phase-380v-phase-converter\/#breadcrumb\",\"itemListElement\":[{\"@type\":\"ListItem\",\"position\":1,\"name\":\"Home\",\"item\":\"https:\/\/www.tronkiele.com\/\"},{\"@type\":\"ListItem\",\"position\":2,\"name\":\"Products\",\"item\":\"https:\/\/www.tronkiele.com\/shop\/\"},{\"@type\":\"ListItem\",\"position\":3,\"name\":\"Single-Phase 220V To Three-Phase 380V Phase Converter\"}]},{\"@type\":\"WebSite\",\"@id\":\"https:\/\/www.tronkiele.com\/#website\",\"url\":\"https:\/\/www.tronkiele.com\/\",\"name\":\"PINE-ZHENGXI\",\"description\":\"\",\"publisher\":{\"@id\":\"https:\/\/www.tronkiele.com\/#organization\"},\"potentialAction\":[{\"@type\":\"SearchAction\",\"target\":{\"@type\":\"EntryPoint\",\"urlTemplate\":\"https:\/\/www.tronkiele.com\/?s={search_term_string}\"},\"query-input\":{\"@type\":\"PropertyValueSpecification\",\"valueRequired\":true,\"valueName\":\"search_term_string\"}}],\"inLanguage\":\"es\"},{\"@type\":\"Organization\",\"@id\":\"https:\/\/www.tronkiele.com\/#organization\",\"name\":\"PINE-ZHENGXI\",\"url\":\"https:\/\/www.tronkiele.com\/\",\"logo\":{\"@type\":\"ImageObject\",\"inLanguage\":\"es\",\"@id\":\"https:\/\/www.tronkiele.com\/#\/schema\/logo\/image\/\",\"url\":\"https:\/\/www.tronkiele.com\/wp-content\/uploads\/2024\/11\/cropped-tronki.webp\",\"contentUrl\":\"https:\/\/www.tronkiele.com\/wp-content\/uploads\/2024\/11\/cropped-tronki.webp\",\"width\":512,\"height\":512,\"caption\":\"PINE-ZHENGXI\"},\"image\":{\"@id\":\"https:\/\/www.tronkiele.com\/#\/schema\/logo\/image\/\"}}]}<\/script>\n<!-- \/ Yoast SEO plugin. -->","yoast_head_json":{"title":"Convertidor de fase monof\u00e1sico 220V a trif\u00e1sico 380V | F\u00e1brica de transformadores - PINE-ZHENGXI","robots":{"index":"index","follow":"follow","max-snippet":"max-snippet:-1","max-image-preview":"max-image-preview:large","max-video-preview":"max-video-preview:-1"},"canonical":"https:\/\/www.tronkiele.com\/es\/product\/single-phase-220v-to-three-phase-380v-phase-converter\/","og_locale":"es_ES","og_type":"article","og_title":"Single-Phase 220V To Three-Phase 380V Phase Converter | Transformer Factory - PINE-ZHENGXI","og_description":"The DZW series is a compact, high-performance Single-Phase To Three-Phase transformer alternative \u2014 a smart Phase Converter that turns ordinary 220V single-phase mains into reliable three-phase 380V power. Using advanced SVPWM (space-vector PWM) modulation together with rectification, frequency conversion, inversion and voltage boosting, the unit delivers a true three-phase sine wave with harmonic distortion below 2% and excellent transient response.","og_url":"https:\/\/www.tronkiele.com\/es\/product\/single-phase-220v-to-three-phase-380v-phase-converter\/","og_site_name":"PINE-ZHENGXI","article_modified_time":"2025-10-07T06:26:16+00:00","og_image":[{"width":800,"height":800,"url":"https:\/\/www.tronkiele.com\/wp-content\/uploads\/2025\/09\/Single-220V-to-Three-phase-Voltage-Converter.webp","type":"image\/webp"}],"twitter_card":"summary_large_image","twitter_misc":{"Tiempo de lectura":"3 minutos"},"schema":{"@context":"https:\/\/schema.org","@graph":[{"@type":"WebPage","@id":"https:\/\/www.tronkiele.com\/product\/single-phase-220v-to-three-phase-380v-phase-converter\/","url":"https:\/\/www.tronkiele.com\/product\/single-phase-220v-to-three-phase-380v-phase-converter\/","name":"Convertidor de fase monof\u00e1sico 220V a trif\u00e1sico 380V | F\u00e1brica de transformadores - PINE-ZHENGXI","isPartOf":{"@id":"https:\/\/www.tronkiele.com\/#website"},"primaryImageOfPage":{"@id":"https:\/\/www.tronkiele.com\/product\/single-phase-220v-to-three-phase-380v-phase-converter\/#primaryimage"},"image":{"@id":"https:\/\/www.tronkiele.com\/product\/single-phase-220v-to-three-phase-380v-phase-converter\/#primaryimage"},"thumbnailUrl":"https:\/\/www.tronkiele.com\/wp-content\/uploads\/2025\/09\/Single-220V-to-Three-phase-Voltage-Converter.webp","datePublished":"2025-10-04T02:43:33+00:00","dateModified":"2025-10-07T06:26:16+00:00","breadcrumb":{"@id":"https:\/\/www.tronkiele.com\/product\/single-phase-220v-to-three-phase-380v-phase-converter\/#breadcrumb"},"inLanguage":"es","potentialAction":[{"@type":"ReadAction","target":["https:\/\/www.tronkiele.com\/product\/single-phase-220v-to-three-phase-380v-phase-converter\/"]}]},{"@type":"ImageObject","inLanguage":"es","@id":"https:\/\/www.tronkiele.com\/product\/single-phase-220v-to-three-phase-380v-phase-converter\/#primaryimage","url":"https:\/\/www.tronkiele.com\/wp-content\/uploads\/2025\/09\/Single-220V-to-Three-phase-Voltage-Converter.webp","contentUrl":"https:\/\/www.tronkiele.com\/wp-content\/uploads\/2025\/09\/Single-220V-to-Three-phase-Voltage-Converter.webp","width":800,"height":800,"caption":"Single 220V to Three phase Voltage Converter"},{"@type":"BreadcrumbList","@id":"https:\/\/www.tronkiele.com\/product\/single-phase-220v-to-three-phase-380v-phase-converter\/#breadcrumb","itemListElement":[{"@type":"ListItem","position":1,"name":"Home","item":"https:\/\/www.tronkiele.com\/"},{"@type":"ListItem","position":2,"name":"Products","item":"https:\/\/www.tronkiele.com\/shop\/"},{"@type":"ListItem","position":3,"name":"Single-Phase 220V To Three-Phase 380V Phase Converter"}]},{"@type":"WebSite","@id":"https:\/\/www.tronkiele.com\/#website","url":"https:\/\/www.tronkiele.com\/","name":"PINO-ZHENGXI","description":"","publisher":{"@id":"https:\/\/www.tronkiele.com\/#organization"},"potentialAction":[{"@type":"SearchAction","target":{"@type":"EntryPoint","urlTemplate":"https:\/\/www.tronkiele.com\/?s={search_term_string}"},"query-input":{"@type":"PropertyValueSpecification","valueRequired":true,"valueName":"search_term_string"}}],"inLanguage":"es"},{"@type":"Organization","@id":"https:\/\/www.tronkiele.com\/#organization","name":"PINO-ZHENGXI","url":"https:\/\/www.tronkiele.com\/","logo":{"@type":"ImageObject","inLanguage":"es","@id":"https:\/\/www.tronkiele.com\/#\/schema\/logo\/image\/","url":"https:\/\/www.tronkiele.com\/wp-content\/uploads\/2024\/11\/cropped-tronki.webp","contentUrl":"https:\/\/www.tronkiele.com\/wp-content\/uploads\/2024\/11\/cropped-tronki.webp","width":512,"height":512,"caption":"PINE-ZHENGXI"},"image":{"@id":"https:\/\/www.tronkiele.com\/#\/schema\/logo\/image\/"}}]}},"_links":{"self":[{"href":"https:\/\/www.tronkiele.com\/es\/wp-json\/wp\/v2\/product\/22067","targetHints":{"allow":["GET"]}}],"collection":[{"href":"https:\/\/www.tronkiele.com\/es\/wp-json\/wp\/v2\/product"}],"about":[{"href":"https:\/\/www.tronkiele.com\/es\/wp-json\/wp\/v2\/types\/product"}],"version-history":[{"count":2,"href":"https:\/\/www.tronkiele.com\/es\/wp-json\/wp\/v2\/product\/22067\/revisions"}],"predecessor-version":[{"id":22071,"href":"https:\/\/www.tronkiele.com\/es\/wp-json\/wp\/v2\/product\/22067\/revisions\/22071"}],"wp:featuredmedia":[{"embeddable":true,"href":"https:\/\/www.tronkiele.com\/es\/wp-json\/wp\/v2\/media\/22068"}],"wp:attachment":[{"href":"https:\/\/www.tronkiele.com\/es\/wp-json\/wp\/v2\/media?parent=22067"}],"wp:term":[{"taxonomy":"product_brand","embeddable":true,"href":"https:\/\/www.tronkiele.com\/es\/wp-json\/wp\/v2\/product_brand?post=22067"},{"taxonomy":"product_cat","embeddable":true,"href":"https:\/\/www.tronkiele.com\/es\/wp-json\/wp\/v2\/product_cat?post=22067"},{"taxonomy":"product_tag","embeddable":true,"href":"https:\/\/www.tronkiele.com\/es\/wp-json\/wp\/v2\/product_tag?post=22067"}],"curies":[{"name":"wp","href":"https:\/\/api.w.org\/{rel}","templated":true}]}}