{"id":22072,"date":"2025-10-04T05:37:36","date_gmt":"2025-10-04T05:37:36","guid":{"rendered":"https:\/\/www.tronkiele.com\/?post_type=product&#038;p=22072"},"modified":"2025-10-04T05:37:36","modified_gmt":"2025-10-04T05:37:36","slug":"step-up-and-down-voltage-converter-110v-to-220v-transformer","status":"publish","type":"product","link":"https:\/\/www.tronkiele.com\/es\/product\/step-up-and-down-voltage-converter-110v-to-220v-transformer\/","title":{"rendered":"TC 100va-5Kva Port\u00e1til Peque\u00f1o Paso Arriba Y Abajo Voltaje Convertidor 110v A 220v Transformador"},"content":{"rendered":"<h2 data-start=\"1853\" data-end=\"1869\">Caracter\u00edsticas principales<\/h2>\n<ul>\n<li>Doble funci\u00f3n (subida y bajada): Convierte el voltaje entre 110-120V y 220-240V para uso universal<\/li>\n<li>Dise\u00f1o resistente: Construido con bobinas de cobre y materiales duraderos para una larga vida \u00fatil y una salida estable.<\/li>\n<li>Protecci\u00f3n de seguridad: Equipado con fusible o protecci\u00f3n contra sobrecorriente para garantizar la seguridad durante el funcionamiento continuo.<\/li>\n<li>M\u00faltiples opciones de enchufe: Compatible con los est\u00e1ndares de enchufe estadounidense, europeo, brit\u00e1nico, Schuko, VDE, australiano y asi\u00e1tico.<\/li>\n<li>Salida vers\u00e1til: Hasta tres tomas de salida de CA disponibles para un c\u00f3modo uso multidispositivo.<\/li>\n<li>Salida estable: La salida de CA pura garantiza un rendimiento fiable para los componentes electr\u00f3nicos sensibles.<\/li>\n<li>Compacta y port\u00e1til: F\u00e1cil de transportar para el hogar, viajes o aplicaciones de taller.<\/li>\n<li>Amplio rango de entrada: 110V\/117V\/120V\/220V\/230V\/240V seleccionable; la salida se adapta en consecuencia.<\/li>\n<\/ul>\n<h2 class=\"wp-block-heading\"><strong>Par\u00e1metros t\u00e9cnicos<\/strong><\/h2>\n<table class=\"has-fixed-layout\">\n<tbody>\n<tr>\n<td>Tipo<\/td>\n<td>Tama\u00f1o del producto (cm)<\/td>\n<td>Tama\u00f1o del paquete (cm)<\/td>\n<td>CANT<\/td>\n<\/tr>\n<tr>\n<td>TC-100VA<\/td>\n<td>10*6.9*8.2<\/td>\n<td>27*27*19<\/td>\n<td>12<\/td>\n<\/tr>\n<tr>\n<td>TC-200VA<\/td>\n<td>11*6.9*8.2<\/td>\n<td>27*27*19<\/td>\n<td>12<\/td>\n<\/tr>\n<tr>\n<td>TC-300VA<\/td>\n<td>12.3*6.9*8.2<\/td>\n<td>27*27*19<\/td>\n<td>12<\/td>\n<\/tr>\n<tr>\n<td>TC-500VA<\/td>\n<td>12.7*8.5*10.1<\/td>\n<td>30.5*22.5*23<\/td>\n<td>8<\/td>\n<\/tr>\n<tr>\n<td>TC-800VA<\/td>\n<td>13.7*8.5*10.1<\/td>\n<td>30.5*22.5*23<\/td>\n<td>8<\/td>\n<\/tr>\n<tr>\n<td>TC-1000VA<\/td>\n<td>14.7*8.5*10.1<\/td>\n<td>30.5*22.5*23<\/td>\n<td>8<\/td>\n<\/tr>\n<tr>\n<td>TC-1500VA<\/td>\n<td>15*13*15.5<\/td>\n<td>31.5*17.5*18<\/td>\n<td>4<\/td>\n<\/tr>\n<tr>\n<td>TC-2000VA<\/td>\n<td>16.5*13*15.5<\/td>\n<td>31.5*17.5*18<\/td>\n<td>4<\/td>\n<\/tr>\n<tr>\n<td>TC-3000VA<\/td>\n<td>19*13*15.5<\/td>\n<td>29.8*24*20.5<\/td>\n<td>2<\/td>\n<\/tr>\n<tr>\n<td>TC-5000VA<\/td>\n<td>22*13*15.5<\/td>\n<td>29.8*24*20.5<\/td>\n<td>2<\/td>\n<\/tr>\n<\/tbody>\n<\/table>\n<h2 data-start=\"1324\" data-end=\"1339\">Aplicaciones<\/h2>\n<p>Este convertidor de voltaje es ideal tanto para el hogar como para la oficina. Es compatible con una amplia gama de aparatos el\u00e9ctricos tales como:<\/p>\n<ul>\n<li>Electrodom\u00e9sticos: arroceras, cafeteras, exprimidores, dispensadores de agua y ventiladores<\/li>\n<li>Electr\u00f3nica: ordenadores, impresoras, faxes y amplificadores de audio<\/li>\n<li>Herramientas el\u00e9ctricas y aparatos de peluquer\u00eda: taladros, secadores de pelo y otras herramientas de 110 V o 220 V.<\/li>\n<li>Perfecto para viajeros internacionales, peque\u00f1os talleres o usuarios dom\u00e9sticos que necesitan utilizar aparatos importados de forma segura.<\/li>\n<\/ul>\n<h2 data-start=\"2715\" data-end=\"2742\">Especificaciones t\u00e9cnicas<\/h2>\n<div class=\"_tableContainer_1rjym_1\">\n<div class=\"group _tableWrapper_1rjym_13 flex w-fit flex-col-reverse\" tabindex=\"-1\">\n<table class=\"w-fit min-w-(--thread-content-width)\" data-start=\"2744\" data-end=\"3336\">\n<thead data-start=\"2744\" data-end=\"2771\">\n<tr data-start=\"2744\" data-end=\"2771\">\n<th data-start=\"2744\" data-end=\"2756\" data-col-size=\"sm\">Par\u00e1metro<\/th>\n<th data-start=\"2756\" data-end=\"2771\" data-col-size=\"md\">Descripci\u00f3n<\/th>\n<\/tr>\n<\/thead>\n<tbody data-start=\"2802\" data-end=\"3336\">\n<tr data-start=\"2802\" data-end=\"2862\">\n<td data-start=\"2802\" data-end=\"2813\" data-col-size=\"sm\"><strong data-start=\"2804\" data-end=\"2812\">Tipo<\/strong><\/td>\n<td data-start=\"2813\" data-end=\"2862\" data-col-size=\"md\">Convertidor monof\u00e1sico de subida y bajada de tensi\u00f3n<\/td>\n<\/tr>\n<tr data-start=\"2863\" data-end=\"2922\">\n<td data-start=\"2863\" data-end=\"2883\" data-col-size=\"sm\"><strong data-start=\"2865\" data-end=\"2882\">Tensi\u00f3n de entrada<\/strong><\/td>\n<td data-start=\"2883\" data-end=\"2922\" data-col-size=\"md\">AC 110V \/ 200V \/ 220V \/ 230V \/ 240V<\/td>\n<\/tr>\n<tr data-start=\"2923\" data-end=\"2962\">\n<td data-start=\"2923\" data-end=\"2944\" data-col-size=\"sm\"><strong data-start=\"2925\" data-end=\"2943\">Tensi\u00f3n de salida<\/strong><\/td>\n<td data-start=\"2944\" data-end=\"2962\" data-col-size=\"md\">CA 110 V Y 220 V<\/td>\n<\/tr>\n<tr data-start=\"2963\" data-end=\"2994\">\n<td data-start=\"2963\" data-end=\"2979\" data-col-size=\"sm\"><strong data-start=\"2965\" data-end=\"2978\">Frecuencia<\/strong><\/td>\n<td data-start=\"2979\" data-end=\"2994\" data-col-size=\"md\">50Hz \/ 60Hz<\/td>\n<\/tr>\n<tr data-start=\"2995\" data-end=\"3108\">\n<td data-start=\"2995\" data-end=\"3016\" data-col-size=\"sm\"><strong data-start=\"2997\" data-end=\"3015\">Capacidad nominal<\/strong><\/td>\n<td data-start=\"3016\" data-end=\"3108\" data-col-size=\"md\">100VA, 200VA, 300VA, 500VA, 800VA, 1000VA, 1500VA, 2000VA, 3000VA, 5000VA (personalizable)<\/td>\n<\/tr>\n<tr data-start=\"3109\" data-end=\"3160\">\n<td data-start=\"3109\" data-end=\"3126\" data-col-size=\"sm\"><strong data-start=\"3111\" data-end=\"3125\">Protecci\u00f3n<\/strong><\/td>\n<td data-start=\"3126\" data-end=\"3160\" data-col-size=\"md\">Fusible o protector de sobreintensidad<\/td>\n<\/tr>\n<tr data-start=\"3161\" data-end=\"3246\">\n<td data-start=\"3161\" data-end=\"3183\" data-col-size=\"sm\"><strong data-start=\"3163\" data-end=\"3182\">Tipo de conexi\u00f3n<\/strong><\/td>\n<td data-start=\"3183\" data-end=\"3246\" data-col-size=\"md\">Enchufe y toma de corriente (hasta 3000VA); entrada de terminal (por encima de 3000VA)<\/td>\n<\/tr>\n<tr data-start=\"3247\" data-end=\"3284\">\n<td data-start=\"3247\" data-end=\"3261\" data-col-size=\"sm\"><strong data-start=\"3249\" data-end=\"3260\">Refrigeraci\u00f3n<\/strong><\/td>\n<td data-start=\"3261\" data-end=\"3284\" data-col-size=\"md\">Refrigeraci\u00f3n natural por aire<\/td>\n<\/tr>\n<tr data-start=\"3285\" data-end=\"3336\">\n<td data-start=\"3285\" data-end=\"3304\" data-col-size=\"sm\"><strong data-start=\"3287\" data-end=\"3303\">Vida \u00fatil<\/strong><\/td>\n<td data-start=\"3304\" data-end=\"3336\" data-col-size=\"md\">&gt;10 a\u00f1os (en condiciones normales de uso)<\/td>\n<\/tr>\n<\/tbody>\n<\/table>\n<\/div>\n<\/div>\n<h2 data-start=\"3343\" data-end=\"3362\">Normas de uso<\/h2>\n<ol data-start=\"3364\" data-end=\"4180\">\n<li data-start=\"3364\" data-end=\"3490\">\n<p data-start=\"3367\" data-end=\"3490\"><strong data-start=\"3367\" data-end=\"3385\">Comprobaci\u00f3n previa al uso:<\/strong> Antes de conectar el aparato, encienda el transformador durante 3-5 minutos para garantizar un funcionamiento normal.<\/p>\n<\/li>\n<li data-start=\"3491\" data-end=\"3770\">\n<p data-start=\"3494\" data-end=\"3515\"><strong data-start=\"3494\" data-end=\"3513\">Selecci\u00f3n de carga:<\/strong><\/p>\n<ul data-start=\"3519\" data-end=\"3770\">\n<li data-start=\"3519\" data-end=\"3594\">\n<p data-start=\"3521\" data-end=\"3594\">Visite <strong data-start=\"3524\" data-end=\"3531\">no<\/strong> hacer funcionar el convertidor a plena carga o con sobrecarga durante periodos prolongados.<\/p>\n<\/li>\n<li data-start=\"3598\" data-end=\"3675\">\n<p data-start=\"3600\" data-end=\"3675\">Elija un transformador <strong data-start=\"3627\" data-end=\"3646\">1,2-1,5\u00d7 mayor<\/strong> que la potencia de tu aparato.<\/p>\n<\/li>\n<li data-start=\"3679\" data-end=\"3770\">\n<p data-start=\"3681\" data-end=\"3770\">Para un uso continuo de 24 horas, seleccione un transformador con una capacidad nominal de <strong data-start=\"3736\" data-end=\"3767\">2\u00d7 la potencia de su aparato<\/strong>.<\/p>\n<\/li>\n<\/ul>\n<\/li>\n<li data-start=\"3771\" data-end=\"3980\">\n<p data-start=\"3774\" data-end=\"3796\"><strong data-start=\"3774\" data-end=\"3794\">Referencia de potencia:<\/strong><\/p>\n<ul data-start=\"3800\" data-end=\"3980\">\n<li data-start=\"3800\" data-end=\"3831\">\n<p data-start=\"3802\" data-end=\"3831\">Transformador de 200-400 W \u2192 500 W<\/p>\n<\/li>\n<li data-start=\"3835\" data-end=\"3867\">\n<p data-start=\"3837\" data-end=\"3867\">Transformador de 400-800W \u2192 1000W<\/p>\n<\/li>\n<li data-start=\"3871\" data-end=\"3904\">\n<p data-start=\"3873\" data-end=\"3904\">Transformador de 800-1300 W \u2192 1500 W<\/p>\n<\/li>\n<li data-start=\"3908\" data-end=\"3942\">\n<p data-start=\"3910\" data-end=\"3942\">Transformador de 1300-1800W \u2192 2000W<\/p>\n<\/li>\n<li data-start=\"3946\" data-end=\"3980\">\n<p data-start=\"3948\" data-end=\"3980\">Transformador de 1800-2400W \u2192 3000W<\/p>\n<\/li>\n<\/ul>\n<\/li>\n<li data-start=\"3981\" data-end=\"4079\">\n<p data-start=\"3984\" data-end=\"4079\"><strong data-start=\"3984\" data-end=\"4005\">Refrigeraci\u00f3n y seguridad:<\/strong> Asegurar una buena ventilaci\u00f3n; evitar la humedad, el calor y los materiales inflamables.<\/p>\n<\/li>\n<li data-start=\"4080\" data-end=\"4180\">\n<p data-start=\"4083\" data-end=\"4180\"><strong data-start=\"4083\" data-end=\"4097\">Apagado:<\/strong> Desconecte siempre la alimentaci\u00f3n el\u00e9ctrica despu\u00e9s del uso para prolongar la vida \u00fatil del transformador.<\/p>\n<\/li>\n<\/ol>\n<h2 data-start=\"4187\" data-end=\"4215\">\u00bfPor qu\u00e9 elegir la serie TC?<\/h2>\n<p data-start=\"4217\" data-end=\"4473\">\u2714 <strong data-start=\"4219\" data-end=\"4258\">Soluci\u00f3n de tensi\u00f3n universal fiable<\/strong> para casa y de viaje<br data-start=\"4278\" data-end=\"4281\" \/>\u2714 <strong data-start=\"4283\" data-end=\"4309\">Salida segura y estable<\/strong> con protecci\u00f3n contra cortocircuitos y sobrecargas<br data-start=\"4352\" data-end=\"4355\" \/>\u2714 <strong data-start=\"4357\" data-end=\"4376\">F\u00e1cil de manejar<\/strong> con dise\u00f1o plug-and-play<br data-start=\"4402\" data-end=\"4405\" \/>\u2714 <strong data-start=\"4407\" data-end=\"4441\">Compacto, port\u00e1til y duradero<\/strong> - ideal para un uso diario prolongado<\/p>\n<p>&nbsp;<\/p>","protected":false},"excerpt":{"rendered":"<p data-start=\"588\" data-end=\"927\">En <strong data-start=\"592\" data-end=\"649\">Convertidor port\u00e1til de subida y bajada de tensi\u00f3n serie TC<\/strong> est\u00e1 dise\u00f1ado para usuarios que necesitan utilizar aparatos el\u00e9ctricos con diferentes niveles de tensi\u00f3n. Este fiable <strong data-start=\"762\" data-end=\"790\">Transformador de 110 V a 220 V<\/strong> convierte eficazmente la alimentaci\u00f3n entre 110 V-120 V y 220 V-240 V, garantizando un rendimiento seguro y estable para sus dispositivos en cualquier parte del mundo.<\/p>\n<p data-start=\"929\" data-end=\"1005\">Con su dise\u00f1o de doble n\u00facleo, el <strong data-start=\"960\" data-end=\"986\">Transformador de 110 a 220<\/strong> funciona en ambos sentidos:<\/p>\n<ul>\n<li data-start=\"929\" data-end=\"1005\">Convierte 110V a 220V (step-up)<\/li>\n<li data-start=\"929\" data-end=\"1005\">Convierte de 220 V a 110 V (reductor)<\/li>\n<\/ul>\n<p data-start=\"1087\" data-end=\"1317\">S\u00f3lo tiene que seleccionar el voltaje de entrada adecuado para su regi\u00f3n mediante el selector de voltaje integrado: opciones disponibles: <strong data-start=\"1207\" data-end=\"1236\">110V \/ 220V \/ 230V \/ 240V<\/strong>. La salida correspondiente proporciona alimentaci\u00f3n de CA limpia y estable para sus equipos.<\/p>","protected":false},"featured_media":22078,"template":"","meta":[],"product_brand":[],"product_cat":[42,99],"product_tag":[],"class_list":{"0":"post-22072","1":"product","2":"type-product","3":"status-publish","4":"has-post-thumbnail","6":"product_cat-low-voltage-transformer","7":"product_cat-single-phase-transformers","9":"first","10":"instock","11":"taxable","12":"shipping-taxable","13":"product-type-simple"},"yoast_head":"<!-- This site is optimized with the Yoast SEO plugin v25.0 - https:\/\/yoast.com\/wordpress\/plugins\/seo\/ -->\n<title>Voltage Converter Manufacturer | 110V to 220V Step Up &amp; Down Transformer 100VA\u20135KVA - PINE<\/title>\n<meta name=\"robots\" content=\"index, follow, max-snippet:-1, max-image-preview:large, max-video-preview:-1\" \/>\n<link rel=\"canonical\" href=\"https:\/\/www.tronkiele.com\/es\/product\/step-up-and-down-voltage-converter-110v-to-220v-transformer\/\" \/>\n<meta property=\"og:locale\" content=\"es_ES\" \/>\n<meta property=\"og:type\" content=\"article\" \/>\n<meta property=\"og:title\" content=\"Voltage Converter Manufacturer | 110V to 220V Step Up &amp; Down Transformer 100VA\u20135KVA - PINE\" \/>\n<meta property=\"og:description\" content=\"The TC Series Portable Step Up and Down Voltage Converter is designed for users who need to operate electrical appliances with different voltage standards. This reliable 110V to 220V transformer efficiently converts power between 110V\u2013120V and 220V\u2013240V, ensuring safe and stable performance for your devices anywhere in the world. With its dual-core design, the 110 To 220 Transformer works both ways:    Converts 110V to 220V (step-up)  Converts 220V to 110V (step-down)  Simply select the correct input voltage for your region using the built-in voltage selector switch \u2014 available options: 110V \/ 220V \/ 230V \/ 240V. The corresponding output provides clean and stable AC power for your equipment.\" \/>\n<meta property=\"og:url\" content=\"https:\/\/www.tronkiele.com\/es\/product\/step-up-and-down-voltage-converter-110v-to-220v-transformer\/\" \/>\n<meta property=\"og:site_name\" content=\"PINE\" \/>\n<meta property=\"og:image\" content=\"https:\/\/www.tronkiele.com\/wp-content\/uploads\/2025\/10\/TC-100va-5Kva-Portable-Small-Step-Up-And-Down-Voltage-Converter-110v-To-220v-Transformer.webp\" \/>\n\t<meta property=\"og:image:width\" content=\"800\" \/>\n\t<meta property=\"og:image:height\" content=\"800\" \/>\n\t<meta property=\"og:image:type\" content=\"image\/webp\" \/>\n<meta name=\"twitter:card\" content=\"summary_large_image\" \/>\n<meta name=\"twitter:label1\" content=\"Tiempo de lectura\" \/>\n\t<meta name=\"twitter:data1\" content=\"3 minutos\" \/>\n<script type=\"application\/ld+json\" class=\"yoast-schema-graph\">{\"@context\":\"https:\/\/schema.org\",\"@graph\":[{\"@type\":\"WebPage\",\"@id\":\"https:\/\/www.tronkiele.com\/product\/step-up-and-down-voltage-converter-110v-to-220v-transformer\/\",\"url\":\"https:\/\/www.tronkiele.com\/product\/step-up-and-down-voltage-converter-110v-to-220v-transformer\/\",\"name\":\"Voltage Converter Manufacturer | 110V to 220V Step Up & Down Transformer 100VA\u20135KVA - PINE\",\"isPartOf\":{\"@id\":\"https:\/\/www.tronkiele.com\/#website\"},\"primaryImageOfPage\":{\"@id\":\"https:\/\/www.tronkiele.com\/product\/step-up-and-down-voltage-converter-110v-to-220v-transformer\/#primaryimage\"},\"image\":{\"@id\":\"https:\/\/www.tronkiele.com\/product\/step-up-and-down-voltage-converter-110v-to-220v-transformer\/#primaryimage\"},\"thumbnailUrl\":\"https:\/\/www.tronkiele.com\/wp-content\/uploads\/2025\/10\/TC-100va-5Kva-Portable-Small-Step-Up-And-Down-Voltage-Converter-110v-To-220v-Transformer.webp\",\"datePublished\":\"2025-10-04T05:37:36+00:00\",\"breadcrumb\":{\"@id\":\"https:\/\/www.tronkiele.com\/product\/step-up-and-down-voltage-converter-110v-to-220v-transformer\/#breadcrumb\"},\"inLanguage\":\"es\",\"potentialAction\":[{\"@type\":\"ReadAction\",\"target\":[\"https:\/\/www.tronkiele.com\/product\/step-up-and-down-voltage-converter-110v-to-220v-transformer\/\"]}]},{\"@type\":\"ImageObject\",\"inLanguage\":\"es\",\"@id\":\"https:\/\/www.tronkiele.com\/product\/step-up-and-down-voltage-converter-110v-to-220v-transformer\/#primaryimage\",\"url\":\"https:\/\/www.tronkiele.com\/wp-content\/uploads\/2025\/10\/TC-100va-5Kva-Portable-Small-Step-Up-And-Down-Voltage-Converter-110v-To-220v-Transformer.webp\",\"contentUrl\":\"https:\/\/www.tronkiele.com\/wp-content\/uploads\/2025\/10\/TC-100va-5Kva-Portable-Small-Step-Up-And-Down-Voltage-Converter-110v-To-220v-Transformer.webp\",\"width\":800,\"height\":800,\"caption\":\"TC 100va-5Kva Portable Small Step Up And Down Voltage Converter 110v To 220v Transformer\"},{\"@type\":\"BreadcrumbList\",\"@id\":\"https:\/\/www.tronkiele.com\/product\/step-up-and-down-voltage-converter-110v-to-220v-transformer\/#breadcrumb\",\"itemListElement\":[{\"@type\":\"ListItem\",\"position\":1,\"name\":\"Home\",\"item\":\"https:\/\/www.tronkiele.com\/\"},{\"@type\":\"ListItem\",\"position\":2,\"name\":\"Products\",\"item\":\"https:\/\/www.tronkiele.com\/shop\/\"},{\"@type\":\"ListItem\",\"position\":3,\"name\":\"TC 100va-5Kva Portable Small Step Up And Down Voltage Converter 110v To 220v Transformer\"}]},{\"@type\":\"WebSite\",\"@id\":\"https:\/\/www.tronkiele.com\/#website\",\"url\":\"https:\/\/www.tronkiele.com\/\",\"name\":\"PINE\",\"description\":\"\",\"publisher\":{\"@id\":\"https:\/\/www.tronkiele.com\/#organization\"},\"potentialAction\":[{\"@type\":\"SearchAction\",\"target\":{\"@type\":\"EntryPoint\",\"urlTemplate\":\"https:\/\/www.tronkiele.com\/?s={search_term_string}\"},\"query-input\":{\"@type\":\"PropertyValueSpecification\",\"valueRequired\":true,\"valueName\":\"search_term_string\"}}],\"inLanguage\":\"es\"},{\"@type\":\"Organization\",\"@id\":\"https:\/\/www.tronkiele.com\/#organization\",\"name\":\"PINE\",\"url\":\"https:\/\/www.tronkiele.com\/\",\"logo\":{\"@type\":\"ImageObject\",\"inLanguage\":\"es\",\"@id\":\"https:\/\/www.tronkiele.com\/#\/schema\/logo\/image\/\",\"url\":\"https:\/\/www.tronkiele.com\/wp-content\/uploads\/2024\/11\/cropped-tronki.webp\",\"contentUrl\":\"https:\/\/www.tronkiele.com\/wp-content\/uploads\/2024\/11\/cropped-tronki.webp\",\"width\":512,\"height\":512,\"caption\":\"PINE\"},\"image\":{\"@id\":\"https:\/\/www.tronkiele.com\/#\/schema\/logo\/image\/\"}}]}<\/script>\n<!-- \/ Yoast SEO plugin. -->","yoast_head_json":{"title":"Convertidor de voltaje Fabricante | Transformador elevador y reductor de 110V a 220V 100VA-5KVA - PINE","robots":{"index":"index","follow":"follow","max-snippet":"max-snippet:-1","max-image-preview":"max-image-preview:large","max-video-preview":"max-video-preview:-1"},"canonical":"https:\/\/www.tronkiele.com\/es\/product\/step-up-and-down-voltage-converter-110v-to-220v-transformer\/","og_locale":"es_ES","og_type":"article","og_title":"Voltage Converter Manufacturer | 110V to 220V Step Up & Down Transformer 100VA\u20135KVA - PINE","og_description":"The TC Series Portable Step Up and Down Voltage Converter is designed for users who need to operate electrical appliances with different voltage standards. This reliable 110V to 220V transformer efficiently converts power between 110V\u2013120V and 220V\u2013240V, ensuring safe and stable performance for your devices anywhere in the world. With its dual-core design, the 110 To 220 Transformer works both ways:    Converts 110V to 220V (step-up)  Converts 220V to 110V (step-down)  Simply select the correct input voltage for your region using the built-in voltage selector switch \u2014 available options: 110V \/ 220V \/ 230V \/ 240V. The corresponding output provides clean and stable AC power for your equipment.","og_url":"https:\/\/www.tronkiele.com\/es\/product\/step-up-and-down-voltage-converter-110v-to-220v-transformer\/","og_site_name":"PINE","og_image":[{"width":800,"height":800,"url":"https:\/\/www.tronkiele.com\/wp-content\/uploads\/2025\/10\/TC-100va-5Kva-Portable-Small-Step-Up-And-Down-Voltage-Converter-110v-To-220v-Transformer.webp","type":"image\/webp"}],"twitter_card":"summary_large_image","twitter_misc":{"Tiempo de lectura":"3 minutos"},"schema":{"@context":"https:\/\/schema.org","@graph":[{"@type":"WebPage","@id":"https:\/\/www.tronkiele.com\/product\/step-up-and-down-voltage-converter-110v-to-220v-transformer\/","url":"https:\/\/www.tronkiele.com\/product\/step-up-and-down-voltage-converter-110v-to-220v-transformer\/","name":"Convertidor de voltaje Fabricante | Transformador elevador y reductor de 110V a 220V 100VA-5KVA - PINE","isPartOf":{"@id":"https:\/\/www.tronkiele.com\/#website"},"primaryImageOfPage":{"@id":"https:\/\/www.tronkiele.com\/product\/step-up-and-down-voltage-converter-110v-to-220v-transformer\/#primaryimage"},"image":{"@id":"https:\/\/www.tronkiele.com\/product\/step-up-and-down-voltage-converter-110v-to-220v-transformer\/#primaryimage"},"thumbnailUrl":"https:\/\/www.tronkiele.com\/wp-content\/uploads\/2025\/10\/TC-100va-5Kva-Portable-Small-Step-Up-And-Down-Voltage-Converter-110v-To-220v-Transformer.webp","datePublished":"2025-10-04T05:37:36+00:00","breadcrumb":{"@id":"https:\/\/www.tronkiele.com\/product\/step-up-and-down-voltage-converter-110v-to-220v-transformer\/#breadcrumb"},"inLanguage":"es","potentialAction":[{"@type":"ReadAction","target":["https:\/\/www.tronkiele.com\/product\/step-up-and-down-voltage-converter-110v-to-220v-transformer\/"]}]},{"@type":"ImageObject","inLanguage":"es","@id":"https:\/\/www.tronkiele.com\/product\/step-up-and-down-voltage-converter-110v-to-220v-transformer\/#primaryimage","url":"https:\/\/www.tronkiele.com\/wp-content\/uploads\/2025\/10\/TC-100va-5Kva-Portable-Small-Step-Up-And-Down-Voltage-Converter-110v-To-220v-Transformer.webp","contentUrl":"https:\/\/www.tronkiele.com\/wp-content\/uploads\/2025\/10\/TC-100va-5Kva-Portable-Small-Step-Up-And-Down-Voltage-Converter-110v-To-220v-Transformer.webp","width":800,"height":800,"caption":"TC 100va-5Kva Portable Small Step Up And Down Voltage Converter 110v To 220v Transformer"},{"@type":"BreadcrumbList","@id":"https:\/\/www.tronkiele.com\/product\/step-up-and-down-voltage-converter-110v-to-220v-transformer\/#breadcrumb","itemListElement":[{"@type":"ListItem","position":1,"name":"Home","item":"https:\/\/www.tronkiele.com\/"},{"@type":"ListItem","position":2,"name":"Products","item":"https:\/\/www.tronkiele.com\/shop\/"},{"@type":"ListItem","position":3,"name":"TC 100va-5Kva Portable Small Step Up And Down Voltage Converter 110v To 220v Transformer"}]},{"@type":"WebSite","@id":"https:\/\/www.tronkiele.com\/#website","url":"https:\/\/www.tronkiele.com\/","name":"PINO","description":"","publisher":{"@id":"https:\/\/www.tronkiele.com\/#organization"},"potentialAction":[{"@type":"SearchAction","target":{"@type":"EntryPoint","urlTemplate":"https:\/\/www.tronkiele.com\/?s={search_term_string}"},"query-input":{"@type":"PropertyValueSpecification","valueRequired":true,"valueName":"search_term_string"}}],"inLanguage":"es"},{"@type":"Organization","@id":"https:\/\/www.tronkiele.com\/#organization","name":"PINO","url":"https:\/\/www.tronkiele.com\/","logo":{"@type":"ImageObject","inLanguage":"es","@id":"https:\/\/www.tronkiele.com\/#\/schema\/logo\/image\/","url":"https:\/\/www.tronkiele.com\/wp-content\/uploads\/2024\/11\/cropped-tronki.webp","contentUrl":"https:\/\/www.tronkiele.com\/wp-content\/uploads\/2024\/11\/cropped-tronki.webp","width":512,"height":512,"caption":"PINE"},"image":{"@id":"https:\/\/www.tronkiele.com\/#\/schema\/logo\/image\/"}}]}},"_links":{"self":[{"href":"https:\/\/www.tronkiele.com\/es\/wp-json\/wp\/v2\/product\/22072","targetHints":{"allow":["GET"]}}],"collection":[{"href":"https:\/\/www.tronkiele.com\/es\/wp-json\/wp\/v2\/product"}],"about":[{"href":"https:\/\/www.tronkiele.com\/es\/wp-json\/wp\/v2\/types\/product"}],"version-history":[{"count":3,"href":"https:\/\/www.tronkiele.com\/es\/wp-json\/wp\/v2\/product\/22072\/revisions"}],"predecessor-version":[{"id":22079,"href":"https:\/\/www.tronkiele.com\/es\/wp-json\/wp\/v2\/product\/22072\/revisions\/22079"}],"wp:featuredmedia":[{"embeddable":true,"href":"https:\/\/www.tronkiele.com\/es\/wp-json\/wp\/v2\/media\/22078"}],"wp:attachment":[{"href":"https:\/\/www.tronkiele.com\/es\/wp-json\/wp\/v2\/media?parent=22072"}],"wp:term":[{"taxonomy":"product_brand","embeddable":true,"href":"https:\/\/www.tronkiele.com\/es\/wp-json\/wp\/v2\/product_brand?post=22072"},{"taxonomy":"product_cat","embeddable":true,"href":"https:\/\/www.tronkiele.com\/es\/wp-json\/wp\/v2\/product_cat?post=22072"},{"taxonomy":"product_tag","embeddable":true,"href":"https:\/\/www.tronkiele.com\/es\/wp-json\/wp\/v2\/product_tag?post=22072"}],"curies":[{"name":"wp","href":"https:\/\/api.w.org\/{rel}","templated":true}]}}