{"id":22208,"date":"2025-10-17T08:12:01","date_gmt":"2025-10-17T08:12:01","guid":{"rendered":"https:\/\/www.tronkiele.com\/?post_type=product&#038;p=22208"},"modified":"2026-04-13T08:29:12","modified_gmt":"2026-04-13T08:29:12","slug":"single-phase-step-up-and-down-voltage-converter-110v-to-220v","status":"publish","type":"product","link":"https:\/\/www.tronkiele.com\/es\/product\/single-phase-step-up-and-down-voltage-converter-110v-to-220v\/","title":{"rendered":"500VA-5000VA Convertidor de tensi\u00f3n monof\u00e1sico 110v a 220v"},"content":{"rendered":"<p>ZHENGXI es un reputado fabricante de transformadores y convertidores de tensi\u00f3n con m\u00e1s de 20 a\u00f1os de experiencia profesional en product. Es bien conocido en todo el mundo por su alto rendimiento, longevidad y seguridad product. Nuestros convertidores cumplen los requisitos de todo el mundo, ya que cuentan con la homologaci\u00f3n CE e ISO.<\/p>\n<h2>Caracter\u00edsticas principales<\/h2>\n<p><strong>Conversi\u00f3n de dos voltajes (110 V a 220 V)<\/strong><br \/>\nAdmite conversiones reductoras (220 V \u2192 110 V) y elevadoras (110 V \u2192 220 V).<br \/>\nPerfecto para consumidores que se desplazan o viajan entre pa\u00edses con normas de voltaje diferentes.<\/p>\n<p><strong>Varias tomas de salida<\/strong><br \/>\nCon dos tomas polivalentes de 220 V y dos de 110 V, es compatible con enchufes de Estados Unidos, Europa, Reino Unido, China, Corea, Hong Kong y Filipinas.<br \/>\nIdeal para alimentar diversos dispositivos, como ordenadores port\u00e1tiles, televisores, equipos de audio y electrodom\u00e9sticos de cocina.<\/p>\n<p><strong>Indicador de tensi\u00f3n inteligente<\/strong><br \/>\nEl control de la tensi\u00f3n de entrada y salida en tiempo real es posible gracias a la pantalla LCD de tensi\u00f3n del dise\u00f1o mejorado.<br \/>\npermite solucionar problemas de forma sencilla y confirmar de forma visible un rendimiento constante.<\/p>\n<p><strong>Dise\u00f1o peque\u00f1o, silencioso y eficaz<\/strong><br \/>\nLos convertidores de la serie SDT son silenciosos, inodoros y resistentes al calor, a diferencia de los convertidores grandes o ruidosos.<br \/>\nLa arquitectura toroidal compacta garantiza una mayor eficiencia de conversi\u00f3n y una reducci\u00f3n de las interferencias electromagn\u00e9ticas.<\/p>\n<p><strong>Selecci\u00f3n de una carga segura<\/strong><br \/>\nElija siempre un convertidor con una potencia nominal 2\u00d7 la de su aparato para garantizar la seguridad a largo plazo.<br \/>\nEjemplo: Selecciona al menos un convertidor de 2000 W para un aparato de 800 W.<br \/>\nPara un funcionamiento continuo, se aconseja una carga m\u00e1xima de 2400W.<\/p>\n<p><strong>Protecci\u00f3n total<\/strong><br \/>\nEl transformador y los dispositivos conectados est\u00e1n protegidos por una protecci\u00f3n integrada contra sobrecarga, subtensi\u00f3n y sobretensi\u00f3n.<br \/>\ngarantiza un funcionamiento fiable frente a las fluctuaciones de energ\u00eda.<\/p>\n<h2>Par\u00e1metros t\u00e9cnicos<\/h2>\n<table>\n<tbody>\n<tr>\n<td width=\"118\">Modelo<\/td>\n<td width=\"91\"><strong><b>SDT-500VA<\/b><\/strong><\/td>\n<td width=\"91\"><strong><b>SDT-1000VA<\/b><\/strong><\/td>\n<td width=\"91\"><strong><b>SDT-2000VA<\/b><\/strong><\/td>\n<td width=\"91\"><strong><b>SDT-3000VA<\/b><\/strong><\/td>\n<td width=\"92\"><strong><b>SDT-5000VA<\/b><\/strong><\/td>\n<\/tr>\n<tr>\n<td width=\"118\">Fase<\/td>\n<td colspan=\"5\" width=\"459\">Monof\u00e1sico<\/td>\n<\/tr>\n<tr>\n<td rowspan=\"2\" width=\"118\">conversi\u00f3n de voltaje<\/td>\n<td colspan=\"5\" width=\"459\">Transformador SDT reductor (dom\u00e9stico) tensi\u00f3n de entrada: Ac 220V-240V, salida 100V-120V<\/td>\n<\/tr>\n<tr>\n<td colspan=\"5\" width=\"459\">Transformador SDT step-up (exterior)tensi\u00f3n de entrada: Ac 100V-120V, salida 220V-240V<\/td>\n<\/tr>\n<tr>\n<td width=\"118\">Protecci\u00f3n contra sobretensiones<\/td>\n<td colspan=\"5\" width=\"459\">Versi\u00f3n dom\u00e9stica:Salida 135V\u00b15V<\/td>\n<\/tr>\n<tr>\n<td width=\"118\">Protecci\u00f3n contra subtensi\u00f3n<\/td>\n<td colspan=\"5\" width=\"459\">Versi\u00f3n dom\u00e9stica:Salida 90V\u00b15V<\/td>\n<\/tr>\n<tr>\n<td width=\"118\">Frecuencia<\/td>\n<td colspan=\"5\" width=\"459\">50 Hz\/60 Hz<\/td>\n<\/tr>\n<tr>\n<td width=\"118\">Resistencia del aislamiento<\/td>\n<td colspan=\"5\" width=\"459\">&gt;50M\u03a9<\/td>\n<\/tr>\n<tr>\n<td width=\"118\">Temperatura ambiente<\/td>\n<td colspan=\"5\" width=\"459\">-10\u00b0C~+ 40\u00b0C<\/td>\n<\/tr>\n<tr>\n<td width=\"118\">Potencia<\/td>\n<td width=\"91\">500VA<\/td>\n<td width=\"91\">1000VA<\/td>\n<td width=\"91\">2000VA<\/td>\n<td width=\"91\">3000VA<\/td>\n<td width=\"92\">5000VA<\/td>\n<\/tr>\n<tr>\n<td width=\"118\">Tama\u00f1o (mm) L*A*A<\/td>\n<td width=\"91\">200*176*115<\/td>\n<td width=\"91\">230*202*125<\/td>\n<td width=\"91\">230*202*125<\/td>\n<td width=\"91\">210*250*153<\/td>\n<td width=\"92\">285*251*173<\/td>\n<\/tr>\n<tr>\n<td width=\"118\">N.W(kg)<\/td>\n<td width=\"91\">3.1<\/td>\n<td width=\"91\">5<\/td>\n<td width=\"91\">6.7<\/td>\n<td width=\"91\">8.7<\/td>\n<td width=\"92\">12.1<\/td>\n<\/tr>\n<tr>\n<td colspan=\"6\" width=\"578\">El tama\u00f1o y el peso var\u00edan en funci\u00f3n del rango de tensi\u00f3n, y est\u00e1n sujetos al product real personalizado.<\/td>\n<\/tr>\n<\/tbody>\n<\/table>\n<h2><img fetchpriority=\"high\" decoding=\"async\" class=\"alignnone size-medium wp-image-22212\" src=\"https:\/\/www.tronkiele.com\/wp-content\/uploads\/2025\/10\/110v-To-220v-Step-Up-And-Down-Transformer-300x300.webp\" alt=\"Transformador elevador y reductor de 110v a 220v\" width=\"300\" height=\"300\" srcset=\"https:\/\/www.tronkiele.com\/wp-content\/uploads\/2025\/10\/110v-To-220v-Step-Up-And-Down-Transformer-300x300.webp 300w, https:\/\/www.tronkiele.com\/wp-content\/uploads\/2025\/10\/110v-To-220v-Step-Up-And-Down-Transformer-150x150.webp 150w, https:\/\/www.tronkiele.com\/wp-content\/uploads\/2025\/10\/110v-To-220v-Step-Up-And-Down-Transformer-768x768.webp 768w, https:\/\/www.tronkiele.com\/wp-content\/uploads\/2025\/10\/110v-To-220v-Step-Up-And-Down-Transformer-12x12.webp 12w, https:\/\/www.tronkiele.com\/wp-content\/uploads\/2025\/10\/110v-To-220v-Step-Up-And-Down-Transformer-430x430.webp 430w, https:\/\/www.tronkiele.com\/wp-content\/uploads\/2025\/10\/110v-To-220v-Step-Up-And-Down-Transformer-700x700.webp 700w, https:\/\/www.tronkiele.com\/wp-content\/uploads\/2025\/10\/110v-To-220v-Step-Up-And-Down-Transformer.webp 800w\" sizes=\"(max-width: 300px) 100vw, 300px\" \/><\/h2>\n<h2>Aplicaciones<\/h2>\n<p>Equipamiento para el hogar y la oficina: Ordenadores, monitores, impresoras, purificadores de aire, televisores, cafeteras y peque\u00f1os electrodom\u00e9sticos de cocina.<br \/>\nSistemas de audio y v\u00eddeo: Ideal para amplificadores, mezcladores y equipos de estudio que requieren una potencia limpia.<br \/>\nUsuarios internacionales: Adecuado para viajeros, importadores y hogares de todo el mundo que utilicen aparatos de diferentes regiones.<br \/>\nTalleres y laboratorios: Fuente de alimentaci\u00f3n fiable para instrumentos de ensayo y precisi\u00f3n.<\/p>\n<h2>\u00bfPor qu\u00e9 elegir los convertidores de tensi\u00f3n ZHENGXI?<\/h2>\n<p>Como fabricante profesional de transformadores y convertidores de tensi\u00f3n, ZHENGXI se centra en ofrecer soluciones energ\u00e9ticas seguras, eficientes y personalizables para clientes de todo el mundo.<br \/>\nOfrecemos:<\/p>\n<p>product con certificaci\u00f3n CE e ISO para uso internacional.<br \/>\nConfiguraciones personalizadas de voltaje, enchufe y potencia.<br \/>\nTransformadores de cobre duraderos que garantizan un rendimiento estable.<br \/>\nM\u00e1s de 20 a\u00f1os de experiencia en I+D y exportaci\u00f3n en la que conf\u00edan clientes de m\u00e1s de 30 pa\u00edses.<\/p>\n<h2>Consejos de seguridad y uso<\/h2>\n<p>Compruebe siempre la potencia y el voltaje del aparato antes de conectarlo.<br \/>\nSeleccione un convertidor 50% de mayor potencia que el consumo real de su dispositivo.<br \/>\nNo exceda la potencia nominal ni lo utilice con dispositivos de alta potencia (por ejemplo, secadores de pelo, calefactores) de m\u00e1s de 2400 W.<br \/>\nColocar en un lugar bien ventilado y alejado de fuentes de calor y humedad.<\/p>\n<h2>FAQ<\/h2>\n<p><strong>P1: \u00bfEste convertidor puede funcionar tanto para aparatos de 110 V como de 220 V?<\/strong><br \/>\nR: S\u00ed. Admite las funciones de aumento (de 110 V a 220 V) y reducci\u00f3n (de 220 V a 110 V), por lo que es ideal para uso internacional.<\/p>\n<p><strong>P2: \u00bfCu\u00e1l es la diferencia entre los modelos de 500VA y 5000VA?<\/strong><br \/>\nR: La principal diferencia es la capacidad de potencia: elija el modelo en funci\u00f3n de la potencia total de su aparato y del tiempo de uso.<\/p>\n<p><strong>P3: \u00bfFunciona con sistemas el\u00e9ctricos de 50 Hz y 60 Hz?<\/strong><br \/>\nR: S\u00ed, admite autom\u00e1ticamente tanto 50 Hz como 60 Hz, por lo que se adapta a las normas el\u00e9ctricas de la mayor\u00eda de los pa\u00edses.<\/p>","protected":false},"excerpt":{"rendered":"<p>El convertidor de voltaje monof\u00e1sico ZHENGXI 500VA-5000VA es perfecto para peque\u00f1os dispositivos industriales, electr\u00f3nica de oficina y electrodom\u00e9sticos utilizados en diversos lugares, ya que puede convertir de forma segura y eficaz voltajes entre 110V-120V y 220V-240V.<\/p>\n<p>Alto rendimiento, baja generaci\u00f3n de calor y bajo nivel de ruido son las caracter\u00edsticas de la serie SDT, fabricada con un transformador toroidal de n\u00facleo de cobre. Este dispositivo proporciona una potencia limpia y constante para proteger sus valiosos equipos, tanto si est\u00e1 pasando de 220 V a 110 V como si est\u00e1 pasando de 110 V a 220 V.<\/p>","protected":false},"featured_media":22211,"template":"","meta":[],"product_brand":[],"product_cat":[42,99],"product_tag":[],"class_list":{"0":"post-22208","1":"product","2":"type-product","3":"status-publish","4":"has-post-thumbnail","6":"product_cat-low-voltage-transformer","7":"product_cat-single-phase-transformers","9":"first","10":"instock","11":"taxable","12":"shipping-taxable","13":"product-type-simple"},"yoast_head":"<!-- This site is optimized with the Yoast SEO plugin v25.0 - https:\/\/yoast.com\/wordpress\/plugins\/seo\/ -->\n<title>Single Phase Step Up and Down Voltage Converter 110v to 220v Manufacturer - PINE-ZHENGXI<\/title>\n<meta name=\"robots\" content=\"index, follow, max-snippet:-1, max-image-preview:large, max-video-preview:-1\" \/>\n<link rel=\"canonical\" href=\"https:\/\/www.tronkiele.com\/es\/product\/single-phase-step-up-and-down-voltage-converter-110v-to-220v\/\" \/>\n<meta property=\"og:locale\" content=\"es_ES\" \/>\n<meta property=\"og:type\" content=\"article\" \/>\n<meta property=\"og:title\" content=\"Single Phase Step Up and Down Voltage Converter 110v to 220v Manufacturer - PINE-ZHENGXI\" \/>\n<meta property=\"og:description\" content=\"The ZHENGXI 500VA\u20135000VA Single Phase Step Up and Down Voltage Converter is perfect for small industrial devices, office electronics, and home appliances used in various locations since it can securely and effectively convert voltages between 110V\u2013120V and 220V\u2013240V.  High efficiency, low heat generation, and low noise are features of the SDT series, which is constructed with a toroidal copper-core transformer. This device provides steady, clean power to safeguard your priceless equipment, whether you&#039;re stepping down from 220V to 110V or up from 110V to 220V.\" \/>\n<meta property=\"og:url\" content=\"https:\/\/www.tronkiele.com\/es\/product\/single-phase-step-up-and-down-voltage-converter-110v-to-220v\/\" \/>\n<meta property=\"og:site_name\" content=\"PINE-ZHENGXI\" \/>\n<meta property=\"article:modified_time\" content=\"2026-04-13T08:29:12+00:00\" \/>\n<meta property=\"og:image\" content=\"https:\/\/www.tronkiele.com\/wp-content\/uploads\/2025\/10\/500VA\u20135000VA-Single-Phase-Step-Up-and-Down-Voltage-Converter-110v-to-220v.webp\" \/>\n\t<meta property=\"og:image:width\" content=\"600\" \/>\n\t<meta property=\"og:image:height\" content=\"600\" \/>\n\t<meta property=\"og:image:type\" content=\"image\/webp\" \/>\n<meta name=\"twitter:card\" content=\"summary_large_image\" \/>\n<meta name=\"twitter:label1\" content=\"Tiempo de lectura\" \/>\n\t<meta name=\"twitter:data1\" content=\"4 minutos\" \/>\n<script type=\"application\/ld+json\" class=\"yoast-schema-graph\">{\"@context\":\"https:\/\/schema.org\",\"@graph\":[{\"@type\":\"WebPage\",\"@id\":\"https:\/\/www.tronkiele.com\/product\/single-phase-step-up-and-down-voltage-converter-110v-to-220v\/\",\"url\":\"https:\/\/www.tronkiele.com\/product\/single-phase-step-up-and-down-voltage-converter-110v-to-220v\/\",\"name\":\"Single Phase Step Up and Down Voltage Converter 110v to 220v Manufacturer - PINE-ZHENGXI\",\"isPartOf\":{\"@id\":\"https:\/\/www.tronkiele.com\/#website\"},\"primaryImageOfPage\":{\"@id\":\"https:\/\/www.tronkiele.com\/product\/single-phase-step-up-and-down-voltage-converter-110v-to-220v\/#primaryimage\"},\"image\":{\"@id\":\"https:\/\/www.tronkiele.com\/product\/single-phase-step-up-and-down-voltage-converter-110v-to-220v\/#primaryimage\"},\"thumbnailUrl\":\"https:\/\/www.tronkiele.com\/wp-content\/uploads\/2025\/10\/500VA\u20135000VA-Single-Phase-Step-Up-and-Down-Voltage-Converter-110v-to-220v.webp\",\"datePublished\":\"2025-10-17T08:12:01+00:00\",\"dateModified\":\"2026-04-13T08:29:12+00:00\",\"breadcrumb\":{\"@id\":\"https:\/\/www.tronkiele.com\/product\/single-phase-step-up-and-down-voltage-converter-110v-to-220v\/#breadcrumb\"},\"inLanguage\":\"es\",\"potentialAction\":[{\"@type\":\"ReadAction\",\"target\":[\"https:\/\/www.tronkiele.com\/product\/single-phase-step-up-and-down-voltage-converter-110v-to-220v\/\"]}]},{\"@type\":\"ImageObject\",\"inLanguage\":\"es\",\"@id\":\"https:\/\/www.tronkiele.com\/product\/single-phase-step-up-and-down-voltage-converter-110v-to-220v\/#primaryimage\",\"url\":\"https:\/\/www.tronkiele.com\/wp-content\/uploads\/2025\/10\/500VA\u20135000VA-Single-Phase-Step-Up-and-Down-Voltage-Converter-110v-to-220v.webp\",\"contentUrl\":\"https:\/\/www.tronkiele.com\/wp-content\/uploads\/2025\/10\/500VA\u20135000VA-Single-Phase-Step-Up-and-Down-Voltage-Converter-110v-to-220v.webp\",\"width\":600,\"height\":600,\"caption\":\"500VA\u20135000VA Single Phase Step Up and Down Voltage Converter 110v to 220v\"},{\"@type\":\"BreadcrumbList\",\"@id\":\"https:\/\/www.tronkiele.com\/product\/single-phase-step-up-and-down-voltage-converter-110v-to-220v\/#breadcrumb\",\"itemListElement\":[{\"@type\":\"ListItem\",\"position\":1,\"name\":\"Home\",\"item\":\"https:\/\/www.tronkiele.com\/\"},{\"@type\":\"ListItem\",\"position\":2,\"name\":\"Products\",\"item\":\"https:\/\/www.tronkiele.com\/shop\/\"},{\"@type\":\"ListItem\",\"position\":3,\"name\":\"500VA\u20135000VA Single Phase Step Up and Down Voltage Converter 110v to 220v\"}]},{\"@type\":\"WebSite\",\"@id\":\"https:\/\/www.tronkiele.com\/#website\",\"url\":\"https:\/\/www.tronkiele.com\/\",\"name\":\"PINE-ZHENGXI\",\"description\":\"\",\"publisher\":{\"@id\":\"https:\/\/www.tronkiele.com\/#organization\"},\"potentialAction\":[{\"@type\":\"SearchAction\",\"target\":{\"@type\":\"EntryPoint\",\"urlTemplate\":\"https:\/\/www.tronkiele.com\/?s={search_term_string}\"},\"query-input\":{\"@type\":\"PropertyValueSpecification\",\"valueRequired\":true,\"valueName\":\"search_term_string\"}}],\"inLanguage\":\"es\"},{\"@type\":\"Organization\",\"@id\":\"https:\/\/www.tronkiele.com\/#organization\",\"name\":\"PINE-ZHENGXI\",\"url\":\"https:\/\/www.tronkiele.com\/\",\"logo\":{\"@type\":\"ImageObject\",\"inLanguage\":\"es\",\"@id\":\"https:\/\/www.tronkiele.com\/#\/schema\/logo\/image\/\",\"url\":\"https:\/\/www.tronkiele.com\/wp-content\/uploads\/2024\/11\/cropped-tronki.webp\",\"contentUrl\":\"https:\/\/www.tronkiele.com\/wp-content\/uploads\/2024\/11\/cropped-tronki.webp\",\"width\":512,\"height\":512,\"caption\":\"PINE-ZHENGXI\"},\"image\":{\"@id\":\"https:\/\/www.tronkiele.com\/#\/schema\/logo\/image\/\"}}]}<\/script>\n<!-- \/ Yoast SEO plugin. -->","yoast_head_json":{"title":"Convertidor de voltaje monof\u00e1sico 110v a 220v Fabricante - PINE-ZHENGXI","robots":{"index":"index","follow":"follow","max-snippet":"max-snippet:-1","max-image-preview":"max-image-preview:large","max-video-preview":"max-video-preview:-1"},"canonical":"https:\/\/www.tronkiele.com\/es\/product\/single-phase-step-up-and-down-voltage-converter-110v-to-220v\/","og_locale":"es_ES","og_type":"article","og_title":"Single Phase Step Up and Down Voltage Converter 110v to 220v Manufacturer - PINE-ZHENGXI","og_description":"The ZHENGXI 500VA\u20135000VA Single Phase Step Up and Down Voltage Converter is perfect for small industrial devices, office electronics, and home appliances used in various locations since it can securely and effectively convert voltages between 110V\u2013120V and 220V\u2013240V.  High efficiency, low heat generation, and low noise are features of the SDT series, which is constructed with a toroidal copper-core transformer. This device provides steady, clean power to safeguard your priceless equipment, whether you're stepping down from 220V to 110V or up from 110V to 220V.","og_url":"https:\/\/www.tronkiele.com\/es\/product\/single-phase-step-up-and-down-voltage-converter-110v-to-220v\/","og_site_name":"PINE-ZHENGXI","article_modified_time":"2026-04-13T08:29:12+00:00","og_image":[{"width":600,"height":600,"url":"https:\/\/www.tronkiele.com\/wp-content\/uploads\/2025\/10\/500VA\u20135000VA-Single-Phase-Step-Up-and-Down-Voltage-Converter-110v-to-220v.webp","type":"image\/webp"}],"twitter_card":"summary_large_image","twitter_misc":{"Tiempo de lectura":"4 minutos"},"schema":{"@context":"https:\/\/schema.org","@graph":[{"@type":"WebPage","@id":"https:\/\/www.tronkiele.com\/product\/single-phase-step-up-and-down-voltage-converter-110v-to-220v\/","url":"https:\/\/www.tronkiele.com\/product\/single-phase-step-up-and-down-voltage-converter-110v-to-220v\/","name":"Convertidor de voltaje monof\u00e1sico 110v a 220v Fabricante - PINE-ZHENGXI","isPartOf":{"@id":"https:\/\/www.tronkiele.com\/#website"},"primaryImageOfPage":{"@id":"https:\/\/www.tronkiele.com\/product\/single-phase-step-up-and-down-voltage-converter-110v-to-220v\/#primaryimage"},"image":{"@id":"https:\/\/www.tronkiele.com\/product\/single-phase-step-up-and-down-voltage-converter-110v-to-220v\/#primaryimage"},"thumbnailUrl":"https:\/\/www.tronkiele.com\/wp-content\/uploads\/2025\/10\/500VA\u20135000VA-Single-Phase-Step-Up-and-Down-Voltage-Converter-110v-to-220v.webp","datePublished":"2025-10-17T08:12:01+00:00","dateModified":"2026-04-13T08:29:12+00:00","breadcrumb":{"@id":"https:\/\/www.tronkiele.com\/product\/single-phase-step-up-and-down-voltage-converter-110v-to-220v\/#breadcrumb"},"inLanguage":"es","potentialAction":[{"@type":"ReadAction","target":["https:\/\/www.tronkiele.com\/product\/single-phase-step-up-and-down-voltage-converter-110v-to-220v\/"]}]},{"@type":"ImageObject","inLanguage":"es","@id":"https:\/\/www.tronkiele.com\/product\/single-phase-step-up-and-down-voltage-converter-110v-to-220v\/#primaryimage","url":"https:\/\/www.tronkiele.com\/wp-content\/uploads\/2025\/10\/500VA\u20135000VA-Single-Phase-Step-Up-and-Down-Voltage-Converter-110v-to-220v.webp","contentUrl":"https:\/\/www.tronkiele.com\/wp-content\/uploads\/2025\/10\/500VA\u20135000VA-Single-Phase-Step-Up-and-Down-Voltage-Converter-110v-to-220v.webp","width":600,"height":600,"caption":"500VA\u20135000VA Single Phase Step Up and Down Voltage Converter 110v to 220v"},{"@type":"BreadcrumbList","@id":"https:\/\/www.tronkiele.com\/product\/single-phase-step-up-and-down-voltage-converter-110v-to-220v\/#breadcrumb","itemListElement":[{"@type":"ListItem","position":1,"name":"Home","item":"https:\/\/www.tronkiele.com\/"},{"@type":"ListItem","position":2,"name":"Products","item":"https:\/\/www.tronkiele.com\/shop\/"},{"@type":"ListItem","position":3,"name":"500VA\u20135000VA Single Phase Step Up and Down Voltage Converter 110v to 220v"}]},{"@type":"WebSite","@id":"https:\/\/www.tronkiele.com\/#website","url":"https:\/\/www.tronkiele.com\/","name":"PINO-ZHENGXI","description":"","publisher":{"@id":"https:\/\/www.tronkiele.com\/#organization"},"potentialAction":[{"@type":"SearchAction","target":{"@type":"EntryPoint","urlTemplate":"https:\/\/www.tronkiele.com\/?s={search_term_string}"},"query-input":{"@type":"PropertyValueSpecification","valueRequired":true,"valueName":"search_term_string"}}],"inLanguage":"es"},{"@type":"Organization","@id":"https:\/\/www.tronkiele.com\/#organization","name":"PINO-ZHENGXI","url":"https:\/\/www.tronkiele.com\/","logo":{"@type":"ImageObject","inLanguage":"es","@id":"https:\/\/www.tronkiele.com\/#\/schema\/logo\/image\/","url":"https:\/\/www.tronkiele.com\/wp-content\/uploads\/2024\/11\/cropped-tronki.webp","contentUrl":"https:\/\/www.tronkiele.com\/wp-content\/uploads\/2024\/11\/cropped-tronki.webp","width":512,"height":512,"caption":"PINE-ZHENGXI"},"image":{"@id":"https:\/\/www.tronkiele.com\/#\/schema\/logo\/image\/"}}]}},"_links":{"self":[{"href":"https:\/\/www.tronkiele.com\/es\/wp-json\/wp\/v2\/product\/22208","targetHints":{"allow":["GET"]}}],"collection":[{"href":"https:\/\/www.tronkiele.com\/es\/wp-json\/wp\/v2\/product"}],"about":[{"href":"https:\/\/www.tronkiele.com\/es\/wp-json\/wp\/v2\/types\/product"}],"version-history":[{"count":3,"href":"https:\/\/www.tronkiele.com\/es\/wp-json\/wp\/v2\/product\/22208\/revisions"}],"predecessor-version":[{"id":22213,"href":"https:\/\/www.tronkiele.com\/es\/wp-json\/wp\/v2\/product\/22208\/revisions\/22213"}],"wp:featuredmedia":[{"embeddable":true,"href":"https:\/\/www.tronkiele.com\/es\/wp-json\/wp\/v2\/media\/22211"}],"wp:attachment":[{"href":"https:\/\/www.tronkiele.com\/es\/wp-json\/wp\/v2\/media?parent=22208"}],"wp:term":[{"taxonomy":"product_brand","embeddable":true,"href":"https:\/\/www.tronkiele.com\/es\/wp-json\/wp\/v2\/product_brand?post=22208"},{"taxonomy":"product_cat","embeddable":true,"href":"https:\/\/www.tronkiele.com\/es\/wp-json\/wp\/v2\/product_cat?post=22208"},{"taxonomy":"product_tag","embeddable":true,"href":"https:\/\/www.tronkiele.com\/es\/wp-json\/wp\/v2\/product_tag?post=22208"}],"curies":[{"name":"wp","href":"https:\/\/api.w.org\/{rel}","templated":true}]}}