{"id":22257,"date":"2025-11-13T03:21:41","date_gmt":"2025-11-13T03:21:41","guid":{"rendered":"https:\/\/www.tronkiele.com\/?post_type=product&#038;p=22257"},"modified":"2026-01-27T06:53:19","modified_gmt":"2026-01-27T06:53:19","slug":"single-phase-wall-mounted-automatic-voltage-stabilizer","status":"publish","type":"product","link":"https:\/\/www.tronkiele.com\/es\/product\/single-phase-wall-mounted-automatic-voltage-stabilizer\/","title":{"rendered":"Estabilizador de tensi\u00f3n autom\u00e1tico monof\u00e1sico de montaje en pared 0,5kVA-10kVA personalizado"},"content":{"rendered":"<h3 data-start=\"26\" data-end=\"44\">Caracter\u00edsticas principales<\/h3>\n<ul>\n<li>Amplio rango de entrada: Admite CA 100-260V (o personalizada) para redes inestables.<\/li>\n<li>Regulaci\u00f3n autom\u00e1tica de la tensi\u00f3n: Estabiliza instant\u00e1neamente la tensi\u00f3n para proteger los dispositivos sensibles.<\/li>\n<li>Pantalla digital: El LED muestra la tensi\u00f3n de entrada\/salida, la carga y el estado de fallo.<\/li>\n<li>Montaje en pared: Ahorro de espacio, f\u00e1cil instalaci\u00f3n para hogares, oficinas o salas de equipos.<\/li>\n<li>Alto rendimiento: Eficiencia &gt;95% sin distorsi\u00f3n de la forma de onda.<\/li>\n<li>Protecci\u00f3n total: Protege contra sobretensi\u00f3n\/subtensi\u00f3n, sobrecarga, sobrecalentamiento y cortocircuitos.<\/li>\n<li>Retardo de arranque: Ajustable 6-180s para evitar da\u00f1os tras el restablecimiento del suministro el\u00e9ctrico.<\/li>\n<li>Amplia gama de temperaturas: Funciona de forma fiable entre -10 \u00b0C y +40 \u00b0C.<\/li>\n<li>Personalizable: Tensi\u00f3n de entrada\/salida, tiempo de retardo y precisi\u00f3n (\u00b13% o \u00b110%).<\/li>\n<\/ul>\n<h2>Especificaciones t\u00e9cnicas<\/h2>\n<table>\n<tbody>\n<tr>\n<td colspan=\"2\" rowspan=\"4\" width=\"155\">&nbsp;<\/p>\n<p>Modelo<\/td>\n<td width=\"105\"><strong><b>DTB-500VA<\/b><\/strong><\/td>\n<td width=\"105\"><strong><b>DTB-1000VA<\/b><\/strong><\/td>\n<td width=\"105\"><strong><b>DTB-1500VA<\/b><\/strong><\/td>\n<td width=\"105\"><strong><b>DTB-2000VA<\/b><\/strong><\/td>\n<\/tr>\n<tr>\n<td width=\"105\"><strong><b>DTB-3000VA<\/b><\/strong><\/td>\n<td width=\"105\"><strong><b>DTB-5000VA<\/b><\/strong><\/td>\n<td width=\"105\"><strong><b>DTB-8000VA<\/b><\/strong><\/td>\n<td width=\"105\"><strong><b>DTB-10000VA<\/b><\/strong><\/td>\n<\/tr>\n<tr>\n<td width=\"105\"><strong><b>STB-500VA<\/b><\/strong><\/td>\n<td width=\"105\"><strong><b>STB-1000VA<\/b><\/strong><\/td>\n<td width=\"105\"><strong><b>STB-1500VA<\/b><\/strong><\/td>\n<td width=\"105\"><strong><b>STB-2000VA<\/b><\/strong><\/td>\n<\/tr>\n<tr>\n<td width=\"105\"><strong><b>STB-3000VA<\/b><\/strong><\/td>\n<td width=\"105\"><strong><b>STB-5000VA<\/b><\/strong><\/td>\n<td width=\"105\"><strong><b>STB-8000VA<\/b><\/strong><\/td>\n<td width=\"105\"><strong><b>STB-10000VA<\/b><\/strong><\/td>\n<\/tr>\n<tr>\n<td colspan=\"2\" width=\"155\">Fase<\/td>\n<td colspan=\"4\" width=\"422\">Monof\u00e1sico<\/td>\n<\/tr>\n<tr>\n<td colspan=\"2\" width=\"155\">Tensi\u00f3n de entrada<\/td>\n<td colspan=\"4\" width=\"422\">CA 45-260V, 80-260V, 100-260V, 140-260V (o personalizada)<\/td>\n<\/tr>\n<tr>\n<td colspan=\"2\" width=\"155\">Tensi\u00f3n de salida<\/td>\n<td colspan=\"4\" width=\"422\">AC 220V o personalizado<\/td>\n<\/tr>\n<tr>\n<td colspan=\"2\" width=\"155\">Frecuencia<\/td>\n<td colspan=\"4\" width=\"422\">50 Hz\/60 Hz<\/td>\n<\/tr>\n<tr>\n<td colspan=\"2\" width=\"155\">Precisi\u00f3n<\/td>\n<td colspan=\"4\" width=\"422\">\u00b13%, \u00b110% o personalizado<\/td>\n<\/tr>\n<tr>\n<td colspan=\"2\" width=\"155\">Eficacia<\/td>\n<td colspan=\"4\" width=\"422\">&gt;95%<\/td>\n<\/tr>\n<tr>\n<td colspan=\"2\" width=\"155\">Tipo de control<\/td>\n<td colspan=\"4\" width=\"422\">Tipo rel\u00e9\/Servomotor<\/td>\n<\/tr>\n<tr>\n<td colspan=\"2\" width=\"155\">Pantalla digital<\/td>\n<td colspan=\"4\" width=\"422\">Muestra la tensi\u00f3n de entrada y salida, la relaci\u00f3n de carga y el indicador de fallo.<\/td>\n<\/tr>\n<tr>\n<td colspan=\"2\" width=\"155\">Protecci\u00f3n<\/td>\n<td colspan=\"4\" width=\"422\">Sobretemperatura, Sobretensi\u00f3n, Subtensi\u00f3n, Sobrecarga, Temporizaci\u00f3n<\/td>\n<\/tr>\n<tr>\n<td colspan=\"2\" width=\"155\">Temperatura ambiente<\/td>\n<td colspan=\"4\" width=\"422\">-10\u00b0C~+ 40\u00b0C<\/td>\n<\/tr>\n<tr>\n<td colspan=\"2\" width=\"155\">Humedad relativa<\/td>\n<td colspan=\"4\" width=\"422\">&lt;95%<\/td>\n<\/tr>\n<tr>\n<td colspan=\"2\" width=\"155\">Distorsi\u00f3n de la forma de onda<\/td>\n<td colspan=\"4\" width=\"422\">Sin distorsi\u00f3n adicional de la forma de onda<\/td>\n<\/tr>\n<tr>\n<td colspan=\"2\" width=\"155\">Resistencia aislante<\/td>\n<td colspan=\"4\" width=\"422\">Normalmente m\u00e1s de 2M\u03a9<\/td>\n<\/tr>\n<tr>\n<td colspan=\"2\" width=\"155\">Clase de aislamiento<\/td>\n<td colspan=\"4\" width=\"422\">Clase B<\/td>\n<\/tr>\n<tr>\n<td rowspan=\"5\" width=\"60\">&nbsp;<\/p>\n<p>&nbsp;<\/p>\n<p>&nbsp;<\/p>\n<p>Protecci\u00f3n<\/td>\n<td width=\"95\">Sobretensi\u00f3n<\/td>\n<td colspan=\"4\" width=\"422\">Tensi\u00f3n de salida \u2265 245V \u00b1 4V<\/td>\n<\/tr>\n<tr>\n<td width=\"95\">Baja tensi\u00f3n<\/td>\n<td colspan=\"4\" width=\"422\">Tensi\u00f3n de salida \u2264 180V \u00b1 4V<\/td>\n<\/tr>\n<tr>\n<td width=\"95\">Sobretemperatura<\/td>\n<td colspan=\"4\" width=\"422\">95\u2103\u00b110\u2103<\/td>\n<\/tr>\n<tr>\n<td width=\"95\">Tiempo de retardo<\/td>\n<td colspan=\"4\" width=\"422\">Tiempo largo (180 segundos) \/ tiempo corto (6 segundos)<\/td>\n<\/tr>\n<tr>\n<td width=\"95\">Subtensi\u00f3n<\/td>\n<td colspan=\"4\" width=\"422\">Desactivado por defecto, personalizable si es necesario<\/td>\n<\/tr>\n<tr>\n<td colspan=\"2\" width=\"155\">Potencia<\/td>\n<td width=\"105\">500VA<\/td>\n<td width=\"105\">1000VA<\/td>\n<td width=\"105\">1500VA<\/td>\n<td width=\"105\">2000VA<\/td>\n<\/tr>\n<tr>\n<td colspan=\"2\" width=\"155\">Tama\u00f1o (mm) L*A*A<\/td>\n<td width=\"105\">182*130*282<\/td>\n<td width=\"105\">182*130*282<\/td>\n<td width=\"105\">182*130*282<\/td>\n<td width=\"105\">182*130*282<\/td>\n<\/tr>\n<tr>\n<td colspan=\"2\" width=\"155\">Potencia<\/td>\n<td width=\"105\">3000VA<\/td>\n<td width=\"105\">5000VA<\/td>\n<td width=\"105\">8000VA<\/td>\n<td width=\"105\">10000VA<\/td>\n<\/tr>\n<tr>\n<td colspan=\"2\" width=\"155\">Tama\u00f1o (mm) L*A*A<\/td>\n<td width=\"105\">263*145*375<\/td>\n<td width=\"105\">280*170*405<\/td>\n<td width=\"105\">300*180*440<\/td>\n<td width=\"105\">300*180*400<\/td>\n<\/tr>\n<tr>\n<td colspan=\"6\" width=\"578\">El tama\u00f1o y el peso var\u00edan en funci\u00f3n del rango de tensi\u00f3n, y est\u00e1n sujetos al product real personalizado.<\/td>\n<\/tr>\n<\/tbody>\n<\/table>\n<h2>Aplicaciones<\/h2>\n<p>El estabilizador monof\u00e1sico montado en pared se utiliza ampliamente en:<\/p>\n<p>Electrodom\u00e9sticos: Acondicionadores de aire, frigor\u00edficos, lavadoras y televisores<br \/>\nEquipos de oficina: Ordenadores, impresoras, fotocopiadoras y routers<br \/>\nDispositivos m\u00e9dicos y de laboratorio: Instrumentos de precisi\u00f3n que requieren una tensi\u00f3n constante<br \/>\nInstalaciones comerciales: Tiendas, aulas e instalaciones de peque\u00f1as empresas.<\/p>\n<p>Proporciona una protecci\u00f3n de tensi\u00f3n completa para todos los sistemas el\u00e9ctricos sensibles, ayudando a prolongar la vida \u00fatil de sus dispositivos y a evitar costosos da\u00f1os por fluctuaciones de la tensi\u00f3n.<\/p>\n<h2>Por qu\u00e9 elegir nuestro estabilizador de pared<\/h2>\n<p>Como fabricante l\u00edder de estabilizadores de tensi\u00f3n y transformadores, estamos especializados en soluciones de protecci\u00f3n el\u00e9ctrica a medida que cumplen las normas internacionales (CE, ISO9001, SGS).<br \/>\nNuestros estabilizadores son conocidos por:<\/p>\n<p>Control de calidad coherente<br \/>\nPersonalizaci\u00f3n OEM\/ODM flexible<br \/>\nEntrega r\u00e1pida (7-10 d\u00edas laborables)<br \/>\nAsistencia posventa profesional<\/p>\n<p>Cada unidad se somete a rigurosas pruebas para garantizar su rendimiento y seguridad a largo plazo.<\/p>\n<h2 data-start=\"5052\" data-end=\"5063\"><strong data-start=\"5056\" data-end=\"5063\">FAQ<\/strong><\/h2>\n<p data-start=\"5065\" data-end=\"5342\"><strong data-start=\"5065\" data-end=\"5142\">P1: \u00bfCu\u00e1l es la diferencia entre un estabilizador de tipo rel\u00e9 y uno de tipo servo?<\/strong><br data-start=\"5142\" data-end=\"5145\" \/>R: Los estabilizadores de tipo rel\u00e9 utilizan rel\u00e9s electr\u00f3nicos para una conmutaci\u00f3n r\u00e1pida, ideales para uso dom\u00e9stico. Los modelos de tipo servo utilizan un ajuste de tensi\u00f3n accionado por motor, lo que proporciona una regulaci\u00f3n m\u00e1s suave para los equipos sensibles.<\/p>\n<p data-start=\"5344\" data-end=\"5506\"><strong data-start=\"5344\" data-end=\"5405\">P2: \u00bfSe puede personalizar este estabilizador para pa\u00edses de 110 V?<\/strong><br data-start=\"5405\" data-end=\"5408\" \/>R: S\u00ed, los voltajes de entrada y salida pueden personalizarse para <strong data-start=\"5464\" data-end=\"5487\">110V\/120V\/230V\/240V<\/strong> seg\u00fan sea necesario.<\/p>\n<p data-start=\"5508\" data-end=\"5684\"><strong data-start=\"5508\" data-end=\"5550\">P3: \u00bfEs segura la instalaci\u00f3n mural?<\/strong><br data-start=\"5550\" data-end=\"5553\" \/>R: Por supuesto. Cada estabilizador incluye soportes de pared y un dise\u00f1o de ventilaci\u00f3n para garantizar un montaje seguro y estable y una refrigeraci\u00f3n eficaz.<\/p>\n<p data-start=\"5686\" data-end=\"5808\"><strong data-start=\"5686\" data-end=\"5726\">P4: \u00bfCu\u00e1l es el periodo de garant\u00eda?<\/strong><br data-start=\"5726\" data-end=\"5729\" \/>R: Ofrecemos un <strong data-start=\"5745\" data-end=\"5769\">12 meses de garant\u00eda<\/strong>seg\u00fan el modelo y la configuraci\u00f3n.<\/p>\n<h2 data-start=\"5815\" data-end=\"5833\"><strong data-start=\"5819\" data-end=\"5833\">Conclusi\u00f3n<\/strong><\/h2>\n<p data-start=\"5835\" data-end=\"6165\">El Estabilizador de Tensi\u00f3n Autom\u00e1tico Monof\u00e1sico Montado en Pared Personalizado 3,5kVA-10kVA ofrece un equilibrio perfecto entre rendimiento, protecci\u00f3n y dise\u00f1o moderno.<br data-start=\"5993\" data-end=\"5996\" \/>Ya sea para uso dom\u00e9stico o profesional, garantiza una tensi\u00f3n estable, una protecci\u00f3n fiable y una eficacia duradera: su elecci\u00f3n ideal para un entorno energ\u00e9tico m\u00e1s seguro.<\/p>\n<p data-start=\"6167\" data-end=\"6316\">Elija ZHENGXI, su fabricante de estabilizadores monof\u00e1sicos de confianza, para soluciones de regulaci\u00f3n de tensi\u00f3n de calidad profesional y personalizaci\u00f3n OEM.<\/p>","protected":false},"excerpt":{"rendered":"<p data-start=\"289\" data-end=\"670\">A medida <strong>Estabilizador autom\u00e1tico de tensi\u00f3n monof\u00e1sico de pared<\/strong> est\u00e1 dise\u00f1ado para proporcionar una regulaci\u00f3n de tensi\u00f3n y una protecci\u00f3n fiables para aparatos el\u00e9ctricos dom\u00e9sticos y comerciales. Con un rango de potencia de 3,5kVA a 10kVA, este estabilizador de pared garantiza un suministro el\u00e9ctrico constante, seguro y eficiente, incluso en zonas con tensi\u00f3n de red inestable o fluctuante.<\/p>\n<p data-start=\"672\" data-end=\"999\">Construido con tecnolog\u00eda avanzada de control de rel\u00e9 o servomotor, mantiene una salida constante de 220 V corrigiendo autom\u00e1ticamente las condiciones de subtensi\u00f3n o sobretensi\u00f3n. Compacto, silencioso y eficiente, es ideal para hogares, oficinas y peque\u00f1as empresas que buscan una protecci\u00f3n de tensi\u00f3n fiable en un elegante dise\u00f1o de montaje en pared.<\/p>","protected":false},"featured_media":22259,"template":"","meta":[],"product_brand":[],"product_cat":[103,110,106],"product_tag":[],"class_list":{"0":"post-22257","1":"product","2":"type-product","3":"status-publish","4":"has-post-thumbnail","6":"product_cat-ac-voltage-stabilizer","7":"product_cat-home-voltage-stabilizer","8":"product_cat-relay-type-avr","10":"first","11":"instock","12":"taxable","13":"shipping-taxable","14":"product-type-simple"},"yoast_head":"<!-- This site is optimized with the Yoast SEO plugin v25.0 - https:\/\/yoast.com\/wordpress\/plugins\/seo\/ -->\n<title>Single Phase Wall Mounted Automatic Voltage Stabilizer Manufacturer In China - PINE-ZHENGXI<\/title>\n<meta name=\"robots\" content=\"index, follow, max-snippet:-1, max-image-preview:large, max-video-preview:-1\" \/>\n<link rel=\"canonical\" href=\"https:\/\/www.tronkiele.com\/es\/product\/single-phase-wall-mounted-automatic-voltage-stabilizer\/\" \/>\n<meta property=\"og:locale\" content=\"es_ES\" \/>\n<meta property=\"og:type\" content=\"article\" \/>\n<meta property=\"og:title\" content=\"Single Phase Wall Mounted Automatic Voltage Stabilizer Manufacturer In China - PINE-ZHENGXI\" \/>\n<meta property=\"og:description\" content=\"The Customized Single Phase Wall Mounted Automatic Voltage Stabilizer is designed to provide reliable voltage regulation and protection for household and commercial electrical appliances. With a power range from 3.5kVA to 10kVA, this wall-mounted stabilizer ensures steady, safe, and efficient power delivery, even in areas with unstable or fluctuating mains voltage. Built with advanced relay or servo motor control technology, it maintains a constant 220V output by automatically correcting under-voltage or over-voltage conditions. Compact, quiet, and efficient, it\u2019s ideal for homes, offices, and small businesses seeking dependable voltage protection in a sleek wall-mounted design.\" \/>\n<meta property=\"og:url\" content=\"https:\/\/www.tronkiele.com\/es\/product\/single-phase-wall-mounted-automatic-voltage-stabilizer\/\" \/>\n<meta property=\"og:site_name\" content=\"PINE-ZHENGXI\" \/>\n<meta property=\"article:modified_time\" content=\"2026-01-27T06:53:19+00:00\" \/>\n<meta property=\"og:image\" content=\"https:\/\/www.tronkiele.com\/wp-content\/uploads\/2025\/11\/walton-stabilizer-price.webp\" \/>\n\t<meta property=\"og:image:width\" content=\"800\" \/>\n\t<meta property=\"og:image:height\" content=\"800\" \/>\n\t<meta property=\"og:image:type\" content=\"image\/webp\" \/>\n<meta name=\"twitter:card\" content=\"summary_large_image\" \/>\n<meta name=\"twitter:label1\" content=\"Tiempo de lectura\" \/>\n\t<meta name=\"twitter:data1\" content=\"3 minutos\" \/>\n<script type=\"application\/ld+json\" class=\"yoast-schema-graph\">{\"@context\":\"https:\/\/schema.org\",\"@graph\":[{\"@type\":\"WebPage\",\"@id\":\"https:\/\/www.tronkiele.com\/product\/single-phase-wall-mounted-automatic-voltage-stabilizer\/\",\"url\":\"https:\/\/www.tronkiele.com\/product\/single-phase-wall-mounted-automatic-voltage-stabilizer\/\",\"name\":\"Single Phase Wall Mounted Automatic Voltage Stabilizer Manufacturer In China - PINE-ZHENGXI\",\"isPartOf\":{\"@id\":\"https:\/\/www.tronkiele.com\/#website\"},\"primaryImageOfPage\":{\"@id\":\"https:\/\/www.tronkiele.com\/product\/single-phase-wall-mounted-automatic-voltage-stabilizer\/#primaryimage\"},\"image\":{\"@id\":\"https:\/\/www.tronkiele.com\/product\/single-phase-wall-mounted-automatic-voltage-stabilizer\/#primaryimage\"},\"thumbnailUrl\":\"https:\/\/www.tronkiele.com\/wp-content\/uploads\/2025\/11\/walton-stabilizer-price.webp\",\"datePublished\":\"2025-11-13T03:21:41+00:00\",\"dateModified\":\"2026-01-27T06:53:19+00:00\",\"breadcrumb\":{\"@id\":\"https:\/\/www.tronkiele.com\/product\/single-phase-wall-mounted-automatic-voltage-stabilizer\/#breadcrumb\"},\"inLanguage\":\"es\",\"potentialAction\":[{\"@type\":\"ReadAction\",\"target\":[\"https:\/\/www.tronkiele.com\/product\/single-phase-wall-mounted-automatic-voltage-stabilizer\/\"]}]},{\"@type\":\"ImageObject\",\"inLanguage\":\"es\",\"@id\":\"https:\/\/www.tronkiele.com\/product\/single-phase-wall-mounted-automatic-voltage-stabilizer\/#primaryimage\",\"url\":\"https:\/\/www.tronkiele.com\/wp-content\/uploads\/2025\/11\/walton-stabilizer-price.webp\",\"contentUrl\":\"https:\/\/www.tronkiele.com\/wp-content\/uploads\/2025\/11\/walton-stabilizer-price.webp\",\"width\":800,\"height\":800,\"caption\":\"walton stabilizer price\"},{\"@type\":\"BreadcrumbList\",\"@id\":\"https:\/\/www.tronkiele.com\/product\/single-phase-wall-mounted-automatic-voltage-stabilizer\/#breadcrumb\",\"itemListElement\":[{\"@type\":\"ListItem\",\"position\":1,\"name\":\"Home\",\"item\":\"https:\/\/www.tronkiele.com\/\"},{\"@type\":\"ListItem\",\"position\":2,\"name\":\"Products\",\"item\":\"https:\/\/www.tronkiele.com\/shop\/\"},{\"@type\":\"ListItem\",\"position\":3,\"name\":\"Customized Single Phase Wall Mounted 0.5kVA-10kVA Automatic Voltage Stabilizer\"}]},{\"@type\":\"WebSite\",\"@id\":\"https:\/\/www.tronkiele.com\/#website\",\"url\":\"https:\/\/www.tronkiele.com\/\",\"name\":\"PINE-ZHENGXI\",\"description\":\"\",\"publisher\":{\"@id\":\"https:\/\/www.tronkiele.com\/#organization\"},\"potentialAction\":[{\"@type\":\"SearchAction\",\"target\":{\"@type\":\"EntryPoint\",\"urlTemplate\":\"https:\/\/www.tronkiele.com\/?s={search_term_string}\"},\"query-input\":{\"@type\":\"PropertyValueSpecification\",\"valueRequired\":true,\"valueName\":\"search_term_string\"}}],\"inLanguage\":\"es\"},{\"@type\":\"Organization\",\"@id\":\"https:\/\/www.tronkiele.com\/#organization\",\"name\":\"PINE-ZHENGXI\",\"url\":\"https:\/\/www.tronkiele.com\/\",\"logo\":{\"@type\":\"ImageObject\",\"inLanguage\":\"es\",\"@id\":\"https:\/\/www.tronkiele.com\/#\/schema\/logo\/image\/\",\"url\":\"https:\/\/www.tronkiele.com\/wp-content\/uploads\/2024\/11\/cropped-tronki.webp\",\"contentUrl\":\"https:\/\/www.tronkiele.com\/wp-content\/uploads\/2024\/11\/cropped-tronki.webp\",\"width\":512,\"height\":512,\"caption\":\"PINE-ZHENGXI\"},\"image\":{\"@id\":\"https:\/\/www.tronkiele.com\/#\/schema\/logo\/image\/\"}}]}<\/script>\n<!-- \/ Yoast SEO plugin. -->","yoast_head_json":{"title":"Estabilizador de tensi\u00f3n autom\u00e1tico monof\u00e1sico de pared Fabricante en China - PINE-ZHENGXI","robots":{"index":"index","follow":"follow","max-snippet":"max-snippet:-1","max-image-preview":"max-image-preview:large","max-video-preview":"max-video-preview:-1"},"canonical":"https:\/\/www.tronkiele.com\/es\/product\/single-phase-wall-mounted-automatic-voltage-stabilizer\/","og_locale":"es_ES","og_type":"article","og_title":"Single Phase Wall Mounted Automatic Voltage Stabilizer Manufacturer In China - PINE-ZHENGXI","og_description":"The Customized Single Phase Wall Mounted Automatic Voltage Stabilizer is designed to provide reliable voltage regulation and protection for household and commercial electrical appliances. With a power range from 3.5kVA to 10kVA, this wall-mounted stabilizer ensures steady, safe, and efficient power delivery, even in areas with unstable or fluctuating mains voltage. Built with advanced relay or servo motor control technology, it maintains a constant 220V output by automatically correcting under-voltage or over-voltage conditions. Compact, quiet, and efficient, it\u2019s ideal for homes, offices, and small businesses seeking dependable voltage protection in a sleek wall-mounted design.","og_url":"https:\/\/www.tronkiele.com\/es\/product\/single-phase-wall-mounted-automatic-voltage-stabilizer\/","og_site_name":"PINE-ZHENGXI","article_modified_time":"2026-01-27T06:53:19+00:00","og_image":[{"width":800,"height":800,"url":"https:\/\/www.tronkiele.com\/wp-content\/uploads\/2025\/11\/walton-stabilizer-price.webp","type":"image\/webp"}],"twitter_card":"summary_large_image","twitter_misc":{"Tiempo de lectura":"3 minutos"},"schema":{"@context":"https:\/\/schema.org","@graph":[{"@type":"WebPage","@id":"https:\/\/www.tronkiele.com\/product\/single-phase-wall-mounted-automatic-voltage-stabilizer\/","url":"https:\/\/www.tronkiele.com\/product\/single-phase-wall-mounted-automatic-voltage-stabilizer\/","name":"Estabilizador de tensi\u00f3n autom\u00e1tico monof\u00e1sico de pared Fabricante en China - PINE-ZHENGXI","isPartOf":{"@id":"https:\/\/www.tronkiele.com\/#website"},"primaryImageOfPage":{"@id":"https:\/\/www.tronkiele.com\/product\/single-phase-wall-mounted-automatic-voltage-stabilizer\/#primaryimage"},"image":{"@id":"https:\/\/www.tronkiele.com\/product\/single-phase-wall-mounted-automatic-voltage-stabilizer\/#primaryimage"},"thumbnailUrl":"https:\/\/www.tronkiele.com\/wp-content\/uploads\/2025\/11\/walton-stabilizer-price.webp","datePublished":"2025-11-13T03:21:41+00:00","dateModified":"2026-01-27T06:53:19+00:00","breadcrumb":{"@id":"https:\/\/www.tronkiele.com\/product\/single-phase-wall-mounted-automatic-voltage-stabilizer\/#breadcrumb"},"inLanguage":"es","potentialAction":[{"@type":"ReadAction","target":["https:\/\/www.tronkiele.com\/product\/single-phase-wall-mounted-automatic-voltage-stabilizer\/"]}]},{"@type":"ImageObject","inLanguage":"es","@id":"https:\/\/www.tronkiele.com\/product\/single-phase-wall-mounted-automatic-voltage-stabilizer\/#primaryimage","url":"https:\/\/www.tronkiele.com\/wp-content\/uploads\/2025\/11\/walton-stabilizer-price.webp","contentUrl":"https:\/\/www.tronkiele.com\/wp-content\/uploads\/2025\/11\/walton-stabilizer-price.webp","width":800,"height":800,"caption":"walton stabilizer price"},{"@type":"BreadcrumbList","@id":"https:\/\/www.tronkiele.com\/product\/single-phase-wall-mounted-automatic-voltage-stabilizer\/#breadcrumb","itemListElement":[{"@type":"ListItem","position":1,"name":"Home","item":"https:\/\/www.tronkiele.com\/"},{"@type":"ListItem","position":2,"name":"Products","item":"https:\/\/www.tronkiele.com\/shop\/"},{"@type":"ListItem","position":3,"name":"Customized Single Phase Wall Mounted 0.5kVA-10kVA Automatic Voltage Stabilizer"}]},{"@type":"WebSite","@id":"https:\/\/www.tronkiele.com\/#website","url":"https:\/\/www.tronkiele.com\/","name":"PINO-ZHENGXI","description":"","publisher":{"@id":"https:\/\/www.tronkiele.com\/#organization"},"potentialAction":[{"@type":"SearchAction","target":{"@type":"EntryPoint","urlTemplate":"https:\/\/www.tronkiele.com\/?s={search_term_string}"},"query-input":{"@type":"PropertyValueSpecification","valueRequired":true,"valueName":"search_term_string"}}],"inLanguage":"es"},{"@type":"Organization","@id":"https:\/\/www.tronkiele.com\/#organization","name":"PINO-ZHENGXI","url":"https:\/\/www.tronkiele.com\/","logo":{"@type":"ImageObject","inLanguage":"es","@id":"https:\/\/www.tronkiele.com\/#\/schema\/logo\/image\/","url":"https:\/\/www.tronkiele.com\/wp-content\/uploads\/2024\/11\/cropped-tronki.webp","contentUrl":"https:\/\/www.tronkiele.com\/wp-content\/uploads\/2024\/11\/cropped-tronki.webp","width":512,"height":512,"caption":"PINE-ZHENGXI"},"image":{"@id":"https:\/\/www.tronkiele.com\/#\/schema\/logo\/image\/"}}]}},"_links":{"self":[{"href":"https:\/\/www.tronkiele.com\/es\/wp-json\/wp\/v2\/product\/22257","targetHints":{"allow":["GET"]}}],"collection":[{"href":"https:\/\/www.tronkiele.com\/es\/wp-json\/wp\/v2\/product"}],"about":[{"href":"https:\/\/www.tronkiele.com\/es\/wp-json\/wp\/v2\/types\/product"}],"version-history":[{"count":4,"href":"https:\/\/www.tronkiele.com\/es\/wp-json\/wp\/v2\/product\/22257\/revisions"}],"predecessor-version":[{"id":22262,"href":"https:\/\/www.tronkiele.com\/es\/wp-json\/wp\/v2\/product\/22257\/revisions\/22262"}],"wp:featuredmedia":[{"embeddable":true,"href":"https:\/\/www.tronkiele.com\/es\/wp-json\/wp\/v2\/media\/22259"}],"wp:attachment":[{"href":"https:\/\/www.tronkiele.com\/es\/wp-json\/wp\/v2\/media?parent=22257"}],"wp:term":[{"taxonomy":"product_brand","embeddable":true,"href":"https:\/\/www.tronkiele.com\/es\/wp-json\/wp\/v2\/product_brand?post=22257"},{"taxonomy":"product_cat","embeddable":true,"href":"https:\/\/www.tronkiele.com\/es\/wp-json\/wp\/v2\/product_cat?post=22257"},{"taxonomy":"product_tag","embeddable":true,"href":"https:\/\/www.tronkiele.com\/es\/wp-json\/wp\/v2\/product_tag?post=22257"}],"curies":[{"name":"wp","href":"https:\/\/api.w.org\/{rel}","templated":true}]}}