{"id":22418,"date":"2026-01-08T05:40:28","date_gmt":"2026-01-08T05:40:28","guid":{"rendered":"https:\/\/www.tronkiele.com\/?post_type=product&#038;p=22418"},"modified":"2026-01-27T05:23:03","modified_gmt":"2026-01-27T05:23:03","slug":"outdoor-100kva-3-phase-servo-automatic-voltage-stabilizer","status":"publish","type":"product","link":"https:\/\/www.tronkiele.com\/es\/product\/outdoor-100kva-3-phase-servo-automatic-voltage-stabilizer\/","title":{"rendered":"Estabilizador de tensi\u00f3n servo autom\u00e1tico trif\u00e1sico SBW Industrial Outdoor 100KVA para equipos mec\u00e1nicos"},"content":{"rendered":"<h2>\u00bfQu\u00e9 es un servoestabilizador de tensi\u00f3n trif\u00e1sico SBW?<\/h2>\n<p>Un servoestabilizador de tensi\u00f3n trif\u00e1sico SBW es un sistema electromec\u00e1nico industrial de regulaci\u00f3n de tensi\u00f3n que corrige autom\u00e1ticamente las fluctuaciones trif\u00e1sicas de la tensi\u00f3n de entrada y suministra una tensi\u00f3n de salida estable a los equipos conectados.<\/p>\n<p>A diferencia de los estabilizadores tipo rel\u00e9, un servoestabilizador de tensi\u00f3n utiliza un servomotor para accionar una escobilla de carb\u00f3n sobre un autotransformador de precisi\u00f3n bobinado en cobre. Este dise\u00f1o permite:<\/p>\n<ul>\n<li>Regulaci\u00f3n de tensi\u00f3n continua y suave<\/li>\n<li>Alta precisi\u00f3n de salida (\u00b13%)<\/li>\n<li>Distorsi\u00f3n m\u00ednima de la forma de onda<\/li>\n<li>Salida de par estable para motores trif\u00e1sicos<\/li>\n<\/ul>\n<p>La serie SBW se utiliza ampliamente en aplicaciones industriales donde la alta capacidad de potencia, el equilibrio de tensi\u00f3n y la fiabilidad operativa son fundamentales, como m\u00e1quinas CNC, compresores, ascensores y l\u00edneas automatizadas de production.<\/p>\n<h2>Principales ventajas del servoestabilizador de tensi\u00f3n trif\u00e1sico SBW:<\/h2>\n<p><strong>Regulaci\u00f3n de tensi\u00f3n trif\u00e1sica de alta precisi\u00f3n<\/strong><\/p>\n<p>El estabilizador de servotensi\u00f3n SBW tiene una precisi\u00f3n regulada de \u00b13%, lo que proporciona protecci\u00f3n a motores industriales, PLC y equipos de control frente a fallos de tensi\u00f3n.<\/p>\n<p><strong>Alta eficiencia para un funcionamiento industrial continuo<\/strong><\/p>\n<p>Con un nivel de eficiencia superior a 95%, la p\u00e9rdida de potencia del Estabilizador Trif\u00e1sico es m\u00ednima. Por tanto, puede utilizarse para un funcionamiento continuo en las industrias.<\/p>\n<p><strong>Tecnolog\u00eda de servocontrol fiable<\/strong><\/p>\n<p>La regulaci\u00f3n del servomotor permite corregir la tensi\u00f3n de forma escalonada sin que se produzcan cambios bruscos de tensi\u00f3n. De este modo, se garantiza un suministro suave de energ\u00eda a los componentes mec\u00e1nicos controlados por el servomotor.<\/p>\n<p><strong>Sistema integral de protecci\u00f3n industrial<\/strong><\/p>\n<p>Varias funciones de protecci\u00f3n est\u00e1n integradas para proteger tanto el estabilizador como la carga en condiciones inusuales.<\/p>\n<p><strong>Bajo nivel de ruido y alto rendimiento<\/strong><\/p>\n<p>Dado que el nivel de ruido es \u226450dB, el estabilizador SBW puede situarse cerca de la unidad production sin afectar al entorno.<\/p>\n<h2>Principales par\u00e1metros t\u00e9cnicos<\/h2>\n<figure class=\"wp-block-table\">\n<div class=\"scroll\">\n<table border=\"0\" width=\"1016\" cellspacing=\"0\" cellpadding=\"0\">\n<tbody>\n<tr>\n<td class=\"et3\" width=\"159\" height=\"18\">Modelo<\/td>\n<td class=\"et4\" width=\"857\">SBW-60KVA SBW-100KVA SBW-150KVA SBW-200KVA SBW-250KVA SBW-300KVA<\/td>\n<\/tr>\n<tr>\n<td class=\"et3\" height=\"18\">Fase<\/td>\n<td class=\"et4\">3 fases<\/td>\n<\/tr>\n<tr>\n<td class=\"et3\" height=\"18\">Tensi\u00f3n de entrada<\/td>\n<td class=\"et4\">AC 304-456V o personalizado<\/td>\n<\/tr>\n<tr>\n<td class=\"et3\" height=\"18\">Tensi\u00f3n de salida<\/td>\n<td class=\"et4\">CA 380 V o personalizado<\/td>\n<\/tr>\n<tr>\n<td class=\"et3\" height=\"18\">Frecuencia<\/td>\n<td class=\"et4\">50 HZ\/60HZ<\/td>\n<\/tr>\n<tr>\n<td class=\"et3\" height=\"18\">Precisi\u00f3n<\/td>\n<td class=\"et5\">3%<\/td>\n<\/tr>\n<tr>\n<td class=\"et3\" height=\"18\">Eficacia del trabajo<\/td>\n<td class=\"et4\">&gt;95%<\/td>\n<\/tr>\n<tr>\n<td class=\"et3\" height=\"18\">Tipo de control<\/td>\n<td class=\"et4\">Servomotor<\/td>\n<\/tr>\n<tr>\n<td class=\"et3\" height=\"18\">Pantalla digital<\/td>\n<td class=\"et4\">Mostrar tensi\u00f3n de entrada y salida<\/td>\n<\/tr>\n<tr>\n<td class=\"et3\" height=\"18\">Protecci\u00f3n<\/td>\n<td class=\"et4\">Sobretensi\u00f3n\/subtensi\u00f3n, sobrecarga, cortocircuito, sobretemperatura<\/td>\n<\/tr>\n<tr>\n<td class=\"et3\" height=\"18\">Temperatura ambiente<\/td>\n<td class=\"et4\">-10\u00b0C~+ 40\u00b0C<\/td>\n<\/tr>\n<tr>\n<td class=\"et3\" height=\"18\">Nivel de ruido<\/td>\n<td class=\"et4\">\u226450dB<\/td>\n<\/tr>\n<\/tbody>\n<\/table>\n<\/div>\n<\/figure>\n<h2>Aplicaciones del estabilizador trif\u00e1sico industrial SBW<\/h2>\n<p>Las aplicaciones m\u00e1s comunes del servoestabilizador de tensi\u00f3n trif\u00e1sico SBW Industrial Outdoor 100KVA:<\/p>\n<ul>\n<li>M\u00e1quinas herramienta de control num\u00e9rico por ordenador<\/li>\n<li>M\u00e1quinas de moldeo por inyecci\u00f3n<\/li>\n<li>Ascensores y sistemas de elevaci\u00f3n<\/li>\n<li>Compresores de aire<\/li>\n<li>L\u00ednea de impresi\u00f3n y envasado production.<\/li>\n<li>Maquinaria textil y qu\u00edmica<\/li>\n<li>Maquinaria de miner\u00eda y construcci\u00f3n<\/li>\n<li>Salas de distribuci\u00f3n de energ\u00eda industrial<\/li>\n<\/ul>\n<p>La soluci\u00f3n anterior es aplicable a cualquier prop\u00f3sito industrial que requiera una tensi\u00f3n trif\u00e1sica estable y equilibrada.<\/p>\n<h2>Servoestabilizador de tensi\u00f3n SBW frente a otros estabilizadores trif\u00e1sicos<\/h2>\n<h3>Estabilizador de tensi\u00f3n servo vs Estabilizador trif\u00e1sico tipo rel\u00e9<\/h3>\n<p>Tipo servo: Regulaci\u00f3n continua, mayor precisi\u00f3n, mayor vida \u00fatil<br \/>\nTipo de rel\u00e9: Regulaci\u00f3n escalonada, menor precisi\u00f3n, vida \u00fatil limitada<\/p>\n<h3>Estabilizador de tensi\u00f3n servo vs Estabilizador de tensi\u00f3n est\u00e1tico<\/h3>\n<p>Tipo servo: Rentable para alta potencia, estructura robusta, apto para entornos dif\u00edciles.<br \/>\nTipo est\u00e1tico: Mayor velocidad de respuesta, mayor coste, componentes electr\u00f3nicos m\u00e1s complejos.<\/p>\n<p>Para uso industrial en exteriores y cargas mec\u00e1nicas pesadas, el estabilizador de servotensi\u00f3n SBW ofrece un equilibrio \u00f3ptimo entre rendimiento, durabilidad y coste.<\/p>\n<h2>C\u00f3mo elegir el estabilizador trif\u00e1sico adecuado para m\u00e1quinas industriales<\/h2>\n<p>Cuando necesite un servorregulador de tensi\u00f3n trif\u00e1sico, deber\u00e1 tener en cuenta los siguientes aspectos:<\/p>\n<ul>\n<li>Capacidad de carga total: La capacidad del regulador de tensi\u00f3n debe ser al menos el doble de la carga m\u00e1xima del aparato.<\/li>\n<li>Requisitos de tensi\u00f3n escalonada: El rango de tensi\u00f3n de entrada debe coincidir con el rango de tensi\u00f3n del estabilizador, que a su vez debe coincidir con la tensi\u00f3n de red. Est\u00e1ndar<\/li>\n<li>Entorno de instalaci\u00f3n: En el entorno exterior, las carcasas deben ser estancas a la intemperie y<\/li>\n<li>Ampliaci\u00f3n futura: Incluir un colch\u00f3n de capacidad para la posibilidad de futuras ampliaciones.<\/li>\n<li>Experiencia del fabricante: Elija un fabricante con experiencia real en la industria.<\/li>\n<\/ul>\n<h2>\u00bfPor qu\u00e9 elegir ZHENGXI como su fabricante de estabilizadores de tensi\u00f3n trif\u00e1sicos?<\/h2>\n<ul>\n<li>M\u00e1s de 20 a\u00f1os en la fabricaci\u00f3n de equipos el\u00e9ctricos de baja tensi\u00f3n<\/li>\n<li>Fabricante especializado en estabilizadores de tensi\u00f3n y transformadores<\/li>\n<li>Sistema production certificado CEI \/ CE \/ ISO 9001<\/li>\n<li>Amplia experiencia OEM\/ODM al servicio de las principales marcas industriales del mundo<\/li>\n<li>Requisitos de tensi\u00f3n, tipos de carcasa y configuraciones personalizados disponibles<\/li>\n<li>Productos exportados a m\u00faltiples mercados industriales de todo el mundo<\/li>\n<\/ul>\n<p>ZHENGXI hace hincapi\u00e9 en la necesidad de suministrar soluciones energ\u00e9ticas eficientes en la industria.<\/p>\n<h2>FAQ<\/h2>\n<p><strong>P1: \u00bfSe puede personalizar el estabilizador de potencia trif\u00e1sico SBW 100KVA?<\/strong><br \/>\nR: S\u00ed. El rango de tensi\u00f3n de entrada, la tensi\u00f3n de salida y el tipo de carcasa pueden personalizarse en funci\u00f3n de los requisitos.<\/p>\n<p><strong>P2: \u00bfSe puede utilizar este estabilizador de servotensi\u00f3n SBW en un entorno exterior?<\/strong><br \/>\nR: S\u00ed. La serie SBW para exteriores est\u00e1 fabricada con carcasas resistentes a la intemperie para su uso en el sector industrial al aire libre.<\/p>\n<p><strong>P3: \u00bfQu\u00e9 se necesita para mantener un servoestabilizador de tensi\u00f3n?<\/strong><br \/>\nR: Es aconsejable revisar peri\u00f3dicamente el servomotor y la escobilla de carb\u00f3n. Con un mantenimiento adecuado, el sistema funcionar\u00e1 bien en todo momento.<\/p>\n<p>&nbsp;<\/p>","protected":false},"excerpt":{"rendered":"<p>En los sistemas el\u00e9ctricos industriales modernos, la estabilidad de la tensi\u00f3n es un requisito fundamental y no una caracter\u00edstica opcional. Una tensi\u00f3n trif\u00e1sica inestable puede provocar directamente paradas de los equipos, fallos en los sistemas de control, sobrecalentamiento de los motores y da\u00f1os a largo plazo en la maquinaria mec\u00e1nica.<\/p>\n<p>El Estabilizador de Tensi\u00f3n Servo Autom\u00e1tico Trif\u00e1sico SBW Industrial Outdoor 100KVA, fabricado por ZHENGXI, est\u00e1 espec\u00edficamente dise\u00f1ado para proporcionar una regulaci\u00f3n de tensi\u00f3n precisa y fiable para equipos mec\u00e1nicos pesados que operan en entornos de red inestables o fluctuantes. Con tecnolog\u00eda de control de servomotor y una robusta estructura para exteriores, este estabilizador trif\u00e1sico garantiza un funcionamiento industrial continuo, seguro y eficiente.<\/p>","protected":false},"featured_media":22420,"template":"","meta":[],"product_brand":[],"product_cat":[103,105,109],"product_tag":[],"class_list":{"0":"post-22418","1":"product","2":"type-product","3":"status-publish","4":"has-post-thumbnail","6":"product_cat-ac-voltage-stabilizer","7":"product_cat-servo-voltage-stabilizer","8":"product_cat-three-phase-stabilizer","10":"first","11":"instock","12":"taxable","13":"shipping-taxable","14":"product-type-simple"},"yoast_head":"<!-- This site is optimized with the Yoast SEO plugin v25.0 - https:\/\/yoast.com\/wordpress\/plugins\/seo\/ -->\n<title>Industrial Outdoor 3 Phase Servo Automatic Voltage Stabilizer Manufacturer - PINE-ZHENGXI<\/title>\n<meta name=\"robots\" content=\"index, follow, max-snippet:-1, max-image-preview:large, max-video-preview:-1\" \/>\n<link rel=\"canonical\" href=\"https:\/\/www.tronkiele.com\/es\/product\/outdoor-100kva-3-phase-servo-automatic-voltage-stabilizer\/\" \/>\n<meta property=\"og:locale\" content=\"es_ES\" \/>\n<meta property=\"og:type\" content=\"article\" \/>\n<meta property=\"og:title\" content=\"Industrial Outdoor 3 Phase Servo Automatic Voltage Stabilizer Manufacturer - PINE-ZHENGXI\" \/>\n<meta property=\"og:description\" content=\"In modern industrial power systems, voltage stability is a fundamental requirement rather than an optional feature. Unstable three-phase voltage can directly lead to equipment shutdowns, control system faults, motor overheating, and long-term damage to mechanical machinery.  The SBW Industrial Outdoor 100KVA 3 Phase Servo Automatic Voltage Stabilizer, manufactured by ZHENGXI, is specifically designed to provide precise and reliable voltage regulation for heavy-duty mechanical equipment operating in unstable or fluctuating grid environments. With servo motor control technology and a rugged outdoor structure, this three phase stabilizer ensures continuous, safe, and efficient industrial operation.\" \/>\n<meta property=\"og:url\" content=\"https:\/\/www.tronkiele.com\/es\/product\/outdoor-100kva-3-phase-servo-automatic-voltage-stabilizer\/\" \/>\n<meta property=\"og:site_name\" content=\"PINE-ZHENGXI\" \/>\n<meta property=\"article:modified_time\" content=\"2026-01-27T05:23:03+00:00\" \/>\n<meta property=\"og:image\" content=\"https:\/\/www.tronkiele.com\/wp-content\/uploads\/2025\/12\/SBW-60kva-300kva-Outdoor-3-Phase-Servo-Automatic-Voltage-Stabilizer-Rainproof-Type.webp\" \/>\n\t<meta property=\"og:image:width\" content=\"600\" \/>\n\t<meta property=\"og:image:height\" content=\"600\" \/>\n\t<meta property=\"og:image:type\" content=\"image\/webp\" \/>\n<meta name=\"twitter:card\" content=\"summary_large_image\" \/>\n<meta name=\"twitter:label1\" content=\"Tiempo de lectura\" \/>\n\t<meta name=\"twitter:data1\" content=\"4 minutos\" \/>\n<script type=\"application\/ld+json\" class=\"yoast-schema-graph\">{\"@context\":\"https:\/\/schema.org\",\"@graph\":[{\"@type\":\"WebPage\",\"@id\":\"https:\/\/www.tronkiele.com\/product\/outdoor-100kva-3-phase-servo-automatic-voltage-stabilizer\/\",\"url\":\"https:\/\/www.tronkiele.com\/product\/outdoor-100kva-3-phase-servo-automatic-voltage-stabilizer\/\",\"name\":\"Industrial Outdoor 3 Phase Servo Automatic Voltage Stabilizer Manufacturer - PINE-ZHENGXI\",\"isPartOf\":{\"@id\":\"https:\/\/www.tronkiele.com\/#website\"},\"primaryImageOfPage\":{\"@id\":\"https:\/\/www.tronkiele.com\/product\/outdoor-100kva-3-phase-servo-automatic-voltage-stabilizer\/#primaryimage\"},\"image\":{\"@id\":\"https:\/\/www.tronkiele.com\/product\/outdoor-100kva-3-phase-servo-automatic-voltage-stabilizer\/#primaryimage\"},\"thumbnailUrl\":\"https:\/\/www.tronkiele.com\/wp-content\/uploads\/2025\/12\/SBW-60kva-300kva-Outdoor-3-Phase-Servo-Automatic-Voltage-Stabilizer-Rainproof-Type.webp\",\"datePublished\":\"2026-01-08T05:40:28+00:00\",\"dateModified\":\"2026-01-27T05:23:03+00:00\",\"breadcrumb\":{\"@id\":\"https:\/\/www.tronkiele.com\/product\/outdoor-100kva-3-phase-servo-automatic-voltage-stabilizer\/#breadcrumb\"},\"inLanguage\":\"es\",\"potentialAction\":[{\"@type\":\"ReadAction\",\"target\":[\"https:\/\/www.tronkiele.com\/product\/outdoor-100kva-3-phase-servo-automatic-voltage-stabilizer\/\"]}]},{\"@type\":\"ImageObject\",\"inLanguage\":\"es\",\"@id\":\"https:\/\/www.tronkiele.com\/product\/outdoor-100kva-3-phase-servo-automatic-voltage-stabilizer\/#primaryimage\",\"url\":\"https:\/\/www.tronkiele.com\/wp-content\/uploads\/2025\/12\/SBW-60kva-300kva-Outdoor-3-Phase-Servo-Automatic-Voltage-Stabilizer-Rainproof-Type.webp\",\"contentUrl\":\"https:\/\/www.tronkiele.com\/wp-content\/uploads\/2025\/12\/SBW-60kva-300kva-Outdoor-3-Phase-Servo-Automatic-Voltage-Stabilizer-Rainproof-Type.webp\",\"width\":600,\"height\":600,\"caption\":\"SBW 60kva-300kva Outdoor 3 Phase Servo Automatic Voltage Stabilizer Rainproof Type\"},{\"@type\":\"BreadcrumbList\",\"@id\":\"https:\/\/www.tronkiele.com\/product\/outdoor-100kva-3-phase-servo-automatic-voltage-stabilizer\/#breadcrumb\",\"itemListElement\":[{\"@type\":\"ListItem\",\"position\":1,\"name\":\"Home\",\"item\":\"https:\/\/www.tronkiele.com\/\"},{\"@type\":\"ListItem\",\"position\":2,\"name\":\"Products\",\"item\":\"https:\/\/www.tronkiele.com\/shop\/\"},{\"@type\":\"ListItem\",\"position\":3,\"name\":\"SBW Industrial Outdoor 100KVA 3 Phase Servo Automatic Voltage Stabilizer for Mechanical Equipment\"}]},{\"@type\":\"WebSite\",\"@id\":\"https:\/\/www.tronkiele.com\/#website\",\"url\":\"https:\/\/www.tronkiele.com\/\",\"name\":\"PINE-ZHENGXI\",\"description\":\"\",\"publisher\":{\"@id\":\"https:\/\/www.tronkiele.com\/#organization\"},\"potentialAction\":[{\"@type\":\"SearchAction\",\"target\":{\"@type\":\"EntryPoint\",\"urlTemplate\":\"https:\/\/www.tronkiele.com\/?s={search_term_string}\"},\"query-input\":{\"@type\":\"PropertyValueSpecification\",\"valueRequired\":true,\"valueName\":\"search_term_string\"}}],\"inLanguage\":\"es\"},{\"@type\":\"Organization\",\"@id\":\"https:\/\/www.tronkiele.com\/#organization\",\"name\":\"PINE-ZHENGXI\",\"url\":\"https:\/\/www.tronkiele.com\/\",\"logo\":{\"@type\":\"ImageObject\",\"inLanguage\":\"es\",\"@id\":\"https:\/\/www.tronkiele.com\/#\/schema\/logo\/image\/\",\"url\":\"https:\/\/www.tronkiele.com\/wp-content\/uploads\/2024\/11\/cropped-tronki.webp\",\"contentUrl\":\"https:\/\/www.tronkiele.com\/wp-content\/uploads\/2024\/11\/cropped-tronki.webp\",\"width\":512,\"height\":512,\"caption\":\"PINE-ZHENGXI\"},\"image\":{\"@id\":\"https:\/\/www.tronkiele.com\/#\/schema\/logo\/image\/\"}}]}<\/script>\n<!-- \/ Yoast SEO plugin. -->","yoast_head_json":{"title":"Estabilizador de tensi\u00f3n servo autom\u00e1tico trif\u00e1sico industrial para exteriores Fabricante - PINE-ZHENGXI","robots":{"index":"index","follow":"follow","max-snippet":"max-snippet:-1","max-image-preview":"max-image-preview:large","max-video-preview":"max-video-preview:-1"},"canonical":"https:\/\/www.tronkiele.com\/es\/product\/outdoor-100kva-3-phase-servo-automatic-voltage-stabilizer\/","og_locale":"es_ES","og_type":"article","og_title":"Industrial Outdoor 3 Phase Servo Automatic Voltage Stabilizer Manufacturer - PINE-ZHENGXI","og_description":"In modern industrial power systems, voltage stability is a fundamental requirement rather than an optional feature. Unstable three-phase voltage can directly lead to equipment shutdowns, control system faults, motor overheating, and long-term damage to mechanical machinery.  The SBW Industrial Outdoor 100KVA 3 Phase Servo Automatic Voltage Stabilizer, manufactured by ZHENGXI, is specifically designed to provide precise and reliable voltage regulation for heavy-duty mechanical equipment operating in unstable or fluctuating grid environments. With servo motor control technology and a rugged outdoor structure, this three phase stabilizer ensures continuous, safe, and efficient industrial operation.","og_url":"https:\/\/www.tronkiele.com\/es\/product\/outdoor-100kva-3-phase-servo-automatic-voltage-stabilizer\/","og_site_name":"PINE-ZHENGXI","article_modified_time":"2026-01-27T05:23:03+00:00","og_image":[{"width":600,"height":600,"url":"https:\/\/www.tronkiele.com\/wp-content\/uploads\/2025\/12\/SBW-60kva-300kva-Outdoor-3-Phase-Servo-Automatic-Voltage-Stabilizer-Rainproof-Type.webp","type":"image\/webp"}],"twitter_card":"summary_large_image","twitter_misc":{"Tiempo de lectura":"4 minutos"},"schema":{"@context":"https:\/\/schema.org","@graph":[{"@type":"WebPage","@id":"https:\/\/www.tronkiele.com\/product\/outdoor-100kva-3-phase-servo-automatic-voltage-stabilizer\/","url":"https:\/\/www.tronkiele.com\/product\/outdoor-100kva-3-phase-servo-automatic-voltage-stabilizer\/","name":"Estabilizador de tensi\u00f3n servo autom\u00e1tico trif\u00e1sico industrial para exteriores Fabricante - PINE-ZHENGXI","isPartOf":{"@id":"https:\/\/www.tronkiele.com\/#website"},"primaryImageOfPage":{"@id":"https:\/\/www.tronkiele.com\/product\/outdoor-100kva-3-phase-servo-automatic-voltage-stabilizer\/#primaryimage"},"image":{"@id":"https:\/\/www.tronkiele.com\/product\/outdoor-100kva-3-phase-servo-automatic-voltage-stabilizer\/#primaryimage"},"thumbnailUrl":"https:\/\/www.tronkiele.com\/wp-content\/uploads\/2025\/12\/SBW-60kva-300kva-Outdoor-3-Phase-Servo-Automatic-Voltage-Stabilizer-Rainproof-Type.webp","datePublished":"2026-01-08T05:40:28+00:00","dateModified":"2026-01-27T05:23:03+00:00","breadcrumb":{"@id":"https:\/\/www.tronkiele.com\/product\/outdoor-100kva-3-phase-servo-automatic-voltage-stabilizer\/#breadcrumb"},"inLanguage":"es","potentialAction":[{"@type":"ReadAction","target":["https:\/\/www.tronkiele.com\/product\/outdoor-100kva-3-phase-servo-automatic-voltage-stabilizer\/"]}]},{"@type":"ImageObject","inLanguage":"es","@id":"https:\/\/www.tronkiele.com\/product\/outdoor-100kva-3-phase-servo-automatic-voltage-stabilizer\/#primaryimage","url":"https:\/\/www.tronkiele.com\/wp-content\/uploads\/2025\/12\/SBW-60kva-300kva-Outdoor-3-Phase-Servo-Automatic-Voltage-Stabilizer-Rainproof-Type.webp","contentUrl":"https:\/\/www.tronkiele.com\/wp-content\/uploads\/2025\/12\/SBW-60kva-300kva-Outdoor-3-Phase-Servo-Automatic-Voltage-Stabilizer-Rainproof-Type.webp","width":600,"height":600,"caption":"SBW 60kva-300kva Outdoor 3 Phase Servo Automatic Voltage Stabilizer Rainproof Type"},{"@type":"BreadcrumbList","@id":"https:\/\/www.tronkiele.com\/product\/outdoor-100kva-3-phase-servo-automatic-voltage-stabilizer\/#breadcrumb","itemListElement":[{"@type":"ListItem","position":1,"name":"Home","item":"https:\/\/www.tronkiele.com\/"},{"@type":"ListItem","position":2,"name":"Products","item":"https:\/\/www.tronkiele.com\/shop\/"},{"@type":"ListItem","position":3,"name":"SBW Industrial Outdoor 100KVA 3 Phase Servo Automatic Voltage Stabilizer for Mechanical Equipment"}]},{"@type":"WebSite","@id":"https:\/\/www.tronkiele.com\/#website","url":"https:\/\/www.tronkiele.com\/","name":"PINO-ZHENGXI","description":"","publisher":{"@id":"https:\/\/www.tronkiele.com\/#organization"},"potentialAction":[{"@type":"SearchAction","target":{"@type":"EntryPoint","urlTemplate":"https:\/\/www.tronkiele.com\/?s={search_term_string}"},"query-input":{"@type":"PropertyValueSpecification","valueRequired":true,"valueName":"search_term_string"}}],"inLanguage":"es"},{"@type":"Organization","@id":"https:\/\/www.tronkiele.com\/#organization","name":"PINO-ZHENGXI","url":"https:\/\/www.tronkiele.com\/","logo":{"@type":"ImageObject","inLanguage":"es","@id":"https:\/\/www.tronkiele.com\/#\/schema\/logo\/image\/","url":"https:\/\/www.tronkiele.com\/wp-content\/uploads\/2024\/11\/cropped-tronki.webp","contentUrl":"https:\/\/www.tronkiele.com\/wp-content\/uploads\/2024\/11\/cropped-tronki.webp","width":512,"height":512,"caption":"PINE-ZHENGXI"},"image":{"@id":"https:\/\/www.tronkiele.com\/#\/schema\/logo\/image\/"}}]}},"_links":{"self":[{"href":"https:\/\/www.tronkiele.com\/es\/wp-json\/wp\/v2\/product\/22418","targetHints":{"allow":["GET"]}}],"collection":[{"href":"https:\/\/www.tronkiele.com\/es\/wp-json\/wp\/v2\/product"}],"about":[{"href":"https:\/\/www.tronkiele.com\/es\/wp-json\/wp\/v2\/types\/product"}],"version-history":[{"count":5,"href":"https:\/\/www.tronkiele.com\/es\/wp-json\/wp\/v2\/product\/22418\/revisions"}],"predecessor-version":[{"id":22445,"href":"https:\/\/www.tronkiele.com\/es\/wp-json\/wp\/v2\/product\/22418\/revisions\/22445"}],"wp:featuredmedia":[{"embeddable":true,"href":"https:\/\/www.tronkiele.com\/es\/wp-json\/wp\/v2\/media\/22420"}],"wp:attachment":[{"href":"https:\/\/www.tronkiele.com\/es\/wp-json\/wp\/v2\/media?parent=22418"}],"wp:term":[{"taxonomy":"product_brand","embeddable":true,"href":"https:\/\/www.tronkiele.com\/es\/wp-json\/wp\/v2\/product_brand?post=22418"},{"taxonomy":"product_cat","embeddable":true,"href":"https:\/\/www.tronkiele.com\/es\/wp-json\/wp\/v2\/product_cat?post=22418"},{"taxonomy":"product_tag","embeddable":true,"href":"https:\/\/www.tronkiele.com\/es\/wp-json\/wp\/v2\/product_tag?post=22418"}],"curies":[{"name":"wp","href":"https:\/\/api.w.org\/{rel}","templated":true}]}}