{"id":22423,"date":"2026-01-07T07:43:49","date_gmt":"2026-01-07T07:43:49","guid":{"rendered":"https:\/\/www.tronkiele.com\/?post_type=product&#038;p=22423"},"modified":"2026-01-27T05:23:17","modified_gmt":"2026-01-27T05:23:17","slug":"3-phase-igbt-static-automatic-voltage-stabilizer","status":"publish","type":"product","link":"https:\/\/www.tronkiele.com\/es\/product\/3-phase-igbt-static-automatic-voltage-stabilizer\/","title":{"rendered":"ZBW 10Kva-4000Kva Estabilizador de Tensi\u00f3n Autom\u00e1tico Trif\u00e1sico IGBT Para M\u00e1quinas de Alta Precisi\u00f3n"},"content":{"rendered":"<h2>\u00bfQu\u00e9 es un estabilizador est\u00e1tico de tensi\u00f3n IGBT?<\/h2>\n<p>A diferencia de los dispositivos convencionales de estabilizaci\u00f3n de servomotores o rel\u00e9s, la serie ZBW utiliza regulaci\u00f3n est\u00e1tica IGBT (Transistor Bipolar de Puerta Aislada). Esta tecnolog\u00eda est\u00e1 ampliamente reconocida en el campo de la energ\u00eda y se menciona en las normas IEEE y de automatizaci\u00f3n industrial.<\/p>\n<h3>C\u00f3mo funciona<\/h3>\n<ul>\n<li>Realiza un seguimiento continuo de la tensi\u00f3n mediante procesos de muestreo digital.<\/li>\n<li>Es un sistema de control de alta velocidad que activa los m\u00f3dulos IGBT.<\/li>\n<li>La compensaci\u00f3n de tensi\u00f3n se produce en milisegundos, sin ning\u00fan movimiento mec\u00e1nico<\/li>\n<\/ul>\n<h3>Principales ventajas de la regulaci\u00f3n est\u00e1tica<\/h3>\n<ul>\n<li>Velocidad de respuesta ultrarr\u00e1pida<\/li>\n<li>Sin desgaste mec\u00e1nico, por lo que su vida \u00fatil es m\u00e1s larga<\/li>\n<li>Sin distorsi\u00f3n adicional de la forma de onda<\/li>\n<li>Alta estabilidad con frecuentes fluctuaciones de tensi\u00f3n<\/li>\n<\/ul>\n<p>Esto hace que el estabilizador ZBW sea especialmente \u00fatil en m\u00e1quinas CNC, procesamiento de semiconductores, equipos de procesamiento de im\u00e1genes m\u00e9dicas y l\u00edneas de montaje automatizadas.<\/p>\n<h2>Especificaciones t\u00e9cnicas<\/h2>\n<div class=\"TyagGW_tableContainer\">\n<div class=\"group TyagGW_tableWrapper flex w-fit flex-col-reverse\" tabindex=\"-1\">\n<table class=\"w-fit min-w-(--thread-content-width)\" data-start=\"4770\" data-end=\"5517\">\n<thead data-start=\"4770\" data-end=\"4799\">\n<tr data-start=\"4770\" data-end=\"4799\">\n<th data-start=\"4770\" data-end=\"4782\" data-col-size=\"sm\">Par\u00e1metro<\/th>\n<th data-start=\"4782\" data-end=\"4799\" data-col-size=\"md\">Especificaci\u00f3n<\/th>\n<\/tr>\n<\/thead>\n<tbody data-start=\"4826\" data-end=\"5517\">\n<tr data-start=\"4826\" data-end=\"4857\">\n<td data-start=\"4826\" data-end=\"4834\" data-col-size=\"sm\">Modelo<\/td>\n<td data-col-size=\"md\" data-start=\"4834\" data-end=\"4857\" data-imt_insert_failed=\"1\">ZBW-S-10kVA-4000kVA<\/td>\n<\/tr>\n<tr data-start=\"4858\" data-end=\"4881\">\n<td data-start=\"4858\" data-end=\"4866\" data-col-size=\"sm\">Fase<\/td>\n<td data-col-size=\"md\" data-start=\"4866\" data-end=\"4881\">Trif\u00e1sico<\/td>\n<\/tr>\n<tr data-start=\"4882\" data-end=\"4928\">\n<td data-start=\"4882\" data-end=\"4898\" data-col-size=\"sm\">Tensi\u00f3n de entrada<\/td>\n<td data-col-size=\"md\" data-start=\"4898\" data-end=\"4928\">AC 304-456V (personalizable)<\/td>\n<\/tr>\n<tr data-start=\"4929\" data-end=\"4972\">\n<td data-start=\"4929\" data-end=\"4946\" data-col-size=\"sm\">Tensi\u00f3n de salida<\/td>\n<td data-col-size=\"md\" data-start=\"4946\" data-end=\"4972\">CA 380 V (personalizable)<\/td>\n<\/tr>\n<tr data-start=\"4973\" data-end=\"5000\">\n<td data-start=\"4973\" data-end=\"4985\" data-col-size=\"sm\">Frecuencia<\/td>\n<td data-col-size=\"md\" data-start=\"4985\" data-end=\"5000\" data-imt_insert_failed=\"1\">50Hz \/ 60Hz<\/td>\n<\/tr>\n<tr data-start=\"5001\" data-end=\"5020\">\n<td data-start=\"5001\" data-end=\"5013\" data-col-size=\"sm\">Precisi\u00f3n<\/td>\n<td data-col-size=\"md\" data-start=\"5013\" data-end=\"5020\" data-imt_insert_failed=\"1\">\u00b11%<\/td>\n<\/tr>\n<tr data-start=\"5021\" data-end=\"5042\">\n<td data-start=\"5021\" data-end=\"5034\" data-col-size=\"sm\">Eficacia<\/td>\n<td data-col-size=\"md\" data-start=\"5034\" data-end=\"5042\" data-imt_insert_failed=\"1\">&gt;95%<\/td>\n<\/tr>\n<tr data-start=\"5043\" data-end=\"5081\">\n<td data-start=\"5043\" data-end=\"5058\" data-col-size=\"sm\">Tipo de control<\/td>\n<td data-col-size=\"md\" data-start=\"5058\" data-end=\"5081\">Control est\u00e1tico IGBT<\/td>\n<\/tr>\n<tr data-start=\"5082\" data-end=\"5153\">\n<td data-start=\"5082\" data-end=\"5100\" data-col-size=\"sm\">Pantalla digital<\/td>\n<td data-col-size=\"md\" data-start=\"5100\" data-end=\"5153\">Tensi\u00f3n de entrada\/salida, relaci\u00f3n de carga, indicador de fallo<\/td>\n<\/tr>\n<tr data-start=\"5154\" data-end=\"5211\">\n<td data-start=\"5154\" data-end=\"5176\" data-col-size=\"sm\">Distorsi\u00f3n de la forma de onda<\/td>\n<td data-col-size=\"md\" data-start=\"5176\" data-end=\"5211\">Ninguno (sin distorsi\u00f3n adicional)<\/td>\n<\/tr>\n<tr data-start=\"5212\" data-end=\"5244\">\n<td data-start=\"5212\" data-end=\"5236\" data-col-size=\"sm\">Resistencia del aislamiento<\/td>\n<td data-col-size=\"md\" data-start=\"5236\" data-end=\"5244\" data-imt_insert_failed=\"1\">\u22652M\u03a9<\/td>\n<\/tr>\n<tr data-start=\"5245\" data-end=\"5285\">\n<td data-start=\"5245\" data-end=\"5267\" data-col-size=\"sm\">Temperatura ambiente<\/td>\n<td data-col-size=\"md\" data-start=\"5267\" data-end=\"5285\">-10\u00b0C a +40\u00b0C<\/td>\n<\/tr>\n<tr data-start=\"5286\" data-end=\"5314\">\n<td data-start=\"5286\" data-end=\"5306\" data-col-size=\"sm\">Humedad relativa<\/td>\n<td data-col-size=\"md\" data-start=\"5306\" data-end=\"5314\" data-imt_insert_failed=\"1\">&lt;95%<\/td>\n<\/tr>\n<tr data-start=\"5315\" data-end=\"5400\">\n<td data-start=\"5315\" data-end=\"5328\" data-col-size=\"sm\">Protecci\u00f3n<\/td>\n<td data-col-size=\"md\" data-start=\"5328\" data-end=\"5400\">Sobretensi\u00f3n, subtensi\u00f3n, sobrecarga, cortocircuito, sobretemperatura<\/td>\n<\/tr>\n<tr data-start=\"5401\" data-end=\"5458\">\n<td data-start=\"5401\" data-end=\"5420\" data-col-size=\"sm\">Protecci\u00f3n retardada<\/td>\n<td data-col-size=\"md\" data-start=\"5420\" data-end=\"5458\">Personalizable (desactivado por defecto)<\/td>\n<\/tr>\n<tr data-start=\"5459\" data-end=\"5517\">\n<td data-start=\"5459\" data-end=\"5481\" data-col-size=\"sm\">Dimensiones y peso<\/td>\n<td data-col-size=\"md\" data-start=\"5481\" data-end=\"5517\">Personalizado por voltaje y capacidad<\/td>\n<\/tr>\n<\/tbody>\n<\/table>\n<\/div>\n<\/div>\n<p data-start=\"5519\" data-end=\"5575\"><em data-start=\"5519\" data-end=\"5575\">Nota: El tama\u00f1o y el peso var\u00edan en funci\u00f3n de la configuraci\u00f3n.<\/em><\/p>\n<h2>FAQ<\/h2>\n<p><strong>P1: \u00bfQu\u00e9 caracter\u00edsticas deber\u00eda tener un estabilizador ZBW ideal?<\/strong><\/p>\n<p>S\u00ed. Tiene una precisi\u00f3n de \u00b11% sin distorsi\u00f3n de la forma de onda. Es el m\u00e1s adecuado para m\u00e1quinas CNC, instrumentos m\u00e9dicos y automatizaci\u00f3n.<\/p>\n<p><strong>P2: \u00bfSe puede personalizar la tensi\u00f3n de entrada y salida?<\/strong><\/p>\n<p>De hecho. La tensi\u00f3n de entrada y de salida tambi\u00e9n puede adaptarse a las necesidades de la red local o a requisitos especiales de la m\u00e1quina. As\u00ed pues, la flexibilidad es posible en funci\u00f3n de las necesidades espec\u00edficas.<\/p>\n<p><strong>P3: \u00bfNecesita el estabilizador un mantenimiento constante?<\/strong><\/p>\n<p>No. Debido a la estructura est\u00e1tica IGBT sin componentes m\u00f3viles, la necesidad de trabajos de mantenimiento peri\u00f3dicos es limitada en comparaci\u00f3n con los servoestabilizadores.<\/p>","protected":false},"excerpt":{"rendered":"<p>ZBW 10Kva-4000Kva Estabilizador de tensi\u00f3n est\u00e1tico autom\u00e1tico igbt trif\u00e1sico para m\u00e1quinas de alta precisi\u00f3n<\/p>\n<p>La estabilidad de la tensi\u00f3n en las instalaciones industriales modernas ha dejado de ser un lujo para convertirse en un requisito imperativo de precisi\u00f3n, eficiencia y longevidad. La serie ZBW de estabilizadores de tensi\u00f3n est\u00e1ticos autom\u00e1ticos IGBT trif\u00e1sicos, con capacidades que van desde 10kVA hasta 4000kVA, fabricados por ZHENGXI, est\u00e1 espec\u00edficamente dise\u00f1ada para una regulaci\u00f3n de tensi\u00f3n precisa, exacta y sin distorsiones para m\u00e1quinas de alta precisi\u00f3n cuando se enfrentan a condiciones de potencia inestables.<\/p>\n<p>El estabilizador ZBW, que utiliza tecnolog\u00eda punta en el control est\u00e1tico IGBT, proporcionar\u00e1 una tensi\u00f3n de salida estable incluso cuando se produzcan fluctuaciones significativas en la potencia de entrada, lo que lo convierte en un dispositivo muy fiable y eficaz, especialmente para industrias con tiempos de parada m\u00ednimos.<\/p>","protected":false},"featured_media":22424,"template":"","meta":[],"product_brand":[],"product_cat":[103,107,109],"product_tag":[],"class_list":{"0":"post-22423","1":"product","2":"type-product","3":"status-publish","4":"has-post-thumbnail","6":"product_cat-ac-voltage-stabilizer","7":"product_cat-static-voltage-stabilizer","8":"product_cat-three-phase-stabilizer","10":"first","11":"instock","12":"taxable","13":"shipping-taxable","14":"product-type-simple"},"yoast_head":"<!-- This site is optimized with the Yoast SEO plugin v25.0 - https:\/\/yoast.com\/wordpress\/plugins\/seo\/ -->\n<title>ZBW 10Kva-4000Kva 3 Phase IGBT Static Automatic Voltage Stabilizer For High-Precision Machines - PINE-ZHENGXI<\/title>\n<meta name=\"robots\" content=\"index, follow, max-snippet:-1, max-image-preview:large, max-video-preview:-1\" \/>\n<link rel=\"canonical\" href=\"https:\/\/www.tronkiele.com\/es\/product\/3-phase-igbt-static-automatic-voltage-stabilizer\/\" \/>\n<meta property=\"og:locale\" content=\"es_ES\" \/>\n<meta property=\"og:type\" content=\"article\" \/>\n<meta property=\"og:title\" content=\"ZBW 10Kva-4000Kva 3 Phase IGBT Static Automatic Voltage Stabilizer For High-Precision Machines - PINE-ZHENGXI\" \/>\n<meta property=\"og:description\" content=\"ZBW 10Kva-4000Kva 3 phase igbt static automatic voltage stabilizer for High-Precision Machines  Voltage stability in modern industrial setups is no longer a luxury but an imperative requirement for precision, efficiency, and longevity. The ZBW Series 3 Phase IGBT Static Automatic Voltage Stabilizer, with capacities ranging from 10kVA to 4000kVA, manufactured by ZHENGXI, is specifically designed for precise, accurate, and distortion-free voltage regulation for high-precision machines when dealing with unstable power conditions.  The ZBW Stabilizer, which uses cutting-edge technology in IGBT Static Control, will provide a stable output voltage even when there are significant fluctuations in the input power, making this a very reliable and efficient device especially for industries with minimal shutdown times.\" \/>\n<meta property=\"og:url\" content=\"https:\/\/www.tronkiele.com\/es\/product\/3-phase-igbt-static-automatic-voltage-stabilizer\/\" \/>\n<meta property=\"og:site_name\" content=\"PINE-ZHENGXI\" \/>\n<meta property=\"article:modified_time\" content=\"2026-01-27T05:23:17+00:00\" \/>\n<meta property=\"og:image\" content=\"https:\/\/www.tronkiele.com\/wp-content\/uploads\/2026\/01\/ZBW-10Kva-4000Kva-3-Phase-IGBT-Static-Automatic-Voltage-Stabilizer-For-High-Precision-Machines.webp\" \/>\n\t<meta property=\"og:image:width\" content=\"800\" \/>\n\t<meta property=\"og:image:height\" content=\"800\" \/>\n\t<meta property=\"og:image:type\" content=\"image\/webp\" \/>\n<meta name=\"twitter:card\" content=\"summary_large_image\" \/>\n<meta name=\"twitter:label1\" content=\"Tiempo de lectura\" \/>\n\t<meta name=\"twitter:data1\" content=\"2 minutos\" \/>\n<script type=\"application\/ld+json\" class=\"yoast-schema-graph\">{\"@context\":\"https:\/\/schema.org\",\"@graph\":[{\"@type\":\"WebPage\",\"@id\":\"https:\/\/www.tronkiele.com\/product\/3-phase-igbt-static-automatic-voltage-stabilizer\/\",\"url\":\"https:\/\/www.tronkiele.com\/product\/3-phase-igbt-static-automatic-voltage-stabilizer\/\",\"name\":\"ZBW 10Kva-4000Kva 3 Phase IGBT Static Automatic Voltage Stabilizer For High-Precision Machines - PINE-ZHENGXI\",\"isPartOf\":{\"@id\":\"https:\/\/www.tronkiele.com\/#website\"},\"primaryImageOfPage\":{\"@id\":\"https:\/\/www.tronkiele.com\/product\/3-phase-igbt-static-automatic-voltage-stabilizer\/#primaryimage\"},\"image\":{\"@id\":\"https:\/\/www.tronkiele.com\/product\/3-phase-igbt-static-automatic-voltage-stabilizer\/#primaryimage\"},\"thumbnailUrl\":\"https:\/\/www.tronkiele.com\/wp-content\/uploads\/2026\/01\/ZBW-10Kva-4000Kva-3-Phase-IGBT-Static-Automatic-Voltage-Stabilizer-For-High-Precision-Machines.webp\",\"datePublished\":\"2026-01-07T07:43:49+00:00\",\"dateModified\":\"2026-01-27T05:23:17+00:00\",\"breadcrumb\":{\"@id\":\"https:\/\/www.tronkiele.com\/product\/3-phase-igbt-static-automatic-voltage-stabilizer\/#breadcrumb\"},\"inLanguage\":\"es\",\"potentialAction\":[{\"@type\":\"ReadAction\",\"target\":[\"https:\/\/www.tronkiele.com\/product\/3-phase-igbt-static-automatic-voltage-stabilizer\/\"]}]},{\"@type\":\"ImageObject\",\"inLanguage\":\"es\",\"@id\":\"https:\/\/www.tronkiele.com\/product\/3-phase-igbt-static-automatic-voltage-stabilizer\/#primaryimage\",\"url\":\"https:\/\/www.tronkiele.com\/wp-content\/uploads\/2026\/01\/ZBW-10Kva-4000Kva-3-Phase-IGBT-Static-Automatic-Voltage-Stabilizer-For-High-Precision-Machines.webp\",\"contentUrl\":\"https:\/\/www.tronkiele.com\/wp-content\/uploads\/2026\/01\/ZBW-10Kva-4000Kva-3-Phase-IGBT-Static-Automatic-Voltage-Stabilizer-For-High-Precision-Machines.webp\",\"width\":800,\"height\":800,\"caption\":\"ZBW 10Kva-4000Kva 3 Phase IGBT Static Automatic Voltage Stabilizer For High-Precision Machines\"},{\"@type\":\"BreadcrumbList\",\"@id\":\"https:\/\/www.tronkiele.com\/product\/3-phase-igbt-static-automatic-voltage-stabilizer\/#breadcrumb\",\"itemListElement\":[{\"@type\":\"ListItem\",\"position\":1,\"name\":\"Home\",\"item\":\"https:\/\/www.tronkiele.com\/\"},{\"@type\":\"ListItem\",\"position\":2,\"name\":\"Products\",\"item\":\"https:\/\/www.tronkiele.com\/shop\/\"},{\"@type\":\"ListItem\",\"position\":3,\"name\":\"ZBW 10Kva-4000Kva 3 Phase IGBT Static Automatic Voltage Stabilizer For High-Precision Machines\"}]},{\"@type\":\"WebSite\",\"@id\":\"https:\/\/www.tronkiele.com\/#website\",\"url\":\"https:\/\/www.tronkiele.com\/\",\"name\":\"PINE-ZHENGXI\",\"description\":\"\",\"publisher\":{\"@id\":\"https:\/\/www.tronkiele.com\/#organization\"},\"potentialAction\":[{\"@type\":\"SearchAction\",\"target\":{\"@type\":\"EntryPoint\",\"urlTemplate\":\"https:\/\/www.tronkiele.com\/?s={search_term_string}\"},\"query-input\":{\"@type\":\"PropertyValueSpecification\",\"valueRequired\":true,\"valueName\":\"search_term_string\"}}],\"inLanguage\":\"es\"},{\"@type\":\"Organization\",\"@id\":\"https:\/\/www.tronkiele.com\/#organization\",\"name\":\"PINE-ZHENGXI\",\"url\":\"https:\/\/www.tronkiele.com\/\",\"logo\":{\"@type\":\"ImageObject\",\"inLanguage\":\"es\",\"@id\":\"https:\/\/www.tronkiele.com\/#\/schema\/logo\/image\/\",\"url\":\"https:\/\/www.tronkiele.com\/wp-content\/uploads\/2024\/11\/cropped-tronki.webp\",\"contentUrl\":\"https:\/\/www.tronkiele.com\/wp-content\/uploads\/2024\/11\/cropped-tronki.webp\",\"width\":512,\"height\":512,\"caption\":\"PINE-ZHENGXI\"},\"image\":{\"@id\":\"https:\/\/www.tronkiele.com\/#\/schema\/logo\/image\/\"}}]}<\/script>\n<!-- \/ Yoast SEO plugin. -->","yoast_head_json":{"title":"ZBW 10Kva-4000Kva Estabilizador de Tensi\u00f3n Autom\u00e1tico Trif\u00e1sico IGBT Para M\u00e1quinas de Alta Precisi\u00f3n - PINE-ZHENGXI","robots":{"index":"index","follow":"follow","max-snippet":"max-snippet:-1","max-image-preview":"max-image-preview:large","max-video-preview":"max-video-preview:-1"},"canonical":"https:\/\/www.tronkiele.com\/es\/product\/3-phase-igbt-static-automatic-voltage-stabilizer\/","og_locale":"es_ES","og_type":"article","og_title":"ZBW 10Kva-4000Kva 3 Phase IGBT Static Automatic Voltage Stabilizer For High-Precision Machines - PINE-ZHENGXI","og_description":"ZBW 10Kva-4000Kva 3 phase igbt static automatic voltage stabilizer for High-Precision Machines  Voltage stability in modern industrial setups is no longer a luxury but an imperative requirement for precision, efficiency, and longevity. The ZBW Series 3 Phase IGBT Static Automatic Voltage Stabilizer, with capacities ranging from 10kVA to 4000kVA, manufactured by ZHENGXI, is specifically designed for precise, accurate, and distortion-free voltage regulation for high-precision machines when dealing with unstable power conditions.  The ZBW Stabilizer, which uses cutting-edge technology in IGBT Static Control, will provide a stable output voltage even when there are significant fluctuations in the input power, making this a very reliable and efficient device especially for industries with minimal shutdown times.","og_url":"https:\/\/www.tronkiele.com\/es\/product\/3-phase-igbt-static-automatic-voltage-stabilizer\/","og_site_name":"PINE-ZHENGXI","article_modified_time":"2026-01-27T05:23:17+00:00","og_image":[{"width":800,"height":800,"url":"https:\/\/www.tronkiele.com\/wp-content\/uploads\/2026\/01\/ZBW-10Kva-4000Kva-3-Phase-IGBT-Static-Automatic-Voltage-Stabilizer-For-High-Precision-Machines.webp","type":"image\/webp"}],"twitter_card":"summary_large_image","twitter_misc":{"Tiempo de lectura":"2 minutos"},"schema":{"@context":"https:\/\/schema.org","@graph":[{"@type":"WebPage","@id":"https:\/\/www.tronkiele.com\/product\/3-phase-igbt-static-automatic-voltage-stabilizer\/","url":"https:\/\/www.tronkiele.com\/product\/3-phase-igbt-static-automatic-voltage-stabilizer\/","name":"ZBW 10Kva-4000Kva Estabilizador de Tensi\u00f3n Autom\u00e1tico Trif\u00e1sico IGBT Para M\u00e1quinas de Alta Precisi\u00f3n - PINE-ZHENGXI","isPartOf":{"@id":"https:\/\/www.tronkiele.com\/#website"},"primaryImageOfPage":{"@id":"https:\/\/www.tronkiele.com\/product\/3-phase-igbt-static-automatic-voltage-stabilizer\/#primaryimage"},"image":{"@id":"https:\/\/www.tronkiele.com\/product\/3-phase-igbt-static-automatic-voltage-stabilizer\/#primaryimage"},"thumbnailUrl":"https:\/\/www.tronkiele.com\/wp-content\/uploads\/2026\/01\/ZBW-10Kva-4000Kva-3-Phase-IGBT-Static-Automatic-Voltage-Stabilizer-For-High-Precision-Machines.webp","datePublished":"2026-01-07T07:43:49+00:00","dateModified":"2026-01-27T05:23:17+00:00","breadcrumb":{"@id":"https:\/\/www.tronkiele.com\/product\/3-phase-igbt-static-automatic-voltage-stabilizer\/#breadcrumb"},"inLanguage":"es","potentialAction":[{"@type":"ReadAction","target":["https:\/\/www.tronkiele.com\/product\/3-phase-igbt-static-automatic-voltage-stabilizer\/"]}]},{"@type":"ImageObject","inLanguage":"es","@id":"https:\/\/www.tronkiele.com\/product\/3-phase-igbt-static-automatic-voltage-stabilizer\/#primaryimage","url":"https:\/\/www.tronkiele.com\/wp-content\/uploads\/2026\/01\/ZBW-10Kva-4000Kva-3-Phase-IGBT-Static-Automatic-Voltage-Stabilizer-For-High-Precision-Machines.webp","contentUrl":"https:\/\/www.tronkiele.com\/wp-content\/uploads\/2026\/01\/ZBW-10Kva-4000Kva-3-Phase-IGBT-Static-Automatic-Voltage-Stabilizer-For-High-Precision-Machines.webp","width":800,"height":800,"caption":"ZBW 10Kva-4000Kva 3 Phase IGBT Static Automatic Voltage Stabilizer For High-Precision Machines"},{"@type":"BreadcrumbList","@id":"https:\/\/www.tronkiele.com\/product\/3-phase-igbt-static-automatic-voltage-stabilizer\/#breadcrumb","itemListElement":[{"@type":"ListItem","position":1,"name":"Home","item":"https:\/\/www.tronkiele.com\/"},{"@type":"ListItem","position":2,"name":"Products","item":"https:\/\/www.tronkiele.com\/shop\/"},{"@type":"ListItem","position":3,"name":"ZBW 10Kva-4000Kva 3 Phase IGBT Static Automatic Voltage Stabilizer For High-Precision Machines"}]},{"@type":"WebSite","@id":"https:\/\/www.tronkiele.com\/#website","url":"https:\/\/www.tronkiele.com\/","name":"PINO-ZHENGXI","description":"","publisher":{"@id":"https:\/\/www.tronkiele.com\/#organization"},"potentialAction":[{"@type":"SearchAction","target":{"@type":"EntryPoint","urlTemplate":"https:\/\/www.tronkiele.com\/?s={search_term_string}"},"query-input":{"@type":"PropertyValueSpecification","valueRequired":true,"valueName":"search_term_string"}}],"inLanguage":"es"},{"@type":"Organization","@id":"https:\/\/www.tronkiele.com\/#organization","name":"PINO-ZHENGXI","url":"https:\/\/www.tronkiele.com\/","logo":{"@type":"ImageObject","inLanguage":"es","@id":"https:\/\/www.tronkiele.com\/#\/schema\/logo\/image\/","url":"https:\/\/www.tronkiele.com\/wp-content\/uploads\/2024\/11\/cropped-tronki.webp","contentUrl":"https:\/\/www.tronkiele.com\/wp-content\/uploads\/2024\/11\/cropped-tronki.webp","width":512,"height":512,"caption":"PINE-ZHENGXI"},"image":{"@id":"https:\/\/www.tronkiele.com\/#\/schema\/logo\/image\/"}}]}},"_links":{"self":[{"href":"https:\/\/www.tronkiele.com\/es\/wp-json\/wp\/v2\/product\/22423","targetHints":{"allow":["GET"]}}],"collection":[{"href":"https:\/\/www.tronkiele.com\/es\/wp-json\/wp\/v2\/product"}],"about":[{"href":"https:\/\/www.tronkiele.com\/es\/wp-json\/wp\/v2\/types\/product"}],"version-history":[{"count":2,"href":"https:\/\/www.tronkiele.com\/es\/wp-json\/wp\/v2\/product\/22423\/revisions"}],"predecessor-version":[{"id":22434,"href":"https:\/\/www.tronkiele.com\/es\/wp-json\/wp\/v2\/product\/22423\/revisions\/22434"}],"wp:featuredmedia":[{"embeddable":true,"href":"https:\/\/www.tronkiele.com\/es\/wp-json\/wp\/v2\/media\/22424"}],"wp:attachment":[{"href":"https:\/\/www.tronkiele.com\/es\/wp-json\/wp\/v2\/media?parent=22423"}],"wp:term":[{"taxonomy":"product_brand","embeddable":true,"href":"https:\/\/www.tronkiele.com\/es\/wp-json\/wp\/v2\/product_brand?post=22423"},{"taxonomy":"product_cat","embeddable":true,"href":"https:\/\/www.tronkiele.com\/es\/wp-json\/wp\/v2\/product_cat?post=22423"},{"taxonomy":"product_tag","embeddable":true,"href":"https:\/\/www.tronkiele.com\/es\/wp-json\/wp\/v2\/product_tag?post=22423"}],"curies":[{"name":"wp","href":"https:\/\/api.w.org\/{rel}","templated":true}]}}