{"id":22435,"date":"2026-01-07T08:29:06","date_gmt":"2026-01-07T08:29:06","guid":{"rendered":"https:\/\/www.tronkiele.com\/?post_type=product&#038;p=22435"},"modified":"2026-01-27T05:23:10","modified_gmt":"2026-01-27T05:23:10","slug":"three-phase-automatic-non-contact-static-voltage-stabilizer","status":"publish","type":"product","link":"https:\/\/www.tronkiele.com\/es\/product\/three-phase-automatic-non-contact-static-voltage-stabilizer\/","title":{"rendered":"Estabilizador de tensi\u00f3n est\u00e1tico trif\u00e1sico inteligente de alta potencia totalmente autom\u00e1tico y sin contacto de 1000kVA con pantalla LCD"},"content":{"rendered":"<h2>\u00bfQu\u00e9 es un estabilizador de tensi\u00f3n est\u00e1tica sin contacto?<\/h2>\n<p><strong>Estabilizador de tensi\u00f3n est\u00e1tica sin contacto<\/strong><br \/>\nUn estabilizador de tensi\u00f3n que no tiene contacto f\u00edsico entre las partes m\u00f3viles y las partes est\u00e1ticas utiliza:<\/p>\n<ul>\n<li>En lugar de utilizar motores y puntos de contacto m\u00f3viles, el estabilizador de tensi\u00f3n se basa en<\/li>\n<li>Conmutaci\u00f3n electr\u00f3nica de alta velocidad<\/li>\n<li>Microprocesadores y dispositivos l\u00f3gicos programables (PLD)<\/li>\n<\/ul>\n<p>Posiciones de toma del transformador controladas en los pasos por cero Este enfoque de dise\u00f1o se ha adoptado ampliamente en los \u00faltimos a\u00f1os en la electr\u00f3nica de potencia y se corresponde con las directrices del IEEE para la investigaci\u00f3n de la tensi\u00f3n en t\u00e9rminos de respuesta r\u00e1pida y minimizaci\u00f3n de los puntos de fallo mec\u00e1nico para la regulaci\u00f3n de la tensi\u00f3n en entornos industriales.<\/p>\n<h2>Puntos fuertes del estabilizador est\u00e1tico ZBW de 1000 kVA<\/h2>\n<p>1. Respuesta de tensi\u00f3n ultrarr\u00e1pida \u226410ms<\/p>\n<p>Una desviaci\u00f3n de la tensi\u00f3n suele ser detectada por el estabilizador, que completa la compensaci\u00f3n en menos de 10 milisegundos y protege los equipos sensibles de las da\u00f1inas ca\u00eddas o subidas de tensi\u00f3n.<\/p>\n<p>Esta velocidad de respuesta es especialmente valiosa para:<\/p>\n<p>Centros de mecanizado CNC<br \/>\nEquipos de ensayo de precisi\u00f3n<br \/>\nSistemas m\u00e9dicos y de laboratorio<\/p>\n<p>2. Precisi\u00f3n de regulaci\u00f3n excepcional<\/p>\n<p>Precisi\u00f3n est\u00e1ndar: \u00b12,5%<br \/>\nRango opcional: \u00b11% a \u00b1 5%, configurable en funci\u00f3n de la caracter\u00edstica de carga<\/p>\n<p>Esta flexibilidad permite al usuario equilibrar la precisi\u00f3n con la tolerancia del sistema y el coste sin necesidad de un exceso de ingenier\u00eda.<\/p>\n<p>3. Alta eficiencia para grandes cargas<\/p>\n<p>Eficiencia: \u226598% M\u00ednimas p\u00e9rdidas internas, incluso a plena carga Menores gastos de funcionamiento para aplicaciones constantes 24\/7 Su gran capacidad de 1000kVA significa que incluso peque\u00f1as mejoras en la eficiencia se traducen en importantes ahorros de energ\u00eda a largo plazo.<\/p>\n<h2>Especificaciones t\u00e9cnicas<\/h2>\n<table>\n<tbody>\n<tr>\n<td colspan=\"2\" width=\"33.8200%\">Modelo<\/td>\n<td width=\"66.1600%\">ZBW-S-10KVA-2000KVA<\/td>\n<\/tr>\n<tr>\n<td colspan=\"2\" width=\"33.8200%\">Fase<\/td>\n<td width=\"66.1600%\">Trif\u00e1sico<\/td>\n<\/tr>\n<tr>\n<td colspan=\"2\" width=\"33.8200%\">Tensi\u00f3n de entrada<\/td>\n<td width=\"66.1600%\">AC 304-456V o personalizado<\/td>\n<\/tr>\n<tr>\n<td colspan=\"2\" width=\"33.8200%\">Tensi\u00f3n de salida<\/td>\n<td width=\"66.1600%\">CA 380 V o personalizado<\/td>\n<\/tr>\n<tr>\n<td colspan=\"2\" width=\"33.8200%\">Frecuencia<\/td>\n<td width=\"66.1600%\">50 Hz\/60 Hz<\/td>\n<\/tr>\n<tr>\n<td colspan=\"2\" width=\"33.8200%\">Precisi\u00f3n<\/td>\n<td width=\"66.1600%\">\u00b13%<\/td>\n<\/tr>\n<tr>\n<td colspan=\"2\" width=\"33.8200%\">Eficacia<\/td>\n<td width=\"66.1600%\">&gt;95%<\/td>\n<\/tr>\n<tr>\n<td colspan=\"2\" width=\"33.8200%\">Tipo de control<\/td>\n<td width=\"66.1600%\">IGBT<\/td>\n<\/tr>\n<tr>\n<td colspan=\"2\" width=\"33.8200%\">Pantalla digital<\/td>\n<td width=\"66.1600%\">Muestra la tensi\u00f3n de entrada y salida, la relaci\u00f3n de carga y el indicador de fallo.<\/td>\n<\/tr>\n<tr>\n<td colspan=\"2\" width=\"33.8200%\">Protecci\u00f3n<\/td>\n<td width=\"66.1600%\">Sobretensi\u00f3n,Sobrecarga,Cortocircuito,Sobretemperatura<\/td>\n<\/tr>\n<tr>\n<td colspan=\"2\" width=\"33.8200%\">Temperatura ambiente<\/td>\n<td width=\"66.1600%\">-10\u2103~+ 40\u2103<\/td>\n<\/tr>\n<tr>\n<td colspan=\"2\" width=\"33.8200%\">Humedad relativa<\/td>\n<td width=\"66.1600%\">&lt;95%<\/td>\n<\/tr>\n<tr>\n<td colspan=\"2\" width=\"33.8200%\">Distorsi\u00f3n de la forma de onda<\/td>\n<td width=\"66.1600%\">Sin distorsi\u00f3n adicional de la forma de onda<\/td>\n<\/tr>\n<tr>\n<td colspan=\"2\" width=\"33.8200%\">Resistencia aislante<\/td>\n<td width=\"66.1600%\">Normalmente m\u00e1s de 2M\u03a9<\/td>\n<\/tr>\n<tr>\n<td rowspan=\"5\" width=\"12.9800%\">Protecci\u00f3n<\/td>\n<td width=\"20.8200%\">Sobretensi\u00f3n<\/td>\n<td width=\"66.1600%\">Tensi\u00f3n de salida \u2265 425V \u00b1 4V<\/td>\n<\/tr>\n<tr>\n<td width=\"20.8200%\">Baja tensi\u00f3n<\/td>\n<td width=\"66.1600%\">Tensi\u00f3n de salida \u2264 360V \u00b1 4V<\/td>\n<\/tr>\n<tr>\n<td width=\"20.8200%\">Sobretemperatura<\/td>\n<td width=\"66.1600%\">95\u2103\u00b110\u2103<\/td>\n<\/tr>\n<tr>\n<td width=\"20.8200%\">Protecci\u00f3n retardada<\/td>\n<td width=\"66.1600%\">Personalizable<\/td>\n<\/tr>\n<tr>\n<td width=\"20.8200%\">Subtensi\u00f3n<\/td>\n<td width=\"66.1600%\">Desactivado por defecto, personalizable si es necesario<\/td>\n<\/tr>\n<tr>\n<td colspan=\"3\" width=\"100.0000%\">El tama\u00f1o y el peso var\u00edan en funci\u00f3n del rango de tensi\u00f3n, y est\u00e1n sujetos a la product real personalizada.<\/td>\n<\/tr>\n<\/tbody>\n<\/table>\n<h2>Monitorizaci\u00f3n LCD inteligente e interfaz de usuario<\/h2>\n<p>La pantalla integrada permite ver el estado del sistema en tiempo real.<\/p>\n<p><strong>Estos par\u00e1metros incluyen:<\/strong><\/p>\n<p>Tensi\u00f3n trif\u00e1sica: (A, B, C) - Valores TRMS<br \/>\nCorriente trif\u00e1sica (A, B, C - valores TRMS)<br \/>\nEl estado de funcionamiento regulador o bypass permite al receptor<br \/>\nEntre las funciones de los dispositivos de protecci\u00f3n se incluyen la indicaci\u00f3n de fallos de sobretensi\u00f3n, subtensi\u00f3n, etc.<\/p>\n<p>Todos los par\u00e1metros se muestran como valores digitales, lo que elimina las imprecisiones inherentes a un sistema de medici\u00f3n de tipo puntero\u3002<\/p>\n<h2>Balance autom\u00e1tico de tensi\u00f3n trif\u00e1sica<\/h2>\n<p>A diferencia de los sistemas convencionales que controlan las fases por separado, el estabilizador de tensi\u00f3n dise\u00f1ado tambi\u00e9n realiza el equilibrado de la tensi\u00f3n trif\u00e1sica de forma autom\u00e1tica, lo que se traduce en la reducci\u00f3n de:<\/p>\n<p>Desequilibrio de fases<br \/>\nSobrecalentamiento del motor<br \/>\nP\u00e9rdidas en transformadores<br \/>\nDesgaste desigual del equipo<\/p>\n<p>Esta caracter\u00edstica tiene su importancia en motores m\u00e1s grandes, l\u00edneas de automatizaci\u00f3n y sistemas industriales conectados a la red.<\/p>\n<h2>Escenarios de aplicaci\u00f3n<\/h2>\n<p>El estabilizador de tensi\u00f3n est\u00e1tica sin contacto 1000kVA se utiliza ampliamente en:<\/p>\n<ul>\n<li>Centros de mecanizado CNC -Mantenga un voltaje constante para cortar materiales con precisi\u00f3n y proteger las herramientas de mecanizado.<\/li>\n<li>Equipos m\u00e9dicos - Ofrece una fuente de energ\u00eda limpia a los dispositivos de imagen m\u00e9dica<\/li>\n<li>Maquinaria de impresi\u00f3n - Evita los TIEMPOS DE PARADA por FLUJO DE TENSI\u00d3N<\/li>\n<li>Equipo de pruebas ambientales -Garantiza la precisi\u00f3n de las pruebas a pesar de los cambios en las condiciones de la red<\/li>\n<\/ul>\n<h2>Serie est\u00e1tica ZBW frente a los servoestabilizadores SBW tradicionales<\/h2>\n<div class=\"TyagGW_tableContainer\">\n<div class=\"group TyagGW_tableWrapper flex w-fit flex-col-reverse\" tabindex=\"-1\">\n<table class=\"w-fit min-w-(--thread-content-width)\" data-start=\"5719\" data-end=\"6303\">\n<thead data-start=\"5719\" data-end=\"5777\">\n<tr data-start=\"5719\" data-end=\"5777\">\n<th data-start=\"5719\" data-end=\"5729\" data-col-size=\"sm\">Caracter\u00edstica<\/th>\n<th data-start=\"5729\" data-end=\"5746\" data-col-size=\"sm\">Tipo de servo SBW<\/th>\n<th data-start=\"5746\" data-end=\"5777\" data-col-size=\"sm\">Tipo est\u00e1tico sin contacto ZBW<\/th>\n<\/tr>\n<\/thead>\n<tbody data-start=\"5833\" data-end=\"6303\">\n<tr data-start=\"5833\" data-end=\"5903\">\n<td data-start=\"5833\" data-end=\"5856\" data-col-size=\"sm\">Principio de regulaci\u00f3n<\/td>\n<td data-col-size=\"sm\" data-start=\"5856\" data-end=\"5879\">Escobilla de carb\u00f3n + motor<\/td>\n<td data-col-size=\"sm\" data-start=\"5879\" data-end=\"5903\">Microprocesador + PLD<\/td>\n<\/tr>\n<tr data-start=\"5904\" data-end=\"5937\">\n<td data-start=\"5904\" data-end=\"5923\" data-col-size=\"sm\">Piezas mec\u00e1nicas<\/td>\n<td data-col-size=\"sm\" data-start=\"5923\" data-end=\"5929\">S\u00ed<\/td>\n<td data-col-size=\"sm\" data-start=\"5929\" data-end=\"5937\">Ninguno<\/td>\n<\/tr>\n<tr data-start=\"5938\" data-end=\"5972\">\n<td data-start=\"5938\" data-end=\"5954\" data-col-size=\"sm\">Tiempo de respuesta<\/td>\n<td data-col-size=\"sm\" data-start=\"5954\" data-end=\"5963\">~200ms<\/td>\n<td data-col-size=\"sm\" data-start=\"5963\" data-end=\"5972\">&lt;10ms<\/td>\n<\/tr>\n<tr data-start=\"5973\" data-end=\"6043\">\n<td data-start=\"5973\" data-end=\"6000\" data-col-size=\"sm\">Velocidad de ajuste de la tensi\u00f3n<\/td>\n<td data-col-size=\"sm\" data-start=\"6000\" data-end=\"6016\">Lento (\u224820V\/s)<\/td>\n<td data-col-size=\"sm\" data-start=\"6016\" data-end=\"6043\">Correcci\u00f3n instant\u00e1nea de saltos<\/td>\n<\/tr>\n<tr data-start=\"6044\" data-end=\"6095\">\n<td data-start=\"6044\" data-end=\"6066\" data-col-size=\"sm\">Equilibrio trif\u00e1sico<\/td>\n<td data-col-size=\"sm\" data-start=\"6066\" data-end=\"6082\">No se admite<\/td>\n<td data-col-size=\"sm\" data-start=\"6082\" data-end=\"6095\">Autom\u00e1tico<\/td>\n<\/tr>\n<tr data-start=\"6096\" data-end=\"6130\">\n<td data-start=\"6096\" data-end=\"6118\" data-col-size=\"sm\">Resistencia arm\u00f3nica<\/td>\n<td data-col-size=\"sm\" data-start=\"6118\" data-end=\"6123\">No<\/td>\n<td data-col-size=\"sm\" data-start=\"6123\" data-end=\"6130\">S\u00ed<\/td>\n<\/tr>\n<tr data-start=\"6131\" data-end=\"6175\">\n<td data-start=\"6131\" data-end=\"6145\" data-col-size=\"sm\">Mantenimiento<\/td>\n<td data-col-size=\"sm\" data-start=\"6145\" data-end=\"6155\">Regular<\/td>\n<td data-col-size=\"sm\" data-start=\"6155\" data-end=\"6175\">Sin mantenimiento<\/td>\n<\/tr>\n<tr data-start=\"6176\" data-end=\"6237\">\n<td data-start=\"6176\" data-end=\"6190\" data-col-size=\"sm\">Modo Bypass<\/td>\n<td data-start=\"6190\" data-end=\"6199\" data-col-size=\"sm\">Manual<\/td>\n<td data-start=\"6199\" data-end=\"6237\" data-col-size=\"sm\">Manual \/ Autom\u00e1tico (ininterrumpido)<\/td>\n<\/tr>\n<tr data-start=\"6238\" data-end=\"6303\">\n<td data-start=\"6238\" data-end=\"6258\" data-col-size=\"sm\">Visualizaci\u00f3n de par\u00e1metros<\/td>\n<td data-start=\"6258\" data-end=\"6275\" data-col-size=\"sm\">Contadores punteros<\/td>\n<td data-start=\"6275\" data-end=\"6303\" data-col-size=\"sm\">Pantalla digital LCD TRMS<\/td>\n<\/tr>\n<\/tbody>\n<\/table>\n<\/div>\n<\/div>\n<p data-start=\"6305\" data-end=\"6433\">Para sistemas industriales modernos, <strong data-start=\"6336\" data-end=\"6396\">La regulaci\u00f3n est\u00e1tica representa claramente<\/strong> de la tecnolog\u00eda de estabilizaci\u00f3n de la tensi\u00f3n.<\/p>\n<h2>FAQ<\/h2>\n<h3>P1: \u00bfPuedo utilizar este estabilizador en zonas ricas en arm\u00f3nicos?<\/h3>\n<p>S\u00ed. Su sistema de adquisici\u00f3n de tensi\u00f3n y corriente dispone de funciones antiarm\u00f3nicas, que permiten una regulaci\u00f3n y medici\u00f3n precisas a pesar de los altos niveles de arm\u00f3nicos.<\/p>\n<h3>P2: \u00bfLa transici\u00f3n a bypass interrumpe la alimentaci\u00f3n?<\/h3>\n<p>No. Ambos modos de derivaci\u00f3n son ininterrumpidos, lo que significa que siempre hay potencia constante en la carga cr\u00edtica.<\/p>\n<h3>P3: \u00bfNecesita el estabilizador un mantenimiento peri\u00f3dico?<\/h3>\n<p>No necesita mantenimiento porque no tiene escobillas de carb\u00f3n, contactos ni transmisi\u00f3n mec\u00e1nica.<\/p>","protected":false},"excerpt":{"rendered":"<p>1000kVA Trif\u00e1sico Inteligente Totalmente Autom\u00e1tico Sin Contacto<strong> Estabilizador est\u00e1tico de tensi\u00f3n<\/strong> de ZHENGXI est\u00e1 dise\u00f1ado para contrarrestar estos problemas en entornos de alta carga, alta precisi\u00f3n y fluctuaci\u00f3n.<br \/>\nEste estabilizador utiliza un avanzado control por microprocesador para la compensaci\u00f3n est\u00e1tica y ofrece una acci\u00f3n r\u00e1pida, una eficiencia s\u00faper alta y una regulaci\u00f3n sin contacto. Este product garantizar\u00e1 una potencia estable con su eficiente rendimiento.<\/p>","protected":false},"featured_media":22437,"template":"","meta":[],"product_brand":[],"product_cat":[103,107,109],"product_tag":[],"class_list":{"0":"post-22435","1":"product","2":"type-product","3":"status-publish","4":"has-post-thumbnail","6":"product_cat-ac-voltage-stabilizer","7":"product_cat-static-voltage-stabilizer","8":"product_cat-three-phase-stabilizer","10":"first","11":"instock","12":"taxable","13":"shipping-taxable","14":"product-type-simple"},"yoast_head":"<!-- This site is optimized with the Yoast SEO plugin v25.0 - https:\/\/yoast.com\/wordpress\/plugins\/seo\/ -->\n<title>Three-Phase Automatic Non-Contact Static Voltage Stabilizer - PINE-ZHENGXI<\/title>\n<meta name=\"robots\" content=\"index, follow, max-snippet:-1, max-image-preview:large, max-video-preview:-1\" \/>\n<link rel=\"canonical\" href=\"https:\/\/www.tronkiele.com\/es\/product\/three-phase-automatic-non-contact-static-voltage-stabilizer\/\" \/>\n<meta property=\"og:locale\" content=\"es_ES\" \/>\n<meta property=\"og:type\" content=\"article\" \/>\n<meta property=\"og:title\" content=\"Three-Phase Automatic Non-Contact Static Voltage Stabilizer - PINE-ZHENGXI\" \/>\n<meta property=\"og:description\" content=\"1000kVA Three Phase Intelligent Fully Automatic Non-Contact Static Voltage Stabilizer by ZHENGXI is designed to counteract such problems in high-load, high-precision, and fluctuating environments. This stabilizer utilizes advanced microprocessor control for static compensation and offers rapid action, super high efficiency, and non-contact regulation. This product will ensure stable power with its efficient performance.\" \/>\n<meta property=\"og:url\" content=\"https:\/\/www.tronkiele.com\/es\/product\/three-phase-automatic-non-contact-static-voltage-stabilizer\/\" \/>\n<meta property=\"og:site_name\" content=\"PINE-ZHENGXI\" \/>\n<meta property=\"article:modified_time\" content=\"2026-01-27T05:23:10+00:00\" \/>\n<meta property=\"og:image\" content=\"https:\/\/www.tronkiele.com\/wp-content\/uploads\/2026\/01\/1000kVA-Three-Phase-High-Power-Intelligent-Fully-Automatic-Non-Contact-Static-Voltage-Stabilizer-with-LCD-Display.webp\" \/>\n\t<meta property=\"og:image:width\" content=\"600\" \/>\n\t<meta property=\"og:image:height\" content=\"600\" \/>\n\t<meta property=\"og:image:type\" content=\"image\/webp\" \/>\n<meta name=\"twitter:card\" content=\"summary_large_image\" \/>\n<meta name=\"twitter:label1\" content=\"Tiempo de lectura\" \/>\n\t<meta name=\"twitter:data1\" content=\"4 minutos\" \/>\n<script type=\"application\/ld+json\" class=\"yoast-schema-graph\">{\"@context\":\"https:\/\/schema.org\",\"@graph\":[{\"@type\":\"WebPage\",\"@id\":\"https:\/\/www.tronkiele.com\/product\/three-phase-automatic-non-contact-static-voltage-stabilizer\/\",\"url\":\"https:\/\/www.tronkiele.com\/product\/three-phase-automatic-non-contact-static-voltage-stabilizer\/\",\"name\":\"Three-Phase Automatic Non-Contact Static Voltage Stabilizer - PINE-ZHENGXI\",\"isPartOf\":{\"@id\":\"https:\/\/www.tronkiele.com\/#website\"},\"primaryImageOfPage\":{\"@id\":\"https:\/\/www.tronkiele.com\/product\/three-phase-automatic-non-contact-static-voltage-stabilizer\/#primaryimage\"},\"image\":{\"@id\":\"https:\/\/www.tronkiele.com\/product\/three-phase-automatic-non-contact-static-voltage-stabilizer\/#primaryimage\"},\"thumbnailUrl\":\"https:\/\/www.tronkiele.com\/wp-content\/uploads\/2026\/01\/1000kVA-Three-Phase-High-Power-Intelligent-Fully-Automatic-Non-Contact-Static-Voltage-Stabilizer-with-LCD-Display.webp\",\"datePublished\":\"2026-01-07T08:29:06+00:00\",\"dateModified\":\"2026-01-27T05:23:10+00:00\",\"breadcrumb\":{\"@id\":\"https:\/\/www.tronkiele.com\/product\/three-phase-automatic-non-contact-static-voltage-stabilizer\/#breadcrumb\"},\"inLanguage\":\"es\",\"potentialAction\":[{\"@type\":\"ReadAction\",\"target\":[\"https:\/\/www.tronkiele.com\/product\/three-phase-automatic-non-contact-static-voltage-stabilizer\/\"]}]},{\"@type\":\"ImageObject\",\"inLanguage\":\"es\",\"@id\":\"https:\/\/www.tronkiele.com\/product\/three-phase-automatic-non-contact-static-voltage-stabilizer\/#primaryimage\",\"url\":\"https:\/\/www.tronkiele.com\/wp-content\/uploads\/2026\/01\/1000kVA-Three-Phase-High-Power-Intelligent-Fully-Automatic-Non-Contact-Static-Voltage-Stabilizer-with-LCD-Display.webp\",\"contentUrl\":\"https:\/\/www.tronkiele.com\/wp-content\/uploads\/2026\/01\/1000kVA-Three-Phase-High-Power-Intelligent-Fully-Automatic-Non-Contact-Static-Voltage-Stabilizer-with-LCD-Display.webp\",\"width\":600,\"height\":600,\"caption\":\"1000kVA Three-Phase High-Power Intelligent Fully Automatic Non-Contact Static Voltage Stabilizer with LCD Display\"},{\"@type\":\"BreadcrumbList\",\"@id\":\"https:\/\/www.tronkiele.com\/product\/three-phase-automatic-non-contact-static-voltage-stabilizer\/#breadcrumb\",\"itemListElement\":[{\"@type\":\"ListItem\",\"position\":1,\"name\":\"Home\",\"item\":\"https:\/\/www.tronkiele.com\/\"},{\"@type\":\"ListItem\",\"position\":2,\"name\":\"Products\",\"item\":\"https:\/\/www.tronkiele.com\/shop\/\"},{\"@type\":\"ListItem\",\"position\":3,\"name\":\"1000kVA Three-Phase High-Power Intelligent Fully Automatic Non-Contact Static Voltage Stabilizer with LCD Display\"}]},{\"@type\":\"WebSite\",\"@id\":\"https:\/\/www.tronkiele.com\/#website\",\"url\":\"https:\/\/www.tronkiele.com\/\",\"name\":\"PINE-ZHENGXI\",\"description\":\"\",\"publisher\":{\"@id\":\"https:\/\/www.tronkiele.com\/#organization\"},\"potentialAction\":[{\"@type\":\"SearchAction\",\"target\":{\"@type\":\"EntryPoint\",\"urlTemplate\":\"https:\/\/www.tronkiele.com\/?s={search_term_string}\"},\"query-input\":{\"@type\":\"PropertyValueSpecification\",\"valueRequired\":true,\"valueName\":\"search_term_string\"}}],\"inLanguage\":\"es\"},{\"@type\":\"Organization\",\"@id\":\"https:\/\/www.tronkiele.com\/#organization\",\"name\":\"PINE-ZHENGXI\",\"url\":\"https:\/\/www.tronkiele.com\/\",\"logo\":{\"@type\":\"ImageObject\",\"inLanguage\":\"es\",\"@id\":\"https:\/\/www.tronkiele.com\/#\/schema\/logo\/image\/\",\"url\":\"https:\/\/www.tronkiele.com\/wp-content\/uploads\/2024\/11\/cropped-tronki.webp\",\"contentUrl\":\"https:\/\/www.tronkiele.com\/wp-content\/uploads\/2024\/11\/cropped-tronki.webp\",\"width\":512,\"height\":512,\"caption\":\"PINE-ZHENGXI\"},\"image\":{\"@id\":\"https:\/\/www.tronkiele.com\/#\/schema\/logo\/image\/\"}}]}<\/script>\n<!-- \/ Yoast SEO plugin. -->","yoast_head_json":{"title":"Estabilizador autom\u00e1tico de tensi\u00f3n est\u00e1tica sin contacto trif\u00e1sico - PINE-ZHENGXI","robots":{"index":"index","follow":"follow","max-snippet":"max-snippet:-1","max-image-preview":"max-image-preview:large","max-video-preview":"max-video-preview:-1"},"canonical":"https:\/\/www.tronkiele.com\/es\/product\/three-phase-automatic-non-contact-static-voltage-stabilizer\/","og_locale":"es_ES","og_type":"article","og_title":"Three-Phase Automatic Non-Contact Static Voltage Stabilizer - PINE-ZHENGXI","og_description":"1000kVA Three Phase Intelligent Fully Automatic Non-Contact Static Voltage Stabilizer by ZHENGXI is designed to counteract such problems in high-load, high-precision, and fluctuating environments. This stabilizer utilizes advanced microprocessor control for static compensation and offers rapid action, super high efficiency, and non-contact regulation. This product will ensure stable power with its efficient performance.","og_url":"https:\/\/www.tronkiele.com\/es\/product\/three-phase-automatic-non-contact-static-voltage-stabilizer\/","og_site_name":"PINE-ZHENGXI","article_modified_time":"2026-01-27T05:23:10+00:00","og_image":[{"width":600,"height":600,"url":"https:\/\/www.tronkiele.com\/wp-content\/uploads\/2026\/01\/1000kVA-Three-Phase-High-Power-Intelligent-Fully-Automatic-Non-Contact-Static-Voltage-Stabilizer-with-LCD-Display.webp","type":"image\/webp"}],"twitter_card":"summary_large_image","twitter_misc":{"Tiempo de lectura":"4 minutos"},"schema":{"@context":"https:\/\/schema.org","@graph":[{"@type":"WebPage","@id":"https:\/\/www.tronkiele.com\/product\/three-phase-automatic-non-contact-static-voltage-stabilizer\/","url":"https:\/\/www.tronkiele.com\/product\/three-phase-automatic-non-contact-static-voltage-stabilizer\/","name":"Estabilizador autom\u00e1tico de tensi\u00f3n est\u00e1tica sin contacto trif\u00e1sico - PINE-ZHENGXI","isPartOf":{"@id":"https:\/\/www.tronkiele.com\/#website"},"primaryImageOfPage":{"@id":"https:\/\/www.tronkiele.com\/product\/three-phase-automatic-non-contact-static-voltage-stabilizer\/#primaryimage"},"image":{"@id":"https:\/\/www.tronkiele.com\/product\/three-phase-automatic-non-contact-static-voltage-stabilizer\/#primaryimage"},"thumbnailUrl":"https:\/\/www.tronkiele.com\/wp-content\/uploads\/2026\/01\/1000kVA-Three-Phase-High-Power-Intelligent-Fully-Automatic-Non-Contact-Static-Voltage-Stabilizer-with-LCD-Display.webp","datePublished":"2026-01-07T08:29:06+00:00","dateModified":"2026-01-27T05:23:10+00:00","breadcrumb":{"@id":"https:\/\/www.tronkiele.com\/product\/three-phase-automatic-non-contact-static-voltage-stabilizer\/#breadcrumb"},"inLanguage":"es","potentialAction":[{"@type":"ReadAction","target":["https:\/\/www.tronkiele.com\/product\/three-phase-automatic-non-contact-static-voltage-stabilizer\/"]}]},{"@type":"ImageObject","inLanguage":"es","@id":"https:\/\/www.tronkiele.com\/product\/three-phase-automatic-non-contact-static-voltage-stabilizer\/#primaryimage","url":"https:\/\/www.tronkiele.com\/wp-content\/uploads\/2026\/01\/1000kVA-Three-Phase-High-Power-Intelligent-Fully-Automatic-Non-Contact-Static-Voltage-Stabilizer-with-LCD-Display.webp","contentUrl":"https:\/\/www.tronkiele.com\/wp-content\/uploads\/2026\/01\/1000kVA-Three-Phase-High-Power-Intelligent-Fully-Automatic-Non-Contact-Static-Voltage-Stabilizer-with-LCD-Display.webp","width":600,"height":600,"caption":"1000kVA Three-Phase High-Power Intelligent Fully Automatic Non-Contact Static Voltage Stabilizer with LCD Display"},{"@type":"BreadcrumbList","@id":"https:\/\/www.tronkiele.com\/product\/three-phase-automatic-non-contact-static-voltage-stabilizer\/#breadcrumb","itemListElement":[{"@type":"ListItem","position":1,"name":"Home","item":"https:\/\/www.tronkiele.com\/"},{"@type":"ListItem","position":2,"name":"Products","item":"https:\/\/www.tronkiele.com\/shop\/"},{"@type":"ListItem","position":3,"name":"1000kVA Three-Phase High-Power Intelligent Fully Automatic Non-Contact Static Voltage Stabilizer with LCD Display"}]},{"@type":"WebSite","@id":"https:\/\/www.tronkiele.com\/#website","url":"https:\/\/www.tronkiele.com\/","name":"PINO-ZHENGXI","description":"","publisher":{"@id":"https:\/\/www.tronkiele.com\/#organization"},"potentialAction":[{"@type":"SearchAction","target":{"@type":"EntryPoint","urlTemplate":"https:\/\/www.tronkiele.com\/?s={search_term_string}"},"query-input":{"@type":"PropertyValueSpecification","valueRequired":true,"valueName":"search_term_string"}}],"inLanguage":"es"},{"@type":"Organization","@id":"https:\/\/www.tronkiele.com\/#organization","name":"PINO-ZHENGXI","url":"https:\/\/www.tronkiele.com\/","logo":{"@type":"ImageObject","inLanguage":"es","@id":"https:\/\/www.tronkiele.com\/#\/schema\/logo\/image\/","url":"https:\/\/www.tronkiele.com\/wp-content\/uploads\/2024\/11\/cropped-tronki.webp","contentUrl":"https:\/\/www.tronkiele.com\/wp-content\/uploads\/2024\/11\/cropped-tronki.webp","width":512,"height":512,"caption":"PINE-ZHENGXI"},"image":{"@id":"https:\/\/www.tronkiele.com\/#\/schema\/logo\/image\/"}}]}},"_links":{"self":[{"href":"https:\/\/www.tronkiele.com\/es\/wp-json\/wp\/v2\/product\/22435","targetHints":{"allow":["GET"]}}],"collection":[{"href":"https:\/\/www.tronkiele.com\/es\/wp-json\/wp\/v2\/product"}],"about":[{"href":"https:\/\/www.tronkiele.com\/es\/wp-json\/wp\/v2\/types\/product"}],"version-history":[{"count":1,"href":"https:\/\/www.tronkiele.com\/es\/wp-json\/wp\/v2\/product\/22435\/revisions"}],"predecessor-version":[{"id":22442,"href":"https:\/\/www.tronkiele.com\/es\/wp-json\/wp\/v2\/product\/22435\/revisions\/22442"}],"wp:featuredmedia":[{"embeddable":true,"href":"https:\/\/www.tronkiele.com\/es\/wp-json\/wp\/v2\/media\/22437"}],"wp:attachment":[{"href":"https:\/\/www.tronkiele.com\/es\/wp-json\/wp\/v2\/media?parent=22435"}],"wp:term":[{"taxonomy":"product_brand","embeddable":true,"href":"https:\/\/www.tronkiele.com\/es\/wp-json\/wp\/v2\/product_brand?post=22435"},{"taxonomy":"product_cat","embeddable":true,"href":"https:\/\/www.tronkiele.com\/es\/wp-json\/wp\/v2\/product_cat?post=22435"},{"taxonomy":"product_tag","embeddable":true,"href":"https:\/\/www.tronkiele.com\/es\/wp-json\/wp\/v2\/product_tag?post=22435"}],"curies":[{"name":"wp","href":"https:\/\/api.w.org\/{rel}","templated":true}]}}