{"id":23068,"date":"2026-03-26T06:53:09","date_gmt":"2026-03-26T06:53:09","guid":{"rendered":"https:\/\/www.tronkiele.com\/?post_type=product&#038;p=23068"},"modified":"2026-04-10T07:23:58","modified_gmt":"2026-04-10T07:23:58","slug":"1kva-voltage-stabilizer","status":"publish","type":"product","link":"https:\/\/www.tronkiele.com\/es\/product\/1kva-voltage-stabilizer\/","title":{"rendered":"1Kva 2Kva 3Kva 5Kva Monof\u00e1sico Rel\u00e9 De Pared Estabilizador De Tensi\u00f3n Para Casa"},"content":{"rendered":"<h2>Principales ventajas<\/h2>\n<ul>\n<li data-section-id=\"1oh7yey\" data-start=\"647\" data-end=\"721\">Amplio rango de entrada: Admite 45-260V \/ 80-260V \/ 100-260V \/ 140-260V<\/li>\n<li data-section-id=\"jzx44t\" data-start=\"722\" data-end=\"799\">Respuesta r\u00e1pida: La conmutaci\u00f3n por rel\u00e9 estabiliza la tensi\u00f3n en milisegundos<\/li>\n<li data-section-id=\"j7lkbw\" data-start=\"800\" data-end=\"864\">Salida estable: 220VAC \u00b110%, adecuado para la mayor\u00eda de los aparatos<\/li>\n<li data-section-id=\"1yc5dou\" data-start=\"865\" data-end=\"919\">Alta eficiencia: &gt;95%, funcionamiento con ahorro de energ\u00eda<\/li>\n<li data-section-id=\"4exc6p\" data-start=\"920\" data-end=\"970\">Dise\u00f1o compacto: Montaje en pared, ahorra espacio<\/li>\n<li data-section-id=\"r1nitg\" data-start=\"971\" data-end=\"1029\">Pantalla LED: Control de tensi\u00f3n y carga en tiempo real<\/li>\n<li data-section-id=\"1pyjupn\" data-start=\"1030\" data-end=\"1120\">Protecci\u00f3n total: Sobretensi\u00f3n, subtensi\u00f3n, sobrecarga, sobretemperatura, retardo de arranque<\/li>\n<\/ul>\n<p><img fetchpriority=\"high\" decoding=\"async\" class=\"alignnone wp-image-23072 size-full\" src=\"https:\/\/www.tronkiele.com\/wp-content\/uploads\/2026\/03\/1kva-wall-mounted-relay-voltage-stabilizer-for-home-use.webp\" alt=\"estabilizador de tensi\u00f3n con rel\u00e9 de pared de 1kva para uso dom\u00e9stico\" width=\"1200\" height=\"800\" srcset=\"https:\/\/www.tronkiele.com\/wp-content\/uploads\/2026\/03\/1kva-wall-mounted-relay-voltage-stabilizer-for-home-use.webp 1200w, https:\/\/www.tronkiele.com\/wp-content\/uploads\/2026\/03\/1kva-wall-mounted-relay-voltage-stabilizer-for-home-use-400x267.webp 400w, https:\/\/www.tronkiele.com\/wp-content\/uploads\/2026\/03\/1kva-wall-mounted-relay-voltage-stabilizer-for-home-use-768x512.webp 768w, https:\/\/www.tronkiele.com\/wp-content\/uploads\/2026\/03\/1kva-wall-mounted-relay-voltage-stabilizer-for-home-use-18x12.webp 18w, https:\/\/www.tronkiele.com\/wp-content\/uploads\/2026\/03\/1kva-wall-mounted-relay-voltage-stabilizer-for-home-use-430x287.webp 430w, https:\/\/www.tronkiele.com\/wp-content\/uploads\/2026\/03\/1kva-wall-mounted-relay-voltage-stabilizer-for-home-use-700x467.webp 700w, https:\/\/www.tronkiele.com\/wp-content\/uploads\/2026\/03\/1kva-wall-mounted-relay-voltage-stabilizer-for-home-use-150x100.webp 150w\" sizes=\"(max-width: 1200px) 100vw, 1200px\" \/><\/p>\n<h2><strong><b>Par\u00e1metros t\u00e9cnicos<\/b><\/strong><\/h2>\n<table>\n<tbody>\n<tr>\n<td colspan=\"2\" width=\"161\">Modelo<\/td>\n<td colspan=\"6\" width=\"416\">TKB-500VA~10000VA<\/td>\n<\/tr>\n<tr>\n<td colspan=\"2\" width=\"161\">Fase<\/td>\n<td colspan=\"6\" width=\"416\">Monof\u00e1sico<\/td>\n<\/tr>\n<tr>\n<td colspan=\"2\" width=\"161\">Tensi\u00f3n de entrada<\/td>\n<td colspan=\"6\" width=\"416\">CA 45-260V, 80-260V, 100-260V, 140-260V (o personalizada)<\/td>\n<\/tr>\n<tr>\n<td colspan=\"2\" width=\"161\">Tensi\u00f3n de salida<\/td>\n<td colspan=\"6\" width=\"416\">AC 220V o personalizado<\/td>\n<\/tr>\n<tr>\n<td colspan=\"2\" width=\"161\">Frecuencia<\/td>\n<td colspan=\"6\" width=\"416\">50 Hz\/60 Hz<\/td>\n<\/tr>\n<tr>\n<td colspan=\"2\" width=\"161\">Precisi\u00f3n<\/td>\n<td colspan=\"6\" width=\"416\">\u00b110% o personalizado<\/td>\n<\/tr>\n<tr>\n<td colspan=\"2\" width=\"161\">Eficacia<\/td>\n<td colspan=\"6\" width=\"416\">&gt;95%<\/td>\n<\/tr>\n<tr>\n<td colspan=\"2\" width=\"161\">Tipo de control<\/td>\n<td colspan=\"6\" width=\"416\">Tipo de rel\u00e9<\/td>\n<\/tr>\n<tr>\n<td colspan=\"2\" width=\"161\">Pantalla digital<\/td>\n<td colspan=\"6\" width=\"416\">Muestra la tensi\u00f3n de entrada y salida, la relaci\u00f3n de carga y el indicador de fallo.<\/td>\n<\/tr>\n<tr>\n<td colspan=\"2\" width=\"161\">Protecci\u00f3n<\/td>\n<td colspan=\"6\" width=\"416\">Sobretemperatura, Sobretensi\u00f3n, Subtensi\u00f3n, Sobrecarga, Temporizaci\u00f3n<\/td>\n<\/tr>\n<tr>\n<td colspan=\"2\" width=\"161\">Temperatura ambiente<\/td>\n<td colspan=\"6\" width=\"416\">-10\u00b0C~+ 40\u00b0C<\/td>\n<\/tr>\n<tr>\n<td colspan=\"2\" width=\"161\">Humedad relativa<\/td>\n<td colspan=\"6\" width=\"416\">&lt;95%<\/td>\n<\/tr>\n<tr>\n<td colspan=\"2\" width=\"161\">Distorsi\u00f3n de la forma de onda<\/td>\n<td colspan=\"6\" width=\"416\">Sin distorsi\u00f3n adicional de la forma de onda<\/td>\n<\/tr>\n<tr>\n<td colspan=\"2\" width=\"161\">Resistencia aislante<\/td>\n<td colspan=\"6\" width=\"416\">Normalmente m\u00e1s de 2M\u03a9<\/td>\n<\/tr>\n<tr>\n<td colspan=\"2\" width=\"161\">Clase de aislamiento<\/td>\n<td colspan=\"6\" width=\"416\">Clase B<\/td>\n<\/tr>\n<tr>\n<td rowspan=\"5\" width=\"62\">&nbsp;<\/p>\n<p>&nbsp;<\/p>\n<p>&nbsp;<\/p>\n<p>Protecci\u00f3n<\/td>\n<td width=\"99\">Sobretensi\u00f3n<\/td>\n<td colspan=\"6\" width=\"416\">Tensi\u00f3n de salida \u2265 245V \u00b1 4V<\/td>\n<\/tr>\n<tr>\n<td width=\"99\">Baja tensi\u00f3n<\/td>\n<td colspan=\"6\" width=\"416\">Tensi\u00f3n de salida \u2264 180V \u00b1 4V<\/td>\n<\/tr>\n<tr>\n<td width=\"99\">Sobretemperatura<\/td>\n<td colspan=\"6\" width=\"416\">95\u2103\u00b110\u2103<\/td>\n<\/tr>\n<tr>\n<td width=\"99\">Tiempo de retardo<\/td>\n<td colspan=\"6\" width=\"416\">Tiempo largo (180 segundos) \/ tiempo corto (6 segundos)<\/td>\n<\/tr>\n<tr>\n<td width=\"99\">Subtensi\u00f3n<\/td>\n<td colspan=\"6\" width=\"416\">Desactivado por defecto, personalizable si es necesario<\/td>\n<\/tr>\n<tr>\n<td colspan=\"2\" width=\"161\">Potencia<\/td>\n<td width=\"69\">1000VA<\/td>\n<td width=\"69\">2000VA<\/td>\n<td width=\"69\">3000VA<\/td>\n<td width=\"69\">5000VA<\/td>\n<td width=\"69\">8000VA<\/td>\n<td width=\"69\">10000VA<\/td>\n<\/tr>\n<tr>\n<td colspan=\"2\" width=\"161\">Tama\u00f1o (mm) L*A*A<\/td>\n<td width=\"69\">305*200*85<\/td>\n<td width=\"69\">305*200*85<\/td>\n<td width=\"69\">370*250*105<\/td>\n<td width=\"69\">370*250*105<\/td>\n<td width=\"69\">335*120*440<\/td>\n<td width=\"69\">335*120*440<\/td>\n<\/tr>\n<tr>\n<td colspan=\"2\" width=\"161\">N.W(kg)<\/td>\n<td width=\"69\">3.9<\/td>\n<td width=\"69\">4.34<\/td>\n<td width=\"69\">6.34<\/td>\n<td width=\"69\">8.3<\/td>\n<td width=\"69\">8.92<\/td>\n<td width=\"69\">16.35<\/td>\n<\/tr>\n<tr>\n<td colspan=\"8\" width=\"578\">El tama\u00f1o y el peso var\u00edan en funci\u00f3n del rango de tensi\u00f3n, y est\u00e1n sujetos al product real personalizado.<\/td>\n<\/tr>\n<\/tbody>\n<\/table>\n<h2 data-section-id=\"ce0tqk\" data-start=\"1557\" data-end=\"1574\" data-imt-p=\"1\">Aplicaciones<\/h2>\n<p data-start=\"1576\" data-end=\"1591\" data-imt-p=\"1\">Adecuado para:<\/p>\n<ul data-start=\"1592\" data-end=\"1701\">\n<li data-section-id=\"mojtcl\" data-start=\"1592\" data-end=\"1632\">Televisores, frigor\u00edficos, aparatos de aire acondicionado<\/li>\n<li data-section-id=\"109xdqp\" data-start=\"1633\" data-end=\"1665\">Ordenadores, impresoras, routers<\/li>\n<li data-section-id=\"1f01eu1\" data-start=\"1666\" data-end=\"1701\">Tiendas, oficinas, peque\u00f1o material<\/li>\n<\/ul>\n<p data-start=\"1703\" data-end=\"1793\" data-imt-p=\"1\">Garantiza un funcionamiento estable y ayuda a evitar el sobrecalentamiento, las aver\u00edas y los fallos prematuros.<\/p>\n<h2 data-section-id=\"14er4d7\" data-start=\"1900\" data-end=\"1930\" data-imt-p=\"1\">Rel\u00e9 vs Servoestabilizador<\/h2>\n<ul data-start=\"1932\" data-end=\"2073\">\n<li data-section-id=\"1ug4qlg\" data-start=\"1932\" data-end=\"2005\"><strong data-start=\"1934\" data-end=\"1949\"><span style=\"color: #0000ff;\"><a style=\"color: #0000ff;\" href=\"\/es\/categoria-producto\/ac-voltage-stabilizer\/relay-type-avr\/\">Rel\u00e9 Tipo AVR<\/a><\/span>:<\/strong> R\u00e1pido, asequible y de bajo mantenimiento (lo mejor para uso dom\u00e9stico)<\/li>\n<li data-section-id=\"pbak85\" data-start=\"2006\" data-end=\"2073\"><strong data-start=\"2008\" data-end=\"2023\"><a href=\"\/es\/categoria-producto\/ac-voltage-stabilizer\/servo-voltage-stabilizer\/\"><span style=\"color: #0000ff;\">Tipo servo<\/span> AVR<\/a>:<\/strong> Mayor precisi\u00f3n, utilizado para equipos industriales<\/li>\n<\/ul>\n<h2 data-section-id=\"7vqe9r\" data-start=\"2080\" data-end=\"2100\" data-imt-p=\"1\">Gu\u00eda de selecci\u00f3n<\/h2>\n<ul data-start=\"2102\" data-end=\"2249\">\n<li data-section-id=\"89qlxw\" data-start=\"2102\" data-end=\"2153\"><strong data-start=\"2104\" data-end=\"2124\">Estabilizador de 1KVA:<\/strong> Peque\u00f1as cargas (televisores, routers)<\/li>\n<li data-section-id=\"p83jpw\" data-start=\"2154\" data-end=\"2202\"><strong data-start=\"2156\" data-end=\"2167\">2-3KVA:<\/strong> Nevera, ordenador, peque\u00f1o aire acondicionado<\/li>\n<li data-section-id=\"1fl3f39\" data-start=\"2203\" data-end=\"2249\"><strong data-start=\"2205\" data-end=\"2214\">5KVA:<\/strong> Electrodom\u00e9sticos m\u00faltiples o CA m\u00e1s grande<\/li>\n<\/ul>\n<p data-start=\"2251\" data-end=\"2311\" data-imt-p=\"1\"><strong data-start=\"2251\" data-end=\"2259\">Consejo:<\/strong> Elija 20-30% mayor capacidad que su carga total.<\/p>\n<h2>FAQ<\/h2>\n<p data-start=\"2472\" data-end=\"2596\" data-imt-p=\"1\"><strong data-start=\"2472\" data-end=\"2506\" data-imt-p=\"1\">P1: \u00bfPor qu\u00e9 utilizar un estabilizador de 1 kva?<\/strong><br data-start=\"2506\" data-end=\"2509\" \/>R: Mantiene la tensi\u00f3n estable, protegiendo los aparatos de posibles da\u00f1os y mejorando su vida \u00fatil.<\/p>\n<p data-start=\"2598\" data-end=\"2708\" data-imt-p=\"1\"><strong data-start=\"2598\" data-end=\"2636\" data-imt-p=\"1\">P2: \u00bfPuede hacer funcionar un aparato de aire acondicionado?<\/strong><br data-start=\"2636\" data-end=\"2639\" \/>R: S\u00ed, pero normalmente se recomiendan 3KVA-5KVA en funci\u00f3n de la potencia de CA.<\/p>\n<p data-start=\"2710\" data-end=\"2806\" data-imt-p=\"1\"><strong data-start=\"2710\" data-end=\"2745\" data-imt-p=\"1\">P3: \u00bfConsume mucha energ\u00eda?<\/strong><br data-start=\"2745\" data-end=\"2748\" \/>R: No, funciona eficazmente con una p\u00e9rdida de energ\u00eda m\u00ednima.<\/p>\n<h2>Conclusi\u00f3n<\/h2>\n<p>El estabilizador de tensi\u00f3n de 1KVA a 5KVA, que se monta en la pared, es una soluci\u00f3n fiable, compacta y econ\u00f3mica para la protecci\u00f3n de la tensi\u00f3n. Es la mejor opci\u00f3n para la protecci\u00f3n de la tensi\u00f3n por su r\u00e1pido tiempo de respuesta y sus m\u00faltiples protecciones.<\/p>","protected":false},"excerpt":{"rendered":"<p>El estabilizador de tensi\u00f3n con rel\u00e9 de montaje en pared est\u00e1 pensado para el funcionamiento seguro de electrodom\u00e9sticos y peque\u00f1os aparatos comerciales. Incorpora un transformador multitoma controlado por rel\u00e9 que ajusta autom\u00e1ticamente los cambios en la tensi\u00f3n de entrada y proporciona una salida constante de 220 VCA.<\/p>\n<p>Este estabilizador compacto y f\u00e1cil de usar es perfecto para hogares, oficinas y comercios modernos.<\/p>","protected":false},"featured_media":22366,"template":"","meta":[],"product_brand":[],"product_cat":[103,110,106],"product_tag":[116],"class_list":{"0":"post-23068","1":"product","2":"type-product","3":"status-publish","4":"has-post-thumbnail","6":"product_cat-ac-voltage-stabilizer","7":"product_cat-home-voltage-stabilizer","8":"product_cat-relay-type-avr","9":"product_tag-voltage-stabilizer-for-microwave","11":"first","12":"instock","13":"taxable","14":"shipping-taxable","15":"product-type-simple"},"yoast_head":"<!-- This site is optimized with the Yoast SEO plugin v25.0 - https:\/\/yoast.com\/wordpress\/plugins\/seo\/ -->\n<title>Single Phase Voltage Stabilizer Manufacturer In China | Wall Relay AVR - PINE<\/title>\n<meta name=\"robots\" content=\"index, follow, max-snippet:-1, max-image-preview:large, max-video-preview:-1\" \/>\n<link rel=\"canonical\" href=\"https:\/\/www.tronkiele.com\/es\/product\/1kva-voltage-stabilizer\/\" \/>\n<meta property=\"og:locale\" content=\"es_ES\" \/>\n<meta property=\"og:type\" content=\"article\" \/>\n<meta property=\"og:title\" content=\"Single Phase Voltage Stabilizer Manufacturer In China | Wall Relay AVR - PINE\" \/>\n<meta property=\"og:description\" content=\"The wall-mounted relay voltage stabilizer is intended for the safe operation of household and small commercial appliances. It features a relay-controlled multi-tap transformer that automatically adjusts changes in the input voltage and provides a constant output of 220VAC.  This compact and easy-to-use stabilizer is perfect for modern homes, offices, and shops.\" \/>\n<meta property=\"og:url\" content=\"https:\/\/www.tronkiele.com\/es\/product\/1kva-voltage-stabilizer\/\" \/>\n<meta property=\"og:site_name\" content=\"PINE\" \/>\n<meta property=\"article:modified_time\" content=\"2026-04-10T07:23:58+00:00\" \/>\n<meta property=\"og:image\" content=\"https:\/\/www.tronkiele.com\/wp-content\/uploads\/2025\/12\/Wall-Mounted-Voltage-Stabilizer-for-Small-Appliances.webp\" \/>\n\t<meta property=\"og:image:width\" content=\"600\" \/>\n\t<meta property=\"og:image:height\" content=\"600\" \/>\n\t<meta property=\"og:image:type\" content=\"image\/webp\" \/>\n<meta name=\"twitter:card\" content=\"summary_large_image\" \/>\n<meta name=\"twitter:label1\" content=\"Tiempo de lectura\" \/>\n\t<meta name=\"twitter:data1\" content=\"3 minutos\" \/>\n<script type=\"application\/ld+json\" class=\"yoast-schema-graph\">{\"@context\":\"https:\/\/schema.org\",\"@graph\":[{\"@type\":\"WebPage\",\"@id\":\"https:\/\/www.tronkiele.com\/product\/1kva-voltage-stabilizer\/\",\"url\":\"https:\/\/www.tronkiele.com\/product\/1kva-voltage-stabilizer\/\",\"name\":\"Single Phase Voltage Stabilizer Manufacturer In China | Wall Relay AVR - PINE\",\"isPartOf\":{\"@id\":\"https:\/\/www.tronkiele.com\/#website\"},\"primaryImageOfPage\":{\"@id\":\"https:\/\/www.tronkiele.com\/product\/1kva-voltage-stabilizer\/#primaryimage\"},\"image\":{\"@id\":\"https:\/\/www.tronkiele.com\/product\/1kva-voltage-stabilizer\/#primaryimage\"},\"thumbnailUrl\":\"https:\/\/www.tronkiele.com\/wp-content\/uploads\/2025\/12\/Wall-Mounted-Voltage-Stabilizer-for-Small-Appliances.webp\",\"datePublished\":\"2026-03-26T06:53:09+00:00\",\"dateModified\":\"2026-04-10T07:23:58+00:00\",\"breadcrumb\":{\"@id\":\"https:\/\/www.tronkiele.com\/product\/1kva-voltage-stabilizer\/#breadcrumb\"},\"inLanguage\":\"es\",\"potentialAction\":[{\"@type\":\"ReadAction\",\"target\":[\"https:\/\/www.tronkiele.com\/product\/1kva-voltage-stabilizer\/\"]}]},{\"@type\":\"ImageObject\",\"inLanguage\":\"es\",\"@id\":\"https:\/\/www.tronkiele.com\/product\/1kva-voltage-stabilizer\/#primaryimage\",\"url\":\"https:\/\/www.tronkiele.com\/wp-content\/uploads\/2025\/12\/Wall-Mounted-Voltage-Stabilizer-for-Small-Appliances.webp\",\"contentUrl\":\"https:\/\/www.tronkiele.com\/wp-content\/uploads\/2025\/12\/Wall-Mounted-Voltage-Stabilizer-for-Small-Appliances.webp\",\"width\":600,\"height\":600,\"caption\":\"Wall-Mounted Voltage Stabilizer for Small Appliances\"},{\"@type\":\"BreadcrumbList\",\"@id\":\"https:\/\/www.tronkiele.com\/product\/1kva-voltage-stabilizer\/#breadcrumb\",\"itemListElement\":[{\"@type\":\"ListItem\",\"position\":1,\"name\":\"Home\",\"item\":\"https:\/\/www.tronkiele.com\/\"},{\"@type\":\"ListItem\",\"position\":2,\"name\":\"Products\",\"item\":\"https:\/\/www.tronkiele.com\/shop\/\"},{\"@type\":\"ListItem\",\"position\":3,\"name\":\"1Kva 2Kva 3Kva 5Kva Single Phase Wall Relay Voltage Stabilizer For House\"}]},{\"@type\":\"WebSite\",\"@id\":\"https:\/\/www.tronkiele.com\/#website\",\"url\":\"https:\/\/www.tronkiele.com\/\",\"name\":\"PINE\",\"description\":\"\",\"publisher\":{\"@id\":\"https:\/\/www.tronkiele.com\/#organization\"},\"potentialAction\":[{\"@type\":\"SearchAction\",\"target\":{\"@type\":\"EntryPoint\",\"urlTemplate\":\"https:\/\/www.tronkiele.com\/?s={search_term_string}\"},\"query-input\":{\"@type\":\"PropertyValueSpecification\",\"valueRequired\":true,\"valueName\":\"search_term_string\"}}],\"inLanguage\":\"es\"},{\"@type\":\"Organization\",\"@id\":\"https:\/\/www.tronkiele.com\/#organization\",\"name\":\"PINE\",\"url\":\"https:\/\/www.tronkiele.com\/\",\"logo\":{\"@type\":\"ImageObject\",\"inLanguage\":\"es\",\"@id\":\"https:\/\/www.tronkiele.com\/#\/schema\/logo\/image\/\",\"url\":\"https:\/\/www.tronkiele.com\/wp-content\/uploads\/2024\/11\/cropped-tronki.webp\",\"contentUrl\":\"https:\/\/www.tronkiele.com\/wp-content\/uploads\/2024\/11\/cropped-tronki.webp\",\"width\":512,\"height\":512,\"caption\":\"PINE\"},\"image\":{\"@id\":\"https:\/\/www.tronkiele.com\/#\/schema\/logo\/image\/\"}}]}<\/script>\n<!-- \/ Yoast SEO plugin. -->","yoast_head_json":{"title":"Estabilizador de tensi\u00f3n monof\u00e1sico Fabricante en China | Wall Relay AVR - PINE","robots":{"index":"index","follow":"follow","max-snippet":"max-snippet:-1","max-image-preview":"max-image-preview:large","max-video-preview":"max-video-preview:-1"},"canonical":"https:\/\/www.tronkiele.com\/es\/product\/1kva-voltage-stabilizer\/","og_locale":"es_ES","og_type":"article","og_title":"Single Phase Voltage Stabilizer Manufacturer In China | Wall Relay AVR - PINE","og_description":"The wall-mounted relay voltage stabilizer is intended for the safe operation of household and small commercial appliances. It features a relay-controlled multi-tap transformer that automatically adjusts changes in the input voltage and provides a constant output of 220VAC.  This compact and easy-to-use stabilizer is perfect for modern homes, offices, and shops.","og_url":"https:\/\/www.tronkiele.com\/es\/product\/1kva-voltage-stabilizer\/","og_site_name":"PINE","article_modified_time":"2026-04-10T07:23:58+00:00","og_image":[{"width":600,"height":600,"url":"https:\/\/www.tronkiele.com\/wp-content\/uploads\/2025\/12\/Wall-Mounted-Voltage-Stabilizer-for-Small-Appliances.webp","type":"image\/webp"}],"twitter_card":"summary_large_image","twitter_misc":{"Tiempo de lectura":"3 minutos"},"schema":{"@context":"https:\/\/schema.org","@graph":[{"@type":"WebPage","@id":"https:\/\/www.tronkiele.com\/product\/1kva-voltage-stabilizer\/","url":"https:\/\/www.tronkiele.com\/product\/1kva-voltage-stabilizer\/","name":"Estabilizador de tensi\u00f3n monof\u00e1sico Fabricante en China | Wall Relay AVR - PINE","isPartOf":{"@id":"https:\/\/www.tronkiele.com\/#website"},"primaryImageOfPage":{"@id":"https:\/\/www.tronkiele.com\/product\/1kva-voltage-stabilizer\/#primaryimage"},"image":{"@id":"https:\/\/www.tronkiele.com\/product\/1kva-voltage-stabilizer\/#primaryimage"},"thumbnailUrl":"https:\/\/www.tronkiele.com\/wp-content\/uploads\/2025\/12\/Wall-Mounted-Voltage-Stabilizer-for-Small-Appliances.webp","datePublished":"2026-03-26T06:53:09+00:00","dateModified":"2026-04-10T07:23:58+00:00","breadcrumb":{"@id":"https:\/\/www.tronkiele.com\/product\/1kva-voltage-stabilizer\/#breadcrumb"},"inLanguage":"es","potentialAction":[{"@type":"ReadAction","target":["https:\/\/www.tronkiele.com\/product\/1kva-voltage-stabilizer\/"]}]},{"@type":"ImageObject","inLanguage":"es","@id":"https:\/\/www.tronkiele.com\/product\/1kva-voltage-stabilizer\/#primaryimage","url":"https:\/\/www.tronkiele.com\/wp-content\/uploads\/2025\/12\/Wall-Mounted-Voltage-Stabilizer-for-Small-Appliances.webp","contentUrl":"https:\/\/www.tronkiele.com\/wp-content\/uploads\/2025\/12\/Wall-Mounted-Voltage-Stabilizer-for-Small-Appliances.webp","width":600,"height":600,"caption":"Wall-Mounted Voltage Stabilizer for Small Appliances"},{"@type":"BreadcrumbList","@id":"https:\/\/www.tronkiele.com\/product\/1kva-voltage-stabilizer\/#breadcrumb","itemListElement":[{"@type":"ListItem","position":1,"name":"Home","item":"https:\/\/www.tronkiele.com\/"},{"@type":"ListItem","position":2,"name":"Products","item":"https:\/\/www.tronkiele.com\/shop\/"},{"@type":"ListItem","position":3,"name":"1Kva 2Kva 3Kva 5Kva Single Phase Wall Relay Voltage Stabilizer For House"}]},{"@type":"WebSite","@id":"https:\/\/www.tronkiele.com\/#website","url":"https:\/\/www.tronkiele.com\/","name":"PINO","description":"","publisher":{"@id":"https:\/\/www.tronkiele.com\/#organization"},"potentialAction":[{"@type":"SearchAction","target":{"@type":"EntryPoint","urlTemplate":"https:\/\/www.tronkiele.com\/?s={search_term_string}"},"query-input":{"@type":"PropertyValueSpecification","valueRequired":true,"valueName":"search_term_string"}}],"inLanguage":"es"},{"@type":"Organization","@id":"https:\/\/www.tronkiele.com\/#organization","name":"PINO","url":"https:\/\/www.tronkiele.com\/","logo":{"@type":"ImageObject","inLanguage":"es","@id":"https:\/\/www.tronkiele.com\/#\/schema\/logo\/image\/","url":"https:\/\/www.tronkiele.com\/wp-content\/uploads\/2024\/11\/cropped-tronki.webp","contentUrl":"https:\/\/www.tronkiele.com\/wp-content\/uploads\/2024\/11\/cropped-tronki.webp","width":512,"height":512,"caption":"PINE"},"image":{"@id":"https:\/\/www.tronkiele.com\/#\/schema\/logo\/image\/"}}]}},"_links":{"self":[{"href":"https:\/\/www.tronkiele.com\/es\/wp-json\/wp\/v2\/product\/23068","targetHints":{"allow":["GET"]}}],"collection":[{"href":"https:\/\/www.tronkiele.com\/es\/wp-json\/wp\/v2\/product"}],"about":[{"href":"https:\/\/www.tronkiele.com\/es\/wp-json\/wp\/v2\/types\/product"}],"version-history":[{"count":5,"href":"https:\/\/www.tronkiele.com\/es\/wp-json\/wp\/v2\/product\/23068\/revisions"}],"predecessor-version":[{"id":23074,"href":"https:\/\/www.tronkiele.com\/es\/wp-json\/wp\/v2\/product\/23068\/revisions\/23074"}],"wp:featuredmedia":[{"embeddable":true,"href":"https:\/\/www.tronkiele.com\/es\/wp-json\/wp\/v2\/media\/22366"}],"wp:attachment":[{"href":"https:\/\/www.tronkiele.com\/es\/wp-json\/wp\/v2\/media?parent=23068"}],"wp:term":[{"taxonomy":"product_brand","embeddable":true,"href":"https:\/\/www.tronkiele.com\/es\/wp-json\/wp\/v2\/product_brand?post=23068"},{"taxonomy":"product_cat","embeddable":true,"href":"https:\/\/www.tronkiele.com\/es\/wp-json\/wp\/v2\/product_cat?post=23068"},{"taxonomy":"product_tag","embeddable":true,"href":"https:\/\/www.tronkiele.com\/es\/wp-json\/wp\/v2\/product_tag?post=23068"}],"curies":[{"name":"wp","href":"https:\/\/api.w.org\/{rel}","templated":true}]}}