{"id":23334,"date":"2025-11-12T07:45:35","date_gmt":"2025-11-12T07:45:35","guid":{"rendered":"https:\/\/www.tronkiele.com\/?post_type=product&#038;p=23334"},"modified":"2026-04-16T02:25:44","modified_gmt":"2026-04-16T02:25:44","slug":"automatic-voltage-regulator-avr","status":"publish","type":"product","link":"https:\/\/www.tronkiele.com\/es\/product\/automatic-voltage-regulator-avr\/","title":{"rendered":"OMNI Servomotor Regulador de tensi\u00f3n autom\u00e1tico AVR-2000S 3000S 5000S"},"content":{"rendered":"<h2>Principales ventajas<\/h2>\n<ul>\n<li data-section-id=\"1oh7yey\" data-start=\"647\" data-end=\"721\">Sistema avanzado de control de servomotores<br \/>\nProporciona una correcci\u00f3n precisa y autom\u00e1tica de la tensi\u00f3n con una gran estabilidad y un tiempo de respuesta r\u00e1pido<\/li>\n<li data-section-id=\"1oh7yey\" data-start=\"647\" data-end=\"721\">Amplio rango de tensi\u00f3n de entrada<br \/>\nManeja eficazmente las condiciones inestables de alimentaci\u00f3n (normalmente 140V-260V o personalizable)<\/li>\n<li data-section-id=\"1oh7yey\" data-start=\"647\" data-end=\"721\">Regulaci\u00f3n de tensi\u00f3n de alta precisi\u00f3n<br \/>\nMantiene la tensi\u00f3n de salida dentro de \u00b13% para una protecci\u00f3n \u00f3ptima de los equipos.<\/li>\n<li data-section-id=\"1oh7yey\" data-start=\"647\" data-end=\"721\">Sistema de protecci\u00f3n integral<br \/>\nSistema de protecci\u00f3n contra subtensi\u00f3n, sobretensi\u00f3n, sobrecarga y sobretemperatura<\/li>\n<li data-section-id=\"1oh7yey\" data-start=\"647\" data-end=\"721\">Funci\u00f3n de protecci\u00f3n de retardo de 6 segundos<br \/>\nEvita subidas de tensi\u00f3n repentinas durante el rearranque<\/li>\n<li data-section-id=\"1oh7yey\" data-start=\"647\" data-end=\"721\">Pantalla LCD digital<br \/>\nControl en tiempo real de la tensi\u00f3n de entrada y salida<\/li>\n<li data-section-id=\"1oh7yey\" data-start=\"647\" data-end=\"721\">Varias tomas de salida universales<br \/>\nCompatible con varios aparatos el\u00e9ctricos<\/li>\n<li data-section-id=\"1oh7yey\" data-start=\"647\" data-end=\"721\">Carcasa met\u00e1lica duradera<br \/>\nCarcasa con recubrimiento en polvo resistente a la corrosi\u00f3n para una larga vida \u00fatil<\/li>\n<\/ul>\n<h2><strong><b>Par\u00e1metros t\u00e9cnicos<\/b><\/strong><\/h2>\n<table style=\"border-collapse: collapse; width: 615.02pt;\" border=\"0\" width=\"820\" cellspacing=\"0\" cellpadding=\"0\">\n<tbody>\n<tr style=\"height: 20.00pt;\">\n<td class=\"et2\" style=\"height: 20.00pt; width: 160.50pt;\" width=\"214\" height=\"26\">Art\u00edculo<\/td>\n<td class=\"et2\" style=\"width: 454.50pt;\" width=\"606\">Especificaci\u00f3n<\/td>\n<\/tr>\n<tr style=\"height: 20.00pt;\">\n<td class=\"et2\" style=\"height: 20.00pt; width: 160.50pt;\" width=\"214\" height=\"26\">Modelo<\/td>\n<td class=\"et2\" style=\"width: 454.50pt;\" width=\"606\">AVR-500VA | AVR-1000VA | AVR-1500VA | AVR-2000VA | AVR-3000VA | AVR-5000VA<\/td>\n<\/tr>\n<tr style=\"height: 20.00pt;\">\n<td class=\"et2\" style=\"height: 20.00pt; width: 160.50pt;\" width=\"214\" height=\"26\">Fase<\/td>\n<td class=\"et2\" style=\"width: 454.50pt;\" width=\"606\">Monof\u00e1sico<\/td>\n<\/tr>\n<tr style=\"height: 20.00pt;\">\n<td class=\"et2\" style=\"height: 20.00pt; width: 160.50pt;\" width=\"214\" height=\"26\">Tensi\u00f3n de entrada<\/td>\n<td class=\"et2\" style=\"width: 454.50pt;\" width=\"606\">CA 110-260 V, 140-260 V (o personalizada)<\/td>\n<\/tr>\n<tr style=\"height: 20.00pt;\">\n<td class=\"et2\" style=\"height: 20.00pt; width: 160.50pt;\" width=\"214\" height=\"26\">Tensi\u00f3n de salida<\/td>\n<td class=\"et2\" style=\"width: 454.50pt;\" width=\"606\">AC 220V o personalizado<\/td>\n<\/tr>\n<tr style=\"height: 20.00pt;\">\n<td class=\"et2\" style=\"height: 20.00pt; width: 160.50pt;\" width=\"214\" height=\"26\">Frecuencia<\/td>\n<td class=\"et2\" style=\"width: 454.50pt;\" width=\"606\">50 Hz\/60 Hz<\/td>\n<\/tr>\n<tr style=\"height: 20.00pt;\">\n<td class=\"et2\" style=\"height: 20.00pt; width: 160.50pt;\" width=\"214\" height=\"26\">Precisi\u00f3n<\/td>\n<td class=\"et2\" style=\"width: 454.50pt;\" width=\"606\">\u00b13% o personalizado<\/td>\n<\/tr>\n<tr style=\"height: 20.00pt;\">\n<td class=\"et2\" style=\"height: 20.00pt; width: 160.50pt;\" width=\"214\" height=\"26\">Eficacia<\/td>\n<td class=\"et2\" style=\"width: 454.50pt;\" width=\"606\">&gt;95%<\/td>\n<\/tr>\n<tr style=\"height: 20.00pt;\">\n<td class=\"et2\" style=\"height: 20.00pt; width: 160.50pt;\" width=\"214\" height=\"26\">Tipo de control<\/td>\n<td class=\"et2\" style=\"width: 454.50pt;\" width=\"606\">Servomotor<\/td>\n<\/tr>\n<tr style=\"height: 20.00pt;\">\n<td class=\"et2\" style=\"height: 20.00pt; width: 160.50pt;\" width=\"214\" height=\"26\">Pantalla digital<\/td>\n<td class=\"et2\" style=\"width: 454.50pt;\" width=\"606\">Muestra la tensi\u00f3n de entrada y salida, la relaci\u00f3n de carga y el indicador de fallo<\/td>\n<\/tr>\n<tr style=\"height: 20.00pt;\">\n<td class=\"et2\" style=\"height: 20.00pt; width: 160.50pt;\" width=\"214\" height=\"26\">Protecci\u00f3n<\/td>\n<td class=\"et2\" style=\"width: 454.50pt;\" width=\"606\">Sobretemperatura, Sobretensi\u00f3n, Sobrecarga, Temporizaci\u00f3n<\/td>\n<\/tr>\n<tr style=\"height: 20.00pt;\">\n<td class=\"et2\" style=\"height: 20.00pt; width: 160.50pt;\" width=\"214\" height=\"26\">Temperatura ambiente<\/td>\n<td class=\"et2\" style=\"width: 454.50pt;\" width=\"606\">-10\u00b0C ~ +40\u00b0C<\/td>\n<\/tr>\n<tr style=\"height: 20.00pt;\">\n<td class=\"et2\" style=\"height: 20.00pt; width: 160.50pt;\" width=\"214\" height=\"26\">Humedad relativa<\/td>\n<td class=\"et2\" style=\"width: 454.50pt;\" width=\"606\">&lt;95%<\/td>\n<\/tr>\n<tr style=\"height: 20.00pt;\">\n<td class=\"et2\" style=\"height: 20.00pt; width: 160.50pt;\" width=\"214\" height=\"26\">Distorsi\u00f3n de la forma de onda<\/td>\n<td class=\"et2\" style=\"width: 454.50pt;\" width=\"606\">Sin distorsi\u00f3n adicional de la forma de onda<\/td>\n<\/tr>\n<tr style=\"height: 20.00pt;\">\n<td class=\"et2\" style=\"height: 20.00pt; width: 160.50pt;\" width=\"214\" height=\"26\">Resistencia aislante<\/td>\n<td class=\"et2\" style=\"width: 454.50pt;\" width=\"606\">Normalmente m\u00e1s de 2M\u03a9<\/td>\n<\/tr>\n<tr style=\"height: 20.00pt;\">\n<td class=\"et2\" style=\"height: 20.00pt; width: 160.50pt;\" width=\"214\" height=\"26\">Clase de aislamiento<\/td>\n<td class=\"et2\" style=\"width: 454.50pt;\" width=\"606\">Clase B<\/td>\n<\/tr>\n<tr style=\"height: 20.00pt;\">\n<td class=\"et2\" style=\"height: 20.00pt; width: 160.50pt;\" width=\"214\" height=\"26\">Sobretensi\u00f3n<\/td>\n<td class=\"et2\" style=\"width: 454.50pt;\" width=\"606\">Tensi\u00f3n de salida \u2265 245V \u00b1 4V<\/td>\n<\/tr>\n<tr style=\"height: 20.00pt;\">\n<td class=\"et2\" style=\"height: 20.00pt; width: 160.50pt;\" width=\"214\" height=\"26\">Baja tensi\u00f3n<\/td>\n<td class=\"et2\" style=\"width: 454.50pt;\" width=\"606\">Tensi\u00f3n de salida \u2264 180V \u00b1 4V<\/td>\n<\/tr>\n<tr style=\"height: 20.00pt;\">\n<td class=\"et2\" style=\"height: 20.00pt; width: 160.50pt;\" width=\"214\" height=\"26\">Sobretemperatura<\/td>\n<td class=\"et2\" style=\"width: 454.50pt;\" width=\"606\">95\u00b0C \u00b1 10\u00b0C<\/td>\n<\/tr>\n<tr style=\"height: 20.00pt;\">\n<td class=\"et2\" style=\"height: 20.00pt; width: 160.50pt;\" width=\"214\" height=\"26\">Protecci\u00f3n retardada<\/td>\n<td class=\"et2\" style=\"width: 454.50pt;\" width=\"606\">Personalizable<\/td>\n<\/tr>\n<tr style=\"height: 20.00pt;\">\n<td class=\"et2\" style=\"height: 20.00pt; width: 160.50pt;\" width=\"214\" height=\"26\">Subtensi\u00f3n<\/td>\n<td class=\"et2\" style=\"width: 454.50pt;\" width=\"606\">Desactivado por defecto, personalizable si es necesario<\/td>\n<\/tr>\n<tr style=\"height: 20.00pt;\">\n<td class=\"et2\" style=\"height: 20.00pt; width: 160.50pt;\" width=\"214\" height=\"26\">Potencia<\/td>\n<td class=\"et2\" style=\"width: 454.50pt;\" width=\"606\">500VA | 1000VA | 1500VA | 2000VA | 3000VA | 5000VA<\/td>\n<\/tr>\n<tr style=\"height: 20.00pt;\">\n<td class=\"et2\" style=\"height: 20.00pt; width: 160.50pt;\" width=\"214\" height=\"26\">Tama\u00f1o (mm) L*A*A<\/td>\n<td class=\"et2\" style=\"width: 454.50pt;\" width=\"606\">170\u00d7190\u00d7145 | 206\u00d7217\u00d7165 | 206\u00d7217\u00d7165 | 241\u00d7262\u00d7186 | 238\u00d7292\u00d7216 | 245\u00d7310\u00d7250<\/td>\n<\/tr>\n<\/tbody>\n<\/table>\n<h2>Principio de funcionamiento<\/h2>\n<p>El regulador del servomotor detecta constantemente el nivel de tensi\u00f3n de entrada. Cuando se produce alguna fluctuaci\u00f3n en el nivel de tensi\u00f3n de entrada, las se\u00f1ales del circuito controlador activan el funcionamiento del servomotor, regulando el transformador y manteniendo estable el nivel de tensi\u00f3n de salida.<\/p>\n<h2>Aplicaci\u00f3n<\/h2>\n<p>Electrodom\u00e9sticos (televisores, frigor\u00edficos, aire acondicionado)<br \/>\nM\u00e1quinas de oficina (ordenadores personales, impresoras l\u00e1ser, servidores)<br \/>\nM\u00e1quinas comerciales<br \/>\nProductos sanitarios<br \/>\nIndustrias<\/p>\n<h2>Beneficios<\/h2>\n<p>Protecci\u00f3n contra los efectos nocivos de la tensi\u00f3n inestable<br \/>\nMayor longevidad de los dispositivos<br \/>\nAhorro de energ\u00eda<br \/>\nAplicable a equipos electr\u00f3nicos<br \/>\nEstabilidad en condiciones de tensi\u00f3n inestable<\/p>\n<h2>Por qu\u00e9 elegir nuestro regulador de voltaje autom\u00e1tico<\/h2>\n<p>Alta precisi\u00f3n y rendimiento del regulador<br \/>\nComponentes duraderos<br \/>\nProtecci\u00f3n contra da\u00f1os<br \/>\nOpciones de personalizaci\u00f3n<br \/>\nBajo coste con capacidad de exportaci\u00f3n<\/p>","protected":false},"excerpt":{"rendered":"<p>El regulador autom\u00e1tico de tensi\u00f3n OMNI AVR-2000S \/ AVR-3000S \/ AVR-5000S es un dispositivo muy eficaz que protege sus instalaciones el\u00e9ctricas y electr\u00f3nicas de las variaciones de tensi\u00f3n.<\/p>\n<p>Mediante la aplicaci\u00f3n de la tecnolog\u00eda m\u00e1s avanzada basada en servomotor, el AVR proporciona protecci\u00f3n a sus aparatos sensibles estabilizando la tensi\u00f3n autom\u00e1ticamente.<\/p>","protected":false},"featured_media":23316,"template":"","meta":[],"product_brand":[],"product_cat":[103,110,105],"product_tag":[],"class_list":{"0":"post-23334","1":"product","2":"type-product","3":"status-publish","4":"has-post-thumbnail","6":"product_cat-ac-voltage-stabilizer","7":"product_cat-home-voltage-stabilizer","8":"product_cat-servo-voltage-stabilizer","10":"first","11":"instock","12":"taxable","13":"shipping-taxable","14":"product-type-simple"},"yoast_head":"<!-- This site is optimized with the Yoast SEO plugin v25.0 - https:\/\/yoast.com\/wordpress\/plugins\/seo\/ -->\n<title>Servo Motor Automatic Voltage Regulator AVR Manufacturer - PINE-ZHENGXI<\/title>\n<meta name=\"robots\" content=\"index, follow, max-snippet:-1, max-image-preview:large, max-video-preview:-1\" \/>\n<link rel=\"canonical\" href=\"https:\/\/www.tronkiele.com\/es\/product\/automatic-voltage-regulator-avr\/\" \/>\n<meta property=\"og:locale\" content=\"es_ES\" \/>\n<meta property=\"og:type\" content=\"article\" \/>\n<meta property=\"og:title\" content=\"Servo Motor Automatic Voltage Regulator AVR Manufacturer - PINE-ZHENGXI\" \/>\n<meta property=\"og:description\" content=\"The OMNI Automatic Voltage Regulator AVR-2000S \/ AVR-3000S \/ AVR-5000S is a highly efficient device that protects your electrical and electronic installations from variations in voltage.  By applying the most advanced technology based on servo motor, AVR provides protection to your sensitive appliances by stabilizing voltage automatically.\" \/>\n<meta property=\"og:url\" content=\"https:\/\/www.tronkiele.com\/es\/product\/automatic-voltage-regulator-avr\/\" \/>\n<meta property=\"og:site_name\" content=\"PINE-ZHENGXI\" \/>\n<meta property=\"article:modified_time\" content=\"2026-04-16T02:25:44+00:00\" \/>\n<meta property=\"og:image\" content=\"https:\/\/www.tronkiele.com\/wp-content\/uploads\/2026\/04\/OMNI-Servo-Motor-Automatic-Voltage-Regulator-AVR-2000S-3000S-5000S.webp\" \/>\n\t<meta property=\"og:image:width\" content=\"600\" \/>\n\t<meta property=\"og:image:height\" content=\"600\" \/>\n\t<meta property=\"og:image:type\" content=\"image\/webp\" \/>\n<meta name=\"twitter:card\" content=\"summary_large_image\" \/>\n<meta name=\"twitter:label1\" content=\"Tiempo de lectura\" \/>\n\t<meta name=\"twitter:data1\" content=\"2 minutos\" \/>\n<script type=\"application\/ld+json\" class=\"yoast-schema-graph\">{\"@context\":\"https:\/\/schema.org\",\"@graph\":[{\"@type\":\"WebPage\",\"@id\":\"https:\/\/www.tronkiele.com\/product\/automatic-voltage-regulator-avr\/\",\"url\":\"https:\/\/www.tronkiele.com\/product\/automatic-voltage-regulator-avr\/\",\"name\":\"Servo Motor Automatic Voltage Regulator AVR Manufacturer - PINE-ZHENGXI\",\"isPartOf\":{\"@id\":\"https:\/\/www.tronkiele.com\/#website\"},\"primaryImageOfPage\":{\"@id\":\"https:\/\/www.tronkiele.com\/product\/automatic-voltage-regulator-avr\/#primaryimage\"},\"image\":{\"@id\":\"https:\/\/www.tronkiele.com\/product\/automatic-voltage-regulator-avr\/#primaryimage\"},\"thumbnailUrl\":\"https:\/\/www.tronkiele.com\/wp-content\/uploads\/2026\/04\/OMNI-Servo-Motor-Automatic-Voltage-Regulator-AVR-2000S-3000S-5000S.webp\",\"datePublished\":\"2025-11-12T07:45:35+00:00\",\"dateModified\":\"2026-04-16T02:25:44+00:00\",\"breadcrumb\":{\"@id\":\"https:\/\/www.tronkiele.com\/product\/automatic-voltage-regulator-avr\/#breadcrumb\"},\"inLanguage\":\"es\",\"potentialAction\":[{\"@type\":\"ReadAction\",\"target\":[\"https:\/\/www.tronkiele.com\/product\/automatic-voltage-regulator-avr\/\"]}]},{\"@type\":\"ImageObject\",\"inLanguage\":\"es\",\"@id\":\"https:\/\/www.tronkiele.com\/product\/automatic-voltage-regulator-avr\/#primaryimage\",\"url\":\"https:\/\/www.tronkiele.com\/wp-content\/uploads\/2026\/04\/OMNI-Servo-Motor-Automatic-Voltage-Regulator-AVR-2000S-3000S-5000S.webp\",\"contentUrl\":\"https:\/\/www.tronkiele.com\/wp-content\/uploads\/2026\/04\/OMNI-Servo-Motor-Automatic-Voltage-Regulator-AVR-2000S-3000S-5000S.webp\",\"width\":600,\"height\":600,\"caption\":\"OMNI Servo Motor Automatic Voltage Regulator AVR-2000S 3000S 5000S\"},{\"@type\":\"BreadcrumbList\",\"@id\":\"https:\/\/www.tronkiele.com\/product\/automatic-voltage-regulator-avr\/#breadcrumb\",\"itemListElement\":[{\"@type\":\"ListItem\",\"position\":1,\"name\":\"Home\",\"item\":\"https:\/\/www.tronkiele.com\/\"},{\"@type\":\"ListItem\",\"position\":2,\"name\":\"Products\",\"item\":\"https:\/\/www.tronkiele.com\/shop\/\"},{\"@type\":\"ListItem\",\"position\":3,\"name\":\"OMNI Servo Motor Automatic Voltage Regulator AVR-2000S 3000S 5000S\"}]},{\"@type\":\"WebSite\",\"@id\":\"https:\/\/www.tronkiele.com\/#website\",\"url\":\"https:\/\/www.tronkiele.com\/\",\"name\":\"PINE-ZHENGXI\",\"description\":\"\",\"publisher\":{\"@id\":\"https:\/\/www.tronkiele.com\/#organization\"},\"potentialAction\":[{\"@type\":\"SearchAction\",\"target\":{\"@type\":\"EntryPoint\",\"urlTemplate\":\"https:\/\/www.tronkiele.com\/?s={search_term_string}\"},\"query-input\":{\"@type\":\"PropertyValueSpecification\",\"valueRequired\":true,\"valueName\":\"search_term_string\"}}],\"inLanguage\":\"es\"},{\"@type\":\"Organization\",\"@id\":\"https:\/\/www.tronkiele.com\/#organization\",\"name\":\"PINE-ZHENGXI\",\"url\":\"https:\/\/www.tronkiele.com\/\",\"logo\":{\"@type\":\"ImageObject\",\"inLanguage\":\"es\",\"@id\":\"https:\/\/www.tronkiele.com\/#\/schema\/logo\/image\/\",\"url\":\"https:\/\/www.tronkiele.com\/wp-content\/uploads\/2024\/11\/cropped-tronki.webp\",\"contentUrl\":\"https:\/\/www.tronkiele.com\/wp-content\/uploads\/2024\/11\/cropped-tronki.webp\",\"width\":512,\"height\":512,\"caption\":\"PINE-ZHENGXI\"},\"image\":{\"@id\":\"https:\/\/www.tronkiele.com\/#\/schema\/logo\/image\/\"}}]}<\/script>\n<!-- \/ Yoast SEO plugin. -->","yoast_head_json":{"title":"Servomotor Regulador de voltaje autom\u00e1tico AVR Fabricante - PINE-ZHENGXI","robots":{"index":"index","follow":"follow","max-snippet":"max-snippet:-1","max-image-preview":"max-image-preview:large","max-video-preview":"max-video-preview:-1"},"canonical":"https:\/\/www.tronkiele.com\/es\/product\/automatic-voltage-regulator-avr\/","og_locale":"es_ES","og_type":"article","og_title":"Servo Motor Automatic Voltage Regulator AVR Manufacturer - PINE-ZHENGXI","og_description":"The OMNI Automatic Voltage Regulator AVR-2000S \/ AVR-3000S \/ AVR-5000S is a highly efficient device that protects your electrical and electronic installations from variations in voltage.  By applying the most advanced technology based on servo motor, AVR provides protection to your sensitive appliances by stabilizing voltage automatically.","og_url":"https:\/\/www.tronkiele.com\/es\/product\/automatic-voltage-regulator-avr\/","og_site_name":"PINE-ZHENGXI","article_modified_time":"2026-04-16T02:25:44+00:00","og_image":[{"width":600,"height":600,"url":"https:\/\/www.tronkiele.com\/wp-content\/uploads\/2026\/04\/OMNI-Servo-Motor-Automatic-Voltage-Regulator-AVR-2000S-3000S-5000S.webp","type":"image\/webp"}],"twitter_card":"summary_large_image","twitter_misc":{"Tiempo de lectura":"2 minutos"},"schema":{"@context":"https:\/\/schema.org","@graph":[{"@type":"WebPage","@id":"https:\/\/www.tronkiele.com\/product\/automatic-voltage-regulator-avr\/","url":"https:\/\/www.tronkiele.com\/product\/automatic-voltage-regulator-avr\/","name":"Servomotor Regulador de voltaje autom\u00e1tico AVR Fabricante - PINE-ZHENGXI","isPartOf":{"@id":"https:\/\/www.tronkiele.com\/#website"},"primaryImageOfPage":{"@id":"https:\/\/www.tronkiele.com\/product\/automatic-voltage-regulator-avr\/#primaryimage"},"image":{"@id":"https:\/\/www.tronkiele.com\/product\/automatic-voltage-regulator-avr\/#primaryimage"},"thumbnailUrl":"https:\/\/www.tronkiele.com\/wp-content\/uploads\/2026\/04\/OMNI-Servo-Motor-Automatic-Voltage-Regulator-AVR-2000S-3000S-5000S.webp","datePublished":"2025-11-12T07:45:35+00:00","dateModified":"2026-04-16T02:25:44+00:00","breadcrumb":{"@id":"https:\/\/www.tronkiele.com\/product\/automatic-voltage-regulator-avr\/#breadcrumb"},"inLanguage":"es","potentialAction":[{"@type":"ReadAction","target":["https:\/\/www.tronkiele.com\/product\/automatic-voltage-regulator-avr\/"]}]},{"@type":"ImageObject","inLanguage":"es","@id":"https:\/\/www.tronkiele.com\/product\/automatic-voltage-regulator-avr\/#primaryimage","url":"https:\/\/www.tronkiele.com\/wp-content\/uploads\/2026\/04\/OMNI-Servo-Motor-Automatic-Voltage-Regulator-AVR-2000S-3000S-5000S.webp","contentUrl":"https:\/\/www.tronkiele.com\/wp-content\/uploads\/2026\/04\/OMNI-Servo-Motor-Automatic-Voltage-Regulator-AVR-2000S-3000S-5000S.webp","width":600,"height":600,"caption":"OMNI Servo Motor Automatic Voltage Regulator AVR-2000S 3000S 5000S"},{"@type":"BreadcrumbList","@id":"https:\/\/www.tronkiele.com\/product\/automatic-voltage-regulator-avr\/#breadcrumb","itemListElement":[{"@type":"ListItem","position":1,"name":"Home","item":"https:\/\/www.tronkiele.com\/"},{"@type":"ListItem","position":2,"name":"Products","item":"https:\/\/www.tronkiele.com\/shop\/"},{"@type":"ListItem","position":3,"name":"OMNI Servo Motor Automatic Voltage Regulator AVR-2000S 3000S 5000S"}]},{"@type":"WebSite","@id":"https:\/\/www.tronkiele.com\/#website","url":"https:\/\/www.tronkiele.com\/","name":"PINO-ZHENGXI","description":"","publisher":{"@id":"https:\/\/www.tronkiele.com\/#organization"},"potentialAction":[{"@type":"SearchAction","target":{"@type":"EntryPoint","urlTemplate":"https:\/\/www.tronkiele.com\/?s={search_term_string}"},"query-input":{"@type":"PropertyValueSpecification","valueRequired":true,"valueName":"search_term_string"}}],"inLanguage":"es"},{"@type":"Organization","@id":"https:\/\/www.tronkiele.com\/#organization","name":"PINO-ZHENGXI","url":"https:\/\/www.tronkiele.com\/","logo":{"@type":"ImageObject","inLanguage":"es","@id":"https:\/\/www.tronkiele.com\/#\/schema\/logo\/image\/","url":"https:\/\/www.tronkiele.com\/wp-content\/uploads\/2024\/11\/cropped-tronki.webp","contentUrl":"https:\/\/www.tronkiele.com\/wp-content\/uploads\/2024\/11\/cropped-tronki.webp","width":512,"height":512,"caption":"PINE-ZHENGXI"},"image":{"@id":"https:\/\/www.tronkiele.com\/#\/schema\/logo\/image\/"}}]}},"_links":{"self":[{"href":"https:\/\/www.tronkiele.com\/es\/wp-json\/wp\/v2\/product\/23334","targetHints":{"allow":["GET"]}}],"collection":[{"href":"https:\/\/www.tronkiele.com\/es\/wp-json\/wp\/v2\/product"}],"about":[{"href":"https:\/\/www.tronkiele.com\/es\/wp-json\/wp\/v2\/types\/product"}],"version-history":[{"count":4,"href":"https:\/\/www.tronkiele.com\/es\/wp-json\/wp\/v2\/product\/23334\/revisions"}],"predecessor-version":[{"id":23338,"href":"https:\/\/www.tronkiele.com\/es\/wp-json\/wp\/v2\/product\/23334\/revisions\/23338"}],"wp:featuredmedia":[{"embeddable":true,"href":"https:\/\/www.tronkiele.com\/es\/wp-json\/wp\/v2\/media\/23316"}],"wp:attachment":[{"href":"https:\/\/www.tronkiele.com\/es\/wp-json\/wp\/v2\/media?parent=23334"}],"wp:term":[{"taxonomy":"product_brand","embeddable":true,"href":"https:\/\/www.tronkiele.com\/es\/wp-json\/wp\/v2\/product_brand?post=23334"},{"taxonomy":"product_cat","embeddable":true,"href":"https:\/\/www.tronkiele.com\/es\/wp-json\/wp\/v2\/product_cat?post=23334"},{"taxonomy":"product_tag","embeddable":true,"href":"https:\/\/www.tronkiele.com\/es\/wp-json\/wp\/v2\/product_tag?post=23334"}],"curies":[{"name":"wp","href":"https:\/\/api.w.org\/{rel}","templated":true}]}}