{"id":2592,"date":"2024-11-29T08:14:42","date_gmt":"2024-11-29T08:14:42","guid":{"rendered":"https:\/\/www.tronkiele.com\/?post_type=product&#038;p=2592"},"modified":"2025-04-30T13:49:53","modified_gmt":"2025-04-30T13:49:53","slug":"10mva-33-11kv-power-pad-mounted-transformer","status":"publish","type":"product","link":"https:\/\/www.tronkiele.com\/es\/product\/10mva-33-11kv-power-pad-mounted-transformer\/","title":{"rendered":"Transformador de potencia 10MVA 33\/11kV montado en pedestal"},"content":{"rendered":"<h2>Comunicaci\u00f3n a medida<\/h2>\n<p>Desde el dise\u00f1o inicial hasta la producci\u00f3n final, los ingenieros de TRONKI colaboran estrechamente con los clientes para ajustarse a los requisitos espec\u00edficos de las normas, par\u00e1metros y accesorios de los transformadores de 69 kV, garantizando el pleno cumplimiento de las normas IEEE.<\/p>\n<h2>Soluciones de dise\u00f1o personalizadas<\/h2>\n<p>Con una amplia experiencia en mercados internacionales y un estricto cumplimiento de las normas IEEE\/ANSI, el equipo de ingenier\u00eda de TRONKI perfecciona continuamente los procesos de tanques y pintura para abordar requisitos t\u00e9cnicos \u00fanicos y ofrecer soluciones optimizadas.<\/p>\n<h2><strong>Personalizaci\u00f3n de transformadores<\/strong><\/h2>\n<table>\n<tbody>\n<tr>\n<td width=\"35.8600%\">Tipo<\/td>\n<td width=\"64.1200%\">Transformador de potencia sumergido en aceite<\/td>\n<\/tr>\n<tr>\n<td width=\"35.8600%\">Frecuencia<\/td>\n<td width=\"64.1200%\">50 Hz\/60 Hz<\/td>\n<\/tr>\n<tr>\n<td width=\"35.8600%\">Material<\/td>\n<td width=\"64.1200%\">Cobre<\/td>\n<\/tr>\n<tr>\n<td width=\"35.8600%\">Capacidad nominal<\/td>\n<td width=\"64.1200%\">10000kVA<\/td>\n<\/tr>\n<tr>\n<td width=\"35.8600%\">Est\u00e1ndar<\/td>\n<td width=\"64.1200%\">IEC60076<\/td>\n<\/tr>\n<tr>\n<td width=\"35.8600%\">Potencia nominal<\/td>\n<td width=\"64.1200%\">10 MVA<\/td>\n<\/tr>\n<tr>\n<td width=\"35.8600%\">Tensi\u00f3n de entrada<\/td>\n<td width=\"64.1200%\">35kV\/38,5kV<\/td>\n<\/tr>\n<tr>\n<td width=\"35.8600%\">Tensi\u00f3n de salida<\/td>\n<td width=\"64.1200%\">11 kV<\/td>\n<\/tr>\n<tr>\n<td width=\"35.8600%\">M\u00e9todo de refrigeraci\u00f3n<\/td>\n<td width=\"64.1200%\">ONAN<\/td>\n<\/tr>\n<tr>\n<td width=\"35.8600%\">Utilice<\/td>\n<td width=\"64.1200%\">Potencia<\/td>\n<\/tr>\n<tr>\n<td width=\"35.8600%\">Fase<\/td>\n<td width=\"64.1200%\">Tres<\/td>\n<\/tr>\n<tr>\n<td width=\"35.8600%\">Estructura de la bobina<\/td>\n<td width=\"64.1200%\">TOROIDAL<\/td>\n<\/tr>\n<tr>\n<td width=\"35.8600%\">N\u00famero de bobina<\/td>\n<td width=\"64.1200%\">AUTOTRANSFORMADOR<\/td>\n<\/tr>\n<tr>\n<td width=\"35.8600%\">Grupo Vector<\/td>\n<td width=\"64.1200%\">Din11<\/td>\n<\/tr>\n<tr>\n<td width=\"35.8600%\">Cambiador de grifos<\/td>\n<td width=\"64.1200%\">OLTC<\/td>\n<\/tr>\n<tr>\n<td width=\"35.8600%\">Sin p\u00e9rdida de carga<\/td>\n<td width=\"64.1200%\">9kW<\/td>\n<\/tr>\n<tr>\n<td width=\"35.8600%\">P\u00e9rdida de carga<\/td>\n<td width=\"64.1200%\">48 kW<\/td>\n<\/tr>\n<\/tbody>\n<\/table>\n<h2>Caracter\u00edsticas principales<\/h2>\n<p><strong>Bobinados<\/strong><br \/>\nLos devanados est\u00e1n fabricados con conductores de cobre electrol\u00edtico o aluminio de alta calidad, combinados con un aislamiento de papel kraft recubierto de epoxi para obtener un rendimiento t\u00e9rmico superior. Este papel kraft proporciona una mayor capacidad de sobrecarga a corto plazo en comparaci\u00f3n con los materiales de aislamiento tradicionales.<\/p>\n<p><strong>N\u00facleo<\/strong><br \/>\nEl n\u00facleo est\u00e1 dise\u00f1ado para ofrecer la m\u00e1xima eficacia y el m\u00ednimo ruido. El corte de precisi\u00f3n del n\u00facleo, guiado por un sistema controlado por ordenador, garantiza la exactitud dimensional. El apilamiento laminado mejora a\u00fan m\u00e1s el rendimiento del transformador sumergido en aceite, ofreciendo soluciones a medida para cada cliente.<\/p>\n<p><strong>Radiador<\/strong><br \/>\nEquipado con radiadores de tipo panel u ondulado, el transformador garantiza una disipaci\u00f3n eficaz del calor. Esto garantiza que las temperaturas del devanado y del aceite se mantengan dentro de los l\u00edmites especificados, incluso a plena carga.<\/p>\n<p><strong>Normas de ensayo<\/strong><br \/>\nEl transformador se somete a pruebas exhaustivas de acuerdo con las normas IEEE C57.12.00 e IEEE C57.12.90. Todas las pruebas se completan con \u00e9xito en un solo ciclo, lo que garantiza una fiabilidad inigualable:<\/p>\n<p>Pruebas de relaci\u00f3n, polaridad y relaci\u00f3n de fase<br \/>\nPruebas de medici\u00f3n de la resistencia del bobinado<br \/>\nFactor de potencia de aislamiento<br \/>\nPrueba de impulsos de onda completa y onda reducida<br \/>\nPruebas de potencial aplicado e inducido<br \/>\nP\u00e9rdidas en vac\u00edo y con carga a la corriente nominal<br \/>\nImpedancia porcentual a corriente nominal<br \/>\nPrueba de estanqueidad<br \/>\nPrueba de funcionamiento del armario el\u00e9ctrico<br \/>\nLog\u00edstica y entrega sin fisuras<br \/>\nManejo experto<br \/>\nCon m\u00e1s de una d\u00e9cada de experiencia en la fabricaci\u00f3n y exportaci\u00f3n de transformadores, TRONKI garantiza un embalaje y un transporte seguros y eficaces.<\/p>\n<h2>Soluciones de env\u00edo personalizadas<\/h2>\n<p>En el caso de los grandes transformadores de 69 kV de m\u00e1s de 3 metros de altura y 50 toneladas de peso, los casquillos de alta tensi\u00f3n, radiadores, ventiladores y otros accesorios se desmontan cuidadosamente y se env\u00edan por separado.<\/p>\n<p>El cuerpo del transformador se coloca en contenedores abiertos especializados para un transporte seguro.<br \/>\nLos accesorios se embalan meticulosamente en cajas de madera resistentes para protegerlos durante el transporte.<\/p>","protected":false},"excerpt":{"rendered":"<p>Nuestros transformadores montados en pedestal de potencia de 10MVA 33\/11kV se dise\u00f1an y fabrican s\u00f3lo despu\u00e9s de la verificaci\u00f3n mediante procedimientos de dise\u00f1o, procedimientos de an\u00e1lisis de campo electromagn\u00e9tico y procedimientos de an\u00e1lisis estructural.<\/p>","protected":false},"featured_media":2594,"template":"","meta":[],"product_brand":[],"product_cat":[34,33],"product_tag":[],"class_list":{"0":"post-2592","1":"product","2":"type-product","3":"status-publish","4":"has-post-thumbnail","6":"product_cat-oil-transformer","7":"product_cat-power-transformer","9":"first","10":"instock","11":"featured","12":"taxable","13":"shipping-taxable","14":"product-type-simple"},"yoast_head":"<!-- This site is optimized with the Yoast SEO plugin v25.0 - https:\/\/yoast.com\/wordpress\/plugins\/seo\/ -->\n<title>10MVA 33\/11kV Power Pad Mounted Transformer - PINE-ZHENGXI<\/title>\n<meta name=\"robots\" content=\"index, follow, max-snippet:-1, max-image-preview:large, max-video-preview:-1\" \/>\n<link rel=\"canonical\" href=\"https:\/\/www.tronkiele.com\/es\/product\/10mva-33-11kv-power-pad-mounted-transformer\/\" \/>\n<meta property=\"og:locale\" content=\"es_ES\" \/>\n<meta property=\"og:type\" content=\"article\" \/>\n<meta property=\"og:title\" content=\"10MVA 33\/11kV Power Pad Mounted Transformer - PINE-ZHENGXI\" \/>\n<meta property=\"og:description\" content=\"Our 10MVA 33\/11kV Power Pad Mounted Transformer are designed and manufactured only after verification through design procedures, electromagnetic field analysis procedures, and structural analysis procedures.\" \/>\n<meta property=\"og:url\" content=\"https:\/\/www.tronkiele.com\/es\/product\/10mva-33-11kv-power-pad-mounted-transformer\/\" \/>\n<meta property=\"og:site_name\" content=\"PINE-ZHENGXI\" \/>\n<meta property=\"article:modified_time\" content=\"2025-04-30T13:49:53+00:00\" \/>\n<meta property=\"og:image\" content=\"https:\/\/www.tronkiele.com\/wp-content\/uploads\/2024\/11\/10MVA-33-11kV-Power-Pad-Mounted-Transformer.webp\" \/>\n\t<meta property=\"og:image:width\" content=\"600\" \/>\n\t<meta property=\"og:image:height\" content=\"600\" \/>\n\t<meta property=\"og:image:type\" content=\"image\/webp\" \/>\n<meta name=\"twitter:card\" content=\"summary_large_image\" \/>\n<meta name=\"twitter:label1\" content=\"Tiempo de lectura\" \/>\n\t<meta name=\"twitter:data1\" content=\"2 minutos\" \/>\n<script type=\"application\/ld+json\" class=\"yoast-schema-graph\">{\"@context\":\"https:\/\/schema.org\",\"@graph\":[{\"@type\":\"WebPage\",\"@id\":\"https:\/\/www.tronkiele.com\/product\/10mva-33-11kv-power-pad-mounted-transformer\/\",\"url\":\"https:\/\/www.tronkiele.com\/product\/10mva-33-11kv-power-pad-mounted-transformer\/\",\"name\":\"10MVA 33\/11kV Power Pad Mounted Transformer - PINE-ZHENGXI\",\"isPartOf\":{\"@id\":\"https:\/\/www.tronkiele.com\/#website\"},\"primaryImageOfPage\":{\"@id\":\"https:\/\/www.tronkiele.com\/product\/10mva-33-11kv-power-pad-mounted-transformer\/#primaryimage\"},\"image\":{\"@id\":\"https:\/\/www.tronkiele.com\/product\/10mva-33-11kv-power-pad-mounted-transformer\/#primaryimage\"},\"thumbnailUrl\":\"https:\/\/www.tronkiele.com\/wp-content\/uploads\/2024\/11\/10MVA-33-11kV-Power-Pad-Mounted-Transformer.webp\",\"datePublished\":\"2024-11-29T08:14:42+00:00\",\"dateModified\":\"2025-04-30T13:49:53+00:00\",\"breadcrumb\":{\"@id\":\"https:\/\/www.tronkiele.com\/product\/10mva-33-11kv-power-pad-mounted-transformer\/#breadcrumb\"},\"inLanguage\":\"es\",\"potentialAction\":[{\"@type\":\"ReadAction\",\"target\":[\"https:\/\/www.tronkiele.com\/product\/10mva-33-11kv-power-pad-mounted-transformer\/\"]}]},{\"@type\":\"ImageObject\",\"inLanguage\":\"es\",\"@id\":\"https:\/\/www.tronkiele.com\/product\/10mva-33-11kv-power-pad-mounted-transformer\/#primaryimage\",\"url\":\"https:\/\/www.tronkiele.com\/wp-content\/uploads\/2024\/11\/10MVA-33-11kV-Power-Pad-Mounted-Transformer.webp\",\"contentUrl\":\"https:\/\/www.tronkiele.com\/wp-content\/uploads\/2024\/11\/10MVA-33-11kV-Power-Pad-Mounted-Transformer.webp\",\"width\":600,\"height\":600,\"caption\":\"10MVA 33 11kV Power Pad Mounted Transformer\"},{\"@type\":\"BreadcrumbList\",\"@id\":\"https:\/\/www.tronkiele.com\/product\/10mva-33-11kv-power-pad-mounted-transformer\/#breadcrumb\",\"itemListElement\":[{\"@type\":\"ListItem\",\"position\":1,\"name\":\"Home\",\"item\":\"https:\/\/www.tronkiele.com\/\"},{\"@type\":\"ListItem\",\"position\":2,\"name\":\"Products\",\"item\":\"https:\/\/www.tronkiele.com\/shop\/\"},{\"@type\":\"ListItem\",\"position\":3,\"name\":\"10MVA 33\/11kV Power Pad Mounted Transformer\"}]},{\"@type\":\"WebSite\",\"@id\":\"https:\/\/www.tronkiele.com\/#website\",\"url\":\"https:\/\/www.tronkiele.com\/\",\"name\":\"PINE-ZHENGXI\",\"description\":\"\",\"publisher\":{\"@id\":\"https:\/\/www.tronkiele.com\/#organization\"},\"potentialAction\":[{\"@type\":\"SearchAction\",\"target\":{\"@type\":\"EntryPoint\",\"urlTemplate\":\"https:\/\/www.tronkiele.com\/?s={search_term_string}\"},\"query-input\":{\"@type\":\"PropertyValueSpecification\",\"valueRequired\":true,\"valueName\":\"search_term_string\"}}],\"inLanguage\":\"es\"},{\"@type\":\"Organization\",\"@id\":\"https:\/\/www.tronkiele.com\/#organization\",\"name\":\"PINE-ZHENGXI\",\"url\":\"https:\/\/www.tronkiele.com\/\",\"logo\":{\"@type\":\"ImageObject\",\"inLanguage\":\"es\",\"@id\":\"https:\/\/www.tronkiele.com\/#\/schema\/logo\/image\/\",\"url\":\"https:\/\/www.tronkiele.com\/wp-content\/uploads\/2024\/11\/cropped-tronki.webp\",\"contentUrl\":\"https:\/\/www.tronkiele.com\/wp-content\/uploads\/2024\/11\/cropped-tronki.webp\",\"width\":512,\"height\":512,\"caption\":\"PINE-ZHENGXI\"},\"image\":{\"@id\":\"https:\/\/www.tronkiele.com\/#\/schema\/logo\/image\/\"}}]}<\/script>\n<!-- \/ Yoast SEO plugin. -->","yoast_head_json":{"title":"Transformador de potencia 10MVA 33\/11kV - PINE-ZHENGXI","robots":{"index":"index","follow":"follow","max-snippet":"max-snippet:-1","max-image-preview":"max-image-preview:large","max-video-preview":"max-video-preview:-1"},"canonical":"https:\/\/www.tronkiele.com\/es\/product\/10mva-33-11kv-power-pad-mounted-transformer\/","og_locale":"es_ES","og_type":"article","og_title":"10MVA 33\/11kV Power Pad Mounted Transformer - PINE-ZHENGXI","og_description":"Our 10MVA 33\/11kV Power Pad Mounted Transformer are designed and manufactured only after verification through design procedures, electromagnetic field analysis procedures, and structural analysis procedures.","og_url":"https:\/\/www.tronkiele.com\/es\/product\/10mva-33-11kv-power-pad-mounted-transformer\/","og_site_name":"PINE-ZHENGXI","article_modified_time":"2025-04-30T13:49:53+00:00","og_image":[{"width":600,"height":600,"url":"https:\/\/www.tronkiele.com\/wp-content\/uploads\/2024\/11\/10MVA-33-11kV-Power-Pad-Mounted-Transformer.webp","type":"image\/webp"}],"twitter_card":"summary_large_image","twitter_misc":{"Tiempo de lectura":"2 minutos"},"schema":{"@context":"https:\/\/schema.org","@graph":[{"@type":"WebPage","@id":"https:\/\/www.tronkiele.com\/product\/10mva-33-11kv-power-pad-mounted-transformer\/","url":"https:\/\/www.tronkiele.com\/product\/10mva-33-11kv-power-pad-mounted-transformer\/","name":"Transformador de potencia 10MVA 33\/11kV - PINE-ZHENGXI","isPartOf":{"@id":"https:\/\/www.tronkiele.com\/#website"},"primaryImageOfPage":{"@id":"https:\/\/www.tronkiele.com\/product\/10mva-33-11kv-power-pad-mounted-transformer\/#primaryimage"},"image":{"@id":"https:\/\/www.tronkiele.com\/product\/10mva-33-11kv-power-pad-mounted-transformer\/#primaryimage"},"thumbnailUrl":"https:\/\/www.tronkiele.com\/wp-content\/uploads\/2024\/11\/10MVA-33-11kV-Power-Pad-Mounted-Transformer.webp","datePublished":"2024-11-29T08:14:42+00:00","dateModified":"2025-04-30T13:49:53+00:00","breadcrumb":{"@id":"https:\/\/www.tronkiele.com\/product\/10mva-33-11kv-power-pad-mounted-transformer\/#breadcrumb"},"inLanguage":"es","potentialAction":[{"@type":"ReadAction","target":["https:\/\/www.tronkiele.com\/product\/10mva-33-11kv-power-pad-mounted-transformer\/"]}]},{"@type":"ImageObject","inLanguage":"es","@id":"https:\/\/www.tronkiele.com\/product\/10mva-33-11kv-power-pad-mounted-transformer\/#primaryimage","url":"https:\/\/www.tronkiele.com\/wp-content\/uploads\/2024\/11\/10MVA-33-11kV-Power-Pad-Mounted-Transformer.webp","contentUrl":"https:\/\/www.tronkiele.com\/wp-content\/uploads\/2024\/11\/10MVA-33-11kV-Power-Pad-Mounted-Transformer.webp","width":600,"height":600,"caption":"10MVA 33 11kV Power Pad Mounted Transformer"},{"@type":"BreadcrumbList","@id":"https:\/\/www.tronkiele.com\/product\/10mva-33-11kv-power-pad-mounted-transformer\/#breadcrumb","itemListElement":[{"@type":"ListItem","position":1,"name":"Home","item":"https:\/\/www.tronkiele.com\/"},{"@type":"ListItem","position":2,"name":"Products","item":"https:\/\/www.tronkiele.com\/shop\/"},{"@type":"ListItem","position":3,"name":"10MVA 33\/11kV Power Pad Mounted Transformer"}]},{"@type":"WebSite","@id":"https:\/\/www.tronkiele.com\/#website","url":"https:\/\/www.tronkiele.com\/","name":"PINO-ZHENGXI","description":"","publisher":{"@id":"https:\/\/www.tronkiele.com\/#organization"},"potentialAction":[{"@type":"SearchAction","target":{"@type":"EntryPoint","urlTemplate":"https:\/\/www.tronkiele.com\/?s={search_term_string}"},"query-input":{"@type":"PropertyValueSpecification","valueRequired":true,"valueName":"search_term_string"}}],"inLanguage":"es"},{"@type":"Organization","@id":"https:\/\/www.tronkiele.com\/#organization","name":"PINO-ZHENGXI","url":"https:\/\/www.tronkiele.com\/","logo":{"@type":"ImageObject","inLanguage":"es","@id":"https:\/\/www.tronkiele.com\/#\/schema\/logo\/image\/","url":"https:\/\/www.tronkiele.com\/wp-content\/uploads\/2024\/11\/cropped-tronki.webp","contentUrl":"https:\/\/www.tronkiele.com\/wp-content\/uploads\/2024\/11\/cropped-tronki.webp","width":512,"height":512,"caption":"PINE-ZHENGXI"},"image":{"@id":"https:\/\/www.tronkiele.com\/#\/schema\/logo\/image\/"}}]}},"_links":{"self":[{"href":"https:\/\/www.tronkiele.com\/es\/wp-json\/wp\/v2\/product\/2592","targetHints":{"allow":["GET"]}}],"collection":[{"href":"https:\/\/www.tronkiele.com\/es\/wp-json\/wp\/v2\/product"}],"about":[{"href":"https:\/\/www.tronkiele.com\/es\/wp-json\/wp\/v2\/types\/product"}],"version-history":[{"count":2,"href":"https:\/\/www.tronkiele.com\/es\/wp-json\/wp\/v2\/product\/2592\/revisions"}],"predecessor-version":[{"id":21557,"href":"https:\/\/www.tronkiele.com\/es\/wp-json\/wp\/v2\/product\/2592\/revisions\/21557"}],"wp:featuredmedia":[{"embeddable":true,"href":"https:\/\/www.tronkiele.com\/es\/wp-json\/wp\/v2\/media\/2594"}],"wp:attachment":[{"href":"https:\/\/www.tronkiele.com\/es\/wp-json\/wp\/v2\/media?parent=2592"}],"wp:term":[{"taxonomy":"product_brand","embeddable":true,"href":"https:\/\/www.tronkiele.com\/es\/wp-json\/wp\/v2\/product_brand?post=2592"},{"taxonomy":"product_cat","embeddable":true,"href":"https:\/\/www.tronkiele.com\/es\/wp-json\/wp\/v2\/product_cat?post=2592"},{"taxonomy":"product_tag","embeddable":true,"href":"https:\/\/www.tronkiele.com\/es\/wp-json\/wp\/v2\/product_tag?post=2592"}],"curies":[{"name":"wp","href":"https:\/\/api.w.org\/{rel}","templated":true}]}}