{"id":2597,"date":"2024-11-29T08:53:04","date_gmt":"2024-11-29T08:53:04","guid":{"rendered":"https:\/\/www.tronkiele.com\/?post_type=product&#038;p=2597"},"modified":"2025-04-30T13:49:03","modified_gmt":"2025-04-30T13:49:03","slug":"sz11-35kv-oil-immersed-substation-ac-transformer","status":"publish","type":"product","link":"https:\/\/www.tronkiele.com\/es\/product\/sz11-35kv-oil-immersed-substation-ac-transformer\/","title":{"rendered":"Transformador de CA de subestaci\u00f3n sumergida en aceite SZ11-35KV"},"content":{"rendered":"<h2>\u00c1mbito de aplicaci\u00f3n<\/h2>\n<p>El transformador sumergido en aceite 800~31500\/35 es adecuado para un sistema de CA de 50 Hz con una tensi\u00f3n nominal de trabajo de 35 kV. Es el equipo principal de las subestaciones peque\u00f1as y medianas, y garantiza una transformaci\u00f3n fiable de la tensi\u00f3n en las redes de distribuci\u00f3n el\u00e9ctrica.<\/p>\n<h2>Condiciones de funcionamiento<\/h2>\n<p>Altitud de instalaci\u00f3n: Hasta 1000 metros sobre el nivel del mar<br \/>\nTemperatura ambiente: -40\u00b0C a +40\u00b0C<\/p>\n<h2>Caracter\u00edsticas estructurales<\/h2>\n<p><strong>N\u00facleo de hierro<\/strong><\/p>\n<p>N\u00facleo: El n\u00facleo est\u00e1 hecho de acero al silicio laminado en fr\u00edo de alta permeabilidad de orientaci\u00f3n de grano magn\u00e9tico, totalmente procesado para proporcionar la m\u00e1xima eficiencia. Tipo de n\u00facleo: Construcci\u00f3n tipo n\u00facleo - Apilamiento completo de juntas oblicuas. Columna del n\u00facleo: La columna de n\u00facleo es de secci\u00f3n circular de varios pasos. Las secciones del yugo de hierro y del n\u00facleo tienen las mismas dimensiones de secci\u00f3n transversal para proporcionar un rendimiento uniforme.<\/p>\n<p><strong>Bobinados<\/strong><\/p>\n<p>Los devanados se fabrican como bobinas coaxiales. Los devanados de alta tensi\u00f3n tienen tomas para regular la tensi\u00f3n, a las que se conecta un cambiador de tomas. El cambiador de tomas est\u00e1 convenientemente montado en la cubierta del transformador para la regulaci\u00f3n de la tensi\u00f3n sin interrupci\u00f3n del suministro.<\/p>\n<p><strong>Dispositivos de protecci\u00f3n de seguridad<\/strong><\/p>\n<p>Rel\u00e9 de gas: Proporciona protecci\u00f3n autom\u00e1tica en caso de acumulaci\u00f3n de gas en el interior del transformador.<br \/>\nV\u00e1lvula de alivio de presi\u00f3n: Proporciona protecci\u00f3n al transformador mediante la liberaci\u00f3n del exceso de presi\u00f3n cuando sea necesario.<\/p>\n<p><strong>Dispositivos de protecci\u00f3n contra el aceite<\/strong><\/p>\n<p>Dep\u00f3sito de almacenamiento de aceite: Un indicador de nivel de aceite integrado supervisa el estado del aceite.<\/p>\n<p>Absorbedor de humedad: El dispositivo est\u00e1 equipado con un sello de aceite que bloquea la entrada de humedad en el dep\u00f3sito de almacenamiento del aceite para garantizar la conservaci\u00f3n de su calidad.<br \/>\nControl de la temperatura del aceite<br \/>\nTubo termom\u00e9trico de vidrio para medir la temperatura del aceite instalado en la parte superior del dep\u00f3sito de aceite (posici\u00f3n 120 \u00b1 10 mm de profundidad).<\/p>\n<p>Los transformadores con una potencia igual o superior a 1000kVA estar\u00e1n equipados con un term\u00f3metro de se\u00f1al exterior.<\/p>\n<h2>Dep\u00f3sito del transformador y accesorios<\/h2>\n<p>Construcci\u00f3n del tanque: De acuerdo con GB6451-1999, la construcci\u00f3n del tanque deber\u00e1 permitir la soldadura en la posici\u00f3n adecuada para mantener la resistencia estructural.<br \/>\nV\u00e1lvula de muestreo de aceite: Situada en la pared inferior del dep\u00f3sito de aceite para facilitar la toma de muestras.<br \/>\nV\u00e1lvula de drenaje de aceite: Gran v\u00e1lvula de descarga de aceite en la parte inferior del dep\u00f3sito para un drenaje y mantenimiento del aceite sin problemas.<br \/>\nEste transformador sumergido en aceite SZ11-35KV cuenta con s\u00f3lidas caracter\u00edsticas de dise\u00f1o y mecanismos de seguridad, lo que garantiza una fiabilidad a largo plazo para un rendimiento eficaz en aplicaciones de subestaci\u00f3n y distribuci\u00f3n de energ\u00eda.<\/p>","protected":false},"excerpt":{"rendered":"<p>El transformador sumergido en aceite 800~31500\/35 se utiliza para sistemas de alimentaci\u00f3n de 35 kV CA 50 Hz, que pueden aplicarse a subestaciones peque\u00f1as y medianas. Ofrece un rendimiento fiable y eficiente, satisfaciendo las necesidades de transmisi\u00f3n y distribuci\u00f3n de energ\u00eda.<\/p>","protected":false},"featured_media":2598,"template":"","meta":[],"product_brand":[],"product_cat":[34,33],"product_tag":[],"class_list":{"0":"post-2597","1":"product","2":"type-product","3":"status-publish","4":"has-post-thumbnail","6":"product_cat-oil-transformer","7":"product_cat-power-transformer","9":"first","10":"instock","11":"featured","12":"taxable","13":"shipping-taxable","14":"product-type-simple"},"yoast_head":"<!-- This site is optimized with the Yoast SEO plugin v25.0 - https:\/\/yoast.com\/wordpress\/plugins\/seo\/ -->\n<title>SZ11-35KV Oil-Immersed Substation AC Transformer - PINE-ZHENGXI<\/title>\n<meta name=\"robots\" content=\"index, follow, max-snippet:-1, max-image-preview:large, max-video-preview:-1\" \/>\n<link rel=\"canonical\" href=\"https:\/\/www.tronkiele.com\/es\/product\/sz11-35kv-oil-immersed-substation-ac-transformer\/\" \/>\n<meta property=\"og:locale\" content=\"es_ES\" \/>\n<meta property=\"og:type\" content=\"article\" \/>\n<meta property=\"og:title\" content=\"SZ11-35KV Oil-Immersed Substation AC Transformer - PINE-ZHENGXI\" \/>\n<meta property=\"og:description\" content=\"The 800~31500\/35 oil-immersed transformer is used for 35kV AC 50Hz power systems, which can be applied to small and medium-sized substations. It offers reliable and efficient performance, meeting the needs of power transmission and distribution.\" \/>\n<meta property=\"og:url\" content=\"https:\/\/www.tronkiele.com\/es\/product\/sz11-35kv-oil-immersed-substation-ac-transformer\/\" \/>\n<meta property=\"og:site_name\" content=\"PINE-ZHENGXI\" \/>\n<meta property=\"article:modified_time\" content=\"2025-04-30T13:49:03+00:00\" \/>\n<meta property=\"og:image\" content=\"https:\/\/www.tronkiele.com\/wp-content\/uploads\/2024\/11\/SZ11-35KV-Oil-Immersed-Substation-AC-Transformer.webp\" \/>\n\t<meta property=\"og:image:width\" content=\"600\" \/>\n\t<meta property=\"og:image:height\" content=\"600\" \/>\n\t<meta property=\"og:image:type\" content=\"image\/webp\" \/>\n<meta name=\"twitter:card\" content=\"summary_large_image\" \/>\n<meta name=\"twitter:label1\" content=\"Tiempo de lectura\" \/>\n\t<meta name=\"twitter:data1\" content=\"2 minutos\" \/>\n<script type=\"application\/ld+json\" class=\"yoast-schema-graph\">{\"@context\":\"https:\/\/schema.org\",\"@graph\":[{\"@type\":\"WebPage\",\"@id\":\"https:\/\/www.tronkiele.com\/product\/sz11-35kv-oil-immersed-substation-ac-transformer\/\",\"url\":\"https:\/\/www.tronkiele.com\/product\/sz11-35kv-oil-immersed-substation-ac-transformer\/\",\"name\":\"SZ11-35KV Oil-Immersed Substation AC Transformer - PINE-ZHENGXI\",\"isPartOf\":{\"@id\":\"https:\/\/www.tronkiele.com\/#website\"},\"primaryImageOfPage\":{\"@id\":\"https:\/\/www.tronkiele.com\/product\/sz11-35kv-oil-immersed-substation-ac-transformer\/#primaryimage\"},\"image\":{\"@id\":\"https:\/\/www.tronkiele.com\/product\/sz11-35kv-oil-immersed-substation-ac-transformer\/#primaryimage\"},\"thumbnailUrl\":\"https:\/\/www.tronkiele.com\/wp-content\/uploads\/2024\/11\/SZ11-35KV-Oil-Immersed-Substation-AC-Transformer.webp\",\"datePublished\":\"2024-11-29T08:53:04+00:00\",\"dateModified\":\"2025-04-30T13:49:03+00:00\",\"breadcrumb\":{\"@id\":\"https:\/\/www.tronkiele.com\/product\/sz11-35kv-oil-immersed-substation-ac-transformer\/#breadcrumb\"},\"inLanguage\":\"es\",\"potentialAction\":[{\"@type\":\"ReadAction\",\"target\":[\"https:\/\/www.tronkiele.com\/product\/sz11-35kv-oil-immersed-substation-ac-transformer\/\"]}]},{\"@type\":\"ImageObject\",\"inLanguage\":\"es\",\"@id\":\"https:\/\/www.tronkiele.com\/product\/sz11-35kv-oil-immersed-substation-ac-transformer\/#primaryimage\",\"url\":\"https:\/\/www.tronkiele.com\/wp-content\/uploads\/2024\/11\/SZ11-35KV-Oil-Immersed-Substation-AC-Transformer.webp\",\"contentUrl\":\"https:\/\/www.tronkiele.com\/wp-content\/uploads\/2024\/11\/SZ11-35KV-Oil-Immersed-Substation-AC-Transformer.webp\",\"width\":600,\"height\":600,\"caption\":\"SZ11-35KV Oil-Immersed Substation AC Transformer\"},{\"@type\":\"BreadcrumbList\",\"@id\":\"https:\/\/www.tronkiele.com\/product\/sz11-35kv-oil-immersed-substation-ac-transformer\/#breadcrumb\",\"itemListElement\":[{\"@type\":\"ListItem\",\"position\":1,\"name\":\"Home\",\"item\":\"https:\/\/www.tronkiele.com\/\"},{\"@type\":\"ListItem\",\"position\":2,\"name\":\"Products\",\"item\":\"https:\/\/www.tronkiele.com\/shop\/\"},{\"@type\":\"ListItem\",\"position\":3,\"name\":\"SZ11-35KV Oil-Immersed Substation AC Transformer\"}]},{\"@type\":\"WebSite\",\"@id\":\"https:\/\/www.tronkiele.com\/#website\",\"url\":\"https:\/\/www.tronkiele.com\/\",\"name\":\"PINE-ZHENGXI\",\"description\":\"\",\"publisher\":{\"@id\":\"https:\/\/www.tronkiele.com\/#organization\"},\"potentialAction\":[{\"@type\":\"SearchAction\",\"target\":{\"@type\":\"EntryPoint\",\"urlTemplate\":\"https:\/\/www.tronkiele.com\/?s={search_term_string}\"},\"query-input\":{\"@type\":\"PropertyValueSpecification\",\"valueRequired\":true,\"valueName\":\"search_term_string\"}}],\"inLanguage\":\"es\"},{\"@type\":\"Organization\",\"@id\":\"https:\/\/www.tronkiele.com\/#organization\",\"name\":\"PINE-ZHENGXI\",\"url\":\"https:\/\/www.tronkiele.com\/\",\"logo\":{\"@type\":\"ImageObject\",\"inLanguage\":\"es\",\"@id\":\"https:\/\/www.tronkiele.com\/#\/schema\/logo\/image\/\",\"url\":\"https:\/\/www.tronkiele.com\/wp-content\/uploads\/2024\/11\/cropped-tronki.webp\",\"contentUrl\":\"https:\/\/www.tronkiele.com\/wp-content\/uploads\/2024\/11\/cropped-tronki.webp\",\"width\":512,\"height\":512,\"caption\":\"PINE-ZHENGXI\"},\"image\":{\"@id\":\"https:\/\/www.tronkiele.com\/#\/schema\/logo\/image\/\"}}]}<\/script>\n<!-- \/ Yoast SEO plugin. -->","yoast_head_json":{"title":"Transformador de CA para subestaci\u00f3n sumergida en aceite SZ11-35KV - PINE-ZHENGXI","robots":{"index":"index","follow":"follow","max-snippet":"max-snippet:-1","max-image-preview":"max-image-preview:large","max-video-preview":"max-video-preview:-1"},"canonical":"https:\/\/www.tronkiele.com\/es\/product\/sz11-35kv-oil-immersed-substation-ac-transformer\/","og_locale":"es_ES","og_type":"article","og_title":"SZ11-35KV Oil-Immersed Substation AC Transformer - PINE-ZHENGXI","og_description":"The 800~31500\/35 oil-immersed transformer is used for 35kV AC 50Hz power systems, which can be applied to small and medium-sized substations. It offers reliable and efficient performance, meeting the needs of power transmission and distribution.","og_url":"https:\/\/www.tronkiele.com\/es\/product\/sz11-35kv-oil-immersed-substation-ac-transformer\/","og_site_name":"PINE-ZHENGXI","article_modified_time":"2025-04-30T13:49:03+00:00","og_image":[{"width":600,"height":600,"url":"https:\/\/www.tronkiele.com\/wp-content\/uploads\/2024\/11\/SZ11-35KV-Oil-Immersed-Substation-AC-Transformer.webp","type":"image\/webp"}],"twitter_card":"summary_large_image","twitter_misc":{"Tiempo de lectura":"2 minutos"},"schema":{"@context":"https:\/\/schema.org","@graph":[{"@type":"WebPage","@id":"https:\/\/www.tronkiele.com\/product\/sz11-35kv-oil-immersed-substation-ac-transformer\/","url":"https:\/\/www.tronkiele.com\/product\/sz11-35kv-oil-immersed-substation-ac-transformer\/","name":"Transformador de CA para subestaci\u00f3n sumergida en aceite SZ11-35KV - PINE-ZHENGXI","isPartOf":{"@id":"https:\/\/www.tronkiele.com\/#website"},"primaryImageOfPage":{"@id":"https:\/\/www.tronkiele.com\/product\/sz11-35kv-oil-immersed-substation-ac-transformer\/#primaryimage"},"image":{"@id":"https:\/\/www.tronkiele.com\/product\/sz11-35kv-oil-immersed-substation-ac-transformer\/#primaryimage"},"thumbnailUrl":"https:\/\/www.tronkiele.com\/wp-content\/uploads\/2024\/11\/SZ11-35KV-Oil-Immersed-Substation-AC-Transformer.webp","datePublished":"2024-11-29T08:53:04+00:00","dateModified":"2025-04-30T13:49:03+00:00","breadcrumb":{"@id":"https:\/\/www.tronkiele.com\/product\/sz11-35kv-oil-immersed-substation-ac-transformer\/#breadcrumb"},"inLanguage":"es","potentialAction":[{"@type":"ReadAction","target":["https:\/\/www.tronkiele.com\/product\/sz11-35kv-oil-immersed-substation-ac-transformer\/"]}]},{"@type":"ImageObject","inLanguage":"es","@id":"https:\/\/www.tronkiele.com\/product\/sz11-35kv-oil-immersed-substation-ac-transformer\/#primaryimage","url":"https:\/\/www.tronkiele.com\/wp-content\/uploads\/2024\/11\/SZ11-35KV-Oil-Immersed-Substation-AC-Transformer.webp","contentUrl":"https:\/\/www.tronkiele.com\/wp-content\/uploads\/2024\/11\/SZ11-35KV-Oil-Immersed-Substation-AC-Transformer.webp","width":600,"height":600,"caption":"SZ11-35KV Oil-Immersed Substation AC Transformer"},{"@type":"BreadcrumbList","@id":"https:\/\/www.tronkiele.com\/product\/sz11-35kv-oil-immersed-substation-ac-transformer\/#breadcrumb","itemListElement":[{"@type":"ListItem","position":1,"name":"Home","item":"https:\/\/www.tronkiele.com\/"},{"@type":"ListItem","position":2,"name":"Products","item":"https:\/\/www.tronkiele.com\/shop\/"},{"@type":"ListItem","position":3,"name":"SZ11-35KV Oil-Immersed Substation AC Transformer"}]},{"@type":"WebSite","@id":"https:\/\/www.tronkiele.com\/#website","url":"https:\/\/www.tronkiele.com\/","name":"PINO-ZHENGXI","description":"","publisher":{"@id":"https:\/\/www.tronkiele.com\/#organization"},"potentialAction":[{"@type":"SearchAction","target":{"@type":"EntryPoint","urlTemplate":"https:\/\/www.tronkiele.com\/?s={search_term_string}"},"query-input":{"@type":"PropertyValueSpecification","valueRequired":true,"valueName":"search_term_string"}}],"inLanguage":"es"},{"@type":"Organization","@id":"https:\/\/www.tronkiele.com\/#organization","name":"PINO-ZHENGXI","url":"https:\/\/www.tronkiele.com\/","logo":{"@type":"ImageObject","inLanguage":"es","@id":"https:\/\/www.tronkiele.com\/#\/schema\/logo\/image\/","url":"https:\/\/www.tronkiele.com\/wp-content\/uploads\/2024\/11\/cropped-tronki.webp","contentUrl":"https:\/\/www.tronkiele.com\/wp-content\/uploads\/2024\/11\/cropped-tronki.webp","width":512,"height":512,"caption":"PINE-ZHENGXI"},"image":{"@id":"https:\/\/www.tronkiele.com\/#\/schema\/logo\/image\/"}}]}},"_links":{"self":[{"href":"https:\/\/www.tronkiele.com\/es\/wp-json\/wp\/v2\/product\/2597","targetHints":{"allow":["GET"]}}],"collection":[{"href":"https:\/\/www.tronkiele.com\/es\/wp-json\/wp\/v2\/product"}],"about":[{"href":"https:\/\/www.tronkiele.com\/es\/wp-json\/wp\/v2\/types\/product"}],"version-history":[{"count":1,"href":"https:\/\/www.tronkiele.com\/es\/wp-json\/wp\/v2\/product\/2597\/revisions"}],"predecessor-version":[{"id":21558,"href":"https:\/\/www.tronkiele.com\/es\/wp-json\/wp\/v2\/product\/2597\/revisions\/21558"}],"wp:featuredmedia":[{"embeddable":true,"href":"https:\/\/www.tronkiele.com\/es\/wp-json\/wp\/v2\/media\/2598"}],"wp:attachment":[{"href":"https:\/\/www.tronkiele.com\/es\/wp-json\/wp\/v2\/media?parent=2597"}],"wp:term":[{"taxonomy":"product_brand","embeddable":true,"href":"https:\/\/www.tronkiele.com\/es\/wp-json\/wp\/v2\/product_brand?post=2597"},{"taxonomy":"product_cat","embeddable":true,"href":"https:\/\/www.tronkiele.com\/es\/wp-json\/wp\/v2\/product_cat?post=2597"},{"taxonomy":"product_tag","embeddable":true,"href":"https:\/\/www.tronkiele.com\/es\/wp-json\/wp\/v2\/product_tag?post=2597"}],"curies":[{"name":"wp","href":"https:\/\/api.w.org\/{rel}","templated":true}]}}