{"id":2599,"date":"2024-11-29T09:08:06","date_gmt":"2024-11-29T09:08:06","guid":{"rendered":"https:\/\/www.tronkiele.com\/?post_type=product&#038;p=2599"},"modified":"2025-04-30T13:50:20","modified_gmt":"2025-04-30T13:50:20","slug":"sz11-315-33kv-three-phase-oil-type-distribution-electrical-transformer","status":"publish","type":"product","link":"https:\/\/www.tronkiele.com\/es\/product\/sz11-315-33kv-three-phase-oil-type-distribution-electrical-transformer\/","title":{"rendered":"Transformador el\u00e9ctrico de distribuci\u00f3n trif\u00e1sico de aceite SZ11-315\/33kV"},"content":{"rendered":"<h2>Par\u00e1metros t\u00e9cnicos<\/h2>\n<table>\n<tbody>\n<tr>\n<td width=\"55.7000%\">Capacidad nominal<\/td>\n<td width=\"44.2800%\">30kVA~2500kVA<\/td>\n<\/tr>\n<tr>\n<td width=\"55.7000%\">Frecuencia<\/td>\n<td width=\"44.2800%\">50 HZ<\/td>\n<\/tr>\n<tr>\n<td width=\"55.7000%\">Grupo Vector<\/td>\n<td width=\"44.2800%\">Dyn11 \/ Yyn0<\/td>\n<\/tr>\n<tr>\n<td width=\"55.7000%\">Est\u00e1ndar<\/td>\n<td width=\"44.2800%\">IEC60076<\/td>\n<\/tr>\n<tr>\n<td width=\"55.7000%\">Material del n\u00facleo<\/td>\n<td width=\"44.2800%\">Cobre\/Aluminio<\/td>\n<\/tr>\n<tr>\n<td width=\"55.7000%\">Material<\/td>\n<td width=\"44.2800%\">Chapa de acero al silicio<\/td>\n<\/tr>\n<tr>\n<td width=\"55.7000%\">Plazo de entrega<\/td>\n<td width=\"44.2800%\">5~10 d\u00edas laborables<\/td>\n<\/tr>\n<tr>\n<td width=\"55.7000%\">Fase<\/td>\n<td width=\"44.2800%\">Tres<\/td>\n<\/tr>\n<tr>\n<td width=\"55.7000%\">Utilice<\/td>\n<td width=\"44.2800%\">Energ\u00eda el\u00e9ctrica<\/td>\n<\/tr>\n<tr>\n<td width=\"55.7000%\">N\u00famero de bobina<\/td>\n<td width=\"44.2800%\">Doble bobinado<\/td>\n<\/tr>\n<tr>\n<td width=\"55.7000%\">Tensi\u00f3n primaria nominal<\/td>\n<td width=\"44.2800%\">12<\/td>\n<\/tr>\n<tr>\n<td width=\"55.7000%\">Tensi\u00f3n nominal secundaria<\/td>\n<td width=\"44.2800%\">5<\/td>\n<\/tr>\n<tr>\n<td width=\"55.7000%\">Estructura de la bobina<\/td>\n<td width=\"44.2800%\">Toroidal<\/td>\n<\/tr>\n<tr>\n<td width=\"55.7000%\">Capacidad<\/td>\n<td width=\"44.2800%\">315 kVA<\/td>\n<\/tr>\n<\/tbody>\n<\/table>\n<h2>Caracter\u00edsticas principales:<\/h2>\n<p><strong>Dise\u00f1o del n\u00facleo:<\/strong><br \/>\nEl n\u00facleo es de acero al silicio laminado en fr\u00edo importado, lo que reduce las p\u00e9rdidas en vac\u00edo y la corriente. Est\u00e1 firmemente apilado y fijado para reducir el ruido y mejorar la estabilidad.<\/p>\n<p><strong>Estructura del bobinado:<\/strong><br \/>\nDevanados de baja tensi\u00f3n: Hasta los transformadores de 500kVA, los devanados de baja tensi\u00f3n son cil\u00edndricos en una estructura de doble capa, mientras que por encima de 630kVA, el devanado de doble h\u00e9lice o de l\u00e1mina de cobre proporciona una mejor resistencia y rendimiento en cortocircuito.<br \/>\nBobinados de alta tensi\u00f3n: Los bobinados de alta tensi\u00f3n se han dise\u00f1ado teniendo en cuenta una estructura cil\u00edndrica multicapa para mejorar el aislamiento y el rendimiento general.<br \/>\nMateriales de alta calidad:<br \/>\nLos propios bobinados est\u00e1n hechos de cobre sin ox\u00edgeno, m\u00e1s conductor y duradero; esto ayuda a reducir las p\u00e9rdidas de energ\u00eda.<\/p>\n<p><strong>Estructura sellada y refrigeraci\u00f3n:<\/strong><br \/>\nEvita que el aceite del transformador quede expuesto al aire, lo que acelera su envejecimiento. El dise\u00f1o totalmente sellado prolongar\u00e1 la vida \u00fatil del transformador. Hay placas onduladas en el dep\u00f3sito de aceite que mejoran la circulaci\u00f3n y la disipaci\u00f3n del calor del aceite, por lo que todo se mantiene fr\u00edo durante el funcionamiento.<\/p>\n<p><strong>Protecci\u00f3n contra fugas:<\/strong><br \/>\nReduce las posibilidades de fugas y aumenta el paso del aceite. Este factor, junto con una mejor soldadura, proporciona un transformador m\u00e1s fiable y duradero.<\/p>\n<p>El transformador de la serie SZ11, dise\u00f1ado para los sistemas de energ\u00eda modernos, proporciona un rendimiento y una vida \u00fatil mejorados con un coste operativo reducido, al tiempo que garantiza una buena fiabilidad.<\/p>","protected":false},"excerpt":{"rendered":"<p>El transformador de distribuci\u00f3n trif\u00e1sico sumergido en aceite SZ11 es un transformador trif\u00e1sico de alto rendimiento fabricado para ofrecer mayor fiabilidad y eficiencia que la antigua serie S9. Al mejorar el dise\u00f1o de p\u00e9rdidas y ajustar la relaci\u00f3n cobre-hierro, reduce la p\u00e9rdida de energ\u00eda y ofrece un valor excelente.<\/p>","protected":false},"featured_media":2600,"template":"","meta":[],"product_brand":[],"product_cat":[34,33],"product_tag":[],"class_list":{"0":"post-2599","1":"product","2":"type-product","3":"status-publish","4":"has-post-thumbnail","6":"product_cat-oil-transformer","7":"product_cat-power-transformer","9":"first","10":"instock","11":"featured","12":"taxable","13":"shipping-taxable","14":"product-type-simple"},"yoast_head":"<!-- This site is optimized with the Yoast SEO plugin v25.0 - https:\/\/yoast.com\/wordpress\/plugins\/seo\/ -->\n<title>SZ11-315\/33kV Three Phase Oil Type Distribution Electrical Transformer - PINE-ZHENGXI<\/title>\n<meta name=\"robots\" content=\"index, follow, max-snippet:-1, max-image-preview:large, max-video-preview:-1\" \/>\n<link rel=\"canonical\" href=\"https:\/\/www.tronkiele.com\/es\/product\/sz11-315-33kv-three-phase-oil-type-distribution-electrical-transformer\/\" \/>\n<meta property=\"og:locale\" content=\"es_ES\" \/>\n<meta property=\"og:type\" content=\"article\" \/>\n<meta property=\"og:title\" content=\"SZ11-315\/33kV Three Phase Oil Type Distribution Electrical Transformer - PINE-ZHENGXI\" \/>\n<meta property=\"og:description\" content=\"The SZ11 Three-Phase Oil-Immersed Distribution Transformer is a high-performance three-phase transformer built to offer better reliability and efficiency than the older S9 series. By improving the loss design and adjusting the copper-to-iron ratio, it reduces energy loss and provides excellent value.\" \/>\n<meta property=\"og:url\" content=\"https:\/\/www.tronkiele.com\/es\/product\/sz11-315-33kv-three-phase-oil-type-distribution-electrical-transformer\/\" \/>\n<meta property=\"og:site_name\" content=\"PINE-ZHENGXI\" \/>\n<meta property=\"article:modified_time\" content=\"2025-04-30T13:50:20+00:00\" \/>\n<meta property=\"og:image\" content=\"https:\/\/www.tronkiele.com\/wp-content\/uploads\/2024\/11\/SZ11-315-33kV-Three-Phase-Oil-Type-Distribution-Electrical-Transformer.webp\" \/>\n\t<meta property=\"og:image:width\" content=\"600\" \/>\n\t<meta property=\"og:image:height\" content=\"600\" \/>\n\t<meta property=\"og:image:type\" content=\"image\/webp\" \/>\n<meta name=\"twitter:card\" content=\"summary_large_image\" \/>\n<meta name=\"twitter:label1\" content=\"Tiempo de lectura\" \/>\n\t<meta name=\"twitter:data1\" content=\"2 minutos\" \/>\n<script type=\"application\/ld+json\" class=\"yoast-schema-graph\">{\"@context\":\"https:\/\/schema.org\",\"@graph\":[{\"@type\":\"WebPage\",\"@id\":\"https:\/\/www.tronkiele.com\/product\/sz11-315-33kv-three-phase-oil-type-distribution-electrical-transformer\/\",\"url\":\"https:\/\/www.tronkiele.com\/product\/sz11-315-33kv-three-phase-oil-type-distribution-electrical-transformer\/\",\"name\":\"SZ11-315\/33kV Three Phase Oil Type Distribution Electrical Transformer - PINE-ZHENGXI\",\"isPartOf\":{\"@id\":\"https:\/\/www.tronkiele.com\/#website\"},\"primaryImageOfPage\":{\"@id\":\"https:\/\/www.tronkiele.com\/product\/sz11-315-33kv-three-phase-oil-type-distribution-electrical-transformer\/#primaryimage\"},\"image\":{\"@id\":\"https:\/\/www.tronkiele.com\/product\/sz11-315-33kv-three-phase-oil-type-distribution-electrical-transformer\/#primaryimage\"},\"thumbnailUrl\":\"https:\/\/www.tronkiele.com\/wp-content\/uploads\/2024\/11\/SZ11-315-33kV-Three-Phase-Oil-Type-Distribution-Electrical-Transformer.webp\",\"datePublished\":\"2024-11-29T09:08:06+00:00\",\"dateModified\":\"2025-04-30T13:50:20+00:00\",\"breadcrumb\":{\"@id\":\"https:\/\/www.tronkiele.com\/product\/sz11-315-33kv-three-phase-oil-type-distribution-electrical-transformer\/#breadcrumb\"},\"inLanguage\":\"es\",\"potentialAction\":[{\"@type\":\"ReadAction\",\"target\":[\"https:\/\/www.tronkiele.com\/product\/sz11-315-33kv-three-phase-oil-type-distribution-electrical-transformer\/\"]}]},{\"@type\":\"ImageObject\",\"inLanguage\":\"es\",\"@id\":\"https:\/\/www.tronkiele.com\/product\/sz11-315-33kv-three-phase-oil-type-distribution-electrical-transformer\/#primaryimage\",\"url\":\"https:\/\/www.tronkiele.com\/wp-content\/uploads\/2024\/11\/SZ11-315-33kV-Three-Phase-Oil-Type-Distribution-Electrical-Transformer.webp\",\"contentUrl\":\"https:\/\/www.tronkiele.com\/wp-content\/uploads\/2024\/11\/SZ11-315-33kV-Three-Phase-Oil-Type-Distribution-Electrical-Transformer.webp\",\"width\":600,\"height\":600,\"caption\":\"SZ11-315 33kV Three Phase Oil Type Distribution Electrical Transformer\"},{\"@type\":\"BreadcrumbList\",\"@id\":\"https:\/\/www.tronkiele.com\/product\/sz11-315-33kv-three-phase-oil-type-distribution-electrical-transformer\/#breadcrumb\",\"itemListElement\":[{\"@type\":\"ListItem\",\"position\":1,\"name\":\"Home\",\"item\":\"https:\/\/www.tronkiele.com\/\"},{\"@type\":\"ListItem\",\"position\":2,\"name\":\"Products\",\"item\":\"https:\/\/www.tronkiele.com\/shop\/\"},{\"@type\":\"ListItem\",\"position\":3,\"name\":\"SZ11-315\/33kV Three Phase Oil Type Distribution Electrical Transformer\"}]},{\"@type\":\"WebSite\",\"@id\":\"https:\/\/www.tronkiele.com\/#website\",\"url\":\"https:\/\/www.tronkiele.com\/\",\"name\":\"PINE-ZHENGXI\",\"description\":\"\",\"publisher\":{\"@id\":\"https:\/\/www.tronkiele.com\/#organization\"},\"potentialAction\":[{\"@type\":\"SearchAction\",\"target\":{\"@type\":\"EntryPoint\",\"urlTemplate\":\"https:\/\/www.tronkiele.com\/?s={search_term_string}\"},\"query-input\":{\"@type\":\"PropertyValueSpecification\",\"valueRequired\":true,\"valueName\":\"search_term_string\"}}],\"inLanguage\":\"es\"},{\"@type\":\"Organization\",\"@id\":\"https:\/\/www.tronkiele.com\/#organization\",\"name\":\"PINE-ZHENGXI\",\"url\":\"https:\/\/www.tronkiele.com\/\",\"logo\":{\"@type\":\"ImageObject\",\"inLanguage\":\"es\",\"@id\":\"https:\/\/www.tronkiele.com\/#\/schema\/logo\/image\/\",\"url\":\"https:\/\/www.tronkiele.com\/wp-content\/uploads\/2024\/11\/cropped-tronki.webp\",\"contentUrl\":\"https:\/\/www.tronkiele.com\/wp-content\/uploads\/2024\/11\/cropped-tronki.webp\",\"width\":512,\"height\":512,\"caption\":\"PINE-ZHENGXI\"},\"image\":{\"@id\":\"https:\/\/www.tronkiele.com\/#\/schema\/logo\/image\/\"}}]}<\/script>\n<!-- \/ Yoast SEO plugin. -->","yoast_head_json":{"title":"Transformador el\u00e9ctrico de distribuci\u00f3n trif\u00e1sico de aceite SZ11-315\/33kV - PINE-ZHENGXI","robots":{"index":"index","follow":"follow","max-snippet":"max-snippet:-1","max-image-preview":"max-image-preview:large","max-video-preview":"max-video-preview:-1"},"canonical":"https:\/\/www.tronkiele.com\/es\/product\/sz11-315-33kv-three-phase-oil-type-distribution-electrical-transformer\/","og_locale":"es_ES","og_type":"article","og_title":"SZ11-315\/33kV Three Phase Oil Type Distribution Electrical Transformer - PINE-ZHENGXI","og_description":"The SZ11 Three-Phase Oil-Immersed Distribution Transformer is a high-performance three-phase transformer built to offer better reliability and efficiency than the older S9 series. By improving the loss design and adjusting the copper-to-iron ratio, it reduces energy loss and provides excellent value.","og_url":"https:\/\/www.tronkiele.com\/es\/product\/sz11-315-33kv-three-phase-oil-type-distribution-electrical-transformer\/","og_site_name":"PINE-ZHENGXI","article_modified_time":"2025-04-30T13:50:20+00:00","og_image":[{"width":600,"height":600,"url":"https:\/\/www.tronkiele.com\/wp-content\/uploads\/2024\/11\/SZ11-315-33kV-Three-Phase-Oil-Type-Distribution-Electrical-Transformer.webp","type":"image\/webp"}],"twitter_card":"summary_large_image","twitter_misc":{"Tiempo de lectura":"2 minutos"},"schema":{"@context":"https:\/\/schema.org","@graph":[{"@type":"WebPage","@id":"https:\/\/www.tronkiele.com\/product\/sz11-315-33kv-three-phase-oil-type-distribution-electrical-transformer\/","url":"https:\/\/www.tronkiele.com\/product\/sz11-315-33kv-three-phase-oil-type-distribution-electrical-transformer\/","name":"Transformador el\u00e9ctrico de distribuci\u00f3n trif\u00e1sico de aceite SZ11-315\/33kV - PINE-ZHENGXI","isPartOf":{"@id":"https:\/\/www.tronkiele.com\/#website"},"primaryImageOfPage":{"@id":"https:\/\/www.tronkiele.com\/product\/sz11-315-33kv-three-phase-oil-type-distribution-electrical-transformer\/#primaryimage"},"image":{"@id":"https:\/\/www.tronkiele.com\/product\/sz11-315-33kv-three-phase-oil-type-distribution-electrical-transformer\/#primaryimage"},"thumbnailUrl":"https:\/\/www.tronkiele.com\/wp-content\/uploads\/2024\/11\/SZ11-315-33kV-Three-Phase-Oil-Type-Distribution-Electrical-Transformer.webp","datePublished":"2024-11-29T09:08:06+00:00","dateModified":"2025-04-30T13:50:20+00:00","breadcrumb":{"@id":"https:\/\/www.tronkiele.com\/product\/sz11-315-33kv-three-phase-oil-type-distribution-electrical-transformer\/#breadcrumb"},"inLanguage":"es","potentialAction":[{"@type":"ReadAction","target":["https:\/\/www.tronkiele.com\/product\/sz11-315-33kv-three-phase-oil-type-distribution-electrical-transformer\/"]}]},{"@type":"ImageObject","inLanguage":"es","@id":"https:\/\/www.tronkiele.com\/product\/sz11-315-33kv-three-phase-oil-type-distribution-electrical-transformer\/#primaryimage","url":"https:\/\/www.tronkiele.com\/wp-content\/uploads\/2024\/11\/SZ11-315-33kV-Three-Phase-Oil-Type-Distribution-Electrical-Transformer.webp","contentUrl":"https:\/\/www.tronkiele.com\/wp-content\/uploads\/2024\/11\/SZ11-315-33kV-Three-Phase-Oil-Type-Distribution-Electrical-Transformer.webp","width":600,"height":600,"caption":"SZ11-315 33kV Three Phase Oil Type Distribution Electrical Transformer"},{"@type":"BreadcrumbList","@id":"https:\/\/www.tronkiele.com\/product\/sz11-315-33kv-three-phase-oil-type-distribution-electrical-transformer\/#breadcrumb","itemListElement":[{"@type":"ListItem","position":1,"name":"Home","item":"https:\/\/www.tronkiele.com\/"},{"@type":"ListItem","position":2,"name":"Products","item":"https:\/\/www.tronkiele.com\/shop\/"},{"@type":"ListItem","position":3,"name":"SZ11-315\/33kV Three Phase Oil Type Distribution Electrical Transformer"}]},{"@type":"WebSite","@id":"https:\/\/www.tronkiele.com\/#website","url":"https:\/\/www.tronkiele.com\/","name":"PINO-ZHENGXI","description":"","publisher":{"@id":"https:\/\/www.tronkiele.com\/#organization"},"potentialAction":[{"@type":"SearchAction","target":{"@type":"EntryPoint","urlTemplate":"https:\/\/www.tronkiele.com\/?s={search_term_string}"},"query-input":{"@type":"PropertyValueSpecification","valueRequired":true,"valueName":"search_term_string"}}],"inLanguage":"es"},{"@type":"Organization","@id":"https:\/\/www.tronkiele.com\/#organization","name":"PINO-ZHENGXI","url":"https:\/\/www.tronkiele.com\/","logo":{"@type":"ImageObject","inLanguage":"es","@id":"https:\/\/www.tronkiele.com\/#\/schema\/logo\/image\/","url":"https:\/\/www.tronkiele.com\/wp-content\/uploads\/2024\/11\/cropped-tronki.webp","contentUrl":"https:\/\/www.tronkiele.com\/wp-content\/uploads\/2024\/11\/cropped-tronki.webp","width":512,"height":512,"caption":"PINE-ZHENGXI"},"image":{"@id":"https:\/\/www.tronkiele.com\/#\/schema\/logo\/image\/"}}]}},"_links":{"self":[{"href":"https:\/\/www.tronkiele.com\/es\/wp-json\/wp\/v2\/product\/2599","targetHints":{"allow":["GET"]}}],"collection":[{"href":"https:\/\/www.tronkiele.com\/es\/wp-json\/wp\/v2\/product"}],"about":[{"href":"https:\/\/www.tronkiele.com\/es\/wp-json\/wp\/v2\/types\/product"}],"version-history":[{"count":2,"href":"https:\/\/www.tronkiele.com\/es\/wp-json\/wp\/v2\/product\/2599\/revisions"}],"predecessor-version":[{"id":21560,"href":"https:\/\/www.tronkiele.com\/es\/wp-json\/wp\/v2\/product\/2599\/revisions\/21560"}],"wp:featuredmedia":[{"embeddable":true,"href":"https:\/\/www.tronkiele.com\/es\/wp-json\/wp\/v2\/media\/2600"}],"wp:attachment":[{"href":"https:\/\/www.tronkiele.com\/es\/wp-json\/wp\/v2\/media?parent=2599"}],"wp:term":[{"taxonomy":"product_brand","embeddable":true,"href":"https:\/\/www.tronkiele.com\/es\/wp-json\/wp\/v2\/product_brand?post=2599"},{"taxonomy":"product_cat","embeddable":true,"href":"https:\/\/www.tronkiele.com\/es\/wp-json\/wp\/v2\/product_cat?post=2599"},{"taxonomy":"product_tag","embeddable":true,"href":"https:\/\/www.tronkiele.com\/es\/wp-json\/wp\/v2\/product_tag?post=2599"}],"curies":[{"name":"wp","href":"https:\/\/api.w.org\/{rel}","templated":true}]}}