{"id":95,"date":"2024-09-08T17:17:26","date_gmt":"2024-09-08T17:17:26","guid":{"rendered":"https:\/\/www.tronkiele.com\/product\/indoor-auxiliary-handcart-switchgear-breaker\/"},"modified":"2025-01-25T08:28:30","modified_gmt":"2025-01-25T08:28:30","slug":"indoor-auxiliary-handcart-switchgear-breaker","status":"publish","type":"product","link":"https:\/\/www.tronkiele.com\/es\/product\/indoor-auxiliary-handcart-switchgear-breaker\/","title":{"rendered":"ZN85-40.5 Interruptor autom\u00e1tico auxiliar de carretilla para interiores"},"content":{"rendered":"<h2 class=\"\\&quot;wp-block-heading\\&quot;\">General<\/h2>\n<p>ZN85 carro de mano auxiliar dise\u00f1ado y producido por nosotros tiene un mecanismo de accionamiento de varilla de tornillo y se puede mover con facilidad y evitar da\u00f1os en el mecanismo de accionamiento debido a la mala operaci\u00f3n.se aplica a la 50Hz y 40.5kV trif\u00e1sico de corriente alterna de un solo bus segmentado sistemas de energ\u00eda en KYN61-40.5 blindado m\u00f3vil met\u00e1lico-enclosed switchgears.used con diferentes componentes primarios, puede realizar la conexi\u00f3n de bus, medici\u00f3n de energ\u00eda el\u00e9ctrica, y la protecci\u00f3n de sobrecarga o protecci\u00f3n contra cortocircuitos para equipos de energ\u00eda y, durante las revisiones del sistema, functionalcomponent y enclavamiento.<\/p>\n<h2 class=\"\\&quot;wp-block-heading\\&quot;\">Normas de productos<\/h2>\n<p>La carretilla auxiliar ZN85 se fabrica de acuerdo con la norma y el c\u00f3digo siguientes.<\/p>\n<p>GB\/T 11022-2011 Especificaciones comunes para las normas de aparamenta de alta tensi\u00f3n<\/p>\n<p>\u25cf IEC 62271-2007 Aparamenta de alta tensi\u00f3n - Parte 1:Especificaciones comunes.<\/p>\n<h2 class=\"\\&quot;wp-block-heading\\&quot;\">Condiciones de funcionamiento<\/h2>\n<p>Condiciones normales de funcionamiento<\/p>\n<p>\u25cf Temperatura ambiente:-40\u2103~+40\u2103(por debajo de 35\u2103 en 24 horas).<\/p>\n<p>\u25cf Humedad relativa:\u226495%(media diaria)o \u226490%(media mensual).<\/p>\n<p>\u25cf Altitud:\u22641000m<\/p>\n<h2 class=\"\\&quot;wp-block-heading\\&quot;\">Par\u00e1metros t\u00e9cnicos<\/h2>\n<p>1.1 Par\u00e1metros t\u00e9cnicos<\/p>\n<figure class=\"\\&quot;wp-block-table\\&quot;\">\n<div class=\"\\&quot;scroll\\&quot;\">\n<table>\n<tbody>\n<tr>\n<td>\u00a0\u00a0 Art\u00edculo<\/td>\n<td>Unidad<\/td>\n<td>Valor de referencia<\/td>\n<\/tr>\n<tr>\n<td>\u00a0\u00a0 Tensi\u00f3n nominal<\/td>\n<td>kV<\/td>\n<td>40.5<\/td>\n<\/tr>\n<tr>\n<td>Tensi\u00f3n soportada al impulso del rayo<\/td>\n<td>kV<\/td>\n<td>185<\/td>\n<\/tr>\n<tr>\n<td>\u00a0\u00a0 Nivel de aislamiento nominal Tensi\u00f3n soportada a 1 min de potencia-frecuencia<\/td>\n<td>kV<\/td>\n<td>95<\/td>\n<\/tr>\n<tr>\n<td>\u00a0\u00a0 Frecuencia nominal<\/td>\n<td>Hz<\/td>\n<td>50\/60<\/td>\n<\/tr>\n<\/tbody>\n<\/table>\n<\/div>\n<\/figure>\n<p>1.2 Dibujo de la conexi\u00f3n entre el contacto m\u00f3vil y el contacto fijo<\/p>\n<figure class=\"\\&quot;wp-block-image\"><img fetchpriority=\"high\" decoding=\"async\" class=\"alignnone wp-image-789 size-full\" src=\"https:\/\/www.tronkiele.com\/wp-content\/uploads\/2020\/04\/High-Voltage-Vcb-01.webp\" alt=\"Alta tensi\u00f3n-Vcb\" width=\"845\" height=\"146\" srcset=\"https:\/\/www.tronkiele.com\/wp-content\/uploads\/2020\/04\/High-Voltage-Vcb-01.webp 845w, https:\/\/www.tronkiele.com\/wp-content\/uploads\/2020\/04\/High-Voltage-Vcb-01-150x26.webp 150w, https:\/\/www.tronkiele.com\/wp-content\/uploads\/2020\/04\/High-Voltage-Vcb-01-600x104.webp 600w, https:\/\/www.tronkiele.com\/wp-content\/uploads\/2020\/04\/High-Voltage-Vcb-01-300x52.webp 300w, https:\/\/www.tronkiele.com\/wp-content\/uploads\/2020\/04\/High-Voltage-Vcb-01-768x133.webp 768w, https:\/\/www.tronkiele.com\/wp-content\/uploads\/2020\/04\/High-Voltage-Vcb-01-18x3.webp 18w\" sizes=\"(max-width: 845px) 100vw, 845px\" \/><\/figure>\n<p>Dimensiones generales y de instalaci\u00f3n<\/p>\n<p>Dimensiones generales del carro manual de aislamiento ZN85-40.5 (anchura del armario: 1400 mm)<\/p>\n<figure class=\"\\&quot;wp-block-image\"><img decoding=\"async\" class=\"alignnone wp-image-2233 size-full\" src=\"https:\/\/www.tronkiele.com\/wp-content\/uploads\/2020\/04\/High-Voltage-Vcb-02-1.webp\" alt=\"Alta tensi\u00f3n-Vcb\" width=\"845\" height=\"376\" srcset=\"https:\/\/www.tronkiele.com\/wp-content\/uploads\/2020\/04\/High-Voltage-Vcb-02-1.webp 845w, https:\/\/www.tronkiele.com\/wp-content\/uploads\/2020\/04\/High-Voltage-Vcb-02-1-150x67.webp 150w, https:\/\/www.tronkiele.com\/wp-content\/uploads\/2020\/04\/High-Voltage-Vcb-02-1-600x267.webp 600w, https:\/\/www.tronkiele.com\/wp-content\/uploads\/2020\/04\/High-Voltage-Vcb-02-1-300x133.webp 300w, https:\/\/www.tronkiele.com\/wp-content\/uploads\/2020\/04\/High-Voltage-Vcb-02-1-768x342.webp 768w, https:\/\/www.tronkiele.com\/wp-content\/uploads\/2020\/04\/High-Voltage-Vcb-02-1-18x8.webp 18w\" sizes=\"(max-width: 845px) 100vw, 845px\" \/><\/figure>\n<figure class=\"\\&quot;wp-block-table\\&quot;\">\n<div class=\"\\&quot;scroll\\&quot;\">\n<table>\n<tbody>\n<tr>\n<td>\u00a0\u00a0 Corriente nominal (A)<\/td>\n<td>630<\/td>\n<td>1250<\/td>\n<\/tr>\n<tr>\n<td>\u00a0\u00a0 Tama\u00f1o del contacto fijo D(mm)<\/td>\n<td>\u03c635<\/td>\n<td>medio 49<\/td>\n<\/tr>\n<tr>\n<td>\u00a0\u00a0 nterfase (mm)<\/td>\n<td colspan=\"\\&quot;2\\&quot;\">300<\/td>\n<\/tr>\n<tr>\n<td>\u00a0\u00a0 Recorrido de la carretilla(mm)<\/td>\n<td colspan=\"\\&quot;2\\&quot;\">610\u00b12<\/td>\n<\/tr>\n<\/tbody>\n<\/table>\n<\/div>\n<\/figure>\n<figure class=\"\\&quot;wp-block-image\"><a href=\"https:\/\/tronkiele.com\/wp-content\/uploads\/2020\/04\/High-Voltage-Vcb-03.webp\"><img decoding=\"async\" class=\"alignnone wp-image-788 size-full\" src=\"https:\/\/www.tronkiele.com\/wp-content\/uploads\/2020\/04\/High-Voltage-Vcb-03.webp\" alt=\"Alta tensi\u00f3n-Vcb\" width=\"845\" height=\"342\" srcset=\"https:\/\/www.tronkiele.com\/wp-content\/uploads\/2020\/04\/High-Voltage-Vcb-03.webp 845w, https:\/\/www.tronkiele.com\/wp-content\/uploads\/2020\/04\/High-Voltage-Vcb-03-150x61.webp 150w, https:\/\/www.tronkiele.com\/wp-content\/uploads\/2020\/04\/High-Voltage-Vcb-03-600x243.webp 600w, https:\/\/www.tronkiele.com\/wp-content\/uploads\/2020\/04\/High-Voltage-Vcb-03-300x121.webp 300w, https:\/\/www.tronkiele.com\/wp-content\/uploads\/2020\/04\/High-Voltage-Vcb-03-768x311.webp 768w, https:\/\/www.tronkiele.com\/wp-content\/uploads\/2020\/04\/High-Voltage-Vcb-03-18x7.webp 18w\" sizes=\"(max-width: 845px) 100vw, 845px\" \/><\/a><\/figure>\n<figure class=\"\\&quot;wp-block-table\\&quot;\">\n<div class=\"\\&quot;scroll\\&quot;\">\n<table>\n<tbody>\n<tr>\n<td>59<\/td>\n<td>Para el interruptor auxiliar en posici\u00f3n de funcionamiento<\/td>\n<\/tr>\n<tr>\n<td>58<\/td>\n<td>o el interruptor auxiliar en posici\u00f3n de funcionamiento<\/td>\n<\/tr>\n<tr>\n<td>Y1<\/td>\n<td>Electroim\u00e1n de bloqueo (pieza opcional)<\/td>\n<\/tr>\n<\/tbody>\n<\/table>\n<\/div>\n<\/figure>","protected":false},"excerpt":{"rendered":"<p>ZN85-40.5 Interruptor autom\u00e1tico auxiliar de alto voltaje AC para interior es adecuado para AC 50Hz. 35kV sistema de energ\u00eda, utilizado como un dispositivo de protecci\u00f3n y control en centrales el\u00e9ctricas, subestaciones, etc.,<\/p>","protected":false},"featured_media":2228,"template":"","meta":[],"product_brand":[],"product_cat":[17],"product_tag":[],"class_list":{"0":"post-95","1":"product","2":"type-product","3":"status-publish","4":"has-post-thumbnail","6":"product_cat-vacuum-circuit-breaker","8":"first","9":"instock","10":"taxable","11":"shipping-taxable","12":"product-type-simple"},"yoast_head":"<!-- This site is optimized with the Yoast SEO plugin v25.0 - https:\/\/yoast.com\/wordpress\/plugins\/seo\/ -->\n<title>ZN85-40.5 Indoor Auxiliary Handcart Switchgear Breaker - PINE-ZHENGXI<\/title>\n<meta name=\"description\" content=\"ZN85-40.5 Indoor Auxiliary Handcart switchgear breaker offered by China manufacturer JYIELE Electric Manufacture. Buy directly with low price and high quality.our circuit breaker ensures efficient power distribution and maximum safety.\" \/>\n<meta name=\"robots\" content=\"index, follow, max-snippet:-1, max-image-preview:large, max-video-preview:-1\" \/>\n<link rel=\"canonical\" href=\"https:\/\/www.tronkiele.com\/es\/product\/indoor-auxiliary-handcart-switchgear-breaker\/\" \/>\n<meta property=\"og:locale\" content=\"es_ES\" \/>\n<meta property=\"og:type\" content=\"article\" \/>\n<meta property=\"og:title\" content=\"ZN85-40.5 Indoor Auxiliary Handcart Switchgear Breaker - PINE-ZHENGXI\" \/>\n<meta property=\"og:description\" content=\"ZN85-40.5 Indoor Auxiliary Handcart switchgear breaker offered by China manufacturer JYIELE Electric Manufacture. Buy directly with low price and high quality.our circuit breaker ensures efficient power distribution and maximum safety.\" \/>\n<meta property=\"og:url\" content=\"https:\/\/www.tronkiele.com\/es\/product\/indoor-auxiliary-handcart-switchgear-breaker\/\" \/>\n<meta property=\"og:site_name\" content=\"PINE-ZHENGXI\" \/>\n<meta property=\"article:modified_time\" content=\"2025-01-25T08:28:30+00:00\" \/>\n<meta property=\"og:image\" content=\"https:\/\/www.tronkiele.com\/wp-content\/uploads\/2020\/04\/Indoor-Auxiliary-Handcart-Switchgear-Breaker-2.webp\" \/>\n\t<meta property=\"og:image:width\" content=\"600\" \/>\n\t<meta property=\"og:image:height\" content=\"600\" \/>\n\t<meta property=\"og:image:type\" content=\"image\/webp\" \/>\n<meta name=\"twitter:card\" content=\"summary_large_image\" \/>\n<meta name=\"twitter:label1\" content=\"Tiempo de lectura\" \/>\n\t<meta name=\"twitter:data1\" content=\"2 minutos\" \/>\n<script type=\"application\/ld+json\" class=\"yoast-schema-graph\">{\"@context\":\"https:\/\/schema.org\",\"@graph\":[{\"@type\":\"WebPage\",\"@id\":\"https:\/\/www.tronkiele.com\/product\/indoor-auxiliary-handcart-switchgear-breaker\/\",\"url\":\"https:\/\/www.tronkiele.com\/product\/indoor-auxiliary-handcart-switchgear-breaker\/\",\"name\":\"ZN85-40.5 Indoor Auxiliary Handcart Switchgear Breaker - PINE-ZHENGXI\",\"isPartOf\":{\"@id\":\"https:\/\/www.tronkiele.com\/#website\"},\"primaryImageOfPage\":{\"@id\":\"https:\/\/www.tronkiele.com\/product\/indoor-auxiliary-handcart-switchgear-breaker\/#primaryimage\"},\"image\":{\"@id\":\"https:\/\/www.tronkiele.com\/product\/indoor-auxiliary-handcart-switchgear-breaker\/#primaryimage\"},\"thumbnailUrl\":\"https:\/\/www.tronkiele.com\/wp-content\/uploads\/2020\/04\/Indoor-Auxiliary-Handcart-Switchgear-Breaker-2.webp\",\"datePublished\":\"2024-09-08T17:17:26+00:00\",\"dateModified\":\"2025-01-25T08:28:30+00:00\",\"description\":\"ZN85-40.5 Indoor Auxiliary Handcart switchgear breaker offered by China manufacturer JYIELE Electric Manufacture. Buy directly with low price and high quality.our circuit breaker ensures efficient power distribution and maximum safety.\",\"breadcrumb\":{\"@id\":\"https:\/\/www.tronkiele.com\/product\/indoor-auxiliary-handcart-switchgear-breaker\/#breadcrumb\"},\"inLanguage\":\"es\",\"potentialAction\":[{\"@type\":\"ReadAction\",\"target\":[\"https:\/\/www.tronkiele.com\/product\/indoor-auxiliary-handcart-switchgear-breaker\/\"]}]},{\"@type\":\"ImageObject\",\"inLanguage\":\"es\",\"@id\":\"https:\/\/www.tronkiele.com\/product\/indoor-auxiliary-handcart-switchgear-breaker\/#primaryimage\",\"url\":\"https:\/\/www.tronkiele.com\/wp-content\/uploads\/2020\/04\/Indoor-Auxiliary-Handcart-Switchgear-Breaker-2.webp\",\"contentUrl\":\"https:\/\/www.tronkiele.com\/wp-content\/uploads\/2020\/04\/Indoor-Auxiliary-Handcart-Switchgear-Breaker-2.webp\",\"width\":600,\"height\":600,\"caption\":\"Indoor Auxiliary Handcart Switchgear Breaker\"},{\"@type\":\"BreadcrumbList\",\"@id\":\"https:\/\/www.tronkiele.com\/product\/indoor-auxiliary-handcart-switchgear-breaker\/#breadcrumb\",\"itemListElement\":[{\"@type\":\"ListItem\",\"position\":1,\"name\":\"Home\",\"item\":\"https:\/\/www.tronkiele.com\/\"},{\"@type\":\"ListItem\",\"position\":2,\"name\":\"Products\",\"item\":\"https:\/\/www.tronkiele.com\/shop\/\"},{\"@type\":\"ListItem\",\"position\":3,\"name\":\"ZN85-40.5 Indoor Auxiliary Handcart Switchgear Breaker\"}]},{\"@type\":\"WebSite\",\"@id\":\"https:\/\/www.tronkiele.com\/#website\",\"url\":\"https:\/\/www.tronkiele.com\/\",\"name\":\"PINE-ZHENGXI\",\"description\":\"\",\"publisher\":{\"@id\":\"https:\/\/www.tronkiele.com\/#organization\"},\"potentialAction\":[{\"@type\":\"SearchAction\",\"target\":{\"@type\":\"EntryPoint\",\"urlTemplate\":\"https:\/\/www.tronkiele.com\/?s={search_term_string}\"},\"query-input\":{\"@type\":\"PropertyValueSpecification\",\"valueRequired\":true,\"valueName\":\"search_term_string\"}}],\"inLanguage\":\"es\"},{\"@type\":\"Organization\",\"@id\":\"https:\/\/www.tronkiele.com\/#organization\",\"name\":\"PINE-ZHENGXI\",\"url\":\"https:\/\/www.tronkiele.com\/\",\"logo\":{\"@type\":\"ImageObject\",\"inLanguage\":\"es\",\"@id\":\"https:\/\/www.tronkiele.com\/#\/schema\/logo\/image\/\",\"url\":\"https:\/\/www.tronkiele.com\/wp-content\/uploads\/2024\/11\/cropped-tronki.webp\",\"contentUrl\":\"https:\/\/www.tronkiele.com\/wp-content\/uploads\/2024\/11\/cropped-tronki.webp\",\"width\":512,\"height\":512,\"caption\":\"PINE-ZHENGXI\"},\"image\":{\"@id\":\"https:\/\/www.tronkiele.com\/#\/schema\/logo\/image\/\"}}]}<\/script>\n<!-- \/ Yoast SEO plugin. -->","yoast_head_json":{"title":"ZN85-40.5 Interruptor autom\u00e1tico auxiliar de carretilla para interiores - PINE-ZHENGXI","description":"ZN85-40.5 Interruptor autom\u00e1tico manual auxiliar de interior ofrecido por el fabricante chino JYIELE Electric Manufacture. Comprar directamente con precio bajo y alta calidad.nuestro disyuntor asegura una distribuci\u00f3n eficiente de la energ\u00eda y la m\u00e1xima seguridad.","robots":{"index":"index","follow":"follow","max-snippet":"max-snippet:-1","max-image-preview":"max-image-preview:large","max-video-preview":"max-video-preview:-1"},"canonical":"https:\/\/www.tronkiele.com\/es\/product\/indoor-auxiliary-handcart-switchgear-breaker\/","og_locale":"es_ES","og_type":"article","og_title":"ZN85-40.5 Indoor Auxiliary Handcart Switchgear Breaker - PINE-ZHENGXI","og_description":"ZN85-40.5 Indoor Auxiliary Handcart switchgear breaker offered by China manufacturer JYIELE Electric Manufacture. Buy directly with low price and high quality.our circuit breaker ensures efficient power distribution and maximum safety.","og_url":"https:\/\/www.tronkiele.com\/es\/product\/indoor-auxiliary-handcart-switchgear-breaker\/","og_site_name":"PINE-ZHENGXI","article_modified_time":"2025-01-25T08:28:30+00:00","og_image":[{"width":600,"height":600,"url":"https:\/\/www.tronkiele.com\/wp-content\/uploads\/2020\/04\/Indoor-Auxiliary-Handcart-Switchgear-Breaker-2.webp","type":"image\/webp"}],"twitter_card":"summary_large_image","twitter_misc":{"Tiempo de lectura":"2 minutos"},"schema":{"@context":"https:\/\/schema.org","@graph":[{"@type":"WebPage","@id":"https:\/\/www.tronkiele.com\/product\/indoor-auxiliary-handcart-switchgear-breaker\/","url":"https:\/\/www.tronkiele.com\/product\/indoor-auxiliary-handcart-switchgear-breaker\/","name":"ZN85-40.5 Interruptor autom\u00e1tico auxiliar de carretilla para interiores - PINE-ZHENGXI","isPartOf":{"@id":"https:\/\/www.tronkiele.com\/#website"},"primaryImageOfPage":{"@id":"https:\/\/www.tronkiele.com\/product\/indoor-auxiliary-handcart-switchgear-breaker\/#primaryimage"},"image":{"@id":"https:\/\/www.tronkiele.com\/product\/indoor-auxiliary-handcart-switchgear-breaker\/#primaryimage"},"thumbnailUrl":"https:\/\/www.tronkiele.com\/wp-content\/uploads\/2020\/04\/Indoor-Auxiliary-Handcart-Switchgear-Breaker-2.webp","datePublished":"2024-09-08T17:17:26+00:00","dateModified":"2025-01-25T08:28:30+00:00","description":"ZN85-40.5 Interruptor autom\u00e1tico manual auxiliar de interior ofrecido por el fabricante chino JYIELE Electric Manufacture. Comprar directamente con precio bajo y alta calidad.nuestro disyuntor asegura una distribuci\u00f3n eficiente de la energ\u00eda y la m\u00e1xima seguridad.","breadcrumb":{"@id":"https:\/\/www.tronkiele.com\/product\/indoor-auxiliary-handcart-switchgear-breaker\/#breadcrumb"},"inLanguage":"es","potentialAction":[{"@type":"ReadAction","target":["https:\/\/www.tronkiele.com\/product\/indoor-auxiliary-handcart-switchgear-breaker\/"]}]},{"@type":"ImageObject","inLanguage":"es","@id":"https:\/\/www.tronkiele.com\/product\/indoor-auxiliary-handcart-switchgear-breaker\/#primaryimage","url":"https:\/\/www.tronkiele.com\/wp-content\/uploads\/2020\/04\/Indoor-Auxiliary-Handcart-Switchgear-Breaker-2.webp","contentUrl":"https:\/\/www.tronkiele.com\/wp-content\/uploads\/2020\/04\/Indoor-Auxiliary-Handcart-Switchgear-Breaker-2.webp","width":600,"height":600,"caption":"Indoor Auxiliary Handcart Switchgear Breaker"},{"@type":"BreadcrumbList","@id":"https:\/\/www.tronkiele.com\/product\/indoor-auxiliary-handcart-switchgear-breaker\/#breadcrumb","itemListElement":[{"@type":"ListItem","position":1,"name":"Home","item":"https:\/\/www.tronkiele.com\/"},{"@type":"ListItem","position":2,"name":"Products","item":"https:\/\/www.tronkiele.com\/shop\/"},{"@type":"ListItem","position":3,"name":"ZN85-40.5 Indoor Auxiliary Handcart Switchgear Breaker"}]},{"@type":"WebSite","@id":"https:\/\/www.tronkiele.com\/#website","url":"https:\/\/www.tronkiele.com\/","name":"PINO-ZHENGXI","description":"","publisher":{"@id":"https:\/\/www.tronkiele.com\/#organization"},"potentialAction":[{"@type":"SearchAction","target":{"@type":"EntryPoint","urlTemplate":"https:\/\/www.tronkiele.com\/?s={search_term_string}"},"query-input":{"@type":"PropertyValueSpecification","valueRequired":true,"valueName":"search_term_string"}}],"inLanguage":"es"},{"@type":"Organization","@id":"https:\/\/www.tronkiele.com\/#organization","name":"PINO-ZHENGXI","url":"https:\/\/www.tronkiele.com\/","logo":{"@type":"ImageObject","inLanguage":"es","@id":"https:\/\/www.tronkiele.com\/#\/schema\/logo\/image\/","url":"https:\/\/www.tronkiele.com\/wp-content\/uploads\/2024\/11\/cropped-tronki.webp","contentUrl":"https:\/\/www.tronkiele.com\/wp-content\/uploads\/2024\/11\/cropped-tronki.webp","width":512,"height":512,"caption":"PINE-ZHENGXI"},"image":{"@id":"https:\/\/www.tronkiele.com\/#\/schema\/logo\/image\/"}}]}},"_links":{"self":[{"href":"https:\/\/www.tronkiele.com\/es\/wp-json\/wp\/v2\/product\/95","targetHints":{"allow":["GET"]}}],"collection":[{"href":"https:\/\/www.tronkiele.com\/es\/wp-json\/wp\/v2\/product"}],"about":[{"href":"https:\/\/www.tronkiele.com\/es\/wp-json\/wp\/v2\/types\/product"}],"version-history":[{"count":1,"href":"https:\/\/www.tronkiele.com\/es\/wp-json\/wp\/v2\/product\/95\/revisions"}],"predecessor-version":[{"id":21422,"href":"https:\/\/www.tronkiele.com\/es\/wp-json\/wp\/v2\/product\/95\/revisions\/21422"}],"wp:featuredmedia":[{"embeddable":true,"href":"https:\/\/www.tronkiele.com\/es\/wp-json\/wp\/v2\/media\/2228"}],"wp:attachment":[{"href":"https:\/\/www.tronkiele.com\/es\/wp-json\/wp\/v2\/media?parent=95"}],"wp:term":[{"taxonomy":"product_brand","embeddable":true,"href":"https:\/\/www.tronkiele.com\/es\/wp-json\/wp\/v2\/product_brand?post=95"},{"taxonomy":"product_cat","embeddable":true,"href":"https:\/\/www.tronkiele.com\/es\/wp-json\/wp\/v2\/product_cat?post=95"},{"taxonomy":"product_tag","embeddable":true,"href":"https:\/\/www.tronkiele.com\/es\/wp-json\/wp\/v2\/product_tag?post=95"}],"curies":[{"name":"wp","href":"https:\/\/api.w.org\/{rel}","templated":true}]}}