{"id":45,"date":"2021-08-26T12:21:44","date_gmt":"2021-08-26T12:21:44","guid":{"rendered":"http:\/\/dummy.xtemos.com\/woodmart2\/elementor\/?page_id=45"},"modified":"2025-10-16T03:02:03","modified_gmt":"2025-10-16T03:02:03","slug":"certificate","status":"publish","type":"page","link":"https:\/\/www.tronkiele.com\/fr\/certificate\/","title":{"rendered":"Certificat"},"content":{"rendered":"<div data-elementor-type=\"wp-page\" data-elementor-id=\"45\" class=\"elementor elementor-45\" data-elementor-post-type=\"page\">\n\t\t\t\t<div class=\"wd-negative-gap elementor-element elementor-element-62b878c0 e-flex e-con-boxed e-con e-parent\" data-id=\"62b878c0\" data-element_type=\"container\">\n\t\t\t\t\t<div class=\"e-con-inner\">\n\t\t\t\t<div class=\"elementor-element elementor-element-b0ff457 wd-width-100 elementor-widget elementor-widget-wd_title\" data-id=\"b0ff457\" data-element_type=\"widget\" data-widget_type=\"wd_title.default\">\n\t\t\t\t<div class=\"elementor-widget-container\">\n\t\t\t\t\t\t\t<div class=\"title-wrapper set-mb-s reset-last-child wd-title-color-default wd-title-style-default wd-title-size-default text-left\">\n\n\t\t\t\n\t\t\t<div class=\"liner-continer\">\n\t\t\t\t<h4 class=\"woodmart-title-container title wd-fontsize-l\">Entreprise \u00e9lectrique qualifi\u00e9e et certifi\u00e9e - ZHENGXI<\/h4> \n\t\t\t\t\t\t\t<\/div>\n\n\t\t\t\t\t\t\t<div class=\"title-after_title set-cont-mb-s reset-last-child wd-fontsize-xs\">\n\t\t\t\t\t<p>ZHENGXI travaille en partenariat avec plusieurs organismes de certification internationaux r\u00e9put\u00e9s, notamment CE et RoHS, et effectue les tests product dans des laboratoires accr\u00e9dit\u00e9s par la CNAS. Nous pouvons fournir efficacement des certificats et des rapports de test conformes aux normes telles que ISO9001, IEC, CE, RoHS et FCC. En outre, nous pouvons \u00e9galement r\u00e9pondre \u00e0 des exigences de certification sp\u00e9cifiques en fonction des besoins des clients.<\/p>\t\t\t\t<\/div>\n\t\t\t\t\t<\/div>\n\t\t\t\t\t\t<\/div>\n\t\t\t\t<\/div>\n\t\t\t\t<div class=\"elementor-element elementor-element-cbee8a3 wd-width-100 elementor-widget elementor-widget-wd_images_gallery\" data-id=\"cbee8a3\" data-element_type=\"widget\" data-widget_type=\"wd_images_gallery.default\">\n\t\t\t\t<div class=\"elementor-widget-container\">\n\t\t\t\t\t\t\t<div class=\"wd-images-gallery photoswipe-images\" style=\"--wd-align-items:center; --wd-justify-content:center;\">\n\t\t\t\t\t\t<div class=\"wd-grid-g\" style=\"--wd-col-lg:5;--wd-col-md:4;--wd-col-sm:2;--wd-gap-lg:10px;\" >\n\t\t\t\t\t\t\t\t\t\t\t\t\t\t\t\t\t\t<div class=\"wd-gallery-item wd-col\">\n\t\t\t\t\t\t\t\t\t\t\t\t\t<a  href=\"https:\/\/www.tronkiele.com\/wp-content\/uploads\/2025\/10\/TKR-TKB-AVR-CE.webp\"data-width=\"724\" data-height=\"1024\" data-index=\"1\" data-elementor-open-lightbox=\"no\">\n\t\t\t\t\t\t\n\t\t\t\t\t\t<img decoding=\"async\" src=\"https:\/\/www.tronkiele.com\/wp-content\/uploads\/2025\/10\/TKR-TKB-AVR-CE-566x800.webp\"alt=\"TKR TKB AVR CE\">\n\t\t\t\t\t\t\t\t\t\t\t\t\t<\/a>\n\t\t\t\t\t\t\t\t\t\t\t<\/div>\n\t\t\t\t\t\t\t\t\t\t\t\t\t\t\t<div class=\"wd-gallery-item wd-col\">\n\t\t\t\t\t\t\t\t\t\t\t\t\t<a  href=\"https:\/\/www.tronkiele.com\/wp-content\/uploads\/2025\/10\/TNS6-CE.webp\"data-width=\"724\" data-height=\"1024\" data-index=\"2\" data-elementor-open-lightbox=\"no\">\n\t\t\t\t\t\t\n\t\t\t\t\t\t<img decoding=\"async\" src=\"https:\/\/www.tronkiele.com\/wp-content\/uploads\/2025\/10\/TNS6-CE-566x800.webp\"alt=\"Stabilisateur de tension TNS6 CE\">\n\t\t\t\t\t\t\t\t\t\t\t\t\t<\/a>\n\t\t\t\t\t\t\t\t\t\t\t<\/div>\n\t\t\t\t\t\t\t\t\t\t\t\t\t\t\t<div class=\"wd-gallery-item wd-col\">\n\t\t\t\t\t\t\t\t\t\t\t\t\t<a  href=\"https:\/\/www.tronkiele.com\/wp-content\/uploads\/2025\/10\/Voltage-Regulator-CE.webp\"data-width=\"724\" data-height=\"1024\" data-index=\"3\" data-elementor-open-lightbox=\"no\">\n\t\t\t\t\t\t\n\t\t\t\t\t\t<img decoding=\"async\" src=\"https:\/\/www.tronkiele.com\/wp-content\/uploads\/2025\/10\/Voltage-Regulator-CE-566x800.webp\"alt=\"R\u00e9gulateur de tension CE\">\n\t\t\t\t\t\t\t\t\t\t\t\t\t<\/a>\n\t\t\t\t\t\t\t\t\t\t\t<\/div>\n\t\t\t\t\t\t\t\t\t\t\t\t\t\t\t<div class=\"wd-gallery-item wd-col\">\n\t\t\t\t\t\t\t\t\t\t\t\t\t<a  href=\"https:\/\/www.tronkiele.com\/wp-content\/uploads\/2025\/10\/zhengxi-ISO9001.webp\"data-width=\"724\" data-height=\"1024\" data-index=\"4\" data-elementor-open-lightbox=\"no\">\n\t\t\t\t\t\t\n\t\t\t\t\t\t<img decoding=\"async\" src=\"https:\/\/www.tronkiele.com\/wp-content\/uploads\/2025\/10\/zhengxi-ISO9001-566x800.webp\"alt=\"ISO9001\">\n\t\t\t\t\t\t\t\t\t\t\t\t\t<\/a>\n\t\t\t\t\t\t\t\t\t\t\t<\/div>\n\t\t\t\t\t\t\t\t\t\t\t\t\t\t\t<div class=\"wd-gallery-item wd-col\">\n\t\t\t\t\t\t\t\t\t\t\t\t\t<a  href=\"https:\/\/www.tronkiele.com\/wp-content\/uploads\/2025\/10\/BK-JBK3-JBK5-JMB-Stabilizer-CE.webp\"data-width=\"724\" data-height=\"1024\" data-index=\"5\" data-elementor-open-lightbox=\"no\">\n\t\t\t\t\t\t\n\t\t\t\t\t\t<img decoding=\"async\" src=\"https:\/\/www.tronkiele.com\/wp-content\/uploads\/2025\/10\/BK-JBK3-JBK5-JMB-Stabilizer-CE-566x800.webp\"alt=\"BK JBK3 JBK5 JMB Stabilisateur CE\">\n\t\t\t\t\t\t\t\t\t\t\t\t\t<\/a>\n\t\t\t\t\t\t\t\t\t\t\t<\/div>\n\t\t\t\t\t\t\t\t\t\t\t\t\t\t\t<div class=\"wd-gallery-item wd-col\">\n\t\t\t\t\t\t\t\t\t\t\t\t\t<a  href=\"https:\/\/www.tronkiele.com\/wp-content\/uploads\/2025\/10\/Contract-and-trustworthy-certificate.webp\"data-width=\"500\" data-height=\"707\" data-index=\"6\" data-elementor-open-lightbox=\"no\">\n\t\t\t\t\t\t\n\t\t\t\t\t\t<img decoding=\"async\" src=\"https:\/\/www.tronkiele.com\/wp-content\/uploads\/2025\/10\/Contract-and-trustworthy-certificate.webp\"alt=\"Contrat et certificat de confiance\">\n\t\t\t\t\t\t\t\t\t\t\t\t\t<\/a>\n\t\t\t\t\t\t\t\t\t\t\t<\/div>\n\t\t\t\t\t\t\t\t\t\t\t\t\t\t\t<div class=\"wd-gallery-item wd-col\">\n\t\t\t\t\t\t\t\t\t\t\t\t\t<a  href=\"https:\/\/www.tronkiele.com\/wp-content\/uploads\/2025\/10\/credit-rating-certificate.webp\"data-width=\"500\" data-height=\"707\" data-index=\"7\" data-elementor-open-lightbox=\"no\">\n\t\t\t\t\t\t\n\t\t\t\t\t\t<img decoding=\"async\" src=\"https:\/\/www.tronkiele.com\/wp-content\/uploads\/2025\/10\/credit-rating-certificate.webp\"alt=\"certificat de solvabilit\u00e9\">\n\t\t\t\t\t\t\t\t\t\t\t\t\t<\/a>\n\t\t\t\t\t\t\t\t\t\t\t<\/div>\n\t\t\t\t\t\t\t\t\t\t\t\t\t\t\t<div class=\"wd-gallery-item wd-col\">\n\t\t\t\t\t\t\t\t\t\t\t\t\t<a  href=\"https:\/\/www.tronkiele.com\/wp-content\/uploads\/2025\/10\/DZW-CE.webp\"data-width=\"724\" data-height=\"1024\" data-index=\"8\" data-elementor-open-lightbox=\"no\">\n\t\t\t\t\t\t\n\t\t\t\t\t\t<img decoding=\"async\" src=\"https:\/\/www.tronkiele.com\/wp-content\/uploads\/2025\/10\/DZW-CE-566x800.webp\"alt=\"DZW Transformateur monophas\u00e9-triphas\u00e9 CE\">\n\t\t\t\t\t\t\t\t\t\t\t\t\t<\/a>\n\t\t\t\t\t\t\t\t\t\t\t<\/div>\n\t\t\t\t\t\t\t\t\t\t\t\t\t\t\t<div class=\"wd-gallery-item wd-col\">\n\t\t\t\t\t\t\t\t\t\t\t\t\t<a  href=\"https:\/\/www.tronkiele.com\/wp-content\/uploads\/2025\/10\/Frequency-Converters-ce.webp\"data-width=\"724\" data-height=\"1024\" data-index=\"9\" data-elementor-open-lightbox=\"no\">\n\t\t\t\t\t\t\n\t\t\t\t\t\t<img decoding=\"async\" src=\"https:\/\/www.tronkiele.com\/wp-content\/uploads\/2025\/10\/Frequency-Converters-ce-566x800.webp\"alt=\"Convertisseurs de fr\u00e9quence CE\">\n\t\t\t\t\t\t\t\t\t\t\t\t\t<\/a>\n\t\t\t\t\t\t\t\t\t\t\t<\/div>\n\t\t\t\t\t\t\t\t\t\t\t\t\t\t\t<div class=\"wd-gallery-item wd-col\">\n\t\t\t\t\t\t\t\t\t\t\t\t\t<a  href=\"https:\/\/www.tronkiele.com\/wp-content\/uploads\/2025\/10\/GBK-AFT-Electric-Transformer-CE.webp\"data-width=\"724\" data-height=\"1024\" data-index=\"10\" data-elementor-open-lightbox=\"no\">\n\t\t\t\t\t\t\n\t\t\t\t\t\t<img decoding=\"async\" src=\"https:\/\/www.tronkiele.com\/wp-content\/uploads\/2025\/10\/GBK-AFT-Electric-Transformer-CE-566x800.webp\"alt=\"GBK AFT Transformateur \u00e9lectrique CE\">\n\t\t\t\t\t\t\t\t\t\t\t\t\t<\/a>\n\t\t\t\t\t\t\t\t\t\t\t<\/div>\n\t\t\t\t\t\t\t\t\t\t\t\t\t\t\t<div class=\"wd-gallery-item wd-col\">\n\t\t\t\t\t\t\t\t\t\t\t\t\t<a  href=\"https:\/\/www.tronkiele.com\/wp-content\/uploads\/2025\/10\/Honour-of-Integrity-Entrepreneur.webp\"data-width=\"500\" data-height=\"707\" data-index=\"11\" data-elementor-open-lightbox=\"no\">\n\t\t\t\t\t\t\n\t\t\t\t\t\t<img decoding=\"async\" src=\"https:\/\/www.tronkiele.com\/wp-content\/uploads\/2025\/10\/Honour-of-Integrity-Entrepreneur.webp\"alt=\"Honneur \u00e0 l&#039;int\u00e9grit\u00e9 Entrepreneur\">\n\t\t\t\t\t\t\t\t\t\t\t\t\t<\/a>\n\t\t\t\t\t\t\t\t\t\t\t<\/div>\n\t\t\t\t\t\t\t\t\t\t\t\t\t\t\t<div class=\"wd-gallery-item wd-col\">\n\t\t\t\t\t\t\t\t\t\t\t\t\t<a  href=\"https:\/\/www.tronkiele.com\/wp-content\/uploads\/2025\/10\/Integrity-Manager.webp\"data-width=\"500\" data-height=\"707\" data-index=\"12\" data-elementor-open-lightbox=\"no\">\n\t\t\t\t\t\t\n\t\t\t\t\t\t<img decoding=\"async\" src=\"https:\/\/www.tronkiele.com\/wp-content\/uploads\/2025\/10\/Integrity-Manager.webp\"alt=\"Responsable de l&#039;int\u00e9grit\u00e9\">\n\t\t\t\t\t\t\t\t\t\t\t\t\t<\/a>\n\t\t\t\t\t\t\t\t\t\t\t<\/div>\n\t\t\t\t\t\t\t\t\t\t\t\t\t\t\t<div class=\"wd-gallery-item wd-col\">\n\t\t\t\t\t\t\t\t\t\t\t\t\t<a  href=\"https:\/\/www.tronkiele.com\/wp-content\/uploads\/2025\/10\/JJW3-JSW-Ac-Stabilizer-CE.webp\"data-width=\"724\" data-height=\"1024\" data-index=\"13\" data-elementor-open-lightbox=\"no\">\n\t\t\t\t\t\t\n\t\t\t\t\t\t<img decoding=\"async\" src=\"https:\/\/www.tronkiele.com\/wp-content\/uploads\/2025\/10\/JJW3-JSW-Ac-Stabilizer-CE-566x800.webp\"alt=\"JJW3 JSW Stabilisateur Ac CE\">\n\t\t\t\t\t\t\t\t\t\t\t\t\t<\/a>\n\t\t\t\t\t\t\t\t\t\t\t<\/div>\n\t\t\t\t\t\t\t\t\t\t\t\t\t\t\t<div class=\"wd-gallery-item wd-col\">\n\t\t\t\t\t\t\t\t\t\t\t\t\t<a  href=\"https:\/\/www.tronkiele.com\/wp-content\/uploads\/2025\/10\/JYK-SDT-SDK-Electrical-Transformer-CE.webp\"data-width=\"724\" data-height=\"1024\" data-index=\"14\" data-elementor-open-lightbox=\"no\">\n\t\t\t\t\t\t\n\t\t\t\t\t\t<img decoding=\"async\" src=\"https:\/\/www.tronkiele.com\/wp-content\/uploads\/2025\/10\/JYK-SDT-SDK-Electrical-Transformer-CE-566x800.webp\"alt=\"JYK SDT SDK Transformateur \u00e9lectrique CE\">\n\t\t\t\t\t\t\t\t\t\t\t\t\t<\/a>\n\t\t\t\t\t\t\t\t\t\t\t<\/div>\n\t\t\t\t\t\t\t\t\t\t\t\t\t\t\t<div class=\"wd-gallery-item wd-col\">\n\t\t\t\t\t\t\t\t\t\t\t\t\t<a  href=\"https:\/\/www.tronkiele.com\/wp-content\/uploads\/2025\/10\/Model-Unit-of-Integrity-Management.webp\"data-width=\"500\" data-height=\"707\" data-index=\"15\" data-elementor-open-lightbox=\"no\">\n\t\t\t\t\t\t\n\t\t\t\t\t\t<img decoding=\"async\" src=\"https:\/\/www.tronkiele.com\/wp-content\/uploads\/2025\/10\/Model-Unit-of-Integrity-Management.webp\"alt=\"Mod\u00e8le d&#039;unit\u00e9 de gestion de l&#039;int\u00e9grit\u00e9\">\n\t\t\t\t\t\t\t\t\t\t\t\t\t<\/a>\n\t\t\t\t\t\t\t\t\t\t\t<\/div>\n\t\t\t\t\t\t\t\t\t\t\t\t\t\t\t<div class=\"wd-gallery-item wd-col\">\n\t\t\t\t\t\t\t\t\t\t\t\t\t<a  href=\"https:\/\/www.tronkiele.com\/wp-content\/uploads\/2025\/10\/QSG-QDG-CE.webp\"data-width=\"724\" data-height=\"1024\" data-index=\"16\" data-elementor-open-lightbox=\"no\">\n\t\t\t\t\t\t\n\t\t\t\t\t\t<img decoding=\"async\" src=\"https:\/\/www.tronkiele.com\/wp-content\/uploads\/2025\/10\/QSG-QDG-CE-566x800.webp\"alt=\"Transformateur QSG QDG CE\">\n\t\t\t\t\t\t\t\t\t\t\t\t\t<\/a>\n\t\t\t\t\t\t\t\t\t\t\t<\/div>\n\t\t\t\t\t\t\t\t\t\t\t\t\t\t\t<div class=\"wd-gallery-item wd-col\">\n\t\t\t\t\t\t\t\t\t\t\t\t\t<a  href=\"https:\/\/www.tronkiele.com\/wp-content\/uploads\/2025\/10\/Quality-Service-Reputation-Certificate.webp\"data-width=\"500\" data-height=\"707\" data-index=\"17\" data-elementor-open-lightbox=\"no\">\n\t\t\t\t\t\t\n\t\t\t\t\t\t<img decoding=\"async\" src=\"https:\/\/www.tronkiele.com\/wp-content\/uploads\/2025\/10\/Quality-Service-Reputation-Certificate.webp\"alt=\"Certificat de qualit\u00e9 de service et de r\u00e9putation\">\n\t\t\t\t\t\t\t\t\t\t\t\t\t<\/a>\n\t\t\t\t\t\t\t\t\t\t\t<\/div>\n\t\t\t\t\t\t\t\t\t\t\t\t\t\t\t<div class=\"wd-gallery-item wd-col\">\n\t\t\t\t\t\t\t\t\t\t\t\t\t<a  href=\"https:\/\/www.tronkiele.com\/wp-content\/uploads\/2025\/10\/SBW-DBW.webp\"data-width=\"724\" data-height=\"1024\" data-index=\"18\" data-elementor-open-lightbox=\"no\">\n\t\t\t\t\t\t\n\t\t\t\t\t\t<img decoding=\"async\" src=\"https:\/\/www.tronkiele.com\/wp-content\/uploads\/2025\/10\/SBW-DBW-566x800.webp\"alt=\"SBW DBW transformateur CE\">\n\t\t\t\t\t\t\t\t\t\t\t\t\t<\/a>\n\t\t\t\t\t\t\t\t\t\t\t<\/div>\n\t\t\t\t\t\t\t\t\t\t\t\t\t\t\t<div class=\"wd-gallery-item wd-col\">\n\t\t\t\t\t\t\t\t\t\t\t\t\t<a  href=\"https:\/\/www.tronkiele.com\/wp-content\/uploads\/2025\/10\/SG-DG-SBK.webp\"data-width=\"724\" data-height=\"1024\" data-index=\"19\" data-elementor-open-lightbox=\"no\">\n\t\t\t\t\t\t\n\t\t\t\t\t\t<img decoding=\"async\" src=\"https:\/\/www.tronkiele.com\/wp-content\/uploads\/2025\/10\/SG-DG-SBK-566x800.webp\"alt=\"Transformateur SG DG SBK CE\">\n\t\t\t\t\t\t\t\t\t\t\t\t\t<\/a>\n\t\t\t\t\t\t\t\t\t\t\t<\/div>\n\t\t\t\t\t\t\t\t\t\t\t\t\t\t\t<div class=\"wd-gallery-item wd-col\">\n\t\t\t\t\t\t\t\t\t\t\t\t\t<a  href=\"https:\/\/www.tronkiele.com\/wp-content\/uploads\/2025\/10\/SJW3-CE.webp\"data-width=\"724\" data-height=\"1024\" data-index=\"20\" data-elementor-open-lightbox=\"no\">\n\t\t\t\t\t\t\n\t\t\t\t\t\t<img decoding=\"async\" src=\"https:\/\/www.tronkiele.com\/wp-content\/uploads\/2025\/10\/SJW3-CE-566x800.webp\"alt=\"Stabilisateur de tension SJW3 CE\">\n\t\t\t\t\t\t\t\t\t\t\t\t\t<\/a>\n\t\t\t\t\t\t\t\t\t\t\t<\/div>\n\t\t\t\t\t\t\t\t\t\t\t\t\t\t\t<div class=\"wd-gallery-item wd-col\">\n\t\t\t\t\t\t\t\t\t\t\t\t\t<a  href=\"https:\/\/www.tronkiele.com\/wp-content\/uploads\/2025\/10\/Soft-Starter-3C.webp\"data-width=\"724\" data-height=\"1024\" data-index=\"21\" data-elementor-open-lightbox=\"no\">\n\t\t\t\t\t\t\n\t\t\t\t\t\t<img decoding=\"async\" src=\"https:\/\/www.tronkiele.com\/wp-content\/uploads\/2025\/10\/Soft-Starter-3C-566x800.webp\"alt=\"D\u00e9marreur progressif 3C\">\n\t\t\t\t\t\t\t\t\t\t\t\t\t<\/a>\n\t\t\t\t\t\t\t\t\t\t\t<\/div>\n\t\t\t\t\t\t\t\t\t\t\t\t\t\t\t<div class=\"wd-gallery-item wd-col\">\n\t\t\t\t\t\t\t\t\t\t\t\t\t<a  href=\"https:\/\/www.tronkiele.com\/wp-content\/uploads\/2025\/10\/Soft-Starter-CE-2.webp\"data-width=\"724\" data-height=\"1024\" data-index=\"22\" data-elementor-open-lightbox=\"no\">\n\t\t\t\t\t\t\n\t\t\t\t\t\t<img decoding=\"async\" src=\"https:\/\/www.tronkiele.com\/wp-content\/uploads\/2025\/10\/Soft-Starter-CE-2-566x800.webp\"alt=\"D\u00e9marreur progressif CE\">\n\t\t\t\t\t\t\t\t\t\t\t\t\t<\/a>\n\t\t\t\t\t\t\t\t\t\t\t<\/div>\n\t\t\t\t\t\t\t\t\t\t\t\t\t\t\t<div class=\"wd-gallery-item wd-col\">\n\t\t\t\t\t\t\t\t\t\t\t\t\t<a  href=\"https:\/\/www.tronkiele.com\/wp-content\/uploads\/2025\/10\/Soft-Starter-CE.webp\"data-width=\"724\" data-height=\"1024\" data-index=\"23\" data-elementor-open-lightbox=\"no\">\n\t\t\t\t\t\t\n\t\t\t\t\t\t<img decoding=\"async\" src=\"https:\/\/www.tronkiele.com\/wp-content\/uploads\/2025\/10\/Soft-Starter-CE-566x800.webp\"alt=\"D\u00e9marreur progressif CE\">\n\t\t\t\t\t\t\t\t\t\t\t\t\t<\/a>\n\t\t\t\t\t\t\t\t\t\t\t<\/div>\n\t\t\t\t\t\t\t\t\t\t\t\t\t<\/div>\n\t\t\t\t\t<\/div>\n\t\t\t\t\t\t<\/div>\n\t\t\t\t<\/div>\n\t\t\t\t\t<\/div>\n\t\t\t\t<\/div>\n\t\t\t\t<\/div>","protected":false},"excerpt":{"rendered":"<p>Entreprise \u00e9lectrique qualifi\u00e9e et certifi\u00e9e - ZHENGXI ZHENGXI est partenaire de plusieurs organismes de certification internationaux r\u00e9put\u00e9s, notamment CE et RoHS, et de l'Agence europ\u00e9enne pour la s\u00e9curit\u00e9 et la sant\u00e9 au travail (ESA).<\/p>","protected":false},"author":1,"featured_media":0,"parent":0,"menu_order":0,"comment_status":"closed","ping_status":"closed","template":"","meta":{"footnotes":""},"class_list":["post-45","page","type-page","status-publish","hentry"],"yoast_head":"<!-- This site is optimized with the Yoast SEO plugin v25.0 - https:\/\/yoast.com\/wordpress\/plugins\/seo\/ -->\n<title>Certificate - PINE-ZHENGXI<\/title>\n<meta name=\"robots\" content=\"index, follow, max-snippet:-1, max-image-preview:large, max-video-preview:-1\" \/>\n<link rel=\"canonical\" href=\"https:\/\/www.tronkiele.com\/fr\/certificate\/\" \/>\n<meta property=\"og:locale\" content=\"fr_FR\" \/>\n<meta property=\"og:type\" content=\"article\" \/>\n<meta property=\"og:title\" content=\"Certificate - PINE-ZHENGXI\" \/>\n<meta property=\"og:description\" content=\"Qualified and Certified Electrical Company \u2013 ZHENGXI ZHENGXI partners with several reputable international certification bodies, including CE and RoHS, and\" \/>\n<meta property=\"og:url\" content=\"https:\/\/www.tronkiele.com\/fr\/certificate\/\" \/>\n<meta property=\"og:site_name\" content=\"PINE-ZHENGXI\" \/>\n<meta property=\"article:modified_time\" content=\"2025-10-16T03:02:03+00:00\" \/>\n<meta property=\"og:image\" content=\"https:\/\/www.tronkiele.com\/wp-content\/uploads\/2025\/10\/TKR-TKB-AVR-CE-566x800.webp\" \/>\n<meta name=\"twitter:card\" content=\"summary_large_image\" \/>\n<meta name=\"twitter:label1\" content=\"Dur\u00e9e de lecture estim\u00e9e\" \/>\n\t<meta name=\"twitter:data1\" content=\"5 minutes\" \/>\n<script type=\"application\/ld+json\" class=\"yoast-schema-graph\">{\"@context\":\"https:\/\/schema.org\",\"@graph\":[{\"@type\":\"WebPage\",\"@id\":\"https:\/\/www.tronkiele.com\/certificate\/\",\"url\":\"https:\/\/www.tronkiele.com\/certificate\/\",\"name\":\"Certificate - PINE-ZHENGXI\",\"isPartOf\":{\"@id\":\"https:\/\/www.tronkiele.com\/#website\"},\"primaryImageOfPage\":{\"@id\":\"https:\/\/www.tronkiele.com\/certificate\/#primaryimage\"},\"image\":{\"@id\":\"https:\/\/www.tronkiele.com\/certificate\/#primaryimage\"},\"thumbnailUrl\":\"https:\/\/www.tronkiele.com\/wp-content\/uploads\/2025\/10\/TKR-TKB-AVR-CE-566x800.webp\",\"datePublished\":\"2021-08-26T12:21:44+00:00\",\"dateModified\":\"2025-10-16T03:02:03+00:00\",\"breadcrumb\":{\"@id\":\"https:\/\/www.tronkiele.com\/certificate\/#breadcrumb\"},\"inLanguage\":\"fr-FR\",\"potentialAction\":[{\"@type\":\"ReadAction\",\"target\":[\"https:\/\/www.tronkiele.com\/certificate\/\"]}]},{\"@type\":\"ImageObject\",\"inLanguage\":\"fr-FR\",\"@id\":\"https:\/\/www.tronkiele.com\/certificate\/#primaryimage\",\"url\":\"https:\/\/www.tronkiele.com\/wp-content\/uploads\/2025\/10\/TKR-TKB-AVR-CE-566x800.webp\",\"contentUrl\":\"https:\/\/www.tronkiele.com\/wp-content\/uploads\/2025\/10\/TKR-TKB-AVR-CE-566x800.webp\"},{\"@type\":\"BreadcrumbList\",\"@id\":\"https:\/\/www.tronkiele.com\/certificate\/#breadcrumb\",\"itemListElement\":[{\"@type\":\"ListItem\",\"position\":1,\"name\":\"Home\",\"item\":\"https:\/\/www.tronkiele.com\/\"},{\"@type\":\"ListItem\",\"position\":2,\"name\":\"Certificate\"}]},{\"@type\":\"WebSite\",\"@id\":\"https:\/\/www.tronkiele.com\/#website\",\"url\":\"https:\/\/www.tronkiele.com\/\",\"name\":\"PINE-ZHENGXI\",\"description\":\"\",\"publisher\":{\"@id\":\"https:\/\/www.tronkiele.com\/#organization\"},\"potentialAction\":[{\"@type\":\"SearchAction\",\"target\":{\"@type\":\"EntryPoint\",\"urlTemplate\":\"https:\/\/www.tronkiele.com\/?s={search_term_string}\"},\"query-input\":{\"@type\":\"PropertyValueSpecification\",\"valueRequired\":true,\"valueName\":\"search_term_string\"}}],\"inLanguage\":\"fr-FR\"},{\"@type\":\"Organization\",\"@id\":\"https:\/\/www.tronkiele.com\/#organization\",\"name\":\"PINE-ZHENGXI\",\"url\":\"https:\/\/www.tronkiele.com\/\",\"logo\":{\"@type\":\"ImageObject\",\"inLanguage\":\"fr-FR\",\"@id\":\"https:\/\/www.tronkiele.com\/#\/schema\/logo\/image\/\",\"url\":\"https:\/\/www.tronkiele.com\/wp-content\/uploads\/2024\/11\/cropped-tronki.webp\",\"contentUrl\":\"https:\/\/www.tronkiele.com\/wp-content\/uploads\/2024\/11\/cropped-tronki.webp\",\"width\":512,\"height\":512,\"caption\":\"PINE-ZHENGXI\"},\"image\":{\"@id\":\"https:\/\/www.tronkiele.com\/#\/schema\/logo\/image\/\"}}]}<\/script>\n<!-- \/ Yoast SEO plugin. -->","yoast_head_json":{"title":"Certificat - PINE-ZHENGXI","robots":{"index":"index","follow":"follow","max-snippet":"max-snippet:-1","max-image-preview":"max-image-preview:large","max-video-preview":"max-video-preview:-1"},"canonical":"https:\/\/www.tronkiele.com\/fr\/certificate\/","og_locale":"fr_FR","og_type":"article","og_title":"Certificate - PINE-ZHENGXI","og_description":"Qualified and Certified Electrical Company \u2013 ZHENGXI ZHENGXI partners with several reputable international certification bodies, including CE and RoHS, and","og_url":"https:\/\/www.tronkiele.com\/fr\/certificate\/","og_site_name":"PINE-ZHENGXI","article_modified_time":"2025-10-16T03:02:03+00:00","og_image":[{"url":"https:\/\/www.tronkiele.com\/wp-content\/uploads\/2025\/10\/TKR-TKB-AVR-CE-566x800.webp","type":"","width":"","height":""}],"twitter_card":"summary_large_image","twitter_misc":{"Dur\u00e9e de lecture estim\u00e9e":"5 minutes"},"schema":{"@context":"https:\/\/schema.org","@graph":[{"@type":"WebPage","@id":"https:\/\/www.tronkiele.com\/certificate\/","url":"https:\/\/www.tronkiele.com\/certificate\/","name":"Certificat - PINE-ZHENGXI","isPartOf":{"@id":"https:\/\/www.tronkiele.com\/#website"},"primaryImageOfPage":{"@id":"https:\/\/www.tronkiele.com\/certificate\/#primaryimage"},"image":{"@id":"https:\/\/www.tronkiele.com\/certificate\/#primaryimage"},"thumbnailUrl":"https:\/\/www.tronkiele.com\/wp-content\/uploads\/2025\/10\/TKR-TKB-AVR-CE-566x800.webp","datePublished":"2021-08-26T12:21:44+00:00","dateModified":"2025-10-16T03:02:03+00:00","breadcrumb":{"@id":"https:\/\/www.tronkiele.com\/certificate\/#breadcrumb"},"inLanguage":"fr-FR","potentialAction":[{"@type":"ReadAction","target":["https:\/\/www.tronkiele.com\/certificate\/"]}]},{"@type":"ImageObject","inLanguage":"fr-FR","@id":"https:\/\/www.tronkiele.com\/certificate\/#primaryimage","url":"https:\/\/www.tronkiele.com\/wp-content\/uploads\/2025\/10\/TKR-TKB-AVR-CE-566x800.webp","contentUrl":"https:\/\/www.tronkiele.com\/wp-content\/uploads\/2025\/10\/TKR-TKB-AVR-CE-566x800.webp"},{"@type":"BreadcrumbList","@id":"https:\/\/www.tronkiele.com\/certificate\/#breadcrumb","itemListElement":[{"@type":"ListItem","position":1,"name":"Home","item":"https:\/\/www.tronkiele.com\/"},{"@type":"ListItem","position":2,"name":"Certificate"}]},{"@type":"WebSite","@id":"https:\/\/www.tronkiele.com\/#website","url":"https:\/\/www.tronkiele.com\/","name":"PINE-ZHENGXI","description":"","publisher":{"@id":"https:\/\/www.tronkiele.com\/#organization"},"potentialAction":[{"@type":"SearchAction","target":{"@type":"EntryPoint","urlTemplate":"https:\/\/www.tronkiele.com\/?s={search_term_string}"},"query-input":{"@type":"PropertyValueSpecification","valueRequired":true,"valueName":"search_term_string"}}],"inLanguage":"fr-FR"},{"@type":"Organization","@id":"https:\/\/www.tronkiele.com\/#organization","name":"PINE-ZHENGXI","url":"https:\/\/www.tronkiele.com\/","logo":{"@type":"ImageObject","inLanguage":"fr-FR","@id":"https:\/\/www.tronkiele.com\/#\/schema\/logo\/image\/","url":"https:\/\/www.tronkiele.com\/wp-content\/uploads\/2024\/11\/cropped-tronki.webp","contentUrl":"https:\/\/www.tronkiele.com\/wp-content\/uploads\/2024\/11\/cropped-tronki.webp","width":512,"height":512,"caption":"PINE-ZHENGXI"},"image":{"@id":"https:\/\/www.tronkiele.com\/#\/schema\/logo\/image\/"}}]}},"_links":{"self":[{"href":"https:\/\/www.tronkiele.com\/fr\/wp-json\/wp\/v2\/pages\/45","targetHints":{"allow":["GET"]}}],"collection":[{"href":"https:\/\/www.tronkiele.com\/fr\/wp-json\/wp\/v2\/pages"}],"about":[{"href":"https:\/\/www.tronkiele.com\/fr\/wp-json\/wp\/v2\/types\/page"}],"author":[{"embeddable":true,"href":"https:\/\/www.tronkiele.com\/fr\/wp-json\/wp\/v2\/users\/1"}],"replies":[{"embeddable":true,"href":"https:\/\/www.tronkiele.com\/fr\/wp-json\/wp\/v2\/comments?post=45"}],"version-history":[{"count":5,"href":"https:\/\/www.tronkiele.com\/fr\/wp-json\/wp\/v2\/pages\/45\/revisions"}],"predecessor-version":[{"id":22135,"href":"https:\/\/www.tronkiele.com\/fr\/wp-json\/wp\/v2\/pages\/45\/revisions\/22135"}],"wp:attachment":[{"href":"https:\/\/www.tronkiele.com\/fr\/wp-json\/wp\/v2\/media?parent=45"}],"curies":[{"name":"wp","href":"https:\/\/api.w.org\/{rel}","templated":true}]}}