{"id":19,"date":"2024-09-07T08:57:09","date_gmt":"2024-09-07T08:57:09","guid":{"rendered":"https:\/\/www.tronkiele.com\/product\/three-station-indoor-vacuum-ckt-breaker\/"},"modified":"2025-01-25T11:57:51","modified_gmt":"2025-01-25T11:57:51","slug":"three-station-indoor-vacuum-ckt-breaker","status":"publish","type":"product","link":"https:\/\/www.tronkiele.com\/fr\/product\/three-station-indoor-vacuum-ckt-breaker\/","title":{"rendered":"BQVN-12GD Disjoncteur \u00e0 vide int\u00e9rieur \u00e0 trois postes"},"content":{"rendered":"<h2>Caract\u00e9ristiques principales :<\/h2>\n<p><strong>Conception modulaire :<\/strong> La structure modulaire est adopt\u00e9e pour int\u00e9grer le sectionneur, le disjoncteur \u00e0 vide, l'interrupteur de mise \u00e0 la terre, le capteur et le m\u00e9canisme de verrouillage, ce qui permet un remplacement et une maintenance ind\u00e9pendants et am\u00e9liore la compatibilit\u00e9 et la facilit\u00e9 de maintenance de l'ensemble de l'\u00e9quipement.<\/p>\n<p><strong>De bonnes performances \u00e9lectriques :<\/strong> Le circuit principal adopte une colonne ferm\u00e9e en r\u00e9sine \u00e9poxy haute r\u00e9sistance APG, qui pr\u00e9sente de meilleures performances d'isolation et une meilleure adaptabilit\u00e9 \u00e0 l'environnement, ce qui garantit un fonctionnement stable \u00e0 long terme.<\/p>\n<p><strong>Compact et compatible :<\/strong> Il est adapt\u00e9 \u00e0 une taille d'armoire de 500\u00d71000\u00d71800 mm et convient \u00e0 divers environnements d'installation compacts.<\/p>\n<p><strong>Conception anti-fausse man\u0153uvre :<\/strong> Le concept de verrouillage m\u00e9canique forc\u00e9 est adopt\u00e9 entre le sectionneur, le disjoncteur et l'interrupteur de mise \u00e0 la terre afin d'\u00e9viter toute erreur de manipulation et de garantir un fonctionnement s\u00fbr.<\/p>\n<p><strong>D\u00e9connecteur rotatif :<\/strong> Le sectionneur rotatif \u00e0 rupture visible est adopt\u00e9, et la rupture peut \u00eatre clairement affich\u00e9e apr\u00e8s l'ouverture de l'interrupteur, ce qui am\u00e9liore la visibilit\u00e9 et la s\u00e9curit\u00e9 de l'op\u00e9ration.<\/p>\n<p><strong>M\u00e9canisme de fonctionnement modulaire :<\/strong> Le m\u00e9canisme de fonctionnement adopte une conception modulaire, qui peut \u00eatre remplac\u00e9e ou r\u00e9par\u00e9e ind\u00e9pendamment, prend en charge le fonctionnement manuel et le fonctionnement optionnel du stockage d'\u00e9nergie AC\/DC, et r\u00e9pond aux besoins de contr\u00f4le \u00e0 distance.<\/p>\n<p><strong>Respectueux de l'environnement et n\u00e9cessitant peu d'entretien :<\/strong> L'\u00e9quipement adopte des mat\u00e9riaux respectueux de l'environnement et une conception \u00e0 haute r\u00e9sistance, il ne n\u00e9cessite pas d'entretien et r\u00e9duit les co\u00fbts d'exploitation et d'entretien \u00e0 long terme.<\/p>\n<h2>Occasions d'application :<\/h2>\n<p>Applicable aux syst\u00e8mes d'alimentation moyenne tension de 6 \u00e0 12 kV, largement utilis\u00e9 dans la protection et le contr\u00f4le \u00e9lectriques des centrales \u00e9lectriques, des sous-stations et des installations industrielles.<br \/>\nIl peut \u00eatre utilis\u00e9 comme unit\u00e9 de protection pour les sous-stations et les transformateurs principaux afin de garantir un fonctionnement stable du syst\u00e8me \u00e9lectrique.<br \/>\nApplicable aux environnements avec des op\u00e9rations fr\u00e9quentes ou une protection contre les courts-circuits.<\/p>\n<h2>Conception de la s\u00e9curit\u00e9 :<\/h2>\n<p>Structure de verrouillage fiable : La porte de l'armoire et l'interrupteur de mise \u00e0 la terre sont con\u00e7us avec un m\u00e9canisme de verrouillage fiable pour garantir qu'aucune erreur ne se produise pendant le fonctionnement et prot\u00e9ger la s\u00e9curit\u00e9 des op\u00e9rateurs.<br \/>\nVerrouillage forc\u00e9 : Le m\u00e9canisme de verrouillage forc\u00e9 entre le sectionneur, le disjoncteur et l'interrupteur de mise \u00e0 la terre \u00e9vite efficacement le risque d'erreur de manipulation et garantit la s\u00e9curit\u00e9 de fonctionnement de l'\u00e9quipement.<\/p>\n<h2>Environnement d'utilisation :<\/h2>\n<p>Temp\u00e9rature ambiante : -25\u2103 \u00e0 +40\u2103<br \/>\nHumidit\u00e9 relative : moyenne journali\u00e8re &lt;95%, moyenne mensuelle &lt;90%<br \/>\nAltitude : pas plus de 1000 m\u00e8tres (pour les zones d'altitude plus \u00e9lev\u00e9e, la s\u00e9lection doit \u00eatre ajust\u00e9e en fonction du facteur de protection \u00e9lectrique).<br \/>\nIntensit\u00e9 sismique : pas plus de 8 degr\u00e9s<br \/>\nEnvironnement d'utilisation : environnement sans risque d'explosion, sans risque chimique et sans vibrations importantes.<\/p>\n<h2>Caract\u00e9ristiques techniques :<\/h2>\n<p>Tension nominale : 12 kV<br \/>\nCourant nominal : 630A<br \/>\nFr\u00e9quence nominale : 50Hz<br \/>\nTaille de l'armoire applicable : 500\u00d71000\u00d71800mm<br \/>\nMode de fonctionnement : manuel ou stockage d'\u00e9nergie optionnel (AC\/DC)<\/p>\n<h2>Normes de conformit\u00e9 des produits :<\/h2>\n<p>IEC 62271-100 : Disjoncteurs haute tension \u00e0 courant alternatif<br \/>\nGB\/T 11022 : Technical conditions for high-voltage switchgear<br \/>\nGB 1984 : Disjoncteurs haute tension \u00e0 courant alternatif<br \/>\nGB 311.1 : Coordination de l'isolation des \u00e9quipements \u00e9lectriques \u00e0 haute tension<\/p>\n<h2><strong>Les principaux param\u00e8tres techniques<\/strong><\/h2>\n<table width=\"100%\">\n<tbody>\n<tr class=\"firstRow\">\n<td valign=\"center\" width=\"48\"><\/td>\n<td colspan=\"2\" valign=\"center\" width=\"380\">\u00a0Objet<\/td>\n<td valign=\"center\" width=\"38\">Unit\u00e9<\/td>\n<td colspan=\"2\" valign=\"center\" width=\"230\">Donn\u00e9es<\/td>\n<\/tr>\n<tr>\n<td valign=\"center\" width=\"48\">1<\/td>\n<td colspan=\"2\" valign=\"center\" width=\"380\">Tension nominale<\/td>\n<td valign=\"center\" width=\"38\">KV<\/td>\n<td colspan=\"2\" valign=\"center\" width=\"230\">12<\/td>\n<\/tr>\n<tr>\n<td valign=\"center\" width=\"48\">2<\/td>\n<td colspan=\"2\" valign=\"center\" width=\"380\">Tension maximale de fonctionnement<\/td>\n<td valign=\"center\" width=\"38\">KV<\/td>\n<td colspan=\"2\" valign=\"center\" width=\"230\">12<\/td>\n<\/tr>\n<tr>\n<td valign=\"center\" width=\"48\">3<\/td>\n<td colspan=\"2\" valign=\"center\" width=\"380\">Courant nominal<\/td>\n<td valign=\"center\" width=\"38\">A<\/td>\n<td valign=\"center\" width=\"110\">630<\/td>\n<td valign=\"center\" width=\"120\">1250<\/td>\n<\/tr>\n<tr>\n<td valign=\"center\" width=\"48\">4<\/td>\n<td colspan=\"2\" valign=\"center\" width=\"380\">Courant nominal de rupture en court-circuit<\/td>\n<td valign=\"center\" width=\"38\">KA<\/td>\n<td valign=\"center\" width=\"110\">20\/25<\/td>\n<td valign=\"center\" width=\"120\">31.5<\/td>\n<\/tr>\n<tr>\n<td valign=\"center\" width=\"48\">5<\/td>\n<td colspan=\"2\" valign=\"center\" width=\"380\">Courant nominal de fermeture en cas de court-circuit (valeur de cr\u00eate)<\/td>\n<td valign=\"center\" width=\"38\">KA<\/td>\n<td valign=\"center\" width=\"110\">50\/63<\/td>\n<td valign=\"center\" width=\"120\">80<\/td>\n<\/tr>\n<tr>\n<td valign=\"center\" width=\"48\">6<\/td>\n<td colspan=\"2\" valign=\"center\" width=\"380\">Courant admissible nominal (valeur de cr\u00eate)<\/td>\n<td valign=\"center\" width=\"38\">KA<\/td>\n<td valign=\"center\" width=\"110\">50\/63<\/td>\n<td valign=\"center\" width=\"120\">80<\/td>\n<\/tr>\n<tr>\n<td valign=\"center\" width=\"48\">7<\/td>\n<td colspan=\"2\" valign=\"center\" width=\"380\">4S Courant nominal de faible r\u00e9sistance<\/td>\n<td valign=\"center\" width=\"38\">KA<\/td>\n<td valign=\"center\" width=\"110\">20\/25<\/td>\n<td valign=\"center\" width=\"120\">31.5<\/td>\n<\/tr>\n<tr>\n<td rowspan=\"2\" valign=\"center\" width=\"48\">8<\/td>\n<td rowspan=\"2\" valign=\"center\" width=\"191\">Niveau d'isolation nominal<\/td>\n<td valign=\"center\" width=\"189\">Tension de tenue \u00e0 la fr\u00e9quence industrielle<\/td>\n<td rowspan=\"2\" valign=\"center\" width=\"38\">KA<\/td>\n<td colspan=\"2\" valign=\"center\" width=\"230\">42\/48<\/td>\n<\/tr>\n<tr>\n<td valign=\"center\" width=\"189\">Impulsion du tonnerre<\/p>\n<p>tension de r\u00e9sistance<\/td>\n<td colspan=\"2\" valign=\"center\" width=\"230\">75\/85<\/td>\n<\/tr>\n<tr>\n<td valign=\"center\" width=\"48\">9<\/td>\n<td colspan=\"2\" valign=\"center\" width=\"380\">Ordre de fonctionnement nominal<\/td>\n<td valign=\"center\" width=\"38\"><\/td>\n<td colspan=\"2\" valign=\"center\" width=\"230\">Arr\u00eat-0,3S marche et arr\u00eat-180S marche et arr\u00eat<\/td>\n<\/tr>\n<tr>\n<td valign=\"center\" width=\"48\">10<\/td>\n<td colspan=\"2\" valign=\"center\" width=\"380\">Dur\u00e9e de vie m\u00e9canique<\/td>\n<td valign=\"center\" width=\"38\">fois<\/td>\n<td colspan=\"2\" valign=\"center\" width=\"230\">10000<\/td>\n<\/tr>\n<tr>\n<td valign=\"center\" width=\"48\">11<\/td>\n<td colspan=\"2\" valign=\"center\" width=\"380\">Courant nominal de court-circuit Temps de rupture et de fermeture<\/td>\n<td valign=\"center\" width=\"38\">fois<\/td>\n<td colspan=\"2\" valign=\"center\" width=\"230\">50<\/td>\n<\/tr>\n<tr>\n<td valign=\"center\" width=\"48\">12<\/td>\n<td colspan=\"2\" valign=\"center\" width=\"380\">Parlez et d\u00e9placez le montant de l'organisation.<\/p>\n<p>de la porte de l'inondation(DC)<\/td>\n<td valign=\"center\" width=\"38\">V<\/td>\n<td colspan=\"2\" valign=\"center\" width=\"230\">AC.DC.110,220<\/td>\n<\/tr>\n<tr>\n<td valign=\"center\" width=\"48\">13<\/td>\n<td colspan=\"2\" valign=\"center\" width=\"380\">Parler et d\u00e9placer l'organisation d'un montant \u00e9gal \u00e0 l'actuel<\/p>\n<p>de la porte de l'inondation(DC)<\/td>\n<td valign=\"center\" width=\"38\">V<\/td>\n<td colspan=\"2\" valign=\"center\" width=\"230\">AC.DC 110,220<\/td>\n<\/tr>\n<tr>\n<td valign=\"center\" width=\"48\">14<\/td>\n<td colspan=\"2\" valign=\"center\" width=\"380\">Distance de commutation du contact<\/td>\n<td valign=\"center\" width=\"38\">mm<\/td>\n<td colspan=\"2\" valign=\"center\" width=\"230\">&gt;11<\/td>\n<\/tr>\n<tr>\n<td valign=\"center\" width=\"48\">15<\/td>\n<td colspan=\"2\" valign=\"center\" width=\"380\">Ultra journey (touche le ressort de t\u00eate et la longueur de compression)<\/td>\n<td valign=\"center\" width=\"38\">mm<\/td>\n<td colspan=\"2\" valign=\"center\" width=\"230\">4+\/-0.5<\/td>\n<\/tr>\n<tr>\n<td valign=\"center\" width=\"48\">16<\/td>\n<td colspan=\"2\" valign=\"center\" width=\"380\">Coupure triphas\u00e9e de l'alimentation<\/p>\n<p>floodgate sex de la m\u00eame p\u00e9riode<\/td>\n<td valign=\"center\" width=\"38\">ms<\/td>\n<td colspan=\"2\" valign=\"center\" width=\"230\">&lt;2<\/td>\n<\/tr>\n<tr>\n<td valign=\"center\" width=\"48\">17<\/td>\n<td colspan=\"2\" valign=\"center\" width=\"380\">Touchez la t\u00eate et fermez une vanne de temps de rebond.<\/td>\n<td valign=\"center\" width=\"38\">ms<\/td>\n<td colspan=\"2\" valign=\"center\" width=\"230\">&lt;2<\/td>\n<\/tr>\n<tr>\n<td valign=\"center\" width=\"48\">18<\/td>\n<td colspan=\"2\" valign=\"center\" width=\"380\">Vitesse moyenne du frein de rupture<\/td>\n<td valign=\"center\" width=\"38\">m\/s<\/td>\n<td colspan=\"2\" valign=\"center\" width=\"230\">0.9~1.7<\/td>\n<\/tr>\n<tr>\n<td valign=\"center\" width=\"48\">19<\/td>\n<td colspan=\"2\" valign=\"center\" width=\"380\">Vitesse moyenne du frein de fermeture<\/td>\n<td valign=\"center\" width=\"38\">m\/s<\/td>\n<td colspan=\"2\" valign=\"center\" width=\"230\">0.6~1.0<\/td>\n<\/tr>\n<tr>\n<td valign=\"center\" width=\"48\">21<\/td>\n<td colspan=\"2\" valign=\"center\" width=\"380\">Heure de fermeture du frein<\/td>\n<td valign=\"center\" width=\"38\">s<\/td>\n<td colspan=\"2\" valign=\"center\" width=\"230\">&lt;0.1<\/td>\n<\/tr>\n<tr>\n<td valign=\"center\" width=\"48\">22<\/td>\n<td colspan=\"2\" valign=\"center\" width=\"380\">Chaque r\u00e9sistance du circuit de retour principal<\/td>\n<td valign=\"center\" width=\"38\">u \u03a9<\/td>\n<td colspan=\"2\" valign=\"center\" width=\"230\">&lt;45<\/td>\n<\/tr>\n<tr>\n<td valign=\"center\" width=\"48\">23<\/td>\n<td colspan=\"2\" valign=\"center\" width=\"380\">Tol\u00e9rance abrasion \u00e9paisseur cumul\u00e9e<\/p>\n<p>du contact mobile et du contact fixe<\/td>\n<td valign=\"center\" width=\"38\">mm<\/td>\n<td colspan=\"2\" valign=\"center\" width=\"230\">3<\/td>\n<\/tr>\n<\/tbody>\n<\/table>\n<h2>Conclusion :<\/h2>\n<p>Le disjoncteur \u00e0 vide haute tension \u00e0 trois positions de la s\u00e9rie BQVN-12GD est devenu un choix id\u00e9al pour les dispositifs de protection cl\u00e9s des syst\u00e8mes d'alimentation gr\u00e2ce \u00e0 ses excellentes performances, \u00e0 sa conception compacte et \u00e0 sa grande fiabilit\u00e9. La conception modulaire du product, le verrouillage m\u00e9canique forc\u00e9, la coupure visible rotative et d'autres technologies avanc\u00e9es am\u00e9liorent non seulement la s\u00e9curit\u00e9 op\u00e9rationnelle, mais r\u00e9duisent \u00e9galement de mani\u00e8re significative les co\u00fbts de maintenance et les risques.<\/p>","protected":false},"excerpt":{"rendered":"<p>Le disjoncteur \u00e0 vide haute tension int\u00e9rieur \u00e0 trois stations de la s\u00e9rie BQVN-12GD poss\u00e8de d'excellentes propri\u00e9t\u00e9s \u00e9lectriques et m\u00e9caniques, une structure compacte et stable, et convient \u00e0 une vari\u00e9t\u00e9 de syst\u00e8mes d'alimentation haute tension, en particulier aux r\u00e9seaux d'alimentation moyenne tension de 6 \u00e0 12 kV, pour fournir une protection de haute qualit\u00e9. La conception du product est conforme \u00e0 la tendance de la miniaturisation moderne, a une grande fiabilit\u00e9, une longue dur\u00e9e de vie et de faibles exigences de maintenance, et constitue un dispositif de protection de s\u00e9curit\u00e9 id\u00e9al dans le syst\u00e8me \u00e9lectrique.<\/p>","protected":false},"featured_media":2241,"template":"","meta":[],"product_brand":[],"product_cat":[17],"product_tag":[],"class_list":{"0":"post-19","1":"product","2":"type-product","3":"status-publish","4":"has-post-thumbnail","6":"product_cat-vacuum-circuit-breaker","8":"first","9":"instock","10":"virtual","11":"taxable","12":"product-type-simple"},"yoast_head":"<!-- This site is optimized with the Yoast SEO plugin v25.0 - https:\/\/yoast.com\/wordpress\/plugins\/seo\/ -->\n<title>Three-station Indoor Vacuum Circuit Breaker | Three-Station Switchgear Solution - TRONKIELE<\/title>\n<meta name=\"description\" content=\"Explore the JYIELE indoor vacuum circuit breaker, featuring three stations for efficient electrical control and protection. Built for reliability and performance, this breaker ensures seamless operation in indoor environments, providing essential circuit protection for various applications.\" \/>\n<meta name=\"robots\" content=\"index, follow, max-snippet:-1, max-image-preview:large, max-video-preview:-1\" \/>\n<link rel=\"canonical\" href=\"https:\/\/www.tronkiele.com\/fr\/product\/three-station-indoor-vacuum-ckt-breaker\/\" \/>\n<meta property=\"og:locale\" content=\"fr_FR\" \/>\n<meta property=\"og:type\" content=\"article\" \/>\n<meta property=\"og:title\" content=\"Three-station Indoor Vacuum Circuit Breaker | Three-Station Switchgear Solution - TRONKIELE\" \/>\n<meta property=\"og:description\" content=\"Explore the JYIELE indoor vacuum circuit breaker, featuring three stations for efficient electrical control and protection. Built for reliability and performance, this breaker ensures seamless operation in indoor environments, providing essential circuit protection for various applications.\" \/>\n<meta property=\"og:url\" content=\"https:\/\/www.tronkiele.com\/fr\/product\/three-station-indoor-vacuum-ckt-breaker\/\" \/>\n<meta property=\"og:site_name\" content=\"PINE-ZHENGXI\" \/>\n<meta property=\"article:modified_time\" content=\"2025-01-25T11:57:51+00:00\" \/>\n<meta property=\"og:image\" content=\"https:\/\/www.tronkiele.com\/wp-content\/uploads\/2020\/04\/three-station-indoor-vacuum-ckt-breaker-3.webp\" \/>\n\t<meta property=\"og:image:width\" content=\"600\" \/>\n\t<meta property=\"og:image:height\" content=\"600\" \/>\n\t<meta property=\"og:image:type\" content=\"image\/webp\" \/>\n<meta name=\"twitter:card\" content=\"summary_large_image\" \/>\n<meta name=\"twitter:label1\" content=\"Dur\u00e9e de lecture estim\u00e9e\" \/>\n\t<meta name=\"twitter:data1\" content=\"4 minutes\" \/>\n<script type=\"application\/ld+json\" class=\"yoast-schema-graph\">{\"@context\":\"https:\/\/schema.org\",\"@graph\":[{\"@type\":\"WebPage\",\"@id\":\"https:\/\/www.tronkiele.com\/product\/three-station-indoor-vacuum-ckt-breaker\/\",\"url\":\"https:\/\/www.tronkiele.com\/product\/three-station-indoor-vacuum-ckt-breaker\/\",\"name\":\"Three-station Indoor Vacuum Circuit Breaker | Three-Station Switchgear Solution - TRONKIELE\",\"isPartOf\":{\"@id\":\"https:\/\/www.tronkiele.com\/#website\"},\"primaryImageOfPage\":{\"@id\":\"https:\/\/www.tronkiele.com\/product\/three-station-indoor-vacuum-ckt-breaker\/#primaryimage\"},\"image\":{\"@id\":\"https:\/\/www.tronkiele.com\/product\/three-station-indoor-vacuum-ckt-breaker\/#primaryimage\"},\"thumbnailUrl\":\"https:\/\/www.tronkiele.com\/wp-content\/uploads\/2020\/04\/three-station-indoor-vacuum-ckt-breaker-3.webp\",\"datePublished\":\"2024-09-07T08:57:09+00:00\",\"dateModified\":\"2025-01-25T11:57:51+00:00\",\"description\":\"Explore the JYIELE indoor vacuum circuit breaker, featuring three stations for efficient electrical control and protection. Built for reliability and performance, this breaker ensures seamless operation in indoor environments, providing essential circuit protection for various applications.\",\"breadcrumb\":{\"@id\":\"https:\/\/www.tronkiele.com\/product\/three-station-indoor-vacuum-ckt-breaker\/#breadcrumb\"},\"inLanguage\":\"fr-FR\",\"potentialAction\":[{\"@type\":\"ReadAction\",\"target\":[\"https:\/\/www.tronkiele.com\/product\/three-station-indoor-vacuum-ckt-breaker\/\"]}]},{\"@type\":\"ImageObject\",\"inLanguage\":\"fr-FR\",\"@id\":\"https:\/\/www.tronkiele.com\/product\/three-station-indoor-vacuum-ckt-breaker\/#primaryimage\",\"url\":\"https:\/\/www.tronkiele.com\/wp-content\/uploads\/2020\/04\/three-station-indoor-vacuum-ckt-breaker-3.webp\",\"contentUrl\":\"https:\/\/www.tronkiele.com\/wp-content\/uploads\/2020\/04\/three-station-indoor-vacuum-ckt-breaker-3.webp\",\"width\":600,\"height\":600,\"caption\":\"three-station-indoor-vacuum-ckt-breaker\"},{\"@type\":\"BreadcrumbList\",\"@id\":\"https:\/\/www.tronkiele.com\/product\/three-station-indoor-vacuum-ckt-breaker\/#breadcrumb\",\"itemListElement\":[{\"@type\":\"ListItem\",\"position\":1,\"name\":\"Home\",\"item\":\"https:\/\/www.tronkiele.com\/\"},{\"@type\":\"ListItem\",\"position\":2,\"name\":\"Products\",\"item\":\"https:\/\/www.tronkiele.com\/shop\/\"},{\"@type\":\"ListItem\",\"position\":3,\"name\":\"BQVN-12GD Three Station Indoor Vacuum Ckt Breaker\"}]},{\"@type\":\"WebSite\",\"@id\":\"https:\/\/www.tronkiele.com\/#website\",\"url\":\"https:\/\/www.tronkiele.com\/\",\"name\":\"PINE-ZHENGXI\",\"description\":\"\",\"publisher\":{\"@id\":\"https:\/\/www.tronkiele.com\/#organization\"},\"potentialAction\":[{\"@type\":\"SearchAction\",\"target\":{\"@type\":\"EntryPoint\",\"urlTemplate\":\"https:\/\/www.tronkiele.com\/?s={search_term_string}\"},\"query-input\":{\"@type\":\"PropertyValueSpecification\",\"valueRequired\":true,\"valueName\":\"search_term_string\"}}],\"inLanguage\":\"fr-FR\"},{\"@type\":\"Organization\",\"@id\":\"https:\/\/www.tronkiele.com\/#organization\",\"name\":\"PINE-ZHENGXI\",\"url\":\"https:\/\/www.tronkiele.com\/\",\"logo\":{\"@type\":\"ImageObject\",\"inLanguage\":\"fr-FR\",\"@id\":\"https:\/\/www.tronkiele.com\/#\/schema\/logo\/image\/\",\"url\":\"https:\/\/www.tronkiele.com\/wp-content\/uploads\/2024\/11\/cropped-tronki.webp\",\"contentUrl\":\"https:\/\/www.tronkiele.com\/wp-content\/uploads\/2024\/11\/cropped-tronki.webp\",\"width\":512,\"height\":512,\"caption\":\"PINE-ZHENGXI\"},\"image\":{\"@id\":\"https:\/\/www.tronkiele.com\/#\/schema\/logo\/image\/\"}}]}<\/script>\n<!-- \/ Yoast SEO plugin. -->","yoast_head_json":{"title":"Disjoncteur \u00e0 vide int\u00e9rieur trois postes | Solution d'appareillage trois postes - TRONKIELE","description":"D\u00e9couvrez le disjoncteur \u00e0 vide d'int\u00e9rieur JYIELE, dot\u00e9 de trois stations pour un contr\u00f4le et une protection \u00e9lectriques efficaces. Con\u00e7u pour \u00eatre fiable et performant, ce disjoncteur assure un fonctionnement sans faille dans les environnements int\u00e9rieurs, en fournissant une protection essentielle des circuits pour diverses applications.","robots":{"index":"index","follow":"follow","max-snippet":"max-snippet:-1","max-image-preview":"max-image-preview:large","max-video-preview":"max-video-preview:-1"},"canonical":"https:\/\/www.tronkiele.com\/fr\/product\/three-station-indoor-vacuum-ckt-breaker\/","og_locale":"fr_FR","og_type":"article","og_title":"Three-station Indoor Vacuum Circuit Breaker | Three-Station Switchgear Solution - TRONKIELE","og_description":"Explore the JYIELE indoor vacuum circuit breaker, featuring three stations for efficient electrical control and protection. Built for reliability and performance, this breaker ensures seamless operation in indoor environments, providing essential circuit protection for various applications.","og_url":"https:\/\/www.tronkiele.com\/fr\/product\/three-station-indoor-vacuum-ckt-breaker\/","og_site_name":"PINE-ZHENGXI","article_modified_time":"2025-01-25T11:57:51+00:00","og_image":[{"width":600,"height":600,"url":"https:\/\/www.tronkiele.com\/wp-content\/uploads\/2020\/04\/three-station-indoor-vacuum-ckt-breaker-3.webp","type":"image\/webp"}],"twitter_card":"summary_large_image","twitter_misc":{"Dur\u00e9e de lecture estim\u00e9e":"4 minutes"},"schema":{"@context":"https:\/\/schema.org","@graph":[{"@type":"WebPage","@id":"https:\/\/www.tronkiele.com\/product\/three-station-indoor-vacuum-ckt-breaker\/","url":"https:\/\/www.tronkiele.com\/product\/three-station-indoor-vacuum-ckt-breaker\/","name":"Disjoncteur \u00e0 vide int\u00e9rieur trois postes | Solution d'appareillage trois postes - TRONKIELE","isPartOf":{"@id":"https:\/\/www.tronkiele.com\/#website"},"primaryImageOfPage":{"@id":"https:\/\/www.tronkiele.com\/product\/three-station-indoor-vacuum-ckt-breaker\/#primaryimage"},"image":{"@id":"https:\/\/www.tronkiele.com\/product\/three-station-indoor-vacuum-ckt-breaker\/#primaryimage"},"thumbnailUrl":"https:\/\/www.tronkiele.com\/wp-content\/uploads\/2020\/04\/three-station-indoor-vacuum-ckt-breaker-3.webp","datePublished":"2024-09-07T08:57:09+00:00","dateModified":"2025-01-25T11:57:51+00:00","description":"D\u00e9couvrez le disjoncteur \u00e0 vide d'int\u00e9rieur JYIELE, dot\u00e9 de trois stations pour un contr\u00f4le et une protection \u00e9lectriques efficaces. Con\u00e7u pour \u00eatre fiable et performant, ce disjoncteur assure un fonctionnement sans faille dans les environnements int\u00e9rieurs, en fournissant une protection essentielle des circuits pour diverses applications.","breadcrumb":{"@id":"https:\/\/www.tronkiele.com\/product\/three-station-indoor-vacuum-ckt-breaker\/#breadcrumb"},"inLanguage":"fr-FR","potentialAction":[{"@type":"ReadAction","target":["https:\/\/www.tronkiele.com\/product\/three-station-indoor-vacuum-ckt-breaker\/"]}]},{"@type":"ImageObject","inLanguage":"fr-FR","@id":"https:\/\/www.tronkiele.com\/product\/three-station-indoor-vacuum-ckt-breaker\/#primaryimage","url":"https:\/\/www.tronkiele.com\/wp-content\/uploads\/2020\/04\/three-station-indoor-vacuum-ckt-breaker-3.webp","contentUrl":"https:\/\/www.tronkiele.com\/wp-content\/uploads\/2020\/04\/three-station-indoor-vacuum-ckt-breaker-3.webp","width":600,"height":600,"caption":"three-station-indoor-vacuum-ckt-breaker"},{"@type":"BreadcrumbList","@id":"https:\/\/www.tronkiele.com\/product\/three-station-indoor-vacuum-ckt-breaker\/#breadcrumb","itemListElement":[{"@type":"ListItem","position":1,"name":"Home","item":"https:\/\/www.tronkiele.com\/"},{"@type":"ListItem","position":2,"name":"Products","item":"https:\/\/www.tronkiele.com\/shop\/"},{"@type":"ListItem","position":3,"name":"BQVN-12GD Three Station Indoor Vacuum Ckt Breaker"}]},{"@type":"WebSite","@id":"https:\/\/www.tronkiele.com\/#website","url":"https:\/\/www.tronkiele.com\/","name":"PINE-ZHENGXI","description":"","publisher":{"@id":"https:\/\/www.tronkiele.com\/#organization"},"potentialAction":[{"@type":"SearchAction","target":{"@type":"EntryPoint","urlTemplate":"https:\/\/www.tronkiele.com\/?s={search_term_string}"},"query-input":{"@type":"PropertyValueSpecification","valueRequired":true,"valueName":"search_term_string"}}],"inLanguage":"fr-FR"},{"@type":"Organization","@id":"https:\/\/www.tronkiele.com\/#organization","name":"PINE-ZHENGXI","url":"https:\/\/www.tronkiele.com\/","logo":{"@type":"ImageObject","inLanguage":"fr-FR","@id":"https:\/\/www.tronkiele.com\/#\/schema\/logo\/image\/","url":"https:\/\/www.tronkiele.com\/wp-content\/uploads\/2024\/11\/cropped-tronki.webp","contentUrl":"https:\/\/www.tronkiele.com\/wp-content\/uploads\/2024\/11\/cropped-tronki.webp","width":512,"height":512,"caption":"PINE-ZHENGXI"},"image":{"@id":"https:\/\/www.tronkiele.com\/#\/schema\/logo\/image\/"}}]}},"_links":{"self":[{"href":"https:\/\/www.tronkiele.com\/fr\/wp-json\/wp\/v2\/product\/19","targetHints":{"allow":["GET"]}}],"collection":[{"href":"https:\/\/www.tronkiele.com\/fr\/wp-json\/wp\/v2\/product"}],"about":[{"href":"https:\/\/www.tronkiele.com\/fr\/wp-json\/wp\/v2\/types\/product"}],"version-history":[{"count":5,"href":"https:\/\/www.tronkiele.com\/fr\/wp-json\/wp\/v2\/product\/19\/revisions"}],"predecessor-version":[{"id":21477,"href":"https:\/\/www.tronkiele.com\/fr\/wp-json\/wp\/v2\/product\/19\/revisions\/21477"}],"wp:featuredmedia":[{"embeddable":true,"href":"https:\/\/www.tronkiele.com\/fr\/wp-json\/wp\/v2\/media\/2241"}],"wp:attachment":[{"href":"https:\/\/www.tronkiele.com\/fr\/wp-json\/wp\/v2\/media?parent=19"}],"wp:term":[{"taxonomy":"product_brand","embeddable":true,"href":"https:\/\/www.tronkiele.com\/fr\/wp-json\/wp\/v2\/product_brand?post=19"},{"taxonomy":"product_cat","embeddable":true,"href":"https:\/\/www.tronkiele.com\/fr\/wp-json\/wp\/v2\/product_cat?post=19"},{"taxonomy":"product_tag","embeddable":true,"href":"https:\/\/www.tronkiele.com\/fr\/wp-json\/wp\/v2\/product_tag?post=19"}],"curies":[{"name":"wp","href":"https:\/\/api.w.org\/{rel}","templated":true}]}}