{"id":21439,"date":"2025-01-22T11:33:13","date_gmt":"2025-01-22T11:33:13","guid":{"rendered":"https:\/\/www.tronkiele.com\/?post_type=product&#038;p=21439"},"modified":"2025-03-30T10:48:32","modified_gmt":"2025-03-30T10:48:32","slug":"vs1-indoor-air-circuit-breaker-vcb","status":"publish","type":"product","link":"https:\/\/www.tronkiele.com\/fr\/product\/vs1-indoor-air-circuit-breaker-vcb\/","title":{"rendered":"Haute qualit\u00e9 VS1 12kv High Voltage Indoor Solid Air Circuit Breaker VCB For Switchgear"},"content":{"rendered":"<p>Le disjoncteur \u00e0 vide \u00e0 air int\u00e9rieur haute tension de type VS1-12 est adapt\u00e9 au syst\u00e8me d'alimentation triphas\u00e9 AC 50Hz, tension nominale 12kV, largement utilis\u00e9 dans les centrales \u00e9lectriques, les sous-stations et les entreprises industrielles et mini\u00e8res pour le contr\u00f4le et la protection des \u00e9quipements \u00e9lectriques. Il peut \u00eatre install\u00e9 de mani\u00e8re flexible dans une armoire blind\u00e9e, une armoire fixe ou une armoire isol\u00e9e au gaz de type KYN28-12. Il est particuli\u00e8rement adapt\u00e9 aux op\u00e9rations fr\u00e9quentes et peut \u00eatre install\u00e9 de mani\u00e8re flexible dans une armoire blind\u00e9e de type KYN28-12, une armoire fixe ou une armoire isol\u00e9e au gaz.<\/p>\n<h2>Caract\u00e9ristiques du produit<\/h2>\n<p><strong>Coque durable rev\u00eatue par pulv\u00e9risation<\/strong><br \/>\nLa coque adopte un mat\u00e9riau antirouille \u00e9pais pour garantir un fonctionnement stable \u00e0 long terme et une forte r\u00e9sistance \u00e0 la corrosion.<\/p>\n<p><strong>Panneau de commande intuitif<\/strong><br \/>\nDot\u00e9 d'une fen\u00eatre visuelle claire, il affiche l'\u00e9tat du contact en temps r\u00e9el afin d'\u00e9viter toute erreur de manipulation.<\/p>\n<p><strong>Contacts en cuivre de haute qualit\u00e9<\/strong><br \/>\nLes contacts sont en cuivre pur plaqu\u00e9 argent, combin\u00e9s \u00e0 des ressorts de haute pr\u00e9cision, ce qui les rend plus conducteurs et plus s\u00fbrs.<\/p>\n<p><strong>Mat\u00e9riaux isolants de haute qualit\u00e9<\/strong><br \/>\nLa colonne isolante en caoutchouc composite poss\u00e8de de bonnes propri\u00e9t\u00e9s anti-salissures et d'\u00e9tanch\u00e9it\u00e9, ce qui am\u00e9liore la fiabilit\u00e9 de l'\u00e9quipement.<\/p>\n<h2>Conditions applicables<\/h2>\n<p>Altitude : \u22642000 m\u00e8tres<br \/>\nTemp\u00e9rature ambiante : -15\u2103 \u00e0 +40\u2103<br \/>\nHumidit\u00e9 relative : \u226495%<br \/>\nR\u00e9sistance sismique : Adaptation \u00e0 l'intensit\u00e9 d'un tremblement de terre de magnitude 8<br \/>\nEnvironnement d'installation : Pas d'\u00e9gouttement, d'incendie, de risques d'explosion, de salissures importantes, de corrosion chimique ou de vibrations importantes.<\/p>\n<h2>VSl E fixe (poteau scell\u00e9 fixe) dimensions<\/h2>\n<p><img fetchpriority=\"high\" decoding=\"async\" class=\"alignnone wp-image-21443\" src=\"https:\/\/www.tronkiele.com\/wp-content\/uploads\/2025\/01\/VS1-12-E-fixed-type-dimensions.webp\" alt=\"VS1-12 E type fixe dimensions\" width=\"772\" height=\"879\" srcset=\"https:\/\/www.tronkiele.com\/wp-content\/uploads\/2025\/01\/VS1-12-E-fixed-type-dimensions.webp 1857w, https:\/\/www.tronkiele.com\/wp-content\/uploads\/2025\/01\/VS1-12-E-fixed-type-dimensions-264x300.webp 264w, https:\/\/www.tronkiele.com\/wp-content\/uploads\/2025\/01\/VS1-12-E-fixed-type-dimensions-703x800.webp 703w, https:\/\/www.tronkiele.com\/wp-content\/uploads\/2025\/01\/VS1-12-E-fixed-type-dimensions-768x874.webp 768w, https:\/\/www.tronkiele.com\/wp-content\/uploads\/2025\/01\/VS1-12-E-fixed-type-dimensions-1349x1536.webp 1349w, https:\/\/www.tronkiele.com\/wp-content\/uploads\/2025\/01\/VS1-12-E-fixed-type-dimensions-1799x2048.webp 1799w, https:\/\/www.tronkiele.com\/wp-content\/uploads\/2025\/01\/VS1-12-E-fixed-type-dimensions-11x12.webp 11w, https:\/\/www.tronkiele.com\/wp-content\/uploads\/2025\/01\/VS1-12-E-fixed-type-dimensions-430x490.webp 430w, https:\/\/www.tronkiele.com\/wp-content\/uploads\/2025\/01\/VS1-12-E-fixed-type-dimensions-700x797.webp 700w, https:\/\/www.tronkiele.com\/wp-content\/uploads\/2025\/01\/VS1-12-E-fixed-type-dimensions-150x171.webp 150w\" sizes=\"(max-width: 772px) 100vw, 772px\" \/><\/p>\n<p>1. enclenchement et fermeture du verrouillage m\u00e9canique (extension gauche ou extension droite)<br \/>\n2. verrouillage de la broche (extension gauche ou extension droite ou pas d'extension)<br \/>\n3.46 Socle d'aviation ou borne secondaire<br \/>\n4. Manipulation du trou de levage<br \/>\n5. Poign\u00e9e de stockage d'\u00e9nergie<\/p>\n<p>&nbsp;<\/p>","protected":false},"excerpt":{"rendered":"<p>Pouvoir de coupure\uff1a31,5kA, 80kA<br \/>\nTension nominale\uff1a12kV<br \/>\nCourant nominal\uff1a1250A<br \/>\nNom du produit\uff1aIntdoor Vacuum Circuit Breaker<br \/>\nNorme\uff1aGB\/T 1984-2014<br \/>\nFr\u00e9quence\uff1a50HZ<br \/>\nOEM\uff1aOffertes<\/p>","protected":false},"featured_media":2251,"template":"","meta":[],"product_brand":[],"product_cat":[17],"product_tag":[],"class_list":{"0":"post-21439","1":"product","2":"type-product","3":"status-publish","4":"has-post-thumbnail","6":"product_cat-vacuum-circuit-breaker","8":"first","9":"instock","10":"taxable","11":"shipping-taxable","12":"product-type-simple"},"yoast_head":"<!-- This site is optimized with the Yoast SEO plugin v25.0 - https:\/\/yoast.com\/wordpress\/plugins\/seo\/ -->\n<title>VS1 12kv High Voltage Indoor Air Circuit Breaker VCB From China Manufacturer - PINE<\/title>\n<meta name=\"description\" content=\"High Voltage Indoor Air Circuit Breaker VCB from Chinese Manufacturer TRONKI. Directly purchase low price and high quality air vacuum circuit breaker.\" \/>\n<meta name=\"robots\" content=\"index, follow, max-snippet:-1, max-image-preview:large, max-video-preview:-1\" \/>\n<link rel=\"canonical\" href=\"https:\/\/www.tronkiele.com\/fr\/product\/vs1-indoor-air-circuit-breaker-vcb\/\" \/>\n<meta property=\"og:locale\" content=\"fr_FR\" \/>\n<meta property=\"og:type\" content=\"article\" \/>\n<meta property=\"og:title\" content=\"VS1 12kv High Voltage Indoor Air Circuit Breaker VCB From China Manufacturer - PINE\" \/>\n<meta property=\"og:description\" content=\"High Voltage Indoor Air Circuit Breaker VCB from Chinese Manufacturer TRONKI. Directly purchase low price and high quality air vacuum circuit breaker.\" \/>\n<meta property=\"og:url\" content=\"https:\/\/www.tronkiele.com\/fr\/product\/vs1-indoor-air-circuit-breaker-vcb\/\" \/>\n<meta property=\"og:site_name\" content=\"PINE\" \/>\n<meta property=\"article:modified_time\" content=\"2025-03-30T10:48:32+00:00\" \/>\n<meta property=\"og:image\" content=\"https:\/\/www.tronkiele.com\/wp-content\/uploads\/2024\/09\/High-Voltage-AC-Vacuum-Load-Switch-1.webp\" \/>\n\t<meta property=\"og:image:width\" content=\"600\" \/>\n\t<meta property=\"og:image:height\" content=\"600\" \/>\n\t<meta property=\"og:image:type\" content=\"image\/webp\" \/>\n<meta name=\"twitter:card\" content=\"summary_large_image\" \/>\n<meta name=\"twitter:label1\" content=\"Dur\u00e9e de lecture estim\u00e9e\" \/>\n\t<meta name=\"twitter:data1\" content=\"2 minutes\" \/>\n<script type=\"application\/ld+json\" class=\"yoast-schema-graph\">{\"@context\":\"https:\/\/schema.org\",\"@graph\":[{\"@type\":\"WebPage\",\"@id\":\"https:\/\/www.tronkiele.com\/product\/vs1-indoor-air-circuit-breaker-vcb\/\",\"url\":\"https:\/\/www.tronkiele.com\/product\/vs1-indoor-air-circuit-breaker-vcb\/\",\"name\":\"VS1 12kv High Voltage Indoor Air Circuit Breaker VCB From China Manufacturer - PINE\",\"isPartOf\":{\"@id\":\"https:\/\/www.tronkiele.com\/#website\"},\"primaryImageOfPage\":{\"@id\":\"https:\/\/www.tronkiele.com\/product\/vs1-indoor-air-circuit-breaker-vcb\/#primaryimage\"},\"image\":{\"@id\":\"https:\/\/www.tronkiele.com\/product\/vs1-indoor-air-circuit-breaker-vcb\/#primaryimage\"},\"thumbnailUrl\":\"https:\/\/www.tronkiele.com\/wp-content\/uploads\/2024\/09\/High-Voltage-AC-Vacuum-Load-Switch-1.webp\",\"datePublished\":\"2025-01-22T11:33:13+00:00\",\"dateModified\":\"2025-03-30T10:48:32+00:00\",\"description\":\"High Voltage Indoor Air Circuit Breaker VCB from Chinese Manufacturer TRONKI. Directly purchase low price and high quality air vacuum circuit breaker.\",\"breadcrumb\":{\"@id\":\"https:\/\/www.tronkiele.com\/product\/vs1-indoor-air-circuit-breaker-vcb\/#breadcrumb\"},\"inLanguage\":\"fr-FR\",\"potentialAction\":[{\"@type\":\"ReadAction\",\"target\":[\"https:\/\/www.tronkiele.com\/product\/vs1-indoor-air-circuit-breaker-vcb\/\"]}]},{\"@type\":\"ImageObject\",\"inLanguage\":\"fr-FR\",\"@id\":\"https:\/\/www.tronkiele.com\/product\/vs1-indoor-air-circuit-breaker-vcb\/#primaryimage\",\"url\":\"https:\/\/www.tronkiele.com\/wp-content\/uploads\/2024\/09\/High-Voltage-AC-Vacuum-Load-Switch-1.webp\",\"contentUrl\":\"https:\/\/www.tronkiele.com\/wp-content\/uploads\/2024\/09\/High-Voltage-AC-Vacuum-Load-Switch-1.webp\",\"width\":600,\"height\":600,\"caption\":\"High Voltage AC Vacuum Load Switch\"},{\"@type\":\"BreadcrumbList\",\"@id\":\"https:\/\/www.tronkiele.com\/product\/vs1-indoor-air-circuit-breaker-vcb\/#breadcrumb\",\"itemListElement\":[{\"@type\":\"ListItem\",\"position\":1,\"name\":\"Home\",\"item\":\"https:\/\/www.tronkiele.com\/\"},{\"@type\":\"ListItem\",\"position\":2,\"name\":\"Products\",\"item\":\"https:\/\/www.tronkiele.com\/shop\/\"},{\"@type\":\"ListItem\",\"position\":3,\"name\":\"High Quality VS1 12kv High Voltage Indoor Solid Air Circuit Breaker VCB For Switchgear\"}]},{\"@type\":\"WebSite\",\"@id\":\"https:\/\/www.tronkiele.com\/#website\",\"url\":\"https:\/\/www.tronkiele.com\/\",\"name\":\"PINE\",\"description\":\"\",\"publisher\":{\"@id\":\"https:\/\/www.tronkiele.com\/#organization\"},\"potentialAction\":[{\"@type\":\"SearchAction\",\"target\":{\"@type\":\"EntryPoint\",\"urlTemplate\":\"https:\/\/www.tronkiele.com\/?s={search_term_string}\"},\"query-input\":{\"@type\":\"PropertyValueSpecification\",\"valueRequired\":true,\"valueName\":\"search_term_string\"}}],\"inLanguage\":\"fr-FR\"},{\"@type\":\"Organization\",\"@id\":\"https:\/\/www.tronkiele.com\/#organization\",\"name\":\"PINE\",\"url\":\"https:\/\/www.tronkiele.com\/\",\"logo\":{\"@type\":\"ImageObject\",\"inLanguage\":\"fr-FR\",\"@id\":\"https:\/\/www.tronkiele.com\/#\/schema\/logo\/image\/\",\"url\":\"https:\/\/www.tronkiele.com\/wp-content\/uploads\/2024\/11\/cropped-tronki.webp\",\"contentUrl\":\"https:\/\/www.tronkiele.com\/wp-content\/uploads\/2024\/11\/cropped-tronki.webp\",\"width\":512,\"height\":512,\"caption\":\"PINE\"},\"image\":{\"@id\":\"https:\/\/www.tronkiele.com\/#\/schema\/logo\/image\/\"}}]}<\/script>\n<!-- \/ Yoast SEO plugin. -->","yoast_head_json":{"title":"VS1 12kv High Voltage Indoor Air Circuit Breaker VCB From China Manufacturer - PINE","description":"Disjoncteur \u00e0 air int\u00e9rieur haute tension VCB du fabricant chinois TRONKI. Achat direct de disjoncteurs \u00e0 vide de haute qualit\u00e9 et \u00e0 bas prix.","robots":{"index":"index","follow":"follow","max-snippet":"max-snippet:-1","max-image-preview":"max-image-preview:large","max-video-preview":"max-video-preview:-1"},"canonical":"https:\/\/www.tronkiele.com\/fr\/product\/vs1-indoor-air-circuit-breaker-vcb\/","og_locale":"fr_FR","og_type":"article","og_title":"VS1 12kv High Voltage Indoor Air Circuit Breaker VCB From China Manufacturer - PINE","og_description":"High Voltage Indoor Air Circuit Breaker VCB from Chinese Manufacturer TRONKI. Directly purchase low price and high quality air vacuum circuit breaker.","og_url":"https:\/\/www.tronkiele.com\/fr\/product\/vs1-indoor-air-circuit-breaker-vcb\/","og_site_name":"PINE","article_modified_time":"2025-03-30T10:48:32+00:00","og_image":[{"width":600,"height":600,"url":"https:\/\/www.tronkiele.com\/wp-content\/uploads\/2024\/09\/High-Voltage-AC-Vacuum-Load-Switch-1.webp","type":"image\/webp"}],"twitter_card":"summary_large_image","twitter_misc":{"Dur\u00e9e de lecture estim\u00e9e":"2 minutes"},"schema":{"@context":"https:\/\/schema.org","@graph":[{"@type":"WebPage","@id":"https:\/\/www.tronkiele.com\/product\/vs1-indoor-air-circuit-breaker-vcb\/","url":"https:\/\/www.tronkiele.com\/product\/vs1-indoor-air-circuit-breaker-vcb\/","name":"VS1 12kv High Voltage Indoor Air Circuit Breaker VCB From China Manufacturer - PINE","isPartOf":{"@id":"https:\/\/www.tronkiele.com\/#website"},"primaryImageOfPage":{"@id":"https:\/\/www.tronkiele.com\/product\/vs1-indoor-air-circuit-breaker-vcb\/#primaryimage"},"image":{"@id":"https:\/\/www.tronkiele.com\/product\/vs1-indoor-air-circuit-breaker-vcb\/#primaryimage"},"thumbnailUrl":"https:\/\/www.tronkiele.com\/wp-content\/uploads\/2024\/09\/High-Voltage-AC-Vacuum-Load-Switch-1.webp","datePublished":"2025-01-22T11:33:13+00:00","dateModified":"2025-03-30T10:48:32+00:00","description":"Disjoncteur \u00e0 air int\u00e9rieur haute tension VCB du fabricant chinois TRONKI. Achat direct de disjoncteurs \u00e0 vide de haute qualit\u00e9 et \u00e0 bas prix.","breadcrumb":{"@id":"https:\/\/www.tronkiele.com\/product\/vs1-indoor-air-circuit-breaker-vcb\/#breadcrumb"},"inLanguage":"fr-FR","potentialAction":[{"@type":"ReadAction","target":["https:\/\/www.tronkiele.com\/product\/vs1-indoor-air-circuit-breaker-vcb\/"]}]},{"@type":"ImageObject","inLanguage":"fr-FR","@id":"https:\/\/www.tronkiele.com\/product\/vs1-indoor-air-circuit-breaker-vcb\/#primaryimage","url":"https:\/\/www.tronkiele.com\/wp-content\/uploads\/2024\/09\/High-Voltage-AC-Vacuum-Load-Switch-1.webp","contentUrl":"https:\/\/www.tronkiele.com\/wp-content\/uploads\/2024\/09\/High-Voltage-AC-Vacuum-Load-Switch-1.webp","width":600,"height":600,"caption":"High Voltage AC Vacuum Load Switch"},{"@type":"BreadcrumbList","@id":"https:\/\/www.tronkiele.com\/product\/vs1-indoor-air-circuit-breaker-vcb\/#breadcrumb","itemListElement":[{"@type":"ListItem","position":1,"name":"Home","item":"https:\/\/www.tronkiele.com\/"},{"@type":"ListItem","position":2,"name":"Products","item":"https:\/\/www.tronkiele.com\/shop\/"},{"@type":"ListItem","position":3,"name":"High Quality VS1 12kv High Voltage Indoor Solid Air Circuit Breaker VCB For Switchgear"}]},{"@type":"WebSite","@id":"https:\/\/www.tronkiele.com\/#website","url":"https:\/\/www.tronkiele.com\/","name":"PIN","description":"","publisher":{"@id":"https:\/\/www.tronkiele.com\/#organization"},"potentialAction":[{"@type":"SearchAction","target":{"@type":"EntryPoint","urlTemplate":"https:\/\/www.tronkiele.com\/?s={search_term_string}"},"query-input":{"@type":"PropertyValueSpecification","valueRequired":true,"valueName":"search_term_string"}}],"inLanguage":"fr-FR"},{"@type":"Organization","@id":"https:\/\/www.tronkiele.com\/#organization","name":"PIN","url":"https:\/\/www.tronkiele.com\/","logo":{"@type":"ImageObject","inLanguage":"fr-FR","@id":"https:\/\/www.tronkiele.com\/#\/schema\/logo\/image\/","url":"https:\/\/www.tronkiele.com\/wp-content\/uploads\/2024\/11\/cropped-tronki.webp","contentUrl":"https:\/\/www.tronkiele.com\/wp-content\/uploads\/2024\/11\/cropped-tronki.webp","width":512,"height":512,"caption":"PINE"},"image":{"@id":"https:\/\/www.tronkiele.com\/#\/schema\/logo\/image\/"}}]}},"_links":{"self":[{"href":"https:\/\/www.tronkiele.com\/fr\/wp-json\/wp\/v2\/product\/21439","targetHints":{"allow":["GET"]}}],"collection":[{"href":"https:\/\/www.tronkiele.com\/fr\/wp-json\/wp\/v2\/product"}],"about":[{"href":"https:\/\/www.tronkiele.com\/fr\/wp-json\/wp\/v2\/types\/product"}],"version-history":[{"count":7,"href":"https:\/\/www.tronkiele.com\/fr\/wp-json\/wp\/v2\/product\/21439\/revisions"}],"predecessor-version":[{"id":21447,"href":"https:\/\/www.tronkiele.com\/fr\/wp-json\/wp\/v2\/product\/21439\/revisions\/21447"}],"wp:featuredmedia":[{"embeddable":true,"href":"https:\/\/www.tronkiele.com\/fr\/wp-json\/wp\/v2\/media\/2251"}],"wp:attachment":[{"href":"https:\/\/www.tronkiele.com\/fr\/wp-json\/wp\/v2\/media?parent=21439"}],"wp:term":[{"taxonomy":"product_brand","embeddable":true,"href":"https:\/\/www.tronkiele.com\/fr\/wp-json\/wp\/v2\/product_brand?post=21439"},{"taxonomy":"product_cat","embeddable":true,"href":"https:\/\/www.tronkiele.com\/fr\/wp-json\/wp\/v2\/product_cat?post=21439"},{"taxonomy":"product_tag","embeddable":true,"href":"https:\/\/www.tronkiele.com\/fr\/wp-json\/wp\/v2\/product_tag?post=21439"}],"curies":[{"name":"wp","href":"https:\/\/api.w.org\/{rel}","templated":true}]}}