{"id":21487,"date":"2025-01-29T11:13:49","date_gmt":"2025-01-29T11:13:49","guid":{"rendered":"https:\/\/www.tronkiele.com\/?post_type=product&#038;p=21487"},"modified":"2025-04-30T13:46:34","modified_gmt":"2025-04-30T13:46:34","slug":"fkn12a-12-indoor-high-voltage-vacuum-load-break-switch","status":"publish","type":"product","link":"https:\/\/www.tronkiele.com\/fr\/product\/fkn12a-12-indoor-high-voltage-vacuum-load-break-switch\/","title":{"rendered":"FKN12A-12 Interrupteur \u00e0 coupure de charge \u00e0 vide haute tension d'int\u00e9rieur LBS avec fusible"},"content":{"rendered":"<h2>Caract\u00e9ristiques du produit et champ d'application<\/h2>\n<p><strong>Cas largement utilis\u00e9s :<\/strong><br \/>\nApplicable aux stations de distribution, sous-stations et autres lieux des entreprises industrielles et mini\u00e8res pour la protection et le contr\u00f4le de l'\u00e9quipement \u00e9lectrique.<br \/>\n<strong>Fonctions principales :<\/strong><br \/>\nCourant de charge d'ouverture et de fermeture et courant de boucle ferm\u00e9e<br \/>\nManipulation du courant de charge du transformateur et du c\u00e2ble \u00e0 vide<br \/>\nAvec capacit\u00e9 de fermeture en cas de court-circuit<br \/>\n<strong>Fonctionnement pratique :<\/strong><br \/>\nIl est possible de l'utiliser aussi bien manuellement qu'\u00e9lectriquement, ce qui permet des fonctions de contr\u00f4le \u00e0 distance pratiques.<\/p>\n<h2>Conditions de travail<\/h2>\n<p>Altitude : \u22641000m<br \/>\nTemp\u00e9rature ambiante : Maximum +40\u2103, minimum -25\u2103 (il est permis de stocker et de transporter \u00e0 -30\u2103).<br \/>\nHumidit\u00e9 de l'air :<br \/>\nValeur moyenne journali\u00e8re n'exc\u00e9dant pas 95%<br \/>\nValeur moyenne mensuelle ne d\u00e9passant pas 90%<br \/>\nDegr\u00e9 de pollution : Grade I<br \/>\nIntensit\u00e9 sismique : Moins de 8 degr\u00e9s d'intensit\u00e9 sismique<br \/>\nVibrations et pollution : Il n'y a pas de vibrations fr\u00e9quentes et intenses. L'air ambiant ne contient pas de gaz corrosifs ou inflammables ni de pollution par la vapeur d'eau.<\/p>\n<h2>Param\u00e8tres techniques<\/h2>\n<table border=\"0\" width=\"954\" cellspacing=\"0\" cellpadding=\"0\">\n<tbody>\n<tr>\n<td class=\"et2\" rowspan=\"2\" width=\"60\" height=\"41\"><span class=\"font2\">Non.<\/span><\/td>\n<td class=\"et2\" colspan=\"2\" rowspan=\"2\" width=\"379\"><span class=\"font3\">Objet<\/span><\/td>\n<td class=\"et2\" rowspan=\"2\" width=\"51\"><span class=\"font4\">Unit\u00e9<\/span><\/td>\n<td class=\"et2\" colspan=\"2\" width=\"463\"><span class=\"font5\">Donn\u00e9es<\/span><\/td>\n<\/tr>\n<tr>\n<td class=\"et2\" width=\"232\"><span class=\"font6\">FZN25-12DL\/T630-20<\/span><\/td>\n<td class=\"et2\" width=\"230\"><span class=\"font7\">FZRN25-12DL\/T20O-31.5<\/span><\/td>\n<\/tr>\n<tr>\n<td class=\"et3\" width=\"60\" height=\"20\"><\/td>\n<td class=\"et4\" colspan=\"2\" width=\"379\"><span class=\"font6\">Tension nominale<\/span><\/td>\n<td class=\"et5\" width=\"51\"><span class=\"font6\">KV<\/span><\/td>\n<td class=\"et6\" colspan=\"2\" width=\"463\">12<\/td>\n<\/tr>\n<tr>\n<td class=\"et7\" width=\"60\" height=\"20\">2<\/td>\n<td class=\"et8\" colspan=\"2\" width=\"379\"><span class=\"font6\">Courant nominal<\/span><\/td>\n<td class=\"et9\" width=\"51\"><span class=\"font6\">A<\/span><\/td>\n<td class=\"et7\" width=\"232\">630<\/td>\n<td class=\"et7\" width=\"230\">200<\/td>\n<\/tr>\n<tr>\n<td class=\"et10\" width=\"60\" height=\"17\">3<\/td>\n<td class=\"et8\" colspan=\"2\" width=\"379\"><span class=\"font6\">Fr\u00e9quence nominale<\/span><\/td>\n<td class=\"et11\" width=\"51\"><span class=\"font6\">HZ<\/span><\/td>\n<td class=\"et10\" colspan=\"2\" width=\"463\">50<\/td>\n<\/tr>\n<tr>\n<td class=\"et12\" rowspan=\"2\" width=\"60\" height=\"55\">4<\/td>\n<td class=\"et8\" rowspan=\"2\" width=\"120\"><span class=\"font6\">Isolation nominale\u00a0<\/span><span class=\"font6\">niveau<\/span><\/td>\n<td class=\"et8\" width=\"259\"><span class=\"font6\">1 min r\u00e9sistance \u00e0 la fr\u00e9quence d'alimentation\u00a0<\/span><span class=\"font6\">tension<\/span><\/td>\n<td class=\"et13\" width=\"51\"><span class=\"font6\">KV<\/span><\/td>\n<td class=\"et9\" colspan=\"2\" width=\"463\"><span class=\"font6\">Chambre d'arc entre les contacts ouverts 30;A la terre, phase \u00e0 phase 42\u00a0<\/span><span class=\"font6\">Isolation entre contacts ouverts 48<\/span><\/td>\n<\/tr>\n<tr>\n<td class=\"et8\" width=\"259\"><span class=\"font6\">Tension de r\u00e9sistance aux chocs de foudre<\/span><\/td>\n<td class=\"et9\" width=\"51\"><span class=\"font6\">KV<\/span><\/td>\n<td class=\"et9\" colspan=\"2\" width=\"463\"><span class=\"font6\">Vers la terre, phase \u00e0 phase 75;Isolation entre contact ouvert 85<\/span><\/td>\n<\/tr>\n<tr>\n<td class=\"et7\" width=\"60\" height=\"18\">5<\/td>\n<td class=\"et8\" colspan=\"2\" width=\"379\"><span class=\"font6\">Courant nominal de courte dur\u00e9e<\/span><\/td>\n<td class=\"et9\" width=\"51\"><span class=\"font6\">KA<\/span><\/td>\n<td class=\"et7\" width=\"232\">20<\/td>\n<td class=\"et14\" width=\"230\"><\/td>\n<\/tr>\n<tr>\n<td class=\"et7\" width=\"60\" height=\"20\">6<\/td>\n<td class=\"et8\" colspan=\"2\" width=\"379\"><span class=\"font6\">Dur\u00e9e nominale du court-circuit<\/span><\/td>\n<td class=\"et9\" width=\"51\"><span class=\"font6\">S<\/span><\/td>\n<td class=\"et7\" width=\"232\">4<\/td>\n<td class=\"et14\" width=\"230\"><\/td>\n<\/tr>\n<tr>\n<td class=\"et7\" width=\"60\" height=\"19\">7<\/td>\n<td class=\"et8\" colspan=\"2\" width=\"379\"><span class=\"font6\">Courant de r\u00e9sistance nominal de cr\u00eate<\/span><\/td>\n<td class=\"et9\" width=\"51\"><span class=\"font6\">KA<\/span><\/td>\n<td class=\"et7\" width=\"232\">50<\/td>\n<td class=\"et14\" width=\"230\"><\/td>\n<\/tr>\n<tr>\n<td class=\"et7\" width=\"60\" height=\"19\">8<\/td>\n<td class=\"et8\" colspan=\"2\" width=\"379\"><span class=\"font6\">Courant nominal de rupture de la charge active<\/span><\/td>\n<td class=\"et9\" width=\"51\"><span class=\"font6\">A<\/span><\/td>\n<td class=\"et7\" width=\"232\">630<\/td>\n<td class=\"et14\" width=\"230\"><\/td>\n<\/tr>\n<tr>\n<td class=\"et7\" width=\"60\" height=\"18\">9<\/td>\n<td class=\"et8\" colspan=\"2\" width=\"379\"><span class=\"font6\">Courant de rupture nominal en boucle ferm\u00e9e<\/span><\/td>\n<td class=\"et9\" width=\"51\"><span class=\"font6\">A<\/span><\/td>\n<td class=\"et7\" width=\"232\">630<\/td>\n<td class=\"et14\" width=\"230\"><\/td>\n<\/tr>\n<tr>\n<td class=\"et7\" width=\"60\" height=\"19\">10<\/td>\n<td class=\"et8\" colspan=\"2\" width=\"379\"><span class=\"font6\">Courant nominal de rupture de charge du c\u00e2ble<\/span><\/td>\n<td class=\"et9\" width=\"51\"><span class=\"font6\">A<\/span><\/td>\n<td class=\"et7\" width=\"232\">10<\/td>\n<td class=\"et14\" width=\"230\"><\/td>\n<\/tr>\n<tr>\n<td class=\"et7\" width=\"60\" height=\"20\">11<\/td>\n<td class=\"et8\" colspan=\"2\" width=\"379\"><span class=\"font6\">Capacit\u00e9 nominale du transformateur \u00e0 vide<\/span><\/td>\n<td class=\"et9\" width=\"51\"><span class=\"font6\">KVA<\/span><\/td>\n<td class=\"et7\" colspan=\"2\" width=\"463\">1600<\/td>\n<\/tr>\n<tr>\n<td class=\"et7\" width=\"60\" height=\"19\">12<\/td>\n<td class=\"et8\" colspan=\"2\" width=\"379\"><span class=\"font6\">Courant nominal de rupture en court-circuit<\/span><\/td>\n<td class=\"et9\" width=\"51\"><span class=\"font6\">KA<\/span><\/td>\n<td class=\"et9\" width=\"232\"><span class=\"font8\">\u4e00<\/span><\/td>\n<td class=\"et15\" width=\"230\">31.5<\/td>\n<\/tr>\n<tr>\n<td class=\"et7\" width=\"60\" height=\"18\">13<\/td>\n<td class=\"et8\" colspan=\"2\" width=\"379\"><span class=\"font6\">Courant de transfert nominal<\/span><\/td>\n<td class=\"et9\" width=\"51\"><span class=\"font6\">A<\/span><\/td>\n<td class=\"et16\" width=\"232\"><\/td>\n<td class=\"et7\" width=\"230\">2000<\/td>\n<\/tr>\n<tr>\n<td class=\"et7\" width=\"60\" height=\"18\">14<\/td>\n<td class=\"et8\" colspan=\"2\" width=\"379\"><span class=\"font6\">Type de fusible<\/span><\/td>\n<td class=\"et14\" width=\"51\"><\/td>\n<td class=\"et14\" width=\"232\"><\/td>\n<td class=\"et9\" width=\"230\"><span class=\"font6\">SDLAJ-12\u3001XPNT1-12<\/span><\/td>\n<\/tr>\n<tr>\n<td class=\"et7\" width=\"60\" height=\"19\">15<\/td>\n<td class=\"et8\" colspan=\"2\" width=\"379\"><span class=\"font6\">\u00c9nergie de sortie de l'impacteur<\/span><\/td>\n<td class=\"et9\" width=\"51\"><span class=\"font6\">J<\/span><\/td>\n<td class=\"et14\" width=\"232\"><\/td>\n<td class=\"et9\" width=\"230\"><span class=\"font6\">1+0.5<\/span><\/td>\n<\/tr>\n<tr>\n<td class=\"et7\" width=\"60\" height=\"20\">16<\/td>\n<td class=\"et8\" colspan=\"2\" width=\"379\"><span class=\"font6\">Courant nominal de fermeture en cas de court-circuit<\/span><\/td>\n<td class=\"et9\" width=\"51\"><span class=\"font6\">KA<\/span><\/td>\n<td class=\"et16\" width=\"232\"><\/td>\n<td class=\"et9\" width=\"230\"><span class=\"font6\">80 (pic attendu)<\/span><\/td>\n<\/tr>\n<tr>\n<td class=\"et7\" width=\"60\" height=\"18\">17<\/td>\n<td class=\"et8\" colspan=\"2\" width=\"379\"><span class=\"font6\">Sectionneur de mise \u00e0 la terre Courant de courte dur\u00e9e admissible nominal<\/span><\/td>\n<td class=\"et9\" width=\"51\"><span class=\"font6\">KA<\/span><\/td>\n<td class=\"et7\" colspan=\"2\" width=\"463\">20<\/td>\n<\/tr>\n<tr>\n<td class=\"et7\" width=\"60\" height=\"18\">18<\/td>\n<td class=\"et8\" colspan=\"2\" width=\"379\"><span class=\"font6\">Dur\u00e9e nominale du court-circuit du sectionneur de terre<\/span><\/td>\n<td class=\"et9\" width=\"51\"><span class=\"font6\">S<\/span><\/td>\n<td class=\"et7\" colspan=\"2\" width=\"463\">2<\/td>\n<\/tr>\n<tr>\n<td class=\"et7\" width=\"60\" height=\"19\">19<\/td>\n<td class=\"et8\" colspan=\"2\" width=\"379\"><span class=\"font6\">Interrupteur de mise \u00e0 la terre Courant de cr\u00eate admissible nominal<\/span><\/td>\n<td class=\"et9\" width=\"51\"><span class=\"font6\">KA<\/span><\/td>\n<td class=\"et7\" colspan=\"2\" width=\"463\">50<\/td>\n<\/tr>\n<tr>\n<td class=\"et7\" width=\"60\" height=\"20\">20<\/td>\n<td class=\"et8\" colspan=\"2\" width=\"379\"><span class=\"font6\">Tension nominale du circuit auxiliaire<\/span><\/td>\n<td class=\"et9\" width=\"51\"><span class=\"font6\">V<\/span><\/td>\n<td class=\"et9\" colspan=\"2\" width=\"463\"><span class=\"font6\">\u224c 220V\u3001\u224c 110V<\/span><\/td>\n<\/tr>\n<tr>\n<td class=\"et7\" width=\"60\" height=\"17\">21<\/td>\n<td class=\"et17\" colspan=\"2\" width=\"379\"><span class=\"font6\">Dur\u00e9e de vie m\u00e9canique<\/span><\/td>\n<td class=\"et9\" width=\"51\"><span class=\"font6\">Temps<\/span><\/td>\n<td class=\"et7\" colspan=\"2\" width=\"463\">10000<\/td>\n<\/tr>\n<\/tbody>\n<\/table>\n<h2>Environnement<\/h2>\n<p><img fetchpriority=\"high\" decoding=\"async\" class=\"alignnone wp-image-21490 size-full\" src=\"https:\/\/www.tronkiele.com\/wp-content\/uploads\/2025\/01\/Indoor-High-Voltage-Vacuum-Load-Break-Switch-LBS-Drawing.webp\" alt=\"Interrupteur de rupture de charge \u00e0 vide haute tension pour l&#039;int\u00e9rieur Dessin LBS\" width=\"1074\" height=\"632\" srcset=\"https:\/\/www.tronkiele.com\/wp-content\/uploads\/2025\/01\/Indoor-High-Voltage-Vacuum-Load-Break-Switch-LBS-Drawing.webp 1074w, https:\/\/www.tronkiele.com\/wp-content\/uploads\/2025\/01\/Indoor-High-Voltage-Vacuum-Load-Break-Switch-LBS-Drawing-400x235.webp 400w, https:\/\/www.tronkiele.com\/wp-content\/uploads\/2025\/01\/Indoor-High-Voltage-Vacuum-Load-Break-Switch-LBS-Drawing-768x452.webp 768w, https:\/\/www.tronkiele.com\/wp-content\/uploads\/2025\/01\/Indoor-High-Voltage-Vacuum-Load-Break-Switch-LBS-Drawing-18x12.webp 18w, https:\/\/www.tronkiele.com\/wp-content\/uploads\/2025\/01\/Indoor-High-Voltage-Vacuum-Load-Break-Switch-LBS-Drawing-430x253.webp 430w, https:\/\/www.tronkiele.com\/wp-content\/uploads\/2025\/01\/Indoor-High-Voltage-Vacuum-Load-Break-Switch-LBS-Drawing-700x412.webp 700w, https:\/\/www.tronkiele.com\/wp-content\/uploads\/2025\/01\/Indoor-High-Voltage-Vacuum-Load-Break-Switch-LBS-Drawing-150x88.webp 150w\" sizes=\"(max-width: 1074px) 100vw, 1074px\" \/><\/p>\n<h2>FZN25-12DL\/T630-20 Interrupteur \u00e0 vide int\u00e9rieur haute tension<\/h2>\n<p>Tension nominale 12kV, triphas\u00e9 AC 50Hz, pour utilisation dans les stations de distribution industrielles et mini\u00e8res, commutation de charge et protection.<br \/>\nPrincipales fonctions : Commutation et fermeture du courant de charge, conduite du transformateur \u00e0 vide et du courant de charge du c\u00e2ble.<br \/>\nMode de fonctionnement : Fonctionnement manuel et \u00e9lectrique, pratique pour la mise en \u0153uvre de la fonction \"trois t\u00e9l\u00e9commandes\".<br \/>\nAvec fonction de mise \u00e0 la terre : \u00c9quip\u00e9 d'un interrupteur de mise \u00e0 la terre, il peut fermer le courant de court-circuit en toute s\u00e9curit\u00e9.<\/p>\n<h2>FZR25-12DL\/T200-31.5 Appareil combin\u00e9 interrupteur-fusible<\/h2>\n<p>Con\u00e7u pour la protection contre les courts-circuits et le contr\u00f4le de la charge, applicable au syst\u00e8me int\u00e9rieur 12kV triphas\u00e9 AC 50Hz<br \/>\nFonction caract\u00e9ristique :<br \/>\nProtection contre les courts-circuits et contr\u00f4le du courant de charge<br \/>\n\u00c9quip\u00e9 d'un interrupteur de mise \u00e0 la terre, il permet la fermeture en cas de courant de court-circuit. Mode de fonctionnement : manuel et \u00e9lectrique pour r\u00e9pondre aux besoins de contr\u00f4le intelligent.<\/p>","protected":false},"excerpt":{"rendered":"<p>Type:FKN12A-12<br \/>\nCe disjoncteur \u00e0 vide de haute tension peut \u00eatre install\u00e9 avec un interrupteur de mise \u00e0 la terre ayant la capacit\u00e9 de fermer le courant de court-circuit. L'interrupteur permet deux modes diff\u00e9rents - manuel et \u00e9lectrique. Son utilisation dans les syst\u00e8mes d'alimentation lui permet de se conformer \u00e0 trois types de commandes (\u00e0 distance, par t\u00e9l\u00e9m\u00e9trie et par t\u00e9l\u00e9signalisation).<\/p>","protected":false},"featured_media":21488,"template":"","meta":[],"product_brand":[],"product_cat":[17],"product_tag":[],"class_list":{"0":"post-21487","1":"product","2":"type-product","3":"status-publish","4":"has-post-thumbnail","6":"product_cat-vacuum-circuit-breaker","8":"first","9":"instock","10":"featured","11":"taxable","12":"shipping-taxable","13":"product-type-simple"},"yoast_head":"<!-- This site is optimized with the Yoast SEO plugin v25.0 - https:\/\/yoast.com\/wordpress\/plugins\/seo\/ -->\n<title>China FKN12A-12 Indoor High Voltage Vacuum Load Break Switch LBS - PINE-ZHENGXI<\/title>\n<meta name=\"robots\" content=\"index, follow, max-snippet:-1, max-image-preview:large, max-video-preview:-1\" \/>\n<link rel=\"canonical\" href=\"https:\/\/www.tronkiele.com\/fr\/product\/fkn12a-12-indoor-high-voltage-vacuum-load-break-switch\/\" \/>\n<meta property=\"og:locale\" content=\"fr_FR\" \/>\n<meta property=\"og:type\" content=\"article\" \/>\n<meta property=\"og:title\" content=\"China FKN12A-12 Indoor High Voltage Vacuum Load Break Switch LBS - PINE-ZHENGXI\" \/>\n<meta property=\"og:description\" content=\"Type:FKN12A-12 This vacuum load break switch of high voltage can be installed along with grounding switch having feature to close the short-circuit current. The switch allows two different modes - manual and electric mode. Its use in power systems allows it to comply with three types of controls (remote, telemetry, and telesignaling).\" \/>\n<meta property=\"og:url\" content=\"https:\/\/www.tronkiele.com\/fr\/product\/fkn12a-12-indoor-high-voltage-vacuum-load-break-switch\/\" \/>\n<meta property=\"og:site_name\" content=\"PINE-ZHENGXI\" \/>\n<meta property=\"article:modified_time\" content=\"2025-04-30T13:46:34+00:00\" \/>\n<meta property=\"og:image\" content=\"https:\/\/www.tronkiele.com\/wp-content\/uploads\/2025\/01\/FKN12A-12-Indoor-High-Voltage-Vacuum-Load-Break-Switch-LBS.webp\" \/>\n\t<meta property=\"og:image:width\" content=\"800\" \/>\n\t<meta property=\"og:image:height\" content=\"800\" \/>\n\t<meta property=\"og:image:type\" content=\"image\/webp\" \/>\n<meta name=\"twitter:card\" content=\"summary_large_image\" \/>\n<meta name=\"twitter:label1\" content=\"Dur\u00e9e de lecture estim\u00e9e\" \/>\n\t<meta name=\"twitter:data1\" content=\"3 minutes\" \/>\n<script type=\"application\/ld+json\" class=\"yoast-schema-graph\">{\"@context\":\"https:\/\/schema.org\",\"@graph\":[{\"@type\":\"WebPage\",\"@id\":\"https:\/\/www.tronkiele.com\/product\/fkn12a-12-indoor-high-voltage-vacuum-load-break-switch\/\",\"url\":\"https:\/\/www.tronkiele.com\/product\/fkn12a-12-indoor-high-voltage-vacuum-load-break-switch\/\",\"name\":\"China FKN12A-12 Indoor High Voltage Vacuum Load Break Switch LBS - PINE-ZHENGXI\",\"isPartOf\":{\"@id\":\"https:\/\/www.tronkiele.com\/#website\"},\"primaryImageOfPage\":{\"@id\":\"https:\/\/www.tronkiele.com\/product\/fkn12a-12-indoor-high-voltage-vacuum-load-break-switch\/#primaryimage\"},\"image\":{\"@id\":\"https:\/\/www.tronkiele.com\/product\/fkn12a-12-indoor-high-voltage-vacuum-load-break-switch\/#primaryimage\"},\"thumbnailUrl\":\"https:\/\/www.tronkiele.com\/wp-content\/uploads\/2025\/01\/FKN12A-12-Indoor-High-Voltage-Vacuum-Load-Break-Switch-LBS.webp\",\"datePublished\":\"2025-01-29T11:13:49+00:00\",\"dateModified\":\"2025-04-30T13:46:34+00:00\",\"breadcrumb\":{\"@id\":\"https:\/\/www.tronkiele.com\/product\/fkn12a-12-indoor-high-voltage-vacuum-load-break-switch\/#breadcrumb\"},\"inLanguage\":\"fr-FR\",\"potentialAction\":[{\"@type\":\"ReadAction\",\"target\":[\"https:\/\/www.tronkiele.com\/product\/fkn12a-12-indoor-high-voltage-vacuum-load-break-switch\/\"]}]},{\"@type\":\"ImageObject\",\"inLanguage\":\"fr-FR\",\"@id\":\"https:\/\/www.tronkiele.com\/product\/fkn12a-12-indoor-high-voltage-vacuum-load-break-switch\/#primaryimage\",\"url\":\"https:\/\/www.tronkiele.com\/wp-content\/uploads\/2025\/01\/FKN12A-12-Indoor-High-Voltage-Vacuum-Load-Break-Switch-LBS.webp\",\"contentUrl\":\"https:\/\/www.tronkiele.com\/wp-content\/uploads\/2025\/01\/FKN12A-12-Indoor-High-Voltage-Vacuum-Load-Break-Switch-LBS.webp\",\"width\":800,\"height\":800,\"caption\":\"FKN12A-12 Indoor High Voltage Vacuum Load Break Switch LBS\"},{\"@type\":\"BreadcrumbList\",\"@id\":\"https:\/\/www.tronkiele.com\/product\/fkn12a-12-indoor-high-voltage-vacuum-load-break-switch\/#breadcrumb\",\"itemListElement\":[{\"@type\":\"ListItem\",\"position\":1,\"name\":\"Home\",\"item\":\"https:\/\/www.tronkiele.com\/\"},{\"@type\":\"ListItem\",\"position\":2,\"name\":\"Products\",\"item\":\"https:\/\/www.tronkiele.com\/shop\/\"},{\"@type\":\"ListItem\",\"position\":3,\"name\":\"FKN12A-12 Indoor High Voltage Vacuum Load Break Switch LBS with Fuse Link\"}]},{\"@type\":\"WebSite\",\"@id\":\"https:\/\/www.tronkiele.com\/#website\",\"url\":\"https:\/\/www.tronkiele.com\/\",\"name\":\"PINE-ZHENGXI\",\"description\":\"\",\"publisher\":{\"@id\":\"https:\/\/www.tronkiele.com\/#organization\"},\"potentialAction\":[{\"@type\":\"SearchAction\",\"target\":{\"@type\":\"EntryPoint\",\"urlTemplate\":\"https:\/\/www.tronkiele.com\/?s={search_term_string}\"},\"query-input\":{\"@type\":\"PropertyValueSpecification\",\"valueRequired\":true,\"valueName\":\"search_term_string\"}}],\"inLanguage\":\"fr-FR\"},{\"@type\":\"Organization\",\"@id\":\"https:\/\/www.tronkiele.com\/#organization\",\"name\":\"PINE-ZHENGXI\",\"url\":\"https:\/\/www.tronkiele.com\/\",\"logo\":{\"@type\":\"ImageObject\",\"inLanguage\":\"fr-FR\",\"@id\":\"https:\/\/www.tronkiele.com\/#\/schema\/logo\/image\/\",\"url\":\"https:\/\/www.tronkiele.com\/wp-content\/uploads\/2024\/11\/cropped-tronki.webp\",\"contentUrl\":\"https:\/\/www.tronkiele.com\/wp-content\/uploads\/2024\/11\/cropped-tronki.webp\",\"width\":512,\"height\":512,\"caption\":\"PINE-ZHENGXI\"},\"image\":{\"@id\":\"https:\/\/www.tronkiele.com\/#\/schema\/logo\/image\/\"}}]}<\/script>\n<!-- \/ Yoast SEO plugin. -->","yoast_head_json":{"title":"Chine FKN12A-12 Interrupteur de rupture de charge \u00e0 vide haute tension pour int\u00e9rieur LBS - PINE-ZHENGXI","robots":{"index":"index","follow":"follow","max-snippet":"max-snippet:-1","max-image-preview":"max-image-preview:large","max-video-preview":"max-video-preview:-1"},"canonical":"https:\/\/www.tronkiele.com\/fr\/product\/fkn12a-12-indoor-high-voltage-vacuum-load-break-switch\/","og_locale":"fr_FR","og_type":"article","og_title":"China FKN12A-12 Indoor High Voltage Vacuum Load Break Switch LBS - PINE-ZHENGXI","og_description":"Type:FKN12A-12 This vacuum load break switch of high voltage can be installed along with grounding switch having feature to close the short-circuit current. The switch allows two different modes - manual and electric mode. Its use in power systems allows it to comply with three types of controls (remote, telemetry, and telesignaling).","og_url":"https:\/\/www.tronkiele.com\/fr\/product\/fkn12a-12-indoor-high-voltage-vacuum-load-break-switch\/","og_site_name":"PINE-ZHENGXI","article_modified_time":"2025-04-30T13:46:34+00:00","og_image":[{"width":800,"height":800,"url":"https:\/\/www.tronkiele.com\/wp-content\/uploads\/2025\/01\/FKN12A-12-Indoor-High-Voltage-Vacuum-Load-Break-Switch-LBS.webp","type":"image\/webp"}],"twitter_card":"summary_large_image","twitter_misc":{"Dur\u00e9e de lecture estim\u00e9e":"3 minutes"},"schema":{"@context":"https:\/\/schema.org","@graph":[{"@type":"WebPage","@id":"https:\/\/www.tronkiele.com\/product\/fkn12a-12-indoor-high-voltage-vacuum-load-break-switch\/","url":"https:\/\/www.tronkiele.com\/product\/fkn12a-12-indoor-high-voltage-vacuum-load-break-switch\/","name":"Chine FKN12A-12 Interrupteur de rupture de charge \u00e0 vide haute tension pour int\u00e9rieur LBS - PINE-ZHENGXI","isPartOf":{"@id":"https:\/\/www.tronkiele.com\/#website"},"primaryImageOfPage":{"@id":"https:\/\/www.tronkiele.com\/product\/fkn12a-12-indoor-high-voltage-vacuum-load-break-switch\/#primaryimage"},"image":{"@id":"https:\/\/www.tronkiele.com\/product\/fkn12a-12-indoor-high-voltage-vacuum-load-break-switch\/#primaryimage"},"thumbnailUrl":"https:\/\/www.tronkiele.com\/wp-content\/uploads\/2025\/01\/FKN12A-12-Indoor-High-Voltage-Vacuum-Load-Break-Switch-LBS.webp","datePublished":"2025-01-29T11:13:49+00:00","dateModified":"2025-04-30T13:46:34+00:00","breadcrumb":{"@id":"https:\/\/www.tronkiele.com\/product\/fkn12a-12-indoor-high-voltage-vacuum-load-break-switch\/#breadcrumb"},"inLanguage":"fr-FR","potentialAction":[{"@type":"ReadAction","target":["https:\/\/www.tronkiele.com\/product\/fkn12a-12-indoor-high-voltage-vacuum-load-break-switch\/"]}]},{"@type":"ImageObject","inLanguage":"fr-FR","@id":"https:\/\/www.tronkiele.com\/product\/fkn12a-12-indoor-high-voltage-vacuum-load-break-switch\/#primaryimage","url":"https:\/\/www.tronkiele.com\/wp-content\/uploads\/2025\/01\/FKN12A-12-Indoor-High-Voltage-Vacuum-Load-Break-Switch-LBS.webp","contentUrl":"https:\/\/www.tronkiele.com\/wp-content\/uploads\/2025\/01\/FKN12A-12-Indoor-High-Voltage-Vacuum-Load-Break-Switch-LBS.webp","width":800,"height":800,"caption":"FKN12A-12 Indoor High Voltage Vacuum Load Break Switch LBS"},{"@type":"BreadcrumbList","@id":"https:\/\/www.tronkiele.com\/product\/fkn12a-12-indoor-high-voltage-vacuum-load-break-switch\/#breadcrumb","itemListElement":[{"@type":"ListItem","position":1,"name":"Home","item":"https:\/\/www.tronkiele.com\/"},{"@type":"ListItem","position":2,"name":"Products","item":"https:\/\/www.tronkiele.com\/shop\/"},{"@type":"ListItem","position":3,"name":"FKN12A-12 Indoor High Voltage Vacuum Load Break Switch LBS with Fuse Link"}]},{"@type":"WebSite","@id":"https:\/\/www.tronkiele.com\/#website","url":"https:\/\/www.tronkiele.com\/","name":"PINE-ZHENGXI","description":"","publisher":{"@id":"https:\/\/www.tronkiele.com\/#organization"},"potentialAction":[{"@type":"SearchAction","target":{"@type":"EntryPoint","urlTemplate":"https:\/\/www.tronkiele.com\/?s={search_term_string}"},"query-input":{"@type":"PropertyValueSpecification","valueRequired":true,"valueName":"search_term_string"}}],"inLanguage":"fr-FR"},{"@type":"Organization","@id":"https:\/\/www.tronkiele.com\/#organization","name":"PINE-ZHENGXI","url":"https:\/\/www.tronkiele.com\/","logo":{"@type":"ImageObject","inLanguage":"fr-FR","@id":"https:\/\/www.tronkiele.com\/#\/schema\/logo\/image\/","url":"https:\/\/www.tronkiele.com\/wp-content\/uploads\/2024\/11\/cropped-tronki.webp","contentUrl":"https:\/\/www.tronkiele.com\/wp-content\/uploads\/2024\/11\/cropped-tronki.webp","width":512,"height":512,"caption":"PINE-ZHENGXI"},"image":{"@id":"https:\/\/www.tronkiele.com\/#\/schema\/logo\/image\/"}}]}},"_links":{"self":[{"href":"https:\/\/www.tronkiele.com\/fr\/wp-json\/wp\/v2\/product\/21487","targetHints":{"allow":["GET"]}}],"collection":[{"href":"https:\/\/www.tronkiele.com\/fr\/wp-json\/wp\/v2\/product"}],"about":[{"href":"https:\/\/www.tronkiele.com\/fr\/wp-json\/wp\/v2\/types\/product"}],"version-history":[{"count":2,"href":"https:\/\/www.tronkiele.com\/fr\/wp-json\/wp\/v2\/product\/21487\/revisions"}],"predecessor-version":[{"id":21491,"href":"https:\/\/www.tronkiele.com\/fr\/wp-json\/wp\/v2\/product\/21487\/revisions\/21491"}],"wp:featuredmedia":[{"embeddable":true,"href":"https:\/\/www.tronkiele.com\/fr\/wp-json\/wp\/v2\/media\/21488"}],"wp:attachment":[{"href":"https:\/\/www.tronkiele.com\/fr\/wp-json\/wp\/v2\/media?parent=21487"}],"wp:term":[{"taxonomy":"product_brand","embeddable":true,"href":"https:\/\/www.tronkiele.com\/fr\/wp-json\/wp\/v2\/product_brand?post=21487"},{"taxonomy":"product_cat","embeddable":true,"href":"https:\/\/www.tronkiele.com\/fr\/wp-json\/wp\/v2\/product_cat?post=21487"},{"taxonomy":"product_tag","embeddable":true,"href":"https:\/\/www.tronkiele.com\/fr\/wp-json\/wp\/v2\/product_tag?post=21487"}],"curies":[{"name":"wp","href":"https:\/\/api.w.org\/{rel}","templated":true}]}}