{"id":21723,"date":"2025-05-02T10:51:19","date_gmt":"2025-05-02T10:51:19","guid":{"rendered":"https:\/\/www.tronkiele.com\/?post_type=product&#038;p=21723"},"modified":"2025-05-02T10:53:27","modified_gmt":"2025-05-02T10:53:27","slug":"11kv-3-phase-dry-type-cast-resin-distribution-transformer","status":"publish","type":"product","link":"https:\/\/www.tronkiele.com\/fr\/product\/11kv-3-phase-dry-type-cast-resin-distribution-transformer\/","title":{"rendered":"SCB11 Transformateur de distribution triphas\u00e9 \u00e0 sec en r\u00e9sine coul\u00e9e 11KV"},"content":{"rendered":"<h2>Caract\u00e9ristiques :<\/h2>\n<p><strong>S\u00e9curit\u00e9 et fiabilit\u00e9 avanc\u00e9es :<\/strong><\/p>\n<p>Ignifug\u00e9 et antid\u00e9flagrant : L'encapsulation en r\u00e9sine \u00e9poxy est conforme aux normes de s\u00e9curit\u00e9 incendie les plus strictes, offrant ainsi le niveau de protection le plus \u00e9lev\u00e9.<br \/>\nSans entretien : La conception antipollution rend l'entretien inutile, ce qui garantit une longue dur\u00e9e de vie.<br \/>\nCompact et durable : Con\u00e7u pour une int\u00e9gration profonde dans les centres de charge avec un encombrement limit\u00e9, id\u00e9al pour les conceptions \u00e0 faible encombrement.<\/p>\n<p><strong>Performance sup\u00e9rieure :<\/strong><\/p>\n<p>Faible d\u00e9charge partielle : Le moulage sous vide de haute technologie offre une faible d\u00e9charge partielle (&lt;10pC), ce qui am\u00e9liore la fiabilit\u00e9 du transformateur.<br \/>\nR\u00e9duction du bruit : Fonctionnement silencieux, niveau de bruit &lt;55dB, gr\u00e2ce \u00e0 une architecture de liaison bien con\u00e7ue.<br \/>\nEfficacit\u00e9 thermique : Capacit\u00e9 de dissipation thermique robuste avec une tol\u00e9rance de surcharge de 40% pour les conditions de refroidissement par air forc\u00e9.<\/p>\n<p><strong>Contr\u00f4le intelligent :<\/strong><\/p>\n<p>Surveillance intelligente : \u00c9quip\u00e9 d'un contr\u00f4leur thermique embarqu\u00e9 avec alarmes de d\u00e9faillance, arr\u00eat automatique et enregistrement des donn\u00e9es de la \"bo\u00eete noire\" pour une s\u00e9curit\u00e9 accrue et un meilleur suivi des performances.<br \/>\nConnectivit\u00e9 \u00e0 distance : L'interface RS485 permet une surveillance et un contr\u00f4le en temps r\u00e9el via un ordinateur, ce qui facilite le fonctionnement et am\u00e9liore l'efficacit\u00e9 op\u00e9rationnelle.<\/p>\n<h2><strong>Param\u00e8tres techniques :<\/strong><\/h2>\n<table>\n<tbody>\n<tr>\n<td colspan=\"15\">Caract\u00e9ristiques techniques du transformateur de puissance triphas\u00e9 \u00e0 sec de classe SC(B)11 \u00e0 isolation en r\u00e9sine coul\u00e9e F<\/td>\n<td><\/td>\n<\/tr>\n<tr>\n<td><\/td>\n<td colspan=\"2\"><\/td>\n<td><\/td>\n<td colspan=\"2\">Perte (kW)<\/td>\n<td><\/td>\n<td>Tension d'imp\u00e9dance<\/td>\n<td>Niveau d'isolation<\/td>\n<td>Poids (kg)<\/td>\n<td colspan=\"3\">Dimensions ext\u00e9rieures (mm)<\/td>\n<td colspan=\"3\">Dimensions avec bo\u00eetier de protection<\/td>\n<\/tr>\n<tr>\n<td>Capacit\u00e9 nominale<\/td>\n<td colspan=\"2\">Groupe de tension (kV)<\/td>\n<td rowspan=\"2\">M\u00e9thode de connexion<\/td>\n<td><\/td>\n<td>\u00a0(120\u00baC)<\/td>\n<td>Courant \u00e0 vide<\/td>\n<td><\/td>\n<td rowspan=\"2\"><\/td>\n<td rowspan=\"2\"><\/td>\n<td>(L)<\/td>\n<td>(W)<\/td>\n<td>(H)<\/td>\n<td>(L)<\/td>\n<td>(W)<\/td>\n<td>(H)<\/td>\n<\/tr>\n<tr>\n<td>(kVA)<\/td>\n<td>HV<\/td>\n<td>LV<\/td>\n<td>Sans charge<\/td>\n<td>Chargement<\/td>\n<td>%<\/td>\n<td><\/td>\n<td colspan=\"3\"><\/td>\n<td><\/td>\n<td><\/td>\n<td><\/td>\n<\/tr>\n<tr>\n<td>10<\/td>\n<td><\/td>\n<td rowspan=\"24\">0.4<\/td>\n<td rowspan=\"24\">Dyn11 Yyn0<\/td>\n<td>0.121<\/td>\n<td>0.29<\/td>\n<td>3.8<\/td>\n<td rowspan=\"15\">4<\/td>\n<td rowspan=\"24\">F\/F<\/td>\n<td>130<\/td>\n<td>600<\/td>\n<td>450<\/td>\n<td>490<\/td>\n<td>900<\/td>\n<td>800<\/td>\n<td>850<\/td>\n<\/tr>\n<tr>\n<td>20<\/td>\n<td><\/td>\n<td>0.153<\/td>\n<td>0.565<\/td>\n<td>3.3<\/td>\n<td>170<\/td>\n<td>600<\/td>\n<td>450<\/td>\n<td>560<\/td>\n<td>900<\/td>\n<td>800<\/td>\n<td>850<\/td>\n<\/tr>\n<tr>\n<td>30<\/td>\n<td><\/td>\n<td>0.176<\/td>\n<td>0.67<\/td>\n<td>2.5<\/td>\n<td>330<\/td>\n<td>620<\/td>\n<td>450<\/td>\n<td>650<\/td>\n<td>1050<\/td>\n<td>900<\/td>\n<td>1000<\/td>\n<\/tr>\n<tr>\n<td>50<\/td>\n<td><\/td>\n<td>0.243<\/td>\n<td>0.896<\/td>\n<td>2<\/td>\n<td>380<\/td>\n<td>620<\/td>\n<td>450<\/td>\n<td>750<\/td>\n<td>1050<\/td>\n<td>900<\/td>\n<td>1000<\/td>\n<\/tr>\n<tr>\n<td>63<\/td>\n<td><\/td>\n<td>0.314<\/td>\n<td>1.15<\/td>\n<td>2<\/td>\n<td>440<\/td>\n<td>750<\/td>\n<td>500<\/td>\n<td>760<\/td>\n<td>1050<\/td>\n<td>1000<\/td>\n<td>1150<\/td>\n<\/tr>\n<tr>\n<td>80<\/td>\n<td><\/td>\n<td>0.333<\/td>\n<td>1.311<\/td>\n<td>2<\/td>\n<td>510<\/td>\n<td>750<\/td>\n<td>500<\/td>\n<td>760<\/td>\n<td>1100<\/td>\n<td>1000<\/td>\n<td>1150<\/td>\n<\/tr>\n<tr>\n<td>100<\/td>\n<td><\/td>\n<td>0.36<\/td>\n<td>1.492<\/td>\n<td>1.9<\/td>\n<td>590<\/td>\n<td>750<\/td>\n<td>500<\/td>\n<td>890<\/td>\n<td>1150<\/td>\n<td>1100<\/td>\n<td>1250<\/td>\n<\/tr>\n<tr>\n<td>125<\/td>\n<td>11<\/td>\n<td>0.423<\/td>\n<td>1.758<\/td>\n<td>1.7<\/td>\n<td>650<\/td>\n<td>1060<\/td>\n<td>600<\/td>\n<td>1020<\/td>\n<td>1350<\/td>\n<td>1050<\/td>\n<td>1200<\/td>\n<\/tr>\n<tr>\n<td>160<\/td>\n<td>10.5<\/td>\n<td>0.491<\/td>\n<td>2.023<\/td>\n<td>1.7<\/td>\n<td>780<\/td>\n<td>1060<\/td>\n<td>600<\/td>\n<td>1060<\/td>\n<td>1400<\/td>\n<td>1050<\/td>\n<td>1250<\/td>\n<\/tr>\n<tr>\n<td>200<\/td>\n<td>10<\/td>\n<td>0.563<\/td>\n<td>2.403<\/td>\n<td>1.5<\/td>\n<td>930<\/td>\n<td>1060<\/td>\n<td>710<\/td>\n<td>1120<\/td>\n<td>1450<\/td>\n<td>1100<\/td>\n<td>1350<\/td>\n<\/tr>\n<tr>\n<td>250<\/td>\n<td>6.3<\/td>\n<td>0.648<\/td>\n<td>2.622<\/td>\n<td>1.5<\/td>\n<td>1040<\/td>\n<td>1100<\/td>\n<td>710<\/td>\n<td>1140<\/td>\n<td>1500<\/td>\n<td>1150<\/td>\n<td>1400<\/td>\n<\/tr>\n<tr>\n<td>315<\/td>\n<td>6<\/td>\n<td>0.792<\/td>\n<td>3.297<\/td>\n<td>1.3<\/td>\n<td>1180<\/td>\n<td>1150<\/td>\n<td>710<\/td>\n<td>1195<\/td>\n<td>1500<\/td>\n<td>1200<\/td>\n<td>1450<\/td>\n<\/tr>\n<tr>\n<td>400<\/td>\n<td><\/td>\n<td>0.878<\/td>\n<td>3.791<\/td>\n<td>1.3<\/td>\n<td>1450<\/td>\n<td>1260<\/td>\n<td>870<\/td>\n<td>1285<\/td>\n<td>1600<\/td>\n<td>1250<\/td>\n<td>1600<\/td>\n<\/tr>\n<tr>\n<td>500<\/td>\n<td><\/td>\n<td>1.044<\/td>\n<td>4.636<\/td>\n<td>1.3<\/td>\n<td>1630<\/td>\n<td>1290<\/td>\n<td>870<\/td>\n<td>1355<\/td>\n<td>1600<\/td>\n<td>1300<\/td>\n<td>1650<\/td>\n<\/tr>\n<tr>\n<td>630<\/td>\n<td><\/td>\n<td>1.211<\/td>\n<td>5.577<\/td>\n<td>1.1<\/td>\n<td>1900<\/td>\n<td>1450<\/td>\n<td>870<\/td>\n<td>1420<\/td>\n<td>1800<\/td>\n<td>1300<\/td>\n<td>1700<\/td>\n<\/tr>\n<tr>\n<td>630<\/td>\n<td><\/td>\n<td>1.117<\/td>\n<td>5.662<\/td>\n<td>1.1<\/td>\n<td rowspan=\"7\">6<\/td>\n<td>1900<\/td>\n<td>1500<\/td>\n<td>870<\/td>\n<td>1370<\/td>\n<td>1850<\/td>\n<td>1300<\/td>\n<td>1650<\/td>\n<\/tr>\n<tr>\n<td>800<\/td>\n<td><\/td>\n<td>1.444<\/td>\n<td>6.607<\/td>\n<td>1.1<\/td>\n<td>2290<\/td>\n<td>1550<\/td>\n<td>870<\/td>\n<td>1570<\/td>\n<td>1900<\/td>\n<td>1300<\/td>\n<td>1800<\/td>\n<\/tr>\n<tr>\n<td>1000<\/td>\n<td><\/td>\n<td>1.593<\/td>\n<td>7.724<\/td>\n<td>1<\/td>\n<td>2700<\/td>\n<td>1600<\/td>\n<td>870<\/td>\n<td>1665<\/td>\n<td>1950<\/td>\n<td>1300<\/td>\n<td>1950<\/td>\n<\/tr>\n<tr>\n<td>1250<\/td>\n<td><\/td>\n<td>1.881<\/td>\n<td>9.206<\/td>\n<td>1<\/td>\n<td>3130<\/td>\n<td>1680<\/td>\n<td>1120<\/td>\n<td>1765<\/td>\n<td>2050<\/td>\n<td>1350<\/td>\n<td>2000<\/td>\n<\/tr>\n<tr>\n<td>1600<\/td>\n<td><\/td>\n<td>2.205<\/td>\n<td>11.14<\/td>\n<td>1<\/td>\n<td>3740<\/td>\n<td>1750<\/td>\n<td>1120<\/td>\n<td>1860<\/td>\n<td>2100<\/td>\n<td>1400<\/td>\n<td>2100<\/td>\n<\/tr>\n<tr>\n<td>2000<\/td>\n<td><\/td>\n<td>2.988<\/td>\n<td>13.73<\/td>\n<td>0.9<\/td>\n<td>4150<\/td>\n<td>1770<\/td>\n<td>1120<\/td>\n<td>1865<\/td>\n<td>2150<\/td>\n<td>1500<\/td>\n<td>2100<\/td>\n<\/tr>\n<tr>\n<td>2500<\/td>\n<td><\/td>\n<td>3.6<\/td>\n<td>16.31<\/td>\n<td>0.8<\/td>\n<td>4810<\/td>\n<td>1870<\/td>\n<td>1120<\/td>\n<td>1950<\/td>\n<td>2200<\/td>\n<td>1500<\/td>\n<td>2200<\/td>\n<\/tr>\n<tr>\n<td>3150<\/td>\n<td><\/td>\n<td>4.626<\/td>\n<td>21.38<\/td>\n<td>0.7<\/td>\n<td rowspan=\"2\">8<\/td>\n<td>5800<\/td>\n<td>1950<\/td>\n<td>1120<\/td>\n<td>1900<\/td>\n<td>2350<\/td>\n<td>1600<\/td>\n<td>2250<\/td>\n<\/tr>\n<tr>\n<td>4000<\/td>\n<td><\/td>\n<td>5.364<\/td>\n<td>25.65<\/td>\n<td>0.7<\/td>\n<td>7100<\/td>\n<td>2100<\/td>\n<td>1120<\/td>\n<td>2050<\/td>\n<td>2400<\/td>\n<td>1600<\/td>\n<td>2300<\/td>\n<\/tr>\n<tr>\n<td colspan=\"15\">(Note) : (Plage de pr\u00e9l\u00e8vement de la haute tension) \u00b15% ; \u00b12\u00d72.5%, Fr\u00e9quence : 50Hz.<\/td>\n<td><\/td>\n<\/tr>\n<\/tbody>\n<\/table>\n<h2>Application polyvalente :<\/h2>\n<p>Commercial : H\u00f4tels, a\u00e9roports, gratte-ciel, centres commerciaux.<br \/>\nIndustrie : Centrales \u00e9lectriques, fonderies, plateformes offshore, m\u00e9tros.<br \/>\nInfrastructures critiques : H\u00f4pitaux, centres de donn\u00e9es, complexes r\u00e9sidentiels.<\/p>\n<h2>Faits saillants techniques :<\/h2>\n<p><strong>Structure de base :<\/strong><\/p>\n<p>Mat\u00e9riau : Acier au silicium lamin\u00e9 \u00e0 froid import\u00e9 avec articulations \u00e0 trois niveaux enti\u00e8rement inclin\u00e9es.<br \/>\nConception : Les bandes de liaison non r\u00e9tractables de classe F r\u00e9duisent la perte \u00e0 vide (&lt;0,5 W\/kg) et le bruit de fond.<br \/>\nTraitement de surface : Rev\u00eatement anticorrosion sur les fixations pour assurer une stabilit\u00e9 op\u00e9rationnelle \u00e0 long terme.<\/p>\n<p><strong>Enroulements :<\/strong><\/p>\n<p>Enroulement haute tension : Isolation en r\u00e9sine \u00e9poxy coul\u00e9e sous vide avec renforcement en fibre de verre pour une r\u00e9sistance m\u00e9canique accrue.<br \/>\nBobinage basse tension : Structure d'enroulement en feuille de cuivre avec conduits de refroidissement axiaux pour une dissipation uniforme de la chaleur, et isolation intercalaire pr\u00e9-impr\u00e9gn\u00e9e d'\u00e9poxy DMD.<br \/>\nD\u00e9charge partielle : &lt;5pC.<\/p>\n<h2>Processus de production :<\/h2>\n<p>Bobinage de pr\u00e9cision : Des machines CNC de haute pr\u00e9cision garantissent l'homog\u00e9n\u00e9it\u00e9 des bobines.<br \/>\nCoul\u00e9e sous vide : Assure une isolation sans vide en \u00e9liminant les bulles d'air.<br \/>\nDurcissement et essais : Protocoles de solidification personnalis\u00e9s conformes aux normes GB\/T 10228-2015.<\/p>\n<h2>Conformit\u00e9 et normes :<\/h2>\n<p>Certifications : GB\/T 10228-2015, GB 6450-1986, JB\/T 10088-2016, GB 4208-2017.<\/p>\n<p>Protection de l'environnement : Protection IP54, offrant une r\u00e9sistance \u00e0 la poussi\u00e8re et \u00e0 l'humidit\u00e9.<\/p>\n<h2>Pourquoi nous choisir ?<\/h2>\n<p>Solutions personnalis\u00e9es : Nous proposons des conceptions sur mesure pour r\u00e9pondre \u00e0 des exigences sp\u00e9cifiques en mati\u00e8re de tension, de refroidissement et de contr\u00f4le.<br \/>\nExpertise mondiale : Des performances \u00e9prouv\u00e9es dans des climats extr\u00eames et des installations \u00e0 haute densit\u00e9.<br \/>\nLivraison rapide : Avec une capacit\u00e9 de plus de 10 000 unit\u00e9s par mois, nous assurons une livraison dans les d\u00e9lais sans compromettre la qualit\u00e9.<\/p>\n<h2>FAQ<\/h2>\n<p>Q1 : Quel est l'avantage d'utiliser un transformateur en r\u00e9sine coul\u00e9e plut\u00f4t qu'un transformateur rempli d'huile ?<br \/>\nR : Les transformateurs en r\u00e9sine coul\u00e9e sont plus \u00e9cologiques et plus s\u00fbrs que les transformateurs \u00e0 huile. Ils ne n\u00e9cessitent pas d'huile, ce qui r\u00e9duit le risque d'incendie ou de fuite. En outre, ils r\u00e9sistent mieux aux conditions environnementales difficiles et ne n\u00e9cessitent pas d'entretien.<\/p>\n<p>Q2 : Quelle est la dur\u00e9e de vie du transformateur \u00e0 sec en r\u00e9sine coul\u00e9e de la s\u00e9rie SC(B)10 ?<br \/>\nR : Avec une installation correcte et un entretien minimal, le transformateur de la s\u00e9rie SC(B)10 a une longue dur\u00e9e de vie, souvent sup\u00e9rieure \u00e0 30 ans.<\/p>\n<p>Q4 : Le transformateur peut-il \u00eatre utilis\u00e9 \u00e0 l'ext\u00e9rieur ?<br \/>\nR : Oui, la s\u00e9rie SC(B)10 est con\u00e7ue pour des applications int\u00e9rieures et ext\u00e9rieures, avec un indice de protection IP54 pour la r\u00e9sistance \u00e0 la poussi\u00e8re et \u00e0 l'humidit\u00e9.<\/p>\n<p>Q5 : Comment le transformateur est-il surveill\u00e9 ?<br \/>\nR : Le transformateur est \u00e9quip\u00e9 d'un contr\u00f4leur thermique int\u00e9gr\u00e9 pour la surveillance de la temp\u00e9rature et d'une interface RS485 pour la connectivit\u00e9 \u00e0 distance et le contr\u00f4le en temps r\u00e9el.<\/p>","protected":false},"excerpt":{"rendered":"<p>Le transformateur \u00e0 sec en r\u00e9sine coul\u00e9e de la s\u00e9rie SC(B)11 utilise une technologie internationale avanc\u00e9e et offre une alternative \u00e9cologique et performante aux besoins existants en mati\u00e8re de distribution d'\u00e9nergie. Les enroulements scell\u00e9s \u00e0 l'\u00e9poxy avec des propri\u00e9t\u00e9s ignifuges sont con\u00e7us pour atteindre un maximum de s\u00e9curit\u00e9, d'efficacit\u00e9 et une polyvalence exceptionnelle dans des conditions difficiles.<\/p>\n<p>Prix FOB : US $0.5 - 9,999 \/ Pi\u00e8ce<br \/>\nMin. Ordre : 1 Pi\u00e8ces<br \/>\nCapacit\u00e9 d'approvisionnement : 10 000 pi\u00e8ces\/mois<\/p>","protected":false},"featured_media":21725,"template":"","meta":[],"product_brand":[],"product_cat":[35,33],"product_tag":[],"class_list":{"0":"post-21723","1":"product","2":"type-product","3":"status-publish","4":"has-post-thumbnail","6":"product_cat-dry-transformer","7":"product_cat-power-transformer","9":"first","10":"instock","11":"downloadable","12":"taxable","13":"shipping-taxable","14":"product-type-simple"},"yoast_head":"<!-- This site is optimized with the Yoast SEO plugin v25.0 - https:\/\/yoast.com\/wordpress\/plugins\/seo\/ -->\n<title>SCB11 11KV 3 Phase Dry-Type Cast-Resin Distribution Transformer - PINE-ZHENGXI<\/title>\n<meta name=\"robots\" content=\"index, follow, max-snippet:-1, max-image-preview:large, max-video-preview:-1\" \/>\n<link rel=\"canonical\" href=\"https:\/\/www.tronkiele.com\/fr\/product\/11kv-3-phase-dry-type-cast-resin-distribution-transformer\/\" \/>\n<meta property=\"og:locale\" content=\"fr_FR\" \/>\n<meta property=\"og:type\" content=\"article\" \/>\n<meta property=\"og:title\" content=\"SCB11 11KV 3 Phase Dry-Type Cast-Resin Distribution Transformer - PINE-ZHENGXI\" \/>\n<meta property=\"og:description\" content=\"SC(B)11 Series Cast-Resin Dry-Type Transformer uses advanced international technology and offers a green, high-performance alternative to existing power distribution needs. Epoxy-sealed windings with flame-retardant properties are engineered to attain maximum safety, efficiency, and exceptional versatility against tough conditions.  FOB Price: US $0.5 - 9,999 \/ Piece Min. Order: 1 Pieces Supply Capacity: 10,000 Pieces\/Month\" \/>\n<meta property=\"og:url\" content=\"https:\/\/www.tronkiele.com\/fr\/product\/11kv-3-phase-dry-type-cast-resin-distribution-transformer\/\" \/>\n<meta property=\"og:site_name\" content=\"PINE-ZHENGXI\" \/>\n<meta property=\"article:modified_time\" content=\"2025-05-02T10:53:27+00:00\" \/>\n<meta property=\"og:image\" content=\"https:\/\/www.tronkiele.com\/wp-content\/uploads\/2025\/05\/3-Phase-Dry-Type-Cast-Resin-Distribution-Transformer.webp\" \/>\n\t<meta property=\"og:image:width\" content=\"800\" \/>\n\t<meta property=\"og:image:height\" content=\"800\" \/>\n\t<meta property=\"og:image:type\" content=\"image\/webp\" \/>\n<meta name=\"twitter:card\" content=\"summary_large_image\" \/>\n<meta name=\"twitter:label1\" content=\"Dur\u00e9e de lecture estim\u00e9e\" \/>\n\t<meta name=\"twitter:data1\" content=\"4 minutes\" \/>\n<script type=\"application\/ld+json\" class=\"yoast-schema-graph\">{\"@context\":\"https:\/\/schema.org\",\"@graph\":[{\"@type\":\"WebPage\",\"@id\":\"https:\/\/www.tronkiele.com\/product\/11kv-3-phase-dry-type-cast-resin-distribution-transformer\/\",\"url\":\"https:\/\/www.tronkiele.com\/product\/11kv-3-phase-dry-type-cast-resin-distribution-transformer\/\",\"name\":\"SCB11 11KV 3 Phase Dry-Type Cast-Resin Distribution Transformer - PINE-ZHENGXI\",\"isPartOf\":{\"@id\":\"https:\/\/www.tronkiele.com\/#website\"},\"primaryImageOfPage\":{\"@id\":\"https:\/\/www.tronkiele.com\/product\/11kv-3-phase-dry-type-cast-resin-distribution-transformer\/#primaryimage\"},\"image\":{\"@id\":\"https:\/\/www.tronkiele.com\/product\/11kv-3-phase-dry-type-cast-resin-distribution-transformer\/#primaryimage\"},\"thumbnailUrl\":\"https:\/\/www.tronkiele.com\/wp-content\/uploads\/2025\/05\/3-Phase-Dry-Type-Cast-Resin-Distribution-Transformer.webp\",\"datePublished\":\"2025-05-02T10:51:19+00:00\",\"dateModified\":\"2025-05-02T10:53:27+00:00\",\"breadcrumb\":{\"@id\":\"https:\/\/www.tronkiele.com\/product\/11kv-3-phase-dry-type-cast-resin-distribution-transformer\/#breadcrumb\"},\"inLanguage\":\"fr-FR\",\"potentialAction\":[{\"@type\":\"ReadAction\",\"target\":[\"https:\/\/www.tronkiele.com\/product\/11kv-3-phase-dry-type-cast-resin-distribution-transformer\/\"]}]},{\"@type\":\"ImageObject\",\"inLanguage\":\"fr-FR\",\"@id\":\"https:\/\/www.tronkiele.com\/product\/11kv-3-phase-dry-type-cast-resin-distribution-transformer\/#primaryimage\",\"url\":\"https:\/\/www.tronkiele.com\/wp-content\/uploads\/2025\/05\/3-Phase-Dry-Type-Cast-Resin-Distribution-Transformer.webp\",\"contentUrl\":\"https:\/\/www.tronkiele.com\/wp-content\/uploads\/2025\/05\/3-Phase-Dry-Type-Cast-Resin-Distribution-Transformer.webp\",\"width\":800,\"height\":800,\"caption\":\"3 Phase Dry-Type Cast-Resin Distribution Transformer\"},{\"@type\":\"BreadcrumbList\",\"@id\":\"https:\/\/www.tronkiele.com\/product\/11kv-3-phase-dry-type-cast-resin-distribution-transformer\/#breadcrumb\",\"itemListElement\":[{\"@type\":\"ListItem\",\"position\":1,\"name\":\"Home\",\"item\":\"https:\/\/www.tronkiele.com\/\"},{\"@type\":\"ListItem\",\"position\":2,\"name\":\"Products\",\"item\":\"https:\/\/www.tronkiele.com\/shop\/\"},{\"@type\":\"ListItem\",\"position\":3,\"name\":\"SCB11 11KV 3 Phase Dry-Type Cast-Resin Distribution Transformer\"}]},{\"@type\":\"WebSite\",\"@id\":\"https:\/\/www.tronkiele.com\/#website\",\"url\":\"https:\/\/www.tronkiele.com\/\",\"name\":\"PINE-ZHENGXI\",\"description\":\"\",\"publisher\":{\"@id\":\"https:\/\/www.tronkiele.com\/#organization\"},\"potentialAction\":[{\"@type\":\"SearchAction\",\"target\":{\"@type\":\"EntryPoint\",\"urlTemplate\":\"https:\/\/www.tronkiele.com\/?s={search_term_string}\"},\"query-input\":{\"@type\":\"PropertyValueSpecification\",\"valueRequired\":true,\"valueName\":\"search_term_string\"}}],\"inLanguage\":\"fr-FR\"},{\"@type\":\"Organization\",\"@id\":\"https:\/\/www.tronkiele.com\/#organization\",\"name\":\"PINE-ZHENGXI\",\"url\":\"https:\/\/www.tronkiele.com\/\",\"logo\":{\"@type\":\"ImageObject\",\"inLanguage\":\"fr-FR\",\"@id\":\"https:\/\/www.tronkiele.com\/#\/schema\/logo\/image\/\",\"url\":\"https:\/\/www.tronkiele.com\/wp-content\/uploads\/2024\/11\/cropped-tronki.webp\",\"contentUrl\":\"https:\/\/www.tronkiele.com\/wp-content\/uploads\/2024\/11\/cropped-tronki.webp\",\"width\":512,\"height\":512,\"caption\":\"PINE-ZHENGXI\"},\"image\":{\"@id\":\"https:\/\/www.tronkiele.com\/#\/schema\/logo\/image\/\"}}]}<\/script>\n<!-- \/ Yoast SEO plugin. -->","yoast_head_json":{"title":"SCB11 Transformateur de distribution triphas\u00e9 \u00e0 sec en r\u00e9sine coul\u00e9e - PINE-ZHENGXI","robots":{"index":"index","follow":"follow","max-snippet":"max-snippet:-1","max-image-preview":"max-image-preview:large","max-video-preview":"max-video-preview:-1"},"canonical":"https:\/\/www.tronkiele.com\/fr\/product\/11kv-3-phase-dry-type-cast-resin-distribution-transformer\/","og_locale":"fr_FR","og_type":"article","og_title":"SCB11 11KV 3 Phase Dry-Type Cast-Resin Distribution Transformer - PINE-ZHENGXI","og_description":"SC(B)11 Series Cast-Resin Dry-Type Transformer uses advanced international technology and offers a green, high-performance alternative to existing power distribution needs. Epoxy-sealed windings with flame-retardant properties are engineered to attain maximum safety, efficiency, and exceptional versatility against tough conditions.  FOB Price: US $0.5 - 9,999 \/ Piece Min. Order: 1 Pieces Supply Capacity: 10,000 Pieces\/Month","og_url":"https:\/\/www.tronkiele.com\/fr\/product\/11kv-3-phase-dry-type-cast-resin-distribution-transformer\/","og_site_name":"PINE-ZHENGXI","article_modified_time":"2025-05-02T10:53:27+00:00","og_image":[{"width":800,"height":800,"url":"https:\/\/www.tronkiele.com\/wp-content\/uploads\/2025\/05\/3-Phase-Dry-Type-Cast-Resin-Distribution-Transformer.webp","type":"image\/webp"}],"twitter_card":"summary_large_image","twitter_misc":{"Dur\u00e9e de lecture estim\u00e9e":"4 minutes"},"schema":{"@context":"https:\/\/schema.org","@graph":[{"@type":"WebPage","@id":"https:\/\/www.tronkiele.com\/product\/11kv-3-phase-dry-type-cast-resin-distribution-transformer\/","url":"https:\/\/www.tronkiele.com\/product\/11kv-3-phase-dry-type-cast-resin-distribution-transformer\/","name":"SCB11 Transformateur de distribution triphas\u00e9 \u00e0 sec en r\u00e9sine coul\u00e9e - PINE-ZHENGXI","isPartOf":{"@id":"https:\/\/www.tronkiele.com\/#website"},"primaryImageOfPage":{"@id":"https:\/\/www.tronkiele.com\/product\/11kv-3-phase-dry-type-cast-resin-distribution-transformer\/#primaryimage"},"image":{"@id":"https:\/\/www.tronkiele.com\/product\/11kv-3-phase-dry-type-cast-resin-distribution-transformer\/#primaryimage"},"thumbnailUrl":"https:\/\/www.tronkiele.com\/wp-content\/uploads\/2025\/05\/3-Phase-Dry-Type-Cast-Resin-Distribution-Transformer.webp","datePublished":"2025-05-02T10:51:19+00:00","dateModified":"2025-05-02T10:53:27+00:00","breadcrumb":{"@id":"https:\/\/www.tronkiele.com\/product\/11kv-3-phase-dry-type-cast-resin-distribution-transformer\/#breadcrumb"},"inLanguage":"fr-FR","potentialAction":[{"@type":"ReadAction","target":["https:\/\/www.tronkiele.com\/product\/11kv-3-phase-dry-type-cast-resin-distribution-transformer\/"]}]},{"@type":"ImageObject","inLanguage":"fr-FR","@id":"https:\/\/www.tronkiele.com\/product\/11kv-3-phase-dry-type-cast-resin-distribution-transformer\/#primaryimage","url":"https:\/\/www.tronkiele.com\/wp-content\/uploads\/2025\/05\/3-Phase-Dry-Type-Cast-Resin-Distribution-Transformer.webp","contentUrl":"https:\/\/www.tronkiele.com\/wp-content\/uploads\/2025\/05\/3-Phase-Dry-Type-Cast-Resin-Distribution-Transformer.webp","width":800,"height":800,"caption":"3 Phase Dry-Type Cast-Resin Distribution Transformer"},{"@type":"BreadcrumbList","@id":"https:\/\/www.tronkiele.com\/product\/11kv-3-phase-dry-type-cast-resin-distribution-transformer\/#breadcrumb","itemListElement":[{"@type":"ListItem","position":1,"name":"Home","item":"https:\/\/www.tronkiele.com\/"},{"@type":"ListItem","position":2,"name":"Products","item":"https:\/\/www.tronkiele.com\/shop\/"},{"@type":"ListItem","position":3,"name":"SCB11 11KV 3 Phase Dry-Type Cast-Resin Distribution Transformer"}]},{"@type":"WebSite","@id":"https:\/\/www.tronkiele.com\/#website","url":"https:\/\/www.tronkiele.com\/","name":"PINE-ZHENGXI","description":"","publisher":{"@id":"https:\/\/www.tronkiele.com\/#organization"},"potentialAction":[{"@type":"SearchAction","target":{"@type":"EntryPoint","urlTemplate":"https:\/\/www.tronkiele.com\/?s={search_term_string}"},"query-input":{"@type":"PropertyValueSpecification","valueRequired":true,"valueName":"search_term_string"}}],"inLanguage":"fr-FR"},{"@type":"Organization","@id":"https:\/\/www.tronkiele.com\/#organization","name":"PINE-ZHENGXI","url":"https:\/\/www.tronkiele.com\/","logo":{"@type":"ImageObject","inLanguage":"fr-FR","@id":"https:\/\/www.tronkiele.com\/#\/schema\/logo\/image\/","url":"https:\/\/www.tronkiele.com\/wp-content\/uploads\/2024\/11\/cropped-tronki.webp","contentUrl":"https:\/\/www.tronkiele.com\/wp-content\/uploads\/2024\/11\/cropped-tronki.webp","width":512,"height":512,"caption":"PINE-ZHENGXI"},"image":{"@id":"https:\/\/www.tronkiele.com\/#\/schema\/logo\/image\/"}}]}},"_links":{"self":[{"href":"https:\/\/www.tronkiele.com\/fr\/wp-json\/wp\/v2\/product\/21723","targetHints":{"allow":["GET"]}}],"collection":[{"href":"https:\/\/www.tronkiele.com\/fr\/wp-json\/wp\/v2\/product"}],"about":[{"href":"https:\/\/www.tronkiele.com\/fr\/wp-json\/wp\/v2\/types\/product"}],"version-history":[{"count":3,"href":"https:\/\/www.tronkiele.com\/fr\/wp-json\/wp\/v2\/product\/21723\/revisions"}],"predecessor-version":[{"id":21727,"href":"https:\/\/www.tronkiele.com\/fr\/wp-json\/wp\/v2\/product\/21723\/revisions\/21727"}],"wp:featuredmedia":[{"embeddable":true,"href":"https:\/\/www.tronkiele.com\/fr\/wp-json\/wp\/v2\/media\/21725"}],"wp:attachment":[{"href":"https:\/\/www.tronkiele.com\/fr\/wp-json\/wp\/v2\/media?parent=21723"}],"wp:term":[{"taxonomy":"product_brand","embeddable":true,"href":"https:\/\/www.tronkiele.com\/fr\/wp-json\/wp\/v2\/product_brand?post=21723"},{"taxonomy":"product_cat","embeddable":true,"href":"https:\/\/www.tronkiele.com\/fr\/wp-json\/wp\/v2\/product_cat?post=21723"},{"taxonomy":"product_tag","embeddable":true,"href":"https:\/\/www.tronkiele.com\/fr\/wp-json\/wp\/v2\/product_tag?post=21723"}],"curies":[{"name":"wp","href":"https:\/\/api.w.org\/{rel}","templated":true}]}}