{"id":21729,"date":"2025-05-02T11:16:25","date_gmt":"2025-05-02T11:16:25","guid":{"rendered":"https:\/\/www.tronkiele.com\/?post_type=product&#038;p=21729"},"modified":"2025-05-02T13:08:04","modified_gmt":"2025-05-02T13:08:04","slug":"33kv-35kv-dry-type-epoxy-resin-distribution-power-transformer","status":"publish","type":"product","link":"https:\/\/www.tronkiele.com\/fr\/product\/33kv-35kv-dry-type-epoxy-resin-distribution-power-transformer\/","title":{"rendered":"Transformateur de puissance de distribution \u00e0 sec en r\u00e9sine \u00e9poxy 33kv 35kv"},"content":{"rendered":"<p>Le transformateur \u00e0 r\u00e9sine \u00e9poxy s\u00e8che de la s\u00e9rie SC(B)10 33kV\/35kV est con\u00e7u pour la distribution d'\u00e9nergie \u00e0 haute tension dans des applications difficiles. Ses enroulements isol\u00e9s \u00e9poxy retardateurs de flamme et son syst\u00e8me de refroidissement avanc\u00e9 font de ce transformateur un moyen de travail s\u00fbr, fiable et respectueux de l'environnement pour les applications industrielles, commerciales et d'infrastructure critique.<\/p>\n<h2>Avantages du produit :<\/h2>\n<p><strong>S\u00e9curit\u00e9 et long\u00e9vit\u00e9<\/strong><\/p>\n<p>Retardateur de flammes (classe F) : Propri\u00e9t\u00e9s d'auto-extinction assur\u00e9es par l'encapsulation de r\u00e9sine \u00e9poxy, offrant une meilleure s\u00e9curit\u00e9 contre l'incendie.<\/p>\n<p>Construction antid\u00e9flagrante : Convient le mieux aux conditions dangereuses telles que les plates-formes offshore et les usines chimiques.<\/p>\n<p>Pas d'entretien : La conception r\u00e9sistante \u00e0 la pollution emp\u00eache la corrosion, assurant la long\u00e9vit\u00e9 et supprimant la n\u00e9cessit\u00e9 d'un entretien r\u00e9gulier.<br \/>\nHaute efficacit\u00e9 et faible perte<\/p>\n<p>D\u00e9charge partielle ultra-faible : R\u00e9alis\u00e9 gr\u00e2ce \u00e0 un moulage sous vide de pr\u00e9cision et \u00e0 des fibres de verre renforc\u00e9es, il garantit une d\u00e9charge partielle inf\u00e9rieure \u00e0 5pC.<\/p>\n<p>R\u00e9duction du bruit : Fonctionnement silencieux (&lt;60dB), gr\u00e2ce \u00e0 un noyau de qualit\u00e9 F et \u00e0 l&#039;optimisation des flux d&#039;air.<br \/>\nCapacit\u00e9 de surcharge : Capacit\u00e9 de surcharge continue du 40% avec refroidissement par air puls\u00e9 (AF) pour une flexibilit\u00e9 et une fiabilit\u00e9 accrues.<br \/>\nSurveillance et contr\u00f4le intelligents<\/p>\n<p>Protection thermique int\u00e9gr\u00e9e : Comprend l'arr\u00eat automatique, les alarmes de d\u00e9faut et l'enregistrement des donn\u00e9es de la \"bo\u00eete noire\" pour une surveillance continue.<br \/>\nGestion \u00e0 distance : L'interface RS485 permet une surveillance en temps r\u00e9el via des syst\u00e8mes SCADA afin de garantir une gestion efficace des op\u00e9rations.<br \/>\nCompact et polyvalent<\/p>\n<p>Conception peu encombrante : Convient le mieux aux sous-stations urbaines, aux gratte-ciel et aux emplacements souterrains.<\/p>\n<h2><strong>Param\u00e8tres techniques :<\/strong><\/h2>\n<table>\n<tbody>\n<tr>\n<td rowspan=\"2\">Capacit\u00e9 nominale<br \/>\n(kVA)<\/td>\n<td colspan=\"3\">Tension nominale (KV)<\/td>\n<td rowspan=\"2\">Groupe Vecteur<\/td>\n<td rowspan=\"2\">Imp\u00e9dance de court-circuit<br \/>\n(%)<\/td>\n<td colspan=\"2\">Perte (kW)<\/td>\n<td rowspan=\"2\">\u00a0Courant \u00e0 vide<br \/>\n(%)<\/td>\n<td rowspan=\"2\">Poids (kg)<\/td>\n<td rowspan=\"2\">Dimension de l'\u00e9bauche<br \/>\n(L\u00d7L\u00d7H,mm)<\/td>\n<td rowspan=\"2\">Dimension du bo\u00eetier<br \/>\n(L\u00d7L\u00d7H,mm)<\/td>\n<\/tr>\n<tr>\n<td>Haute tension (KV)<\/td>\n<td>Plage de pr\u00e9l\u00e8vement \u00e0 haute tension<\/td>\n<td>Basse tension (KV)<\/td>\n<td>Pertes \u00e0 vide<\/td>\n<td>Pertes de charge<\/td>\n<\/tr>\n<tr>\n<td>30<\/td>\n<td rowspan=\"19\">6KV 6,3KV<br \/>\n6,6 KV 10 KV 11 KV 13,8 KV<\/td>\n<td rowspan=\"19\">\u00a0\u00b15%<br \/>\n\u00b12\u00d7 2,5%<\/td>\n<td rowspan=\"19\">0.4<\/td>\n<td rowspan=\"12\">\u00a0Dyn11<br \/>\nYyn0<\/td>\n<td rowspan=\"12\">4<\/td>\n<td>0.195<\/td>\n<td>0.71<\/td>\n<td>2.5<\/td>\n<td>340<\/td>\n<td>780\u00d7450\u00d7790<\/td>\n<td>900\u00d7900\u00d71080<\/td>\n<\/tr>\n<tr>\n<td>50<\/td>\n<td>0.275<\/td>\n<td>0.95<\/td>\n<td>2.2<\/td>\n<td>430<\/td>\n<td>840\u00d7450\u00d7855<\/td>\n<td>1000\u00d7900\u00d71150<\/td>\n<\/tr>\n<tr>\n<td>80<\/td>\n<td>0.375<\/td>\n<td>1.385<\/td>\n<td>2.1<\/td>\n<td>560<\/td>\n<td>\u00a0900\u00d7600\u00d7885<\/td>\n<td>1060\u00d71000\u00d71180<\/td>\n<\/tr>\n<tr>\n<td>100<\/td>\n<td>0.405<\/td>\n<td>1.58<\/td>\n<td>1.9<\/td>\n<td>720<\/td>\n<td>920\u00d7600\u00d7900<\/td>\n<td>1080\u00d71000\u00d71200<\/td>\n<\/tr>\n<tr>\n<td>125<\/td>\n<td>0.475<\/td>\n<td>1.895<\/td>\n<td>1.8<\/td>\n<td>830<\/td>\n<td>980\u00d7600\u00d7960<\/td>\n<td>1140\u00d71000\u00d71260<\/td>\n<\/tr>\n<tr>\n<td>160<\/td>\n<td>0.55<\/td>\n<td>2.14<\/td>\n<td>1.8<\/td>\n<td>940<\/td>\n<td>\u00a01040\u00d7710\u00d71000<\/td>\n<td>1240\u00d71050\u00d71300<\/td>\n<\/tr>\n<tr>\n<td>200<\/td>\n<td>0.63<\/td>\n<td>2.54<\/td>\n<td>1.6<\/td>\n<td>1250<\/td>\n<td>1070\u00d7710\u00d71200<\/td>\n<td>1270\u00d71050\u00d71450<\/td>\n<\/tr>\n<tr>\n<td>250<\/td>\n<td>0.73<\/td>\n<td>2.77<\/td>\n<td>1.5<\/td>\n<td>1450<\/td>\n<td>\u00a01140\u00d7710\u00d71245<\/td>\n<td>1340\u00d71050\u00d71550<\/td>\n<\/tr>\n<tr>\n<td>315<\/td>\n<td>0.89<\/td>\n<td>3.485<\/td>\n<td>1.4<\/td>\n<td>1600<\/td>\n<td>1180\u00d7710\u00d71300<\/td>\n<td>1360\u00d71050\u00d71600<\/td>\n<\/tr>\n<tr>\n<td>400<\/td>\n<td>0.99<\/td>\n<td>4.01<\/td>\n<td>1.4<\/td>\n<td>1980<\/td>\n<td>1380\u00d7960\u00d71425<\/td>\n<td>1540\u00d71150\u00d71720<\/td>\n<\/tr>\n<tr>\n<td>500<\/td>\n<td>1.175<\/td>\n<td>4.91<\/td>\n<td>1.3<\/td>\n<td>2300<\/td>\n<td>1400\u00d7960\u00d71515<\/td>\n<td>\u00a01570\u00d71150\u00d71810<\/td>\n<\/tr>\n<tr>\n<td>630<\/td>\n<td>1.36<\/td>\n<td>5.91<\/td>\n<td>1.3<\/td>\n<td>2570<\/td>\n<td>1440\u00d7960\u00d71595<\/td>\n<td>\u00a01610\u00d71150\u00d71900<\/td>\n<\/tr>\n<tr>\n<td>630<\/td>\n<td rowspan=\"7\">Dyn11<br \/>\nYyn0<\/td>\n<td rowspan=\"7\">6<\/td>\n<td>1.315<\/td>\n<td>5.995<\/td>\n<td>1.2<\/td>\n<td>2550<\/td>\n<td>1500\u00d7960\u00d71405<\/td>\n<td>1660\u00d71150\u00d71700<\/td>\n<\/tr>\n<tr>\n<td>800<\/td>\n<td>1.54<\/td>\n<td>6.99<\/td>\n<td>1.2<\/td>\n<td>2810<\/td>\n<td>1560\u00d7960\u00d71575<\/td>\n<td>1680\u00d71150\u00d71870<\/td>\n<\/tr>\n<tr>\n<td>1000<\/td>\n<td>1.79<\/td>\n<td>8.17<\/td>\n<td>1.1<\/td>\n<td>3210<\/td>\n<td>\u00a01640\u00d7960\u00d71685<\/td>\n<td>1750\u00d71200\u00d71980<\/td>\n<\/tr>\n<tr>\n<td>1250<\/td>\n<td>2.115<\/td>\n<td>9.75<\/td>\n<td>1.1<\/td>\n<td>3400<\/td>\n<td>1700\u00d71255\u00d71815<\/td>\n<td>1850\u00d71400\u00d72120<\/td>\n<\/tr>\n<tr>\n<td>1600<\/td>\n<td>2.48<\/td>\n<td>11.8<\/td>\n<td>1<\/td>\n<td>4150<\/td>\n<td>1800\u00d71255\u00d71980<\/td>\n<td>1920\u00d71400\u00d72280<\/td>\n<\/tr>\n<tr>\n<td>2000<\/td>\n<td>3.36<\/td>\n<td>14.535<\/td>\n<td>0.9<\/td>\n<td>5600<\/td>\n<td>940\u00d71255\u00d72110<\/td>\n<td>2050\u00d71450\u00d72420<\/td>\n<\/tr>\n<tr>\n<td>2500<\/td>\n<td>4.05<\/td>\n<td>17.27<\/td>\n<td>0.8<\/td>\n<td>6300<\/td>\n<td>2060\u00d71255\u00d72350<\/td>\n<td>\u00a02170\u00d71450\u00d72750<\/td>\n<\/tr>\n<\/tbody>\n<\/table>\n<h2>D\u00e9tails du produit<\/h2>\n<p><img fetchpriority=\"high\" decoding=\"async\" class=\"alignnone wp-image-21732 size-full\" src=\"https:\/\/www.tronkiele.com\/wp-content\/uploads\/2025\/05\/Dry-Type-Epoxy-Resin-Distribution-Power-Transformer.webp\" alt=\"R\u00e9sine \u00e9poxy de type sec Transformateur de puissance de distribution\" width=\"1060\" height=\"1478\" srcset=\"https:\/\/www.tronkiele.com\/wp-content\/uploads\/2025\/05\/Dry-Type-Epoxy-Resin-Distribution-Power-Transformer.webp 1060w, https:\/\/www.tronkiele.com\/wp-content\/uploads\/2025\/05\/Dry-Type-Epoxy-Resin-Distribution-Power-Transformer-215x300.webp 215w, https:\/\/www.tronkiele.com\/wp-content\/uploads\/2025\/05\/Dry-Type-Epoxy-Resin-Distribution-Power-Transformer-574x800.webp 574w, https:\/\/www.tronkiele.com\/wp-content\/uploads\/2025\/05\/Dry-Type-Epoxy-Resin-Distribution-Power-Transformer-768x1071.webp 768w, https:\/\/www.tronkiele.com\/wp-content\/uploads\/2025\/05\/Dry-Type-Epoxy-Resin-Distribution-Power-Transformer-9x12.webp 9w, https:\/\/www.tronkiele.com\/wp-content\/uploads\/2025\/05\/Dry-Type-Epoxy-Resin-Distribution-Power-Transformer-430x600.webp 430w, https:\/\/www.tronkiele.com\/wp-content\/uploads\/2025\/05\/Dry-Type-Epoxy-Resin-Distribution-Power-Transformer-700x976.webp 700w, https:\/\/www.tronkiele.com\/wp-content\/uploads\/2025\/05\/Dry-Type-Epoxy-Resin-Distribution-Power-Transformer-150x209.webp 150w\" sizes=\"(max-width: 1060px) 100vw, 1060px\" \/><\/p>\n<h2>Nombreuses applications :<\/h2>\n<p>Industrie : Centrales \u00e9lectriques, aci\u00e9ries, raffineries de p\u00e9trole<br \/>\nInfrastructure urbaine : M\u00e9tros, a\u00e9roports, h\u00f4pitaux<br \/>\n\u00c9nergies renouvelables : Parcs \u00e9oliens, centrales solaires<\/p>\n<h2>Excellence en mati\u00e8re de conception et de fabrication<\/h2>\n<p><strong>Construction de base :<\/strong><\/p>\n<p>Mat\u00e9riau : Acier au silicium lamin\u00e9 \u00e0 froid import\u00e9 avec des joints inclin\u00e9s \u00e0 trois niveaux pour une meilleure performance.<br \/>\nR\u00e9duction des pertes : La perte \u00e0 vide est &lt;0,8 W\/kg, avec un courant \u00e0 vide &lt;1,21 TTP4T pour un gaspillage d&#039;\u00e9nergie minimal.<br \/>\nTraitement de surface : Le rev\u00eatement anticorrosion des attaches garantit une dur\u00e9e de vie et une fiabilit\u00e9 accrues.<\/p>\n<p><strong>Enroulements :<\/strong><\/p>\n<p>Enroulement haute tension : R\u00e9sine \u00e9poxy coul\u00e9e sous vide avec renforcement en fibre de verre pour assurer la durabilit\u00e9.<br \/>\nEnroulement basse tension : Structure d'enroulement en feuille de cuivre pour une distribution uniforme du courant, avec des conduits de refroidissement axiaux pour une dissipation efficace de la chaleur.<br \/>\nD\u00e9charge partielle : Maintenue en dessous de 5pC pour assurer la long\u00e9vit\u00e9 du transformateur.<br \/>\nR\u00e9sistance m\u00e9canique : Test\u00e9 pour une r\u00e9sistance aux courts-circuits de 250kN pour une solidit\u00e9 sup\u00e9rieure.<\/p>\n<h2>Processus de production :<\/h2>\n<p>Bobinage CNC de pr\u00e9cision : Assure une pr\u00e9cision de \u00b10,1 mm de la bobine pour des performances constantes et fiables.<\/p>\n<p>Impr\u00e9gnation sous vide : Les bulles d'air sont \u00e9limin\u00e9es pour une isolation sans vide, garantissant de meilleures performances et une plus grande durabilit\u00e9.<\/p>\n<p>Durcissement et essais : des cycles thermiques de 24 heures et des essais rigoureux garantissent que le transformateur est conforme aux normes IEC 60076-11.<\/p>\n<h2>FAQ<\/h2>\n<p>Q1 : <strong>Quel est le prix d'un transformateur en r\u00e9sine \u00e9poxy de 33kV ?<\/strong><br \/>\nR : Le prix d\u00e9pend de facteurs tels que la capacit\u00e9 (kVA), la personnalisation (par exemple, les options de prise, la m\u00e9thode de refroidissement) et le volume de la commande. Veuillez nous contacter directement pour obtenir un devis personnalis\u00e9.<\/p>\n<p>Q2 : <strong>Ce transformateur est-il adapt\u00e9 aux environnements c\u00f4tiers ?<\/strong><br \/>\nR : Oui, l'encapsulation en r\u00e9sine \u00e9poxy, associ\u00e9e \u00e0 l'indice de protection IP54, offre une excellente r\u00e9sistance au brouillard salin, \u00e0 l'humidit\u00e9 et \u00e0 la poussi\u00e8re, ce qui en fait un produit id\u00e9al pour les zones c\u00f4ti\u00e8res et les environnements difficiles.<\/p>\n<p>Q3 : <strong>Le transformateur peut-il fonctionner en permanence \u00e0 pleine charge ?<\/strong><br \/>\nR : Oui, en refroidissement naturel (AN), le transformateur peut supporter une charge de 100% en continu. Le refroidissement par air forc\u00e9 (AF) permet une capacit\u00e9 de surcharge de 40%, ce qui am\u00e9liore la flexibilit\u00e9 op\u00e9rationnelle.<\/p>\n<p>Q4 : <strong>Quelles sont les certifications de ce transformateur ?<\/strong><br \/>\nR : Ce product est conforme aux normes GB\/T 10228-2015, GB 6450-1986 et aux normes internationales \u00e9quivalentes \u00e0 la norme IEC 60076, ce qui garantit une qualit\u00e9 \u00e9lev\u00e9e et une acceptabilit\u00e9 mondiale.<\/p>\n<p>Q5 : <strong>Quel est le d\u00e9lai de livraison habituel pour ces transformateurs ?<\/strong><br \/>\nR : Les unit\u00e9s standard sont g\u00e9n\u00e9ralement exp\u00e9di\u00e9es dans un d\u00e9lai de 4 \u00e0 6 semaines. Les unit\u00e9s con\u00e7ues sur mesure peuvent n\u00e9cessiter un d\u00e9lai de livraison de 8 \u00e0 10 semaines, en fonction des sp\u00e9cifications.<\/p>\n<p>Q6 : <strong>Offrez-vous un service apr\u00e8s-vente ?<\/strong><br \/>\nR : Oui, nous fournissons un service apr\u00e8s-vente complet, y compris une assistance technique 24 heures sur 24 et 7 jours sur 7, une garantie d'un an et des conseils d'entretien \u00e0 vie pour garantir des performances optimales tout au long de la dur\u00e9e de vie du transformateur.<\/p>\n<h2>Pourquoi nous choisir ?<\/h2>\n<p>Expertise mondiale : Plus de 15 ans d'exp\u00e9rience dans les solutions de r\u00e9seaux \u00e9lectriques, au service de plus de 50 pays.<\/p>\n<p>Solutions personnalis\u00e9es : Nous proposons des conceptions, des rapports de tension, des bo\u00eetiers et des syst\u00e8mes de surveillance sur mesure pour r\u00e9pondre \u00e0 des besoins sp\u00e9cifiques.<\/p>\n<p>Livraison rapide : Avec une capacit\u00e9 annuelle de plus de 10 000 unit\u00e9s, nous assurons une livraison rapide sans compromis sur la qualit\u00e9, gr\u00e2ce \u00e0 nos processus de contr\u00f4le de la qualit\u00e9 certifi\u00e9s ISO\u3001CE.<\/p>","protected":false},"excerpt":{"rendered":"<p>Haute tension nominale : 33kV\/35kV (personnalisable : 30-38,5kV)<br \/>\nBasse tension nominale : 0,4 kV<br \/>\nFr\u00e9quence : 50Hz<br \/>\nConformit\u00e9 aux normes : GB\/T 10228-2015, GB 6450-1986, JB\/T 10088-2016, GB 4208-2017<br \/>\nPrix FOB : Prix comp\u00e9titifs en fonction de la capacit\u00e9 et de la personnalisation (Contact pour devis)<\/p>","protected":false},"featured_media":21731,"template":"","meta":[],"product_brand":[],"product_cat":[35,33],"product_tag":[],"class_list":{"0":"post-21729","1":"product","2":"type-product","3":"status-publish","4":"has-post-thumbnail","6":"product_cat-dry-transformer","7":"product_cat-power-transformer","9":"first","10":"instock","11":"taxable","12":"shipping-taxable","13":"product-type-simple"},"yoast_head":"<!-- This site is optimized with the Yoast SEO plugin v25.0 - https:\/\/yoast.com\/wordpress\/plugins\/seo\/ -->\n<title>33kv 35kv Dry Type Epoxy Resin Distribution Power Transformer - PINE-ZHENGXI<\/title>\n<meta name=\"robots\" content=\"index, follow, max-snippet:-1, max-image-preview:large, max-video-preview:-1\" \/>\n<link rel=\"canonical\" href=\"https:\/\/www.tronkiele.com\/fr\/product\/33kv-35kv-dry-type-epoxy-resin-distribution-power-transformer\/\" \/>\n<meta property=\"og:locale\" content=\"fr_FR\" \/>\n<meta property=\"og:type\" content=\"article\" \/>\n<meta property=\"og:title\" content=\"33kv 35kv Dry Type Epoxy Resin Distribution Power Transformer - PINE-ZHENGXI\" \/>\n<meta property=\"og:description\" content=\"Rated High Voltage: 33kV\/35kV (Customizable: 30\u201338.5kV) Rated Low Voltage: 0.4kV Frequency: 50Hz Standards Compliance: GB\/T 10228-2015, GB 6450-1986, JB\/T 10088-2016, GB 4208-2017 FOB Price: Competitive pricing based on capacity and customization (Contact for Quote)\" \/>\n<meta property=\"og:url\" content=\"https:\/\/www.tronkiele.com\/fr\/product\/33kv-35kv-dry-type-epoxy-resin-distribution-power-transformer\/\" \/>\n<meta property=\"og:site_name\" content=\"PINE-ZHENGXI\" \/>\n<meta property=\"article:modified_time\" content=\"2025-05-02T13:08:04+00:00\" \/>\n<meta property=\"og:image\" content=\"https:\/\/www.tronkiele.com\/wp-content\/uploads\/2025\/05\/33kv-35kv-Dry-Type-Epoxy-Resin-Distribution-Power-Transformer.webp\" \/>\n\t<meta property=\"og:image:width\" content=\"800\" \/>\n\t<meta property=\"og:image:height\" content=\"800\" \/>\n\t<meta property=\"og:image:type\" content=\"image\/webp\" \/>\n<meta name=\"twitter:card\" content=\"summary_large_image\" \/>\n<meta name=\"twitter:label1\" content=\"Dur\u00e9e de lecture estim\u00e9e\" \/>\n\t<meta name=\"twitter:data1\" content=\"4 minutes\" \/>\n<script type=\"application\/ld+json\" class=\"yoast-schema-graph\">{\"@context\":\"https:\/\/schema.org\",\"@graph\":[{\"@type\":\"WebPage\",\"@id\":\"https:\/\/www.tronkiele.com\/product\/33kv-35kv-dry-type-epoxy-resin-distribution-power-transformer\/\",\"url\":\"https:\/\/www.tronkiele.com\/product\/33kv-35kv-dry-type-epoxy-resin-distribution-power-transformer\/\",\"name\":\"33kv 35kv Dry Type Epoxy Resin Distribution Power Transformer - PINE-ZHENGXI\",\"isPartOf\":{\"@id\":\"https:\/\/www.tronkiele.com\/#website\"},\"primaryImageOfPage\":{\"@id\":\"https:\/\/www.tronkiele.com\/product\/33kv-35kv-dry-type-epoxy-resin-distribution-power-transformer\/#primaryimage\"},\"image\":{\"@id\":\"https:\/\/www.tronkiele.com\/product\/33kv-35kv-dry-type-epoxy-resin-distribution-power-transformer\/#primaryimage\"},\"thumbnailUrl\":\"https:\/\/www.tronkiele.com\/wp-content\/uploads\/2025\/05\/33kv-35kv-Dry-Type-Epoxy-Resin-Distribution-Power-Transformer.webp\",\"datePublished\":\"2025-05-02T11:16:25+00:00\",\"dateModified\":\"2025-05-02T13:08:04+00:00\",\"breadcrumb\":{\"@id\":\"https:\/\/www.tronkiele.com\/product\/33kv-35kv-dry-type-epoxy-resin-distribution-power-transformer\/#breadcrumb\"},\"inLanguage\":\"fr-FR\",\"potentialAction\":[{\"@type\":\"ReadAction\",\"target\":[\"https:\/\/www.tronkiele.com\/product\/33kv-35kv-dry-type-epoxy-resin-distribution-power-transformer\/\"]}]},{\"@type\":\"ImageObject\",\"inLanguage\":\"fr-FR\",\"@id\":\"https:\/\/www.tronkiele.com\/product\/33kv-35kv-dry-type-epoxy-resin-distribution-power-transformer\/#primaryimage\",\"url\":\"https:\/\/www.tronkiele.com\/wp-content\/uploads\/2025\/05\/33kv-35kv-Dry-Type-Epoxy-Resin-Distribution-Power-Transformer.webp\",\"contentUrl\":\"https:\/\/www.tronkiele.com\/wp-content\/uploads\/2025\/05\/33kv-35kv-Dry-Type-Epoxy-Resin-Distribution-Power-Transformer.webp\",\"width\":800,\"height\":800,\"caption\":\"33kv 35kv Dry Type Epoxy Resin Distribution Power Transformer\"},{\"@type\":\"BreadcrumbList\",\"@id\":\"https:\/\/www.tronkiele.com\/product\/33kv-35kv-dry-type-epoxy-resin-distribution-power-transformer\/#breadcrumb\",\"itemListElement\":[{\"@type\":\"ListItem\",\"position\":1,\"name\":\"Home\",\"item\":\"https:\/\/www.tronkiele.com\/\"},{\"@type\":\"ListItem\",\"position\":2,\"name\":\"Products\",\"item\":\"https:\/\/www.tronkiele.com\/shop\/\"},{\"@type\":\"ListItem\",\"position\":3,\"name\":\"33kv 35kv Dry Type Epoxy Resin Distribution Power Transformer\"}]},{\"@type\":\"WebSite\",\"@id\":\"https:\/\/www.tronkiele.com\/#website\",\"url\":\"https:\/\/www.tronkiele.com\/\",\"name\":\"PINE-ZHENGXI\",\"description\":\"\",\"publisher\":{\"@id\":\"https:\/\/www.tronkiele.com\/#organization\"},\"potentialAction\":[{\"@type\":\"SearchAction\",\"target\":{\"@type\":\"EntryPoint\",\"urlTemplate\":\"https:\/\/www.tronkiele.com\/?s={search_term_string}\"},\"query-input\":{\"@type\":\"PropertyValueSpecification\",\"valueRequired\":true,\"valueName\":\"search_term_string\"}}],\"inLanguage\":\"fr-FR\"},{\"@type\":\"Organization\",\"@id\":\"https:\/\/www.tronkiele.com\/#organization\",\"name\":\"PINE-ZHENGXI\",\"url\":\"https:\/\/www.tronkiele.com\/\",\"logo\":{\"@type\":\"ImageObject\",\"inLanguage\":\"fr-FR\",\"@id\":\"https:\/\/www.tronkiele.com\/#\/schema\/logo\/image\/\",\"url\":\"https:\/\/www.tronkiele.com\/wp-content\/uploads\/2024\/11\/cropped-tronki.webp\",\"contentUrl\":\"https:\/\/www.tronkiele.com\/wp-content\/uploads\/2024\/11\/cropped-tronki.webp\",\"width\":512,\"height\":512,\"caption\":\"PINE-ZHENGXI\"},\"image\":{\"@id\":\"https:\/\/www.tronkiele.com\/#\/schema\/logo\/image\/\"}}]}<\/script>\n<!-- \/ Yoast SEO plugin. -->","yoast_head_json":{"title":"Transformateur de puissance 33kv 35kv \u00e0 sec en r\u00e9sine \u00e9poxy - PINE-ZHENGXI","robots":{"index":"index","follow":"follow","max-snippet":"max-snippet:-1","max-image-preview":"max-image-preview:large","max-video-preview":"max-video-preview:-1"},"canonical":"https:\/\/www.tronkiele.com\/fr\/product\/33kv-35kv-dry-type-epoxy-resin-distribution-power-transformer\/","og_locale":"fr_FR","og_type":"article","og_title":"33kv 35kv Dry Type Epoxy Resin Distribution Power Transformer - PINE-ZHENGXI","og_description":"Rated High Voltage: 33kV\/35kV (Customizable: 30\u201338.5kV) Rated Low Voltage: 0.4kV Frequency: 50Hz Standards Compliance: GB\/T 10228-2015, GB 6450-1986, JB\/T 10088-2016, GB 4208-2017 FOB Price: Competitive pricing based on capacity and customization (Contact for Quote)","og_url":"https:\/\/www.tronkiele.com\/fr\/product\/33kv-35kv-dry-type-epoxy-resin-distribution-power-transformer\/","og_site_name":"PINE-ZHENGXI","article_modified_time":"2025-05-02T13:08:04+00:00","og_image":[{"width":800,"height":800,"url":"https:\/\/www.tronkiele.com\/wp-content\/uploads\/2025\/05\/33kv-35kv-Dry-Type-Epoxy-Resin-Distribution-Power-Transformer.webp","type":"image\/webp"}],"twitter_card":"summary_large_image","twitter_misc":{"Dur\u00e9e de lecture estim\u00e9e":"4 minutes"},"schema":{"@context":"https:\/\/schema.org","@graph":[{"@type":"WebPage","@id":"https:\/\/www.tronkiele.com\/product\/33kv-35kv-dry-type-epoxy-resin-distribution-power-transformer\/","url":"https:\/\/www.tronkiele.com\/product\/33kv-35kv-dry-type-epoxy-resin-distribution-power-transformer\/","name":"Transformateur de puissance 33kv 35kv \u00e0 sec en r\u00e9sine \u00e9poxy - PINE-ZHENGXI","isPartOf":{"@id":"https:\/\/www.tronkiele.com\/#website"},"primaryImageOfPage":{"@id":"https:\/\/www.tronkiele.com\/product\/33kv-35kv-dry-type-epoxy-resin-distribution-power-transformer\/#primaryimage"},"image":{"@id":"https:\/\/www.tronkiele.com\/product\/33kv-35kv-dry-type-epoxy-resin-distribution-power-transformer\/#primaryimage"},"thumbnailUrl":"https:\/\/www.tronkiele.com\/wp-content\/uploads\/2025\/05\/33kv-35kv-Dry-Type-Epoxy-Resin-Distribution-Power-Transformer.webp","datePublished":"2025-05-02T11:16:25+00:00","dateModified":"2025-05-02T13:08:04+00:00","breadcrumb":{"@id":"https:\/\/www.tronkiele.com\/product\/33kv-35kv-dry-type-epoxy-resin-distribution-power-transformer\/#breadcrumb"},"inLanguage":"fr-FR","potentialAction":[{"@type":"ReadAction","target":["https:\/\/www.tronkiele.com\/product\/33kv-35kv-dry-type-epoxy-resin-distribution-power-transformer\/"]}]},{"@type":"ImageObject","inLanguage":"fr-FR","@id":"https:\/\/www.tronkiele.com\/product\/33kv-35kv-dry-type-epoxy-resin-distribution-power-transformer\/#primaryimage","url":"https:\/\/www.tronkiele.com\/wp-content\/uploads\/2025\/05\/33kv-35kv-Dry-Type-Epoxy-Resin-Distribution-Power-Transformer.webp","contentUrl":"https:\/\/www.tronkiele.com\/wp-content\/uploads\/2025\/05\/33kv-35kv-Dry-Type-Epoxy-Resin-Distribution-Power-Transformer.webp","width":800,"height":800,"caption":"33kv 35kv Dry Type Epoxy Resin Distribution Power Transformer"},{"@type":"BreadcrumbList","@id":"https:\/\/www.tronkiele.com\/product\/33kv-35kv-dry-type-epoxy-resin-distribution-power-transformer\/#breadcrumb","itemListElement":[{"@type":"ListItem","position":1,"name":"Home","item":"https:\/\/www.tronkiele.com\/"},{"@type":"ListItem","position":2,"name":"Products","item":"https:\/\/www.tronkiele.com\/shop\/"},{"@type":"ListItem","position":3,"name":"33kv 35kv Dry Type Epoxy Resin Distribution Power Transformer"}]},{"@type":"WebSite","@id":"https:\/\/www.tronkiele.com\/#website","url":"https:\/\/www.tronkiele.com\/","name":"PINE-ZHENGXI","description":"","publisher":{"@id":"https:\/\/www.tronkiele.com\/#organization"},"potentialAction":[{"@type":"SearchAction","target":{"@type":"EntryPoint","urlTemplate":"https:\/\/www.tronkiele.com\/?s={search_term_string}"},"query-input":{"@type":"PropertyValueSpecification","valueRequired":true,"valueName":"search_term_string"}}],"inLanguage":"fr-FR"},{"@type":"Organization","@id":"https:\/\/www.tronkiele.com\/#organization","name":"PINE-ZHENGXI","url":"https:\/\/www.tronkiele.com\/","logo":{"@type":"ImageObject","inLanguage":"fr-FR","@id":"https:\/\/www.tronkiele.com\/#\/schema\/logo\/image\/","url":"https:\/\/www.tronkiele.com\/wp-content\/uploads\/2024\/11\/cropped-tronki.webp","contentUrl":"https:\/\/www.tronkiele.com\/wp-content\/uploads\/2024\/11\/cropped-tronki.webp","width":512,"height":512,"caption":"PINE-ZHENGXI"},"image":{"@id":"https:\/\/www.tronkiele.com\/#\/schema\/logo\/image\/"}}]}},"_links":{"self":[{"href":"https:\/\/www.tronkiele.com\/fr\/wp-json\/wp\/v2\/product\/21729","targetHints":{"allow":["GET"]}}],"collection":[{"href":"https:\/\/www.tronkiele.com\/fr\/wp-json\/wp\/v2\/product"}],"about":[{"href":"https:\/\/www.tronkiele.com\/fr\/wp-json\/wp\/v2\/types\/product"}],"version-history":[{"count":3,"href":"https:\/\/www.tronkiele.com\/fr\/wp-json\/wp\/v2\/product\/21729\/revisions"}],"predecessor-version":[{"id":21735,"href":"https:\/\/www.tronkiele.com\/fr\/wp-json\/wp\/v2\/product\/21729\/revisions\/21735"}],"wp:featuredmedia":[{"embeddable":true,"href":"https:\/\/www.tronkiele.com\/fr\/wp-json\/wp\/v2\/media\/21731"}],"wp:attachment":[{"href":"https:\/\/www.tronkiele.com\/fr\/wp-json\/wp\/v2\/media?parent=21729"}],"wp:term":[{"taxonomy":"product_brand","embeddable":true,"href":"https:\/\/www.tronkiele.com\/fr\/wp-json\/wp\/v2\/product_brand?post=21729"},{"taxonomy":"product_cat","embeddable":true,"href":"https:\/\/www.tronkiele.com\/fr\/wp-json\/wp\/v2\/product_cat?post=21729"},{"taxonomy":"product_tag","embeddable":true,"href":"https:\/\/www.tronkiele.com\/fr\/wp-json\/wp\/v2\/product_tag?post=21729"}],"curies":[{"name":"wp","href":"https:\/\/api.w.org\/{rel}","templated":true}]}}