{"id":21914,"date":"2025-09-19T05:37:57","date_gmt":"2025-09-19T05:37:57","guid":{"rendered":"https:\/\/www.tronkiele.com\/?post_type=product&#038;p=21914"},"modified":"2025-09-19T05:38:15","modified_gmt":"2025-09-19T05:38:15","slug":"25kva-single-phase-pole-mounted-distribution-transformer","status":"publish","type":"product","link":"https:\/\/www.tronkiele.com\/fr\/product\/25kva-single-phase-pole-mounted-distribution-transformer\/","title":{"rendered":"Transformateur de distribution monophas\u00e9 de 25 kVA mont\u00e9 sur poteau, 13,2 kV vers 240 V"},"content":{"rendered":"<h2>Pourquoi les op\u00e9rateurs choisissent les transformateurs monophas\u00e9s mont\u00e9s sur poteau<\/h2>\n<ul>\n<li>Co\u00fbt r\u00e9duit \u2014 \u00e9tant mont\u00e9s sur des poteaux, ils ne n\u00e9cessitent ni socles en b\u00e9ton ni longues lignes basse tension, ce qui permet d\u2019\u00e9conomiser sur les travaux de construction et l\u2019utilisation du terrain.<\/li>\n<li>Moins de pertes d\u2019\u00e9nergie \u2014 placer le transformateur plus pr\u00e8s du lieu de consommation raccourcit la ligne basse tension, r\u00e9duisant souvent les pertes de 40 \u00e0 60 % par rapport aux syst\u00e8mes centralis\u00e9s.<\/li>\n<li>Compacts et faciles \u00e0 entretenir \u2014 leur petite taille et leur conception simple rendent l\u2019inspection et la maintenance ais\u00e9es.<\/li>\n<li>Options flexibles \u2014 ils peuvent utiliser des huiles min\u00e9rales ou \u00e9cologiques, ainsi que diff\u00e9rents types de travers\u00e9es (en porcelaine ou en polym\u00e8re) pour r\u00e9pondre \u00e0 divers besoins.<\/li>\n<li>Gr\u00e2ce \u00e0 ces avantages, un transformateur monophas\u00e9 de 25 kVA convient particuli\u00e8rement bien aux lignes rurales, aux zones de petits commerces, \u00e0 l\u2019\u00e9clairage public et aux stations de pompage agricoles.<\/li>\n<\/ul>\n<h2>Informations d\u00e9taill\u00e9es<\/h2>\n<table style=\"border-collapse: collapse; width: 683.27pt;\" border=\"0\" width=\"911\" cellspacing=\"0\" cellpadding=\"0\">\n<tbody>\n<tr style=\"height: 24.00pt;\">\n<td class=\"et2\" style=\"height: 24.00pt; width: 121.50pt;\" width=\"162\" height=\"32\">Lieu d\u2019origine :<\/td>\n<td style=\"width: 221.25pt;\" width=\"295\">CHINE<\/td>\n<td class=\"et2\" style=\"width: 170.25pt;\" width=\"227\">Tension primaire :<\/td>\n<td style=\"width: 170.25pt;\" width=\"227\">13200GrdY\/7620<\/td>\n<\/tr>\n<tr style=\"height: 24.00pt;\">\n<td class=\"et2\" style=\"height: 24.00pt;\" height=\"32\">Certification :<\/td>\n<td>CE, ISO<\/td>\n<td class=\"et2\">Tension secondaire :<\/td>\n<td>120\/240V (L-N-L)<\/td>\n<\/tr>\n<tr style=\"height: 24.00pt;\">\n<td class=\"et2\" style=\"height: 24.00pt;\" height=\"32\">Type de transformateur\u00a0:<\/td>\n<td>Montage sur poteau<\/td>\n<td class=\"et2\">Phase\u00a0:<\/td>\n<td>Monophas\u00e9<\/td>\n<\/tr>\n<tr style=\"height: 24.00pt;\">\n<td class=\"et2\" style=\"height: 24.00pt;\" height=\"32\">Capacit\u00e9\u00a0:<\/td>\n<td>25 KVA ou personnalis\u00e9<\/td>\n<td class=\"et2\">Mat\u00e9riau d'enroulement :<\/td>\n<td>Cuivre<\/td>\n<\/tr>\n<tr style=\"height: 24.00pt;\">\n<td class=\"et2\" style=\"height: 24.00pt;\" height=\"32\">M\u00e9thode de refroidissement :<\/td>\n<td>ONAN\/KNAN<\/td>\n<td class=\"et2\">Capacit\u00e9 d'approvisionnement :<\/td>\n<td>1000set\/mois<\/td>\n<\/tr>\n<tr style=\"height: 24.00pt;\">\n<td class=\"et2\" style=\"height: 24.00pt;\" height=\"32\">Augmentation de la temp\u00e9rature :<\/td>\n<td>65\u00b0C<\/td>\n<td><\/td>\n<td><\/td>\n<\/tr>\n<tr style=\"height: 24.00pt;\">\n<td class=\"et2\" style=\"height: 24.00pt;\" height=\"32\">Souligner:<\/td>\n<td class=\"et3\" colspan=\"3\">Transformateur de distribution sur poteau, transformateur de distribution sur poteau de 25\u00a0kVA, transformateur monophas\u00e9 de 13,2\u00a0kV<br \/>\nDescription du produit<\/td>\n<\/tr>\n<\/tbody>\n<\/table>\n<h2><strong>Donn\u00e9es principales<\/strong><\/h2>\n<table border=\"1\" width=\"599\" cellspacing=\"0\" cellpadding=\"0\">\n<colgroup>\n<col width=\"261\" \/>\n<col width=\"338\" \/><\/colgroup>\n<tbody>\n<tr>\n<td class=\"et2\" width=\"261\" height=\"48\">Type de transformateur<\/td>\n<td class=\"et2\" width=\"338\">Transformateur de distribution a\u00e9rien, type conventionnel<\/td>\n<\/tr>\n<tr>\n<td class=\"et2\" width=\"261\" height=\"24\">Configuration du transformateur<\/td>\n<td class=\"et2\" width=\"338\">Mont\u00e9 sur poteau rempli de liquide<\/td>\n<\/tr>\n<tr>\n<td class=\"et2\" width=\"261\" height=\"24\">Type de polarit\u00e9 du transformateur<\/td>\n<td class=\"et2\" width=\"338\">Soustractif<\/td>\n<\/tr>\n<tr>\n<td class=\"et2\" width=\"261\" height=\"24\">Phase<\/td>\n<td class=\"et2\" width=\"338\">Monophas\u00e9<\/td>\n<\/tr>\n<tr>\n<td class=\"et2\" width=\"261\" height=\"24\">Capacit\u00e9<\/td>\n<td class=\"et2\" width=\"338\">25 KVA<\/td>\n<\/tr>\n<tr>\n<td class=\"et2\" width=\"261\" height=\"24\">Tension primaire<\/td>\n<td class=\"et2\" width=\"338\">13200GrdY\/7620<\/td>\n<\/tr>\n<tr>\n<td class=\"et2\" width=\"261\" height=\"24\">Classe de tension primaire<\/td>\n<td class=\"et2\" width=\"338\">Classe 15 kV<\/td>\n<\/tr>\n<tr>\n<td class=\"et2\" width=\"261\" height=\"24\">Bil primaire<\/td>\n<td class=\"et2\" width=\"338\">95 kV<\/td>\n<\/tr>\n<tr>\n<td class=\"et2\" width=\"261\" height=\"24\">Tension secondaire<\/td>\n<td class=\"et2\" width=\"338\">120\/240V (L-N-L)<\/td>\n<\/tr>\n<tr>\n<td class=\"et2\" width=\"261\" height=\"24\">Chargement de charge secondaire<\/td>\n<td class=\"et2\" width=\"338\">30 KV<\/td>\n<\/tr>\n<tr>\n<td class=\"et2\" width=\"261\" height=\"24\">Fr\u00e9quence<\/td>\n<td class=\"et2\" width=\"338\">60 Hz<\/td>\n<\/tr>\n<tr>\n<td class=\"et2\" width=\"261\" height=\"24\">Augmentation de la temp\u00e9rature<\/td>\n<td class=\"et2\" width=\"338\">65\u00b0C<\/td>\n<\/tr>\n<tr>\n<td class=\"et2\" width=\"261\" height=\"24\">Indice d'isolation<\/td>\n<td class=\"et2\" width=\"338\">Isolation de classe E \u2013 120 \u00b0C, 248 \u00b0F<\/td>\n<\/tr>\n<tr>\n<td class=\"et2\" width=\"261\" height=\"24\">Classe de refroidissement<\/td>\n<td class=\"et2\" width=\"338\">ONAN; Auto-refroidi<\/td>\n<\/tr>\n<tr>\n<td class=\"et2\" width=\"261\" height=\"48\">Changeur de robinet<\/td>\n<td class=\"et2\" width=\"338\">Changeur de prises \u00e0 5 positions avec poign\u00e9e de commande externe<\/td>\n<\/tr>\n<tr>\n<td class=\"et2\" width=\"261\" height=\"24\">Appuyez sur Qt\u00e9<\/td>\n<td class=\"et2\" width=\"338\">(2) FCAN ci-dessus, (2) FCBN ci-dessous<\/td>\n<\/tr>\n<tr>\n<td class=\"et2\" width=\"261\" height=\"24\">Robinet %<\/td>\n<td class=\"et2\" width=\"338\">2.5%<\/td>\n<\/tr>\n<tr>\n<td class=\"et2\" width=\"261\" height=\"48\">Emplacement du commutateur de changement de prise<\/td>\n<td class=\"et2\" width=\"338\">Milieu du corps du char, \u00e0 gauche des dispositifs de montage<\/td>\n<\/tr>\n<tr>\n<td class=\"et2\" width=\"261\" height=\"24\">Imp\u00e9dance<\/td>\n<td class=\"et2\" width=\"338\">2,5 % typique<\/td>\n<\/tr>\n<tr>\n<td class=\"et2\" width=\"261\" height=\"24\">Poids du fluide*<\/td>\n<td class=\"et2\" width=\"338\">99.21 lb<\/td>\n<\/tr>\n<tr>\n<td class=\"et2\" width=\"261\" height=\"24\">Mat\u00e9riau d'enroulement<\/td>\n<td class=\"et2\" width=\"338\">Cuivre<\/td>\n<\/tr>\n<tr>\n<td class=\"et2\" width=\"261\" height=\"24\">Temp\u00e9rature ambiante nominale<\/td>\n<td class=\"et2\" width=\"338\">40\u00b0C<\/td>\n<\/tr>\n<tr>\n<td class=\"et2\" width=\"261\" height=\"24\">Niveau sonore<\/td>\n<td class=\"et2\" width=\"338\">48 dBA<\/td>\n<\/tr>\n<tr>\n<td class=\"et2\" width=\"261\" height=\"24\">Dimensions*<\/td>\n<td class=\"et2\" width=\"338\">21,65\"-L x 24,8\"-P x 40,16\"-H<\/td>\n<\/tr>\n<tr>\n<td class=\"et2\" width=\"261\" height=\"24\">Poids total (rempli de liquide)*<\/td>\n<td class=\"et2\" width=\"338\">470 lb<\/td>\n<\/tr>\n<\/tbody>\n<\/table>\n<h2><strong>Caract\u00e9ristiques<\/strong><\/h2>\n<table border=\"1\" width=\"866\" cellspacing=\"0\" cellpadding=\"0\">\n<colgroup>\n<col span=\"5\" width=\"120\" \/>\n<col width=\"146\" \/>\n<col width=\"120\" \/><\/colgroup>\n<tbody>\n<tr>\n<td class=\"et3\" colspan=\"7\" width=\"866\" height=\"24\">Transformateur monophas\u00e9 immerg\u00e9 dans l'huile 10 kVA-500 kVA<\/td>\n<\/tr>\n<tr>\n<td class=\"et4\" rowspan=\"2\" width=\"120\" height=\"49\">Capacit\u00e9 nominale (kVA)<\/td>\n<td class=\"et4\" width=\"120\">\u00c9lev\u00e9e<\/td>\n<td class=\"et4\" rowspan=\"2\" width=\"120\">Basse tension (v)<\/td>\n<td class=\"et4\" rowspan=\"2\" width=\"120\">Symbole de connexion<\/td>\n<td class=\"et4\" rowspan=\"2\" width=\"120\">Standard<\/td>\n<td class=\"et4\" rowspan=\"2\" width=\"146\">Imp\u00e9dance de court-circuit (%)<\/td>\n<td class=\"et4\" width=\"120\">Efficacit\u00e9<\/td>\n<\/tr>\n<tr>\n<td class=\"et4\" width=\"120\">Tension (v)<\/td>\n<td class=\"et5\" width=\"120\"><span class=\"font0\">(<\/span><span class=\"font3\">%<\/span><span class=\"font0\">)<\/span><\/td>\n<\/tr>\n<tr>\n<td class=\"et4\" width=\"120\" height=\"24\">10<\/td>\n<td class=\"et6\" rowspan=\"11\" width=\"120\">4160<br \/>\n7200<br \/>\n12000<br \/>\n12470<br \/>\n13200<br \/>\n13800<br \/>\n19920<br \/>\n24940<br \/>\n34500<\/td>\n<td class=\"et6\" rowspan=\"11\" width=\"120\">110<br \/>\n220<br \/>\n230<br \/>\n400<br \/>\n480<\/td>\n<td class=\"et4\" rowspan=\"11\" width=\"120\">II0,II6<\/td>\n<td class=\"et4\" rowspan=\"11\" width=\"120\">IEEE\/ANSI\/ DOE<\/td>\n<td class=\"et4\" rowspan=\"11\" width=\"146\">1.8-4%<\/td>\n<td class=\"et4\" width=\"120\">98.7<\/td>\n<\/tr>\n<tr>\n<td class=\"et4\" width=\"120\" height=\"24\">15<\/td>\n<td class=\"et4\" width=\"120\">98.82<\/td>\n<\/tr>\n<tr>\n<td class=\"et4\" width=\"120\" height=\"24\">25<\/td>\n<td class=\"et4\" width=\"120\">98.95<\/td>\n<\/tr>\n<tr>\n<td class=\"et4\" width=\"120\" height=\"24\">37.5<\/td>\n<td class=\"et4\" width=\"120\">99.05<\/td>\n<\/tr>\n<tr>\n<td class=\"et4\" width=\"120\" height=\"24\">50<\/td>\n<td class=\"et4\" width=\"120\">99.11<\/td>\n<\/tr>\n<tr>\n<td class=\"et4\" width=\"120\" height=\"24\">75<\/td>\n<td class=\"et4\" width=\"120\">99.19<\/td>\n<\/tr>\n<tr>\n<td class=\"et4\" width=\"120\" height=\"24\">100<\/td>\n<td class=\"et4\" width=\"120\">99.25<\/td>\n<\/tr>\n<tr>\n<td class=\"et4\" width=\"120\" height=\"24\">167<\/td>\n<td class=\"et4\" width=\"120\">99.33<\/td>\n<\/tr>\n<tr>\n<td class=\"et4\" width=\"120\" height=\"24\">250<\/td>\n<td class=\"et4\" width=\"120\">99.39<\/td>\n<\/tr>\n<tr>\n<td class=\"et4\" width=\"120\" height=\"24\">333<\/td>\n<td class=\"et4\" width=\"120\">99.43<\/td>\n<\/tr>\n<tr>\n<td class=\"et4\" width=\"120\" height=\"24\">500<\/td>\n<td class=\"et4\" width=\"120\">99.49<\/td>\n<\/tr>\n<\/tbody>\n<\/table>\n<h2>FAQ<\/h2>\n<p data-start=\"58\" data-end=\"399\"><strong data-start=\"58\" data-end=\"147\">Q1 \u2014 Un transformateur monophas\u00e9 de 25 kVA mont\u00e9 sur poteau peut-il alimenter un petit village ou quelques habitations ?<\/strong><br data-start=\"147\" data-end=\"150\" \/>Oui. Dans de nombreuses installations rurales, un transformateur monophas\u00e9 de 25 kVA mont\u00e9 sur poteau peut alimenter plusieurs foyers ou un petit groupe de commerces. Cela permet de raccourcir les lignes basse tension et de maintenir une tension plus stable pour les clients. La taille finale doit \u00eatre v\u00e9rifi\u00e9e par rapport \u00e0 la charge de pointe r\u00e9elle.<\/p>\n<p data-start=\"401\" data-end=\"706\"><strong data-start=\"401\" data-end=\"465\">Q2 \u2014 Les transformateurs mont\u00e9s sur poteau peuvent-ils utiliser de l\u2019huile isolante biod\u00e9gradable ?<\/strong><br data-start=\"465\" data-end=\"468\" \/>Oui. De nombreuses unit\u00e9s modernes mont\u00e9es sur poteau peuvent utiliser des huiles biod\u00e9gradables \u00e0 base d\u2019esters, plus respectueuses de l\u2019environnement et recommand\u00e9es \u00e0 proximit\u00e9 de plans d\u2019eau ou dans des zones \u00e0 risque de fuite. Il est toujours n\u00e9cessaire de v\u00e9rifier la compatibilit\u00e9 de l\u2019huile et les performances en temp\u00e9rature aupr\u00e8s du fabricant.<\/p>\n<p data-start=\"708\" data-end=\"980\"><strong data-start=\"708\" data-end=\"761\">Q3 \u2014 Quels sont les d\u00e9lais de livraison et la garantie habituels ?<\/strong><br data-start=\"761\" data-end=\"764\" \/>Cela d\u00e9pend de la taille de la commande et des personnalisations, mais la production en s\u00e9rie prend g\u00e9n\u00e9ralement 15 \u00e0 25 jours. Les garanties sont habituellement de 12 \u00e0 24 mois. TRONKI offre 12 mois de garantie ainsi qu\u2019un support technique pour le remplacement des accessoires si n\u00e9cessaire.<\/p>","protected":false},"excerpt":{"rendered":"<p>Un transformateur de distribution monophas\u00e9 de 25 kVA mont\u00e9 sur poteau est un transformateur compact, rempli d\u2019huile, con\u00e7u pour abaisser la tension des lignes moyenne tension (souvent 13,2 kV en primaire dans de nombreux r\u00e9seaux) \u00e0 une basse tension utilisable en secondaire (240 V entre phases ou 120\/240 V en monophas\u00e9 scind\u00e9) pour les habitations, les petits commerces et les charges rurales. Ces unit\u00e9s sont install\u00e9es sur des poteaux \u00e9lectriques afin de r\u00e9duire les co\u00fbts d\u2019infrastructure, de limiter la longueur des lignes basse tension et d\u2019assurer une alimentation fiable l\u00e0 o\u00f9 les transformateurs de type \u201cpadmount\u201d ou la distribution souterraine ne sont pas pratiques.<\/p>","protected":false},"featured_media":21926,"template":"","meta":[],"product_brand":[],"product_cat":[34,33],"product_tag":[],"class_list":{"0":"post-21914","1":"product","2":"type-product","3":"status-publish","4":"has-post-thumbnail","6":"product_cat-oil-transformer","7":"product_cat-power-transformer","9":"first","10":"instock","11":"taxable","12":"shipping-taxable","13":"product-type-simple"},"yoast_head":"<!-- This site is optimized with the Yoast SEO plugin v25.0 - https:\/\/yoast.com\/wordpress\/plugins\/seo\/ -->\n<title>Single Phase Pole Mounted Distribution Transformer Manufacturer - PINE<\/title>\n<meta name=\"robots\" content=\"index, follow, max-snippet:-1, max-image-preview:large, max-video-preview:-1\" \/>\n<link rel=\"canonical\" href=\"https:\/\/www.tronkiele.com\/fr\/product\/25kva-single-phase-pole-mounted-distribution-transformer\/\" \/>\n<meta property=\"og:locale\" content=\"fr_FR\" \/>\n<meta property=\"og:type\" content=\"article\" \/>\n<meta property=\"og:title\" content=\"Single Phase Pole Mounted Distribution Transformer Manufacturer - PINE\" \/>\n<meta property=\"og:description\" content=\"A 25kVA single phase pole mounted distribution transformer is a compact, oil-filled transformer designed to step down medium-voltage feeder lines (commonly 13.2 kV primary in many networks) to a usable low-voltage secondary (240 V line-to-line or 120\/240 V split-phase) for homes, small businesses, and rural loads. These units are mounted on utility poles to minimize infrastructure cost, reduce low-voltage line length, and deliver reliable power where padmounts or underground distribution are impractical.\" \/>\n<meta property=\"og:url\" content=\"https:\/\/www.tronkiele.com\/fr\/product\/25kva-single-phase-pole-mounted-distribution-transformer\/\" \/>\n<meta property=\"og:site_name\" content=\"PINE\" \/>\n<meta property=\"article:modified_time\" content=\"2025-09-19T05:38:15+00:00\" \/>\n<meta property=\"og:image\" content=\"https:\/\/www.tronkiele.com\/wp-content\/uploads\/2025\/09\/25kva-Single-Phase-Pole-Mounted-Distribution-Transformer-13.2KV-To-240V.webp\" \/>\n\t<meta property=\"og:image:width\" content=\"800\" \/>\n\t<meta property=\"og:image:height\" content=\"800\" \/>\n\t<meta property=\"og:image:type\" content=\"image\/webp\" \/>\n<meta name=\"twitter:card\" content=\"summary_large_image\" \/>\n<meta name=\"twitter:label1\" content=\"Dur\u00e9e de lecture estim\u00e9e\" \/>\n\t<meta name=\"twitter:data1\" content=\"3 minutes\" \/>\n<script type=\"application\/ld+json\" class=\"yoast-schema-graph\">{\"@context\":\"https:\/\/schema.org\",\"@graph\":[{\"@type\":\"WebPage\",\"@id\":\"https:\/\/www.tronkiele.com\/product\/25kva-single-phase-pole-mounted-distribution-transformer\/\",\"url\":\"https:\/\/www.tronkiele.com\/product\/25kva-single-phase-pole-mounted-distribution-transformer\/\",\"name\":\"Single Phase Pole Mounted Distribution Transformer Manufacturer - PINE\",\"isPartOf\":{\"@id\":\"https:\/\/www.tronkiele.com\/#website\"},\"primaryImageOfPage\":{\"@id\":\"https:\/\/www.tronkiele.com\/product\/25kva-single-phase-pole-mounted-distribution-transformer\/#primaryimage\"},\"image\":{\"@id\":\"https:\/\/www.tronkiele.com\/product\/25kva-single-phase-pole-mounted-distribution-transformer\/#primaryimage\"},\"thumbnailUrl\":\"https:\/\/www.tronkiele.com\/wp-content\/uploads\/2025\/09\/25kva-Single-Phase-Pole-Mounted-Distribution-Transformer-13.2KV-To-240V.webp\",\"datePublished\":\"2025-09-19T05:37:57+00:00\",\"dateModified\":\"2025-09-19T05:38:15+00:00\",\"breadcrumb\":{\"@id\":\"https:\/\/www.tronkiele.com\/product\/25kva-single-phase-pole-mounted-distribution-transformer\/#breadcrumb\"},\"inLanguage\":\"fr-FR\",\"potentialAction\":[{\"@type\":\"ReadAction\",\"target\":[\"https:\/\/www.tronkiele.com\/product\/25kva-single-phase-pole-mounted-distribution-transformer\/\"]}]},{\"@type\":\"ImageObject\",\"inLanguage\":\"fr-FR\",\"@id\":\"https:\/\/www.tronkiele.com\/product\/25kva-single-phase-pole-mounted-distribution-transformer\/#primaryimage\",\"url\":\"https:\/\/www.tronkiele.com\/wp-content\/uploads\/2025\/09\/25kva-Single-Phase-Pole-Mounted-Distribution-Transformer-13.2KV-To-240V.webp\",\"contentUrl\":\"https:\/\/www.tronkiele.com\/wp-content\/uploads\/2025\/09\/25kva-Single-Phase-Pole-Mounted-Distribution-Transformer-13.2KV-To-240V.webp\",\"width\":800,\"height\":800,\"caption\":\"25kva-Single-Phase-Pole-Mounted-Distribution-Transformer-13.2KV-To-240V\"},{\"@type\":\"BreadcrumbList\",\"@id\":\"https:\/\/www.tronkiele.com\/product\/25kva-single-phase-pole-mounted-distribution-transformer\/#breadcrumb\",\"itemListElement\":[{\"@type\":\"ListItem\",\"position\":1,\"name\":\"Home\",\"item\":\"https:\/\/www.tronkiele.com\/\"},{\"@type\":\"ListItem\",\"position\":2,\"name\":\"Products\",\"item\":\"https:\/\/www.tronkiele.com\/shop\/\"},{\"@type\":\"ListItem\",\"position\":3,\"name\":\"25kva Single Phase Pole Mounted Distribution Transformer 13.2KV To 240V\"}]},{\"@type\":\"WebSite\",\"@id\":\"https:\/\/www.tronkiele.com\/#website\",\"url\":\"https:\/\/www.tronkiele.com\/\",\"name\":\"PINE\",\"description\":\"\",\"publisher\":{\"@id\":\"https:\/\/www.tronkiele.com\/#organization\"},\"potentialAction\":[{\"@type\":\"SearchAction\",\"target\":{\"@type\":\"EntryPoint\",\"urlTemplate\":\"https:\/\/www.tronkiele.com\/?s={search_term_string}\"},\"query-input\":{\"@type\":\"PropertyValueSpecification\",\"valueRequired\":true,\"valueName\":\"search_term_string\"}}],\"inLanguage\":\"fr-FR\"},{\"@type\":\"Organization\",\"@id\":\"https:\/\/www.tronkiele.com\/#organization\",\"name\":\"PINE\",\"url\":\"https:\/\/www.tronkiele.com\/\",\"logo\":{\"@type\":\"ImageObject\",\"inLanguage\":\"fr-FR\",\"@id\":\"https:\/\/www.tronkiele.com\/#\/schema\/logo\/image\/\",\"url\":\"https:\/\/www.tronkiele.com\/wp-content\/uploads\/2024\/11\/cropped-tronki.webp\",\"contentUrl\":\"https:\/\/www.tronkiele.com\/wp-content\/uploads\/2024\/11\/cropped-tronki.webp\",\"width\":512,\"height\":512,\"caption\":\"PINE\"},\"image\":{\"@id\":\"https:\/\/www.tronkiele.com\/#\/schema\/logo\/image\/\"}}]}<\/script>\n<!-- \/ Yoast SEO plugin. -->","yoast_head_json":{"title":"Fabricant de transformateurs de distribution monophas\u00e9s mont\u00e9s sur poteau - PINE","robots":{"index":"index","follow":"follow","max-snippet":"max-snippet:-1","max-image-preview":"max-image-preview:large","max-video-preview":"max-video-preview:-1"},"canonical":"https:\/\/www.tronkiele.com\/fr\/product\/25kva-single-phase-pole-mounted-distribution-transformer\/","og_locale":"fr_FR","og_type":"article","og_title":"Single Phase Pole Mounted Distribution Transformer Manufacturer - PINE","og_description":"A 25kVA single phase pole mounted distribution transformer is a compact, oil-filled transformer designed to step down medium-voltage feeder lines (commonly 13.2 kV primary in many networks) to a usable low-voltage secondary (240 V line-to-line or 120\/240 V split-phase) for homes, small businesses, and rural loads. These units are mounted on utility poles to minimize infrastructure cost, reduce low-voltage line length, and deliver reliable power where padmounts or underground distribution are impractical.","og_url":"https:\/\/www.tronkiele.com\/fr\/product\/25kva-single-phase-pole-mounted-distribution-transformer\/","og_site_name":"PINE","article_modified_time":"2025-09-19T05:38:15+00:00","og_image":[{"width":800,"height":800,"url":"https:\/\/www.tronkiele.com\/wp-content\/uploads\/2025\/09\/25kva-Single-Phase-Pole-Mounted-Distribution-Transformer-13.2KV-To-240V.webp","type":"image\/webp"}],"twitter_card":"summary_large_image","twitter_misc":{"Dur\u00e9e de lecture estim\u00e9e":"3 minutes"},"schema":{"@context":"https:\/\/schema.org","@graph":[{"@type":"WebPage","@id":"https:\/\/www.tronkiele.com\/product\/25kva-single-phase-pole-mounted-distribution-transformer\/","url":"https:\/\/www.tronkiele.com\/product\/25kva-single-phase-pole-mounted-distribution-transformer\/","name":"Fabricant de transformateurs de distribution monophas\u00e9s mont\u00e9s sur poteau - PINE","isPartOf":{"@id":"https:\/\/www.tronkiele.com\/#website"},"primaryImageOfPage":{"@id":"https:\/\/www.tronkiele.com\/product\/25kva-single-phase-pole-mounted-distribution-transformer\/#primaryimage"},"image":{"@id":"https:\/\/www.tronkiele.com\/product\/25kva-single-phase-pole-mounted-distribution-transformer\/#primaryimage"},"thumbnailUrl":"https:\/\/www.tronkiele.com\/wp-content\/uploads\/2025\/09\/25kva-Single-Phase-Pole-Mounted-Distribution-Transformer-13.2KV-To-240V.webp","datePublished":"2025-09-19T05:37:57+00:00","dateModified":"2025-09-19T05:38:15+00:00","breadcrumb":{"@id":"https:\/\/www.tronkiele.com\/product\/25kva-single-phase-pole-mounted-distribution-transformer\/#breadcrumb"},"inLanguage":"fr-FR","potentialAction":[{"@type":"ReadAction","target":["https:\/\/www.tronkiele.com\/product\/25kva-single-phase-pole-mounted-distribution-transformer\/"]}]},{"@type":"ImageObject","inLanguage":"fr-FR","@id":"https:\/\/www.tronkiele.com\/product\/25kva-single-phase-pole-mounted-distribution-transformer\/#primaryimage","url":"https:\/\/www.tronkiele.com\/wp-content\/uploads\/2025\/09\/25kva-Single-Phase-Pole-Mounted-Distribution-Transformer-13.2KV-To-240V.webp","contentUrl":"https:\/\/www.tronkiele.com\/wp-content\/uploads\/2025\/09\/25kva-Single-Phase-Pole-Mounted-Distribution-Transformer-13.2KV-To-240V.webp","width":800,"height":800,"caption":"25kva-Single-Phase-Pole-Mounted-Distribution-Transformer-13.2KV-To-240V"},{"@type":"BreadcrumbList","@id":"https:\/\/www.tronkiele.com\/product\/25kva-single-phase-pole-mounted-distribution-transformer\/#breadcrumb","itemListElement":[{"@type":"ListItem","position":1,"name":"Home","item":"https:\/\/www.tronkiele.com\/"},{"@type":"ListItem","position":2,"name":"Products","item":"https:\/\/www.tronkiele.com\/shop\/"},{"@type":"ListItem","position":3,"name":"25kva Single Phase Pole Mounted Distribution Transformer 13.2KV To 240V"}]},{"@type":"WebSite","@id":"https:\/\/www.tronkiele.com\/#website","url":"https:\/\/www.tronkiele.com\/","name":"PIN","description":"","publisher":{"@id":"https:\/\/www.tronkiele.com\/#organization"},"potentialAction":[{"@type":"SearchAction","target":{"@type":"EntryPoint","urlTemplate":"https:\/\/www.tronkiele.com\/?s={search_term_string}"},"query-input":{"@type":"PropertyValueSpecification","valueRequired":true,"valueName":"search_term_string"}}],"inLanguage":"fr-FR"},{"@type":"Organization","@id":"https:\/\/www.tronkiele.com\/#organization","name":"PIN","url":"https:\/\/www.tronkiele.com\/","logo":{"@type":"ImageObject","inLanguage":"fr-FR","@id":"https:\/\/www.tronkiele.com\/#\/schema\/logo\/image\/","url":"https:\/\/www.tronkiele.com\/wp-content\/uploads\/2024\/11\/cropped-tronki.webp","contentUrl":"https:\/\/www.tronkiele.com\/wp-content\/uploads\/2024\/11\/cropped-tronki.webp","width":512,"height":512,"caption":"PINE"},"image":{"@id":"https:\/\/www.tronkiele.com\/#\/schema\/logo\/image\/"}}]}},"_links":{"self":[{"href":"https:\/\/www.tronkiele.com\/fr\/wp-json\/wp\/v2\/product\/21914","targetHints":{"allow":["GET"]}}],"collection":[{"href":"https:\/\/www.tronkiele.com\/fr\/wp-json\/wp\/v2\/product"}],"about":[{"href":"https:\/\/www.tronkiele.com\/fr\/wp-json\/wp\/v2\/types\/product"}],"version-history":[{"count":3,"href":"https:\/\/www.tronkiele.com\/fr\/wp-json\/wp\/v2\/product\/21914\/revisions"}],"predecessor-version":[{"id":21917,"href":"https:\/\/www.tronkiele.com\/fr\/wp-json\/wp\/v2\/product\/21914\/revisions\/21917"}],"wp:featuredmedia":[{"embeddable":true,"href":"https:\/\/www.tronkiele.com\/fr\/wp-json\/wp\/v2\/media\/21926"}],"wp:attachment":[{"href":"https:\/\/www.tronkiele.com\/fr\/wp-json\/wp\/v2\/media?parent=21914"}],"wp:term":[{"taxonomy":"product_brand","embeddable":true,"href":"https:\/\/www.tronkiele.com\/fr\/wp-json\/wp\/v2\/product_brand?post=21914"},{"taxonomy":"product_cat","embeddable":true,"href":"https:\/\/www.tronkiele.com\/fr\/wp-json\/wp\/v2\/product_cat?post=21914"},{"taxonomy":"product_tag","embeddable":true,"href":"https:\/\/www.tronkiele.com\/fr\/wp-json\/wp\/v2\/product_tag?post=21914"}],"curies":[{"name":"wp","href":"https:\/\/api.w.org\/{rel}","templated":true}]}}