{"id":22067,"date":"2025-10-04T02:43:33","date_gmt":"2025-10-04T02:43:33","guid":{"rendered":"https:\/\/www.tronkiele.com\/?post_type=product&#038;p=22067"},"modified":"2025-10-07T06:26:16","modified_gmt":"2025-10-07T06:26:16","slug":"single-phase-220v-to-three-phase-380v-phase-converter","status":"publish","type":"product","link":"https:\/\/www.tronkiele.com\/fr\/product\/single-phase-220v-to-three-phase-380v-phase-converter\/","title":{"rendered":"Convertisseur de phase monophas\u00e9 220V vers triphas\u00e9 380V"},"content":{"rendered":"<h2 data-start=\"1377\" data-end=\"1395\">Domaines d'utilisation<\/h2>\n<ul>\n<li>Ateliers, usines \u00e0 domicile et locaux commerciaux d\u00e9pourvus de service triphas\u00e9<\/li>\n<li>Sites ruraux, \u00e9loign\u00e9s ou temporaires (fermes, op\u00e9rations sur le terrain)<\/li>\n<li>\u00c9nergies renouvelables sur site : conversion de la production photovolta\u00efque ou \u00e9olienne en triphas\u00e9 pour les charges locales<\/li>\n<li>Projets de r\u00e9novation o\u00f9 la demande d'une alimentation triphas\u00e9e n'est pas pratique ou co\u00fbteuse<\/li>\n<\/ul>\n<h2 data-start=\"1712\" data-end=\"1738\">Principaux avantages et caract\u00e9ristiques<\/h2>\n<ul>\n<li>Sortie triphas\u00e9e \u00e0 onde sinuso\u00efdale r\u00e9elle - THD &lt; 2% pour un fonctionnement souple des moteurs et des \u00e9quipements sensibles.<\/li>\n<li>Rendement de conversion \u00e9lev\u00e9 - Le contr\u00f4le SVPWM et l'IPM de premi\u00e8re qualit\u00e9 offrent des rendements &gt; 93% et de faibles pertes \u00e0 vide.<\/li>\n<li>R\u00e9ponse transitoire rapide - la sortie se stabilise en 50 ms pour g\u00e9rer les changements de charge.<\/li>\n<li>Protection robuste - protection int\u00e9gr\u00e9e contre les courts-circuits, les surcharges et les surchauffes pour un fonctionnement continu en toute s\u00e9curit\u00e9.<\/li>\n<li>Transformateur d'isolation de la fr\u00e9quence d'alimentation - isole les bus CA et CC afin d'\u00e9liminer les interf\u00e9rences et d'am\u00e9liorer la s\u00e9curit\u00e9.<\/li>\n<li>Affichage et diagnostic - L'\u00e9cran LCD affiche la tension d'entr\u00e9e DC, la fr\u00e9quence\/tension de sortie, la puissance (kWh), la dur\u00e9e de fonctionnement et les codes d'erreur.<\/li>\n<li>Rentable - utilise la facturation monophas\u00e9e standard tout en alimentant des charges industrielles triphas\u00e9es - \u00e9vite les tracas et les frais li\u00e9s \u00e0 l'application triphas\u00e9e.<\/li>\n<li>Un r\u00e9seau plus propre - filtre les perturbations et fournit une alimentation plus propre aux \u00e9quipements en aval.<\/li>\n<li>Longue dur\u00e9e de vie - composants industriels et conception du refroidissement pour une fiabilit\u00e9 accrue (dur\u00e9e de vie &gt; 15 ans dans des conditions normales).<\/li>\n<\/ul>\n<h2><strong><b>PARAM\u00c8TRES TECHNIQUES<\/b><\/strong><\/h2>\n<table>\n<tbody>\n<tr>\n<td rowspan=\"3\" width=\"118\">Mod\u00e8le<\/td>\n<td width=\"91\"><strong><b>DZW-1.5KVA<\/b><\/strong><\/td>\n<td width=\"91\"><strong><b>DZW-2.2KVA<\/b><\/strong><\/td>\n<td width=\"91\"><strong><b>DZW-3KVA<\/b><\/strong><\/td>\n<td width=\"91\"><strong><b>DZW-4KVA<\/b><\/strong><\/td>\n<td width=\"92\"><strong><b>DZW-5.5KVA<\/b><\/strong><\/td>\n<\/tr>\n<tr>\n<td width=\"91\"><strong><b>DZW-7.5KVA<\/b><\/strong><\/td>\n<td width=\"91\"><strong><b>DZW-8.5KVA<\/b><\/strong><\/td>\n<td width=\"91\"><strong><b>DZW-11KVA<\/b><\/strong><\/td>\n<td width=\"91\"><strong><b>DZW-15KVA<\/b><\/strong><\/td>\n<td width=\"92\"><strong><b>DZW-20KVA<\/b><\/strong><\/td>\n<\/tr>\n<tr>\n<td width=\"91\"><strong><b>DZW-25KVA<\/b><\/strong><\/td>\n<td width=\"91\"><strong><b>DZW-30KVA<\/b><\/strong><\/td>\n<td width=\"91\"><strong><b>DZW-40KVA<\/b><\/strong><\/td>\n<td width=\"91\"><strong><b>DZW-50KVA<\/b><\/strong><\/td>\n<td width=\"92\"><strong><b>DZW-60KVA<\/b><\/strong><\/td>\n<\/tr>\n<tr>\n<td width=\"118\">Phase<\/td>\n<td colspan=\"5\" width=\"459\">triphas\u00e9, trois fils \/ triphas\u00e9, quatre fils<\/td>\n<\/tr>\n<tr>\n<td width=\"118\">Vitesse de r\u00e9ponse<\/td>\n<td colspan=\"5\" width=\"459\">10ms<\/td>\n<\/tr>\n<tr>\n<td width=\"118\">Vitesse d'ajustement<\/td>\n<td colspan=\"5\" width=\"459\">100V\/S<\/td>\n<\/tr>\n<tr>\n<td width=\"118\">M\u00e9thode du circuit<\/td>\n<td colspan=\"5\" width=\"459\">Modulation IGBT \/ PWM<\/td>\n<\/tr>\n<tr>\n<td width=\"118\">Forme d'onde de sortie<\/td>\n<td colspan=\"5\" width=\"459\">Onde sinuso\u00efdale standard CF=1,4<\/td>\n<\/tr>\n<tr>\n<td width=\"118\">Courant de sortie<\/td>\n<td colspan=\"5\" width=\"459\">Courant de phase Niveau \u00e9lev\u00e9 41A Niveau bas 82A<\/td>\n<\/tr>\n<tr>\n<td width=\"118\">Stabilisation de la fr\u00e9quence<\/td>\n<td colspan=\"5\" width=\"459\">\u22640.01%<\/td>\n<\/tr>\n<tr>\n<td width=\"118\">Stabilisation de la tension de charge<\/td>\n<td colspan=\"5\" width=\"459\">\u22641%<\/td>\n<\/tr>\n<tr>\n<td width=\"118\">Distorsion de la forme d'onde<\/td>\n<td colspan=\"5\" width=\"459\">\u22642% (charge r\u00e9sistive pure)<\/td>\n<\/tr>\n<tr>\n<td width=\"118\">Angle de phase<\/td>\n<td colspan=\"5\" width=\"459\">120\u00b0\u00b11\u00b0<\/td>\n<\/tr>\n<tr>\n<td width=\"118\">Temps de r\u00e9action de la protection<\/td>\n<td colspan=\"5\" width=\"459\">\u22642ms<\/td>\n<\/tr>\n<tr>\n<td width=\"118\">Efficacit\u00e9<\/td>\n<td colspan=\"5\" width=\"459\">\u226587%<\/td>\n<\/tr>\n<tr>\n<td width=\"118\">Puissance<\/td>\n<td width=\"91\">1500VA<\/td>\n<td width=\"91\">2200VA<\/td>\n<td width=\"91\">3000VA<\/td>\n<td width=\"91\">4000VA<\/td>\n<td width=\"92\">5500VA<\/td>\n<\/tr>\n<tr>\n<td width=\"118\">Taille (mm) L*L*H<\/td>\n<td width=\"91\">270*430*350<\/td>\n<td width=\"91\">270*430*350<\/td>\n<td width=\"91\">270*430*350<\/td>\n<td width=\"91\">270*430*350<\/td>\n<td width=\"92\">270*430*350<\/td>\n<\/tr>\n<tr>\n<td width=\"118\">Poids net (kg)<\/td>\n<td width=\"91\">17.5<\/td>\n<td width=\"91\">17.5<\/td>\n<td width=\"91\">17.5<\/td>\n<td width=\"91\">17.5<\/td>\n<td width=\"92\">17.5<\/td>\n<\/tr>\n<tr>\n<td width=\"118\">Puissance<\/td>\n<td width=\"91\">7500VA<\/td>\n<td width=\"91\">8500VA<\/td>\n<td width=\"91\">11KVA<\/td>\n<td width=\"91\">15KVA<\/td>\n<td width=\"92\">20KVA<\/td>\n<\/tr>\n<tr>\n<td width=\"118\">Taille (mm) L*L*H<\/td>\n<td width=\"91\">580*355*620<\/td>\n<td width=\"91\">580*355*620<\/td>\n<td width=\"91\">580*355*620<\/td>\n<td width=\"91\">580*355*620<\/td>\n<td width=\"92\">580*355*620<\/td>\n<\/tr>\n<tr>\n<td width=\"118\">Poids net (kg)<\/td>\n<td width=\"91\">34<\/td>\n<td width=\"91\">34<\/td>\n<td width=\"91\">34<\/td>\n<td width=\"91\">35.5<\/td>\n<td width=\"92\">37<\/td>\n<\/tr>\n<tr>\n<td colspan=\"6\" width=\"578\">La taille et le poids varient en fonction de la plage de tension et sont sujets au produit r\u00e9el personnalis\u00e9.<\/td>\n<\/tr>\n<\/tbody>\n<\/table>\n<h2 data-start=\"3350\" data-end=\"3382\">Comment choisir le bon mod\u00e8le<\/h2>\n<ul>\n<li data-start=\"3386\" data-end=\"3561\">Adapter la charge continue du moteur (kW\/kVA) : choisir un convertisseur dont la puissance continue est \u2265 le kW nominal du moteur plus une marge de surtension au d\u00e9marrage (les moteurs ont souvent besoin de 2 \u00e0 3 fois le courant de d\u00e9marrage).<\/li>\n<li data-start=\"3386\" data-end=\"3561\">Tenez compte du cycle de fonctionnement : les d\u00e9marrages\/arr\u00eats fr\u00e9quents ou les charges lourdes de longue dur\u00e9e peuvent n\u00e9cessiter une unit\u00e9 plus grande ou un refroidissement am\u00e9lior\u00e9.<\/li>\n<li data-start=\"3386\" data-end=\"3561\">V\u00e9rifier l'environnement : les sites ext\u00e9rieurs ou poussi\u00e9reux n\u00e9cessitent un indice IP plus \u00e9lev\u00e9 et une entr\u00e9e d'air filtr\u00e9e.<\/li>\n<li data-start=\"3386\" data-end=\"3561\">V\u00e9rifier la capacit\u00e9 d'alimentation : la sortie du convertisseur est limit\u00e9e par le courant d'entr\u00e9e 220V disponible - s'assurer que le r\u00e9seau peut fournir les amp\u00e8res d'entr\u00e9e requis.<\/li>\n<li data-start=\"3386\" data-end=\"3561\">Installation et mise \u00e0 la terre : respecter le code \u00e9lectrique local ; recommander un \u00e9lectricien qualifi\u00e9 pour le c\u00e2blage et la mise \u00e0 la terre.<\/li>\n<\/ul>\n<h2 data-start=\"4057\" data-end=\"4063\">FAQ<\/h2>\n<p data-start=\"4064\" data-end=\"4343\"><strong data-start=\"4064\" data-end=\"4117\">Q : Ce syst\u00e8me peut-il faire fonctionner des moteurs \u00e0 induction et des compresseurs ?<\/strong><br data-start=\"4117\" data-end=\"4120\" \/>R : Oui, le DZW est optimis\u00e9 pour les charges de moteur. Comme il produit une onde sinuso\u00efdale \u00e0 faible distorsion, les moteurs d\u00e9marrent et fonctionnent en douceur. Pour les d\u00e9marrages de moteurs importants, dimensionnez le convertisseur pour permettre une surtension de d\u00e9marrage (consultez la fiche technique).<\/p>\n<p data-start=\"4345\" data-end=\"4635\"><strong data-start=\"4345\" data-end=\"4404\">Q : Quelle est la diff\u00e9rence avec un convertisseur de phase rotatif ?<\/strong><br data-start=\"4404\" data-end=\"4407\" \/>R : Contrairement aux convertisseurs rotatifs, le DZW utilise une conversion \u00e0 l'\u00e9tat solide (onduleur SVPWM) pour produire une sortie sinuso\u00efdale triphas\u00e9e stable et \u00e0 faible distorsion, proche de la qualit\u00e9 de l'\u00e9lectricit\u00e9 - meilleure pour l'\u00e9lectronique sensible et les entra\u00eenements \u00e0 vitesse variable.<\/p>\n<p data-start=\"4637\" data-end=\"4911\"><strong data-start=\"4637\" data-end=\"4666\">Q : Cela me permettra-t-il d'\u00e9conomiser de l'argent ?<\/strong><br data-start=\"4666\" data-end=\"4669\" \/>R : Il peut \u00eatre plus \u00e9conomique de demander un service triphas\u00e9 (frais d'installation, am\u00e9lioration du c\u00e2blage). Cependant, la consommation d'\u00e9nergie d\u00e9pend des charges - l'appareil convertit ce que vous tirez du r\u00e9seau monophas\u00e9, de sorte que la taille et l'utilisation d\u00e9terminent le co\u00fbt.<\/p>","protected":false},"excerpt":{"rendered":"<p>La s\u00e9rie DZW est un appareil compact et performant. <strong data-start=\"702\" data-end=\"745\">Transformateur monophas\u00e9-triphas\u00e9<\/strong> alternative - une solution intelligente <strong data-start=\"768\" data-end=\"787\">Convertisseur de phase<\/strong> qui transforme un r\u00e9seau monophas\u00e9 ordinaire de 220 V en une alimentation triphas\u00e9e fiable de 380 V. Gr\u00e2ce \u00e0 une modulation SVPWM (space-vector PWM) avanc\u00e9e, associ\u00e9e au redressement, \u00e0 la conversion de fr\u00e9quence, \u00e0 l'inversion et \u00e0 l'augmentation de la tension, l'unit\u00e9 d\u00e9livre une v\u00e9ritable onde sinuso\u00efdale triphas\u00e9e avec une distorsion harmonique inf\u00e9rieure \u00e0 2% et une excellente r\u00e9ponse transitoire.<\/p>","protected":false},"featured_media":22068,"template":"","meta":[],"product_brand":[],"product_cat":[42,99,100],"product_tag":[],"class_list":{"0":"post-22067","1":"product","2":"type-product","3":"status-publish","4":"has-post-thumbnail","6":"product_cat-low-voltage-transformer","7":"product_cat-single-phase-transformers","8":"product_cat-three-phase-transformer","10":"first","11":"instock","12":"taxable","13":"shipping-taxable","14":"product-type-simple"},"yoast_head":"<!-- This site is optimized with the Yoast SEO plugin v25.0 - https:\/\/yoast.com\/wordpress\/plugins\/seo\/ -->\n<title>Single-Phase 220V To Three-Phase 380V Phase Converter | Transformer Factory - PINE-ZHENGXI<\/title>\n<meta name=\"robots\" content=\"index, follow, max-snippet:-1, max-image-preview:large, max-video-preview:-1\" \/>\n<link rel=\"canonical\" href=\"https:\/\/www.tronkiele.com\/fr\/product\/single-phase-220v-to-three-phase-380v-phase-converter\/\" \/>\n<meta property=\"og:locale\" content=\"fr_FR\" \/>\n<meta property=\"og:type\" content=\"article\" \/>\n<meta property=\"og:title\" content=\"Single-Phase 220V To Three-Phase 380V Phase Converter | Transformer Factory - PINE-ZHENGXI\" \/>\n<meta property=\"og:description\" content=\"The DZW series is a compact, high-performance Single-Phase To Three-Phase transformer alternative \u2014 a smart Phase Converter that turns ordinary 220V single-phase mains into reliable three-phase 380V power. Using advanced SVPWM (space-vector PWM) modulation together with rectification, frequency conversion, inversion and voltage boosting, the unit delivers a true three-phase sine wave with harmonic distortion below 2% and excellent transient response.\" \/>\n<meta property=\"og:url\" content=\"https:\/\/www.tronkiele.com\/fr\/product\/single-phase-220v-to-three-phase-380v-phase-converter\/\" \/>\n<meta property=\"og:site_name\" content=\"PINE-ZHENGXI\" \/>\n<meta property=\"article:modified_time\" content=\"2025-10-07T06:26:16+00:00\" \/>\n<meta property=\"og:image\" content=\"https:\/\/www.tronkiele.com\/wp-content\/uploads\/2025\/09\/Single-220V-to-Three-phase-Voltage-Converter.webp\" \/>\n\t<meta property=\"og:image:width\" content=\"800\" \/>\n\t<meta property=\"og:image:height\" content=\"800\" \/>\n\t<meta property=\"og:image:type\" content=\"image\/webp\" \/>\n<meta name=\"twitter:card\" content=\"summary_large_image\" \/>\n<meta name=\"twitter:label1\" content=\"Dur\u00e9e de lecture estim\u00e9e\" \/>\n\t<meta name=\"twitter:data1\" content=\"3 minutes\" \/>\n<script type=\"application\/ld+json\" class=\"yoast-schema-graph\">{\"@context\":\"https:\/\/schema.org\",\"@graph\":[{\"@type\":\"WebPage\",\"@id\":\"https:\/\/www.tronkiele.com\/product\/single-phase-220v-to-three-phase-380v-phase-converter\/\",\"url\":\"https:\/\/www.tronkiele.com\/product\/single-phase-220v-to-three-phase-380v-phase-converter\/\",\"name\":\"Single-Phase 220V To Three-Phase 380V Phase Converter | Transformer Factory - PINE-ZHENGXI\",\"isPartOf\":{\"@id\":\"https:\/\/www.tronkiele.com\/#website\"},\"primaryImageOfPage\":{\"@id\":\"https:\/\/www.tronkiele.com\/product\/single-phase-220v-to-three-phase-380v-phase-converter\/#primaryimage\"},\"image\":{\"@id\":\"https:\/\/www.tronkiele.com\/product\/single-phase-220v-to-three-phase-380v-phase-converter\/#primaryimage\"},\"thumbnailUrl\":\"https:\/\/www.tronkiele.com\/wp-content\/uploads\/2025\/09\/Single-220V-to-Three-phase-Voltage-Converter.webp\",\"datePublished\":\"2025-10-04T02:43:33+00:00\",\"dateModified\":\"2025-10-07T06:26:16+00:00\",\"breadcrumb\":{\"@id\":\"https:\/\/www.tronkiele.com\/product\/single-phase-220v-to-three-phase-380v-phase-converter\/#breadcrumb\"},\"inLanguage\":\"fr-FR\",\"potentialAction\":[{\"@type\":\"ReadAction\",\"target\":[\"https:\/\/www.tronkiele.com\/product\/single-phase-220v-to-three-phase-380v-phase-converter\/\"]}]},{\"@type\":\"ImageObject\",\"inLanguage\":\"fr-FR\",\"@id\":\"https:\/\/www.tronkiele.com\/product\/single-phase-220v-to-three-phase-380v-phase-converter\/#primaryimage\",\"url\":\"https:\/\/www.tronkiele.com\/wp-content\/uploads\/2025\/09\/Single-220V-to-Three-phase-Voltage-Converter.webp\",\"contentUrl\":\"https:\/\/www.tronkiele.com\/wp-content\/uploads\/2025\/09\/Single-220V-to-Three-phase-Voltage-Converter.webp\",\"width\":800,\"height\":800,\"caption\":\"Single 220V to Three phase Voltage Converter\"},{\"@type\":\"BreadcrumbList\",\"@id\":\"https:\/\/www.tronkiele.com\/product\/single-phase-220v-to-three-phase-380v-phase-converter\/#breadcrumb\",\"itemListElement\":[{\"@type\":\"ListItem\",\"position\":1,\"name\":\"Home\",\"item\":\"https:\/\/www.tronkiele.com\/\"},{\"@type\":\"ListItem\",\"position\":2,\"name\":\"Products\",\"item\":\"https:\/\/www.tronkiele.com\/shop\/\"},{\"@type\":\"ListItem\",\"position\":3,\"name\":\"Single-Phase 220V To Three-Phase 380V Phase Converter\"}]},{\"@type\":\"WebSite\",\"@id\":\"https:\/\/www.tronkiele.com\/#website\",\"url\":\"https:\/\/www.tronkiele.com\/\",\"name\":\"PINE-ZHENGXI\",\"description\":\"\",\"publisher\":{\"@id\":\"https:\/\/www.tronkiele.com\/#organization\"},\"potentialAction\":[{\"@type\":\"SearchAction\",\"target\":{\"@type\":\"EntryPoint\",\"urlTemplate\":\"https:\/\/www.tronkiele.com\/?s={search_term_string}\"},\"query-input\":{\"@type\":\"PropertyValueSpecification\",\"valueRequired\":true,\"valueName\":\"search_term_string\"}}],\"inLanguage\":\"fr-FR\"},{\"@type\":\"Organization\",\"@id\":\"https:\/\/www.tronkiele.com\/#organization\",\"name\":\"PINE-ZHENGXI\",\"url\":\"https:\/\/www.tronkiele.com\/\",\"logo\":{\"@type\":\"ImageObject\",\"inLanguage\":\"fr-FR\",\"@id\":\"https:\/\/www.tronkiele.com\/#\/schema\/logo\/image\/\",\"url\":\"https:\/\/www.tronkiele.com\/wp-content\/uploads\/2024\/11\/cropped-tronki.webp\",\"contentUrl\":\"https:\/\/www.tronkiele.com\/wp-content\/uploads\/2024\/11\/cropped-tronki.webp\",\"width\":512,\"height\":512,\"caption\":\"PINE-ZHENGXI\"},\"image\":{\"@id\":\"https:\/\/www.tronkiele.com\/#\/schema\/logo\/image\/\"}}]}<\/script>\n<!-- \/ Yoast SEO plugin. -->","yoast_head_json":{"title":"Transformateur monophas\u00e9 220V vers triphas\u00e9 380V | Transformateur Factory - PINE-ZHENGXI","robots":{"index":"index","follow":"follow","max-snippet":"max-snippet:-1","max-image-preview":"max-image-preview:large","max-video-preview":"max-video-preview:-1"},"canonical":"https:\/\/www.tronkiele.com\/fr\/product\/single-phase-220v-to-three-phase-380v-phase-converter\/","og_locale":"fr_FR","og_type":"article","og_title":"Single-Phase 220V To Three-Phase 380V Phase Converter | Transformer Factory - PINE-ZHENGXI","og_description":"The DZW series is a compact, high-performance Single-Phase To Three-Phase transformer alternative \u2014 a smart Phase Converter that turns ordinary 220V single-phase mains into reliable three-phase 380V power. Using advanced SVPWM (space-vector PWM) modulation together with rectification, frequency conversion, inversion and voltage boosting, the unit delivers a true three-phase sine wave with harmonic distortion below 2% and excellent transient response.","og_url":"https:\/\/www.tronkiele.com\/fr\/product\/single-phase-220v-to-three-phase-380v-phase-converter\/","og_site_name":"PINE-ZHENGXI","article_modified_time":"2025-10-07T06:26:16+00:00","og_image":[{"width":800,"height":800,"url":"https:\/\/www.tronkiele.com\/wp-content\/uploads\/2025\/09\/Single-220V-to-Three-phase-Voltage-Converter.webp","type":"image\/webp"}],"twitter_card":"summary_large_image","twitter_misc":{"Dur\u00e9e de lecture estim\u00e9e":"3 minutes"},"schema":{"@context":"https:\/\/schema.org","@graph":[{"@type":"WebPage","@id":"https:\/\/www.tronkiele.com\/product\/single-phase-220v-to-three-phase-380v-phase-converter\/","url":"https:\/\/www.tronkiele.com\/product\/single-phase-220v-to-three-phase-380v-phase-converter\/","name":"Transformateur monophas\u00e9 220V vers triphas\u00e9 380V | Transformateur Factory - PINE-ZHENGXI","isPartOf":{"@id":"https:\/\/www.tronkiele.com\/#website"},"primaryImageOfPage":{"@id":"https:\/\/www.tronkiele.com\/product\/single-phase-220v-to-three-phase-380v-phase-converter\/#primaryimage"},"image":{"@id":"https:\/\/www.tronkiele.com\/product\/single-phase-220v-to-three-phase-380v-phase-converter\/#primaryimage"},"thumbnailUrl":"https:\/\/www.tronkiele.com\/wp-content\/uploads\/2025\/09\/Single-220V-to-Three-phase-Voltage-Converter.webp","datePublished":"2025-10-04T02:43:33+00:00","dateModified":"2025-10-07T06:26:16+00:00","breadcrumb":{"@id":"https:\/\/www.tronkiele.com\/product\/single-phase-220v-to-three-phase-380v-phase-converter\/#breadcrumb"},"inLanguage":"fr-FR","potentialAction":[{"@type":"ReadAction","target":["https:\/\/www.tronkiele.com\/product\/single-phase-220v-to-three-phase-380v-phase-converter\/"]}]},{"@type":"ImageObject","inLanguage":"fr-FR","@id":"https:\/\/www.tronkiele.com\/product\/single-phase-220v-to-three-phase-380v-phase-converter\/#primaryimage","url":"https:\/\/www.tronkiele.com\/wp-content\/uploads\/2025\/09\/Single-220V-to-Three-phase-Voltage-Converter.webp","contentUrl":"https:\/\/www.tronkiele.com\/wp-content\/uploads\/2025\/09\/Single-220V-to-Three-phase-Voltage-Converter.webp","width":800,"height":800,"caption":"Single 220V to Three phase Voltage Converter"},{"@type":"BreadcrumbList","@id":"https:\/\/www.tronkiele.com\/product\/single-phase-220v-to-three-phase-380v-phase-converter\/#breadcrumb","itemListElement":[{"@type":"ListItem","position":1,"name":"Home","item":"https:\/\/www.tronkiele.com\/"},{"@type":"ListItem","position":2,"name":"Products","item":"https:\/\/www.tronkiele.com\/shop\/"},{"@type":"ListItem","position":3,"name":"Single-Phase 220V To Three-Phase 380V Phase Converter"}]},{"@type":"WebSite","@id":"https:\/\/www.tronkiele.com\/#website","url":"https:\/\/www.tronkiele.com\/","name":"PINE-ZHENGXI","description":"","publisher":{"@id":"https:\/\/www.tronkiele.com\/#organization"},"potentialAction":[{"@type":"SearchAction","target":{"@type":"EntryPoint","urlTemplate":"https:\/\/www.tronkiele.com\/?s={search_term_string}"},"query-input":{"@type":"PropertyValueSpecification","valueRequired":true,"valueName":"search_term_string"}}],"inLanguage":"fr-FR"},{"@type":"Organization","@id":"https:\/\/www.tronkiele.com\/#organization","name":"PINE-ZHENGXI","url":"https:\/\/www.tronkiele.com\/","logo":{"@type":"ImageObject","inLanguage":"fr-FR","@id":"https:\/\/www.tronkiele.com\/#\/schema\/logo\/image\/","url":"https:\/\/www.tronkiele.com\/wp-content\/uploads\/2024\/11\/cropped-tronki.webp","contentUrl":"https:\/\/www.tronkiele.com\/wp-content\/uploads\/2024\/11\/cropped-tronki.webp","width":512,"height":512,"caption":"PINE-ZHENGXI"},"image":{"@id":"https:\/\/www.tronkiele.com\/#\/schema\/logo\/image\/"}}]}},"_links":{"self":[{"href":"https:\/\/www.tronkiele.com\/fr\/wp-json\/wp\/v2\/product\/22067","targetHints":{"allow":["GET"]}}],"collection":[{"href":"https:\/\/www.tronkiele.com\/fr\/wp-json\/wp\/v2\/product"}],"about":[{"href":"https:\/\/www.tronkiele.com\/fr\/wp-json\/wp\/v2\/types\/product"}],"version-history":[{"count":2,"href":"https:\/\/www.tronkiele.com\/fr\/wp-json\/wp\/v2\/product\/22067\/revisions"}],"predecessor-version":[{"id":22071,"href":"https:\/\/www.tronkiele.com\/fr\/wp-json\/wp\/v2\/product\/22067\/revisions\/22071"}],"wp:featuredmedia":[{"embeddable":true,"href":"https:\/\/www.tronkiele.com\/fr\/wp-json\/wp\/v2\/media\/22068"}],"wp:attachment":[{"href":"https:\/\/www.tronkiele.com\/fr\/wp-json\/wp\/v2\/media?parent=22067"}],"wp:term":[{"taxonomy":"product_brand","embeddable":true,"href":"https:\/\/www.tronkiele.com\/fr\/wp-json\/wp\/v2\/product_brand?post=22067"},{"taxonomy":"product_cat","embeddable":true,"href":"https:\/\/www.tronkiele.com\/fr\/wp-json\/wp\/v2\/product_cat?post=22067"},{"taxonomy":"product_tag","embeddable":true,"href":"https:\/\/www.tronkiele.com\/fr\/wp-json\/wp\/v2\/product_tag?post=22067"}],"curies":[{"name":"wp","href":"https:\/\/api.w.org\/{rel}","templated":true}]}}