{"id":22072,"date":"2025-10-04T05:37:36","date_gmt":"2025-10-04T05:37:36","guid":{"rendered":"https:\/\/www.tronkiele.com\/?post_type=product&#038;p=22072"},"modified":"2025-10-04T05:37:36","modified_gmt":"2025-10-04T05:37:36","slug":"step-up-and-down-voltage-converter-110v-to-220v-transformer","status":"publish","type":"product","link":"https:\/\/www.tronkiele.com\/fr\/product\/step-up-and-down-voltage-converter-110v-to-220v-transformer\/","title":{"rendered":"TC 100va-5Kva Petit convertisseur de tension portable de 110v \u00e0 220v"},"content":{"rendered":"<h2 data-start=\"1853\" data-end=\"1869\">Caract\u00e9ristiques principales<\/h2>\n<ul>\n<li>Double fonction (\u00e9l\u00e9vation et abaissement) : Convertit la tension entre 110-120V et 220-240V pour une utilisation universelle<\/li>\n<li>Conception robuste : Construit avec des bobines de cuivre et des mat\u00e9riaux durables pour une longue dur\u00e9e de vie et un rendement stable.<\/li>\n<li>Protection de la s\u00e9curit\u00e9 : \u00c9quip\u00e9 d'un fusible ou d'une protection contre les surintensit\u00e9s pour assurer la s\u00e9curit\u00e9 pendant le fonctionnement continu.<\/li>\n<li>Options de prises multiples : Prend en charge les normes de connexion am\u00e9ricaines, europ\u00e9ennes, britanniques, Schuko, VDE, australiennes et asiatiques.<\/li>\n<li>Sortie polyvalente : Jusqu'\u00e0 trois prises de sortie CA disponibles pour une utilisation pratique de plusieurs appareils.<\/li>\n<li>Sortie stable : La sortie en courant alternatif pur garantit des performances fiables pour les appareils \u00e9lectroniques sensibles.<\/li>\n<li>Compact et portable : Facile \u00e0 transporter \u00e0 la maison, en voyage ou en atelier.<\/li>\n<li>Large gamme d'entr\u00e9es : 110V\/117V\/120V\/220V\/230V\/240V s\u00e9lectionnable ; la sortie s'adapte en cons\u00e9quence.<\/li>\n<\/ul>\n<h2 class=\"wp-block-heading\"><strong>Param\u00e8tres techniques<\/strong><\/h2>\n<table class=\"has-fixed-layout\">\n<tbody>\n<tr>\n<td>Type<\/td>\n<td>Taille du produit (cm)<\/td>\n<td>Taille de l'emballage (cm)<\/td>\n<td>QT\u00c9<\/td>\n<\/tr>\n<tr>\n<td>TC-100VA<\/td>\n<td>10*6.9*8.2<\/td>\n<td>27*27*19<\/td>\n<td>12<\/td>\n<\/tr>\n<tr>\n<td>TC-200VA<\/td>\n<td>11*6.9*8.2<\/td>\n<td>27*27*19<\/td>\n<td>12<\/td>\n<\/tr>\n<tr>\n<td>TC-300VA<\/td>\n<td>12.3*6.9*8.2<\/td>\n<td>27*27*19<\/td>\n<td>12<\/td>\n<\/tr>\n<tr>\n<td>TC-500VA<\/td>\n<td>12.7*8.5*10.1<\/td>\n<td>30.5*22.5*23<\/td>\n<td>8<\/td>\n<\/tr>\n<tr>\n<td>TC-800VA<\/td>\n<td>13.7*8.5*10.1<\/td>\n<td>30.5*22.5*23<\/td>\n<td>8<\/td>\n<\/tr>\n<tr>\n<td>TC-1000VA<\/td>\n<td>14.7*8.5*10.1<\/td>\n<td>30.5*22.5*23<\/td>\n<td>8<\/td>\n<\/tr>\n<tr>\n<td>TC-1500VA<\/td>\n<td>15*13*15.5<\/td>\n<td>31.5*17.5*18<\/td>\n<td>4<\/td>\n<\/tr>\n<tr>\n<td>TC-2000VA<\/td>\n<td>16.5*13*15.5<\/td>\n<td>31.5*17.5*18<\/td>\n<td>4<\/td>\n<\/tr>\n<tr>\n<td>TC-3000VA<\/td>\n<td>19*13*15.5<\/td>\n<td>29.8*24*20.5<\/td>\n<td>2<\/td>\n<\/tr>\n<tr>\n<td>TC-5000VA<\/td>\n<td>22*13*15.5<\/td>\n<td>29.8*24*20.5<\/td>\n<td>2<\/td>\n<\/tr>\n<\/tbody>\n<\/table>\n<h2 data-start=\"1324\" data-end=\"1339\">Applications<\/h2>\n<p>Ce convertisseur de tension est id\u00e9al pour la maison et le bureau. Il prend en charge une large gamme d'appareils \u00e9lectriques tels que :<\/p>\n<ul>\n<li>Appareils m\u00e9nagers : cuiseurs de riz, machines \u00e0 caf\u00e9, centrifugeuses, distributeurs d'eau et ventilateurs<\/li>\n<li>\u00c9lectronique : ordinateurs, imprimantes, t\u00e9l\u00e9copieurs et amplificateurs audio<\/li>\n<li>Outils \u00e9lectriques et appareils de salon : perceuses, s\u00e8che-cheveux et autres outils de 110V ou 220V.<\/li>\n<li>Parfait pour les voyageurs internationaux, les petits ateliers ou les particuliers qui ont besoin d'utiliser des appareils import\u00e9s en toute s\u00e9curit\u00e9.<\/li>\n<\/ul>\n<h2 data-start=\"2715\" data-end=\"2742\">Sp\u00e9cifications techniques<\/h2>\n<div class=\"_tableContainer_1rjym_1\">\n<div class=\"group _tableWrapper_1rjym_13 flex w-fit flex-col-reverse\" tabindex=\"-1\">\n<table class=\"w-fit min-w-(--thread-content-width)\" data-start=\"2744\" data-end=\"3336\">\n<thead data-start=\"2744\" data-end=\"2771\">\n<tr data-start=\"2744\" data-end=\"2771\">\n<th data-start=\"2744\" data-end=\"2756\" data-col-size=\"sm\">Param\u00e8tres<\/th>\n<th data-start=\"2756\" data-end=\"2771\" data-col-size=\"md\">Description<\/th>\n<\/tr>\n<\/thead>\n<tbody data-start=\"2802\" data-end=\"3336\">\n<tr data-start=\"2802\" data-end=\"2862\">\n<td data-start=\"2802\" data-end=\"2813\" data-col-size=\"sm\"><strong data-start=\"2804\" data-end=\"2812\">Type<\/strong><\/td>\n<td data-start=\"2813\" data-end=\"2862\" data-col-size=\"md\">Convertisseur de tension \u00e9l\u00e9vateur et abaisseur de tension monophas\u00e9<\/td>\n<\/tr>\n<tr data-start=\"2863\" data-end=\"2922\">\n<td data-start=\"2863\" data-end=\"2883\" data-col-size=\"sm\"><strong data-start=\"2865\" data-end=\"2882\">Tension d'entr\u00e9e<\/strong><\/td>\n<td data-start=\"2883\" data-end=\"2922\" data-col-size=\"md\">AC 110V \/ 200V \/ 220V \/ 230V \/ 240V<\/td>\n<\/tr>\n<tr data-start=\"2923\" data-end=\"2962\">\n<td data-start=\"2923\" data-end=\"2944\" data-col-size=\"sm\"><strong data-start=\"2925\" data-end=\"2943\">Tension de sortie<\/strong><\/td>\n<td data-start=\"2944\" data-end=\"2962\" data-col-size=\"md\">AC 110V &amp; 220V<\/td>\n<\/tr>\n<tr data-start=\"2963\" data-end=\"2994\">\n<td data-start=\"2963\" data-end=\"2979\" data-col-size=\"sm\"><strong data-start=\"2965\" data-end=\"2978\">Fr\u00e9quence<\/strong><\/td>\n<td data-start=\"2979\" data-end=\"2994\" data-col-size=\"md\">50Hz \/ 60Hz<\/td>\n<\/tr>\n<tr data-start=\"2995\" data-end=\"3108\">\n<td data-start=\"2995\" data-end=\"3016\" data-col-size=\"sm\"><strong data-start=\"2997\" data-end=\"3015\">Capacit\u00e9 nominale<\/strong><\/td>\n<td data-start=\"3016\" data-end=\"3108\" data-col-size=\"md\">100VA, 200VA, 300VA, 500VA, 800VA, 1000VA, 1500VA, 2000VA, 3000VA, 5000VA (personnalisable)<\/td>\n<\/tr>\n<tr data-start=\"3109\" data-end=\"3160\">\n<td data-start=\"3109\" data-end=\"3126\" data-col-size=\"sm\"><strong data-start=\"3111\" data-end=\"3125\">Protection de l'environnement<\/strong><\/td>\n<td data-start=\"3126\" data-end=\"3160\" data-col-size=\"md\">Fusible ou protecteur de surintensit\u00e9<\/td>\n<\/tr>\n<tr data-start=\"3161\" data-end=\"3246\">\n<td data-start=\"3161\" data-end=\"3183\" data-col-size=\"sm\"><strong data-start=\"3163\" data-end=\"3182\">Type de connexion<\/strong><\/td>\n<td data-start=\"3183\" data-end=\"3246\" data-col-size=\"md\">Fiche et prise (jusqu'\u00e0 3000VA) ; entr\u00e9e terminale (au-del\u00e0 de 3000VA)<\/td>\n<\/tr>\n<tr data-start=\"3247\" data-end=\"3284\">\n<td data-start=\"3247\" data-end=\"3261\" data-col-size=\"sm\"><strong data-start=\"3249\" data-end=\"3260\">Refroidissement<\/strong><\/td>\n<td data-start=\"3261\" data-end=\"3284\" data-col-size=\"md\">Refroidissement naturel de l'air<\/td>\n<\/tr>\n<tr data-start=\"3285\" data-end=\"3336\">\n<td data-start=\"3285\" data-end=\"3304\" data-col-size=\"sm\"><strong data-start=\"3287\" data-end=\"3303\">Dur\u00e9e de vie<\/strong><\/td>\n<td data-start=\"3304\" data-end=\"3336\" data-col-size=\"md\">&gt;10 ans (dans des conditions normales d'utilisation)<\/td>\n<\/tr>\n<\/tbody>\n<\/table>\n<\/div>\n<\/div>\n<h2 data-start=\"3343\" data-end=\"3362\">Guide d'utilisation<\/h2>\n<ol data-start=\"3364\" data-end=\"4180\">\n<li data-start=\"3364\" data-end=\"3490\">\n<p data-start=\"3367\" data-end=\"3490\"><strong data-start=\"3367\" data-end=\"3385\">Contr\u00f4le pr\u00e9alable \u00e0 l'utilisation :<\/strong> Avant de brancher votre appareil, mettez le transformateur sous tension pendant 3 \u00e0 5 minutes pour vous assurer qu'il fonctionne normalement.<\/p>\n<\/li>\n<li data-start=\"3491\" data-end=\"3770\">\n<p data-start=\"3494\" data-end=\"3515\"><strong data-start=\"3494\" data-end=\"3513\">S\u00e9lection de la charge :<\/strong><\/p>\n<ul data-start=\"3519\" data-end=\"3770\">\n<li data-start=\"3519\" data-end=\"3594\">\n<p data-start=\"3521\" data-end=\"3594\">Faire <strong data-start=\"3524\" data-end=\"3531\">pas<\/strong> faire fonctionner le convertisseur \u00e0 pleine charge ou en surcharge pendant de longues p\u00e9riodes.<\/p>\n<\/li>\n<li data-start=\"3598\" data-end=\"3675\">\n<p data-start=\"3600\" data-end=\"3675\">Choisissez un transformateur class\u00e9 <strong data-start=\"3627\" data-end=\"3646\">1,2-1,5 fois plus \u00e9lev\u00e9<\/strong> que la puissance de votre appareil.<\/p>\n<\/li>\n<li data-start=\"3679\" data-end=\"3770\">\n<p data-start=\"3681\" data-end=\"3770\">Pour une utilisation continue de 24 heures, choisissez un transformateur ayant les caract\u00e9ristiques suivantes <strong data-start=\"3736\" data-end=\"3767\">2\u00d7 la puissance de votre appareil<\/strong>.<\/p>\n<\/li>\n<\/ul>\n<\/li>\n<li data-start=\"3771\" data-end=\"3980\">\n<p data-start=\"3774\" data-end=\"3796\"><strong data-start=\"3774\" data-end=\"3794\">R\u00e9f\u00e9rence de puissance :<\/strong><\/p>\n<ul data-start=\"3800\" data-end=\"3980\">\n<li data-start=\"3800\" data-end=\"3831\">\n<p data-start=\"3802\" data-end=\"3831\">200-400W \u2192 transformateur 500W<\/p>\n<\/li>\n<li data-start=\"3835\" data-end=\"3867\">\n<p data-start=\"3837\" data-end=\"3867\">400-800W \u2192 transformateur 1000W<\/p>\n<\/li>\n<li data-start=\"3871\" data-end=\"3904\">\n<p data-start=\"3873\" data-end=\"3904\">800-1300W \u2192 transformateur 1500W<\/p>\n<\/li>\n<li data-start=\"3908\" data-end=\"3942\">\n<p data-start=\"3910\" data-end=\"3942\">1300-1800W \u2192 2000W transformateur<\/p>\n<\/li>\n<li data-start=\"3946\" data-end=\"3980\">\n<p data-start=\"3948\" data-end=\"3980\">1800-2400W \u2192 3000W transformateur<\/p>\n<\/li>\n<\/ul>\n<\/li>\n<li data-start=\"3981\" data-end=\"4079\">\n<p data-start=\"3984\" data-end=\"4079\"><strong data-start=\"3984\" data-end=\"4005\">Refroidissement et s\u00e9curit\u00e9 :<\/strong> Assurer une bonne ventilation ; \u00e9viter l'humidit\u00e9, la chaleur et les mat\u00e9riaux inflammables.<\/p>\n<\/li>\n<li data-start=\"4080\" data-end=\"4180\">\n<p data-start=\"4083\" data-end=\"4180\"><strong data-start=\"4083\" data-end=\"4097\">Mise hors tension :<\/strong> Pour prolonger la dur\u00e9e de vie du transformateur, d\u00e9branchez toujours l'alimentation \u00e9lectrique apr\u00e8s utilisation.<\/p>\n<\/li>\n<\/ol>\n<h2 data-start=\"4187\" data-end=\"4215\">Pourquoi choisir la s\u00e9rie TC ?<\/h2>\n<p data-start=\"4217\" data-end=\"4473\">\u2714 <strong data-start=\"4219\" data-end=\"4258\">Solution fiable de tension universelle<\/strong> pour la maison et les voyages<br data-start=\"4278\" data-end=\"4281\" \/>\u2714 <strong data-start=\"4283\" data-end=\"4309\">Sortie s\u00fbre et stable<\/strong> avec protection contre les courts-circuits et les surcharges<br data-start=\"4352\" data-end=\"4355\" \/>\u2714 <strong data-start=\"4357\" data-end=\"4376\">Facile \u00e0 utiliser<\/strong> avec conception \"plug-and-play<br data-start=\"4402\" data-end=\"4405\" \/>\u2714 <strong data-start=\"4407\" data-end=\"4441\">Compact, portable et durable<\/strong> - id\u00e9al pour une utilisation quotidienne \u00e0 long terme<\/p>\n<p>&nbsp;<\/p>","protected":false},"excerpt":{"rendered":"<p data-start=\"588\" data-end=\"927\">Le <strong data-start=\"592\" data-end=\"649\">S\u00e9rie TC Convertisseur \u00e9l\u00e9vateur et abaisseur de tension portable<\/strong> est con\u00e7u pour les utilisateurs qui doivent faire fonctionner des appareils \u00e9lectriques avec des normes de tension diff\u00e9rentes. Cet appareil fiable <strong data-start=\"762\" data-end=\"790\">Transformateur 110V \u00e0 220V<\/strong> convertit efficacement le courant entre 110V-120V et 220V-240V, garantissant une performance s\u00fbre et stable pour vos appareils partout dans le monde.<\/p>\n<p data-start=\"929\" data-end=\"1005\">Avec sa conception \u00e0 double c\u0153ur, le <strong data-start=\"960\" data-end=\"986\">Transformateur 110 \u00e0 220<\/strong> fonctionne dans les deux sens :<\/p>\n<ul>\n<li data-start=\"929\" data-end=\"1005\">Convertit 110V en 220V (step-up)<\/li>\n<li data-start=\"929\" data-end=\"1005\">Convertit 220V en 110V (abaisseur)<\/li>\n<\/ul>\n<p data-start=\"1087\" data-end=\"1317\">Il suffit de s\u00e9lectionner la tension d'entr\u00e9e correcte pour votre r\u00e9gion \u00e0 l'aide du s\u00e9lecteur de tension int\u00e9gr\u00e9 - options disponibles : <strong data-start=\"1207\" data-end=\"1236\">110V \/ 220V \/ 230V \/ 240V<\/strong>. La sortie correspondante fournit une alimentation CA propre et stable \u00e0 votre \u00e9quipement.<\/p>","protected":false},"featured_media":22078,"template":"","meta":[],"product_brand":[],"product_cat":[42,99],"product_tag":[],"class_list":{"0":"post-22072","1":"product","2":"type-product","3":"status-publish","4":"has-post-thumbnail","6":"product_cat-low-voltage-transformer","7":"product_cat-single-phase-transformers","9":"first","10":"instock","11":"taxable","12":"shipping-taxable","13":"product-type-simple"},"yoast_head":"<!-- This site is optimized with the Yoast SEO plugin v25.0 - https:\/\/yoast.com\/wordpress\/plugins\/seo\/ -->\n<title>Voltage Converter Manufacturer | 110V to 220V Step Up &amp; Down Transformer 100VA\u20135KVA - PINE-ZHENGXI<\/title>\n<meta name=\"robots\" content=\"index, follow, max-snippet:-1, max-image-preview:large, max-video-preview:-1\" \/>\n<link rel=\"canonical\" href=\"https:\/\/www.tronkiele.com\/fr\/product\/step-up-and-down-voltage-converter-110v-to-220v-transformer\/\" \/>\n<meta property=\"og:locale\" content=\"fr_FR\" \/>\n<meta property=\"og:type\" content=\"article\" \/>\n<meta property=\"og:title\" content=\"Voltage Converter Manufacturer | 110V to 220V Step Up &amp; Down Transformer 100VA\u20135KVA - PINE-ZHENGXI\" \/>\n<meta property=\"og:description\" content=\"The TC Series Portable Step Up and Down Voltage Converter is designed for users who need to operate electrical appliances with different voltage standards. This reliable 110V to 220V transformer efficiently converts power between 110V\u2013120V and 220V\u2013240V, ensuring safe and stable performance for your devices anywhere in the world. With its dual-core design, the 110 To 220 Transformer works both ways:    Converts 110V to 220V (step-up)  Converts 220V to 110V (step-down)  Simply select the correct input voltage for your region using the built-in voltage selector switch \u2014 available options: 110V \/ 220V \/ 230V \/ 240V. The corresponding output provides clean and stable AC power for your equipment.\" \/>\n<meta property=\"og:url\" content=\"https:\/\/www.tronkiele.com\/fr\/product\/step-up-and-down-voltage-converter-110v-to-220v-transformer\/\" \/>\n<meta property=\"og:site_name\" content=\"PINE-ZHENGXI\" \/>\n<meta property=\"og:image\" content=\"https:\/\/www.tronkiele.com\/wp-content\/uploads\/2025\/10\/TC-100va-5Kva-Portable-Small-Step-Up-And-Down-Voltage-Converter-110v-To-220v-Transformer.webp\" \/>\n\t<meta property=\"og:image:width\" content=\"800\" \/>\n\t<meta property=\"og:image:height\" content=\"800\" \/>\n\t<meta property=\"og:image:type\" content=\"image\/webp\" \/>\n<meta name=\"twitter:card\" content=\"summary_large_image\" \/>\n<meta name=\"twitter:label1\" content=\"Dur\u00e9e de lecture estim\u00e9e\" \/>\n\t<meta name=\"twitter:data1\" content=\"3 minutes\" \/>\n<script type=\"application\/ld+json\" class=\"yoast-schema-graph\">{\"@context\":\"https:\/\/schema.org\",\"@graph\":[{\"@type\":\"WebPage\",\"@id\":\"https:\/\/www.tronkiele.com\/product\/step-up-and-down-voltage-converter-110v-to-220v-transformer\/\",\"url\":\"https:\/\/www.tronkiele.com\/product\/step-up-and-down-voltage-converter-110v-to-220v-transformer\/\",\"name\":\"Voltage Converter Manufacturer | 110V to 220V Step Up & Down Transformer 100VA\u20135KVA - PINE-ZHENGXI\",\"isPartOf\":{\"@id\":\"https:\/\/www.tronkiele.com\/#website\"},\"primaryImageOfPage\":{\"@id\":\"https:\/\/www.tronkiele.com\/product\/step-up-and-down-voltage-converter-110v-to-220v-transformer\/#primaryimage\"},\"image\":{\"@id\":\"https:\/\/www.tronkiele.com\/product\/step-up-and-down-voltage-converter-110v-to-220v-transformer\/#primaryimage\"},\"thumbnailUrl\":\"https:\/\/www.tronkiele.com\/wp-content\/uploads\/2025\/10\/TC-100va-5Kva-Portable-Small-Step-Up-And-Down-Voltage-Converter-110v-To-220v-Transformer.webp\",\"datePublished\":\"2025-10-04T05:37:36+00:00\",\"breadcrumb\":{\"@id\":\"https:\/\/www.tronkiele.com\/product\/step-up-and-down-voltage-converter-110v-to-220v-transformer\/#breadcrumb\"},\"inLanguage\":\"fr-FR\",\"potentialAction\":[{\"@type\":\"ReadAction\",\"target\":[\"https:\/\/www.tronkiele.com\/product\/step-up-and-down-voltage-converter-110v-to-220v-transformer\/\"]}]},{\"@type\":\"ImageObject\",\"inLanguage\":\"fr-FR\",\"@id\":\"https:\/\/www.tronkiele.com\/product\/step-up-and-down-voltage-converter-110v-to-220v-transformer\/#primaryimage\",\"url\":\"https:\/\/www.tronkiele.com\/wp-content\/uploads\/2025\/10\/TC-100va-5Kva-Portable-Small-Step-Up-And-Down-Voltage-Converter-110v-To-220v-Transformer.webp\",\"contentUrl\":\"https:\/\/www.tronkiele.com\/wp-content\/uploads\/2025\/10\/TC-100va-5Kva-Portable-Small-Step-Up-And-Down-Voltage-Converter-110v-To-220v-Transformer.webp\",\"width\":800,\"height\":800,\"caption\":\"TC 100va-5Kva Portable Small Step Up And Down Voltage Converter 110v To 220v Transformer\"},{\"@type\":\"BreadcrumbList\",\"@id\":\"https:\/\/www.tronkiele.com\/product\/step-up-and-down-voltage-converter-110v-to-220v-transformer\/#breadcrumb\",\"itemListElement\":[{\"@type\":\"ListItem\",\"position\":1,\"name\":\"Home\",\"item\":\"https:\/\/www.tronkiele.com\/\"},{\"@type\":\"ListItem\",\"position\":2,\"name\":\"Products\",\"item\":\"https:\/\/www.tronkiele.com\/shop\/\"},{\"@type\":\"ListItem\",\"position\":3,\"name\":\"TC 100va-5Kva Portable Small Step Up And Down Voltage Converter 110v To 220v Transformer\"}]},{\"@type\":\"WebSite\",\"@id\":\"https:\/\/www.tronkiele.com\/#website\",\"url\":\"https:\/\/www.tronkiele.com\/\",\"name\":\"PINE-ZHENGXI\",\"description\":\"\",\"publisher\":{\"@id\":\"https:\/\/www.tronkiele.com\/#organization\"},\"potentialAction\":[{\"@type\":\"SearchAction\",\"target\":{\"@type\":\"EntryPoint\",\"urlTemplate\":\"https:\/\/www.tronkiele.com\/?s={search_term_string}\"},\"query-input\":{\"@type\":\"PropertyValueSpecification\",\"valueRequired\":true,\"valueName\":\"search_term_string\"}}],\"inLanguage\":\"fr-FR\"},{\"@type\":\"Organization\",\"@id\":\"https:\/\/www.tronkiele.com\/#organization\",\"name\":\"PINE-ZHENGXI\",\"url\":\"https:\/\/www.tronkiele.com\/\",\"logo\":{\"@type\":\"ImageObject\",\"inLanguage\":\"fr-FR\",\"@id\":\"https:\/\/www.tronkiele.com\/#\/schema\/logo\/image\/\",\"url\":\"https:\/\/www.tronkiele.com\/wp-content\/uploads\/2024\/11\/cropped-tronki.webp\",\"contentUrl\":\"https:\/\/www.tronkiele.com\/wp-content\/uploads\/2024\/11\/cropped-tronki.webp\",\"width\":512,\"height\":512,\"caption\":\"PINE-ZHENGXI\"},\"image\":{\"@id\":\"https:\/\/www.tronkiele.com\/#\/schema\/logo\/image\/\"}}]}<\/script>\n<!-- \/ Yoast SEO plugin. -->","yoast_head_json":{"title":"Convertisseur de tension Fabricant | 110V \u00e0 220V Transformateur \u00e9l\u00e9vateur et abaisseur 100VA-5KVA - PINE-ZHENGXI","robots":{"index":"index","follow":"follow","max-snippet":"max-snippet:-1","max-image-preview":"max-image-preview:large","max-video-preview":"max-video-preview:-1"},"canonical":"https:\/\/www.tronkiele.com\/fr\/product\/step-up-and-down-voltage-converter-110v-to-220v-transformer\/","og_locale":"fr_FR","og_type":"article","og_title":"Voltage Converter Manufacturer | 110V to 220V Step Up & Down Transformer 100VA\u20135KVA - PINE-ZHENGXI","og_description":"The TC Series Portable Step Up and Down Voltage Converter is designed for users who need to operate electrical appliances with different voltage standards. This reliable 110V to 220V transformer efficiently converts power between 110V\u2013120V and 220V\u2013240V, ensuring safe and stable performance for your devices anywhere in the world. With its dual-core design, the 110 To 220 Transformer works both ways:    Converts 110V to 220V (step-up)  Converts 220V to 110V (step-down)  Simply select the correct input voltage for your region using the built-in voltage selector switch \u2014 available options: 110V \/ 220V \/ 230V \/ 240V. The corresponding output provides clean and stable AC power for your equipment.","og_url":"https:\/\/www.tronkiele.com\/fr\/product\/step-up-and-down-voltage-converter-110v-to-220v-transformer\/","og_site_name":"PINE-ZHENGXI","og_image":[{"width":800,"height":800,"url":"https:\/\/www.tronkiele.com\/wp-content\/uploads\/2025\/10\/TC-100va-5Kva-Portable-Small-Step-Up-And-Down-Voltage-Converter-110v-To-220v-Transformer.webp","type":"image\/webp"}],"twitter_card":"summary_large_image","twitter_misc":{"Dur\u00e9e de lecture estim\u00e9e":"3 minutes"},"schema":{"@context":"https:\/\/schema.org","@graph":[{"@type":"WebPage","@id":"https:\/\/www.tronkiele.com\/product\/step-up-and-down-voltage-converter-110v-to-220v-transformer\/","url":"https:\/\/www.tronkiele.com\/product\/step-up-and-down-voltage-converter-110v-to-220v-transformer\/","name":"Convertisseur de tension Fabricant | 110V \u00e0 220V Transformateur \u00e9l\u00e9vateur et abaisseur 100VA-5KVA - PINE-ZHENGXI","isPartOf":{"@id":"https:\/\/www.tronkiele.com\/#website"},"primaryImageOfPage":{"@id":"https:\/\/www.tronkiele.com\/product\/step-up-and-down-voltage-converter-110v-to-220v-transformer\/#primaryimage"},"image":{"@id":"https:\/\/www.tronkiele.com\/product\/step-up-and-down-voltage-converter-110v-to-220v-transformer\/#primaryimage"},"thumbnailUrl":"https:\/\/www.tronkiele.com\/wp-content\/uploads\/2025\/10\/TC-100va-5Kva-Portable-Small-Step-Up-And-Down-Voltage-Converter-110v-To-220v-Transformer.webp","datePublished":"2025-10-04T05:37:36+00:00","breadcrumb":{"@id":"https:\/\/www.tronkiele.com\/product\/step-up-and-down-voltage-converter-110v-to-220v-transformer\/#breadcrumb"},"inLanguage":"fr-FR","potentialAction":[{"@type":"ReadAction","target":["https:\/\/www.tronkiele.com\/product\/step-up-and-down-voltage-converter-110v-to-220v-transformer\/"]}]},{"@type":"ImageObject","inLanguage":"fr-FR","@id":"https:\/\/www.tronkiele.com\/product\/step-up-and-down-voltage-converter-110v-to-220v-transformer\/#primaryimage","url":"https:\/\/www.tronkiele.com\/wp-content\/uploads\/2025\/10\/TC-100va-5Kva-Portable-Small-Step-Up-And-Down-Voltage-Converter-110v-To-220v-Transformer.webp","contentUrl":"https:\/\/www.tronkiele.com\/wp-content\/uploads\/2025\/10\/TC-100va-5Kva-Portable-Small-Step-Up-And-Down-Voltage-Converter-110v-To-220v-Transformer.webp","width":800,"height":800,"caption":"TC 100va-5Kva Portable Small Step Up And Down Voltage Converter 110v To 220v Transformer"},{"@type":"BreadcrumbList","@id":"https:\/\/www.tronkiele.com\/product\/step-up-and-down-voltage-converter-110v-to-220v-transformer\/#breadcrumb","itemListElement":[{"@type":"ListItem","position":1,"name":"Home","item":"https:\/\/www.tronkiele.com\/"},{"@type":"ListItem","position":2,"name":"Products","item":"https:\/\/www.tronkiele.com\/shop\/"},{"@type":"ListItem","position":3,"name":"TC 100va-5Kva Portable Small Step Up And Down Voltage Converter 110v To 220v Transformer"}]},{"@type":"WebSite","@id":"https:\/\/www.tronkiele.com\/#website","url":"https:\/\/www.tronkiele.com\/","name":"PINE-ZHENGXI","description":"","publisher":{"@id":"https:\/\/www.tronkiele.com\/#organization"},"potentialAction":[{"@type":"SearchAction","target":{"@type":"EntryPoint","urlTemplate":"https:\/\/www.tronkiele.com\/?s={search_term_string}"},"query-input":{"@type":"PropertyValueSpecification","valueRequired":true,"valueName":"search_term_string"}}],"inLanguage":"fr-FR"},{"@type":"Organization","@id":"https:\/\/www.tronkiele.com\/#organization","name":"PINE-ZHENGXI","url":"https:\/\/www.tronkiele.com\/","logo":{"@type":"ImageObject","inLanguage":"fr-FR","@id":"https:\/\/www.tronkiele.com\/#\/schema\/logo\/image\/","url":"https:\/\/www.tronkiele.com\/wp-content\/uploads\/2024\/11\/cropped-tronki.webp","contentUrl":"https:\/\/www.tronkiele.com\/wp-content\/uploads\/2024\/11\/cropped-tronki.webp","width":512,"height":512,"caption":"PINE-ZHENGXI"},"image":{"@id":"https:\/\/www.tronkiele.com\/#\/schema\/logo\/image\/"}}]}},"_links":{"self":[{"href":"https:\/\/www.tronkiele.com\/fr\/wp-json\/wp\/v2\/product\/22072","targetHints":{"allow":["GET"]}}],"collection":[{"href":"https:\/\/www.tronkiele.com\/fr\/wp-json\/wp\/v2\/product"}],"about":[{"href":"https:\/\/www.tronkiele.com\/fr\/wp-json\/wp\/v2\/types\/product"}],"version-history":[{"count":3,"href":"https:\/\/www.tronkiele.com\/fr\/wp-json\/wp\/v2\/product\/22072\/revisions"}],"predecessor-version":[{"id":22079,"href":"https:\/\/www.tronkiele.com\/fr\/wp-json\/wp\/v2\/product\/22072\/revisions\/22079"}],"wp:featuredmedia":[{"embeddable":true,"href":"https:\/\/www.tronkiele.com\/fr\/wp-json\/wp\/v2\/media\/22078"}],"wp:attachment":[{"href":"https:\/\/www.tronkiele.com\/fr\/wp-json\/wp\/v2\/media?parent=22072"}],"wp:term":[{"taxonomy":"product_brand","embeddable":true,"href":"https:\/\/www.tronkiele.com\/fr\/wp-json\/wp\/v2\/product_brand?post=22072"},{"taxonomy":"product_cat","embeddable":true,"href":"https:\/\/www.tronkiele.com\/fr\/wp-json\/wp\/v2\/product_cat?post=22072"},{"taxonomy":"product_tag","embeddable":true,"href":"https:\/\/www.tronkiele.com\/fr\/wp-json\/wp\/v2\/product_tag?post=22072"}],"curies":[{"name":"wp","href":"https:\/\/api.w.org\/{rel}","templated":true}]}}