{"id":22200,"date":"2025-10-17T06:56:46","date_gmt":"2025-10-17T06:56:46","guid":{"rendered":"https:\/\/www.tronkiele.com\/?post_type=product&#038;p=22200"},"modified":"2025-10-17T06:58:53","modified_gmt":"2025-10-17T06:58:53","slug":"single-phase-toroidal-isolation-transformer","status":"publish","type":"product","link":"https:\/\/www.tronkiele.com\/fr\/product\/single-phase-toroidal-isolation-transformer\/","title":{"rendered":"Transformateur d'isolement toro\u00efdal monophas\u00e9 220v vers 220v avec 2 prises de sortie"},"content":{"rendered":"<h2>Caract\u00e9ristiques principales<\/h2>\n<p><strong>1. Performances de l'isolation pure<\/strong><\/p>\n<p>Fournit une isolation \u00e9lectrique entre l'entr\u00e9e et la sortie, \u00e9liminant le bruit \u00e9lectrique et r\u00e9duisant la distorsion harmonique.<br \/>\nAssurant une tension de sortie pure de 220V, la tension est compl\u00e8tement isol\u00e9e de l'entr\u00e9e, ce qui la rend id\u00e9ale pour les \u00e9quipements \u00e9lectroniques d\u00e9licats.<\/p>\n<p><strong>2. Conception toro\u00efdale \u00e0 haut rendement<\/strong><\/p>\n<p>Par rapport aux transformateurs lamin\u00e9s traditionnels, la structure toro\u00efdale du noyau minimise les fuites magn\u00e9tiques, am\u00e9liore l'efficacit\u00e9 de la conversion \u00e9nerg\u00e9tique et r\u00e9duit la taille et le poids.<\/p>\n<p>Fonctionnement silencieux, faibles vibrations et faible d\u00e9gagement de chaleur.<\/p>\n<p><strong>3. \u00c9cran intelligent haute d\u00e9finition<\/strong><\/p>\n<p>\u00c9quip\u00e9 d'un \u00e9cran LCD lumineux, il affiche clairement la tension, la charge et l'\u00e9tat de fonctionnement en temps r\u00e9el, ce qui facilite le contr\u00f4le des performances du syst\u00e8me.<\/p>\n<p><strong>4. Six grandes fonctions de protection<\/strong><\/p>\n<p>Protection contre les surtensions\u3001Protection contre les surcharges\u3001Protection contre les surchauffes\u3001Protection contre la temporisation\u3001Protection contre les courts-circuits\u3001Suppression des surtensions \u00e0 la mise sous tension<br \/>\nCes caract\u00e9ristiques garantissent un fonctionnement s\u00fbr, fiable et stable dans toutes les conditions.<\/p>\n<p><strong>5. Construction s\u00fbre et durable<\/strong><\/p>\n<p>Fabriqu\u00e9 avec des enroulements en cuivre de haute qualit\u00e9 et des mat\u00e9riaux \u00e0 haute isolation, il offre une longue dur\u00e9e de vie. Il convient pour un fonctionnement continu dans les environnements r\u00e9sidentiels et commerciaux.<\/p>\n<h2>Param\u00e8tres techniques<\/h2>\n<table>\n<tbody>\n<tr>\n<td width=\"19.8800%\">Capacit\u00e9<\/td>\n<td width=\"22.2000%\">AFT-300W<\/td>\n<td width=\"18.5400%\">AFT-500W<\/td>\n<td width=\"18.5800%\">AFT-1000W<\/td>\n<td width=\"18.5800%\">AFT-2000W<\/td>\n<\/tr>\n<tr>\n<td width=\"19.8800%\">Puissance maximale<\/td>\n<td width=\"22.2000%\">270W<\/td>\n<td width=\"18.5400%\">450W<\/td>\n<td width=\"18.5800%\">900W<\/td>\n<td width=\"18.5800%\">1800W<\/td>\n<\/tr>\n<tr>\n<td width=\"19.8800%\">Poids<\/td>\n<td width=\"22.2000%\">13.23LB<\/td>\n<td width=\"18.5400%\">17.6LB<\/td>\n<td width=\"18.5800%\">21LB<\/td>\n<td width=\"18.5800%\">33LB<\/td>\n<\/tr>\n<tr>\n<td width=\"19.8800%\">Tension d'entr\u00e9e<\/td>\n<td colspan=\"4\" width=\"79.0200%\">monophas\u00e9 AC110-120v\u3001AC220V ou personnalis\u00e9<\/td>\n<\/tr>\n<tr>\n<td width=\"19.8800%\">Taille<\/td>\n<td colspan=\"3\" width=\"60.0600%\">11,8 * 7,1 * 5,1 pouces<\/td>\n<td width=\"18.5800%\">12*8.3*8.3<\/td>\n<\/tr>\n<tr>\n<td width=\"19.8800%\">Tension de sortie<\/td>\n<td colspan=\"4\" width=\"79.0200%\">monophas\u00e9 AC110-120v \u3001AC220V ou sur mesure<\/td>\n<\/tr>\n<tr>\n<td width=\"19.8800%\">R\u00e9sistance de l'isolation<\/td>\n<td colspan=\"4\" width=\"79.0200%\">\u22655M\u03a9<\/td>\n<\/tr>\n<tr>\n<td width=\"19.8800%\">Fr\u00e9quence :<\/td>\n<td colspan=\"4\" width=\"79.0200%\">50\/60HZ<\/td>\n<\/tr>\n<tr>\n<td width=\"19.8800%\">Courant nominal<\/td>\n<td colspan=\"4\" width=\"79.0200%\">2.28A<\/td>\n<\/tr>\n<tr>\n<td width=\"19.8800%\">Temp\u00e9rature de travail<\/td>\n<td colspan=\"4\" width=\"79.0200%\">limite sup\u00e9rieure 40 \u00b0 C, limite inf\u00e9rieure -20 \u00b0 C<\/td>\n<\/tr>\n<tr>\n<td width=\"19.8800%\">Humidit\u00e9 relative<\/td>\n<td colspan=\"4\" width=\"79.0200%\">pas plus de 90%<\/td>\n<\/tr>\n<tr>\n<td width=\"19.8800%\">Altitude<\/td>\n<td colspan=\"4\" width=\"79.0200%\">pas plus de 2000m<\/td>\n<\/tr>\n<\/tbody>\n<\/table>\n<h2>Applications<\/h2>\n<ul>\n<li>\u00c9quipement audio et studios : Am\u00e9liorer la qualit\u00e9 du son et r\u00e9duire les interf\u00e9rences sonores.<\/li>\n<li>Laboratoires et bancs d'essai : Fournir une alimentation propre et isol\u00e9e aux instruments de pr\u00e9cision.<\/li>\n<li>\u00c9quipement m\u00e9dical : Assurer un isolement s\u00fbr des \u00e9quipements \u00e9lectroniques sensibles.<\/li>\n<li>Automatisation industrielle : Prot\u00e9gez les automates, les capteurs et les panneaux de contr\u00f4le des fluctuations de tension. Pour la maison ou le bureau : Fournit une alimentation propre pour les ordinateurs, les amplificateurs et les syst\u00e8mes audiovisuels.<\/li>\n<\/ul>\n<h2>Pourquoi choisir les transformateurs d'isolement Zhengxi ?<\/h2>\n<p>Fort de plusieurs d\u00e9cennies d'exp\u00e9rience dans la fabrication de transformateurs, Zhengxi est un fabricant de confiance de transformateurs d'isolation toro\u00efdaux, au service de clients industriels, commerciaux et internationaux. Nos transformateurs sont soumis \u00e0 un contr\u00f4le de qualit\u00e9 rigoureux afin de garantir une grande fiabilit\u00e9, des performances constantes et la conformit\u00e9 aux normes de s\u00e9curit\u00e9 CEI et CE.<\/p>\n<p>Nous proposons des services de personnalisation OEM et ODM, y compris des options de tension d'entr\u00e9e\/sortie, des types de prises et des puissances nominales pour r\u00e9pondre aux besoins sp\u00e9cifiques de votre projet.<\/p>\n<h2>FAQ<\/h2>\n<p><strong>Q1 : A quoi sert un transformateur d'isolement 220V vers 220V ?<\/strong><\/p>\n<p>R : Il isole les charges \u00e9lectriques de la source d'alimentation principale, \u00e9liminant les boucles de terre, r\u00e9duisant le bruit et am\u00e9liorant la s\u00e9curit\u00e9 sans modifier les niveaux de tension.<\/p>\n<p><strong>Q2 : Quels sont les avantages des transformateurs d'isolement toro\u00efdaux par rapport aux noyaux EI traditionnels ?<\/strong><\/p>\n<p>R : Les transformateurs toro\u00efdaux offrent un rendement plus \u00e9lev\u00e9, un bruit plus faible, une taille plus petite et une r\u00e9duction des interf\u00e9rences \u00e9lectromagn\u00e9tiques.<\/p>\n<p><strong>Q3 : Ce transformateur peut-il \u00eatre adapt\u00e9 \u00e0 d'autres normes de prises ou \u00e0 d'autres tensions ?<\/strong><\/p>\n<p>R : Oui. Zhengxi peut fournir des configurations de tension et des types de prises personnalis\u00e9s en fonction des normes en vigueur dans votre r\u00e9gion ou des exigences sp\u00e9cifiques de votre projet.<\/p>\n<p><img fetchpriority=\"high\" decoding=\"async\" class=\"alignnone size-medium wp-image-22204\" src=\"https:\/\/www.tronkiele.com\/wp-content\/uploads\/2025\/10\/Brand-switch-One-click-Start-300x300.webp\" alt=\"Changement de marque D\u00e9marrage en un clic\" width=\"300\" height=\"300\" srcset=\"https:\/\/www.tronkiele.com\/wp-content\/uploads\/2025\/10\/Brand-switch-One-click-Start-300x300.webp 300w, https:\/\/www.tronkiele.com\/wp-content\/uploads\/2025\/10\/Brand-switch-One-click-Start-150x150.webp 150w, https:\/\/www.tronkiele.com\/wp-content\/uploads\/2025\/10\/Brand-switch-One-click-Start-12x12.webp 12w, https:\/\/www.tronkiele.com\/wp-content\/uploads\/2025\/10\/Brand-switch-One-click-Start.webp 400w\" sizes=\"(max-width: 300px) 100vw, 300px\" \/> <img decoding=\"async\" class=\"alignnone size-medium wp-image-22205\" src=\"https:\/\/www.tronkiele.com\/wp-content\/uploads\/2025\/10\/Intelligent-liquid-crystal-display-300x300.webp\" alt=\"\u00c9cran \u00e0 cristaux liquides intelligent\" width=\"300\" height=\"300\" srcset=\"https:\/\/www.tronkiele.com\/wp-content\/uploads\/2025\/10\/Intelligent-liquid-crystal-display-300x300.webp 300w, https:\/\/www.tronkiele.com\/wp-content\/uploads\/2025\/10\/Intelligent-liquid-crystal-display-150x150.webp 150w, https:\/\/www.tronkiele.com\/wp-content\/uploads\/2025\/10\/Intelligent-liquid-crystal-display-12x12.webp 12w, https:\/\/www.tronkiele.com\/wp-content\/uploads\/2025\/10\/Intelligent-liquid-crystal-display.webp 400w\" sizes=\"(max-width: 300px) 100vw, 300px\" \/> <img decoding=\"async\" class=\"alignnone size-medium wp-image-22206\" src=\"https:\/\/www.tronkiele.com\/wp-content\/uploads\/2025\/10\/Pure-copper-coil-Full-power-300x300.webp\" alt=\"Bobine en cuivre pur Pleine puissance\" width=\"300\" height=\"300\" srcset=\"https:\/\/www.tronkiele.com\/wp-content\/uploads\/2025\/10\/Pure-copper-coil-Full-power-300x300.webp 300w, https:\/\/www.tronkiele.com\/wp-content\/uploads\/2025\/10\/Pure-copper-coil-Full-power-150x150.webp 150w, https:\/\/www.tronkiele.com\/wp-content\/uploads\/2025\/10\/Pure-copper-coil-Full-power-12x12.webp 12w, https:\/\/www.tronkiele.com\/wp-content\/uploads\/2025\/10\/Pure-copper-coil-Full-power.webp 400w\" sizes=\"(max-width: 300px) 100vw, 300px\" \/><\/p>\n<p>&nbsp;<\/p>","protected":false},"excerpt":{"rendered":"<p>Ce transformateur d'isolation toro\u00efdal 220V \u00e0 220V monophas\u00e9 est con\u00e7u pour fournir aux appareils \u00e9lectroniques et audio d\u00e9licats une alimentation propre, r\u00e9guli\u00e8re et silencieuse. Il isole efficacement le bruit \u00e9lectrique et les interf\u00e9rences gr\u00e2ce \u00e0 la technologie du noyau toro\u00efdal \u00e0 haut rendement, garantissant ainsi le fonctionnement optimal et la s\u00e9curit\u00e9 des appareils connect\u00e9s.<\/p>\n<p>Avec deux sorties et un \u00e9cran LCD HD intelligent, les utilisateurs peuvent facilement garder un \u0153il sur l'\u00e9tat de fonctionnement, la charge et la tension en temps r\u00e9el. Ce transformateur d'isolation fournit une alimentation propre, de faibles interf\u00e9rences \u00e9lectromagn\u00e9tiques et une fiabilit\u00e9 \u00e0 long terme, qu'il soit utilis\u00e9 dans des syst\u00e8mes de contr\u00f4le industriels, des \u00e9quipements m\u00e9dicaux, des syst\u00e8mes audio ou des laboratoires.<\/p>","protected":false},"featured_media":22201,"template":"","meta":[],"product_brand":[],"product_cat":[98,42,99],"product_tag":[],"class_list":{"0":"post-22200","1":"product","2":"type-product","3":"status-publish","4":"has-post-thumbnail","6":"product_cat-isolation-transformer","7":"product_cat-low-voltage-transformer","8":"product_cat-single-phase-transformers","10":"first","11":"instock","12":"taxable","13":"shipping-taxable","14":"product-type-simple"},"yoast_head":"<!-- This site is optimized with the Yoast SEO plugin v25.0 - https:\/\/yoast.com\/wordpress\/plugins\/seo\/ -->\n<title>Single Phase Toroidal Isolation Transformer Manufacturer In China - PINE-ZHENGXI<\/title>\n<meta name=\"robots\" content=\"index, follow, max-snippet:-1, max-image-preview:large, max-video-preview:-1\" \/>\n<link rel=\"canonical\" href=\"https:\/\/www.tronkiele.com\/fr\/product\/single-phase-toroidal-isolation-transformer\/\" \/>\n<meta property=\"og:locale\" content=\"fr_FR\" \/>\n<meta property=\"og:type\" content=\"article\" \/>\n<meta property=\"og:title\" content=\"Single Phase Toroidal Isolation Transformer Manufacturer In China - PINE-ZHENGXI\" \/>\n<meta property=\"og:description\" content=\"This 220V to 220V single-phase toroidal isolation transformer is made to supply delicate electronic and audio devices with clean, steady, and noiseless power. It efficiently isolates electrical noise and interference using high-efficiency toroidal core technology, guaranteeing connected devices operate at their best and are safe.  With two outputs and a smart HD LCD display, users can effortlessly keep an eye on operating condition, load, and voltage in real time. This isolation transformer provides clean power, low electromagnetic interference, and long-term reliability whether it is utilized in industrial control systems, medical equipment, audio systems, or labs.\" \/>\n<meta property=\"og:url\" content=\"https:\/\/www.tronkiele.com\/fr\/product\/single-phase-toroidal-isolation-transformer\/\" \/>\n<meta property=\"og:site_name\" content=\"PINE-ZHENGXI\" \/>\n<meta property=\"article:modified_time\" content=\"2025-10-17T06:58:53+00:00\" \/>\n<meta property=\"og:image\" content=\"https:\/\/www.tronkiele.com\/wp-content\/uploads\/2025\/10\/Single-Phase-Toroidal-Isolation-Transformer-220v-To-220v-With-2-Output-Sockets.webp\" \/>\n\t<meta property=\"og:image:width\" content=\"600\" \/>\n\t<meta property=\"og:image:height\" content=\"600\" \/>\n\t<meta property=\"og:image:type\" content=\"image\/webp\" \/>\n<meta name=\"twitter:card\" content=\"summary_large_image\" \/>\n<meta name=\"twitter:label1\" content=\"Dur\u00e9e de lecture estim\u00e9e\" \/>\n\t<meta name=\"twitter:data1\" content=\"3 minutes\" \/>\n<script type=\"application\/ld+json\" class=\"yoast-schema-graph\">{\"@context\":\"https:\/\/schema.org\",\"@graph\":[{\"@type\":\"WebPage\",\"@id\":\"https:\/\/www.tronkiele.com\/product\/single-phase-toroidal-isolation-transformer\/\",\"url\":\"https:\/\/www.tronkiele.com\/product\/single-phase-toroidal-isolation-transformer\/\",\"name\":\"Single Phase Toroidal Isolation Transformer Manufacturer In China - PINE-ZHENGXI\",\"isPartOf\":{\"@id\":\"https:\/\/www.tronkiele.com\/#website\"},\"primaryImageOfPage\":{\"@id\":\"https:\/\/www.tronkiele.com\/product\/single-phase-toroidal-isolation-transformer\/#primaryimage\"},\"image\":{\"@id\":\"https:\/\/www.tronkiele.com\/product\/single-phase-toroidal-isolation-transformer\/#primaryimage\"},\"thumbnailUrl\":\"https:\/\/www.tronkiele.com\/wp-content\/uploads\/2025\/10\/Single-Phase-Toroidal-Isolation-Transformer-220v-To-220v-With-2-Output-Sockets.webp\",\"datePublished\":\"2025-10-17T06:56:46+00:00\",\"dateModified\":\"2025-10-17T06:58:53+00:00\",\"breadcrumb\":{\"@id\":\"https:\/\/www.tronkiele.com\/product\/single-phase-toroidal-isolation-transformer\/#breadcrumb\"},\"inLanguage\":\"fr-FR\",\"potentialAction\":[{\"@type\":\"ReadAction\",\"target\":[\"https:\/\/www.tronkiele.com\/product\/single-phase-toroidal-isolation-transformer\/\"]}]},{\"@type\":\"ImageObject\",\"inLanguage\":\"fr-FR\",\"@id\":\"https:\/\/www.tronkiele.com\/product\/single-phase-toroidal-isolation-transformer\/#primaryimage\",\"url\":\"https:\/\/www.tronkiele.com\/wp-content\/uploads\/2025\/10\/Single-Phase-Toroidal-Isolation-Transformer-220v-To-220v-With-2-Output-Sockets.webp\",\"contentUrl\":\"https:\/\/www.tronkiele.com\/wp-content\/uploads\/2025\/10\/Single-Phase-Toroidal-Isolation-Transformer-220v-To-220v-With-2-Output-Sockets.webp\",\"width\":600,\"height\":600,\"caption\":\"Single Phase Toroidal Isolation Transformer 220v To 220v With 2 Output Sockets\"},{\"@type\":\"BreadcrumbList\",\"@id\":\"https:\/\/www.tronkiele.com\/product\/single-phase-toroidal-isolation-transformer\/#breadcrumb\",\"itemListElement\":[{\"@type\":\"ListItem\",\"position\":1,\"name\":\"Home\",\"item\":\"https:\/\/www.tronkiele.com\/\"},{\"@type\":\"ListItem\",\"position\":2,\"name\":\"Products\",\"item\":\"https:\/\/www.tronkiele.com\/shop\/\"},{\"@type\":\"ListItem\",\"position\":3,\"name\":\"Single Phase Toroidal Isolation Transformer 220v To 220v With 2 Output Sockets\"}]},{\"@type\":\"WebSite\",\"@id\":\"https:\/\/www.tronkiele.com\/#website\",\"url\":\"https:\/\/www.tronkiele.com\/\",\"name\":\"PINE-ZHENGXI\",\"description\":\"\",\"publisher\":{\"@id\":\"https:\/\/www.tronkiele.com\/#organization\"},\"potentialAction\":[{\"@type\":\"SearchAction\",\"target\":{\"@type\":\"EntryPoint\",\"urlTemplate\":\"https:\/\/www.tronkiele.com\/?s={search_term_string}\"},\"query-input\":{\"@type\":\"PropertyValueSpecification\",\"valueRequired\":true,\"valueName\":\"search_term_string\"}}],\"inLanguage\":\"fr-FR\"},{\"@type\":\"Organization\",\"@id\":\"https:\/\/www.tronkiele.com\/#organization\",\"name\":\"PINE-ZHENGXI\",\"url\":\"https:\/\/www.tronkiele.com\/\",\"logo\":{\"@type\":\"ImageObject\",\"inLanguage\":\"fr-FR\",\"@id\":\"https:\/\/www.tronkiele.com\/#\/schema\/logo\/image\/\",\"url\":\"https:\/\/www.tronkiele.com\/wp-content\/uploads\/2024\/11\/cropped-tronki.webp\",\"contentUrl\":\"https:\/\/www.tronkiele.com\/wp-content\/uploads\/2024\/11\/cropped-tronki.webp\",\"width\":512,\"height\":512,\"caption\":\"PINE-ZHENGXI\"},\"image\":{\"@id\":\"https:\/\/www.tronkiele.com\/#\/schema\/logo\/image\/\"}}]}<\/script>\n<!-- \/ Yoast SEO plugin. -->","yoast_head_json":{"title":"Transformateur d'isolement toro\u00efdal monophas\u00e9 - PINE-ZHENGXI","robots":{"index":"index","follow":"follow","max-snippet":"max-snippet:-1","max-image-preview":"max-image-preview:large","max-video-preview":"max-video-preview:-1"},"canonical":"https:\/\/www.tronkiele.com\/fr\/product\/single-phase-toroidal-isolation-transformer\/","og_locale":"fr_FR","og_type":"article","og_title":"Single Phase Toroidal Isolation Transformer Manufacturer In China - PINE-ZHENGXI","og_description":"This 220V to 220V single-phase toroidal isolation transformer is made to supply delicate electronic and audio devices with clean, steady, and noiseless power. It efficiently isolates electrical noise and interference using high-efficiency toroidal core technology, guaranteeing connected devices operate at their best and are safe.  With two outputs and a smart HD LCD display, users can effortlessly keep an eye on operating condition, load, and voltage in real time. This isolation transformer provides clean power, low electromagnetic interference, and long-term reliability whether it is utilized in industrial control systems, medical equipment, audio systems, or labs.","og_url":"https:\/\/www.tronkiele.com\/fr\/product\/single-phase-toroidal-isolation-transformer\/","og_site_name":"PINE-ZHENGXI","article_modified_time":"2025-10-17T06:58:53+00:00","og_image":[{"width":600,"height":600,"url":"https:\/\/www.tronkiele.com\/wp-content\/uploads\/2025\/10\/Single-Phase-Toroidal-Isolation-Transformer-220v-To-220v-With-2-Output-Sockets.webp","type":"image\/webp"}],"twitter_card":"summary_large_image","twitter_misc":{"Dur\u00e9e de lecture estim\u00e9e":"3 minutes"},"schema":{"@context":"https:\/\/schema.org","@graph":[{"@type":"WebPage","@id":"https:\/\/www.tronkiele.com\/product\/single-phase-toroidal-isolation-transformer\/","url":"https:\/\/www.tronkiele.com\/product\/single-phase-toroidal-isolation-transformer\/","name":"Transformateur d'isolement toro\u00efdal monophas\u00e9 - PINE-ZHENGXI","isPartOf":{"@id":"https:\/\/www.tronkiele.com\/#website"},"primaryImageOfPage":{"@id":"https:\/\/www.tronkiele.com\/product\/single-phase-toroidal-isolation-transformer\/#primaryimage"},"image":{"@id":"https:\/\/www.tronkiele.com\/product\/single-phase-toroidal-isolation-transformer\/#primaryimage"},"thumbnailUrl":"https:\/\/www.tronkiele.com\/wp-content\/uploads\/2025\/10\/Single-Phase-Toroidal-Isolation-Transformer-220v-To-220v-With-2-Output-Sockets.webp","datePublished":"2025-10-17T06:56:46+00:00","dateModified":"2025-10-17T06:58:53+00:00","breadcrumb":{"@id":"https:\/\/www.tronkiele.com\/product\/single-phase-toroidal-isolation-transformer\/#breadcrumb"},"inLanguage":"fr-FR","potentialAction":[{"@type":"ReadAction","target":["https:\/\/www.tronkiele.com\/product\/single-phase-toroidal-isolation-transformer\/"]}]},{"@type":"ImageObject","inLanguage":"fr-FR","@id":"https:\/\/www.tronkiele.com\/product\/single-phase-toroidal-isolation-transformer\/#primaryimage","url":"https:\/\/www.tronkiele.com\/wp-content\/uploads\/2025\/10\/Single-Phase-Toroidal-Isolation-Transformer-220v-To-220v-With-2-Output-Sockets.webp","contentUrl":"https:\/\/www.tronkiele.com\/wp-content\/uploads\/2025\/10\/Single-Phase-Toroidal-Isolation-Transformer-220v-To-220v-With-2-Output-Sockets.webp","width":600,"height":600,"caption":"Single Phase Toroidal Isolation Transformer 220v To 220v With 2 Output Sockets"},{"@type":"BreadcrumbList","@id":"https:\/\/www.tronkiele.com\/product\/single-phase-toroidal-isolation-transformer\/#breadcrumb","itemListElement":[{"@type":"ListItem","position":1,"name":"Home","item":"https:\/\/www.tronkiele.com\/"},{"@type":"ListItem","position":2,"name":"Products","item":"https:\/\/www.tronkiele.com\/shop\/"},{"@type":"ListItem","position":3,"name":"Single Phase Toroidal Isolation Transformer 220v To 220v With 2 Output Sockets"}]},{"@type":"WebSite","@id":"https:\/\/www.tronkiele.com\/#website","url":"https:\/\/www.tronkiele.com\/","name":"PINE-ZHENGXI","description":"","publisher":{"@id":"https:\/\/www.tronkiele.com\/#organization"},"potentialAction":[{"@type":"SearchAction","target":{"@type":"EntryPoint","urlTemplate":"https:\/\/www.tronkiele.com\/?s={search_term_string}"},"query-input":{"@type":"PropertyValueSpecification","valueRequired":true,"valueName":"search_term_string"}}],"inLanguage":"fr-FR"},{"@type":"Organization","@id":"https:\/\/www.tronkiele.com\/#organization","name":"PINE-ZHENGXI","url":"https:\/\/www.tronkiele.com\/","logo":{"@type":"ImageObject","inLanguage":"fr-FR","@id":"https:\/\/www.tronkiele.com\/#\/schema\/logo\/image\/","url":"https:\/\/www.tronkiele.com\/wp-content\/uploads\/2024\/11\/cropped-tronki.webp","contentUrl":"https:\/\/www.tronkiele.com\/wp-content\/uploads\/2024\/11\/cropped-tronki.webp","width":512,"height":512,"caption":"PINE-ZHENGXI"},"image":{"@id":"https:\/\/www.tronkiele.com\/#\/schema\/logo\/image\/"}}]}},"_links":{"self":[{"href":"https:\/\/www.tronkiele.com\/fr\/wp-json\/wp\/v2\/product\/22200","targetHints":{"allow":["GET"]}}],"collection":[{"href":"https:\/\/www.tronkiele.com\/fr\/wp-json\/wp\/v2\/product"}],"about":[{"href":"https:\/\/www.tronkiele.com\/fr\/wp-json\/wp\/v2\/types\/product"}],"version-history":[{"count":3,"href":"https:\/\/www.tronkiele.com\/fr\/wp-json\/wp\/v2\/product\/22200\/revisions"}],"predecessor-version":[{"id":22207,"href":"https:\/\/www.tronkiele.com\/fr\/wp-json\/wp\/v2\/product\/22200\/revisions\/22207"}],"wp:featuredmedia":[{"embeddable":true,"href":"https:\/\/www.tronkiele.com\/fr\/wp-json\/wp\/v2\/media\/22201"}],"wp:attachment":[{"href":"https:\/\/www.tronkiele.com\/fr\/wp-json\/wp\/v2\/media?parent=22200"}],"wp:term":[{"taxonomy":"product_brand","embeddable":true,"href":"https:\/\/www.tronkiele.com\/fr\/wp-json\/wp\/v2\/product_brand?post=22200"},{"taxonomy":"product_cat","embeddable":true,"href":"https:\/\/www.tronkiele.com\/fr\/wp-json\/wp\/v2\/product_cat?post=22200"},{"taxonomy":"product_tag","embeddable":true,"href":"https:\/\/www.tronkiele.com\/fr\/wp-json\/wp\/v2\/product_tag?post=22200"}],"curies":[{"name":"wp","href":"https:\/\/api.w.org\/{rel}","templated":true}]}}