{"id":22208,"date":"2025-10-17T08:12:01","date_gmt":"2025-10-17T08:12:01","guid":{"rendered":"https:\/\/www.tronkiele.com\/?post_type=product&#038;p=22208"},"modified":"2025-11-22T07:14:12","modified_gmt":"2025-11-22T07:14:12","slug":"single-phase-step-up-and-down-voltage-converter-110v-to-220v","status":"publish","type":"product","link":"https:\/\/www.tronkiele.com\/fr\/product\/single-phase-step-up-and-down-voltage-converter-110v-to-220v\/","title":{"rendered":"Convertisseur de tension monophas\u00e9 500VA-5000VA 110v \u00e0 220v"},"content":{"rendered":"<p>ZHENGXI est un fabricant r\u00e9put\u00e9 de convertisseurs de tension et de transformateurs, fort de plus de 20 ans d'exp\u00e9rience professionnelle en mati\u00e8re de production. Il est r\u00e9put\u00e9 dans le monde entier pour ses performances \u00e9lev\u00e9es, sa long\u00e9vit\u00e9 et sa s\u00e9curit\u00e9 product. Nos convertisseurs r\u00e9pondent aux exigences mondiales car ils sont approuv\u00e9s CE et ISO.<\/p>\n<h2>Caract\u00e9ristiques principales<\/h2>\n<p><strong>Conversion de deux tensions (110V \u00e0 220V)<\/strong><br \/>\nLes conversions de type abaisseur (220V \u2192 110V) et \u00e9l\u00e9vateur (110V \u2192 220V) sont toutes deux prises en charge.<br \/>\nParfait pour les consommateurs qui se d\u00e9placent ou voyagent entre des pays dont les normes de tension varient.<\/p>\n<p><strong>Un certain nombre de prises de sortie<\/strong><br \/>\nDot\u00e9 de deux prises polyvalentes de 220 V et de deux prises polyvalentes de 110 V, il est compatible avec les prises des \u00c9tats-Unis, de l'Europe, du Royaume-Uni, de la Chine, de la Cor\u00e9e, de Hong Kong et des Philippines.<br \/>\nId\u00e9al pour alimenter une vari\u00e9t\u00e9 d'appareils, y compris les ordinateurs portables, les t\u00e9l\u00e9viseurs, l'\u00e9quipement audio et les appareils de cuisine.<\/p>\n<p><strong>Affichage intelligent de la tension<\/strong><br \/>\nLa surveillance en temps r\u00e9el de la tension d'entr\u00e9e et de sortie est rendue possible gr\u00e2ce \u00e0 l'affichage LCD de la tension.<br \/>\npermet un d\u00e9pannage simple et une confirmation visible de la stabilit\u00e9 des performances.<\/p>\n<p><strong>Petit, silencieux et efficace<\/strong><br \/>\nLes convertisseurs de la s\u00e9rie SDT sont silencieux, inodores et r\u00e9sistants \u00e0 la chaleur, contrairement aux convertisseurs de grande taille ou bruyants.<br \/>\nL'architecture toro\u00efdale compacte garantit un rendement de conversion plus \u00e9lev\u00e9 et une r\u00e9duction des interf\u00e9rences \u00e9lectromagn\u00e9tiques.<\/p>\n<p><strong>S\u00e9lection d'une charge s\u00fbre<\/strong><br \/>\nChoisissez toujours un convertisseur d'une puissance \u00e9gale \u00e0 2 fois celle de votre appareil pour garantir une s\u00e9curit\u00e9 \u00e0 long terme.<br \/>\nExemple : Choisissez au moins un convertisseur de 2000W pour un appareil de 800W.<br \/>\nPour un fonctionnement continu, une charge maximale de 2400W est conseill\u00e9e.<\/p>\n<p><strong>Protection totale<\/strong><br \/>\nLe transformateur et les appareils connect\u00e9s sont prot\u00e9g\u00e9s par une protection int\u00e9gr\u00e9e contre les surcharges, les sous-tensions et les surtensions.<br \/>\ngarantit un fonctionnement fiable en cas de fluctuations de l'alimentation.<\/p>\n<h2>Param\u00e8tres techniques<\/h2>\n<table>\n<tbody>\n<tr>\n<td width=\"118\">Mod\u00e8le<\/td>\n<td width=\"91\"><strong><b>SDT-500VA<\/b><\/strong><\/td>\n<td width=\"91\"><strong><b>SDT-1000VA<\/b><\/strong><\/td>\n<td width=\"91\"><strong><b>SDT-2000VA<\/b><\/strong><\/td>\n<td width=\"91\"><strong><b>SDT-3000VA<\/b><\/strong><\/td>\n<td width=\"92\"><strong><b>SDT-5000VA<\/b><\/strong><\/td>\n<\/tr>\n<tr>\n<td width=\"118\">Phase<\/td>\n<td colspan=\"5\" width=\"459\">Monophas\u00e9<\/td>\n<\/tr>\n<tr>\n<td rowspan=\"2\" width=\"118\">conversion de la tension<\/td>\n<td colspan=\"5\" width=\"459\">Transformateur SDT abaisseur de tension (domestique) tension d'entr\u00e9e : Ac 220V-240V, sortie 100V-120V<\/td>\n<\/tr>\n<tr>\n<td colspan=\"5\" width=\"459\">Transformateur SDT \u00e9l\u00e9vateur (\u00e9tranger) Tension d'entr\u00e9e : Ac 100V-120V, sortie 220V-240V<\/td>\n<\/tr>\n<tr>\n<td width=\"118\">Protection contre les surtensions<\/td>\n<td colspan=\"5\" width=\"459\">Version nationale : sortie 135V\u00b15V<\/td>\n<\/tr>\n<tr>\n<td width=\"118\">Protection contre les sous-tensions<\/td>\n<td colspan=\"5\" width=\"459\">Version nationale : sortie 90V\u00b15V<\/td>\n<\/tr>\n<tr>\n<td width=\"118\">Fr\u00e9quence<\/td>\n<td colspan=\"5\" width=\"459\">50Hz\/60Hz<\/td>\n<\/tr>\n<tr>\n<td width=\"118\">R\u00e9sistance de l'isolation<\/td>\n<td colspan=\"5\" width=\"459\">&gt;50M\u03a9<\/td>\n<\/tr>\n<tr>\n<td width=\"118\">Temp\u00e9rature ambiante<\/td>\n<td colspan=\"5\" width=\"459\">-10\u00b0C~+ 40\u00b0C<\/td>\n<\/tr>\n<tr>\n<td width=\"118\">Puissance<\/td>\n<td width=\"91\">500VA<\/td>\n<td width=\"91\">1000VA<\/td>\n<td width=\"91\">2000VA<\/td>\n<td width=\"91\">3000VA<\/td>\n<td width=\"92\">5000VA<\/td>\n<\/tr>\n<tr>\n<td width=\"118\">Taille (mm) L*L*H<\/td>\n<td width=\"91\">200*176*115<\/td>\n<td width=\"91\">230*202*125<\/td>\n<td width=\"91\">230*202*125<\/td>\n<td width=\"91\">210*250*153<\/td>\n<td width=\"92\">285*251*173<\/td>\n<\/tr>\n<tr>\n<td width=\"118\">Poids net (kg)<\/td>\n<td width=\"91\">3.1<\/td>\n<td width=\"91\">5<\/td>\n<td width=\"91\">6.7<\/td>\n<td width=\"91\">8.7<\/td>\n<td width=\"92\">12.1<\/td>\n<\/tr>\n<tr>\n<td colspan=\"6\" width=\"578\">La taille et le poids varient en fonction de la plage de tension et sont sujets au produit r\u00e9el personnalis\u00e9.<\/td>\n<\/tr>\n<\/tbody>\n<\/table>\n<h2><img fetchpriority=\"high\" decoding=\"async\" class=\"alignnone size-medium wp-image-22212\" src=\"https:\/\/www.tronkiele.com\/wp-content\/uploads\/2025\/10\/110v-To-220v-Step-Up-And-Down-Transformer-300x300.webp\" alt=\"Transformateur \u00e9l\u00e9vateur et abaisseur 110v vers 220v\" width=\"300\" height=\"300\" srcset=\"https:\/\/www.tronkiele.com\/wp-content\/uploads\/2025\/10\/110v-To-220v-Step-Up-And-Down-Transformer-300x300.webp 300w, https:\/\/www.tronkiele.com\/wp-content\/uploads\/2025\/10\/110v-To-220v-Step-Up-And-Down-Transformer-150x150.webp 150w, https:\/\/www.tronkiele.com\/wp-content\/uploads\/2025\/10\/110v-To-220v-Step-Up-And-Down-Transformer-768x768.webp 768w, https:\/\/www.tronkiele.com\/wp-content\/uploads\/2025\/10\/110v-To-220v-Step-Up-And-Down-Transformer-12x12.webp 12w, https:\/\/www.tronkiele.com\/wp-content\/uploads\/2025\/10\/110v-To-220v-Step-Up-And-Down-Transformer-430x430.webp 430w, https:\/\/www.tronkiele.com\/wp-content\/uploads\/2025\/10\/110v-To-220v-Step-Up-And-Down-Transformer-700x700.webp 700w, https:\/\/www.tronkiele.com\/wp-content\/uploads\/2025\/10\/110v-To-220v-Step-Up-And-Down-Transformer.webp 800w\" sizes=\"(max-width: 300px) 100vw, 300px\" \/><\/h2>\n<h2>Applications<\/h2>\n<p>\u00c9quipement pour la maison et le bureau : Ordinateurs, \u00e9crans, imprimantes, purificateurs d'air, t\u00e9l\u00e9viseurs, machines \u00e0 caf\u00e9 et petits appareils de cuisine.<br \/>\nSyst\u00e8mes audio et vid\u00e9o : Id\u00e9al pour les amplificateurs, les tables de mixage et les \u00e9quipements de studio n\u00e9cessitant une alimentation propre.<br \/>\nUtilisateurs internationaux : Convient aux voyageurs, aux importateurs et aux m\u00e9nages internationaux utilisant des appareils de diff\u00e9rentes r\u00e9gions.<br \/>\nAteliers et laboratoires : Source d'alimentation fiable pour les instruments de test et de pr\u00e9cision.<\/p>\n<h2>Pourquoi choisir les convertisseurs de tension ZHENGXI ?<\/h2>\n<p>En tant que fabricant professionnel de transformateurs et de convertisseurs de tension, ZHENGXI se concentre sur la fourniture de solutions d'alimentation s\u00fbres, efficaces et personnalisables pour les clients du monde entier.<br \/>\nNous offrons :<\/p>\n<p>products certifi\u00e9s CE et ISO pour une utilisation internationale.<br \/>\nConfigurations personnalis\u00e9es de tension, de prise et de puissance.<br \/>\nTransformateurs durables \u00e0 enroulement en cuivre garantissant des performances stables.<br \/>\nPlus de 20 ans d'exp\u00e9rience en mati\u00e8re de R&amp;D et d'exportation, avec des clients dans plus de 30 pays.<\/p>\n<h2>Conseils de s\u00e9curit\u00e9 et d'utilisation<\/h2>\n<p>V\u00e9rifiez toujours la puissance et la tension de votre appareil avant de le brancher.<br \/>\nS\u00e9lectionnez un convertisseur 50% dont la puissance nominale est sup\u00e9rieure \u00e0 la consommation r\u00e9elle de votre appareil.<br \/>\nNe d\u00e9passez pas la puissance nominale et n'utilisez pas d'appareils de grande puissance (par exemple, s\u00e8che-cheveux, appareils de chauffage) de plus de 2400 W.<br \/>\nPlacer dans un endroit bien ventil\u00e9, \u00e0 l'abri des sources de chaleur et de l'humidit\u00e9.<\/p>\n<h2>FAQ<\/h2>\n<p><strong>Q1 : Ce convertisseur peut-il fonctionner pour des appareils de 110V et 220V ?<\/strong><br \/>\nR : Oui. Il prend en charge les fonctions d'\u00e9l\u00e9vation (110V \u00e0 220V) et de r\u00e9duction (220V \u00e0 110V), ce qui le rend id\u00e9al pour une utilisation internationale.<\/p>\n<p><strong>Q2 : Quelle est la diff\u00e9rence entre les mod\u00e8les 500VA et 5000VA ?<\/strong><br \/>\nR : La principale diff\u00e9rence r\u00e9side dans la capacit\u00e9 de puissance. Choisissez le mod\u00e8le en fonction de la puissance totale de votre appareil et du temps d'utilisation.<\/p>\n<p><strong>Q3 : Fonctionne-t-il avec les syst\u00e8mes d'alimentation de 50 Hz et de 60 Hz ?<\/strong><br \/>\nR : Oui, il prend automatiquement en charge les fr\u00e9quences 50Hz et 60Hz, ce qui correspond aux normes \u00e9lectriques de la plupart des pays.<\/p>","protected":false},"excerpt":{"rendered":"<p>Le convertisseur de tension monophas\u00e9 \u00e9l\u00e9vateur et abaisseur de tension ZHENGXI 500VA-5000VA est parfait pour les petits appareils industriels, l'\u00e9lectronique de bureau et les appareils m\u00e9nagers utilis\u00e9s dans divers endroits, car il peut convertir efficacement et en toute s\u00e9curit\u00e9 les tensions entre 110V-120V et 220V-240V.<\/p>\n<p>La s\u00e9rie SDT se caract\u00e9rise par un rendement \u00e9lev\u00e9, une faible production de chaleur et un faible niveau de bruit. Elle est constitu\u00e9e d'un transformateur toro\u00efdal \u00e0 noyau de cuivre. Ce dispositif fournit une alimentation stable et propre pour prot\u00e9ger votre \u00e9quipement pr\u00e9cieux, que vous passiez de 220 V \u00e0 110 V ou de 110 V \u00e0 220 V.<\/p>","protected":false},"featured_media":22211,"template":"","meta":[],"product_brand":[],"product_cat":[42,99],"product_tag":[],"class_list":{"0":"post-22208","1":"product","2":"type-product","3":"status-publish","4":"has-post-thumbnail","6":"product_cat-low-voltage-transformer","7":"product_cat-single-phase-transformers","9":"first","10":"instock","11":"taxable","12":"shipping-taxable","13":"product-type-simple"},"yoast_head":"<!-- This site is optimized with the Yoast SEO plugin v25.0 - https:\/\/yoast.com\/wordpress\/plugins\/seo\/ -->\n<title>Single Phase Step Up and Down Voltage Converter 110v to 220v Manufacturer - PINE-ZHENGXI<\/title>\n<meta name=\"robots\" content=\"index, follow, max-snippet:-1, max-image-preview:large, max-video-preview:-1\" \/>\n<link rel=\"canonical\" href=\"https:\/\/www.tronkiele.com\/fr\/product\/single-phase-step-up-and-down-voltage-converter-110v-to-220v\/\" \/>\n<meta property=\"og:locale\" content=\"fr_FR\" \/>\n<meta property=\"og:type\" content=\"article\" \/>\n<meta property=\"og:title\" content=\"Single Phase Step Up and Down Voltage Converter 110v to 220v Manufacturer - PINE-ZHENGXI\" \/>\n<meta property=\"og:description\" content=\"The ZHENGXI 500VA\u20135000VA Single Phase Step Up and Down Voltage Converter is perfect for small industrial devices, office electronics, and home appliances used in various locations since it can securely and effectively convert voltages between 110V\u2013120V and 220V\u2013240V.  High efficiency, low heat generation, and low noise are features of the SDT series, which is constructed with a toroidal copper-core transformer. This device provides steady, clean power to safeguard your priceless equipment, whether you&#039;re stepping down from 220V to 110V or up from 110V to 220V.\" \/>\n<meta property=\"og:url\" content=\"https:\/\/www.tronkiele.com\/fr\/product\/single-phase-step-up-and-down-voltage-converter-110v-to-220v\/\" \/>\n<meta property=\"og:site_name\" content=\"PINE-ZHENGXI\" \/>\n<meta property=\"article:modified_time\" content=\"2025-11-22T07:14:12+00:00\" \/>\n<meta property=\"og:image\" content=\"https:\/\/www.tronkiele.com\/wp-content\/uploads\/2025\/10\/500VA\u20135000VA-Single-Phase-Step-Up-and-Down-Voltage-Converter-110v-to-220v.webp\" \/>\n\t<meta property=\"og:image:width\" content=\"600\" \/>\n\t<meta property=\"og:image:height\" content=\"600\" \/>\n\t<meta property=\"og:image:type\" content=\"image\/webp\" \/>\n<meta name=\"twitter:card\" content=\"summary_large_image\" \/>\n<meta name=\"twitter:label1\" content=\"Dur\u00e9e de lecture estim\u00e9e\" \/>\n\t<meta name=\"twitter:data1\" content=\"4 minutes\" \/>\n<script type=\"application\/ld+json\" class=\"yoast-schema-graph\">{\"@context\":\"https:\/\/schema.org\",\"@graph\":[{\"@type\":\"WebPage\",\"@id\":\"https:\/\/www.tronkiele.com\/product\/single-phase-step-up-and-down-voltage-converter-110v-to-220v\/\",\"url\":\"https:\/\/www.tronkiele.com\/product\/single-phase-step-up-and-down-voltage-converter-110v-to-220v\/\",\"name\":\"Single Phase Step Up and Down Voltage Converter 110v to 220v Manufacturer - PINE-ZHENGXI\",\"isPartOf\":{\"@id\":\"https:\/\/www.tronkiele.com\/#website\"},\"primaryImageOfPage\":{\"@id\":\"https:\/\/www.tronkiele.com\/product\/single-phase-step-up-and-down-voltage-converter-110v-to-220v\/#primaryimage\"},\"image\":{\"@id\":\"https:\/\/www.tronkiele.com\/product\/single-phase-step-up-and-down-voltage-converter-110v-to-220v\/#primaryimage\"},\"thumbnailUrl\":\"https:\/\/www.tronkiele.com\/wp-content\/uploads\/2025\/10\/500VA\u20135000VA-Single-Phase-Step-Up-and-Down-Voltage-Converter-110v-to-220v.webp\",\"datePublished\":\"2025-10-17T08:12:01+00:00\",\"dateModified\":\"2025-11-22T07:14:12+00:00\",\"breadcrumb\":{\"@id\":\"https:\/\/www.tronkiele.com\/product\/single-phase-step-up-and-down-voltage-converter-110v-to-220v\/#breadcrumb\"},\"inLanguage\":\"fr-FR\",\"potentialAction\":[{\"@type\":\"ReadAction\",\"target\":[\"https:\/\/www.tronkiele.com\/product\/single-phase-step-up-and-down-voltage-converter-110v-to-220v\/\"]}]},{\"@type\":\"ImageObject\",\"inLanguage\":\"fr-FR\",\"@id\":\"https:\/\/www.tronkiele.com\/product\/single-phase-step-up-and-down-voltage-converter-110v-to-220v\/#primaryimage\",\"url\":\"https:\/\/www.tronkiele.com\/wp-content\/uploads\/2025\/10\/500VA\u20135000VA-Single-Phase-Step-Up-and-Down-Voltage-Converter-110v-to-220v.webp\",\"contentUrl\":\"https:\/\/www.tronkiele.com\/wp-content\/uploads\/2025\/10\/500VA\u20135000VA-Single-Phase-Step-Up-and-Down-Voltage-Converter-110v-to-220v.webp\",\"width\":600,\"height\":600,\"caption\":\"500VA\u20135000VA Single Phase Step Up and Down Voltage Converter 110v to 220v\"},{\"@type\":\"BreadcrumbList\",\"@id\":\"https:\/\/www.tronkiele.com\/product\/single-phase-step-up-and-down-voltage-converter-110v-to-220v\/#breadcrumb\",\"itemListElement\":[{\"@type\":\"ListItem\",\"position\":1,\"name\":\"Home\",\"item\":\"https:\/\/www.tronkiele.com\/\"},{\"@type\":\"ListItem\",\"position\":2,\"name\":\"Products\",\"item\":\"https:\/\/www.tronkiele.com\/shop\/\"},{\"@type\":\"ListItem\",\"position\":3,\"name\":\"500VA\u20135000VA Single Phase Step Up and Down Voltage Converter 110v to 220v\"}]},{\"@type\":\"WebSite\",\"@id\":\"https:\/\/www.tronkiele.com\/#website\",\"url\":\"https:\/\/www.tronkiele.com\/\",\"name\":\"PINE-ZHENGXI\",\"description\":\"\",\"publisher\":{\"@id\":\"https:\/\/www.tronkiele.com\/#organization\"},\"potentialAction\":[{\"@type\":\"SearchAction\",\"target\":{\"@type\":\"EntryPoint\",\"urlTemplate\":\"https:\/\/www.tronkiele.com\/?s={search_term_string}\"},\"query-input\":{\"@type\":\"PropertyValueSpecification\",\"valueRequired\":true,\"valueName\":\"search_term_string\"}}],\"inLanguage\":\"fr-FR\"},{\"@type\":\"Organization\",\"@id\":\"https:\/\/www.tronkiele.com\/#organization\",\"name\":\"PINE-ZHENGXI\",\"url\":\"https:\/\/www.tronkiele.com\/\",\"logo\":{\"@type\":\"ImageObject\",\"inLanguage\":\"fr-FR\",\"@id\":\"https:\/\/www.tronkiele.com\/#\/schema\/logo\/image\/\",\"url\":\"https:\/\/www.tronkiele.com\/wp-content\/uploads\/2024\/11\/cropped-tronki.webp\",\"contentUrl\":\"https:\/\/www.tronkiele.com\/wp-content\/uploads\/2024\/11\/cropped-tronki.webp\",\"width\":512,\"height\":512,\"caption\":\"PINE-ZHENGXI\"},\"image\":{\"@id\":\"https:\/\/www.tronkiele.com\/#\/schema\/logo\/image\/\"}}]}<\/script>\n<!-- \/ Yoast SEO plugin. -->","yoast_head_json":{"title":"Single Phase Step Up and Down Voltage Converter 110v to 220v Manufacturer - PINE-ZHENGXI","robots":{"index":"index","follow":"follow","max-snippet":"max-snippet:-1","max-image-preview":"max-image-preview:large","max-video-preview":"max-video-preview:-1"},"canonical":"https:\/\/www.tronkiele.com\/fr\/product\/single-phase-step-up-and-down-voltage-converter-110v-to-220v\/","og_locale":"fr_FR","og_type":"article","og_title":"Single Phase Step Up and Down Voltage Converter 110v to 220v Manufacturer - PINE-ZHENGXI","og_description":"The ZHENGXI 500VA\u20135000VA Single Phase Step Up and Down Voltage Converter is perfect for small industrial devices, office electronics, and home appliances used in various locations since it can securely and effectively convert voltages between 110V\u2013120V and 220V\u2013240V.  High efficiency, low heat generation, and low noise are features of the SDT series, which is constructed with a toroidal copper-core transformer. This device provides steady, clean power to safeguard your priceless equipment, whether you're stepping down from 220V to 110V or up from 110V to 220V.","og_url":"https:\/\/www.tronkiele.com\/fr\/product\/single-phase-step-up-and-down-voltage-converter-110v-to-220v\/","og_site_name":"PINE-ZHENGXI","article_modified_time":"2025-11-22T07:14:12+00:00","og_image":[{"width":600,"height":600,"url":"https:\/\/www.tronkiele.com\/wp-content\/uploads\/2025\/10\/500VA\u20135000VA-Single-Phase-Step-Up-and-Down-Voltage-Converter-110v-to-220v.webp","type":"image\/webp"}],"twitter_card":"summary_large_image","twitter_misc":{"Dur\u00e9e de lecture estim\u00e9e":"4 minutes"},"schema":{"@context":"https:\/\/schema.org","@graph":[{"@type":"WebPage","@id":"https:\/\/www.tronkiele.com\/product\/single-phase-step-up-and-down-voltage-converter-110v-to-220v\/","url":"https:\/\/www.tronkiele.com\/product\/single-phase-step-up-and-down-voltage-converter-110v-to-220v\/","name":"Single Phase Step Up and Down Voltage Converter 110v to 220v Manufacturer - PINE-ZHENGXI","isPartOf":{"@id":"https:\/\/www.tronkiele.com\/#website"},"primaryImageOfPage":{"@id":"https:\/\/www.tronkiele.com\/product\/single-phase-step-up-and-down-voltage-converter-110v-to-220v\/#primaryimage"},"image":{"@id":"https:\/\/www.tronkiele.com\/product\/single-phase-step-up-and-down-voltage-converter-110v-to-220v\/#primaryimage"},"thumbnailUrl":"https:\/\/www.tronkiele.com\/wp-content\/uploads\/2025\/10\/500VA\u20135000VA-Single-Phase-Step-Up-and-Down-Voltage-Converter-110v-to-220v.webp","datePublished":"2025-10-17T08:12:01+00:00","dateModified":"2025-11-22T07:14:12+00:00","breadcrumb":{"@id":"https:\/\/www.tronkiele.com\/product\/single-phase-step-up-and-down-voltage-converter-110v-to-220v\/#breadcrumb"},"inLanguage":"fr-FR","potentialAction":[{"@type":"ReadAction","target":["https:\/\/www.tronkiele.com\/product\/single-phase-step-up-and-down-voltage-converter-110v-to-220v\/"]}]},{"@type":"ImageObject","inLanguage":"fr-FR","@id":"https:\/\/www.tronkiele.com\/product\/single-phase-step-up-and-down-voltage-converter-110v-to-220v\/#primaryimage","url":"https:\/\/www.tronkiele.com\/wp-content\/uploads\/2025\/10\/500VA\u20135000VA-Single-Phase-Step-Up-and-Down-Voltage-Converter-110v-to-220v.webp","contentUrl":"https:\/\/www.tronkiele.com\/wp-content\/uploads\/2025\/10\/500VA\u20135000VA-Single-Phase-Step-Up-and-Down-Voltage-Converter-110v-to-220v.webp","width":600,"height":600,"caption":"500VA\u20135000VA Single Phase Step Up and Down Voltage Converter 110v to 220v"},{"@type":"BreadcrumbList","@id":"https:\/\/www.tronkiele.com\/product\/single-phase-step-up-and-down-voltage-converter-110v-to-220v\/#breadcrumb","itemListElement":[{"@type":"ListItem","position":1,"name":"Home","item":"https:\/\/www.tronkiele.com\/"},{"@type":"ListItem","position":2,"name":"Products","item":"https:\/\/www.tronkiele.com\/shop\/"},{"@type":"ListItem","position":3,"name":"500VA\u20135000VA Single Phase Step Up and Down Voltage Converter 110v to 220v"}]},{"@type":"WebSite","@id":"https:\/\/www.tronkiele.com\/#website","url":"https:\/\/www.tronkiele.com\/","name":"PINE-ZHENGXI","description":"","publisher":{"@id":"https:\/\/www.tronkiele.com\/#organization"},"potentialAction":[{"@type":"SearchAction","target":{"@type":"EntryPoint","urlTemplate":"https:\/\/www.tronkiele.com\/?s={search_term_string}"},"query-input":{"@type":"PropertyValueSpecification","valueRequired":true,"valueName":"search_term_string"}}],"inLanguage":"fr-FR"},{"@type":"Organization","@id":"https:\/\/www.tronkiele.com\/#organization","name":"PINE-ZHENGXI","url":"https:\/\/www.tronkiele.com\/","logo":{"@type":"ImageObject","inLanguage":"fr-FR","@id":"https:\/\/www.tronkiele.com\/#\/schema\/logo\/image\/","url":"https:\/\/www.tronkiele.com\/wp-content\/uploads\/2024\/11\/cropped-tronki.webp","contentUrl":"https:\/\/www.tronkiele.com\/wp-content\/uploads\/2024\/11\/cropped-tronki.webp","width":512,"height":512,"caption":"PINE-ZHENGXI"},"image":{"@id":"https:\/\/www.tronkiele.com\/#\/schema\/logo\/image\/"}}]}},"_links":{"self":[{"href":"https:\/\/www.tronkiele.com\/fr\/wp-json\/wp\/v2\/product\/22208","targetHints":{"allow":["GET"]}}],"collection":[{"href":"https:\/\/www.tronkiele.com\/fr\/wp-json\/wp\/v2\/product"}],"about":[{"href":"https:\/\/www.tronkiele.com\/fr\/wp-json\/wp\/v2\/types\/product"}],"version-history":[{"count":3,"href":"https:\/\/www.tronkiele.com\/fr\/wp-json\/wp\/v2\/product\/22208\/revisions"}],"predecessor-version":[{"id":22213,"href":"https:\/\/www.tronkiele.com\/fr\/wp-json\/wp\/v2\/product\/22208\/revisions\/22213"}],"wp:featuredmedia":[{"embeddable":true,"href":"https:\/\/www.tronkiele.com\/fr\/wp-json\/wp\/v2\/media\/22211"}],"wp:attachment":[{"href":"https:\/\/www.tronkiele.com\/fr\/wp-json\/wp\/v2\/media?parent=22208"}],"wp:term":[{"taxonomy":"product_brand","embeddable":true,"href":"https:\/\/www.tronkiele.com\/fr\/wp-json\/wp\/v2\/product_brand?post=22208"},{"taxonomy":"product_cat","embeddable":true,"href":"https:\/\/www.tronkiele.com\/fr\/wp-json\/wp\/v2\/product_cat?post=22208"},{"taxonomy":"product_tag","embeddable":true,"href":"https:\/\/www.tronkiele.com\/fr\/wp-json\/wp\/v2\/product_tag?post=22208"}],"curies":[{"name":"wp","href":"https:\/\/api.w.org\/{rel}","templated":true}]}}