{"id":22257,"date":"2025-11-13T03:21:41","date_gmt":"2025-11-13T03:21:41","guid":{"rendered":"https:\/\/www.tronkiele.com\/?post_type=product&#038;p=22257"},"modified":"2026-01-27T06:53:19","modified_gmt":"2026-01-27T06:53:19","slug":"single-phase-wall-mounted-automatic-voltage-stabilizer","status":"publish","type":"product","link":"https:\/\/www.tronkiele.com\/fr\/product\/single-phase-wall-mounted-automatic-voltage-stabilizer\/","title":{"rendered":"Stabilisateur de tension automatique monophas\u00e9 mural 0,5kVA-10kVA sur mesure"},"content":{"rendered":"<h3 data-start=\"26\" data-end=\"44\">Caract\u00e9ristiques principales<\/h3>\n<ul>\n<li>Large gamme d'entr\u00e9es : Prend en charge le courant alternatif 100-260V (ou personnalis\u00e9) pour les r\u00e9seaux instables.<\/li>\n<li>R\u00e9gulation automatique de la tension : Stabilise instantan\u00e9ment la tension pour prot\u00e9ger les appareils sensibles.<\/li>\n<li>Affichage num\u00e9rique : Les LED indiquent la tension d'entr\u00e9e\/sortie, la charge et l'\u00e9tat des d\u00e9fauts.<\/li>\n<li>Montage mural : Installation facile et peu encombrante pour les maisons, les bureaux ou les salles d'\u00e9quipement.<\/li>\n<li>Rendement \u00e9lev\u00e9 : Rendement &gt;95% sans distorsion de la forme d'onde.<\/li>\n<li>Protection compl\u00e8te : Prot\u00e8ge contre les sur\/sous-tensions, les surcharges, les surchauffes et les courts-circuits.<\/li>\n<li>D\u00e9lai de d\u00e9marrage : R\u00e9glable de 6 \u00e0 180 s pour \u00e9viter les dommages apr\u00e8s le r\u00e9tablissement du courant.<\/li>\n<li>Large gamme de temp\u00e9ratures : Fonctionne de mani\u00e8re fiable de -10\u00b0C \u00e0 +40\u00b0C.<\/li>\n<li>Personnalisable : Tension d'entr\u00e9e\/sortie, temps de retard et pr\u00e9cision (\u00b13% ou \u00b110%).<\/li>\n<\/ul>\n<h2>Sp\u00e9cifications techniques<\/h2>\n<table>\n<tbody>\n<tr>\n<td colspan=\"2\" rowspan=\"4\" width=\"155\">&nbsp;<\/p>\n<p>Mod\u00e8le<\/td>\n<td width=\"105\"><strong><b>DTB-500VA<\/b><\/strong><\/td>\n<td width=\"105\"><strong><b>DTB-1000VA<\/b><\/strong><\/td>\n<td width=\"105\"><strong><b>DTB-1500VA<\/b><\/strong><\/td>\n<td width=\"105\"><strong><b>DTB-2000VA<\/b><\/strong><\/td>\n<\/tr>\n<tr>\n<td width=\"105\"><strong><b>DTB-3000VA<\/b><\/strong><\/td>\n<td width=\"105\"><strong><b>DTB-5000VA<\/b><\/strong><\/td>\n<td width=\"105\"><strong><b>DTB-8000VA<\/b><\/strong><\/td>\n<td width=\"105\"><strong><b>DTB-10000VA<\/b><\/strong><\/td>\n<\/tr>\n<tr>\n<td width=\"105\"><strong><b>STB-500VA<\/b><\/strong><\/td>\n<td width=\"105\"><strong><b>STB-1000VA<\/b><\/strong><\/td>\n<td width=\"105\"><strong><b>STB-1500VA<\/b><\/strong><\/td>\n<td width=\"105\"><strong><b>STB-2000VA<\/b><\/strong><\/td>\n<\/tr>\n<tr>\n<td width=\"105\"><strong><b>STB-3000VA<\/b><\/strong><\/td>\n<td width=\"105\"><strong><b>STB-5000VA<\/b><\/strong><\/td>\n<td width=\"105\"><strong><b>STB-8000VA<\/b><\/strong><\/td>\n<td width=\"105\"><strong><b>STB-10000VA<\/b><\/strong><\/td>\n<\/tr>\n<tr>\n<td colspan=\"2\" width=\"155\">Phase<\/td>\n<td colspan=\"4\" width=\"422\">Monophas\u00e9<\/td>\n<\/tr>\n<tr>\n<td colspan=\"2\" width=\"155\">Tension d'entr\u00e9e<\/td>\n<td colspan=\"4\" width=\"422\">AC 45-260V, 80-260V, 100-260V, 140-260V (ou personnalis\u00e9)<\/td>\n<\/tr>\n<tr>\n<td colspan=\"2\" width=\"155\">Tension de sortie<\/td>\n<td colspan=\"4\" width=\"422\">AC 220V ou personnalis\u00e9<\/td>\n<\/tr>\n<tr>\n<td colspan=\"2\" width=\"155\">Fr\u00e9quence<\/td>\n<td colspan=\"4\" width=\"422\">50Hz\/60Hz<\/td>\n<\/tr>\n<tr>\n<td colspan=\"2\" width=\"155\">Pr\u00e9cision<\/td>\n<td colspan=\"4\" width=\"422\">\u00b13%, \u00b110% ou sur mesure<\/td>\n<\/tr>\n<tr>\n<td colspan=\"2\" width=\"155\">Efficacit\u00e9<\/td>\n<td colspan=\"4\" width=\"422\">&gt;95%<\/td>\n<\/tr>\n<tr>\n<td colspan=\"2\" width=\"155\">Type de contr\u00f4le<\/td>\n<td colspan=\"4\" width=\"422\">Type de relais\/moteur servo<\/td>\n<\/tr>\n<tr>\n<td colspan=\"2\" width=\"155\">Affichage num\u00e9rique<\/td>\n<td colspan=\"4\" width=\"422\">Affichage de la tension d'entr\u00e9e et de sortie, du rapport de charge et de l'indicateur de d\u00e9faut<\/td>\n<\/tr>\n<tr>\n<td colspan=\"2\" width=\"155\">Protection de l'environnement<\/td>\n<td colspan=\"4\" width=\"422\">Surchauffe, surtension, sous-tension, surcharge, temporisation<\/td>\n<\/tr>\n<tr>\n<td colspan=\"2\" width=\"155\">Temp\u00e9rature ambiante<\/td>\n<td colspan=\"4\" width=\"422\">-10\u00b0C~+ 40\u00b0C<\/td>\n<\/tr>\n<tr>\n<td colspan=\"2\" width=\"155\">Humidit\u00e9 relative<\/td>\n<td colspan=\"4\" width=\"422\">&lt;95%<\/td>\n<\/tr>\n<tr>\n<td colspan=\"2\" width=\"155\">Distorsion de la forme d'onde<\/td>\n<td colspan=\"4\" width=\"422\">Pas de distorsion suppl\u00e9mentaire de la forme d'onde<\/td>\n<\/tr>\n<tr>\n<td colspan=\"2\" width=\"155\">R\u00e9sistance d'isolation<\/td>\n<td colspan=\"4\" width=\"422\">Normalement plus de 2M\u03a9<\/td>\n<\/tr>\n<tr>\n<td colspan=\"2\" width=\"155\">Classe d'isolation<\/td>\n<td colspan=\"4\" width=\"422\">Classe B<\/td>\n<\/tr>\n<tr>\n<td rowspan=\"5\" width=\"60\">&nbsp;<\/p>\n<p>&nbsp;<\/p>\n<p>&nbsp;<\/p>\n<p>Protection de l'environnement<\/td>\n<td width=\"95\">Surtension<\/td>\n<td colspan=\"4\" width=\"422\">Tension de sortie \u2265 245V \u00b1 4V<\/td>\n<\/tr>\n<tr>\n<td width=\"95\">Basse tension<\/td>\n<td colspan=\"4\" width=\"422\">Tension de sortie \u2264 180V \u00b1 4V<\/td>\n<\/tr>\n<tr>\n<td width=\"95\">Surchauffe<\/td>\n<td colspan=\"4\" width=\"422\">95\u2103\u00b110\u2103<\/td>\n<\/tr>\n<tr>\n<td width=\"95\">Temps de retard<\/td>\n<td colspan=\"4\" width=\"422\">Longue dur\u00e9e (180 secondes) \/ courte dur\u00e9e (6 secondes)<\/td>\n<\/tr>\n<tr>\n<td width=\"95\">Sous-tension<\/td>\n<td colspan=\"4\" width=\"422\">D\u00e9sactiv\u00e9 par d\u00e9faut, personnalisable si n\u00e9cessaire<\/td>\n<\/tr>\n<tr>\n<td colspan=\"2\" width=\"155\">Puissance<\/td>\n<td width=\"105\">500VA<\/td>\n<td width=\"105\">1000VA<\/td>\n<td width=\"105\">1500VA<\/td>\n<td width=\"105\">2000VA<\/td>\n<\/tr>\n<tr>\n<td colspan=\"2\" width=\"155\">Taille (mm) L*L*H<\/td>\n<td width=\"105\">182*130*282<\/td>\n<td width=\"105\">182*130*282<\/td>\n<td width=\"105\">182*130*282<\/td>\n<td width=\"105\">182*130*282<\/td>\n<\/tr>\n<tr>\n<td colspan=\"2\" width=\"155\">Puissance<\/td>\n<td width=\"105\">3000VA<\/td>\n<td width=\"105\">5000VA<\/td>\n<td width=\"105\">8000VA<\/td>\n<td width=\"105\">10000VA<\/td>\n<\/tr>\n<tr>\n<td colspan=\"2\" width=\"155\">Taille (mm) L*L*H<\/td>\n<td width=\"105\">263*145*375<\/td>\n<td width=\"105\">280*170*405<\/td>\n<td width=\"105\">300*180*440<\/td>\n<td width=\"105\">300*180*400<\/td>\n<\/tr>\n<tr>\n<td colspan=\"6\" width=\"578\">La taille et le poids varient en fonction de la plage de tension et sont sujets au produit r\u00e9el personnalis\u00e9.<\/td>\n<\/tr>\n<\/tbody>\n<\/table>\n<h2>Applications<\/h2>\n<p>Le stabilisateur mural monophas\u00e9 est largement utilis\u00e9 dans :<\/p>\n<p>Appareils m\u00e9nagers : Climatiseurs, r\u00e9frig\u00e9rateurs, machines \u00e0 laver et t\u00e9l\u00e9viseurs<br \/>\nMat\u00e9riel de bureau : Ordinateurs, imprimantes, copieurs et routeurs<br \/>\nAppareils m\u00e9dicaux et de laboratoire : Instruments de pr\u00e9cision n\u00e9cessitant une tension constante<br \/>\nInstallations commerciales : Magasins, salles de classe et installations de petites entreprises<\/p>\n<p>Il offre une protection compl\u00e8te de la tension pour tous les syst\u00e8mes \u00e9lectriques sensibles, contribuant ainsi \u00e0 prolonger la dur\u00e9e de vie de vos appareils et \u00e0 pr\u00e9venir les dommages co\u00fbteux dus aux fluctuations de l'alimentation.<\/p>\n<h2>Pourquoi choisir notre stabilisateur mural<\/h2>\n<p>En tant que fabricant leader de stabilisateurs de tension et de transformateurs, nous sommes sp\u00e9cialis\u00e9s dans les solutions de protection de l'\u00e9nergie sur mesure qui r\u00e9pondent aux normes internationales (CE, ISO9001, SGS).<br \/>\nNos stabilisateurs sont connus pour :<\/p>\n<p>Un contr\u00f4le de qualit\u00e9 coh\u00e9rent<br \/>\nPersonnalisation flexible OEM\/ODM<br \/>\nLivraison rapide (7-10 jours ouvrables)<br \/>\nUn service apr\u00e8s-vente professionnel<\/p>\n<p>Chaque appareil est rigoureusement test\u00e9 pour garantir des performances et une s\u00e9curit\u00e9 \u00e0 long terme.<\/p>\n<h2 data-start=\"5052\" data-end=\"5063\"><strong data-start=\"5056\" data-end=\"5063\">FAQ<\/strong><\/h2>\n<p data-start=\"5065\" data-end=\"5342\"><strong data-start=\"5065\" data-end=\"5142\">Q1 : Quelle est la diff\u00e9rence entre un stabilisateur de type relais et un stabilisateur de type servo ?<\/strong><br data-start=\"5142\" data-end=\"5145\" \/>R : Les stabilisateurs de type relais utilisent des relais \u00e9lectroniques pour une commutation rapide, ce qui est id\u00e9al pour un usage domestique. Les mod\u00e8les de type servo utilisent un r\u00e9glage de la tension par moteur, ce qui permet une r\u00e9gulation plus douce pour les \u00e9quipements sensibles.<\/p>\n<p data-start=\"5344\" data-end=\"5506\"><strong data-start=\"5344\" data-end=\"5405\">Q2 : Ce stabilisateur peut-il \u00eatre personnalis\u00e9 pour les pays en 110V ?<\/strong><br data-start=\"5405\" data-end=\"5408\" \/>R : Oui, les tensions d'entr\u00e9e et de sortie peuvent \u00eatre personnalis\u00e9es en fonction des besoins de l'utilisateur. <strong data-start=\"5464\" data-end=\"5487\">110V\/120V\/230V\/240V<\/strong> le cas \u00e9ch\u00e9ant.<\/p>\n<p data-start=\"5508\" data-end=\"5684\"><strong data-start=\"5508\" data-end=\"5550\">Q3 : L'installation murale est-elle s\u00fbre ?<\/strong><br data-start=\"5550\" data-end=\"5553\" \/>R : Absolument. Chaque stabilisateur comprend des supports muraux et un syst\u00e8me de ventilation pour garantir un montage s\u00fbr et stable ainsi qu'un refroidissement efficace.<\/p>\n<p data-start=\"5686\" data-end=\"5808\"><strong data-start=\"5686\" data-end=\"5726\">Q4 : Quelle est la dur\u00e9e de la garantie ?<\/strong><br data-start=\"5726\" data-end=\"5729\" \/>R : Nous fournissons un <strong data-start=\"5745\" data-end=\"5769\">Garantie de 12 mois<\/strong>selon le mod\u00e8le et la configuration.<\/p>\n<h2 data-start=\"5815\" data-end=\"5833\"><strong data-start=\"5819\" data-end=\"5833\">Conclusion<\/strong><\/h2>\n<p data-start=\"5835\" data-end=\"6165\">Le stabilisateur de tension automatique mural monophas\u00e9 personnalis\u00e9 3,5kVA-10kVA offre un \u00e9quilibre parfait entre performance, protection et design moderne.<br data-start=\"5993\" data-end=\"5996\" \/>Que ce soit pour un usage domestique ou professionnel, il garantit une tension stable, une protection fiable et une efficacit\u00e9 durable - votre choix id\u00e9al pour un environnement \u00e9lectrique plus s\u00fbr.<\/p>\n<p data-start=\"6167\" data-end=\"6316\">Choisissez ZHENGXI, votre fabricant de stabilisateurs monophas\u00e9s de confiance, pour une r\u00e9gulation de tension de qualit\u00e9 professionnelle et des solutions de personnalisation OEM.<\/p>","protected":false},"excerpt":{"rendered":"<p data-start=\"289\" data-end=\"670\">Le sur mesure <strong>Stabilisateur de tension automatique mural monophas\u00e9<\/strong> est con\u00e7u pour assurer une r\u00e9gulation et une protection fiables de la tension des appareils \u00e9lectriques domestiques et commerciaux. Avec une plage de puissance de 3,5kVA \u00e0 10kVA, ce stabilisateur mural assure une alimentation \u00e9lectrique r\u00e9guli\u00e8re, s\u00fbre et efficace, m\u00eame dans les zones o\u00f9 la tension secteur est instable ou fluctuante.<\/p>\n<p data-start=\"672\" data-end=\"999\">Dot\u00e9 d'une technologie avanc\u00e9e de contr\u00f4le des relais ou des servomoteurs, il maintient une tension de sortie constante de 220 V en corrigeant automatiquement les conditions de sous-tension ou de surtension. Compact, silencieux et efficace, il est id\u00e9al pour les foyers, les bureaux et les petites entreprises qui recherchent une protection fiable de la tension dans un design mural \u00e9l\u00e9gant.<\/p>","protected":false},"featured_media":22259,"template":"","meta":[],"product_brand":[],"product_cat":[103,110,106],"product_tag":[],"class_list":{"0":"post-22257","1":"product","2":"type-product","3":"status-publish","4":"has-post-thumbnail","6":"product_cat-ac-voltage-stabilizer","7":"product_cat-home-voltage-stabilizer","8":"product_cat-relay-type-avr","10":"first","11":"instock","12":"taxable","13":"shipping-taxable","14":"product-type-simple"},"yoast_head":"<!-- This site is optimized with the Yoast SEO plugin v25.0 - https:\/\/yoast.com\/wordpress\/plugins\/seo\/ -->\n<title>Single Phase Wall Mounted Automatic Voltage Stabilizer Manufacturer In China - PINE-ZHENGXI<\/title>\n<meta name=\"robots\" content=\"index, follow, max-snippet:-1, max-image-preview:large, max-video-preview:-1\" \/>\n<link rel=\"canonical\" href=\"https:\/\/www.tronkiele.com\/fr\/product\/single-phase-wall-mounted-automatic-voltage-stabilizer\/\" \/>\n<meta property=\"og:locale\" content=\"fr_FR\" \/>\n<meta property=\"og:type\" content=\"article\" \/>\n<meta property=\"og:title\" content=\"Single Phase Wall Mounted Automatic Voltage Stabilizer Manufacturer In China - PINE-ZHENGXI\" \/>\n<meta property=\"og:description\" content=\"The Customized Single Phase Wall Mounted Automatic Voltage Stabilizer is designed to provide reliable voltage regulation and protection for household and commercial electrical appliances. With a power range from 3.5kVA to 10kVA, this wall-mounted stabilizer ensures steady, safe, and efficient power delivery, even in areas with unstable or fluctuating mains voltage. Built with advanced relay or servo motor control technology, it maintains a constant 220V output by automatically correcting under-voltage or over-voltage conditions. Compact, quiet, and efficient, it\u2019s ideal for homes, offices, and small businesses seeking dependable voltage protection in a sleek wall-mounted design.\" \/>\n<meta property=\"og:url\" content=\"https:\/\/www.tronkiele.com\/fr\/product\/single-phase-wall-mounted-automatic-voltage-stabilizer\/\" \/>\n<meta property=\"og:site_name\" content=\"PINE-ZHENGXI\" \/>\n<meta property=\"article:modified_time\" content=\"2026-01-27T06:53:19+00:00\" \/>\n<meta property=\"og:image\" content=\"https:\/\/www.tronkiele.com\/wp-content\/uploads\/2025\/11\/walton-stabilizer-price.webp\" \/>\n\t<meta property=\"og:image:width\" content=\"800\" \/>\n\t<meta property=\"og:image:height\" content=\"800\" \/>\n\t<meta property=\"og:image:type\" content=\"image\/webp\" \/>\n<meta name=\"twitter:card\" content=\"summary_large_image\" \/>\n<meta name=\"twitter:label1\" content=\"Dur\u00e9e de lecture estim\u00e9e\" \/>\n\t<meta name=\"twitter:data1\" content=\"3 minutes\" \/>\n<script type=\"application\/ld+json\" class=\"yoast-schema-graph\">{\"@context\":\"https:\/\/schema.org\",\"@graph\":[{\"@type\":\"WebPage\",\"@id\":\"https:\/\/www.tronkiele.com\/product\/single-phase-wall-mounted-automatic-voltage-stabilizer\/\",\"url\":\"https:\/\/www.tronkiele.com\/product\/single-phase-wall-mounted-automatic-voltage-stabilizer\/\",\"name\":\"Single Phase Wall Mounted Automatic Voltage Stabilizer Manufacturer In China - PINE-ZHENGXI\",\"isPartOf\":{\"@id\":\"https:\/\/www.tronkiele.com\/#website\"},\"primaryImageOfPage\":{\"@id\":\"https:\/\/www.tronkiele.com\/product\/single-phase-wall-mounted-automatic-voltage-stabilizer\/#primaryimage\"},\"image\":{\"@id\":\"https:\/\/www.tronkiele.com\/product\/single-phase-wall-mounted-automatic-voltage-stabilizer\/#primaryimage\"},\"thumbnailUrl\":\"https:\/\/www.tronkiele.com\/wp-content\/uploads\/2025\/11\/walton-stabilizer-price.webp\",\"datePublished\":\"2025-11-13T03:21:41+00:00\",\"dateModified\":\"2026-01-27T06:53:19+00:00\",\"breadcrumb\":{\"@id\":\"https:\/\/www.tronkiele.com\/product\/single-phase-wall-mounted-automatic-voltage-stabilizer\/#breadcrumb\"},\"inLanguage\":\"fr-FR\",\"potentialAction\":[{\"@type\":\"ReadAction\",\"target\":[\"https:\/\/www.tronkiele.com\/product\/single-phase-wall-mounted-automatic-voltage-stabilizer\/\"]}]},{\"@type\":\"ImageObject\",\"inLanguage\":\"fr-FR\",\"@id\":\"https:\/\/www.tronkiele.com\/product\/single-phase-wall-mounted-automatic-voltage-stabilizer\/#primaryimage\",\"url\":\"https:\/\/www.tronkiele.com\/wp-content\/uploads\/2025\/11\/walton-stabilizer-price.webp\",\"contentUrl\":\"https:\/\/www.tronkiele.com\/wp-content\/uploads\/2025\/11\/walton-stabilizer-price.webp\",\"width\":800,\"height\":800,\"caption\":\"walton stabilizer price\"},{\"@type\":\"BreadcrumbList\",\"@id\":\"https:\/\/www.tronkiele.com\/product\/single-phase-wall-mounted-automatic-voltage-stabilizer\/#breadcrumb\",\"itemListElement\":[{\"@type\":\"ListItem\",\"position\":1,\"name\":\"Home\",\"item\":\"https:\/\/www.tronkiele.com\/\"},{\"@type\":\"ListItem\",\"position\":2,\"name\":\"Products\",\"item\":\"https:\/\/www.tronkiele.com\/shop\/\"},{\"@type\":\"ListItem\",\"position\":3,\"name\":\"Customized Single Phase Wall Mounted 0.5kVA-10kVA Automatic Voltage Stabilizer\"}]},{\"@type\":\"WebSite\",\"@id\":\"https:\/\/www.tronkiele.com\/#website\",\"url\":\"https:\/\/www.tronkiele.com\/\",\"name\":\"PINE-ZHENGXI\",\"description\":\"\",\"publisher\":{\"@id\":\"https:\/\/www.tronkiele.com\/#organization\"},\"potentialAction\":[{\"@type\":\"SearchAction\",\"target\":{\"@type\":\"EntryPoint\",\"urlTemplate\":\"https:\/\/www.tronkiele.com\/?s={search_term_string}\"},\"query-input\":{\"@type\":\"PropertyValueSpecification\",\"valueRequired\":true,\"valueName\":\"search_term_string\"}}],\"inLanguage\":\"fr-FR\"},{\"@type\":\"Organization\",\"@id\":\"https:\/\/www.tronkiele.com\/#organization\",\"name\":\"PINE-ZHENGXI\",\"url\":\"https:\/\/www.tronkiele.com\/\",\"logo\":{\"@type\":\"ImageObject\",\"inLanguage\":\"fr-FR\",\"@id\":\"https:\/\/www.tronkiele.com\/#\/schema\/logo\/image\/\",\"url\":\"https:\/\/www.tronkiele.com\/wp-content\/uploads\/2024\/11\/cropped-tronki.webp\",\"contentUrl\":\"https:\/\/www.tronkiele.com\/wp-content\/uploads\/2024\/11\/cropped-tronki.webp\",\"width\":512,\"height\":512,\"caption\":\"PINE-ZHENGXI\"},\"image\":{\"@id\":\"https:\/\/www.tronkiele.com\/#\/schema\/logo\/image\/\"}}]}<\/script>\n<!-- \/ Yoast SEO plugin. -->","yoast_head_json":{"title":"Stabilisateur de tension automatique mural monophas\u00e9 Fabricant en Chine - PINE-ZHENGXI","robots":{"index":"index","follow":"follow","max-snippet":"max-snippet:-1","max-image-preview":"max-image-preview:large","max-video-preview":"max-video-preview:-1"},"canonical":"https:\/\/www.tronkiele.com\/fr\/product\/single-phase-wall-mounted-automatic-voltage-stabilizer\/","og_locale":"fr_FR","og_type":"article","og_title":"Single Phase Wall Mounted Automatic Voltage Stabilizer Manufacturer In China - PINE-ZHENGXI","og_description":"The Customized Single Phase Wall Mounted Automatic Voltage Stabilizer is designed to provide reliable voltage regulation and protection for household and commercial electrical appliances. With a power range from 3.5kVA to 10kVA, this wall-mounted stabilizer ensures steady, safe, and efficient power delivery, even in areas with unstable or fluctuating mains voltage. Built with advanced relay or servo motor control technology, it maintains a constant 220V output by automatically correcting under-voltage or over-voltage conditions. Compact, quiet, and efficient, it\u2019s ideal for homes, offices, and small businesses seeking dependable voltage protection in a sleek wall-mounted design.","og_url":"https:\/\/www.tronkiele.com\/fr\/product\/single-phase-wall-mounted-automatic-voltage-stabilizer\/","og_site_name":"PINE-ZHENGXI","article_modified_time":"2026-01-27T06:53:19+00:00","og_image":[{"width":800,"height":800,"url":"https:\/\/www.tronkiele.com\/wp-content\/uploads\/2025\/11\/walton-stabilizer-price.webp","type":"image\/webp"}],"twitter_card":"summary_large_image","twitter_misc":{"Dur\u00e9e de lecture estim\u00e9e":"3 minutes"},"schema":{"@context":"https:\/\/schema.org","@graph":[{"@type":"WebPage","@id":"https:\/\/www.tronkiele.com\/product\/single-phase-wall-mounted-automatic-voltage-stabilizer\/","url":"https:\/\/www.tronkiele.com\/product\/single-phase-wall-mounted-automatic-voltage-stabilizer\/","name":"Stabilisateur de tension automatique mural monophas\u00e9 Fabricant en Chine - PINE-ZHENGXI","isPartOf":{"@id":"https:\/\/www.tronkiele.com\/#website"},"primaryImageOfPage":{"@id":"https:\/\/www.tronkiele.com\/product\/single-phase-wall-mounted-automatic-voltage-stabilizer\/#primaryimage"},"image":{"@id":"https:\/\/www.tronkiele.com\/product\/single-phase-wall-mounted-automatic-voltage-stabilizer\/#primaryimage"},"thumbnailUrl":"https:\/\/www.tronkiele.com\/wp-content\/uploads\/2025\/11\/walton-stabilizer-price.webp","datePublished":"2025-11-13T03:21:41+00:00","dateModified":"2026-01-27T06:53:19+00:00","breadcrumb":{"@id":"https:\/\/www.tronkiele.com\/product\/single-phase-wall-mounted-automatic-voltage-stabilizer\/#breadcrumb"},"inLanguage":"fr-FR","potentialAction":[{"@type":"ReadAction","target":["https:\/\/www.tronkiele.com\/product\/single-phase-wall-mounted-automatic-voltage-stabilizer\/"]}]},{"@type":"ImageObject","inLanguage":"fr-FR","@id":"https:\/\/www.tronkiele.com\/product\/single-phase-wall-mounted-automatic-voltage-stabilizer\/#primaryimage","url":"https:\/\/www.tronkiele.com\/wp-content\/uploads\/2025\/11\/walton-stabilizer-price.webp","contentUrl":"https:\/\/www.tronkiele.com\/wp-content\/uploads\/2025\/11\/walton-stabilizer-price.webp","width":800,"height":800,"caption":"walton stabilizer price"},{"@type":"BreadcrumbList","@id":"https:\/\/www.tronkiele.com\/product\/single-phase-wall-mounted-automatic-voltage-stabilizer\/#breadcrumb","itemListElement":[{"@type":"ListItem","position":1,"name":"Home","item":"https:\/\/www.tronkiele.com\/"},{"@type":"ListItem","position":2,"name":"Products","item":"https:\/\/www.tronkiele.com\/shop\/"},{"@type":"ListItem","position":3,"name":"Customized Single Phase Wall Mounted 0.5kVA-10kVA Automatic Voltage Stabilizer"}]},{"@type":"WebSite","@id":"https:\/\/www.tronkiele.com\/#website","url":"https:\/\/www.tronkiele.com\/","name":"PINE-ZHENGXI","description":"","publisher":{"@id":"https:\/\/www.tronkiele.com\/#organization"},"potentialAction":[{"@type":"SearchAction","target":{"@type":"EntryPoint","urlTemplate":"https:\/\/www.tronkiele.com\/?s={search_term_string}"},"query-input":{"@type":"PropertyValueSpecification","valueRequired":true,"valueName":"search_term_string"}}],"inLanguage":"fr-FR"},{"@type":"Organization","@id":"https:\/\/www.tronkiele.com\/#organization","name":"PINE-ZHENGXI","url":"https:\/\/www.tronkiele.com\/","logo":{"@type":"ImageObject","inLanguage":"fr-FR","@id":"https:\/\/www.tronkiele.com\/#\/schema\/logo\/image\/","url":"https:\/\/www.tronkiele.com\/wp-content\/uploads\/2024\/11\/cropped-tronki.webp","contentUrl":"https:\/\/www.tronkiele.com\/wp-content\/uploads\/2024\/11\/cropped-tronki.webp","width":512,"height":512,"caption":"PINE-ZHENGXI"},"image":{"@id":"https:\/\/www.tronkiele.com\/#\/schema\/logo\/image\/"}}]}},"_links":{"self":[{"href":"https:\/\/www.tronkiele.com\/fr\/wp-json\/wp\/v2\/product\/22257","targetHints":{"allow":["GET"]}}],"collection":[{"href":"https:\/\/www.tronkiele.com\/fr\/wp-json\/wp\/v2\/product"}],"about":[{"href":"https:\/\/www.tronkiele.com\/fr\/wp-json\/wp\/v2\/types\/product"}],"version-history":[{"count":4,"href":"https:\/\/www.tronkiele.com\/fr\/wp-json\/wp\/v2\/product\/22257\/revisions"}],"predecessor-version":[{"id":22262,"href":"https:\/\/www.tronkiele.com\/fr\/wp-json\/wp\/v2\/product\/22257\/revisions\/22262"}],"wp:featuredmedia":[{"embeddable":true,"href":"https:\/\/www.tronkiele.com\/fr\/wp-json\/wp\/v2\/media\/22259"}],"wp:attachment":[{"href":"https:\/\/www.tronkiele.com\/fr\/wp-json\/wp\/v2\/media?parent=22257"}],"wp:term":[{"taxonomy":"product_brand","embeddable":true,"href":"https:\/\/www.tronkiele.com\/fr\/wp-json\/wp\/v2\/product_brand?post=22257"},{"taxonomy":"product_cat","embeddable":true,"href":"https:\/\/www.tronkiele.com\/fr\/wp-json\/wp\/v2\/product_cat?post=22257"},{"taxonomy":"product_tag","embeddable":true,"href":"https:\/\/www.tronkiele.com\/fr\/wp-json\/wp\/v2\/product_tag?post=22257"}],"curies":[{"name":"wp","href":"https:\/\/api.w.org\/{rel}","templated":true}]}}