{"id":22418,"date":"2026-01-08T05:40:28","date_gmt":"2026-01-08T05:40:28","guid":{"rendered":"https:\/\/www.tronkiele.com\/?post_type=product&#038;p=22418"},"modified":"2026-01-27T05:23:03","modified_gmt":"2026-01-27T05:23:03","slug":"outdoor-100kva-3-phase-servo-automatic-voltage-stabilizer","status":"publish","type":"product","link":"https:\/\/www.tronkiele.com\/fr\/product\/outdoor-100kva-3-phase-servo-automatic-voltage-stabilizer\/","title":{"rendered":"SBW Industrial Outdoor 100KVA 3 Phase Servo Automatic Voltage Stabilizer for Mechanical Equipment"},"content":{"rendered":"<h2>Qu'est-ce qu'un stabilisateur de tension servo triphas\u00e9 SBW ?<\/h2>\n<p>Un stabilisateur de tension servo triphas\u00e9 SBW est un syst\u00e8me industriel de r\u00e9gulation \u00e9lectrom\u00e9canique de la tension qui corrige automatiquement les fluctuations de la tension d'entr\u00e9e triphas\u00e9e et fournit une tension de sortie stable \u00e0 l'\u00e9quipement connect\u00e9.<\/p>\n<p>Contrairement aux stabilisateurs \u00e0 relais, un stabilisateur de tension \u00e0 servomoteur utilise un servomoteur pour entra\u00eener un balai de carbone sur un autotransformateur de pr\u00e9cision \u00e0 enroulement de cuivre. Cette conception permet :<\/p>\n<ul>\n<li>R\u00e9gulation continue et r\u00e9guli\u00e8re de la tension<\/li>\n<li>Haute pr\u00e9cision de sortie (\u00b13%)<\/li>\n<li>Distorsion minimale de la forme d'onde<\/li>\n<li>Sortie de couple stable pour les moteurs triphas\u00e9s<\/li>\n<\/ul>\n<p>La s\u00e9rie SBW est largement utilis\u00e9e dans les applications industrielles o\u00f9 la capacit\u00e9 de puissance \u00e9lev\u00e9e, l'\u00e9quilibre de la tension et la fiabilit\u00e9 op\u00e9rationnelle sont essentiels, comme les machines CNC, les compresseurs, les ascenseurs et les lignes automatis\u00e9es de production.<\/p>\n<h2>Principaux avantages du stabilisateur de tension servo triphas\u00e9 SBW :<\/h2>\n<p><strong>R\u00e9gulation de tension triphas\u00e9e de haute pr\u00e9cision<\/strong><\/p>\n<p>Le stabilisateur de tension servo SBW a une pr\u00e9cision r\u00e9gul\u00e9e de \u00b13%, ce qui permet de prot\u00e9ger les moteurs industriels, les automates programmables et les \u00e9quipements de contr\u00f4le contre les pannes de tension.<\/p>\n<p><strong>Rendement \u00e9lev\u00e9 pour un fonctionnement industriel continu<\/strong><\/p>\n<p>Avec un niveau d'efficacit\u00e9 sup\u00e9rieur \u00e0 95%, la perte de puissance du stabilisateur triphas\u00e9 est minimis\u00e9e. Il peut donc \u00eatre utilis\u00e9 pour un fonctionnement continu dans les industries.<\/p>\n<p><strong>Une technologie de servocommande fiable<\/strong><\/p>\n<p>La r\u00e9gulation du servomoteur permet de corriger la tension de mani\u00e8re progressive, sans qu'il y ait de brusques variations de tension. Cela permet d'assurer une alimentation r\u00e9guli\u00e8re des composants m\u00e9caniques command\u00e9s par le servomoteur.<\/p>\n<p><strong>Syst\u00e8me complet de protection industrielle<\/strong><\/p>\n<p>Plusieurs fonctions de protection sont int\u00e9gr\u00e9es pour prot\u00e9ger \u00e0 la fois le stabilisateur et la charge dans des conditions inhabituelles.<\/p>\n<p><strong>Faible bruit et haute performance<\/strong><\/p>\n<p>Le niveau de bruit \u00e9tant \u226450dB, le stabilisateur SBW peut \u00eatre plac\u00e9 \u00e0 proximit\u00e9 de l'unit\u00e9 production sans affecter l'environnement.<\/p>\n<h2>Principaux param\u00e8tres techniques<\/h2>\n<figure class=\"wp-block-table\">\n<div class=\"scroll\">\n<table border=\"0\" width=\"1016\" cellspacing=\"0\" cellpadding=\"0\">\n<tbody>\n<tr>\n<td class=\"et3\" width=\"159\" height=\"18\">Mod\u00e8le<\/td>\n<td class=\"et4\" width=\"857\">SBW-60KVA SBW-100KVA SBW-150KVA SBW-200KVA SBW-250KVA SBW-300KVA<\/td>\n<\/tr>\n<tr>\n<td class=\"et3\" height=\"18\">Phase<\/td>\n<td class=\"et4\">3 phases<\/td>\n<\/tr>\n<tr>\n<td class=\"et3\" height=\"18\">Tension d'entr\u00e9e<\/td>\n<td class=\"et4\">AC 304-456V ou personnalis\u00e9<\/td>\n<\/tr>\n<tr>\n<td class=\"et3\" height=\"18\">Tension de sortie<\/td>\n<td class=\"et4\">AC 380V ou personnalis\u00e9<\/td>\n<\/tr>\n<tr>\n<td class=\"et3\" height=\"18\">Fr\u00e9quence<\/td>\n<td class=\"et4\">50 HZ\/60HZ<\/td>\n<\/tr>\n<tr>\n<td class=\"et3\" height=\"18\">Pr\u00e9cision<\/td>\n<td class=\"et5\">3%<\/td>\n<\/tr>\n<tr>\n<td class=\"et3\" height=\"18\">Efficacit\u00e9 du travail<\/td>\n<td class=\"et4\">&gt;95%<\/td>\n<\/tr>\n<tr>\n<td class=\"et3\" height=\"18\">Type de contr\u00f4le<\/td>\n<td class=\"et4\">Servomoteur<\/td>\n<\/tr>\n<tr>\n<td class=\"et3\" height=\"18\">Affichage num\u00e9rique<\/td>\n<td class=\"et4\">Afficher la tension d'entr\u00e9e et de sortie<\/td>\n<\/tr>\n<tr>\n<td class=\"et3\" height=\"18\">Protection de l'environnement<\/td>\n<td class=\"et4\">Surtension\/sous-tension, surcharge, court-circuit, surchauffe<\/td>\n<\/tr>\n<tr>\n<td class=\"et3\" height=\"18\">Temp\u00e9rature ambiante<\/td>\n<td class=\"et4\">-10\u00b0C~+ 40\u00b0C<\/td>\n<\/tr>\n<tr>\n<td class=\"et3\" height=\"18\">Niveau sonore<\/td>\n<td class=\"et4\">\u226450dB<\/td>\n<\/tr>\n<\/tbody>\n<\/table>\n<\/div>\n<\/figure>\n<h2>Applications du stabilisateur industriel triphas\u00e9 SBW<\/h2>\n<p>Les applications courantes du stabilisateur de tension servo triphas\u00e9 SBW Industrial Outdoor 100KVA :<\/p>\n<ul>\n<li>Machines-outils \u00e0 commande num\u00e9rique par ordinateur<\/li>\n<li>Machines de moulage par injection<\/li>\n<li>Ascenseurs et syst\u00e8mes de levage<\/li>\n<li>Compresseurs d'air<\/li>\n<li>Ligne d'impression et d'emballage production.<\/li>\n<li>Machines textiles et chimiques<\/li>\n<li>Machines pour l'exploitation mini\u00e8re et la construction<\/li>\n<li>Salles de distribution d'\u00e9nergie industrielle<\/li>\n<\/ul>\n<p>La solution ci-dessus est applicable \u00e0 tout usage industriel n\u00e9cessitant une tension triphas\u00e9e stable et \u00e9quilibr\u00e9e.<\/p>\n<h2>Stabilisateur de tension SBW Servo vs. autres stabilisateurs triphas\u00e9s<\/h2>\n<h3>Stabilisateur de tension servo vs stabilisateur triphas\u00e9 \u00e0 relais<\/h3>\n<p>Type de servo : R\u00e9gulation continue, plus grande pr\u00e9cision, dur\u00e9e de vie plus longue<br \/>\nType de relais : R\u00e9gulation par paliers, pr\u00e9cision moindre, dur\u00e9e de vie limit\u00e9e<\/p>\n<h3>Stabilisateur de tension asservi vs stabilisateur de tension statique<\/h3>\n<p>Type de servomoteur : Rentable pour une puissance \u00e9lev\u00e9e, structure robuste, adapt\u00e9e aux environnements difficiles.<br \/>\nType statique : Vitesse de r\u00e9ponse plus rapide, co\u00fbt plus \u00e9lev\u00e9, composants \u00e9lectroniques plus complexes<\/p>\n<p>Pour les utilisations industrielles en ext\u00e9rieur et les charges m\u00e9caniques lourdes, le stabilisateur de tension servo SBW offre un \u00e9quilibre optimal entre les performances, la durabilit\u00e9 et le co\u00fbt.<\/p>\n<h2>Comment choisir le stabilisateur triphas\u00e9 appropri\u00e9 pour les machines industrielles ?<\/h2>\n<p>Lorsque vous avez besoin d'un r\u00e9gulateur de tension pour servo triphas\u00e9, vous devez tenir compte des aspects suivants :<\/p>\n<ul>\n<li>Capacit\u00e9 de charge totale : La capacit\u00e9 du r\u00e9gulateur de tension doit \u00eatre au moins deux fois sup\u00e9rieure \u00e0 la charge maximale de l'appareil.<\/li>\n<li>Exigences de tension \u00e9chelonn\u00e9es : La plage de tension d'entr\u00e9e doit correspondre \u00e0 la plage de tension du stabilisateur, qui \u00e0 son tour doit correspondre \u00e0 la tension du r\u00e9seau. Soit la tension standard<\/li>\n<li>Environnement d'installation : Dans un environnement ext\u00e9rieur, les bo\u00eetiers doivent \u00eatre \u00e9tanches aux intemp\u00e9ries et \u00e0 l'eau.<\/li>\n<li>Expansion future : Inclure une capacit\u00e9 tampon pour la possibilit\u00e9 d'une expansion future.<\/li>\n<li>Exp\u00e9rience du fabricant : Choisissez un fabricant ayant une exp\u00e9rience r\u00e9elle dans l'industrie.<\/li>\n<\/ul>\n<h2>Pourquoi choisir ZHENGXI comme fabricant de stabilisateurs de tension triphas\u00e9s ?<\/h2>\n<ul>\n<li>Plus de 20 ans d'exp\u00e9rience dans la fabrication d'\u00e9quipements \u00e9lectriques \u00e0 basse tension<\/li>\n<li>Fabricant sp\u00e9cialis\u00e9 dans les stabilisateurs de tension et les transformateurs<\/li>\n<li>Syst\u00e8me de production certifi\u00e9 IEC \/ CE \/ ISO 9001<\/li>\n<li>Riche exp\u00e9rience en mati\u00e8re d'OEM\/ODM au service des plus grandes marques industrielles mondiales<\/li>\n<li>Exigences de tension, types de bo\u00eetiers et configurations disponibles sur mesure<\/li>\n<li>Produits export\u00e9s vers de nombreux march\u00e9s industriels dans le monde entier<\/li>\n<\/ul>\n<p>ZHENGXI insiste sur la n\u00e9cessit\u00e9 de fournir des solutions efficaces en mati\u00e8re d'alimentation \u00e9lectrique dans l'industrie.<\/p>\n<h2>FAQ<\/h2>\n<p><strong>Q1 : Le stabilisateur de puissance triphas\u00e9 SBW 100KVA peut-il \u00eatre personnalis\u00e9 ?<\/strong><br \/>\nR : Oui. La plage de tension d'entr\u00e9e, la tension de sortie et le type de bo\u00eetier peuvent \u00eatre personnalis\u00e9s en fonction des besoins.<\/p>\n<p><strong>Q2 : Le stabilisateur de tension SBW peut-il \u00eatre utilis\u00e9 \u00e0 l'ext\u00e9rieur ?<\/strong><br \/>\nR : Oui. La s\u00e9rie SBW outdoor est compos\u00e9e de bo\u00eetiers r\u00e9sistants aux intemp\u00e9ries et robustes pour une utilisation dans le secteur industriel ext\u00e9rieur.<\/p>\n<p><strong>Q3 : Quels sont les \u00e9l\u00e9ments n\u00e9cessaires au maintien d'un stabilisateur de tension d'asservissement ?<\/strong><br \/>\nR : Il est conseill\u00e9 de v\u00e9rifier p\u00e9riodiquement le servomoteur et le balai de carbone. S'il est correctement entretenu, le syst\u00e8me fonctionnera toujours bien.<\/p>\n<p>&nbsp;<\/p>","protected":false},"excerpt":{"rendered":"<p>Dans les r\u00e9seaux \u00e9lectriques industriels modernes, la stabilit\u00e9 de la tension est une exigence fondamentale plut\u00f4t qu'une caract\u00e9ristique optionnelle. Une tension triphas\u00e9e instable peut directement entra\u00eener des arr\u00eats d'\u00e9quipement, des d\u00e9faillances du syst\u00e8me de contr\u00f4le, une surchauffe du moteur et des dommages \u00e0 long terme sur les machines m\u00e9caniques.<\/p>\n<p>Le stabilisateur de tension automatique servo triphas\u00e9 SBW Industrial Outdoor 100KVA, fabriqu\u00e9 par ZHENGXI, est sp\u00e9cialement con\u00e7u pour assurer une r\u00e9gulation pr\u00e9cise et fiable de la tension pour les \u00e9quipements m\u00e9caniques lourds fonctionnant dans des environnements de r\u00e9seau instables ou fluctuants. Gr\u00e2ce \u00e0 la technologie de contr\u00f4le des servomoteurs et \u00e0 une structure ext\u00e9rieure robuste, ce stabilisateur triphas\u00e9 assure un fonctionnement industriel continu, s\u00fbr et efficace.<\/p>","protected":false},"featured_media":22420,"template":"","meta":[],"product_brand":[],"product_cat":[103,105,109],"product_tag":[],"class_list":{"0":"post-22418","1":"product","2":"type-product","3":"status-publish","4":"has-post-thumbnail","6":"product_cat-ac-voltage-stabilizer","7":"product_cat-servo-voltage-stabilizer","8":"product_cat-three-phase-stabilizer","10":"first","11":"instock","12":"taxable","13":"shipping-taxable","14":"product-type-simple"},"yoast_head":"<!-- This site is optimized with the Yoast SEO plugin v25.0 - https:\/\/yoast.com\/wordpress\/plugins\/seo\/ -->\n<title>Industrial Outdoor 3 Phase Servo Automatic Voltage Stabilizer Manufacturer - PINE-ZHENGXI<\/title>\n<meta name=\"robots\" content=\"index, follow, max-snippet:-1, max-image-preview:large, max-video-preview:-1\" \/>\n<link rel=\"canonical\" href=\"https:\/\/www.tronkiele.com\/fr\/product\/outdoor-100kva-3-phase-servo-automatic-voltage-stabilizer\/\" \/>\n<meta property=\"og:locale\" content=\"fr_FR\" \/>\n<meta property=\"og:type\" content=\"article\" \/>\n<meta property=\"og:title\" content=\"Industrial Outdoor 3 Phase Servo Automatic Voltage Stabilizer Manufacturer - PINE-ZHENGXI\" \/>\n<meta property=\"og:description\" content=\"In modern industrial power systems, voltage stability is a fundamental requirement rather than an optional feature. Unstable three-phase voltage can directly lead to equipment shutdowns, control system faults, motor overheating, and long-term damage to mechanical machinery.  The SBW Industrial Outdoor 100KVA 3 Phase Servo Automatic Voltage Stabilizer, manufactured by ZHENGXI, is specifically designed to provide precise and reliable voltage regulation for heavy-duty mechanical equipment operating in unstable or fluctuating grid environments. With servo motor control technology and a rugged outdoor structure, this three phase stabilizer ensures continuous, safe, and efficient industrial operation.\" \/>\n<meta property=\"og:url\" content=\"https:\/\/www.tronkiele.com\/fr\/product\/outdoor-100kva-3-phase-servo-automatic-voltage-stabilizer\/\" \/>\n<meta property=\"og:site_name\" content=\"PINE-ZHENGXI\" \/>\n<meta property=\"article:modified_time\" content=\"2026-01-27T05:23:03+00:00\" \/>\n<meta property=\"og:image\" content=\"https:\/\/www.tronkiele.com\/wp-content\/uploads\/2025\/12\/SBW-60kva-300kva-Outdoor-3-Phase-Servo-Automatic-Voltage-Stabilizer-Rainproof-Type.webp\" \/>\n\t<meta property=\"og:image:width\" content=\"600\" \/>\n\t<meta property=\"og:image:height\" content=\"600\" \/>\n\t<meta property=\"og:image:type\" content=\"image\/webp\" \/>\n<meta name=\"twitter:card\" content=\"summary_large_image\" \/>\n<meta name=\"twitter:label1\" content=\"Dur\u00e9e de lecture estim\u00e9e\" \/>\n\t<meta name=\"twitter:data1\" content=\"4 minutes\" \/>\n<script type=\"application\/ld+json\" class=\"yoast-schema-graph\">{\"@context\":\"https:\/\/schema.org\",\"@graph\":[{\"@type\":\"WebPage\",\"@id\":\"https:\/\/www.tronkiele.com\/product\/outdoor-100kva-3-phase-servo-automatic-voltage-stabilizer\/\",\"url\":\"https:\/\/www.tronkiele.com\/product\/outdoor-100kva-3-phase-servo-automatic-voltage-stabilizer\/\",\"name\":\"Industrial Outdoor 3 Phase Servo Automatic Voltage Stabilizer Manufacturer - PINE-ZHENGXI\",\"isPartOf\":{\"@id\":\"https:\/\/www.tronkiele.com\/#website\"},\"primaryImageOfPage\":{\"@id\":\"https:\/\/www.tronkiele.com\/product\/outdoor-100kva-3-phase-servo-automatic-voltage-stabilizer\/#primaryimage\"},\"image\":{\"@id\":\"https:\/\/www.tronkiele.com\/product\/outdoor-100kva-3-phase-servo-automatic-voltage-stabilizer\/#primaryimage\"},\"thumbnailUrl\":\"https:\/\/www.tronkiele.com\/wp-content\/uploads\/2025\/12\/SBW-60kva-300kva-Outdoor-3-Phase-Servo-Automatic-Voltage-Stabilizer-Rainproof-Type.webp\",\"datePublished\":\"2026-01-08T05:40:28+00:00\",\"dateModified\":\"2026-01-27T05:23:03+00:00\",\"breadcrumb\":{\"@id\":\"https:\/\/www.tronkiele.com\/product\/outdoor-100kva-3-phase-servo-automatic-voltage-stabilizer\/#breadcrumb\"},\"inLanguage\":\"fr-FR\",\"potentialAction\":[{\"@type\":\"ReadAction\",\"target\":[\"https:\/\/www.tronkiele.com\/product\/outdoor-100kva-3-phase-servo-automatic-voltage-stabilizer\/\"]}]},{\"@type\":\"ImageObject\",\"inLanguage\":\"fr-FR\",\"@id\":\"https:\/\/www.tronkiele.com\/product\/outdoor-100kva-3-phase-servo-automatic-voltage-stabilizer\/#primaryimage\",\"url\":\"https:\/\/www.tronkiele.com\/wp-content\/uploads\/2025\/12\/SBW-60kva-300kva-Outdoor-3-Phase-Servo-Automatic-Voltage-Stabilizer-Rainproof-Type.webp\",\"contentUrl\":\"https:\/\/www.tronkiele.com\/wp-content\/uploads\/2025\/12\/SBW-60kva-300kva-Outdoor-3-Phase-Servo-Automatic-Voltage-Stabilizer-Rainproof-Type.webp\",\"width\":600,\"height\":600,\"caption\":\"SBW 60kva-300kva Outdoor 3 Phase Servo Automatic Voltage Stabilizer Rainproof Type\"},{\"@type\":\"BreadcrumbList\",\"@id\":\"https:\/\/www.tronkiele.com\/product\/outdoor-100kva-3-phase-servo-automatic-voltage-stabilizer\/#breadcrumb\",\"itemListElement\":[{\"@type\":\"ListItem\",\"position\":1,\"name\":\"Home\",\"item\":\"https:\/\/www.tronkiele.com\/\"},{\"@type\":\"ListItem\",\"position\":2,\"name\":\"Products\",\"item\":\"https:\/\/www.tronkiele.com\/shop\/\"},{\"@type\":\"ListItem\",\"position\":3,\"name\":\"SBW Industrial Outdoor 100KVA 3 Phase Servo Automatic Voltage Stabilizer for Mechanical Equipment\"}]},{\"@type\":\"WebSite\",\"@id\":\"https:\/\/www.tronkiele.com\/#website\",\"url\":\"https:\/\/www.tronkiele.com\/\",\"name\":\"PINE-ZHENGXI\",\"description\":\"\",\"publisher\":{\"@id\":\"https:\/\/www.tronkiele.com\/#organization\"},\"potentialAction\":[{\"@type\":\"SearchAction\",\"target\":{\"@type\":\"EntryPoint\",\"urlTemplate\":\"https:\/\/www.tronkiele.com\/?s={search_term_string}\"},\"query-input\":{\"@type\":\"PropertyValueSpecification\",\"valueRequired\":true,\"valueName\":\"search_term_string\"}}],\"inLanguage\":\"fr-FR\"},{\"@type\":\"Organization\",\"@id\":\"https:\/\/www.tronkiele.com\/#organization\",\"name\":\"PINE-ZHENGXI\",\"url\":\"https:\/\/www.tronkiele.com\/\",\"logo\":{\"@type\":\"ImageObject\",\"inLanguage\":\"fr-FR\",\"@id\":\"https:\/\/www.tronkiele.com\/#\/schema\/logo\/image\/\",\"url\":\"https:\/\/www.tronkiele.com\/wp-content\/uploads\/2024\/11\/cropped-tronki.webp\",\"contentUrl\":\"https:\/\/www.tronkiele.com\/wp-content\/uploads\/2024\/11\/cropped-tronki.webp\",\"width\":512,\"height\":512,\"caption\":\"PINE-ZHENGXI\"},\"image\":{\"@id\":\"https:\/\/www.tronkiele.com\/#\/schema\/logo\/image\/\"}}]}<\/script>\n<!-- \/ Yoast SEO plugin. -->","yoast_head_json":{"title":"Fabricant de stabilisateur de tension automatique servo triphas\u00e9 pour l'ext\u00e9rieur - PINE-ZHENGXI","robots":{"index":"index","follow":"follow","max-snippet":"max-snippet:-1","max-image-preview":"max-image-preview:large","max-video-preview":"max-video-preview:-1"},"canonical":"https:\/\/www.tronkiele.com\/fr\/product\/outdoor-100kva-3-phase-servo-automatic-voltage-stabilizer\/","og_locale":"fr_FR","og_type":"article","og_title":"Industrial Outdoor 3 Phase Servo Automatic Voltage Stabilizer Manufacturer - PINE-ZHENGXI","og_description":"In modern industrial power systems, voltage stability is a fundamental requirement rather than an optional feature. Unstable three-phase voltage can directly lead to equipment shutdowns, control system faults, motor overheating, and long-term damage to mechanical machinery.  The SBW Industrial Outdoor 100KVA 3 Phase Servo Automatic Voltage Stabilizer, manufactured by ZHENGXI, is specifically designed to provide precise and reliable voltage regulation for heavy-duty mechanical equipment operating in unstable or fluctuating grid environments. With servo motor control technology and a rugged outdoor structure, this three phase stabilizer ensures continuous, safe, and efficient industrial operation.","og_url":"https:\/\/www.tronkiele.com\/fr\/product\/outdoor-100kva-3-phase-servo-automatic-voltage-stabilizer\/","og_site_name":"PINE-ZHENGXI","article_modified_time":"2026-01-27T05:23:03+00:00","og_image":[{"width":600,"height":600,"url":"https:\/\/www.tronkiele.com\/wp-content\/uploads\/2025\/12\/SBW-60kva-300kva-Outdoor-3-Phase-Servo-Automatic-Voltage-Stabilizer-Rainproof-Type.webp","type":"image\/webp"}],"twitter_card":"summary_large_image","twitter_misc":{"Dur\u00e9e de lecture estim\u00e9e":"4 minutes"},"schema":{"@context":"https:\/\/schema.org","@graph":[{"@type":"WebPage","@id":"https:\/\/www.tronkiele.com\/product\/outdoor-100kva-3-phase-servo-automatic-voltage-stabilizer\/","url":"https:\/\/www.tronkiele.com\/product\/outdoor-100kva-3-phase-servo-automatic-voltage-stabilizer\/","name":"Fabricant de stabilisateur de tension automatique servo triphas\u00e9 pour l'ext\u00e9rieur - PINE-ZHENGXI","isPartOf":{"@id":"https:\/\/www.tronkiele.com\/#website"},"primaryImageOfPage":{"@id":"https:\/\/www.tronkiele.com\/product\/outdoor-100kva-3-phase-servo-automatic-voltage-stabilizer\/#primaryimage"},"image":{"@id":"https:\/\/www.tronkiele.com\/product\/outdoor-100kva-3-phase-servo-automatic-voltage-stabilizer\/#primaryimage"},"thumbnailUrl":"https:\/\/www.tronkiele.com\/wp-content\/uploads\/2025\/12\/SBW-60kva-300kva-Outdoor-3-Phase-Servo-Automatic-Voltage-Stabilizer-Rainproof-Type.webp","datePublished":"2026-01-08T05:40:28+00:00","dateModified":"2026-01-27T05:23:03+00:00","breadcrumb":{"@id":"https:\/\/www.tronkiele.com\/product\/outdoor-100kva-3-phase-servo-automatic-voltage-stabilizer\/#breadcrumb"},"inLanguage":"fr-FR","potentialAction":[{"@type":"ReadAction","target":["https:\/\/www.tronkiele.com\/product\/outdoor-100kva-3-phase-servo-automatic-voltage-stabilizer\/"]}]},{"@type":"ImageObject","inLanguage":"fr-FR","@id":"https:\/\/www.tronkiele.com\/product\/outdoor-100kva-3-phase-servo-automatic-voltage-stabilizer\/#primaryimage","url":"https:\/\/www.tronkiele.com\/wp-content\/uploads\/2025\/12\/SBW-60kva-300kva-Outdoor-3-Phase-Servo-Automatic-Voltage-Stabilizer-Rainproof-Type.webp","contentUrl":"https:\/\/www.tronkiele.com\/wp-content\/uploads\/2025\/12\/SBW-60kva-300kva-Outdoor-3-Phase-Servo-Automatic-Voltage-Stabilizer-Rainproof-Type.webp","width":600,"height":600,"caption":"SBW 60kva-300kva Outdoor 3 Phase Servo Automatic Voltage Stabilizer Rainproof Type"},{"@type":"BreadcrumbList","@id":"https:\/\/www.tronkiele.com\/product\/outdoor-100kva-3-phase-servo-automatic-voltage-stabilizer\/#breadcrumb","itemListElement":[{"@type":"ListItem","position":1,"name":"Home","item":"https:\/\/www.tronkiele.com\/"},{"@type":"ListItem","position":2,"name":"Products","item":"https:\/\/www.tronkiele.com\/shop\/"},{"@type":"ListItem","position":3,"name":"SBW Industrial Outdoor 100KVA 3 Phase Servo Automatic Voltage Stabilizer for Mechanical Equipment"}]},{"@type":"WebSite","@id":"https:\/\/www.tronkiele.com\/#website","url":"https:\/\/www.tronkiele.com\/","name":"PINE-ZHENGXI","description":"","publisher":{"@id":"https:\/\/www.tronkiele.com\/#organization"},"potentialAction":[{"@type":"SearchAction","target":{"@type":"EntryPoint","urlTemplate":"https:\/\/www.tronkiele.com\/?s={search_term_string}"},"query-input":{"@type":"PropertyValueSpecification","valueRequired":true,"valueName":"search_term_string"}}],"inLanguage":"fr-FR"},{"@type":"Organization","@id":"https:\/\/www.tronkiele.com\/#organization","name":"PINE-ZHENGXI","url":"https:\/\/www.tronkiele.com\/","logo":{"@type":"ImageObject","inLanguage":"fr-FR","@id":"https:\/\/www.tronkiele.com\/#\/schema\/logo\/image\/","url":"https:\/\/www.tronkiele.com\/wp-content\/uploads\/2024\/11\/cropped-tronki.webp","contentUrl":"https:\/\/www.tronkiele.com\/wp-content\/uploads\/2024\/11\/cropped-tronki.webp","width":512,"height":512,"caption":"PINE-ZHENGXI"},"image":{"@id":"https:\/\/www.tronkiele.com\/#\/schema\/logo\/image\/"}}]}},"_links":{"self":[{"href":"https:\/\/www.tronkiele.com\/fr\/wp-json\/wp\/v2\/product\/22418","targetHints":{"allow":["GET"]}}],"collection":[{"href":"https:\/\/www.tronkiele.com\/fr\/wp-json\/wp\/v2\/product"}],"about":[{"href":"https:\/\/www.tronkiele.com\/fr\/wp-json\/wp\/v2\/types\/product"}],"version-history":[{"count":5,"href":"https:\/\/www.tronkiele.com\/fr\/wp-json\/wp\/v2\/product\/22418\/revisions"}],"predecessor-version":[{"id":22445,"href":"https:\/\/www.tronkiele.com\/fr\/wp-json\/wp\/v2\/product\/22418\/revisions\/22445"}],"wp:featuredmedia":[{"embeddable":true,"href":"https:\/\/www.tronkiele.com\/fr\/wp-json\/wp\/v2\/media\/22420"}],"wp:attachment":[{"href":"https:\/\/www.tronkiele.com\/fr\/wp-json\/wp\/v2\/media?parent=22418"}],"wp:term":[{"taxonomy":"product_brand","embeddable":true,"href":"https:\/\/www.tronkiele.com\/fr\/wp-json\/wp\/v2\/product_brand?post=22418"},{"taxonomy":"product_cat","embeddable":true,"href":"https:\/\/www.tronkiele.com\/fr\/wp-json\/wp\/v2\/product_cat?post=22418"},{"taxonomy":"product_tag","embeddable":true,"href":"https:\/\/www.tronkiele.com\/fr\/wp-json\/wp\/v2\/product_tag?post=22418"}],"curies":[{"name":"wp","href":"https:\/\/api.w.org\/{rel}","templated":true}]}}