{"id":22423,"date":"2026-01-07T07:43:49","date_gmt":"2026-01-07T07:43:49","guid":{"rendered":"https:\/\/www.tronkiele.com\/?post_type=product&#038;p=22423"},"modified":"2026-01-27T05:23:17","modified_gmt":"2026-01-27T05:23:17","slug":"3-phase-igbt-static-automatic-voltage-stabilizer","status":"publish","type":"product","link":"https:\/\/www.tronkiele.com\/fr\/product\/3-phase-igbt-static-automatic-voltage-stabilizer\/","title":{"rendered":"ZBW 10Kva-4000Kva 3 Phase IGBT Static Automatic Voltage Stabilizer For High-Precision Machines"},"content":{"rendered":"<h2>Qu'est-ce qu'un stabilisateur de tension statique IGBT ?<\/h2>\n<p>Contrairement aux dispositifs conventionnels de stabilisation des servomoteurs ou des relais, la s\u00e9rie ZBW utilise la r\u00e9gulation statique IGBT (Insulated Gate Bipolar Transistor). Cette technologie est largement reconnue dans le domaine de l'\u00e9nergie et est mentionn\u00e9e dans les normes de l'IEEE et de l'automatisation industrielle.<\/p>\n<h3>Comment \u00e7a marche<\/h3>\n<ul>\n<li>Il suit en permanence la tension gr\u00e2ce \u00e0 des processus d'\u00e9chantillonnage num\u00e9rique.<\/li>\n<li>Il s'agit d'un syst\u00e8me de contr\u00f4le \u00e0 grande vitesse qui d\u00e9clenche les modules IGBT.<\/li>\n<li>La compensation de tension s'effectue en quelques millisecondes, sans aucun mouvement m\u00e9canique.<\/li>\n<\/ul>\n<h3>Principaux avantages de la r\u00e9gulation statique<\/h3>\n<ul>\n<li>Vitesse de r\u00e9ponse ultra-rapide<\/li>\n<li>Pas d'usure m\u00e9canique, d'o\u00f9 une dur\u00e9e de vie plus longue<\/li>\n<li>Pas de distorsion suppl\u00e9mentaire de la forme d'onde<\/li>\n<li>Grande stabilit\u00e9 en cas de fluctuations fr\u00e9quentes de la tension<\/li>\n<\/ul>\n<p>Le stabilisateur ZBW est donc particuli\u00e8rement utile pour les machines \u00e0 commande num\u00e9rique, le traitement des semi-conducteurs, les \u00e9quipements de traitement d'images m\u00e9dicales et les cha\u00eenes d'assemblage automatis\u00e9es.<\/p>\n<h2>Sp\u00e9cifications techniques<\/h2>\n<div class=\"TyagGW_tableContainer\">\n<div class=\"group TyagGW_tableWrapper flex w-fit flex-col-reverse\" tabindex=\"-1\">\n<table class=\"w-fit min-w-(--thread-content-width)\" data-start=\"4770\" data-end=\"5517\">\n<thead data-start=\"4770\" data-end=\"4799\">\n<tr data-start=\"4770\" data-end=\"4799\">\n<th data-start=\"4770\" data-end=\"4782\" data-col-size=\"sm\">Param\u00e8tres<\/th>\n<th data-start=\"4782\" data-end=\"4799\" data-col-size=\"md\">Sp\u00e9cifications<\/th>\n<\/tr>\n<\/thead>\n<tbody data-start=\"4826\" data-end=\"5517\">\n<tr data-start=\"4826\" data-end=\"4857\">\n<td data-start=\"4826\" data-end=\"4834\" data-col-size=\"sm\">Mod\u00e8le<\/td>\n<td data-col-size=\"md\" data-start=\"4834\" data-end=\"4857\" data-imt_insert_failed=\"1\">ZBW-S-10kVA-4000kVA<\/td>\n<\/tr>\n<tr data-start=\"4858\" data-end=\"4881\">\n<td data-start=\"4858\" data-end=\"4866\" data-col-size=\"sm\">Phase<\/td>\n<td data-col-size=\"md\" data-start=\"4866\" data-end=\"4881\">Triphas\u00e9<\/td>\n<\/tr>\n<tr data-start=\"4882\" data-end=\"4928\">\n<td data-start=\"4882\" data-end=\"4898\" data-col-size=\"sm\">Tension d'entr\u00e9e<\/td>\n<td data-col-size=\"md\" data-start=\"4898\" data-end=\"4928\">AC 304-456V (personnalisable)<\/td>\n<\/tr>\n<tr data-start=\"4929\" data-end=\"4972\">\n<td data-start=\"4929\" data-end=\"4946\" data-col-size=\"sm\">Tension de sortie<\/td>\n<td data-col-size=\"md\" data-start=\"4946\" data-end=\"4972\">AC 380V (personnalisable)<\/td>\n<\/tr>\n<tr data-start=\"4973\" data-end=\"5000\">\n<td data-start=\"4973\" data-end=\"4985\" data-col-size=\"sm\">Fr\u00e9quence<\/td>\n<td data-col-size=\"md\" data-start=\"4985\" data-end=\"5000\" data-imt_insert_failed=\"1\">50Hz \/ 60Hz<\/td>\n<\/tr>\n<tr data-start=\"5001\" data-end=\"5020\">\n<td data-start=\"5001\" data-end=\"5013\" data-col-size=\"sm\">Pr\u00e9cision<\/td>\n<td data-col-size=\"md\" data-start=\"5013\" data-end=\"5020\" data-imt_insert_failed=\"1\">\u00b11%<\/td>\n<\/tr>\n<tr data-start=\"5021\" data-end=\"5042\">\n<td data-start=\"5021\" data-end=\"5034\" data-col-size=\"sm\">Efficacit\u00e9<\/td>\n<td data-col-size=\"md\" data-start=\"5034\" data-end=\"5042\" data-imt_insert_failed=\"1\">&gt;95%<\/td>\n<\/tr>\n<tr data-start=\"5043\" data-end=\"5081\">\n<td data-start=\"5043\" data-end=\"5058\" data-col-size=\"sm\">Type de contr\u00f4le<\/td>\n<td data-col-size=\"md\" data-start=\"5058\" data-end=\"5081\">Contr\u00f4le statique de l'IGBT<\/td>\n<\/tr>\n<tr data-start=\"5082\" data-end=\"5153\">\n<td data-start=\"5082\" data-end=\"5100\" data-col-size=\"sm\">Affichage num\u00e9rique<\/td>\n<td data-col-size=\"md\" data-start=\"5100\" data-end=\"5153\">Tension d'entr\u00e9e\/sortie, rapport de charge, indicateur de d\u00e9faut<\/td>\n<\/tr>\n<tr data-start=\"5154\" data-end=\"5211\">\n<td data-start=\"5154\" data-end=\"5176\" data-col-size=\"sm\">Distorsion de la forme d'onde<\/td>\n<td data-col-size=\"md\" data-start=\"5176\" data-end=\"5211\">Aucune (pas de distorsion suppl\u00e9mentaire)<\/td>\n<\/tr>\n<tr data-start=\"5212\" data-end=\"5244\">\n<td data-start=\"5212\" data-end=\"5236\" data-col-size=\"sm\">R\u00e9sistance de l'isolation<\/td>\n<td data-col-size=\"md\" data-start=\"5236\" data-end=\"5244\" data-imt_insert_failed=\"1\">\u22652M\u03a9<\/td>\n<\/tr>\n<tr data-start=\"5245\" data-end=\"5285\">\n<td data-start=\"5245\" data-end=\"5267\" data-col-size=\"sm\">Temp\u00e9rature ambiante<\/td>\n<td data-col-size=\"md\" data-start=\"5267\" data-end=\"5285\">De -10\u00b0C \u00e0 +40\u00b0C<\/td>\n<\/tr>\n<tr data-start=\"5286\" data-end=\"5314\">\n<td data-start=\"5286\" data-end=\"5306\" data-col-size=\"sm\">Humidit\u00e9 relative<\/td>\n<td data-col-size=\"md\" data-start=\"5306\" data-end=\"5314\" data-imt_insert_failed=\"1\">&lt;95%<\/td>\n<\/tr>\n<tr data-start=\"5315\" data-end=\"5400\">\n<td data-start=\"5315\" data-end=\"5328\" data-col-size=\"sm\">Protection de l'environnement<\/td>\n<td data-col-size=\"md\" data-start=\"5328\" data-end=\"5400\">Surtension, sous-tension, surcharge, court-circuit, surchauffe<\/td>\n<\/tr>\n<tr data-start=\"5401\" data-end=\"5458\">\n<td data-start=\"5401\" data-end=\"5420\" data-col-size=\"sm\">Protection contre les retards<\/td>\n<td data-col-size=\"md\" data-start=\"5420\" data-end=\"5458\">Personnalisable (d\u00e9sactiv\u00e9 par d\u00e9faut)<\/td>\n<\/tr>\n<tr data-start=\"5459\" data-end=\"5517\">\n<td data-start=\"5459\" data-end=\"5481\" data-col-size=\"sm\">Dimensions et poids<\/td>\n<td data-col-size=\"md\" data-start=\"5481\" data-end=\"5517\">Personnalis\u00e9 en fonction de la tension et de la capacit\u00e9<\/td>\n<\/tr>\n<\/tbody>\n<\/table>\n<\/div>\n<\/div>\n<p data-start=\"5519\" data-end=\"5575\"><em data-start=\"5519\" data-end=\"5575\">Note : La taille et le poids varient en fonction de la configuration.<\/em><\/p>\n<h2>FAQ<\/h2>\n<p><strong>Q1 : Quelles sont les capacit\u00e9s requises pour un stabilisateur ZBW id\u00e9al ?<\/strong><\/p>\n<p>Oui, il est pr\u00e9cis \u00e0 \u00b11% sans distorsion de la forme d'onde. Il est particuli\u00e8rement adapt\u00e9 aux machines \u00e0 commande num\u00e9rique, aux instruments m\u00e9dicaux et \u00e0 l'automatisation.<\/p>\n<p><strong>Q2 : La tension d'entr\u00e9e et de sortie peut-elle \u00eatre personnalis\u00e9e ?<\/strong><\/p>\n<p>En effet. La tension d'entr\u00e9e et de sortie peut \u00e9galement \u00eatre adapt\u00e9e aux exigences du r\u00e9seau local ou aux besoins particuliers des machines. La flexibilit\u00e9 est donc possible en fonction des besoins sp\u00e9cifiques.<\/p>\n<p><strong>Q3 : Le stabilisateur n\u00e9cessite-t-il un entretien constant ?<\/strong><\/p>\n<p>Non. En raison de la structure statique de l'IGBT, sans aucun composant mobile, le besoin de travaux de maintenance p\u00e9riodique est limit\u00e9 par rapport aux stabilisateurs asservis.<\/p>","protected":false},"excerpt":{"rendered":"<p>ZBW 10Kva-4000Kva 3 phases igbt stabilisateur de tension statique automatique pour machines de haute pr\u00e9cision<\/p>\n<p>La stabilit\u00e9 de la tension dans les installations industrielles modernes n'est plus un luxe mais une exigence imp\u00e9rative de pr\u00e9cision, d'efficacit\u00e9 et de long\u00e9vit\u00e9. Le stabilisateur de tension automatique statique \u00e0 IGBT triphas\u00e9 de la s\u00e9rie ZBW, avec des capacit\u00e9s allant de 10kVA \u00e0 4000kVA, fabriqu\u00e9 par ZHENGXI, est sp\u00e9cialement con\u00e7u pour une r\u00e9gulation de tension pr\u00e9cise, exacte et sans distorsion pour les machines de haute pr\u00e9cision lorsqu'elles sont confront\u00e9es \u00e0 des conditions d'alimentation instables.<\/p>\n<p>Le stabilisateur ZBW, qui utilise une technologie de pointe en mati\u00e8re de contr\u00f4le statique des IGBT, fournit une tension de sortie stable m\u00eame en cas de fluctuations importantes de la puissance d'entr\u00e9e, ce qui en fait un dispositif tr\u00e8s fiable et efficace, en particulier pour les industries dont les temps d'arr\u00eat sont r\u00e9duits au minimum.<\/p>","protected":false},"featured_media":22424,"template":"","meta":[],"product_brand":[],"product_cat":[103,107,109],"product_tag":[],"class_list":{"0":"post-22423","1":"product","2":"type-product","3":"status-publish","4":"has-post-thumbnail","6":"product_cat-ac-voltage-stabilizer","7":"product_cat-static-voltage-stabilizer","8":"product_cat-three-phase-stabilizer","10":"first","11":"instock","12":"taxable","13":"shipping-taxable","14":"product-type-simple"},"yoast_head":"<!-- This site is optimized with the Yoast SEO plugin v25.0 - https:\/\/yoast.com\/wordpress\/plugins\/seo\/ -->\n<title>ZBW 10Kva-4000Kva 3 Phase IGBT Static Automatic Voltage Stabilizer For High-Precision Machines - PINE-ZHENGXI<\/title>\n<meta name=\"robots\" content=\"index, follow, max-snippet:-1, max-image-preview:large, max-video-preview:-1\" \/>\n<link rel=\"canonical\" href=\"https:\/\/www.tronkiele.com\/fr\/product\/3-phase-igbt-static-automatic-voltage-stabilizer\/\" \/>\n<meta property=\"og:locale\" content=\"fr_FR\" \/>\n<meta property=\"og:type\" content=\"article\" \/>\n<meta property=\"og:title\" content=\"ZBW 10Kva-4000Kva 3 Phase IGBT Static Automatic Voltage Stabilizer For High-Precision Machines - PINE-ZHENGXI\" \/>\n<meta property=\"og:description\" content=\"ZBW 10Kva-4000Kva 3 phase igbt static automatic voltage stabilizer for High-Precision Machines  Voltage stability in modern industrial setups is no longer a luxury but an imperative requirement for precision, efficiency, and longevity. The ZBW Series 3 Phase IGBT Static Automatic Voltage Stabilizer, with capacities ranging from 10kVA to 4000kVA, manufactured by ZHENGXI, is specifically designed for precise, accurate, and distortion-free voltage regulation for high-precision machines when dealing with unstable power conditions.  The ZBW Stabilizer, which uses cutting-edge technology in IGBT Static Control, will provide a stable output voltage even when there are significant fluctuations in the input power, making this a very reliable and efficient device especially for industries with minimal shutdown times.\" \/>\n<meta property=\"og:url\" content=\"https:\/\/www.tronkiele.com\/fr\/product\/3-phase-igbt-static-automatic-voltage-stabilizer\/\" \/>\n<meta property=\"og:site_name\" content=\"PINE-ZHENGXI\" \/>\n<meta property=\"article:modified_time\" content=\"2026-01-27T05:23:17+00:00\" \/>\n<meta property=\"og:image\" content=\"https:\/\/www.tronkiele.com\/wp-content\/uploads\/2026\/01\/ZBW-10Kva-4000Kva-3-Phase-IGBT-Static-Automatic-Voltage-Stabilizer-For-High-Precision-Machines.webp\" \/>\n\t<meta property=\"og:image:width\" content=\"800\" \/>\n\t<meta property=\"og:image:height\" content=\"800\" \/>\n\t<meta property=\"og:image:type\" content=\"image\/webp\" \/>\n<meta name=\"twitter:card\" content=\"summary_large_image\" \/>\n<meta name=\"twitter:label1\" content=\"Dur\u00e9e de lecture estim\u00e9e\" \/>\n\t<meta name=\"twitter:data1\" content=\"2 minutes\" \/>\n<script type=\"application\/ld+json\" class=\"yoast-schema-graph\">{\"@context\":\"https:\/\/schema.org\",\"@graph\":[{\"@type\":\"WebPage\",\"@id\":\"https:\/\/www.tronkiele.com\/product\/3-phase-igbt-static-automatic-voltage-stabilizer\/\",\"url\":\"https:\/\/www.tronkiele.com\/product\/3-phase-igbt-static-automatic-voltage-stabilizer\/\",\"name\":\"ZBW 10Kva-4000Kva 3 Phase IGBT Static Automatic Voltage Stabilizer For High-Precision Machines - PINE-ZHENGXI\",\"isPartOf\":{\"@id\":\"https:\/\/www.tronkiele.com\/#website\"},\"primaryImageOfPage\":{\"@id\":\"https:\/\/www.tronkiele.com\/product\/3-phase-igbt-static-automatic-voltage-stabilizer\/#primaryimage\"},\"image\":{\"@id\":\"https:\/\/www.tronkiele.com\/product\/3-phase-igbt-static-automatic-voltage-stabilizer\/#primaryimage\"},\"thumbnailUrl\":\"https:\/\/www.tronkiele.com\/wp-content\/uploads\/2026\/01\/ZBW-10Kva-4000Kva-3-Phase-IGBT-Static-Automatic-Voltage-Stabilizer-For-High-Precision-Machines.webp\",\"datePublished\":\"2026-01-07T07:43:49+00:00\",\"dateModified\":\"2026-01-27T05:23:17+00:00\",\"breadcrumb\":{\"@id\":\"https:\/\/www.tronkiele.com\/product\/3-phase-igbt-static-automatic-voltage-stabilizer\/#breadcrumb\"},\"inLanguage\":\"fr-FR\",\"potentialAction\":[{\"@type\":\"ReadAction\",\"target\":[\"https:\/\/www.tronkiele.com\/product\/3-phase-igbt-static-automatic-voltage-stabilizer\/\"]}]},{\"@type\":\"ImageObject\",\"inLanguage\":\"fr-FR\",\"@id\":\"https:\/\/www.tronkiele.com\/product\/3-phase-igbt-static-automatic-voltage-stabilizer\/#primaryimage\",\"url\":\"https:\/\/www.tronkiele.com\/wp-content\/uploads\/2026\/01\/ZBW-10Kva-4000Kva-3-Phase-IGBT-Static-Automatic-Voltage-Stabilizer-For-High-Precision-Machines.webp\",\"contentUrl\":\"https:\/\/www.tronkiele.com\/wp-content\/uploads\/2026\/01\/ZBW-10Kva-4000Kva-3-Phase-IGBT-Static-Automatic-Voltage-Stabilizer-For-High-Precision-Machines.webp\",\"width\":800,\"height\":800,\"caption\":\"ZBW 10Kva-4000Kva 3 Phase IGBT Static Automatic Voltage Stabilizer For High-Precision Machines\"},{\"@type\":\"BreadcrumbList\",\"@id\":\"https:\/\/www.tronkiele.com\/product\/3-phase-igbt-static-automatic-voltage-stabilizer\/#breadcrumb\",\"itemListElement\":[{\"@type\":\"ListItem\",\"position\":1,\"name\":\"Home\",\"item\":\"https:\/\/www.tronkiele.com\/\"},{\"@type\":\"ListItem\",\"position\":2,\"name\":\"Products\",\"item\":\"https:\/\/www.tronkiele.com\/shop\/\"},{\"@type\":\"ListItem\",\"position\":3,\"name\":\"ZBW 10Kva-4000Kva 3 Phase IGBT Static Automatic Voltage Stabilizer For High-Precision Machines\"}]},{\"@type\":\"WebSite\",\"@id\":\"https:\/\/www.tronkiele.com\/#website\",\"url\":\"https:\/\/www.tronkiele.com\/\",\"name\":\"PINE-ZHENGXI\",\"description\":\"\",\"publisher\":{\"@id\":\"https:\/\/www.tronkiele.com\/#organization\"},\"potentialAction\":[{\"@type\":\"SearchAction\",\"target\":{\"@type\":\"EntryPoint\",\"urlTemplate\":\"https:\/\/www.tronkiele.com\/?s={search_term_string}\"},\"query-input\":{\"@type\":\"PropertyValueSpecification\",\"valueRequired\":true,\"valueName\":\"search_term_string\"}}],\"inLanguage\":\"fr-FR\"},{\"@type\":\"Organization\",\"@id\":\"https:\/\/www.tronkiele.com\/#organization\",\"name\":\"PINE-ZHENGXI\",\"url\":\"https:\/\/www.tronkiele.com\/\",\"logo\":{\"@type\":\"ImageObject\",\"inLanguage\":\"fr-FR\",\"@id\":\"https:\/\/www.tronkiele.com\/#\/schema\/logo\/image\/\",\"url\":\"https:\/\/www.tronkiele.com\/wp-content\/uploads\/2024\/11\/cropped-tronki.webp\",\"contentUrl\":\"https:\/\/www.tronkiele.com\/wp-content\/uploads\/2024\/11\/cropped-tronki.webp\",\"width\":512,\"height\":512,\"caption\":\"PINE-ZHENGXI\"},\"image\":{\"@id\":\"https:\/\/www.tronkiele.com\/#\/schema\/logo\/image\/\"}}]}<\/script>\n<!-- \/ Yoast SEO plugin. -->","yoast_head_json":{"title":"ZBW 10Kva-4000Kva 3 Phase IGBT Static Automatic Voltage Stabilizer For High-Precision Machines - PINE-ZHENGXI","robots":{"index":"index","follow":"follow","max-snippet":"max-snippet:-1","max-image-preview":"max-image-preview:large","max-video-preview":"max-video-preview:-1"},"canonical":"https:\/\/www.tronkiele.com\/fr\/product\/3-phase-igbt-static-automatic-voltage-stabilizer\/","og_locale":"fr_FR","og_type":"article","og_title":"ZBW 10Kva-4000Kva 3 Phase IGBT Static Automatic Voltage Stabilizer For High-Precision Machines - PINE-ZHENGXI","og_description":"ZBW 10Kva-4000Kva 3 phase igbt static automatic voltage stabilizer for High-Precision Machines  Voltage stability in modern industrial setups is no longer a luxury but an imperative requirement for precision, efficiency, and longevity. The ZBW Series 3 Phase IGBT Static Automatic Voltage Stabilizer, with capacities ranging from 10kVA to 4000kVA, manufactured by ZHENGXI, is specifically designed for precise, accurate, and distortion-free voltage regulation for high-precision machines when dealing with unstable power conditions.  The ZBW Stabilizer, which uses cutting-edge technology in IGBT Static Control, will provide a stable output voltage even when there are significant fluctuations in the input power, making this a very reliable and efficient device especially for industries with minimal shutdown times.","og_url":"https:\/\/www.tronkiele.com\/fr\/product\/3-phase-igbt-static-automatic-voltage-stabilizer\/","og_site_name":"PINE-ZHENGXI","article_modified_time":"2026-01-27T05:23:17+00:00","og_image":[{"width":800,"height":800,"url":"https:\/\/www.tronkiele.com\/wp-content\/uploads\/2026\/01\/ZBW-10Kva-4000Kva-3-Phase-IGBT-Static-Automatic-Voltage-Stabilizer-For-High-Precision-Machines.webp","type":"image\/webp"}],"twitter_card":"summary_large_image","twitter_misc":{"Dur\u00e9e de lecture estim\u00e9e":"2 minutes"},"schema":{"@context":"https:\/\/schema.org","@graph":[{"@type":"WebPage","@id":"https:\/\/www.tronkiele.com\/product\/3-phase-igbt-static-automatic-voltage-stabilizer\/","url":"https:\/\/www.tronkiele.com\/product\/3-phase-igbt-static-automatic-voltage-stabilizer\/","name":"ZBW 10Kva-4000Kva 3 Phase IGBT Static Automatic Voltage Stabilizer For High-Precision Machines - PINE-ZHENGXI","isPartOf":{"@id":"https:\/\/www.tronkiele.com\/#website"},"primaryImageOfPage":{"@id":"https:\/\/www.tronkiele.com\/product\/3-phase-igbt-static-automatic-voltage-stabilizer\/#primaryimage"},"image":{"@id":"https:\/\/www.tronkiele.com\/product\/3-phase-igbt-static-automatic-voltage-stabilizer\/#primaryimage"},"thumbnailUrl":"https:\/\/www.tronkiele.com\/wp-content\/uploads\/2026\/01\/ZBW-10Kva-4000Kva-3-Phase-IGBT-Static-Automatic-Voltage-Stabilizer-For-High-Precision-Machines.webp","datePublished":"2026-01-07T07:43:49+00:00","dateModified":"2026-01-27T05:23:17+00:00","breadcrumb":{"@id":"https:\/\/www.tronkiele.com\/product\/3-phase-igbt-static-automatic-voltage-stabilizer\/#breadcrumb"},"inLanguage":"fr-FR","potentialAction":[{"@type":"ReadAction","target":["https:\/\/www.tronkiele.com\/product\/3-phase-igbt-static-automatic-voltage-stabilizer\/"]}]},{"@type":"ImageObject","inLanguage":"fr-FR","@id":"https:\/\/www.tronkiele.com\/product\/3-phase-igbt-static-automatic-voltage-stabilizer\/#primaryimage","url":"https:\/\/www.tronkiele.com\/wp-content\/uploads\/2026\/01\/ZBW-10Kva-4000Kva-3-Phase-IGBT-Static-Automatic-Voltage-Stabilizer-For-High-Precision-Machines.webp","contentUrl":"https:\/\/www.tronkiele.com\/wp-content\/uploads\/2026\/01\/ZBW-10Kva-4000Kva-3-Phase-IGBT-Static-Automatic-Voltage-Stabilizer-For-High-Precision-Machines.webp","width":800,"height":800,"caption":"ZBW 10Kva-4000Kva 3 Phase IGBT Static Automatic Voltage Stabilizer For High-Precision Machines"},{"@type":"BreadcrumbList","@id":"https:\/\/www.tronkiele.com\/product\/3-phase-igbt-static-automatic-voltage-stabilizer\/#breadcrumb","itemListElement":[{"@type":"ListItem","position":1,"name":"Home","item":"https:\/\/www.tronkiele.com\/"},{"@type":"ListItem","position":2,"name":"Products","item":"https:\/\/www.tronkiele.com\/shop\/"},{"@type":"ListItem","position":3,"name":"ZBW 10Kva-4000Kva 3 Phase IGBT Static Automatic Voltage Stabilizer For High-Precision Machines"}]},{"@type":"WebSite","@id":"https:\/\/www.tronkiele.com\/#website","url":"https:\/\/www.tronkiele.com\/","name":"PINE-ZHENGXI","description":"","publisher":{"@id":"https:\/\/www.tronkiele.com\/#organization"},"potentialAction":[{"@type":"SearchAction","target":{"@type":"EntryPoint","urlTemplate":"https:\/\/www.tronkiele.com\/?s={search_term_string}"},"query-input":{"@type":"PropertyValueSpecification","valueRequired":true,"valueName":"search_term_string"}}],"inLanguage":"fr-FR"},{"@type":"Organization","@id":"https:\/\/www.tronkiele.com\/#organization","name":"PINE-ZHENGXI","url":"https:\/\/www.tronkiele.com\/","logo":{"@type":"ImageObject","inLanguage":"fr-FR","@id":"https:\/\/www.tronkiele.com\/#\/schema\/logo\/image\/","url":"https:\/\/www.tronkiele.com\/wp-content\/uploads\/2024\/11\/cropped-tronki.webp","contentUrl":"https:\/\/www.tronkiele.com\/wp-content\/uploads\/2024\/11\/cropped-tronki.webp","width":512,"height":512,"caption":"PINE-ZHENGXI"},"image":{"@id":"https:\/\/www.tronkiele.com\/#\/schema\/logo\/image\/"}}]}},"_links":{"self":[{"href":"https:\/\/www.tronkiele.com\/fr\/wp-json\/wp\/v2\/product\/22423","targetHints":{"allow":["GET"]}}],"collection":[{"href":"https:\/\/www.tronkiele.com\/fr\/wp-json\/wp\/v2\/product"}],"about":[{"href":"https:\/\/www.tronkiele.com\/fr\/wp-json\/wp\/v2\/types\/product"}],"version-history":[{"count":2,"href":"https:\/\/www.tronkiele.com\/fr\/wp-json\/wp\/v2\/product\/22423\/revisions"}],"predecessor-version":[{"id":22434,"href":"https:\/\/www.tronkiele.com\/fr\/wp-json\/wp\/v2\/product\/22423\/revisions\/22434"}],"wp:featuredmedia":[{"embeddable":true,"href":"https:\/\/www.tronkiele.com\/fr\/wp-json\/wp\/v2\/media\/22424"}],"wp:attachment":[{"href":"https:\/\/www.tronkiele.com\/fr\/wp-json\/wp\/v2\/media?parent=22423"}],"wp:term":[{"taxonomy":"product_brand","embeddable":true,"href":"https:\/\/www.tronkiele.com\/fr\/wp-json\/wp\/v2\/product_brand?post=22423"},{"taxonomy":"product_cat","embeddable":true,"href":"https:\/\/www.tronkiele.com\/fr\/wp-json\/wp\/v2\/product_cat?post=22423"},{"taxonomy":"product_tag","embeddable":true,"href":"https:\/\/www.tronkiele.com\/fr\/wp-json\/wp\/v2\/product_tag?post=22423"}],"curies":[{"name":"wp","href":"https:\/\/api.w.org\/{rel}","templated":true}]}}