{"id":22435,"date":"2026-01-07T08:29:06","date_gmt":"2026-01-07T08:29:06","guid":{"rendered":"https:\/\/www.tronkiele.com\/?post_type=product&#038;p=22435"},"modified":"2026-01-27T05:23:10","modified_gmt":"2026-01-27T05:23:10","slug":"three-phase-automatic-non-contact-static-voltage-stabilizer","status":"publish","type":"product","link":"https:\/\/www.tronkiele.com\/fr\/product\/three-phase-automatic-non-contact-static-voltage-stabilizer\/","title":{"rendered":"Stabilisateur de tension statique sans contact triphas\u00e9 de 1000kVA \u00e0 haute puissance, enti\u00e8rement automatique et intelligent, avec \u00e9cran LCD"},"content":{"rendered":"<h2>Qu'est-ce qu'un stabilisateur de tension statique sans contact ?<\/h2>\n<p><strong>Un stabilisateur de tension statique sans contact<\/strong><br \/>\nUn stabilisateur de tension qui n'a pas de contact physique entre les parties mobiles et les parties statiques est utilis\u00e9 :<\/p>\n<ul>\n<li>Au lieu d'utiliser des moteurs et des points de contact mobiles, le stabilisateur de tension s'appuie sur les \u00e9l\u00e9ments suivants<\/li>\n<li>Commutation \u00e9lectronique \u00e0 grande vitesse<\/li>\n<li>Microprocesseurs et dispositifs logiques programmables (PLD)<\/li>\n<\/ul>\n<p>Cette approche de la conception a \u00e9t\u00e9 largement adopt\u00e9e ces derni\u00e8res ann\u00e9es dans le domaine de l'\u00e9lectronique de puissance et correspond aux lignes directrices de l'IEEE pour la recherche de tension en termes de r\u00e9ponse rapide et de minimisation des points de d\u00e9faillance m\u00e9canique pour la r\u00e9gulation de la tension dans les environnements industriels.<\/p>\n<h2>Points forts du stabilisateur statique ZBW 1000kVA<\/h2>\n<p>1. R\u00e9ponse ultra-rapide \u00e0 la tension \u226410ms<\/p>\n<p>Un \u00e9cart de tension est g\u00e9n\u00e9ralement d\u00e9tect\u00e9 par le stabilisateur, qui effectue la compensation en moins de 10 millisecondes et prot\u00e8ge les \u00e9quipements sensibles contre les baisses de tension ou les surtensions nuisibles.<\/p>\n<p>Cette vitesse de r\u00e9ponse est particuli\u00e8rement utile pour :<\/p>\n<p>Centres d'usinage CNC<br \/>\n\u00c9quipement d'essai de pr\u00e9cision<br \/>\nSyst\u00e8mes m\u00e9dicaux et de laboratoire<\/p>\n<p>2. Une pr\u00e9cision de r\u00e9gulation exceptionnelle<\/p>\n<p>Pr\u00e9cision standard : \u00b12,5%<br \/>\nPlage optionnelle : \u00b11% \u00e0 \u00b1 5%, configurable en fonction de la caract\u00e9ristique de charge<\/p>\n<p>Cette flexibilit\u00e9 permet \u00e0 l'utilisateur d'\u00e9quilibrer la pr\u00e9cision avec la tol\u00e9rance du syst\u00e8me et le co\u00fbt sans sur-ing\u00e9nierie.<\/p>\n<p>3. Rendement \u00e9lev\u00e9 pour les grandes charges<\/p>\n<p>Efficacit\u00e9 : \u226598% Perte interne minimale, m\u00eame \u00e0 pleine charge Frais d'exploitation r\u00e9duits pour les applications constantes 24\/7 Sa grande capacit\u00e9 de 1000kVA signifie que m\u00eame de petites am\u00e9liorations de l'efficacit\u00e9 se traduisent par des \u00e9conomies d'\u00e9nergie significatives \u00e0 long terme.<\/p>\n<h2>Sp\u00e9cifications techniques<\/h2>\n<table>\n<tbody>\n<tr>\n<td colspan=\"2\" width=\"33.8200%\">Mod\u00e8le<\/td>\n<td width=\"66.1600%\">ZBW-S-10KVA-2000KVA<\/td>\n<\/tr>\n<tr>\n<td colspan=\"2\" width=\"33.8200%\">Phase<\/td>\n<td width=\"66.1600%\">Triphas\u00e9<\/td>\n<\/tr>\n<tr>\n<td colspan=\"2\" width=\"33.8200%\">Tension d'entr\u00e9e<\/td>\n<td width=\"66.1600%\">AC 304-456V ou personnalis\u00e9<\/td>\n<\/tr>\n<tr>\n<td colspan=\"2\" width=\"33.8200%\">Tension de sortie<\/td>\n<td width=\"66.1600%\">AC 380 V ou personnalis\u00e9<\/td>\n<\/tr>\n<tr>\n<td colspan=\"2\" width=\"33.8200%\">Fr\u00e9quence<\/td>\n<td width=\"66.1600%\">50Hz\/60Hz<\/td>\n<\/tr>\n<tr>\n<td colspan=\"2\" width=\"33.8200%\">Pr\u00e9cision<\/td>\n<td width=\"66.1600%\">\u00b13%<\/td>\n<\/tr>\n<tr>\n<td colspan=\"2\" width=\"33.8200%\">Efficacit\u00e9<\/td>\n<td width=\"66.1600%\">&gt;95%<\/td>\n<\/tr>\n<tr>\n<td colspan=\"2\" width=\"33.8200%\">Type de contr\u00f4le<\/td>\n<td width=\"66.1600%\">IGBT<\/td>\n<\/tr>\n<tr>\n<td colspan=\"2\" width=\"33.8200%\">Affichage num\u00e9rique<\/td>\n<td width=\"66.1600%\">Affichage de la tension d'entr\u00e9e et de sortie, du rapport de charge et de l'indicateur de d\u00e9faut<\/td>\n<\/tr>\n<tr>\n<td colspan=\"2\" width=\"33.8200%\">Protection de l'environnement<\/td>\n<td width=\"66.1600%\">Surtension, surcharge, court-circuit, surchauffe<\/td>\n<\/tr>\n<tr>\n<td colspan=\"2\" width=\"33.8200%\">Temp\u00e9rature ambiante<\/td>\n<td width=\"66.1600%\">-10\u2103~+ 40\u2103<\/td>\n<\/tr>\n<tr>\n<td colspan=\"2\" width=\"33.8200%\">Humidit\u00e9 relative<\/td>\n<td width=\"66.1600%\">&lt;95%<\/td>\n<\/tr>\n<tr>\n<td colspan=\"2\" width=\"33.8200%\">Distorsion de la forme d'onde<\/td>\n<td width=\"66.1600%\">Pas de distorsion suppl\u00e9mentaire de la forme d'onde<\/td>\n<\/tr>\n<tr>\n<td colspan=\"2\" width=\"33.8200%\">R\u00e9sistance d'isolation<\/td>\n<td width=\"66.1600%\">Normalement plus de 2M\u03a9<\/td>\n<\/tr>\n<tr>\n<td rowspan=\"5\" width=\"12.9800%\">Protection de l'environnement<\/td>\n<td width=\"20.8200%\">Surtension<\/td>\n<td width=\"66.1600%\">Tension de sortie \u2265 425V \u00b1 4V<\/td>\n<\/tr>\n<tr>\n<td width=\"20.8200%\">Basse tension<\/td>\n<td width=\"66.1600%\">Tension de sortie \u2264 360V \u00b1 4V<\/td>\n<\/tr>\n<tr>\n<td width=\"20.8200%\">Surchauffe<\/td>\n<td width=\"66.1600%\">95\u2103\u00b110\u2103<\/td>\n<\/tr>\n<tr>\n<td width=\"20.8200%\">Protection contre les retards<\/td>\n<td width=\"66.1600%\">Personnalisable<\/td>\n<\/tr>\n<tr>\n<td width=\"20.8200%\">Sous-tension<\/td>\n<td width=\"66.1600%\">D\u00e9sactiv\u00e9 par d\u00e9faut, personnalisable si n\u00e9cessaire<\/td>\n<\/tr>\n<tr>\n<td colspan=\"3\" width=\"100.0000%\">La taille et le poids varient en fonction de la plage de tension, et sont sujets \u00e0 la personnalisation r\u00e9elle de product.<\/td>\n<\/tr>\n<\/tbody>\n<\/table>\n<h2>Interface utilisateur et surveillance LCD intelligente<\/h2>\n<p>L'\u00e9cran int\u00e9gr\u00e9 permet de visualiser l'\u00e9tat du syst\u00e8me en temps r\u00e9el.<\/p>\n<p><strong>Ces param\u00e8tres sont les suivants<\/strong><\/p>\n<p>Tension triphas\u00e9e : (A, B, C) - Valeurs TRMS<br \/>\nCourant triphas\u00e9 (A, B, C - valeurs TRMS)<br \/>\nL'\u00e9tat de fonctionnement du r\u00e9gulateur ou du by-pass permet au r\u00e9cepteur de<br \/>\nLes fonctions des dispositifs de protection comprennent l'indication des d\u00e9fauts de surtension, de soustension et de surcharge.<\/p>\n<p>Tous les param\u00e8tres sont affich\u00e9s sous forme de valeurs num\u00e9riques, ce qui \u00e9limine les impr\u00e9cisions inh\u00e9rentes \u00e0 un syst\u00e8me de mesure de type pointeur\u3002.<\/p>\n<h2>\u00c9quilibre automatique de la tension triphas\u00e9e<\/h2>\n<p>Contrairement aux syst\u00e8mes conventionnels qui contr\u00f4lent les phases s\u00e9par\u00e9ment, le stabilisateur de tension con\u00e7u assure \u00e9galement l'\u00e9quilibrage de la tension triphas\u00e9e de mani\u00e8re automatique, ce qui permet de r\u00e9duire la consommation d'\u00e9nergie :<\/p>\n<p>D\u00e9s\u00e9quilibre de phase<br \/>\nSurchauffe du moteur<br \/>\nPertes du transformateur<br \/>\nUsure irr\u00e9guli\u00e8re de l'\u00e9quipement<\/p>\n<p>Cette caract\u00e9ristique trouve son importance dans les moteurs de plus grande taille, les lignes d'automatisation et les syst\u00e8mes industriels connect\u00e9s au r\u00e9seau.<\/p>\n<h2>Sc\u00e9narios d'application<\/h2>\n<p>Le stabilisateur de tension statique sans contact 1000kVA est largement utilis\u00e9 dans :<\/p>\n<ul>\n<li>Centres d'usinage CNC - Maintien d'une tension constante pour couper les mat\u00e9riaux avec pr\u00e9cision et prot\u00e9ger les outils d'usinage.<\/li>\n<li>\u00c9quipement m\u00e9dical - Offre une source d'\u00e9nergie propre aux appareils d'imagerie m\u00e9dicale<\/li>\n<li>Machines d'imprimerie - Pr\u00e9vient les arr\u00eats de production dus \u00e0 la FLUCTU DE TENSION<\/li>\n<li>\u00c9quipement d'essai environnemental - Garantit la pr\u00e9cision de l'essai malgr\u00e9 les conditions changeantes du r\u00e9seau<\/li>\n<\/ul>\n<h2>S\u00e9rie ZBW Static vs Servo Stabilisateurs traditionnels SBW<\/h2>\n<div class=\"TyagGW_tableContainer\">\n<div class=\"group TyagGW_tableWrapper flex w-fit flex-col-reverse\" tabindex=\"-1\">\n<table class=\"w-fit min-w-(--thread-content-width)\" data-start=\"5719\" data-end=\"6303\">\n<thead data-start=\"5719\" data-end=\"5777\">\n<tr data-start=\"5719\" data-end=\"5777\">\n<th data-start=\"5719\" data-end=\"5729\" data-col-size=\"sm\">Fonctionnalit\u00e9<\/th>\n<th data-start=\"5729\" data-end=\"5746\" data-col-size=\"sm\">SBW Servo Type<\/th>\n<th data-start=\"5746\" data-end=\"5777\" data-col-size=\"sm\">ZBW Type statique sans contact<\/th>\n<\/tr>\n<\/thead>\n<tbody data-start=\"5833\" data-end=\"6303\">\n<tr data-start=\"5833\" data-end=\"5903\">\n<td data-start=\"5833\" data-end=\"5856\" data-col-size=\"sm\">Principe de r\u00e9gulation<\/td>\n<td data-col-size=\"sm\" data-start=\"5856\" data-end=\"5879\">Balai de carbone + moteur<\/td>\n<td data-col-size=\"sm\" data-start=\"5879\" data-end=\"5903\">Microprocesseur + PLD<\/td>\n<\/tr>\n<tr data-start=\"5904\" data-end=\"5937\">\n<td data-start=\"5904\" data-end=\"5923\" data-col-size=\"sm\">Pi\u00e8ces m\u00e9caniques<\/td>\n<td data-col-size=\"sm\" data-start=\"5923\" data-end=\"5929\">Oui<\/td>\n<td data-col-size=\"sm\" data-start=\"5929\" data-end=\"5937\">Aucun<\/td>\n<\/tr>\n<tr data-start=\"5938\" data-end=\"5972\">\n<td data-start=\"5938\" data-end=\"5954\" data-col-size=\"sm\">Temps de r\u00e9ponse<\/td>\n<td data-col-size=\"sm\" data-start=\"5954\" data-end=\"5963\">~200ms<\/td>\n<td data-col-size=\"sm\" data-start=\"5963\" data-end=\"5972\">&lt;10ms<\/td>\n<\/tr>\n<tr data-start=\"5973\" data-end=\"6043\">\n<td data-start=\"5973\" data-end=\"6000\" data-col-size=\"sm\">R\u00e9glage de la tension Vitesse<\/td>\n<td data-col-size=\"sm\" data-start=\"6000\" data-end=\"6016\">Lent (\u224820V\/s)<\/td>\n<td data-col-size=\"sm\" data-start=\"6016\" data-end=\"6043\">Correction instantan\u00e9e des sauts<\/td>\n<\/tr>\n<tr data-start=\"6044\" data-end=\"6095\">\n<td data-start=\"6044\" data-end=\"6066\" data-col-size=\"sm\">\u00c9quilibre triphas\u00e9<\/td>\n<td data-col-size=\"sm\" data-start=\"6066\" data-end=\"6082\">Non pris en charge<\/td>\n<td data-col-size=\"sm\" data-start=\"6082\" data-end=\"6095\">Automatique<\/td>\n<\/tr>\n<tr data-start=\"6096\" data-end=\"6130\">\n<td data-start=\"6096\" data-end=\"6118\" data-col-size=\"sm\">R\u00e9sistance harmonique<\/td>\n<td data-col-size=\"sm\" data-start=\"6118\" data-end=\"6123\">Non<\/td>\n<td data-col-size=\"sm\" data-start=\"6123\" data-end=\"6130\">Oui<\/td>\n<\/tr>\n<tr data-start=\"6131\" data-end=\"6175\">\n<td data-start=\"6131\" data-end=\"6145\" data-col-size=\"sm\">Maintenance<\/td>\n<td data-col-size=\"sm\" data-start=\"6145\" data-end=\"6155\">R\u00e9guli\u00e8re<\/td>\n<td data-col-size=\"sm\" data-start=\"6155\" data-end=\"6175\">Sans entretien<\/td>\n<\/tr>\n<tr data-start=\"6176\" data-end=\"6237\">\n<td data-start=\"6176\" data-end=\"6190\" data-col-size=\"sm\">Mode de d\u00e9rivation<\/td>\n<td data-start=\"6190\" data-end=\"6199\" data-col-size=\"sm\">Manuel<\/td>\n<td data-start=\"6199\" data-end=\"6237\" data-col-size=\"sm\">Manuel \/ Automatique (sans interruption)<\/td>\n<\/tr>\n<tr data-start=\"6238\" data-end=\"6303\">\n<td data-start=\"6238\" data-end=\"6258\" data-col-size=\"sm\">Affichage des param\u00e8tres<\/td>\n<td data-start=\"6258\" data-end=\"6275\" data-col-size=\"sm\">Compteurs de pointeurs<\/td>\n<td data-start=\"6275\" data-end=\"6303\" data-col-size=\"sm\">Affichage num\u00e9rique LCD TRMS<\/td>\n<\/tr>\n<\/tbody>\n<\/table>\n<\/div>\n<\/div>\n<p data-start=\"6305\" data-end=\"6433\">Pour les syst\u00e8mes industriels modernes, <strong data-start=\"6336\" data-end=\"6396\">Le r\u00e8glement statique repr\u00e9sente clairement la prochaine g\u00e9n\u00e9ration<\/strong> de la technologie de stabilisation de la tension.<\/p>\n<h2>FAQ<\/h2>\n<h3>Q1 : Puis-je utiliser ce stabilisateur dans des zones riches en harmoniques ?<\/h3>\n<p>Oui, son syst\u00e8me d'acquisition de tension et de courant dispose de fonctions anti-harmoniques qui permettent une r\u00e9gulation et une mesure pr\u00e9cises malgr\u00e9 des niveaux d'harmoniques \u00e9lev\u00e9s.<\/p>\n<h3>Q2 : Le passage \u00e0 la d\u00e9rivation interrompt-il l'alimentation ?<\/h3>\n<p>Les deux modes de d\u00e9rivation sont ininterrompus, ce qui signifie que la charge critique est toujours aliment\u00e9e de mani\u00e8re constante.<\/p>\n<h3>Q3 : Le stabilisateur n\u00e9cessite-t-il un entretien p\u00e9riodique ?<\/h3>\n<p>Il ne n\u00e9cessite aucun entretien car il n'y a pas de balais de carbone, pas de contacts et pas de transmission m\u00e9canique.<\/p>","protected":false},"excerpt":{"rendered":"<p>1000kVA triphas\u00e9 intelligent enti\u00e8rement automatique sans contact<strong> Stabilisateur de tension statique<\/strong> de ZHENGXI est con\u00e7u pour contrer ces probl\u00e8mes dans les environnements \u00e0 forte charge, de haute pr\u00e9cision et fluctuants.<br \/>\nCe stabilisateur utilise un contr\u00f4le avanc\u00e9 par microprocesseur pour la compensation statique et offre une action rapide, une efficacit\u00e9 tr\u00e8s \u00e9lev\u00e9e et une r\u00e9gulation sans contact. Ce product garantit une alimentation stable gr\u00e2ce \u00e0 ses performances efficaces.<\/p>","protected":false},"featured_media":22437,"template":"","meta":[],"product_brand":[],"product_cat":[103,107,109],"product_tag":[],"class_list":{"0":"post-22435","1":"product","2":"type-product","3":"status-publish","4":"has-post-thumbnail","6":"product_cat-ac-voltage-stabilizer","7":"product_cat-static-voltage-stabilizer","8":"product_cat-three-phase-stabilizer","10":"first","11":"instock","12":"taxable","13":"shipping-taxable","14":"product-type-simple"},"yoast_head":"<!-- This site is optimized with the Yoast SEO plugin v25.0 - https:\/\/yoast.com\/wordpress\/plugins\/seo\/ -->\n<title>Three-Phase Automatic Non-Contact Static Voltage Stabilizer - PINE-ZHENGXI<\/title>\n<meta name=\"robots\" content=\"index, follow, max-snippet:-1, max-image-preview:large, max-video-preview:-1\" \/>\n<link rel=\"canonical\" href=\"https:\/\/www.tronkiele.com\/fr\/product\/three-phase-automatic-non-contact-static-voltage-stabilizer\/\" \/>\n<meta property=\"og:locale\" content=\"fr_FR\" \/>\n<meta property=\"og:type\" content=\"article\" \/>\n<meta property=\"og:title\" content=\"Three-Phase Automatic Non-Contact Static Voltage Stabilizer - PINE-ZHENGXI\" \/>\n<meta property=\"og:description\" content=\"1000kVA Three Phase Intelligent Fully Automatic Non-Contact Static Voltage Stabilizer by ZHENGXI is designed to counteract such problems in high-load, high-precision, and fluctuating environments. This stabilizer utilizes advanced microprocessor control for static compensation and offers rapid action, super high efficiency, and non-contact regulation. This product will ensure stable power with its efficient performance.\" \/>\n<meta property=\"og:url\" content=\"https:\/\/www.tronkiele.com\/fr\/product\/three-phase-automatic-non-contact-static-voltage-stabilizer\/\" \/>\n<meta property=\"og:site_name\" content=\"PINE-ZHENGXI\" \/>\n<meta property=\"article:modified_time\" content=\"2026-01-27T05:23:10+00:00\" \/>\n<meta property=\"og:image\" content=\"https:\/\/www.tronkiele.com\/wp-content\/uploads\/2026\/01\/1000kVA-Three-Phase-High-Power-Intelligent-Fully-Automatic-Non-Contact-Static-Voltage-Stabilizer-with-LCD-Display.webp\" \/>\n\t<meta property=\"og:image:width\" content=\"600\" \/>\n\t<meta property=\"og:image:height\" content=\"600\" \/>\n\t<meta property=\"og:image:type\" content=\"image\/webp\" \/>\n<meta name=\"twitter:card\" content=\"summary_large_image\" \/>\n<meta name=\"twitter:label1\" content=\"Dur\u00e9e de lecture estim\u00e9e\" \/>\n\t<meta name=\"twitter:data1\" content=\"4 minutes\" \/>\n<script type=\"application\/ld+json\" class=\"yoast-schema-graph\">{\"@context\":\"https:\/\/schema.org\",\"@graph\":[{\"@type\":\"WebPage\",\"@id\":\"https:\/\/www.tronkiele.com\/product\/three-phase-automatic-non-contact-static-voltage-stabilizer\/\",\"url\":\"https:\/\/www.tronkiele.com\/product\/three-phase-automatic-non-contact-static-voltage-stabilizer\/\",\"name\":\"Three-Phase Automatic Non-Contact Static Voltage Stabilizer - PINE-ZHENGXI\",\"isPartOf\":{\"@id\":\"https:\/\/www.tronkiele.com\/#website\"},\"primaryImageOfPage\":{\"@id\":\"https:\/\/www.tronkiele.com\/product\/three-phase-automatic-non-contact-static-voltage-stabilizer\/#primaryimage\"},\"image\":{\"@id\":\"https:\/\/www.tronkiele.com\/product\/three-phase-automatic-non-contact-static-voltage-stabilizer\/#primaryimage\"},\"thumbnailUrl\":\"https:\/\/www.tronkiele.com\/wp-content\/uploads\/2026\/01\/1000kVA-Three-Phase-High-Power-Intelligent-Fully-Automatic-Non-Contact-Static-Voltage-Stabilizer-with-LCD-Display.webp\",\"datePublished\":\"2026-01-07T08:29:06+00:00\",\"dateModified\":\"2026-01-27T05:23:10+00:00\",\"breadcrumb\":{\"@id\":\"https:\/\/www.tronkiele.com\/product\/three-phase-automatic-non-contact-static-voltage-stabilizer\/#breadcrumb\"},\"inLanguage\":\"fr-FR\",\"potentialAction\":[{\"@type\":\"ReadAction\",\"target\":[\"https:\/\/www.tronkiele.com\/product\/three-phase-automatic-non-contact-static-voltage-stabilizer\/\"]}]},{\"@type\":\"ImageObject\",\"inLanguage\":\"fr-FR\",\"@id\":\"https:\/\/www.tronkiele.com\/product\/three-phase-automatic-non-contact-static-voltage-stabilizer\/#primaryimage\",\"url\":\"https:\/\/www.tronkiele.com\/wp-content\/uploads\/2026\/01\/1000kVA-Three-Phase-High-Power-Intelligent-Fully-Automatic-Non-Contact-Static-Voltage-Stabilizer-with-LCD-Display.webp\",\"contentUrl\":\"https:\/\/www.tronkiele.com\/wp-content\/uploads\/2026\/01\/1000kVA-Three-Phase-High-Power-Intelligent-Fully-Automatic-Non-Contact-Static-Voltage-Stabilizer-with-LCD-Display.webp\",\"width\":600,\"height\":600,\"caption\":\"1000kVA Three-Phase High-Power Intelligent Fully Automatic Non-Contact Static Voltage Stabilizer with LCD Display\"},{\"@type\":\"BreadcrumbList\",\"@id\":\"https:\/\/www.tronkiele.com\/product\/three-phase-automatic-non-contact-static-voltage-stabilizer\/#breadcrumb\",\"itemListElement\":[{\"@type\":\"ListItem\",\"position\":1,\"name\":\"Home\",\"item\":\"https:\/\/www.tronkiele.com\/\"},{\"@type\":\"ListItem\",\"position\":2,\"name\":\"Products\",\"item\":\"https:\/\/www.tronkiele.com\/shop\/\"},{\"@type\":\"ListItem\",\"position\":3,\"name\":\"1000kVA Three-Phase High-Power Intelligent Fully Automatic Non-Contact Static Voltage Stabilizer with LCD Display\"}]},{\"@type\":\"WebSite\",\"@id\":\"https:\/\/www.tronkiele.com\/#website\",\"url\":\"https:\/\/www.tronkiele.com\/\",\"name\":\"PINE-ZHENGXI\",\"description\":\"\",\"publisher\":{\"@id\":\"https:\/\/www.tronkiele.com\/#organization\"},\"potentialAction\":[{\"@type\":\"SearchAction\",\"target\":{\"@type\":\"EntryPoint\",\"urlTemplate\":\"https:\/\/www.tronkiele.com\/?s={search_term_string}\"},\"query-input\":{\"@type\":\"PropertyValueSpecification\",\"valueRequired\":true,\"valueName\":\"search_term_string\"}}],\"inLanguage\":\"fr-FR\"},{\"@type\":\"Organization\",\"@id\":\"https:\/\/www.tronkiele.com\/#organization\",\"name\":\"PINE-ZHENGXI\",\"url\":\"https:\/\/www.tronkiele.com\/\",\"logo\":{\"@type\":\"ImageObject\",\"inLanguage\":\"fr-FR\",\"@id\":\"https:\/\/www.tronkiele.com\/#\/schema\/logo\/image\/\",\"url\":\"https:\/\/www.tronkiele.com\/wp-content\/uploads\/2024\/11\/cropped-tronki.webp\",\"contentUrl\":\"https:\/\/www.tronkiele.com\/wp-content\/uploads\/2024\/11\/cropped-tronki.webp\",\"width\":512,\"height\":512,\"caption\":\"PINE-ZHENGXI\"},\"image\":{\"@id\":\"https:\/\/www.tronkiele.com\/#\/schema\/logo\/image\/\"}}]}<\/script>\n<!-- \/ Yoast SEO plugin. -->","yoast_head_json":{"title":"Stabilisateur de tension statique triphas\u00e9 automatique sans contact - PINE-ZHENGXI","robots":{"index":"index","follow":"follow","max-snippet":"max-snippet:-1","max-image-preview":"max-image-preview:large","max-video-preview":"max-video-preview:-1"},"canonical":"https:\/\/www.tronkiele.com\/fr\/product\/three-phase-automatic-non-contact-static-voltage-stabilizer\/","og_locale":"fr_FR","og_type":"article","og_title":"Three-Phase Automatic Non-Contact Static Voltage Stabilizer - PINE-ZHENGXI","og_description":"1000kVA Three Phase Intelligent Fully Automatic Non-Contact Static Voltage Stabilizer by ZHENGXI is designed to counteract such problems in high-load, high-precision, and fluctuating environments. This stabilizer utilizes advanced microprocessor control for static compensation and offers rapid action, super high efficiency, and non-contact regulation. This product will ensure stable power with its efficient performance.","og_url":"https:\/\/www.tronkiele.com\/fr\/product\/three-phase-automatic-non-contact-static-voltage-stabilizer\/","og_site_name":"PINE-ZHENGXI","article_modified_time":"2026-01-27T05:23:10+00:00","og_image":[{"width":600,"height":600,"url":"https:\/\/www.tronkiele.com\/wp-content\/uploads\/2026\/01\/1000kVA-Three-Phase-High-Power-Intelligent-Fully-Automatic-Non-Contact-Static-Voltage-Stabilizer-with-LCD-Display.webp","type":"image\/webp"}],"twitter_card":"summary_large_image","twitter_misc":{"Dur\u00e9e de lecture estim\u00e9e":"4 minutes"},"schema":{"@context":"https:\/\/schema.org","@graph":[{"@type":"WebPage","@id":"https:\/\/www.tronkiele.com\/product\/three-phase-automatic-non-contact-static-voltage-stabilizer\/","url":"https:\/\/www.tronkiele.com\/product\/three-phase-automatic-non-contact-static-voltage-stabilizer\/","name":"Stabilisateur de tension statique triphas\u00e9 automatique sans contact - PINE-ZHENGXI","isPartOf":{"@id":"https:\/\/www.tronkiele.com\/#website"},"primaryImageOfPage":{"@id":"https:\/\/www.tronkiele.com\/product\/three-phase-automatic-non-contact-static-voltage-stabilizer\/#primaryimage"},"image":{"@id":"https:\/\/www.tronkiele.com\/product\/three-phase-automatic-non-contact-static-voltage-stabilizer\/#primaryimage"},"thumbnailUrl":"https:\/\/www.tronkiele.com\/wp-content\/uploads\/2026\/01\/1000kVA-Three-Phase-High-Power-Intelligent-Fully-Automatic-Non-Contact-Static-Voltage-Stabilizer-with-LCD-Display.webp","datePublished":"2026-01-07T08:29:06+00:00","dateModified":"2026-01-27T05:23:10+00:00","breadcrumb":{"@id":"https:\/\/www.tronkiele.com\/product\/three-phase-automatic-non-contact-static-voltage-stabilizer\/#breadcrumb"},"inLanguage":"fr-FR","potentialAction":[{"@type":"ReadAction","target":["https:\/\/www.tronkiele.com\/product\/three-phase-automatic-non-contact-static-voltage-stabilizer\/"]}]},{"@type":"ImageObject","inLanguage":"fr-FR","@id":"https:\/\/www.tronkiele.com\/product\/three-phase-automatic-non-contact-static-voltage-stabilizer\/#primaryimage","url":"https:\/\/www.tronkiele.com\/wp-content\/uploads\/2026\/01\/1000kVA-Three-Phase-High-Power-Intelligent-Fully-Automatic-Non-Contact-Static-Voltage-Stabilizer-with-LCD-Display.webp","contentUrl":"https:\/\/www.tronkiele.com\/wp-content\/uploads\/2026\/01\/1000kVA-Three-Phase-High-Power-Intelligent-Fully-Automatic-Non-Contact-Static-Voltage-Stabilizer-with-LCD-Display.webp","width":600,"height":600,"caption":"1000kVA Three-Phase High-Power Intelligent Fully Automatic Non-Contact Static Voltage Stabilizer with LCD Display"},{"@type":"BreadcrumbList","@id":"https:\/\/www.tronkiele.com\/product\/three-phase-automatic-non-contact-static-voltage-stabilizer\/#breadcrumb","itemListElement":[{"@type":"ListItem","position":1,"name":"Home","item":"https:\/\/www.tronkiele.com\/"},{"@type":"ListItem","position":2,"name":"Products","item":"https:\/\/www.tronkiele.com\/shop\/"},{"@type":"ListItem","position":3,"name":"1000kVA Three-Phase High-Power Intelligent Fully Automatic Non-Contact Static Voltage Stabilizer with LCD Display"}]},{"@type":"WebSite","@id":"https:\/\/www.tronkiele.com\/#website","url":"https:\/\/www.tronkiele.com\/","name":"PINE-ZHENGXI","description":"","publisher":{"@id":"https:\/\/www.tronkiele.com\/#organization"},"potentialAction":[{"@type":"SearchAction","target":{"@type":"EntryPoint","urlTemplate":"https:\/\/www.tronkiele.com\/?s={search_term_string}"},"query-input":{"@type":"PropertyValueSpecification","valueRequired":true,"valueName":"search_term_string"}}],"inLanguage":"fr-FR"},{"@type":"Organization","@id":"https:\/\/www.tronkiele.com\/#organization","name":"PINE-ZHENGXI","url":"https:\/\/www.tronkiele.com\/","logo":{"@type":"ImageObject","inLanguage":"fr-FR","@id":"https:\/\/www.tronkiele.com\/#\/schema\/logo\/image\/","url":"https:\/\/www.tronkiele.com\/wp-content\/uploads\/2024\/11\/cropped-tronki.webp","contentUrl":"https:\/\/www.tronkiele.com\/wp-content\/uploads\/2024\/11\/cropped-tronki.webp","width":512,"height":512,"caption":"PINE-ZHENGXI"},"image":{"@id":"https:\/\/www.tronkiele.com\/#\/schema\/logo\/image\/"}}]}},"_links":{"self":[{"href":"https:\/\/www.tronkiele.com\/fr\/wp-json\/wp\/v2\/product\/22435","targetHints":{"allow":["GET"]}}],"collection":[{"href":"https:\/\/www.tronkiele.com\/fr\/wp-json\/wp\/v2\/product"}],"about":[{"href":"https:\/\/www.tronkiele.com\/fr\/wp-json\/wp\/v2\/types\/product"}],"version-history":[{"count":1,"href":"https:\/\/www.tronkiele.com\/fr\/wp-json\/wp\/v2\/product\/22435\/revisions"}],"predecessor-version":[{"id":22442,"href":"https:\/\/www.tronkiele.com\/fr\/wp-json\/wp\/v2\/product\/22435\/revisions\/22442"}],"wp:featuredmedia":[{"embeddable":true,"href":"https:\/\/www.tronkiele.com\/fr\/wp-json\/wp\/v2\/media\/22437"}],"wp:attachment":[{"href":"https:\/\/www.tronkiele.com\/fr\/wp-json\/wp\/v2\/media?parent=22435"}],"wp:term":[{"taxonomy":"product_brand","embeddable":true,"href":"https:\/\/www.tronkiele.com\/fr\/wp-json\/wp\/v2\/product_brand?post=22435"},{"taxonomy":"product_cat","embeddable":true,"href":"https:\/\/www.tronkiele.com\/fr\/wp-json\/wp\/v2\/product_cat?post=22435"},{"taxonomy":"product_tag","embeddable":true,"href":"https:\/\/www.tronkiele.com\/fr\/wp-json\/wp\/v2\/product_tag?post=22435"}],"curies":[{"name":"wp","href":"https:\/\/api.w.org\/{rel}","templated":true}]}}