{"id":23068,"date":"2026-03-26T06:53:09","date_gmt":"2026-03-26T06:53:09","guid":{"rendered":"https:\/\/www.tronkiele.com\/?post_type=product&#038;p=23068"},"modified":"2026-04-10T07:23:58","modified_gmt":"2026-04-10T07:23:58","slug":"1kva-voltage-stabilizer","status":"publish","type":"product","link":"https:\/\/www.tronkiele.com\/fr\/product\/1kva-voltage-stabilizer\/","title":{"rendered":"1Kva 2Kva 3Kva 5Kva Relais mural monophas\u00e9 Stabilisateur de tension pour maison"},"content":{"rendered":"<h2>Principaux avantages<\/h2>\n<ul>\n<li data-section-id=\"1oh7yey\" data-start=\"647\" data-end=\"721\">Large gamme d'entr\u00e9es : Prend en charge 45-260V \/ 80-260V \/ 100-260V \/ 140-260V<\/li>\n<li data-section-id=\"jzx44t\" data-start=\"722\" data-end=\"799\">R\u00e9ponse rapide : La commutation des relais stabilise la tension en quelques millisecondes.<\/li>\n<li data-section-id=\"j7lkbw\" data-start=\"800\" data-end=\"864\">Sortie stable : 220VAC \u00b110%, convient \u00e0 la plupart des appareils \u00e9lectrom\u00e9nagers<\/li>\n<li data-section-id=\"1yc5dou\" data-start=\"865\" data-end=\"919\">Rendement \u00e9lev\u00e9 : &gt;95%, fonctionnement \u00e9conome en \u00e9nergie<\/li>\n<li data-section-id=\"4exc6p\" data-start=\"920\" data-end=\"970\">Conception compacte : Montage mural, peu encombrant<\/li>\n<li data-section-id=\"r1nitg\" data-start=\"971\" data-end=\"1029\">Affichage LED : Surveillance de la tension et de la charge en temps r\u00e9el<\/li>\n<li data-section-id=\"1pyjupn\" data-start=\"1030\" data-end=\"1120\">Protection compl\u00e8te : Surtension, sous-tension, surcharge, surchauffe, d\u00e9marrage diff\u00e9r\u00e9<\/li>\n<\/ul>\n<p><img fetchpriority=\"high\" decoding=\"async\" class=\"alignnone wp-image-23072 size-full\" src=\"https:\/\/www.tronkiele.com\/wp-content\/uploads\/2026\/03\/1kva-wall-mounted-relay-voltage-stabilizer-for-home-use.webp\" alt=\"Stabilisateur de tension \u00e0 relais mural 1kva pour usage domestique\" width=\"1200\" height=\"800\" srcset=\"https:\/\/www.tronkiele.com\/wp-content\/uploads\/2026\/03\/1kva-wall-mounted-relay-voltage-stabilizer-for-home-use.webp 1200w, https:\/\/www.tronkiele.com\/wp-content\/uploads\/2026\/03\/1kva-wall-mounted-relay-voltage-stabilizer-for-home-use-400x267.webp 400w, https:\/\/www.tronkiele.com\/wp-content\/uploads\/2026\/03\/1kva-wall-mounted-relay-voltage-stabilizer-for-home-use-768x512.webp 768w, https:\/\/www.tronkiele.com\/wp-content\/uploads\/2026\/03\/1kva-wall-mounted-relay-voltage-stabilizer-for-home-use-18x12.webp 18w, https:\/\/www.tronkiele.com\/wp-content\/uploads\/2026\/03\/1kva-wall-mounted-relay-voltage-stabilizer-for-home-use-430x287.webp 430w, https:\/\/www.tronkiele.com\/wp-content\/uploads\/2026\/03\/1kva-wall-mounted-relay-voltage-stabilizer-for-home-use-700x467.webp 700w, https:\/\/www.tronkiele.com\/wp-content\/uploads\/2026\/03\/1kva-wall-mounted-relay-voltage-stabilizer-for-home-use-150x100.webp 150w\" sizes=\"(max-width: 1200px) 100vw, 1200px\" \/><\/p>\n<h2><strong><b>Param\u00e8tres techniques<\/b><\/strong><\/h2>\n<table>\n<tbody>\n<tr>\n<td colspan=\"2\" width=\"161\">Mod\u00e8le<\/td>\n<td colspan=\"6\" width=\"416\">TKB-500VA~10000VA<\/td>\n<\/tr>\n<tr>\n<td colspan=\"2\" width=\"161\">Phase<\/td>\n<td colspan=\"6\" width=\"416\">Monophas\u00e9<\/td>\n<\/tr>\n<tr>\n<td colspan=\"2\" width=\"161\">Tension d'entr\u00e9e<\/td>\n<td colspan=\"6\" width=\"416\">AC 45-260V, 80-260V, 100-260V, 140-260V (ou personnalis\u00e9)<\/td>\n<\/tr>\n<tr>\n<td colspan=\"2\" width=\"161\">Tension de sortie<\/td>\n<td colspan=\"6\" width=\"416\">AC 220V ou personnalis\u00e9<\/td>\n<\/tr>\n<tr>\n<td colspan=\"2\" width=\"161\">Fr\u00e9quence<\/td>\n<td colspan=\"6\" width=\"416\">50Hz\/60Hz<\/td>\n<\/tr>\n<tr>\n<td colspan=\"2\" width=\"161\">Pr\u00e9cision<\/td>\n<td colspan=\"6\" width=\"416\">\u00b110% ou sur mesure<\/td>\n<\/tr>\n<tr>\n<td colspan=\"2\" width=\"161\">Efficacit\u00e9<\/td>\n<td colspan=\"6\" width=\"416\">&gt;95%<\/td>\n<\/tr>\n<tr>\n<td colspan=\"2\" width=\"161\">Type de contr\u00f4le<\/td>\n<td colspan=\"6\" width=\"416\">Type de relais<\/td>\n<\/tr>\n<tr>\n<td colspan=\"2\" width=\"161\">Affichage num\u00e9rique<\/td>\n<td colspan=\"6\" width=\"416\">Affichage de la tension d'entr\u00e9e et de sortie, du rapport de charge et de l'indicateur de d\u00e9faut<\/td>\n<\/tr>\n<tr>\n<td colspan=\"2\" width=\"161\">Protection de l'environnement<\/td>\n<td colspan=\"6\" width=\"416\">Surchauffe, surtension, sous-tension, surcharge, temporisation<\/td>\n<\/tr>\n<tr>\n<td colspan=\"2\" width=\"161\">Temp\u00e9rature ambiante<\/td>\n<td colspan=\"6\" width=\"416\">-10\u00b0C~+ 40\u00b0C<\/td>\n<\/tr>\n<tr>\n<td colspan=\"2\" width=\"161\">Humidit\u00e9 relative<\/td>\n<td colspan=\"6\" width=\"416\">&lt;95%<\/td>\n<\/tr>\n<tr>\n<td colspan=\"2\" width=\"161\">Distorsion de la forme d'onde<\/td>\n<td colspan=\"6\" width=\"416\">Pas de distorsion suppl\u00e9mentaire de la forme d'onde<\/td>\n<\/tr>\n<tr>\n<td colspan=\"2\" width=\"161\">R\u00e9sistance d'isolation<\/td>\n<td colspan=\"6\" width=\"416\">Normalement plus de 2M\u03a9<\/td>\n<\/tr>\n<tr>\n<td colspan=\"2\" width=\"161\">Classe d'isolation<\/td>\n<td colspan=\"6\" width=\"416\">Classe B<\/td>\n<\/tr>\n<tr>\n<td rowspan=\"5\" width=\"62\">&nbsp;<\/p>\n<p>&nbsp;<\/p>\n<p>&nbsp;<\/p>\n<p>Protection de l'environnement<\/td>\n<td width=\"99\">Surtension<\/td>\n<td colspan=\"6\" width=\"416\">Tension de sortie \u2265 245V \u00b1 4V<\/td>\n<\/tr>\n<tr>\n<td width=\"99\">Basse tension<\/td>\n<td colspan=\"6\" width=\"416\">Tension de sortie \u2264 180V \u00b1 4V<\/td>\n<\/tr>\n<tr>\n<td width=\"99\">Surchauffe<\/td>\n<td colspan=\"6\" width=\"416\">95\u2103\u00b110\u2103<\/td>\n<\/tr>\n<tr>\n<td width=\"99\">Temps de retard<\/td>\n<td colspan=\"6\" width=\"416\">Longue dur\u00e9e (180 secondes) \/ courte dur\u00e9e (6 secondes)<\/td>\n<\/tr>\n<tr>\n<td width=\"99\">Sous-tension<\/td>\n<td colspan=\"6\" width=\"416\">D\u00e9sactiv\u00e9 par d\u00e9faut, personnalisable si n\u00e9cessaire<\/td>\n<\/tr>\n<tr>\n<td colspan=\"2\" width=\"161\">Puissance<\/td>\n<td width=\"69\">1000VA<\/td>\n<td width=\"69\">2000VA<\/td>\n<td width=\"69\">3000VA<\/td>\n<td width=\"69\">5000VA<\/td>\n<td width=\"69\">8000VA<\/td>\n<td width=\"69\">10000VA<\/td>\n<\/tr>\n<tr>\n<td colspan=\"2\" width=\"161\">Taille (mm) L*L*H<\/td>\n<td width=\"69\">305*200*85<\/td>\n<td width=\"69\">305*200*85<\/td>\n<td width=\"69\">370*250*105<\/td>\n<td width=\"69\">370*250*105<\/td>\n<td width=\"69\">335*120*440<\/td>\n<td width=\"69\">335*120*440<\/td>\n<\/tr>\n<tr>\n<td colspan=\"2\" width=\"161\">Poids net (kg)<\/td>\n<td width=\"69\">3.9<\/td>\n<td width=\"69\">4.34<\/td>\n<td width=\"69\">6.34<\/td>\n<td width=\"69\">8.3<\/td>\n<td width=\"69\">8.92<\/td>\n<td width=\"69\">16.35<\/td>\n<\/tr>\n<tr>\n<td colspan=\"8\" width=\"578\">La taille et le poids varient en fonction de la plage de tension et sont sujets au produit r\u00e9el personnalis\u00e9.<\/td>\n<\/tr>\n<\/tbody>\n<\/table>\n<h2 data-section-id=\"ce0tqk\" data-start=\"1557\" data-end=\"1574\" data-imt-p=\"1\">Applications<\/h2>\n<p data-start=\"1576\" data-end=\"1591\" data-imt-p=\"1\">Convient pour :<\/p>\n<ul data-start=\"1592\" data-end=\"1701\">\n<li data-section-id=\"mojtcl\" data-start=\"1592\" data-end=\"1632\">TV, r\u00e9frig\u00e9rateurs, climatiseurs<\/li>\n<li data-section-id=\"109xdqp\" data-start=\"1633\" data-end=\"1665\">Ordinateurs, imprimantes, routeurs<\/li>\n<li data-section-id=\"1f01eu1\" data-start=\"1666\" data-end=\"1701\">Magasins, bureaux, petits \u00e9quipements<\/li>\n<\/ul>\n<p data-start=\"1703\" data-end=\"1793\" data-imt-p=\"1\">Il garantit un fonctionnement stable et aide \u00e0 pr\u00e9venir la surchauffe, les dysfonctionnements et les pannes pr\u00e9coces.<\/p>\n<h2 data-section-id=\"14er4d7\" data-start=\"1900\" data-end=\"1930\" data-imt-p=\"1\">Relais contre stabilisateur de servo<\/h2>\n<ul data-start=\"1932\" data-end=\"2073\">\n<li data-section-id=\"1ug4qlg\" data-start=\"1932\" data-end=\"2005\"><strong data-start=\"1934\" data-end=\"1949\"><span style=\"color: #0000ff;\"><a style=\"color: #0000ff;\" href=\"\/fr\/categorie-produit\/ac-voltage-stabilizer\/relay-type-avr\/\">Type de relais AVR<\/a><\/span>:<\/strong> Rapide, abordable, peu d'entretien (id\u00e9al pour un usage domestique)<\/li>\n<li data-section-id=\"pbak85\" data-start=\"2006\" data-end=\"2073\"><strong data-start=\"2008\" data-end=\"2023\"><a href=\"\/fr\/categorie-produit\/ac-voltage-stabilizer\/servo-voltage-stabilizer\/\"><span style=\"color: #0000ff;\">Type de servo<\/span> AVR<\/a>:<\/strong> Plus grande pr\u00e9cision, utilis\u00e9e pour les \u00e9quipements industriels<\/li>\n<\/ul>\n<h2 data-section-id=\"7vqe9r\" data-start=\"2080\" data-end=\"2100\" data-imt-p=\"1\">Guide de s\u00e9lection<\/h2>\n<ul data-start=\"2102\" data-end=\"2249\">\n<li data-section-id=\"89qlxw\" data-start=\"2102\" data-end=\"2153\"><strong data-start=\"2104\" data-end=\"2124\">Stabilisateur 1KVA :<\/strong> Petites charges (t\u00e9l\u00e9viseurs, routeurs)<\/li>\n<li data-section-id=\"p83jpw\" data-start=\"2154\" data-end=\"2202\"><strong data-start=\"2156\" data-end=\"2167\">2-3KVA :<\/strong> R\u00e9frig\u00e9rateur, ordinateur, petite climatisation<\/li>\n<li data-section-id=\"1fl3f39\" data-start=\"2203\" data-end=\"2249\"><strong data-start=\"2205\" data-end=\"2214\">5KVA :<\/strong> Appareils multiples ou AC de plus grande taille<\/li>\n<\/ul>\n<p data-start=\"2251\" data-end=\"2311\" data-imt-p=\"1\"><strong data-start=\"2251\" data-end=\"2259\">Conseil :<\/strong> Choisissez 20-30% une capacit\u00e9 sup\u00e9rieure \u00e0 votre charge totale.<\/p>\n<h2>FAQ<\/h2>\n<p data-start=\"2472\" data-end=\"2596\" data-imt-p=\"1\"><strong data-start=\"2472\" data-end=\"2506\" data-imt-p=\"1\">Q1 : Pourquoi utiliser un stabilisateur de 1kva ?<\/strong><br data-start=\"2506\" data-end=\"2509\" \/>R : Il maintient la tension stable, prot\u00e9geant les appareils contre les dommages et am\u00e9liorant leur dur\u00e9e de vie.<\/p>\n<p data-start=\"2598\" data-end=\"2708\" data-imt-p=\"1\"><strong data-start=\"2598\" data-end=\"2636\" data-imt-p=\"1\">Q2 : Peut-il faire fonctionner un climatiseur ?<\/strong><br data-start=\"2636\" data-end=\"2639\" \/>R : Oui, mais en g\u00e9n\u00e9ral 3KVA-5KVA sont recommand\u00e9s en fonction de la puissance du courant alternatif.<\/p>\n<p data-start=\"2710\" data-end=\"2806\" data-imt-p=\"1\"><strong data-start=\"2710\" data-end=\"2745\" data-imt-p=\"1\">Q3 : Consomme-t-il beaucoup d'\u00e9nergie ?<\/strong><br data-start=\"2745\" data-end=\"2748\" \/>R : Non, il fonctionne efficacement avec une perte d'\u00e9nergie minimale.<\/p>\n<h2>Conclusion<\/h2>\n<p>Le stabilisateur de tension de 1KVA \u00e0 5KVA, qui est mont\u00e9 sur le mur, est une solution fiable, compacte et \u00e9conomique pour la protection de la tension. C'est le meilleur choix pour la protection de la tension en raison de son temps de r\u00e9ponse rapide et de ses multiples protections.<\/p>","protected":false},"excerpt":{"rendered":"<p>Le stabilisateur de tension \u00e0 relais mural est destin\u00e9 \u00e0 assurer le fonctionnement en toute s\u00e9curit\u00e9 des appareils m\u00e9nagers et des petits appareils commerciaux. Il est \u00e9quip\u00e9 d'un transformateur multi-tap command\u00e9 par relais qui ajuste automatiquement les variations de la tension d'entr\u00e9e et fournit une sortie constante de 220VAC.<\/p>\n<p>Ce stabilisateur compact et facile \u00e0 utiliser est parfait pour les maisons modernes, les bureaux et les magasins.<\/p>","protected":false},"featured_media":22366,"template":"","meta":[],"product_brand":[],"product_cat":[103,110,106],"product_tag":[116],"class_list":{"0":"post-23068","1":"product","2":"type-product","3":"status-publish","4":"has-post-thumbnail","6":"product_cat-ac-voltage-stabilizer","7":"product_cat-home-voltage-stabilizer","8":"product_cat-relay-type-avr","9":"product_tag-voltage-stabilizer-for-microwave","11":"first","12":"instock","13":"taxable","14":"shipping-taxable","15":"product-type-simple"},"yoast_head":"<!-- This site is optimized with the Yoast SEO plugin v25.0 - https:\/\/yoast.com\/wordpress\/plugins\/seo\/ -->\n<title>Single Phase Voltage Stabilizer Manufacturer In China | Wall Relay AVR - PINE<\/title>\n<meta name=\"robots\" content=\"index, follow, max-snippet:-1, max-image-preview:large, max-video-preview:-1\" \/>\n<link rel=\"canonical\" href=\"https:\/\/www.tronkiele.com\/fr\/product\/1kva-voltage-stabilizer\/\" \/>\n<meta property=\"og:locale\" content=\"fr_FR\" \/>\n<meta property=\"og:type\" content=\"article\" \/>\n<meta property=\"og:title\" content=\"Single Phase Voltage Stabilizer Manufacturer In China | Wall Relay AVR - PINE\" \/>\n<meta property=\"og:description\" content=\"The wall-mounted relay voltage stabilizer is intended for the safe operation of household and small commercial appliances. It features a relay-controlled multi-tap transformer that automatically adjusts changes in the input voltage and provides a constant output of 220VAC.  This compact and easy-to-use stabilizer is perfect for modern homes, offices, and shops.\" \/>\n<meta property=\"og:url\" content=\"https:\/\/www.tronkiele.com\/fr\/product\/1kva-voltage-stabilizer\/\" \/>\n<meta property=\"og:site_name\" content=\"PINE\" \/>\n<meta property=\"article:modified_time\" content=\"2026-04-10T07:23:58+00:00\" \/>\n<meta property=\"og:image\" content=\"https:\/\/www.tronkiele.com\/wp-content\/uploads\/2025\/12\/Wall-Mounted-Voltage-Stabilizer-for-Small-Appliances.webp\" \/>\n\t<meta property=\"og:image:width\" content=\"600\" \/>\n\t<meta property=\"og:image:height\" content=\"600\" \/>\n\t<meta property=\"og:image:type\" content=\"image\/webp\" \/>\n<meta name=\"twitter:card\" content=\"summary_large_image\" \/>\n<meta name=\"twitter:label1\" content=\"Dur\u00e9e de lecture estim\u00e9e\" \/>\n\t<meta name=\"twitter:data1\" content=\"3 minutes\" \/>\n<script type=\"application\/ld+json\" class=\"yoast-schema-graph\">{\"@context\":\"https:\/\/schema.org\",\"@graph\":[{\"@type\":\"WebPage\",\"@id\":\"https:\/\/www.tronkiele.com\/product\/1kva-voltage-stabilizer\/\",\"url\":\"https:\/\/www.tronkiele.com\/product\/1kva-voltage-stabilizer\/\",\"name\":\"Single Phase Voltage Stabilizer Manufacturer In China | Wall Relay AVR - PINE\",\"isPartOf\":{\"@id\":\"https:\/\/www.tronkiele.com\/#website\"},\"primaryImageOfPage\":{\"@id\":\"https:\/\/www.tronkiele.com\/product\/1kva-voltage-stabilizer\/#primaryimage\"},\"image\":{\"@id\":\"https:\/\/www.tronkiele.com\/product\/1kva-voltage-stabilizer\/#primaryimage\"},\"thumbnailUrl\":\"https:\/\/www.tronkiele.com\/wp-content\/uploads\/2025\/12\/Wall-Mounted-Voltage-Stabilizer-for-Small-Appliances.webp\",\"datePublished\":\"2026-03-26T06:53:09+00:00\",\"dateModified\":\"2026-04-10T07:23:58+00:00\",\"breadcrumb\":{\"@id\":\"https:\/\/www.tronkiele.com\/product\/1kva-voltage-stabilizer\/#breadcrumb\"},\"inLanguage\":\"fr-FR\",\"potentialAction\":[{\"@type\":\"ReadAction\",\"target\":[\"https:\/\/www.tronkiele.com\/product\/1kva-voltage-stabilizer\/\"]}]},{\"@type\":\"ImageObject\",\"inLanguage\":\"fr-FR\",\"@id\":\"https:\/\/www.tronkiele.com\/product\/1kva-voltage-stabilizer\/#primaryimage\",\"url\":\"https:\/\/www.tronkiele.com\/wp-content\/uploads\/2025\/12\/Wall-Mounted-Voltage-Stabilizer-for-Small-Appliances.webp\",\"contentUrl\":\"https:\/\/www.tronkiele.com\/wp-content\/uploads\/2025\/12\/Wall-Mounted-Voltage-Stabilizer-for-Small-Appliances.webp\",\"width\":600,\"height\":600,\"caption\":\"Wall-Mounted Voltage Stabilizer for Small Appliances\"},{\"@type\":\"BreadcrumbList\",\"@id\":\"https:\/\/www.tronkiele.com\/product\/1kva-voltage-stabilizer\/#breadcrumb\",\"itemListElement\":[{\"@type\":\"ListItem\",\"position\":1,\"name\":\"Home\",\"item\":\"https:\/\/www.tronkiele.com\/\"},{\"@type\":\"ListItem\",\"position\":2,\"name\":\"Products\",\"item\":\"https:\/\/www.tronkiele.com\/shop\/\"},{\"@type\":\"ListItem\",\"position\":3,\"name\":\"1Kva 2Kva 3Kva 5Kva Single Phase Wall Relay Voltage Stabilizer For House\"}]},{\"@type\":\"WebSite\",\"@id\":\"https:\/\/www.tronkiele.com\/#website\",\"url\":\"https:\/\/www.tronkiele.com\/\",\"name\":\"PINE\",\"description\":\"\",\"publisher\":{\"@id\":\"https:\/\/www.tronkiele.com\/#organization\"},\"potentialAction\":[{\"@type\":\"SearchAction\",\"target\":{\"@type\":\"EntryPoint\",\"urlTemplate\":\"https:\/\/www.tronkiele.com\/?s={search_term_string}\"},\"query-input\":{\"@type\":\"PropertyValueSpecification\",\"valueRequired\":true,\"valueName\":\"search_term_string\"}}],\"inLanguage\":\"fr-FR\"},{\"@type\":\"Organization\",\"@id\":\"https:\/\/www.tronkiele.com\/#organization\",\"name\":\"PINE\",\"url\":\"https:\/\/www.tronkiele.com\/\",\"logo\":{\"@type\":\"ImageObject\",\"inLanguage\":\"fr-FR\",\"@id\":\"https:\/\/www.tronkiele.com\/#\/schema\/logo\/image\/\",\"url\":\"https:\/\/www.tronkiele.com\/wp-content\/uploads\/2024\/11\/cropped-tronki.webp\",\"contentUrl\":\"https:\/\/www.tronkiele.com\/wp-content\/uploads\/2024\/11\/cropped-tronki.webp\",\"width\":512,\"height\":512,\"caption\":\"PINE\"},\"image\":{\"@id\":\"https:\/\/www.tronkiele.com\/#\/schema\/logo\/image\/\"}}]}<\/script>\n<!-- \/ Yoast SEO plugin. -->","yoast_head_json":{"title":"Stabilisateur de tension monophas\u00e9 Fabricant en Chine | Relais mural AVR - PINE","robots":{"index":"index","follow":"follow","max-snippet":"max-snippet:-1","max-image-preview":"max-image-preview:large","max-video-preview":"max-video-preview:-1"},"canonical":"https:\/\/www.tronkiele.com\/fr\/product\/1kva-voltage-stabilizer\/","og_locale":"fr_FR","og_type":"article","og_title":"Single Phase Voltage Stabilizer Manufacturer In China | Wall Relay AVR - PINE","og_description":"The wall-mounted relay voltage stabilizer is intended for the safe operation of household and small commercial appliances. It features a relay-controlled multi-tap transformer that automatically adjusts changes in the input voltage and provides a constant output of 220VAC.  This compact and easy-to-use stabilizer is perfect for modern homes, offices, and shops.","og_url":"https:\/\/www.tronkiele.com\/fr\/product\/1kva-voltage-stabilizer\/","og_site_name":"PINE","article_modified_time":"2026-04-10T07:23:58+00:00","og_image":[{"width":600,"height":600,"url":"https:\/\/www.tronkiele.com\/wp-content\/uploads\/2025\/12\/Wall-Mounted-Voltage-Stabilizer-for-Small-Appliances.webp","type":"image\/webp"}],"twitter_card":"summary_large_image","twitter_misc":{"Dur\u00e9e de lecture estim\u00e9e":"3 minutes"},"schema":{"@context":"https:\/\/schema.org","@graph":[{"@type":"WebPage","@id":"https:\/\/www.tronkiele.com\/product\/1kva-voltage-stabilizer\/","url":"https:\/\/www.tronkiele.com\/product\/1kva-voltage-stabilizer\/","name":"Stabilisateur de tension monophas\u00e9 Fabricant en Chine | Relais mural AVR - PINE","isPartOf":{"@id":"https:\/\/www.tronkiele.com\/#website"},"primaryImageOfPage":{"@id":"https:\/\/www.tronkiele.com\/product\/1kva-voltage-stabilizer\/#primaryimage"},"image":{"@id":"https:\/\/www.tronkiele.com\/product\/1kva-voltage-stabilizer\/#primaryimage"},"thumbnailUrl":"https:\/\/www.tronkiele.com\/wp-content\/uploads\/2025\/12\/Wall-Mounted-Voltage-Stabilizer-for-Small-Appliances.webp","datePublished":"2026-03-26T06:53:09+00:00","dateModified":"2026-04-10T07:23:58+00:00","breadcrumb":{"@id":"https:\/\/www.tronkiele.com\/product\/1kva-voltage-stabilizer\/#breadcrumb"},"inLanguage":"fr-FR","potentialAction":[{"@type":"ReadAction","target":["https:\/\/www.tronkiele.com\/product\/1kva-voltage-stabilizer\/"]}]},{"@type":"ImageObject","inLanguage":"fr-FR","@id":"https:\/\/www.tronkiele.com\/product\/1kva-voltage-stabilizer\/#primaryimage","url":"https:\/\/www.tronkiele.com\/wp-content\/uploads\/2025\/12\/Wall-Mounted-Voltage-Stabilizer-for-Small-Appliances.webp","contentUrl":"https:\/\/www.tronkiele.com\/wp-content\/uploads\/2025\/12\/Wall-Mounted-Voltage-Stabilizer-for-Small-Appliances.webp","width":600,"height":600,"caption":"Wall-Mounted Voltage Stabilizer for Small Appliances"},{"@type":"BreadcrumbList","@id":"https:\/\/www.tronkiele.com\/product\/1kva-voltage-stabilizer\/#breadcrumb","itemListElement":[{"@type":"ListItem","position":1,"name":"Home","item":"https:\/\/www.tronkiele.com\/"},{"@type":"ListItem","position":2,"name":"Products","item":"https:\/\/www.tronkiele.com\/shop\/"},{"@type":"ListItem","position":3,"name":"1Kva 2Kva 3Kva 5Kva Single Phase Wall Relay Voltage Stabilizer For House"}]},{"@type":"WebSite","@id":"https:\/\/www.tronkiele.com\/#website","url":"https:\/\/www.tronkiele.com\/","name":"PIN","description":"","publisher":{"@id":"https:\/\/www.tronkiele.com\/#organization"},"potentialAction":[{"@type":"SearchAction","target":{"@type":"EntryPoint","urlTemplate":"https:\/\/www.tronkiele.com\/?s={search_term_string}"},"query-input":{"@type":"PropertyValueSpecification","valueRequired":true,"valueName":"search_term_string"}}],"inLanguage":"fr-FR"},{"@type":"Organization","@id":"https:\/\/www.tronkiele.com\/#organization","name":"PIN","url":"https:\/\/www.tronkiele.com\/","logo":{"@type":"ImageObject","inLanguage":"fr-FR","@id":"https:\/\/www.tronkiele.com\/#\/schema\/logo\/image\/","url":"https:\/\/www.tronkiele.com\/wp-content\/uploads\/2024\/11\/cropped-tronki.webp","contentUrl":"https:\/\/www.tronkiele.com\/wp-content\/uploads\/2024\/11\/cropped-tronki.webp","width":512,"height":512,"caption":"PINE"},"image":{"@id":"https:\/\/www.tronkiele.com\/#\/schema\/logo\/image\/"}}]}},"_links":{"self":[{"href":"https:\/\/www.tronkiele.com\/fr\/wp-json\/wp\/v2\/product\/23068","targetHints":{"allow":["GET"]}}],"collection":[{"href":"https:\/\/www.tronkiele.com\/fr\/wp-json\/wp\/v2\/product"}],"about":[{"href":"https:\/\/www.tronkiele.com\/fr\/wp-json\/wp\/v2\/types\/product"}],"version-history":[{"count":5,"href":"https:\/\/www.tronkiele.com\/fr\/wp-json\/wp\/v2\/product\/23068\/revisions"}],"predecessor-version":[{"id":23074,"href":"https:\/\/www.tronkiele.com\/fr\/wp-json\/wp\/v2\/product\/23068\/revisions\/23074"}],"wp:featuredmedia":[{"embeddable":true,"href":"https:\/\/www.tronkiele.com\/fr\/wp-json\/wp\/v2\/media\/22366"}],"wp:attachment":[{"href":"https:\/\/www.tronkiele.com\/fr\/wp-json\/wp\/v2\/media?parent=23068"}],"wp:term":[{"taxonomy":"product_brand","embeddable":true,"href":"https:\/\/www.tronkiele.com\/fr\/wp-json\/wp\/v2\/product_brand?post=23068"},{"taxonomy":"product_cat","embeddable":true,"href":"https:\/\/www.tronkiele.com\/fr\/wp-json\/wp\/v2\/product_cat?post=23068"},{"taxonomy":"product_tag","embeddable":true,"href":"https:\/\/www.tronkiele.com\/fr\/wp-json\/wp\/v2\/product_tag?post=23068"}],"curies":[{"name":"wp","href":"https:\/\/api.w.org\/{rel}","templated":true}]}}