{"id":2592,"date":"2024-11-29T08:14:42","date_gmt":"2024-11-29T08:14:42","guid":{"rendered":"https:\/\/www.tronkiele.com\/?post_type=product&#038;p=2592"},"modified":"2025-04-30T13:49:53","modified_gmt":"2025-04-30T13:49:53","slug":"10mva-33-11kv-power-pad-mounted-transformer","status":"publish","type":"product","link":"https:\/\/www.tronkiele.com\/fr\/product\/10mva-33-11kv-power-pad-mounted-transformer\/","title":{"rendered":"Transformateur sur socle 10MVA 33\/11kV"},"content":{"rendered":"<h2>Communication sur mesure<\/h2>\n<p>De la conception initiale \u00e0 la production finale, les ing\u00e9nieurs de TRONKI travaillent en \u00e9troite collaboration avec les clients pour s'aligner sur les exigences sp\u00e9cifiques des normes, des param\u00e8tres et des accessoires des transformateurs 69kV, garantissant ainsi une conformit\u00e9 totale avec les normes IEEE.<\/p>\n<h2>Solutions de conception personnalis\u00e9es<\/h2>\n<p>Gr\u00e2ce \u00e0 sa grande exp\u00e9rience des march\u00e9s internationaux et au respect strict des normes IEEE\/ANSI, l'\u00e9quipe d'ing\u00e9nieurs de TRONKI affine en permanence les processus de fabrication des r\u00e9servoirs et des peintures afin de r\u00e9pondre \u00e0 des exigences techniques uniques et de fournir des solutions optimis\u00e9es.<\/p>\n<h2><strong>Personnalisation des transformateurs<\/strong><\/h2>\n<table>\n<tbody>\n<tr>\n<td width=\"35.8600%\">Type<\/td>\n<td width=\"64.1200%\">Transformateur de puissance \u00e0 bain d'huile<\/td>\n<\/tr>\n<tr>\n<td width=\"35.8600%\">Fr\u00e9quence<\/td>\n<td width=\"64.1200%\">50Hz\/60Hz<\/td>\n<\/tr>\n<tr>\n<td width=\"35.8600%\">Mat\u00e9riau<\/td>\n<td width=\"64.1200%\">Cuivre<\/td>\n<\/tr>\n<tr>\n<td width=\"35.8600%\">Capacit\u00e9 nominale<\/td>\n<td width=\"64.1200%\">10000kVA<\/td>\n<\/tr>\n<tr>\n<td width=\"35.8600%\">Standard<\/td>\n<td width=\"64.1200%\">IEC60076<\/td>\n<\/tr>\n<tr>\n<td width=\"35.8600%\">Puissance nominale<\/td>\n<td width=\"64.1200%\">10 MVA<\/td>\n<\/tr>\n<tr>\n<td width=\"35.8600%\">Tension d'entr\u00e9e<\/td>\n<td width=\"64.1200%\">35kV\/38,5kV<\/td>\n<\/tr>\n<tr>\n<td width=\"35.8600%\">Tension de sortie<\/td>\n<td width=\"64.1200%\">11 kV<\/td>\n<\/tr>\n<tr>\n<td width=\"35.8600%\">M\u00e9thode de refroidissement<\/td>\n<td width=\"64.1200%\">ONAN<\/td>\n<\/tr>\n<tr>\n<td width=\"35.8600%\">Utilisation<\/td>\n<td width=\"64.1200%\">Puissance<\/td>\n<\/tr>\n<tr>\n<td width=\"35.8600%\">Phase<\/td>\n<td width=\"64.1200%\">Trois<\/td>\n<\/tr>\n<tr>\n<td width=\"35.8600%\">Structure de la bobine<\/td>\n<td width=\"64.1200%\">TOROIDAL<\/td>\n<\/tr>\n<tr>\n<td width=\"35.8600%\">Num\u00e9ro de bobine<\/td>\n<td width=\"64.1200%\">AUTOTRANSFORMATEUR<\/td>\n<\/tr>\n<tr>\n<td width=\"35.8600%\">Groupe Vecteur<\/td>\n<td width=\"64.1200%\">Dyn11<\/td>\n<\/tr>\n<tr>\n<td width=\"35.8600%\">Changeur de robinet<\/td>\n<td width=\"64.1200%\">OLTC<\/td>\n<\/tr>\n<tr>\n<td width=\"35.8600%\">Perte de charge<\/td>\n<td width=\"64.1200%\">9kW<\/td>\n<\/tr>\n<tr>\n<td width=\"35.8600%\">Perte de charge<\/td>\n<td width=\"64.1200%\">48kW<\/td>\n<\/tr>\n<\/tbody>\n<\/table>\n<h2>Caract\u00e9ristiques principales<\/h2>\n<p><strong>Enroulements<\/strong><br \/>\nLes enroulements sont constitu\u00e9s de conducteurs en cuivre \u00e9lectrolytique ou en aluminium de haute qualit\u00e9, associ\u00e9s \u00e0 une isolation en papier kraft rev\u00eatu d'\u00e9poxy pour des performances thermiques sup\u00e9rieures. Ce papier kraft offre une meilleure capacit\u00e9 de surcharge \u00e0 court terme par rapport aux mat\u00e9riaux d'isolation traditionnels.<\/p>\n<p><strong>C\u0153ur de m\u00e9tier<\/strong><br \/>\nLe noyau est con\u00e7u pour une efficacit\u00e9 maximale et un bruit minimal. Le d\u00e9coupage pr\u00e9cis du noyau, guid\u00e9 par un syst\u00e8me contr\u00f4l\u00e9 par ordinateur, garantit l'exactitude des dimensions. L'empilage stratifi\u00e9 am\u00e9liore encore les performances du transformateur \u00e0 bain d'huile, ce qui permet d'offrir des solutions sur mesure \u00e0 chaque client.<\/p>\n<p><strong>Radiateur<\/strong><br \/>\n\u00c9quip\u00e9 de radiateurs \u00e0 panneaux ou ondul\u00e9s, le transformateur assure une dissipation efficace de la chaleur. Cela garantit que les temp\u00e9ratures du bobinage et de l'huile restent dans les limites sp\u00e9cifi\u00e9es, m\u00eame dans des conditions de charge maximale.<\/p>\n<p><strong>Normes d'essai<\/strong><br \/>\nLe transformateur est soumis \u00e0 des tests complets conform\u00e9ment aux normes IEEE C57.12.00 et IEEE C57.12.90. Tous les tests sont r\u00e9alis\u00e9s avec succ\u00e8s en un seul cycle, ce qui garantit une fiabilit\u00e9 in\u00e9gal\u00e9e :<\/p>\n<p>Tests de rapport, de polarit\u00e9 et de relation de phase<br \/>\nEssais de mesure de la r\u00e9sistance d'enroulement<br \/>\nIsolation Facteur de puissance<br \/>\nTest d'impulsion \u00e0 onde pleine et \u00e0 onde r\u00e9duite<br \/>\nTests de potentiel appliqu\u00e9 et induit<br \/>\nPertes \u00e0 vide et en charge au courant nominal<br \/>\nPourcentage d'imp\u00e9dance au courant nominal<br \/>\nTest d'\u00e9tanch\u00e9it\u00e9<br \/>\nTest de fonctionnalit\u00e9 de l'armoire de commande<br \/>\nLogistique et livraison sans faille<br \/>\nManipulation experte<br \/>\nAvec plus d'une d\u00e9cennie d'expertise dans la fabrication et l'exportation de transformateurs, TRONKI assure un emballage et un transport s\u00fbrs et efficaces.<\/p>\n<h2>Solutions d'exp\u00e9dition personnalis\u00e9es<\/h2>\n<p>Pour les grands transformateurs de 69kV dont la hauteur d\u00e9passe 3 m\u00e8tres et le poids 50 tonnes, les travers\u00e9es haute tension, les radiateurs, les ventilateurs et autres accessoires sont soigneusement d\u00e9mont\u00e9s et exp\u00e9di\u00e9s s\u00e9par\u00e9ment.<\/p>\n<p>Le corps du transformateur est plac\u00e9 dans des conteneurs ouverts sp\u00e9cialis\u00e9s pour un transport s\u00e9curis\u00e9.<br \/>\nLes accessoires sont soigneusement emball\u00e9s dans des caisses en bois durables afin de les prot\u00e9ger pendant le transport.<\/p>","protected":false},"excerpt":{"rendered":"<p>Nos transformateurs 10MVA 33\/11kV sont con\u00e7us et fabriqu\u00e9s uniquement apr\u00e8s v\u00e9rification par des proc\u00e9dures de conception, des proc\u00e9dures d'analyse du champ \u00e9lectromagn\u00e9tique et des proc\u00e9dures d'analyse structurelle.<\/p>","protected":false},"featured_media":2594,"template":"","meta":[],"product_brand":[],"product_cat":[34,33],"product_tag":[],"class_list":{"0":"post-2592","1":"product","2":"type-product","3":"status-publish","4":"has-post-thumbnail","6":"product_cat-oil-transformer","7":"product_cat-power-transformer","9":"first","10":"instock","11":"featured","12":"taxable","13":"shipping-taxable","14":"product-type-simple"},"yoast_head":"<!-- This site is optimized with the Yoast SEO plugin v25.0 - https:\/\/yoast.com\/wordpress\/plugins\/seo\/ -->\n<title>10MVA 33\/11kV Power Pad Mounted Transformer - PINE-ZHENGXI<\/title>\n<meta name=\"robots\" content=\"index, follow, max-snippet:-1, max-image-preview:large, max-video-preview:-1\" \/>\n<link rel=\"canonical\" href=\"https:\/\/www.tronkiele.com\/fr\/product\/10mva-33-11kv-power-pad-mounted-transformer\/\" \/>\n<meta property=\"og:locale\" content=\"fr_FR\" \/>\n<meta property=\"og:type\" content=\"article\" \/>\n<meta property=\"og:title\" content=\"10MVA 33\/11kV Power Pad Mounted Transformer - PINE-ZHENGXI\" \/>\n<meta property=\"og:description\" content=\"Our 10MVA 33\/11kV Power Pad Mounted Transformer are designed and manufactured only after verification through design procedures, electromagnetic field analysis procedures, and structural analysis procedures.\" \/>\n<meta property=\"og:url\" content=\"https:\/\/www.tronkiele.com\/fr\/product\/10mva-33-11kv-power-pad-mounted-transformer\/\" \/>\n<meta property=\"og:site_name\" content=\"PINE-ZHENGXI\" \/>\n<meta property=\"article:modified_time\" content=\"2025-04-30T13:49:53+00:00\" \/>\n<meta property=\"og:image\" content=\"https:\/\/www.tronkiele.com\/wp-content\/uploads\/2024\/11\/10MVA-33-11kV-Power-Pad-Mounted-Transformer.webp\" \/>\n\t<meta property=\"og:image:width\" content=\"600\" \/>\n\t<meta property=\"og:image:height\" content=\"600\" \/>\n\t<meta property=\"og:image:type\" content=\"image\/webp\" \/>\n<meta name=\"twitter:card\" content=\"summary_large_image\" \/>\n<meta name=\"twitter:label1\" content=\"Dur\u00e9e de lecture estim\u00e9e\" \/>\n\t<meta name=\"twitter:data1\" content=\"2 minutes\" \/>\n<script type=\"application\/ld+json\" class=\"yoast-schema-graph\">{\"@context\":\"https:\/\/schema.org\",\"@graph\":[{\"@type\":\"WebPage\",\"@id\":\"https:\/\/www.tronkiele.com\/product\/10mva-33-11kv-power-pad-mounted-transformer\/\",\"url\":\"https:\/\/www.tronkiele.com\/product\/10mva-33-11kv-power-pad-mounted-transformer\/\",\"name\":\"10MVA 33\/11kV Power Pad Mounted Transformer - PINE-ZHENGXI\",\"isPartOf\":{\"@id\":\"https:\/\/www.tronkiele.com\/#website\"},\"primaryImageOfPage\":{\"@id\":\"https:\/\/www.tronkiele.com\/product\/10mva-33-11kv-power-pad-mounted-transformer\/#primaryimage\"},\"image\":{\"@id\":\"https:\/\/www.tronkiele.com\/product\/10mva-33-11kv-power-pad-mounted-transformer\/#primaryimage\"},\"thumbnailUrl\":\"https:\/\/www.tronkiele.com\/wp-content\/uploads\/2024\/11\/10MVA-33-11kV-Power-Pad-Mounted-Transformer.webp\",\"datePublished\":\"2024-11-29T08:14:42+00:00\",\"dateModified\":\"2025-04-30T13:49:53+00:00\",\"breadcrumb\":{\"@id\":\"https:\/\/www.tronkiele.com\/product\/10mva-33-11kv-power-pad-mounted-transformer\/#breadcrumb\"},\"inLanguage\":\"fr-FR\",\"potentialAction\":[{\"@type\":\"ReadAction\",\"target\":[\"https:\/\/www.tronkiele.com\/product\/10mva-33-11kv-power-pad-mounted-transformer\/\"]}]},{\"@type\":\"ImageObject\",\"inLanguage\":\"fr-FR\",\"@id\":\"https:\/\/www.tronkiele.com\/product\/10mva-33-11kv-power-pad-mounted-transformer\/#primaryimage\",\"url\":\"https:\/\/www.tronkiele.com\/wp-content\/uploads\/2024\/11\/10MVA-33-11kV-Power-Pad-Mounted-Transformer.webp\",\"contentUrl\":\"https:\/\/www.tronkiele.com\/wp-content\/uploads\/2024\/11\/10MVA-33-11kV-Power-Pad-Mounted-Transformer.webp\",\"width\":600,\"height\":600,\"caption\":\"10MVA 33 11kV Power Pad Mounted Transformer\"},{\"@type\":\"BreadcrumbList\",\"@id\":\"https:\/\/www.tronkiele.com\/product\/10mva-33-11kv-power-pad-mounted-transformer\/#breadcrumb\",\"itemListElement\":[{\"@type\":\"ListItem\",\"position\":1,\"name\":\"Home\",\"item\":\"https:\/\/www.tronkiele.com\/\"},{\"@type\":\"ListItem\",\"position\":2,\"name\":\"Products\",\"item\":\"https:\/\/www.tronkiele.com\/shop\/\"},{\"@type\":\"ListItem\",\"position\":3,\"name\":\"10MVA 33\/11kV Power Pad Mounted Transformer\"}]},{\"@type\":\"WebSite\",\"@id\":\"https:\/\/www.tronkiele.com\/#website\",\"url\":\"https:\/\/www.tronkiele.com\/\",\"name\":\"PINE-ZHENGXI\",\"description\":\"\",\"publisher\":{\"@id\":\"https:\/\/www.tronkiele.com\/#organization\"},\"potentialAction\":[{\"@type\":\"SearchAction\",\"target\":{\"@type\":\"EntryPoint\",\"urlTemplate\":\"https:\/\/www.tronkiele.com\/?s={search_term_string}\"},\"query-input\":{\"@type\":\"PropertyValueSpecification\",\"valueRequired\":true,\"valueName\":\"search_term_string\"}}],\"inLanguage\":\"fr-FR\"},{\"@type\":\"Organization\",\"@id\":\"https:\/\/www.tronkiele.com\/#organization\",\"name\":\"PINE-ZHENGXI\",\"url\":\"https:\/\/www.tronkiele.com\/\",\"logo\":{\"@type\":\"ImageObject\",\"inLanguage\":\"fr-FR\",\"@id\":\"https:\/\/www.tronkiele.com\/#\/schema\/logo\/image\/\",\"url\":\"https:\/\/www.tronkiele.com\/wp-content\/uploads\/2024\/11\/cropped-tronki.webp\",\"contentUrl\":\"https:\/\/www.tronkiele.com\/wp-content\/uploads\/2024\/11\/cropped-tronki.webp\",\"width\":512,\"height\":512,\"caption\":\"PINE-ZHENGXI\"},\"image\":{\"@id\":\"https:\/\/www.tronkiele.com\/#\/schema\/logo\/image\/\"}}]}<\/script>\n<!-- \/ Yoast SEO plugin. -->","yoast_head_json":{"title":"Transformateur sur socle 10MVA 33\/11kV - PINE-ZHENGXI","robots":{"index":"index","follow":"follow","max-snippet":"max-snippet:-1","max-image-preview":"max-image-preview:large","max-video-preview":"max-video-preview:-1"},"canonical":"https:\/\/www.tronkiele.com\/fr\/product\/10mva-33-11kv-power-pad-mounted-transformer\/","og_locale":"fr_FR","og_type":"article","og_title":"10MVA 33\/11kV Power Pad Mounted Transformer - PINE-ZHENGXI","og_description":"Our 10MVA 33\/11kV Power Pad Mounted Transformer are designed and manufactured only after verification through design procedures, electromagnetic field analysis procedures, and structural analysis procedures.","og_url":"https:\/\/www.tronkiele.com\/fr\/product\/10mva-33-11kv-power-pad-mounted-transformer\/","og_site_name":"PINE-ZHENGXI","article_modified_time":"2025-04-30T13:49:53+00:00","og_image":[{"width":600,"height":600,"url":"https:\/\/www.tronkiele.com\/wp-content\/uploads\/2024\/11\/10MVA-33-11kV-Power-Pad-Mounted-Transformer.webp","type":"image\/webp"}],"twitter_card":"summary_large_image","twitter_misc":{"Dur\u00e9e de lecture estim\u00e9e":"2 minutes"},"schema":{"@context":"https:\/\/schema.org","@graph":[{"@type":"WebPage","@id":"https:\/\/www.tronkiele.com\/product\/10mva-33-11kv-power-pad-mounted-transformer\/","url":"https:\/\/www.tronkiele.com\/product\/10mva-33-11kv-power-pad-mounted-transformer\/","name":"Transformateur sur socle 10MVA 33\/11kV - PINE-ZHENGXI","isPartOf":{"@id":"https:\/\/www.tronkiele.com\/#website"},"primaryImageOfPage":{"@id":"https:\/\/www.tronkiele.com\/product\/10mva-33-11kv-power-pad-mounted-transformer\/#primaryimage"},"image":{"@id":"https:\/\/www.tronkiele.com\/product\/10mva-33-11kv-power-pad-mounted-transformer\/#primaryimage"},"thumbnailUrl":"https:\/\/www.tronkiele.com\/wp-content\/uploads\/2024\/11\/10MVA-33-11kV-Power-Pad-Mounted-Transformer.webp","datePublished":"2024-11-29T08:14:42+00:00","dateModified":"2025-04-30T13:49:53+00:00","breadcrumb":{"@id":"https:\/\/www.tronkiele.com\/product\/10mva-33-11kv-power-pad-mounted-transformer\/#breadcrumb"},"inLanguage":"fr-FR","potentialAction":[{"@type":"ReadAction","target":["https:\/\/www.tronkiele.com\/product\/10mva-33-11kv-power-pad-mounted-transformer\/"]}]},{"@type":"ImageObject","inLanguage":"fr-FR","@id":"https:\/\/www.tronkiele.com\/product\/10mva-33-11kv-power-pad-mounted-transformer\/#primaryimage","url":"https:\/\/www.tronkiele.com\/wp-content\/uploads\/2024\/11\/10MVA-33-11kV-Power-Pad-Mounted-Transformer.webp","contentUrl":"https:\/\/www.tronkiele.com\/wp-content\/uploads\/2024\/11\/10MVA-33-11kV-Power-Pad-Mounted-Transformer.webp","width":600,"height":600,"caption":"10MVA 33 11kV Power Pad Mounted Transformer"},{"@type":"BreadcrumbList","@id":"https:\/\/www.tronkiele.com\/product\/10mva-33-11kv-power-pad-mounted-transformer\/#breadcrumb","itemListElement":[{"@type":"ListItem","position":1,"name":"Home","item":"https:\/\/www.tronkiele.com\/"},{"@type":"ListItem","position":2,"name":"Products","item":"https:\/\/www.tronkiele.com\/shop\/"},{"@type":"ListItem","position":3,"name":"10MVA 33\/11kV Power Pad Mounted Transformer"}]},{"@type":"WebSite","@id":"https:\/\/www.tronkiele.com\/#website","url":"https:\/\/www.tronkiele.com\/","name":"PINE-ZHENGXI","description":"","publisher":{"@id":"https:\/\/www.tronkiele.com\/#organization"},"potentialAction":[{"@type":"SearchAction","target":{"@type":"EntryPoint","urlTemplate":"https:\/\/www.tronkiele.com\/?s={search_term_string}"},"query-input":{"@type":"PropertyValueSpecification","valueRequired":true,"valueName":"search_term_string"}}],"inLanguage":"fr-FR"},{"@type":"Organization","@id":"https:\/\/www.tronkiele.com\/#organization","name":"PINE-ZHENGXI","url":"https:\/\/www.tronkiele.com\/","logo":{"@type":"ImageObject","inLanguage":"fr-FR","@id":"https:\/\/www.tronkiele.com\/#\/schema\/logo\/image\/","url":"https:\/\/www.tronkiele.com\/wp-content\/uploads\/2024\/11\/cropped-tronki.webp","contentUrl":"https:\/\/www.tronkiele.com\/wp-content\/uploads\/2024\/11\/cropped-tronki.webp","width":512,"height":512,"caption":"PINE-ZHENGXI"},"image":{"@id":"https:\/\/www.tronkiele.com\/#\/schema\/logo\/image\/"}}]}},"_links":{"self":[{"href":"https:\/\/www.tronkiele.com\/fr\/wp-json\/wp\/v2\/product\/2592","targetHints":{"allow":["GET"]}}],"collection":[{"href":"https:\/\/www.tronkiele.com\/fr\/wp-json\/wp\/v2\/product"}],"about":[{"href":"https:\/\/www.tronkiele.com\/fr\/wp-json\/wp\/v2\/types\/product"}],"version-history":[{"count":2,"href":"https:\/\/www.tronkiele.com\/fr\/wp-json\/wp\/v2\/product\/2592\/revisions"}],"predecessor-version":[{"id":21557,"href":"https:\/\/www.tronkiele.com\/fr\/wp-json\/wp\/v2\/product\/2592\/revisions\/21557"}],"wp:featuredmedia":[{"embeddable":true,"href":"https:\/\/www.tronkiele.com\/fr\/wp-json\/wp\/v2\/media\/2594"}],"wp:attachment":[{"href":"https:\/\/www.tronkiele.com\/fr\/wp-json\/wp\/v2\/media?parent=2592"}],"wp:term":[{"taxonomy":"product_brand","embeddable":true,"href":"https:\/\/www.tronkiele.com\/fr\/wp-json\/wp\/v2\/product_brand?post=2592"},{"taxonomy":"product_cat","embeddable":true,"href":"https:\/\/www.tronkiele.com\/fr\/wp-json\/wp\/v2\/product_cat?post=2592"},{"taxonomy":"product_tag","embeddable":true,"href":"https:\/\/www.tronkiele.com\/fr\/wp-json\/wp\/v2\/product_tag?post=2592"}],"curies":[{"name":"wp","href":"https:\/\/api.w.org\/{rel}","templated":true}]}}