{"id":2599,"date":"2024-11-29T09:08:06","date_gmt":"2024-11-29T09:08:06","guid":{"rendered":"https:\/\/www.tronkiele.com\/?post_type=product&#038;p=2599"},"modified":"2025-04-30T13:50:20","modified_gmt":"2025-04-30T13:50:20","slug":"sz11-315-33kv-three-phase-oil-type-distribution-electrical-transformer","status":"publish","type":"product","link":"https:\/\/www.tronkiele.com\/fr\/product\/sz11-315-33kv-three-phase-oil-type-distribution-electrical-transformer\/","title":{"rendered":"Transformateur \u00e9lectrique de distribution triphas\u00e9 \u00e0 huile SZ11-315\/33kV"},"content":{"rendered":"<h2>Param\u00e8tres techniques<\/h2>\n<table>\n<tbody>\n<tr>\n<td width=\"55.7000%\">Capacit\u00e9 nominale<\/td>\n<td width=\"44.2800%\">30kVA~2500kVA<\/td>\n<\/tr>\n<tr>\n<td width=\"55.7000%\">Fr\u00e9quence<\/td>\n<td width=\"44.2800%\">50HZ<\/td>\n<\/tr>\n<tr>\n<td width=\"55.7000%\">Groupe Vecteur<\/td>\n<td width=\"44.2800%\">Dyn11 \/ Yyn0<\/td>\n<\/tr>\n<tr>\n<td width=\"55.7000%\">Standard<\/td>\n<td width=\"44.2800%\">IEC60076<\/td>\n<\/tr>\n<tr>\n<td width=\"55.7000%\">Mat\u00e9riau de base<\/td>\n<td width=\"44.2800%\">Cuivre\/Aluminium<\/td>\n<\/tr>\n<tr>\n<td width=\"55.7000%\">Mat\u00e9riau<\/td>\n<td width=\"44.2800%\">T\u00f4le d'acier au silicium<\/td>\n<\/tr>\n<tr>\n<td width=\"55.7000%\">D\u00e9lai de livraison<\/td>\n<td width=\"44.2800%\">5~10 jours ouvrables<\/td>\n<\/tr>\n<tr>\n<td width=\"55.7000%\">Phase<\/td>\n<td width=\"44.2800%\">Trois<\/td>\n<\/tr>\n<tr>\n<td width=\"55.7000%\">Utilisation<\/td>\n<td width=\"44.2800%\">Puissance \u00e9lectrique<\/td>\n<\/tr>\n<tr>\n<td width=\"55.7000%\">Num\u00e9ro de bobine<\/td>\n<td width=\"44.2800%\">Double enroulement<\/td>\n<\/tr>\n<tr>\n<td width=\"55.7000%\">Tension primaire nominale<\/td>\n<td width=\"44.2800%\">12<\/td>\n<\/tr>\n<tr>\n<td width=\"55.7000%\">Tension secondaire nominale<\/td>\n<td width=\"44.2800%\">5<\/td>\n<\/tr>\n<tr>\n<td width=\"55.7000%\">Structure de la bobine<\/td>\n<td width=\"44.2800%\">Torique<\/td>\n<\/tr>\n<tr>\n<td width=\"55.7000%\">Capacit\u00e9<\/td>\n<td width=\"44.2800%\">315 kVA<\/td>\n<\/tr>\n<\/tbody>\n<\/table>\n<h2>Caract\u00e9ristiques principales :<\/h2>\n<p><strong>Conception de base :<\/strong><br \/>\nLe noyau est fabriqu\u00e9 en acier au silicium lamin\u00e9 \u00e0 froid import\u00e9, ce qui r\u00e9duit les pertes \u00e0 vide et le courant. Il est \u00e9troitement empil\u00e9 et fix\u00e9 pour r\u00e9duire le bruit et am\u00e9liorer la stabilit\u00e9.<\/p>\n<p><strong>Structure de l'enroulement :<\/strong><br \/>\nEnroulements basse tension : Jusqu'\u00e0 500kVA, les enroulements basse tension sont cylindriques dans une structure \u00e0 double couche, tandis qu'au-del\u00e0 de 630kVA, l'enroulement \u00e0 double h\u00e9lice ou \u00e0 feuille de cuivre offre une meilleure r\u00e9sistance et de meilleures performances en mati\u00e8re de court-circuit.<br \/>\nBobinages haute tension : Les enroulements haute tension ont \u00e9t\u00e9 con\u00e7us avec une structure cylindrique multicouche afin d'am\u00e9liorer l'isolation et les performances globales.<br \/>\nMat\u00e9riaux de haute qualit\u00e9 :<br \/>\nLes enroulements eux-m\u00eames sont fabriqu\u00e9s en cuivre sans oxyg\u00e8ne, plus conducteur et plus durable, ce qui contribue \u00e0 r\u00e9duire les pertes d'\u00e9nergie.<\/p>\n<p><strong>Structure \u00e9tanche et refroidissement :<\/strong><br \/>\nIl emp\u00eache l'huile du transformateur d'\u00eatre expos\u00e9e \u00e0 l'air, ce qui acc\u00e9l\u00e8re son vieillissement. La conception enti\u00e8rement \u00e9tanche prolonge la dur\u00e9e de vie du transformateur. Le r\u00e9servoir d'huile comporte des plaques ondul\u00e9es qui am\u00e9liorent la circulation et la dissipation de la chaleur de l'huile, ce qui permet de maintenir l'ensemble au frais pendant le fonctionnement.<\/p>\n<p><strong>Protection contre les fuites :<\/strong><br \/>\nIl r\u00e9duit les risques de fuite et augmente le passage de l'huile. Ce facteur, associ\u00e9 \u00e0 une meilleure soudure, permet d'obtenir un transformateur plus fiable et plus durable.<\/p>\n<p>Le transformateur de la s\u00e9rie SZ11, con\u00e7u pour les syst\u00e8mes \u00e9lectriques modernes, offre des performances et une dur\u00e9e de vie am\u00e9lior\u00e9es avec des co\u00fbts op\u00e9rationnels r\u00e9duits, tout en garantissant une bonne fiabilit\u00e9.<\/p>","protected":false},"excerpt":{"rendered":"<p>Le transformateur de distribution triphas\u00e9 \u00e0 bain d'huile SZ11 est un transformateur triphas\u00e9 haute performance con\u00e7u pour offrir une meilleure fiabilit\u00e9 et une meilleure efficacit\u00e9 que l'ancienne s\u00e9rie S9. En am\u00e9liorant la conception des pertes et en ajustant le rapport cuivre\/fer, il r\u00e9duit les pertes d'\u00e9nergie et offre une excellente valeur.<\/p>","protected":false},"featured_media":2600,"template":"","meta":[],"product_brand":[],"product_cat":[34,33],"product_tag":[],"class_list":{"0":"post-2599","1":"product","2":"type-product","3":"status-publish","4":"has-post-thumbnail","6":"product_cat-oil-transformer","7":"product_cat-power-transformer","9":"first","10":"instock","11":"featured","12":"taxable","13":"shipping-taxable","14":"product-type-simple"},"yoast_head":"<!-- This site is optimized with the Yoast SEO plugin v25.0 - https:\/\/yoast.com\/wordpress\/plugins\/seo\/ -->\n<title>SZ11-315\/33kV Three Phase Oil Type Distribution Electrical Transformer - PINE-ZHENGXI<\/title>\n<meta name=\"robots\" content=\"index, follow, max-snippet:-1, max-image-preview:large, max-video-preview:-1\" \/>\n<link rel=\"canonical\" href=\"https:\/\/www.tronkiele.com\/fr\/product\/sz11-315-33kv-three-phase-oil-type-distribution-electrical-transformer\/\" \/>\n<meta property=\"og:locale\" content=\"fr_FR\" \/>\n<meta property=\"og:type\" content=\"article\" \/>\n<meta property=\"og:title\" content=\"SZ11-315\/33kV Three Phase Oil Type Distribution Electrical Transformer - PINE-ZHENGXI\" \/>\n<meta property=\"og:description\" content=\"The SZ11 Three-Phase Oil-Immersed Distribution Transformer is a high-performance three-phase transformer built to offer better reliability and efficiency than the older S9 series. By improving the loss design and adjusting the copper-to-iron ratio, it reduces energy loss and provides excellent value.\" \/>\n<meta property=\"og:url\" content=\"https:\/\/www.tronkiele.com\/fr\/product\/sz11-315-33kv-three-phase-oil-type-distribution-electrical-transformer\/\" \/>\n<meta property=\"og:site_name\" content=\"PINE-ZHENGXI\" \/>\n<meta property=\"article:modified_time\" content=\"2025-04-30T13:50:20+00:00\" \/>\n<meta property=\"og:image\" content=\"https:\/\/www.tronkiele.com\/wp-content\/uploads\/2024\/11\/SZ11-315-33kV-Three-Phase-Oil-Type-Distribution-Electrical-Transformer.webp\" \/>\n\t<meta property=\"og:image:width\" content=\"600\" \/>\n\t<meta property=\"og:image:height\" content=\"600\" \/>\n\t<meta property=\"og:image:type\" content=\"image\/webp\" \/>\n<meta name=\"twitter:card\" content=\"summary_large_image\" \/>\n<meta name=\"twitter:label1\" content=\"Dur\u00e9e de lecture estim\u00e9e\" \/>\n\t<meta name=\"twitter:data1\" content=\"2 minutes\" \/>\n<script type=\"application\/ld+json\" class=\"yoast-schema-graph\">{\"@context\":\"https:\/\/schema.org\",\"@graph\":[{\"@type\":\"WebPage\",\"@id\":\"https:\/\/www.tronkiele.com\/product\/sz11-315-33kv-three-phase-oil-type-distribution-electrical-transformer\/\",\"url\":\"https:\/\/www.tronkiele.com\/product\/sz11-315-33kv-three-phase-oil-type-distribution-electrical-transformer\/\",\"name\":\"SZ11-315\/33kV Three Phase Oil Type Distribution Electrical Transformer - PINE-ZHENGXI\",\"isPartOf\":{\"@id\":\"https:\/\/www.tronkiele.com\/#website\"},\"primaryImageOfPage\":{\"@id\":\"https:\/\/www.tronkiele.com\/product\/sz11-315-33kv-three-phase-oil-type-distribution-electrical-transformer\/#primaryimage\"},\"image\":{\"@id\":\"https:\/\/www.tronkiele.com\/product\/sz11-315-33kv-three-phase-oil-type-distribution-electrical-transformer\/#primaryimage\"},\"thumbnailUrl\":\"https:\/\/www.tronkiele.com\/wp-content\/uploads\/2024\/11\/SZ11-315-33kV-Three-Phase-Oil-Type-Distribution-Electrical-Transformer.webp\",\"datePublished\":\"2024-11-29T09:08:06+00:00\",\"dateModified\":\"2025-04-30T13:50:20+00:00\",\"breadcrumb\":{\"@id\":\"https:\/\/www.tronkiele.com\/product\/sz11-315-33kv-three-phase-oil-type-distribution-electrical-transformer\/#breadcrumb\"},\"inLanguage\":\"fr-FR\",\"potentialAction\":[{\"@type\":\"ReadAction\",\"target\":[\"https:\/\/www.tronkiele.com\/product\/sz11-315-33kv-three-phase-oil-type-distribution-electrical-transformer\/\"]}]},{\"@type\":\"ImageObject\",\"inLanguage\":\"fr-FR\",\"@id\":\"https:\/\/www.tronkiele.com\/product\/sz11-315-33kv-three-phase-oil-type-distribution-electrical-transformer\/#primaryimage\",\"url\":\"https:\/\/www.tronkiele.com\/wp-content\/uploads\/2024\/11\/SZ11-315-33kV-Three-Phase-Oil-Type-Distribution-Electrical-Transformer.webp\",\"contentUrl\":\"https:\/\/www.tronkiele.com\/wp-content\/uploads\/2024\/11\/SZ11-315-33kV-Three-Phase-Oil-Type-Distribution-Electrical-Transformer.webp\",\"width\":600,\"height\":600,\"caption\":\"SZ11-315 33kV Three Phase Oil Type Distribution Electrical Transformer\"},{\"@type\":\"BreadcrumbList\",\"@id\":\"https:\/\/www.tronkiele.com\/product\/sz11-315-33kv-three-phase-oil-type-distribution-electrical-transformer\/#breadcrumb\",\"itemListElement\":[{\"@type\":\"ListItem\",\"position\":1,\"name\":\"Home\",\"item\":\"https:\/\/www.tronkiele.com\/\"},{\"@type\":\"ListItem\",\"position\":2,\"name\":\"Products\",\"item\":\"https:\/\/www.tronkiele.com\/shop\/\"},{\"@type\":\"ListItem\",\"position\":3,\"name\":\"SZ11-315\/33kV Three Phase Oil Type Distribution Electrical Transformer\"}]},{\"@type\":\"WebSite\",\"@id\":\"https:\/\/www.tronkiele.com\/#website\",\"url\":\"https:\/\/www.tronkiele.com\/\",\"name\":\"PINE-ZHENGXI\",\"description\":\"\",\"publisher\":{\"@id\":\"https:\/\/www.tronkiele.com\/#organization\"},\"potentialAction\":[{\"@type\":\"SearchAction\",\"target\":{\"@type\":\"EntryPoint\",\"urlTemplate\":\"https:\/\/www.tronkiele.com\/?s={search_term_string}\"},\"query-input\":{\"@type\":\"PropertyValueSpecification\",\"valueRequired\":true,\"valueName\":\"search_term_string\"}}],\"inLanguage\":\"fr-FR\"},{\"@type\":\"Organization\",\"@id\":\"https:\/\/www.tronkiele.com\/#organization\",\"name\":\"PINE-ZHENGXI\",\"url\":\"https:\/\/www.tronkiele.com\/\",\"logo\":{\"@type\":\"ImageObject\",\"inLanguage\":\"fr-FR\",\"@id\":\"https:\/\/www.tronkiele.com\/#\/schema\/logo\/image\/\",\"url\":\"https:\/\/www.tronkiele.com\/wp-content\/uploads\/2024\/11\/cropped-tronki.webp\",\"contentUrl\":\"https:\/\/www.tronkiele.com\/wp-content\/uploads\/2024\/11\/cropped-tronki.webp\",\"width\":512,\"height\":512,\"caption\":\"PINE-ZHENGXI\"},\"image\":{\"@id\":\"https:\/\/www.tronkiele.com\/#\/schema\/logo\/image\/\"}}]}<\/script>\n<!-- \/ Yoast SEO plugin. -->","yoast_head_json":{"title":"Transformateur \u00e9lectrique de distribution triphas\u00e9 \u00e0 huile SZ11-315\/33kV - PINE-ZHENGXI","robots":{"index":"index","follow":"follow","max-snippet":"max-snippet:-1","max-image-preview":"max-image-preview:large","max-video-preview":"max-video-preview:-1"},"canonical":"https:\/\/www.tronkiele.com\/fr\/product\/sz11-315-33kv-three-phase-oil-type-distribution-electrical-transformer\/","og_locale":"fr_FR","og_type":"article","og_title":"SZ11-315\/33kV Three Phase Oil Type Distribution Electrical Transformer - PINE-ZHENGXI","og_description":"The SZ11 Three-Phase Oil-Immersed Distribution Transformer is a high-performance three-phase transformer built to offer better reliability and efficiency than the older S9 series. By improving the loss design and adjusting the copper-to-iron ratio, it reduces energy loss and provides excellent value.","og_url":"https:\/\/www.tronkiele.com\/fr\/product\/sz11-315-33kv-three-phase-oil-type-distribution-electrical-transformer\/","og_site_name":"PINE-ZHENGXI","article_modified_time":"2025-04-30T13:50:20+00:00","og_image":[{"width":600,"height":600,"url":"https:\/\/www.tronkiele.com\/wp-content\/uploads\/2024\/11\/SZ11-315-33kV-Three-Phase-Oil-Type-Distribution-Electrical-Transformer.webp","type":"image\/webp"}],"twitter_card":"summary_large_image","twitter_misc":{"Dur\u00e9e de lecture estim\u00e9e":"2 minutes"},"schema":{"@context":"https:\/\/schema.org","@graph":[{"@type":"WebPage","@id":"https:\/\/www.tronkiele.com\/product\/sz11-315-33kv-three-phase-oil-type-distribution-electrical-transformer\/","url":"https:\/\/www.tronkiele.com\/product\/sz11-315-33kv-three-phase-oil-type-distribution-electrical-transformer\/","name":"Transformateur \u00e9lectrique de distribution triphas\u00e9 \u00e0 huile SZ11-315\/33kV - PINE-ZHENGXI","isPartOf":{"@id":"https:\/\/www.tronkiele.com\/#website"},"primaryImageOfPage":{"@id":"https:\/\/www.tronkiele.com\/product\/sz11-315-33kv-three-phase-oil-type-distribution-electrical-transformer\/#primaryimage"},"image":{"@id":"https:\/\/www.tronkiele.com\/product\/sz11-315-33kv-three-phase-oil-type-distribution-electrical-transformer\/#primaryimage"},"thumbnailUrl":"https:\/\/www.tronkiele.com\/wp-content\/uploads\/2024\/11\/SZ11-315-33kV-Three-Phase-Oil-Type-Distribution-Electrical-Transformer.webp","datePublished":"2024-11-29T09:08:06+00:00","dateModified":"2025-04-30T13:50:20+00:00","breadcrumb":{"@id":"https:\/\/www.tronkiele.com\/product\/sz11-315-33kv-three-phase-oil-type-distribution-electrical-transformer\/#breadcrumb"},"inLanguage":"fr-FR","potentialAction":[{"@type":"ReadAction","target":["https:\/\/www.tronkiele.com\/product\/sz11-315-33kv-three-phase-oil-type-distribution-electrical-transformer\/"]}]},{"@type":"ImageObject","inLanguage":"fr-FR","@id":"https:\/\/www.tronkiele.com\/product\/sz11-315-33kv-three-phase-oil-type-distribution-electrical-transformer\/#primaryimage","url":"https:\/\/www.tronkiele.com\/wp-content\/uploads\/2024\/11\/SZ11-315-33kV-Three-Phase-Oil-Type-Distribution-Electrical-Transformer.webp","contentUrl":"https:\/\/www.tronkiele.com\/wp-content\/uploads\/2024\/11\/SZ11-315-33kV-Three-Phase-Oil-Type-Distribution-Electrical-Transformer.webp","width":600,"height":600,"caption":"SZ11-315 33kV Three Phase Oil Type Distribution Electrical Transformer"},{"@type":"BreadcrumbList","@id":"https:\/\/www.tronkiele.com\/product\/sz11-315-33kv-three-phase-oil-type-distribution-electrical-transformer\/#breadcrumb","itemListElement":[{"@type":"ListItem","position":1,"name":"Home","item":"https:\/\/www.tronkiele.com\/"},{"@type":"ListItem","position":2,"name":"Products","item":"https:\/\/www.tronkiele.com\/shop\/"},{"@type":"ListItem","position":3,"name":"SZ11-315\/33kV Three Phase Oil Type Distribution Electrical Transformer"}]},{"@type":"WebSite","@id":"https:\/\/www.tronkiele.com\/#website","url":"https:\/\/www.tronkiele.com\/","name":"PINE-ZHENGXI","description":"","publisher":{"@id":"https:\/\/www.tronkiele.com\/#organization"},"potentialAction":[{"@type":"SearchAction","target":{"@type":"EntryPoint","urlTemplate":"https:\/\/www.tronkiele.com\/?s={search_term_string}"},"query-input":{"@type":"PropertyValueSpecification","valueRequired":true,"valueName":"search_term_string"}}],"inLanguage":"fr-FR"},{"@type":"Organization","@id":"https:\/\/www.tronkiele.com\/#organization","name":"PINE-ZHENGXI","url":"https:\/\/www.tronkiele.com\/","logo":{"@type":"ImageObject","inLanguage":"fr-FR","@id":"https:\/\/www.tronkiele.com\/#\/schema\/logo\/image\/","url":"https:\/\/www.tronkiele.com\/wp-content\/uploads\/2024\/11\/cropped-tronki.webp","contentUrl":"https:\/\/www.tronkiele.com\/wp-content\/uploads\/2024\/11\/cropped-tronki.webp","width":512,"height":512,"caption":"PINE-ZHENGXI"},"image":{"@id":"https:\/\/www.tronkiele.com\/#\/schema\/logo\/image\/"}}]}},"_links":{"self":[{"href":"https:\/\/www.tronkiele.com\/fr\/wp-json\/wp\/v2\/product\/2599","targetHints":{"allow":["GET"]}}],"collection":[{"href":"https:\/\/www.tronkiele.com\/fr\/wp-json\/wp\/v2\/product"}],"about":[{"href":"https:\/\/www.tronkiele.com\/fr\/wp-json\/wp\/v2\/types\/product"}],"version-history":[{"count":2,"href":"https:\/\/www.tronkiele.com\/fr\/wp-json\/wp\/v2\/product\/2599\/revisions"}],"predecessor-version":[{"id":21560,"href":"https:\/\/www.tronkiele.com\/fr\/wp-json\/wp\/v2\/product\/2599\/revisions\/21560"}],"wp:featuredmedia":[{"embeddable":true,"href":"https:\/\/www.tronkiele.com\/fr\/wp-json\/wp\/v2\/media\/2600"}],"wp:attachment":[{"href":"https:\/\/www.tronkiele.com\/fr\/wp-json\/wp\/v2\/media?parent=2599"}],"wp:term":[{"taxonomy":"product_brand","embeddable":true,"href":"https:\/\/www.tronkiele.com\/fr\/wp-json\/wp\/v2\/product_brand?post=2599"},{"taxonomy":"product_cat","embeddable":true,"href":"https:\/\/www.tronkiele.com\/fr\/wp-json\/wp\/v2\/product_cat?post=2599"},{"taxonomy":"product_tag","embeddable":true,"href":"https:\/\/www.tronkiele.com\/fr\/wp-json\/wp\/v2\/product_tag?post=2599"}],"curies":[{"name":"wp","href":"https:\/\/api.w.org\/{rel}","templated":true}]}}