{"id":2601,"date":"2024-11-29T10:12:26","date_gmt":"2024-11-29T10:12:26","guid":{"rendered":"https:\/\/www.tronkiele.com\/?post_type=product&#038;p=2601"},"modified":"2025-03-30T11:07:00","modified_gmt":"2025-03-30T11:07:00","slug":"s11-s13-250kva-11kv-3-phase-distribution-power-transformer","status":"publish","type":"product","link":"https:\/\/www.tronkiele.com\/fr\/product\/s11-s13-250kva-11kv-3-phase-distribution-power-transformer\/","title":{"rendered":"S11-S13 Transformateur de puissance de distribution triphas\u00e9 250KVA 11kV"},"content":{"rendered":"<h2>Caract\u00e9ristiques principales<\/h2>\n<p>Applications diverses : Convient \u00e0 l'alimentation \u00e9lectrique industrielle, commerciale et r\u00e9sidentielle.<br \/>\nPerformance efficace : Abaisse la haute tension \u00e0 400 V pour une utilisation quotidienne.<br \/>\nLarge gamme de temp\u00e9ratures : Peut fonctionner \u00e0 des temp\u00e9ratures allant de -25\u00b0C \u00e0 40\u00b0C.<br \/>\nDurable et n\u00e9cessitant peu d'entretien : Con\u00e7u pour r\u00e9sister aux courts-circuits et aux surcharges avec peu d'entretien.<\/p>\n<h2>Principales sp\u00e9cifications<\/h2>\n<table>\n<tbody>\n<tr>\n<td width=\"22.0400%\">Capacit\u00e9 nominale (KVA)<\/td>\n<td width=\"77.9400%\">10~2500 kVA<\/td>\n<\/tr>\n<tr>\n<td width=\"22.0400%\">Groupe vectoriel<\/td>\n<td width=\"77.9400%\">Yyn0 ou Dyn11<\/td>\n<\/tr>\n<tr>\n<td width=\"22.0400%\">Tension d'imp\u00e9dance (%)<\/td>\n<td width=\"77.9400%\">4%, 4.5%<\/td>\n<\/tr>\n<tr>\n<td width=\"22.0400%\">Tension nominale<\/td>\n<td width=\"77.9400%\">H. V : 11, 10,5, 10, 6,3, 6kV (ou personnalis\u00e9)<\/td>\n<\/tr>\n<tr>\n<td width=\"22.0400%\">L. V.<\/td>\n<td width=\"77.9400%\">0,4, 0,69kV (ou sur mesure)<\/td>\n<\/tr>\n<tr>\n<td width=\"22.0400%\">Plage de taraudage<\/td>\n<td width=\"77.9400%\">\u00b1 5% ou \u00b1 2 * 2,5% (ou personnalis\u00e9)<\/td>\n<\/tr>\n<tr>\n<td width=\"22.0400%\">Fr\u00e9quence<\/td>\n<td width=\"77.9400%\">50\/60Hz<\/td>\n<\/tr>\n<tr>\n<td width=\"22.0400%\">Nombre de phases<\/td>\n<td width=\"77.9400%\">3<\/td>\n<\/tr>\n<tr>\n<td width=\"22.0400%\">M\u00e9thode de refroidissement<\/td>\n<td width=\"77.9400%\">ONAN<\/td>\n<\/tr>\n<tr>\n<td width=\"22.0400%\">Limites d'augmentation de la temp\u00e9rature<\/td>\n<td width=\"77.9400%\">Enroulement \u2264 65K, Huile sup\u00e9rieure \u2264 60K<\/td>\n<\/tr>\n<tr>\n<td width=\"22.0400%\">Normes<\/td>\n<td width=\"77.9400%\">IEC60076 Transformateur de puissance, GB1094 Transformateur de puissance, GB\/T6451 Caract\u00e9ristiques techniques et exigences des transformateurs de puissance triphas\u00e9s \u00e0 bain d'huile<\/td>\n<\/tr>\n<tr>\n<td width=\"22.0400%\">Conditions ambiantes<\/td>\n<td width=\"77.9400%\"><\/td>\n<\/tr>\n<tr>\n<td width=\"22.0400%\">Altitude<\/td>\n<td width=\"77.9400%\">\u22641, 000m<\/td>\n<\/tr>\n<tr>\n<td width=\"22.0400%\">Temp\u00e9rature ambiante la plus \u00e9lev\u00e9e<\/td>\n<td width=\"77.9400%\">+40\u2103<\/td>\n<\/tr>\n<tr>\n<td width=\"22.0400%\">Temp\u00e9rature moyenne annuelle la plus \u00e9lev\u00e9e<\/td>\n<td width=\"77.9400%\">+20\u2103<\/td>\n<\/tr>\n<tr>\n<td width=\"22.0400%\">Temp\u00e9rature moyenne mensuelle la plus \u00e9lev\u00e9e<\/td>\n<td width=\"77.9400%\">+30\u2103<\/td>\n<\/tr>\n<tr>\n<td width=\"22.0400%\">Temp\u00e9rature la plus basse<\/td>\n<td width=\"77.9400%\">-25\u2103 Int\u00e9rieur et ext\u00e9rieur<\/td>\n<\/tr>\n<\/tbody>\n<\/table>\n<table>\n<tbody>\n<tr>\n<td width=\"9.2200%\">CAPACIT\u00c9 NOMINALE<\/td>\n<td colspan=\"3\" width=\"26.0200%\">COMBINAISON DE TENSIONS<\/td>\n<td width=\"11.2800%\">GROUPE DE CONNEXION<\/td>\n<td colspan=\"2\" width=\"12.6400%\">PERTE (kW)<\/td>\n<td width=\"10.4800%\">COURANT \u00c0 VIDE<\/td>\n<td width=\"14.0800%\">IMP\u00c9DANCE DE COURT-CIRCUIT<\/td>\n<td colspan=\"2\" width=\"16.2000%\">POIDS(KG)<\/td>\n<\/tr>\n<tr>\n<td width=\"9.2200%\">(kVA)<\/td>\n<td width=\"5.2000%\">HV(kV)<\/td>\n<td width=\"15.6200%\">GAMME DE PRISES HAUTE TENSION<\/td>\n<td width=\"5.1800%\">BT (kV)<\/td>\n<td width=\"11.2800%\">SYMBOL<\/td>\n<td width=\"6.2800%\">NO-LOAD<\/td>\n<td width=\"6.3600%\">CHARGER<\/td>\n<td width=\"10.4800%\">(%)<\/td>\n<td width=\"14.0800%\">(%)<\/td>\n<td width=\"7.3800%\">POIDS DE L'HUILE<\/td>\n<td width=\"8.8200%\">POIDS BRUT<\/td>\n<\/tr>\n<tr>\n<td width=\"9.2200%\">30<\/td>\n<td rowspan=\"17\" width=\"5.2000%\">6<br \/>\n6.3<br \/>\n6.6<br \/>\n10<br \/>\n10.5<br \/>\n11<\/td>\n<td rowspan=\"17\" width=\"15.6200%\">\u00b15%<br \/>\n\u00b12*2.5%<\/td>\n<td rowspan=\"17\" width=\"5.1800%\">0.4<\/td>\n<td rowspan=\"17\" width=\"11.2800%\">Yyn0<br \/>\nDyn11<\/td>\n<td width=\"6.2800%\">0.1<\/td>\n<td width=\"6.3600%\">0.63\/0.60<\/td>\n<td width=\"10.4800%\">2.1<\/td>\n<td rowspan=\"11\" width=\"14.0800%\">4<\/td>\n<td width=\"7.3800%\">75<\/td>\n<td width=\"8.8200%\">295<\/td>\n<\/tr>\n<tr>\n<td width=\"9.2200%\">50<\/td>\n<td width=\"6.2800%\">0.13<\/td>\n<td width=\"6.3600%\">0.91\/0.87<\/td>\n<td width=\"10.4800%\">1.1<\/td>\n<td width=\"7.3800%\">88<\/td>\n<td width=\"8.8200%\">395<\/td>\n<\/tr>\n<tr>\n<td width=\"9.2200%\">63<\/td>\n<td width=\"6.2800%\">0.15<\/td>\n<td width=\"6.3600%\">1.09\/1.04<\/td>\n<td width=\"10.4800%\">1<\/td>\n<td width=\"7.3800%\">95<\/td>\n<td width=\"8.8200%\">420<\/td>\n<\/tr>\n<tr>\n<td width=\"9.2200%\">80<\/td>\n<td width=\"6.2800%\">0.18<\/td>\n<td width=\"6.3600%\">1.31\/1.25<\/td>\n<td width=\"10.4800%\">1<\/td>\n<td width=\"7.3800%\">103<\/td>\n<td width=\"8.8200%\">480<\/td>\n<\/tr>\n<tr>\n<td width=\"9.2200%\">100<\/td>\n<td width=\"6.2800%\">0.2<\/td>\n<td width=\"6.3600%\">1.58\/1.50<\/td>\n<td width=\"10.4800%\">0.9<\/td>\n<td width=\"7.3800%\">115<\/td>\n<td width=\"8.8200%\">540<\/td>\n<\/tr>\n<tr>\n<td width=\"9.2200%\">125<\/td>\n<td width=\"6.2800%\">0.24<\/td>\n<td width=\"6.3600%\">1.89\/1.80<\/td>\n<td width=\"10.4800%\">0.9<\/td>\n<td width=\"7.3800%\">130<\/td>\n<td width=\"8.8200%\">645<\/td>\n<\/tr>\n<tr>\n<td width=\"9.2200%\">160<\/td>\n<td width=\"6.2800%\">0.28<\/td>\n<td width=\"6.3600%\">2.31\/2.20<\/td>\n<td width=\"10.4800%\">0.8<\/td>\n<td width=\"7.3800%\">145<\/td>\n<td width=\"8.8200%\">740<\/td>\n<\/tr>\n<tr>\n<td width=\"9.2200%\">200<\/td>\n<td width=\"6.2800%\">0.34<\/td>\n<td width=\"6.3600%\">2.73\/2.60<\/td>\n<td width=\"10.4800%\">0.8<\/td>\n<td width=\"7.3800%\">175<\/td>\n<td width=\"8.8200%\">885<\/td>\n<\/tr>\n<tr>\n<td width=\"9.2200%\">250<\/td>\n<td width=\"6.2800%\">0.4<\/td>\n<td width=\"6.3600%\">3.20\/3.05<\/td>\n<td width=\"10.4800%\">0.7<\/td>\n<td width=\"7.3800%\">195<\/td>\n<td width=\"8.8200%\">1010<\/td>\n<\/tr>\n<tr>\n<td width=\"9.2200%\">315<\/td>\n<td width=\"6.2800%\">0.48<\/td>\n<td width=\"6.3600%\">3.83\/3.65<\/td>\n<td width=\"10.4800%\">0.7<\/td>\n<td width=\"7.3800%\">230<\/td>\n<td width=\"8.8200%\">1205<\/td>\n<\/tr>\n<tr>\n<td width=\"9.2200%\">400<\/td>\n<td width=\"6.2800%\">0.57<\/td>\n<td width=\"6.3600%\">4.52\/4.30<\/td>\n<td width=\"10.4800%\">0.6<\/td>\n<td width=\"7.3800%\">255<\/td>\n<td width=\"8.8200%\">1375<\/td>\n<\/tr>\n<tr>\n<td width=\"9.2200%\">500<\/td>\n<td width=\"6.2800%\">0.68<\/td>\n<td width=\"6.3600%\">5.41\/5.15<\/td>\n<td width=\"10.4800%\">0.6<\/td>\n<td rowspan=\"6\" width=\"14.0800%\">4.5<\/td>\n<td width=\"7.3800%\">285<\/td>\n<td width=\"8.8200%\">1620<\/td>\n<\/tr>\n<tr>\n<td width=\"9.2200%\">630<\/td>\n<td width=\"6.2800%\">0.81<\/td>\n<td width=\"6.3600%\">6.2<\/td>\n<td width=\"10.4800%\">0.6<\/td>\n<td width=\"7.3800%\">350<\/td>\n<td width=\"8.8200%\">1960<\/td>\n<\/tr>\n<tr>\n<td width=\"9.2200%\">800<\/td>\n<td width=\"6.2800%\">0.98<\/td>\n<td width=\"6.3600%\">7.5<\/td>\n<td width=\"10.4800%\">0.5<\/td>\n<td width=\"7.3800%\">405<\/td>\n<td width=\"8.8200%\">2310<\/td>\n<\/tr>\n<tr>\n<td width=\"9.2200%\">1000<\/td>\n<td width=\"6.2800%\">1.15<\/td>\n<td width=\"6.3600%\">10.3<\/td>\n<td width=\"10.4800%\">0.5<\/td>\n<td width=\"7.3800%\">490<\/td>\n<td width=\"8.8200%\">1690<\/td>\n<\/tr>\n<tr>\n<td width=\"9.2200%\">1250<\/td>\n<td width=\"6.2800%\">1.36<\/td>\n<td width=\"6.3600%\">12<\/td>\n<td width=\"10.4800%\">0.5<\/td>\n<td width=\"7.3800%\">550<\/td>\n<td width=\"8.8200%\">3315<\/td>\n<\/tr>\n<tr>\n<td width=\"9.2200%\">1600<\/td>\n<td width=\"6.2800%\">1.64<\/td>\n<td width=\"6.3600%\">14.5<\/td>\n<td width=\"10.4800%\">0.4<\/td>\n<td width=\"7.3800%\">625<\/td>\n<td width=\"8.8200%\">3795<\/p>\n<p>&nbsp;<\/td>\n<\/tr>\n<\/tbody>\n<\/table>\n<h2>Conception de r\u00e9servoirs ondul\u00e9s<\/h2>\n<p>Nos transformateurs utilisent une cuve ondul\u00e9e, qui pr\u00e9sente de nombreux avantages :<\/p>\n<p>Peu encombrant : La taille compacte facilite l'installation.<br \/>\nMeilleur refroidissement : Les ailettes ondul\u00e9es contribuent \u00e0 maintenir le transformateur au frais, ce qui prolonge sa dur\u00e9e de vie.<br \/>\nConception \u00e9tanche : Le r\u00e9servoir herm\u00e9tiquement scell\u00e9 \u00e9vite les fuites et r\u00e9duit l'entretien.<br \/>\nGamme polyvalente : Disponible en versions 11 kV et 33 kV, avec des puissances nominales allant jusqu'\u00e0 2500 kVA.<\/p>\n<h2>Pourquoi choisir nos transformateurs ?<\/h2>\n<p>\u25cf Faible perte<br \/>\n\u25cf Faible bruit<br \/>\n\u25cf Entretien facile<br \/>\n\u25cf Fiabilit\u00e9 du fonctionnement<br \/>\n\u25cf Structure compacte<br \/>\n\u25cf Forte r\u00e9sistance m\u00e9canique et capacit\u00e9 de r\u00e9sistance aux courts-circuits.<br \/>\n\u25cf 100% garantie sans fuite<\/p>","protected":false},"excerpt":{"rendered":"<p>TRONKI Electric fournit une s\u00e9rie de produits fiables <a href=\"https:\/\/www.zx-ele.com\/category\/transformer\/oil-transformer\/\"><span style=\"color: #0000ff;\">transformateurs de distribution \u00e0 bain d'huile<\/span><\/a> pour une utilisation \u00e0 la fois industrielle et civile. Ils peuvent \u00eatre utilis\u00e9s \u00e0 l'ext\u00e9rieur et \u00e0 l'int\u00e9rieur et fonctionnent efficacement \u00e0 des temp\u00e9ratures allant de -25\u00b0C \u00e0 40\u00b0C. Ils abaissent la tension du r\u00e9seau \u00e9lectrique (11 kV, 10,5 kV, 10 kV, 6,3 kV, 6 kV) \u00e0 400V en toute s\u00e9curit\u00e9 pour les particuliers et les entreprises.<\/p>","protected":false},"featured_media":2602,"template":"","meta":[],"product_brand":[],"product_cat":[34,33],"product_tag":[],"class_list":{"0":"post-2601","1":"product","2":"type-product","3":"status-publish","4":"has-post-thumbnail","6":"product_cat-oil-transformer","7":"product_cat-power-transformer","9":"first","10":"instock","11":"taxable","12":"shipping-taxable","13":"product-type-simple"},"yoast_head":"<!-- This site is optimized with the Yoast SEO plugin v25.0 - https:\/\/yoast.com\/wordpress\/plugins\/seo\/ -->\n<title>S11-S13 250KVA 11kV 3 Phase Distribution Power Transformer - PINE<\/title>\n<meta name=\"robots\" content=\"index, follow, max-snippet:-1, max-image-preview:large, max-video-preview:-1\" \/>\n<link rel=\"canonical\" href=\"https:\/\/www.tronkiele.com\/fr\/product\/s11-s13-250kva-11kv-3-phase-distribution-power-transformer\/\" \/>\n<meta property=\"og:locale\" content=\"fr_FR\" \/>\n<meta property=\"og:type\" content=\"article\" \/>\n<meta property=\"og:title\" content=\"S11-S13 250KVA 11kV 3 Phase Distribution Power Transformer - PINE\" \/>\n<meta property=\"og:description\" content=\"TRONKI Electric provides a serial of reliable oil-immersed distribution transformers for both industrial and civil use. They are suitable for outdoor and indoor use and work effectively under the temperatures from -25\u00b0C to 40\u00b0C, stepping down high-voltage grid supply (such as 11 kV, 10.5 kV, 10 kV, 6.3 kV, 6 kV) into 400V in safety for home and business usages.\" \/>\n<meta property=\"og:url\" content=\"https:\/\/www.tronkiele.com\/fr\/product\/s11-s13-250kva-11kv-3-phase-distribution-power-transformer\/\" \/>\n<meta property=\"og:site_name\" content=\"PINE\" \/>\n<meta property=\"article:modified_time\" content=\"2025-03-30T11:07:00+00:00\" \/>\n<meta property=\"og:image\" content=\"https:\/\/www.tronkiele.com\/wp-content\/uploads\/2024\/11\/S11-S13-250KVA-11kV-Distribution-Power-Transformer.webp\" \/>\n\t<meta property=\"og:image:width\" content=\"600\" \/>\n\t<meta property=\"og:image:height\" content=\"600\" \/>\n\t<meta property=\"og:image:type\" content=\"image\/webp\" \/>\n<meta name=\"twitter:card\" content=\"summary_large_image\" \/>\n<meta name=\"twitter:label1\" content=\"Dur\u00e9e de lecture estim\u00e9e\" \/>\n\t<meta name=\"twitter:data1\" content=\"2 minutes\" \/>\n<script type=\"application\/ld+json\" class=\"yoast-schema-graph\">{\"@context\":\"https:\/\/schema.org\",\"@graph\":[{\"@type\":\"WebPage\",\"@id\":\"https:\/\/www.tronkiele.com\/product\/s11-s13-250kva-11kv-3-phase-distribution-power-transformer\/\",\"url\":\"https:\/\/www.tronkiele.com\/product\/s11-s13-250kva-11kv-3-phase-distribution-power-transformer\/\",\"name\":\"S11-S13 250KVA 11kV 3 Phase Distribution Power Transformer - PINE\",\"isPartOf\":{\"@id\":\"https:\/\/www.tronkiele.com\/#website\"},\"primaryImageOfPage\":{\"@id\":\"https:\/\/www.tronkiele.com\/product\/s11-s13-250kva-11kv-3-phase-distribution-power-transformer\/#primaryimage\"},\"image\":{\"@id\":\"https:\/\/www.tronkiele.com\/product\/s11-s13-250kva-11kv-3-phase-distribution-power-transformer\/#primaryimage\"},\"thumbnailUrl\":\"https:\/\/www.tronkiele.com\/wp-content\/uploads\/2024\/11\/S11-S13-250KVA-11kV-Distribution-Power-Transformer.webp\",\"datePublished\":\"2024-11-29T10:12:26+00:00\",\"dateModified\":\"2025-03-30T11:07:00+00:00\",\"breadcrumb\":{\"@id\":\"https:\/\/www.tronkiele.com\/product\/s11-s13-250kva-11kv-3-phase-distribution-power-transformer\/#breadcrumb\"},\"inLanguage\":\"fr-FR\",\"potentialAction\":[{\"@type\":\"ReadAction\",\"target\":[\"https:\/\/www.tronkiele.com\/product\/s11-s13-250kva-11kv-3-phase-distribution-power-transformer\/\"]}]},{\"@type\":\"ImageObject\",\"inLanguage\":\"fr-FR\",\"@id\":\"https:\/\/www.tronkiele.com\/product\/s11-s13-250kva-11kv-3-phase-distribution-power-transformer\/#primaryimage\",\"url\":\"https:\/\/www.tronkiele.com\/wp-content\/uploads\/2024\/11\/S11-S13-250KVA-11kV-Distribution-Power-Transformer.webp\",\"contentUrl\":\"https:\/\/www.tronkiele.com\/wp-content\/uploads\/2024\/11\/S11-S13-250KVA-11kV-Distribution-Power-Transformer.webp\",\"width\":600,\"height\":600,\"caption\":\"S11-S13 250KVA 11kV Distribution Power Transformer\"},{\"@type\":\"BreadcrumbList\",\"@id\":\"https:\/\/www.tronkiele.com\/product\/s11-s13-250kva-11kv-3-phase-distribution-power-transformer\/#breadcrumb\",\"itemListElement\":[{\"@type\":\"ListItem\",\"position\":1,\"name\":\"Home\",\"item\":\"https:\/\/www.tronkiele.com\/\"},{\"@type\":\"ListItem\",\"position\":2,\"name\":\"Products\",\"item\":\"https:\/\/www.tronkiele.com\/shop\/\"},{\"@type\":\"ListItem\",\"position\":3,\"name\":\"S11-S13 250KVA 11kV 3 Phase Distribution Power Transformer\"}]},{\"@type\":\"WebSite\",\"@id\":\"https:\/\/www.tronkiele.com\/#website\",\"url\":\"https:\/\/www.tronkiele.com\/\",\"name\":\"PINE\",\"description\":\"\",\"publisher\":{\"@id\":\"https:\/\/www.tronkiele.com\/#organization\"},\"potentialAction\":[{\"@type\":\"SearchAction\",\"target\":{\"@type\":\"EntryPoint\",\"urlTemplate\":\"https:\/\/www.tronkiele.com\/?s={search_term_string}\"},\"query-input\":{\"@type\":\"PropertyValueSpecification\",\"valueRequired\":true,\"valueName\":\"search_term_string\"}}],\"inLanguage\":\"fr-FR\"},{\"@type\":\"Organization\",\"@id\":\"https:\/\/www.tronkiele.com\/#organization\",\"name\":\"PINE\",\"url\":\"https:\/\/www.tronkiele.com\/\",\"logo\":{\"@type\":\"ImageObject\",\"inLanguage\":\"fr-FR\",\"@id\":\"https:\/\/www.tronkiele.com\/#\/schema\/logo\/image\/\",\"url\":\"https:\/\/www.tronkiele.com\/wp-content\/uploads\/2024\/11\/cropped-tronki.webp\",\"contentUrl\":\"https:\/\/www.tronkiele.com\/wp-content\/uploads\/2024\/11\/cropped-tronki.webp\",\"width\":512,\"height\":512,\"caption\":\"PINE\"},\"image\":{\"@id\":\"https:\/\/www.tronkiele.com\/#\/schema\/logo\/image\/\"}}]}<\/script>\n<!-- \/ Yoast SEO plugin. -->","yoast_head_json":{"title":"S11-S13 Transformateur de puissance de distribution triphas\u00e9 250KVA 11kV - PINE","robots":{"index":"index","follow":"follow","max-snippet":"max-snippet:-1","max-image-preview":"max-image-preview:large","max-video-preview":"max-video-preview:-1"},"canonical":"https:\/\/www.tronkiele.com\/fr\/product\/s11-s13-250kva-11kv-3-phase-distribution-power-transformer\/","og_locale":"fr_FR","og_type":"article","og_title":"S11-S13 250KVA 11kV 3 Phase Distribution Power Transformer - PINE","og_description":"TRONKI Electric provides a serial of reliable oil-immersed distribution transformers for both industrial and civil use. They are suitable for outdoor and indoor use and work effectively under the temperatures from -25\u00b0C to 40\u00b0C, stepping down high-voltage grid supply (such as 11 kV, 10.5 kV, 10 kV, 6.3 kV, 6 kV) into 400V in safety for home and business usages.","og_url":"https:\/\/www.tronkiele.com\/fr\/product\/s11-s13-250kva-11kv-3-phase-distribution-power-transformer\/","og_site_name":"PINE","article_modified_time":"2025-03-30T11:07:00+00:00","og_image":[{"width":600,"height":600,"url":"https:\/\/www.tronkiele.com\/wp-content\/uploads\/2024\/11\/S11-S13-250KVA-11kV-Distribution-Power-Transformer.webp","type":"image\/webp"}],"twitter_card":"summary_large_image","twitter_misc":{"Dur\u00e9e de lecture estim\u00e9e":"2 minutes"},"schema":{"@context":"https:\/\/schema.org","@graph":[{"@type":"WebPage","@id":"https:\/\/www.tronkiele.com\/product\/s11-s13-250kva-11kv-3-phase-distribution-power-transformer\/","url":"https:\/\/www.tronkiele.com\/product\/s11-s13-250kva-11kv-3-phase-distribution-power-transformer\/","name":"S11-S13 Transformateur de puissance de distribution triphas\u00e9 250KVA 11kV - PINE","isPartOf":{"@id":"https:\/\/www.tronkiele.com\/#website"},"primaryImageOfPage":{"@id":"https:\/\/www.tronkiele.com\/product\/s11-s13-250kva-11kv-3-phase-distribution-power-transformer\/#primaryimage"},"image":{"@id":"https:\/\/www.tronkiele.com\/product\/s11-s13-250kva-11kv-3-phase-distribution-power-transformer\/#primaryimage"},"thumbnailUrl":"https:\/\/www.tronkiele.com\/wp-content\/uploads\/2024\/11\/S11-S13-250KVA-11kV-Distribution-Power-Transformer.webp","datePublished":"2024-11-29T10:12:26+00:00","dateModified":"2025-03-30T11:07:00+00:00","breadcrumb":{"@id":"https:\/\/www.tronkiele.com\/product\/s11-s13-250kva-11kv-3-phase-distribution-power-transformer\/#breadcrumb"},"inLanguage":"fr-FR","potentialAction":[{"@type":"ReadAction","target":["https:\/\/www.tronkiele.com\/product\/s11-s13-250kva-11kv-3-phase-distribution-power-transformer\/"]}]},{"@type":"ImageObject","inLanguage":"fr-FR","@id":"https:\/\/www.tronkiele.com\/product\/s11-s13-250kva-11kv-3-phase-distribution-power-transformer\/#primaryimage","url":"https:\/\/www.tronkiele.com\/wp-content\/uploads\/2024\/11\/S11-S13-250KVA-11kV-Distribution-Power-Transformer.webp","contentUrl":"https:\/\/www.tronkiele.com\/wp-content\/uploads\/2024\/11\/S11-S13-250KVA-11kV-Distribution-Power-Transformer.webp","width":600,"height":600,"caption":"S11-S13 250KVA 11kV Distribution Power Transformer"},{"@type":"BreadcrumbList","@id":"https:\/\/www.tronkiele.com\/product\/s11-s13-250kva-11kv-3-phase-distribution-power-transformer\/#breadcrumb","itemListElement":[{"@type":"ListItem","position":1,"name":"Home","item":"https:\/\/www.tronkiele.com\/"},{"@type":"ListItem","position":2,"name":"Products","item":"https:\/\/www.tronkiele.com\/shop\/"},{"@type":"ListItem","position":3,"name":"S11-S13 250KVA 11kV 3 Phase Distribution Power Transformer"}]},{"@type":"WebSite","@id":"https:\/\/www.tronkiele.com\/#website","url":"https:\/\/www.tronkiele.com\/","name":"PIN","description":"","publisher":{"@id":"https:\/\/www.tronkiele.com\/#organization"},"potentialAction":[{"@type":"SearchAction","target":{"@type":"EntryPoint","urlTemplate":"https:\/\/www.tronkiele.com\/?s={search_term_string}"},"query-input":{"@type":"PropertyValueSpecification","valueRequired":true,"valueName":"search_term_string"}}],"inLanguage":"fr-FR"},{"@type":"Organization","@id":"https:\/\/www.tronkiele.com\/#organization","name":"PIN","url":"https:\/\/www.tronkiele.com\/","logo":{"@type":"ImageObject","inLanguage":"fr-FR","@id":"https:\/\/www.tronkiele.com\/#\/schema\/logo\/image\/","url":"https:\/\/www.tronkiele.com\/wp-content\/uploads\/2024\/11\/cropped-tronki.webp","contentUrl":"https:\/\/www.tronkiele.com\/wp-content\/uploads\/2024\/11\/cropped-tronki.webp","width":512,"height":512,"caption":"PINE"},"image":{"@id":"https:\/\/www.tronkiele.com\/#\/schema\/logo\/image\/"}}]}},"_links":{"self":[{"href":"https:\/\/www.tronkiele.com\/fr\/wp-json\/wp\/v2\/product\/2601","targetHints":{"allow":["GET"]}}],"collection":[{"href":"https:\/\/www.tronkiele.com\/fr\/wp-json\/wp\/v2\/product"}],"about":[{"href":"https:\/\/www.tronkiele.com\/fr\/wp-json\/wp\/v2\/types\/product"}],"version-history":[{"count":1,"href":"https:\/\/www.tronkiele.com\/fr\/wp-json\/wp\/v2\/product\/2601\/revisions"}],"predecessor-version":[{"id":21555,"href":"https:\/\/www.tronkiele.com\/fr\/wp-json\/wp\/v2\/product\/2601\/revisions\/21555"}],"wp:featuredmedia":[{"embeddable":true,"href":"https:\/\/www.tronkiele.com\/fr\/wp-json\/wp\/v2\/media\/2602"}],"wp:attachment":[{"href":"https:\/\/www.tronkiele.com\/fr\/wp-json\/wp\/v2\/media?parent=2601"}],"wp:term":[{"taxonomy":"product_brand","embeddable":true,"href":"https:\/\/www.tronkiele.com\/fr\/wp-json\/wp\/v2\/product_brand?post=2601"},{"taxonomy":"product_cat","embeddable":true,"href":"https:\/\/www.tronkiele.com\/fr\/wp-json\/wp\/v2\/product_cat?post=2601"},{"taxonomy":"product_tag","embeddable":true,"href":"https:\/\/www.tronkiele.com\/fr\/wp-json\/wp\/v2\/product_tag?post=2601"}],"curies":[{"name":"wp","href":"https:\/\/api.w.org\/{rel}","templated":true}]}}