{"id":2603,"date":"2024-11-29T11:24:55","date_gmt":"2024-11-29T11:24:55","guid":{"rendered":"https:\/\/www.tronkiele.com\/?post_type=product&#038;p=2603"},"modified":"2025-03-30T11:05:13","modified_gmt":"2025-03-30T11:05:13","slug":"10kva-2500kva-oil-immersed-substation-step-down-power-transformer","status":"publish","type":"product","link":"https:\/\/www.tronkiele.com\/fr\/product\/10kva-2500kva-oil-immersed-substation-step-down-power-transformer\/","title":{"rendered":"10kVA-2500kVA Transformateur de puissance de sous-station \u00e0 immersion d'huile"},"content":{"rendered":"<h2>Caract\u00e9ristiques principales<\/h2>\n<p>Utilisation polyvalente : convient aux installations int\u00e9rieures et ext\u00e9rieures.<br \/>\nDurable et n\u00e9cessitant peu d'entretien : Construit pour r\u00e9sister aux courts-circuits et aux surcharges, avec un minimum d'entretien.<br \/>\nEfficace : La s\u00e9rie S11 offre le meilleur \u00e9quilibre entre faible perte d'\u00e9nergie et rentabilit\u00e9, tandis que la s\u00e9rie S13 est \u00e0 la pointe de l'efficacit\u00e9 \u00e9nerg\u00e9tique.<\/p>\n<h2>Principales sp\u00e9cifications<\/h2>\n<table>\n<tbody>\n<tr>\n<td width=\"22.0400%\">Capacit\u00e9 nominale (kVA)<\/td>\n<td width=\"77.9400%\">10~2500 kVA<\/td>\n<\/tr>\n<tr>\n<td width=\"22.0400%\">Groupe Vecteur<\/td>\n<td width=\"77.9400%\">Yyn0 ou Dyn11<\/td>\n<\/tr>\n<tr>\n<td width=\"22.0400%\">Imp\u00e9dance Tension (%)<\/td>\n<td width=\"77.9400%\">4%, 4.5%<\/td>\n<\/tr>\n<tr>\n<td width=\"22.0400%\">Tension nominale<\/td>\n<td width=\"77.9400%\">H. V\uff1a11, 10.5, 10, 6.3, 6KV (ou sur mesure)<\/td>\n<\/tr>\n<tr>\n<td width=\"22.0400%\">Plage de taraudage<\/td>\n<td width=\"77.9400%\">\u00b1 5% ou \u00b1 2 * 2,5% (ou personnalis\u00e9)<\/td>\n<\/tr>\n<tr>\n<td width=\"22.0400%\">Fr\u00e9quence<\/td>\n<td width=\"77.9400%\">50\/60Hz<\/td>\n<\/tr>\n<tr>\n<td width=\"22.0400%\">Nombre de phases<\/td>\n<td width=\"77.9400%\">Transformateur triphas\u00e9<\/td>\n<\/tr>\n<tr>\n<td width=\"22.0400%\">M\u00e9thode de refroidissement<\/td>\n<td width=\"77.9400%\">ONAN<\/td>\n<\/tr>\n<tr>\n<td width=\"22.0400%\">Limites d'augmentation de la temp\u00e9rature<\/td>\n<td width=\"77.9400%\">Enroulement \u2264 65K, Huile sup\u00e9rieure \u2264 60K<\/td>\n<\/tr>\n<tr>\n<td width=\"22.0400%\">Normes<\/td>\n<td width=\"77.9400%\">IEC60076 Transformateur de puissance, GB1094 Transformateur de puissance, GB\/T6451 Caract\u00e9ristiques techniques et exigences des transformateurs de puissance triphas\u00e9s \u00e0 bain d'huile<\/td>\n<\/tr>\n<tr>\n<td width=\"22.0400%\">Altitude<\/td>\n<td width=\"77.9400%\">\u22641, 000m<\/td>\n<\/tr>\n<tr>\n<td width=\"22.0400%\">Temp\u00e9rature ambiante la plus \u00e9lev\u00e9e<\/td>\n<td width=\"77.9400%\">+40\u2103<\/td>\n<\/tr>\n<tr>\n<td width=\"22.0400%\">Temp\u00e9rature moyenne annuelle la plus \u00e9lev\u00e9e<\/td>\n<td width=\"77.9400%\">+20\u2103<\/td>\n<\/tr>\n<tr>\n<td width=\"22.0400%\">Temp\u00e9rature moyenne mensuelle la plus \u00e9lev\u00e9e<\/td>\n<td width=\"77.9400%\">+30\u2103<\/td>\n<\/tr>\n<tr>\n<td width=\"22.0400%\">Temp\u00e9rature la plus basse<\/td>\n<td width=\"77.9400%\">-25\u2103 Int\u00e9rieur et ext\u00e9rieur<\/td>\n<\/tr>\n<\/tbody>\n<\/table>\n<p>&nbsp;<\/p>\n<table>\n<tbody>\n<tr>\n<td width=\"9.2200%\">CAPACIT\u00c9 NOMINALE<\/td>\n<td colspan=\"3\" width=\"26.0200%\">COMBINAISON DE TENSIONS<\/td>\n<td width=\"11.2800%\">GROUPE DE CONNEXION<\/td>\n<td colspan=\"2\" width=\"12.6400%\">PERTE (kW)<\/td>\n<td width=\"10.4800%\">COURANT \u00c0 VIDE<\/td>\n<td width=\"14.0800%\">IMP\u00c9DANCE DE COURT-CIRCUIT<\/td>\n<td colspan=\"2\" width=\"16.2000%\">POIDS(KG)<\/td>\n<\/tr>\n<tr>\n<td width=\"9.2200%\">(kVA)<\/td>\n<td width=\"5.2000%\">HV(kV)<\/td>\n<td width=\"15.6200%\">GAMME DE PRISES HAUTE TENSION<\/td>\n<td width=\"5.1800%\">BT (kV)<\/td>\n<td width=\"11.2800%\">SYMBOL<\/td>\n<td width=\"6.2800%\">NO-LOAD<\/td>\n<td width=\"6.3600%\">CHARGER<\/td>\n<td width=\"10.4800%\">(%)<\/td>\n<td width=\"14.0800%\">(%)<\/td>\n<td width=\"7.3800%\">POIDS DE L'HUILE<\/td>\n<td width=\"8.8200%\">POIDS BRUT<\/td>\n<\/tr>\n<tr>\n<td width=\"9.2200%\">30<\/td>\n<td rowspan=\"17\" width=\"5.2000%\">6<br \/>\n6.3<br \/>\n6.6<br \/>\n10<br \/>\n10.5<br \/>\n11<\/td>\n<td rowspan=\"17\" width=\"15.6200%\">\u00b15%<br \/>\n\u00b12*2.5%<\/td>\n<td rowspan=\"17\" width=\"5.1800%\">0.4<\/td>\n<td rowspan=\"17\" width=\"11.2800%\">Yyn0<br \/>\nDyn11<\/td>\n<td width=\"6.2800%\">0.1<\/td>\n<td width=\"6.3600%\">0.63\/0.60<\/td>\n<td width=\"10.4800%\">2.1<\/td>\n<td rowspan=\"11\" width=\"14.0800%\">4<\/td>\n<td width=\"7.3800%\">75<\/td>\n<td width=\"8.8200%\">295<\/td>\n<\/tr>\n<tr>\n<td width=\"9.2200%\">50<\/td>\n<td width=\"6.2800%\">0.13<\/td>\n<td width=\"6.3600%\">0.91\/0.87<\/td>\n<td width=\"10.4800%\">1.1<\/td>\n<td width=\"7.3800%\">88<\/td>\n<td width=\"8.8200%\">395<\/td>\n<\/tr>\n<tr>\n<td width=\"9.2200%\">63<\/td>\n<td width=\"6.2800%\">0.15<\/td>\n<td width=\"6.3600%\">1.09\/1.04<\/td>\n<td width=\"10.4800%\">1<\/td>\n<td width=\"7.3800%\">95<\/td>\n<td width=\"8.8200%\">420<\/td>\n<\/tr>\n<tr>\n<td width=\"9.2200%\">80<\/td>\n<td width=\"6.2800%\">0.18<\/td>\n<td width=\"6.3600%\">1.31\/1.25<\/td>\n<td width=\"10.4800%\">1<\/td>\n<td width=\"7.3800%\">103<\/td>\n<td width=\"8.8200%\">480<\/td>\n<\/tr>\n<tr>\n<td width=\"9.2200%\">100<\/td>\n<td width=\"6.2800%\">0.2<\/td>\n<td width=\"6.3600%\">1.58\/1.50<\/td>\n<td width=\"10.4800%\">0.9<\/td>\n<td width=\"7.3800%\">115<\/td>\n<td width=\"8.8200%\">540<\/td>\n<\/tr>\n<tr>\n<td width=\"9.2200%\">125<\/td>\n<td width=\"6.2800%\">0.24<\/td>\n<td width=\"6.3600%\">1.89\/1.80<\/td>\n<td width=\"10.4800%\">0.9<\/td>\n<td width=\"7.3800%\">130<\/td>\n<td width=\"8.8200%\">645<\/td>\n<\/tr>\n<tr>\n<td width=\"9.2200%\">160<\/td>\n<td width=\"6.2800%\">0.28<\/td>\n<td width=\"6.3600%\">2.31\/2.20<\/td>\n<td width=\"10.4800%\">0.8<\/td>\n<td width=\"7.3800%\">145<\/td>\n<td width=\"8.8200%\">740<\/td>\n<\/tr>\n<tr>\n<td width=\"9.2200%\">200<\/td>\n<td width=\"6.2800%\">0.34<\/td>\n<td width=\"6.3600%\">2.73\/2.60<\/td>\n<td width=\"10.4800%\">0.8<\/td>\n<td width=\"7.3800%\">175<\/td>\n<td width=\"8.8200%\">885<\/td>\n<\/tr>\n<tr>\n<td width=\"9.2200%\">250<\/td>\n<td width=\"6.2800%\">0.4<\/td>\n<td width=\"6.3600%\">3.20\/3.05<\/td>\n<td width=\"10.4800%\">0.7<\/td>\n<td width=\"7.3800%\">195<\/td>\n<td width=\"8.8200%\">1010<\/td>\n<\/tr>\n<tr>\n<td width=\"9.2200%\">315<\/td>\n<td width=\"6.2800%\">0.48<\/td>\n<td width=\"6.3600%\">3.83\/3.65<\/td>\n<td width=\"10.4800%\">0.7<\/td>\n<td width=\"7.3800%\">230<\/td>\n<td width=\"8.8200%\">1205<\/td>\n<\/tr>\n<tr>\n<td width=\"9.2200%\">400<\/td>\n<td width=\"6.2800%\">0.57<\/td>\n<td width=\"6.3600%\">4.52\/4.30<\/td>\n<td width=\"10.4800%\">0.6<\/td>\n<td width=\"7.3800%\">255<\/td>\n<td width=\"8.8200%\">1375<\/td>\n<\/tr>\n<tr>\n<td width=\"9.2200%\">500<\/td>\n<td width=\"6.2800%\">0.68<\/td>\n<td width=\"6.3600%\">5.41\/5.15<\/td>\n<td width=\"10.4800%\">0.6<\/td>\n<td rowspan=\"6\" width=\"14.0800%\">4.5<\/td>\n<td width=\"7.3800%\">285<\/td>\n<td width=\"8.8200%\">1620<\/td>\n<\/tr>\n<tr>\n<td width=\"9.2200%\">630<\/td>\n<td width=\"6.2800%\">0.81<\/td>\n<td width=\"6.3600%\">6.2<\/td>\n<td width=\"10.4800%\">0.6<\/td>\n<td width=\"7.3800%\">350<\/td>\n<td width=\"8.8200%\">1960<\/td>\n<\/tr>\n<tr>\n<td width=\"9.2200%\">800<\/td>\n<td width=\"6.2800%\">0.98<\/td>\n<td width=\"6.3600%\">7.5<\/td>\n<td width=\"10.4800%\">0.5<\/td>\n<td width=\"7.3800%\">405<\/td>\n<td width=\"8.8200%\">2310<\/td>\n<\/tr>\n<tr>\n<td width=\"9.2200%\">1000<\/td>\n<td width=\"6.2800%\">1.15<\/td>\n<td width=\"6.3600%\">10.3<\/td>\n<td width=\"10.4800%\">0.5<\/td>\n<td width=\"7.3800%\">490<\/td>\n<td width=\"8.8200%\">1690<\/td>\n<\/tr>\n<tr>\n<td width=\"9.2200%\">1250<\/td>\n<td width=\"6.2800%\">1.36<\/td>\n<td width=\"6.3600%\">12<\/td>\n<td width=\"10.4800%\">0.5<\/td>\n<td width=\"7.3800%\">550<\/td>\n<td width=\"8.8200%\">3315<\/td>\n<\/tr>\n<tr>\n<td width=\"9.2200%\">1600<\/td>\n<td width=\"6.2800%\">1.64<\/td>\n<td width=\"6.3600%\">14.5<\/td>\n<td width=\"10.4800%\">0.4<\/td>\n<td width=\"7.3800%\">625<\/td>\n<td width=\"8.8200%\">3795<\/td>\n<\/tr>\n<\/tbody>\n<\/table>\n<h2>Haute performance<\/h2>\n<p>Le transformateur triphas\u00e9 de 100 kVA, utilis\u00e9 en Tanzanie, en est un bon exemple. Il fonctionne \u00e0 11 kV du c\u00f4t\u00e9 haute tension pour fournir une tension constante de 0,4 kV du c\u00f4t\u00e9 basse tension. Il s'agit d'un transformateur efficace puisqu'il ne consomme que 200 W de perte \u00e0 vide et 1580 W de perte en charge, ce qui en fait un bon outil pour une utilisation \u00e0 long terme.<\/p>\n<h2>Noyaux et bobinages<\/h2>\n<p>Ainsi, le noyau est en acier au silicium pour minimiser les pertes ; les enroulements sont en cuivre avec isolation pour une conversion en douceur \u00e0 haut rendement.<\/p>\n<h2>Huile pour transformateurs - Deux r\u00f4les cl\u00e9s<\/h2>\n<p>Isolation : pour arr\u00eater toute fuite et permettre ainsi des op\u00e9rations en toute s\u00e9curit\u00e9.<br \/>\nRefroidissement : en absorbant la chaleur g\u00e9n\u00e9r\u00e9e par les op\u00e9rations \u00e0 forte charge.<\/p>\n<h2>Capacit\u00e9 de surcharge<\/h2>\n<p>Voici quelques points d'int\u00e9r\u00eat concernant la capacit\u00e9 de surcharge.<br \/>\nDe courtes p\u00e9riodes de surcharge peuvent \u00e9galement \u00eatre facilement g\u00e9r\u00e9es par ces syst\u00e8mes, car ils sont fiables et durables dans un environnement \u00e9lectrique fluctuant.<br \/>\nTRONKI ELECTRIC - Transformateurs fiables et \u00e0 long terme - LIFETIME.<\/p>","protected":false},"excerpt":{"rendered":"<p>Notre transformateur abaisseur de tension de poste \u00e0 bain d'huile S11 est destin\u00e9 \u00e0 des fins industrielles et commerciales. Ils abaissent la tension \u00e9lectrique de 11 kV, 10,5 kV, 10 kV, 6,3 kV, 6 kV \u00e0 400V pour une alimentation \u00e9lectrique s\u00fbre dans une large gamme d'applications. Ils peuvent fonctionner dans une large gamme de temp\u00e9ratures allant de -25\u00b0C \u00e0 40\u00b0C.<\/p>","protected":false},"featured_media":2604,"template":"","meta":[],"product_brand":[],"product_cat":[34,33],"product_tag":[],"class_list":{"0":"post-2603","1":"product","2":"type-product","3":"status-publish","4":"has-post-thumbnail","6":"product_cat-oil-transformer","7":"product_cat-power-transformer","9":"first","10":"instock","11":"taxable","12":"shipping-taxable","13":"product-type-simple"},"yoast_head":"<!-- This site is optimized with the Yoast SEO plugin v25.0 - https:\/\/yoast.com\/wordpress\/plugins\/seo\/ -->\n<title>China High quality Oil-immersed Substation Step Down Transformer - PINE-ZHENGXI<\/title>\n<meta name=\"robots\" content=\"index, follow, max-snippet:-1, max-image-preview:large, max-video-preview:-1\" \/>\n<link rel=\"canonical\" href=\"https:\/\/www.tronkiele.com\/fr\/product\/10kva-2500kva-oil-immersed-substation-step-down-power-transformer\/\" \/>\n<meta property=\"og:locale\" content=\"fr_FR\" \/>\n<meta property=\"og:type\" content=\"article\" \/>\n<meta property=\"og:title\" content=\"China High quality Oil-immersed Substation Step Down Transformer - PINE-ZHENGXI\" \/>\n<meta property=\"og:description\" content=\"Our S11 Oil-immersed Substation Step Down Transformer are for both industrial and commercial purposes. They step down high voltage electricity at 11 kV, 10.5 kV, 10 kV, 6.3 kV, 6 kV to 400V for safe power supply in a wide range of applications. They can operate within a wide temperature range from -25\u00b0C to 40\u00b0C.\" \/>\n<meta property=\"og:url\" content=\"https:\/\/www.tronkiele.com\/fr\/product\/10kva-2500kva-oil-immersed-substation-step-down-power-transformer\/\" \/>\n<meta property=\"og:site_name\" content=\"PINE-ZHENGXI\" \/>\n<meta property=\"article:modified_time\" content=\"2025-03-30T11:05:13+00:00\" \/>\n<meta property=\"og:image\" content=\"https:\/\/www.tronkiele.com\/wp-content\/uploads\/2024\/11\/10kVA-2500kVA-Oil-immersed-Substation-Step-Down-Power-Transformer.webp\" \/>\n\t<meta property=\"og:image:width\" content=\"600\" \/>\n\t<meta property=\"og:image:height\" content=\"600\" \/>\n\t<meta property=\"og:image:type\" content=\"image\/webp\" \/>\n<meta name=\"twitter:card\" content=\"summary_large_image\" \/>\n<meta name=\"twitter:label1\" content=\"Dur\u00e9e de lecture estim\u00e9e\" \/>\n\t<meta name=\"twitter:data1\" content=\"3 minutes\" \/>\n<script type=\"application\/ld+json\" class=\"yoast-schema-graph\">{\"@context\":\"https:\/\/schema.org\",\"@graph\":[{\"@type\":\"WebPage\",\"@id\":\"https:\/\/www.tronkiele.com\/product\/10kva-2500kva-oil-immersed-substation-step-down-power-transformer\/\",\"url\":\"https:\/\/www.tronkiele.com\/product\/10kva-2500kva-oil-immersed-substation-step-down-power-transformer\/\",\"name\":\"China High quality Oil-immersed Substation Step Down Transformer - PINE-ZHENGXI\",\"isPartOf\":{\"@id\":\"https:\/\/www.tronkiele.com\/#website\"},\"primaryImageOfPage\":{\"@id\":\"https:\/\/www.tronkiele.com\/product\/10kva-2500kva-oil-immersed-substation-step-down-power-transformer\/#primaryimage\"},\"image\":{\"@id\":\"https:\/\/www.tronkiele.com\/product\/10kva-2500kva-oil-immersed-substation-step-down-power-transformer\/#primaryimage\"},\"thumbnailUrl\":\"https:\/\/www.tronkiele.com\/wp-content\/uploads\/2024\/11\/10kVA-2500kVA-Oil-immersed-Substation-Step-Down-Power-Transformer.webp\",\"datePublished\":\"2024-11-29T11:24:55+00:00\",\"dateModified\":\"2025-03-30T11:05:13+00:00\",\"breadcrumb\":{\"@id\":\"https:\/\/www.tronkiele.com\/product\/10kva-2500kva-oil-immersed-substation-step-down-power-transformer\/#breadcrumb\"},\"inLanguage\":\"fr-FR\",\"potentialAction\":[{\"@type\":\"ReadAction\",\"target\":[\"https:\/\/www.tronkiele.com\/product\/10kva-2500kva-oil-immersed-substation-step-down-power-transformer\/\"]}]},{\"@type\":\"ImageObject\",\"inLanguage\":\"fr-FR\",\"@id\":\"https:\/\/www.tronkiele.com\/product\/10kva-2500kva-oil-immersed-substation-step-down-power-transformer\/#primaryimage\",\"url\":\"https:\/\/www.tronkiele.com\/wp-content\/uploads\/2024\/11\/10kVA-2500kVA-Oil-immersed-Substation-Step-Down-Power-Transformer.webp\",\"contentUrl\":\"https:\/\/www.tronkiele.com\/wp-content\/uploads\/2024\/11\/10kVA-2500kVA-Oil-immersed-Substation-Step-Down-Power-Transformer.webp\",\"width\":600,\"height\":600,\"caption\":\"10kVA-2500kVA Oil-immersed Substation Step Down Power Transformer\"},{\"@type\":\"BreadcrumbList\",\"@id\":\"https:\/\/www.tronkiele.com\/product\/10kva-2500kva-oil-immersed-substation-step-down-power-transformer\/#breadcrumb\",\"itemListElement\":[{\"@type\":\"ListItem\",\"position\":1,\"name\":\"Home\",\"item\":\"https:\/\/www.tronkiele.com\/\"},{\"@type\":\"ListItem\",\"position\":2,\"name\":\"Products\",\"item\":\"https:\/\/www.tronkiele.com\/shop\/\"},{\"@type\":\"ListItem\",\"position\":3,\"name\":\"10kVA-2500kVA Oil-immersed Substation Step Down Power Transformer\"}]},{\"@type\":\"WebSite\",\"@id\":\"https:\/\/www.tronkiele.com\/#website\",\"url\":\"https:\/\/www.tronkiele.com\/\",\"name\":\"PINE-ZHENGXI\",\"description\":\"\",\"publisher\":{\"@id\":\"https:\/\/www.tronkiele.com\/#organization\"},\"potentialAction\":[{\"@type\":\"SearchAction\",\"target\":{\"@type\":\"EntryPoint\",\"urlTemplate\":\"https:\/\/www.tronkiele.com\/?s={search_term_string}\"},\"query-input\":{\"@type\":\"PropertyValueSpecification\",\"valueRequired\":true,\"valueName\":\"search_term_string\"}}],\"inLanguage\":\"fr-FR\"},{\"@type\":\"Organization\",\"@id\":\"https:\/\/www.tronkiele.com\/#organization\",\"name\":\"PINE-ZHENGXI\",\"url\":\"https:\/\/www.tronkiele.com\/\",\"logo\":{\"@type\":\"ImageObject\",\"inLanguage\":\"fr-FR\",\"@id\":\"https:\/\/www.tronkiele.com\/#\/schema\/logo\/image\/\",\"url\":\"https:\/\/www.tronkiele.com\/wp-content\/uploads\/2024\/11\/cropped-tronki.webp\",\"contentUrl\":\"https:\/\/www.tronkiele.com\/wp-content\/uploads\/2024\/11\/cropped-tronki.webp\",\"width\":512,\"height\":512,\"caption\":\"PINE-ZHENGXI\"},\"image\":{\"@id\":\"https:\/\/www.tronkiele.com\/#\/schema\/logo\/image\/\"}}]}<\/script>\n<!-- \/ Yoast SEO plugin. -->","yoast_head_json":{"title":"Transformateur abaisseur de tension de poste \u00e0 bain d'huile de haute qualit\u00e9 en Chine - PINE-ZHENGXI","robots":{"index":"index","follow":"follow","max-snippet":"max-snippet:-1","max-image-preview":"max-image-preview:large","max-video-preview":"max-video-preview:-1"},"canonical":"https:\/\/www.tronkiele.com\/fr\/product\/10kva-2500kva-oil-immersed-substation-step-down-power-transformer\/","og_locale":"fr_FR","og_type":"article","og_title":"China High quality Oil-immersed Substation Step Down Transformer - PINE-ZHENGXI","og_description":"Our S11 Oil-immersed Substation Step Down Transformer are for both industrial and commercial purposes. They step down high voltage electricity at 11 kV, 10.5 kV, 10 kV, 6.3 kV, 6 kV to 400V for safe power supply in a wide range of applications. They can operate within a wide temperature range from -25\u00b0C to 40\u00b0C.","og_url":"https:\/\/www.tronkiele.com\/fr\/product\/10kva-2500kva-oil-immersed-substation-step-down-power-transformer\/","og_site_name":"PINE-ZHENGXI","article_modified_time":"2025-03-30T11:05:13+00:00","og_image":[{"width":600,"height":600,"url":"https:\/\/www.tronkiele.com\/wp-content\/uploads\/2024\/11\/10kVA-2500kVA-Oil-immersed-Substation-Step-Down-Power-Transformer.webp","type":"image\/webp"}],"twitter_card":"summary_large_image","twitter_misc":{"Dur\u00e9e de lecture estim\u00e9e":"3 minutes"},"schema":{"@context":"https:\/\/schema.org","@graph":[{"@type":"WebPage","@id":"https:\/\/www.tronkiele.com\/product\/10kva-2500kva-oil-immersed-substation-step-down-power-transformer\/","url":"https:\/\/www.tronkiele.com\/product\/10kva-2500kva-oil-immersed-substation-step-down-power-transformer\/","name":"Transformateur abaisseur de tension de poste \u00e0 bain d'huile de haute qualit\u00e9 en Chine - PINE-ZHENGXI","isPartOf":{"@id":"https:\/\/www.tronkiele.com\/#website"},"primaryImageOfPage":{"@id":"https:\/\/www.tronkiele.com\/product\/10kva-2500kva-oil-immersed-substation-step-down-power-transformer\/#primaryimage"},"image":{"@id":"https:\/\/www.tronkiele.com\/product\/10kva-2500kva-oil-immersed-substation-step-down-power-transformer\/#primaryimage"},"thumbnailUrl":"https:\/\/www.tronkiele.com\/wp-content\/uploads\/2024\/11\/10kVA-2500kVA-Oil-immersed-Substation-Step-Down-Power-Transformer.webp","datePublished":"2024-11-29T11:24:55+00:00","dateModified":"2025-03-30T11:05:13+00:00","breadcrumb":{"@id":"https:\/\/www.tronkiele.com\/product\/10kva-2500kva-oil-immersed-substation-step-down-power-transformer\/#breadcrumb"},"inLanguage":"fr-FR","potentialAction":[{"@type":"ReadAction","target":["https:\/\/www.tronkiele.com\/product\/10kva-2500kva-oil-immersed-substation-step-down-power-transformer\/"]}]},{"@type":"ImageObject","inLanguage":"fr-FR","@id":"https:\/\/www.tronkiele.com\/product\/10kva-2500kva-oil-immersed-substation-step-down-power-transformer\/#primaryimage","url":"https:\/\/www.tronkiele.com\/wp-content\/uploads\/2024\/11\/10kVA-2500kVA-Oil-immersed-Substation-Step-Down-Power-Transformer.webp","contentUrl":"https:\/\/www.tronkiele.com\/wp-content\/uploads\/2024\/11\/10kVA-2500kVA-Oil-immersed-Substation-Step-Down-Power-Transformer.webp","width":600,"height":600,"caption":"10kVA-2500kVA Oil-immersed Substation Step Down Power Transformer"},{"@type":"BreadcrumbList","@id":"https:\/\/www.tronkiele.com\/product\/10kva-2500kva-oil-immersed-substation-step-down-power-transformer\/#breadcrumb","itemListElement":[{"@type":"ListItem","position":1,"name":"Home","item":"https:\/\/www.tronkiele.com\/"},{"@type":"ListItem","position":2,"name":"Products","item":"https:\/\/www.tronkiele.com\/shop\/"},{"@type":"ListItem","position":3,"name":"10kVA-2500kVA Oil-immersed Substation Step Down Power Transformer"}]},{"@type":"WebSite","@id":"https:\/\/www.tronkiele.com\/#website","url":"https:\/\/www.tronkiele.com\/","name":"PINE-ZHENGXI","description":"","publisher":{"@id":"https:\/\/www.tronkiele.com\/#organization"},"potentialAction":[{"@type":"SearchAction","target":{"@type":"EntryPoint","urlTemplate":"https:\/\/www.tronkiele.com\/?s={search_term_string}"},"query-input":{"@type":"PropertyValueSpecification","valueRequired":true,"valueName":"search_term_string"}}],"inLanguage":"fr-FR"},{"@type":"Organization","@id":"https:\/\/www.tronkiele.com\/#organization","name":"PINE-ZHENGXI","url":"https:\/\/www.tronkiele.com\/","logo":{"@type":"ImageObject","inLanguage":"fr-FR","@id":"https:\/\/www.tronkiele.com\/#\/schema\/logo\/image\/","url":"https:\/\/www.tronkiele.com\/wp-content\/uploads\/2024\/11\/cropped-tronki.webp","contentUrl":"https:\/\/www.tronkiele.com\/wp-content\/uploads\/2024\/11\/cropped-tronki.webp","width":512,"height":512,"caption":"PINE-ZHENGXI"},"image":{"@id":"https:\/\/www.tronkiele.com\/#\/schema\/logo\/image\/"}}]}},"_links":{"self":[{"href":"https:\/\/www.tronkiele.com\/fr\/wp-json\/wp\/v2\/product\/2603","targetHints":{"allow":["GET"]}}],"collection":[{"href":"https:\/\/www.tronkiele.com\/fr\/wp-json\/wp\/v2\/product"}],"about":[{"href":"https:\/\/www.tronkiele.com\/fr\/wp-json\/wp\/v2\/types\/product"}],"version-history":[{"count":1,"href":"https:\/\/www.tronkiele.com\/fr\/wp-json\/wp\/v2\/product\/2603\/revisions"}],"predecessor-version":[{"id":21553,"href":"https:\/\/www.tronkiele.com\/fr\/wp-json\/wp\/v2\/product\/2603\/revisions\/21553"}],"wp:featuredmedia":[{"embeddable":true,"href":"https:\/\/www.tronkiele.com\/fr\/wp-json\/wp\/v2\/media\/2604"}],"wp:attachment":[{"href":"https:\/\/www.tronkiele.com\/fr\/wp-json\/wp\/v2\/media?parent=2603"}],"wp:term":[{"taxonomy":"product_brand","embeddable":true,"href":"https:\/\/www.tronkiele.com\/fr\/wp-json\/wp\/v2\/product_brand?post=2603"},{"taxonomy":"product_cat","embeddable":true,"href":"https:\/\/www.tronkiele.com\/fr\/wp-json\/wp\/v2\/product_cat?post=2603"},{"taxonomy":"product_tag","embeddable":true,"href":"https:\/\/www.tronkiele.com\/fr\/wp-json\/wp\/v2\/product_tag?post=2603"}],"curies":[{"name":"wp","href":"https:\/\/api.w.org\/{rel}","templated":true}]}}