{"id":2661,"date":"2024-12-01T07:17:54","date_gmt":"2024-12-01T07:17:54","guid":{"rendered":"https:\/\/www.tronkiele.com\/?post_type=product&#038;p=2661"},"modified":"2025-03-30T11:03:06","modified_gmt":"2025-03-30T11:03:06","slug":"s11-m-500kva-distribution-oil-cooled-transformer","status":"publish","type":"product","link":"https:\/\/www.tronkiele.com\/fr\/product\/s11-m-500kva-distribution-oil-cooled-transformer\/","title":{"rendered":"S11-M-500kVA Transformateur de distribution refroidi \u00e0 l'huile"},"content":{"rendered":"<h2>D\u00e9tails du produit :<\/h2>\n<p>Type : Transformateur de distribution \u00e0 bain d'huile<br \/>\nPuissance nominale : Jusqu'\u00e0 5 000 kVA<br \/>\nTension primaire : Jusqu'\u00e0 35 kV<br \/>\nMod\u00e8le : Transformateur S11-500 KVA 11\/0,4 kV (Fabrication du r\u00e9servoir d'huile)<\/p>\n<p>Le r\u00e9servoir d'huile de transformateur est l'enveloppe ext\u00e9rieure du transformateur, remplie d'huile de transformateur, qui joue un r\u00f4le important dans l'isolation et la dissipation de la chaleur. L'huile renforce l'isolation \u00e9lectrique entre les pi\u00e8ces internes et absorbe la chaleur g\u00e9n\u00e9r\u00e9e pendant le fonctionnement, qui est ensuite lib\u00e9r\u00e9e dans l'atmosph\u00e8re par les parois du r\u00e9servoir.<\/p>\n<h2><strong>Sp\u00e9cifications techniques<\/strong><\/h2>\n<p><strong>**Fiche technique et sp\u00e9cifications du transformateur 500 kVA**<\/strong><\/p>\n<table>\n<tbody>\n<tr>\n<td width=\"35.3200%\">Mod\u00e8le<\/td>\n<td width=\"64.6600%\">S11-500 kVA-11\/0,4KV<\/td>\n<\/tr>\n<tr>\n<td width=\"35.3200%\">Type<\/td>\n<td width=\"64.6600%\">Transformateur de distribution immerg\u00e9 dans l'huile<\/td>\n<\/tr>\n<tr>\n<td width=\"35.3200%\">Standard<\/td>\n<td width=\"64.6600%\">IEC60076<\/td>\n<\/tr>\n<tr>\n<td width=\"35.3200%\">Puissance nominale<\/td>\n<td width=\"64.6600%\">500 kVA<\/td>\n<\/tr>\n<tr>\n<td width=\"35.3200%\">Fr\u00e9quence<\/td>\n<td width=\"64.6600%\">50 HZ<\/td>\n<\/tr>\n<tr>\n<td width=\"35.3200%\">Phase<\/td>\n<td width=\"64.6600%\">Trois<\/td>\n<\/tr>\n<tr>\n<td width=\"35.3200%\">Type de refroidissement<\/td>\n<td width=\"64.6600%\">Refroidissement \u00e0 l'huile<\/td>\n<\/tr>\n<tr>\n<td width=\"35.3200%\">Tension primaire<\/td>\n<td width=\"64.6600%\">11 kV<\/td>\n<\/tr>\n<tr>\n<td width=\"35.3200%\">Tension secondaire<\/td>\n<td width=\"64.6600%\">0,4 kV<\/td>\n<\/tr>\n<tr>\n<td width=\"35.3200%\">Mat\u00e9riau d'enroulement<\/td>\n<td width=\"64.6600%\">Cuivre<\/td>\n<\/tr>\n<tr>\n<td width=\"35.3200%\">Groupe Vecteur<\/td>\n<td width=\"64.6600%\">Dny11<\/td>\n<\/tr>\n<tr>\n<td width=\"35.3200%\">Imp\u00e9dance<\/td>\n<td width=\"64.6600%\">4%<\/td>\n<\/tr>\n<tr>\n<td width=\"35.3200%\">Changeur de robinet<\/td>\n<td width=\"64.6600%\">NLTC<\/td>\n<\/tr>\n<tr>\n<td width=\"35.3200%\">Plage de taraudage<\/td>\n<td width=\"64.6600%\">\u00b12*2.5%<\/td>\n<\/tr>\n<tr>\n<td width=\"35.3200%\">Perte de charge<\/td>\n<td width=\"64.6600%\">0,68KW<\/td>\n<\/tr>\n<tr>\n<td width=\"35.3200%\">Perte de charge<\/td>\n<td width=\"64.6600%\">5.15KW<\/td>\n<\/tr>\n<tr>\n<td width=\"35.3200%\">Accessoires<\/td>\n<td width=\"64.6600%\">Configuration standard<\/td>\n<\/tr>\n<\/tbody>\n<\/table>\n<h2>Inspection avant exp\u00e9dition :<\/h2>\n<p><strong>Inspection visuelle<\/strong><\/p>\n<p>V\u00e9rifier la plan\u00e9it\u00e9 de la surface du r\u00e9servoir et observer les \u00e9ventuelles bosses, d\u00e9formations ou d\u00e9fauts de soudure. V\u00e9rifier que la peinture de protection appliqu\u00e9e est uniforme, qu'elle ne s'\u00e9caille pas, qu'elle a un bon aspect et qu'elle r\u00e9siste \u00e0 la corrosion.<\/p>\n<p><strong>Essais de performance \u00e9lectrique<\/strong><\/p>\n<p>Effectuer un test de rapport en utilisant un pont de rapport afin de mesurer le rapport de tension du transformateur. Le rapport doit se situer dans la marge d'erreur admissible ; dans le cas contraire, la tension de sortie sera affect\u00e9e et pourrait avoir une incidence sur le fonctionnement du syst\u00e8me.<\/p>\n<p><strong>\u00c9valuation de la qualit\u00e9 de l'huile<\/strong><\/p>\n<p>V\u00e9rifiez que l'huile n'est pas contamin\u00e9e et qu'elle ne contient pas d'eau. Les adjuvants comme l'eau r\u00e9duisent la capacit\u00e9 d'isolation de l'huile, tandis que les contaminants peuvent bloquer les passages. La propret\u00e9 de l'huile est essentielle au bon fonctionnement d'un transformateur.<\/p>","protected":false},"excerpt":{"rendered":"<p>Notre transformateur de distribution S11-M- 500 kVA refroidi \u00e0 l'huile int\u00e8gre une technologie avanc\u00e9e et des mat\u00e9riaux de qualit\u00e9 sup\u00e9rieure, r\u00e9duisant les pertes, am\u00e9liorant l'efficacit\u00e9 de la conversion de puissance et offrant des \u00e9conomies d'\u00e9nergie consid\u00e9rables au fil du temps. Avec une tension primaire de 11kV et une tension secondaire de 0,4kV, ce transformateur a une perte \u00e0 vide de 680W et une perte en charge de 5410W.<\/p>","protected":false},"featured_media":2662,"template":"","meta":[],"product_brand":[],"product_cat":[34,33],"product_tag":[],"class_list":{"0":"post-2661","1":"product","2":"type-product","3":"status-publish","4":"has-post-thumbnail","6":"product_cat-oil-transformer","7":"product_cat-power-transformer","9":"first","10":"instock","11":"taxable","12":"shipping-taxable","13":"product-type-simple"},"yoast_head":"<!-- This site is optimized with the Yoast SEO plugin v25.0 - https:\/\/yoast.com\/wordpress\/plugins\/seo\/ -->\n<title>Distribution Oil Cooled Transformer | Custom Transformer Manufacturer - PINE-ZHENGXI<\/title>\n<meta name=\"robots\" content=\"index, follow, max-snippet:-1, max-image-preview:large, max-video-preview:-1\" \/>\n<link rel=\"canonical\" href=\"https:\/\/www.tronkiele.com\/fr\/product\/s11-m-500kva-distribution-oil-cooled-transformer\/\" \/>\n<meta property=\"og:locale\" content=\"fr_FR\" \/>\n<meta property=\"og:type\" content=\"article\" \/>\n<meta property=\"og:title\" content=\"Distribution Oil Cooled Transformer | Custom Transformer Manufacturer - PINE-ZHENGXI\" \/>\n<meta property=\"og:description\" content=\"Our S11-M- 500 kVA Distribution Oil Cooled Transformer incorporates advanced technology and superior quality materials, reducing losses, improving power conversion efficiency, and offering considerable energy savings over time. Featuring a primary voltage of 11kV and a secondary voltage of 0.4kV, this transformer has a no-load loss of 680W and a load loss of 5410W.\" \/>\n<meta property=\"og:url\" content=\"https:\/\/www.tronkiele.com\/fr\/product\/s11-m-500kva-distribution-oil-cooled-transformer\/\" \/>\n<meta property=\"og:site_name\" content=\"PINE-ZHENGXI\" \/>\n<meta property=\"article:modified_time\" content=\"2025-03-30T11:03:06+00:00\" \/>\n<meta property=\"og:image\" content=\"https:\/\/www.tronkiele.com\/wp-content\/uploads\/2024\/12\/S11-M-500-kVA-Distribution-Oil-Cooled-Transformer.webp\" \/>\n\t<meta property=\"og:image:width\" content=\"600\" \/>\n\t<meta property=\"og:image:height\" content=\"600\" \/>\n\t<meta property=\"og:image:type\" content=\"image\/webp\" \/>\n<meta name=\"twitter:card\" content=\"summary_large_image\" \/>\n<meta name=\"twitter:label1\" content=\"Dur\u00e9e de lecture estim\u00e9e\" \/>\n\t<meta name=\"twitter:data1\" content=\"2 minutes\" \/>\n<script type=\"application\/ld+json\" class=\"yoast-schema-graph\">{\"@context\":\"https:\/\/schema.org\",\"@graph\":[{\"@type\":\"WebPage\",\"@id\":\"https:\/\/www.tronkiele.com\/product\/s11-m-500kva-distribution-oil-cooled-transformer\/\",\"url\":\"https:\/\/www.tronkiele.com\/product\/s11-m-500kva-distribution-oil-cooled-transformer\/\",\"name\":\"Distribution Oil Cooled Transformer | Custom Transformer Manufacturer - PINE-ZHENGXI\",\"isPartOf\":{\"@id\":\"https:\/\/www.tronkiele.com\/#website\"},\"primaryImageOfPage\":{\"@id\":\"https:\/\/www.tronkiele.com\/product\/s11-m-500kva-distribution-oil-cooled-transformer\/#primaryimage\"},\"image\":{\"@id\":\"https:\/\/www.tronkiele.com\/product\/s11-m-500kva-distribution-oil-cooled-transformer\/#primaryimage\"},\"thumbnailUrl\":\"https:\/\/www.tronkiele.com\/wp-content\/uploads\/2024\/12\/S11-M-500-kVA-Distribution-Oil-Cooled-Transformer.webp\",\"datePublished\":\"2024-12-01T07:17:54+00:00\",\"dateModified\":\"2025-03-30T11:03:06+00:00\",\"breadcrumb\":{\"@id\":\"https:\/\/www.tronkiele.com\/product\/s11-m-500kva-distribution-oil-cooled-transformer\/#breadcrumb\"},\"inLanguage\":\"fr-FR\",\"potentialAction\":[{\"@type\":\"ReadAction\",\"target\":[\"https:\/\/www.tronkiele.com\/product\/s11-m-500kva-distribution-oil-cooled-transformer\/\"]}]},{\"@type\":\"ImageObject\",\"inLanguage\":\"fr-FR\",\"@id\":\"https:\/\/www.tronkiele.com\/product\/s11-m-500kva-distribution-oil-cooled-transformer\/#primaryimage\",\"url\":\"https:\/\/www.tronkiele.com\/wp-content\/uploads\/2024\/12\/S11-M-500-kVA-Distribution-Oil-Cooled-Transformer.webp\",\"contentUrl\":\"https:\/\/www.tronkiele.com\/wp-content\/uploads\/2024\/12\/S11-M-500-kVA-Distribution-Oil-Cooled-Transformer.webp\",\"width\":600,\"height\":600,\"caption\":\"S11-M- 500 kVA Distribution Oil Cooled Transformer\"},{\"@type\":\"BreadcrumbList\",\"@id\":\"https:\/\/www.tronkiele.com\/product\/s11-m-500kva-distribution-oil-cooled-transformer\/#breadcrumb\",\"itemListElement\":[{\"@type\":\"ListItem\",\"position\":1,\"name\":\"Home\",\"item\":\"https:\/\/www.tronkiele.com\/\"},{\"@type\":\"ListItem\",\"position\":2,\"name\":\"Products\",\"item\":\"https:\/\/www.tronkiele.com\/shop\/\"},{\"@type\":\"ListItem\",\"position\":3,\"name\":\"S11-M-500kVA Distribution Oil Cooled Transformer\"}]},{\"@type\":\"WebSite\",\"@id\":\"https:\/\/www.tronkiele.com\/#website\",\"url\":\"https:\/\/www.tronkiele.com\/\",\"name\":\"PINE-ZHENGXI\",\"description\":\"\",\"publisher\":{\"@id\":\"https:\/\/www.tronkiele.com\/#organization\"},\"potentialAction\":[{\"@type\":\"SearchAction\",\"target\":{\"@type\":\"EntryPoint\",\"urlTemplate\":\"https:\/\/www.tronkiele.com\/?s={search_term_string}\"},\"query-input\":{\"@type\":\"PropertyValueSpecification\",\"valueRequired\":true,\"valueName\":\"search_term_string\"}}],\"inLanguage\":\"fr-FR\"},{\"@type\":\"Organization\",\"@id\":\"https:\/\/www.tronkiele.com\/#organization\",\"name\":\"PINE-ZHENGXI\",\"url\":\"https:\/\/www.tronkiele.com\/\",\"logo\":{\"@type\":\"ImageObject\",\"inLanguage\":\"fr-FR\",\"@id\":\"https:\/\/www.tronkiele.com\/#\/schema\/logo\/image\/\",\"url\":\"https:\/\/www.tronkiele.com\/wp-content\/uploads\/2024\/11\/cropped-tronki.webp\",\"contentUrl\":\"https:\/\/www.tronkiele.com\/wp-content\/uploads\/2024\/11\/cropped-tronki.webp\",\"width\":512,\"height\":512,\"caption\":\"PINE-ZHENGXI\"},\"image\":{\"@id\":\"https:\/\/www.tronkiele.com\/#\/schema\/logo\/image\/\"}}]}<\/script>\n<!-- \/ Yoast SEO plugin. -->","yoast_head_json":{"title":"Transformateur de distribution refroidi \u00e0 l'huile | Fabricant de transformateurs sur mesure - PINE-ZHENGXI","robots":{"index":"index","follow":"follow","max-snippet":"max-snippet:-1","max-image-preview":"max-image-preview:large","max-video-preview":"max-video-preview:-1"},"canonical":"https:\/\/www.tronkiele.com\/fr\/product\/s11-m-500kva-distribution-oil-cooled-transformer\/","og_locale":"fr_FR","og_type":"article","og_title":"Distribution Oil Cooled Transformer | Custom Transformer Manufacturer - PINE-ZHENGXI","og_description":"Our S11-M- 500 kVA Distribution Oil Cooled Transformer incorporates advanced technology and superior quality materials, reducing losses, improving power conversion efficiency, and offering considerable energy savings over time. Featuring a primary voltage of 11kV and a secondary voltage of 0.4kV, this transformer has a no-load loss of 680W and a load loss of 5410W.","og_url":"https:\/\/www.tronkiele.com\/fr\/product\/s11-m-500kva-distribution-oil-cooled-transformer\/","og_site_name":"PINE-ZHENGXI","article_modified_time":"2025-03-30T11:03:06+00:00","og_image":[{"width":600,"height":600,"url":"https:\/\/www.tronkiele.com\/wp-content\/uploads\/2024\/12\/S11-M-500-kVA-Distribution-Oil-Cooled-Transformer.webp","type":"image\/webp"}],"twitter_card":"summary_large_image","twitter_misc":{"Dur\u00e9e de lecture estim\u00e9e":"2 minutes"},"schema":{"@context":"https:\/\/schema.org","@graph":[{"@type":"WebPage","@id":"https:\/\/www.tronkiele.com\/product\/s11-m-500kva-distribution-oil-cooled-transformer\/","url":"https:\/\/www.tronkiele.com\/product\/s11-m-500kva-distribution-oil-cooled-transformer\/","name":"Transformateur de distribution refroidi \u00e0 l'huile | Fabricant de transformateurs sur mesure - PINE-ZHENGXI","isPartOf":{"@id":"https:\/\/www.tronkiele.com\/#website"},"primaryImageOfPage":{"@id":"https:\/\/www.tronkiele.com\/product\/s11-m-500kva-distribution-oil-cooled-transformer\/#primaryimage"},"image":{"@id":"https:\/\/www.tronkiele.com\/product\/s11-m-500kva-distribution-oil-cooled-transformer\/#primaryimage"},"thumbnailUrl":"https:\/\/www.tronkiele.com\/wp-content\/uploads\/2024\/12\/S11-M-500-kVA-Distribution-Oil-Cooled-Transformer.webp","datePublished":"2024-12-01T07:17:54+00:00","dateModified":"2025-03-30T11:03:06+00:00","breadcrumb":{"@id":"https:\/\/www.tronkiele.com\/product\/s11-m-500kva-distribution-oil-cooled-transformer\/#breadcrumb"},"inLanguage":"fr-FR","potentialAction":[{"@type":"ReadAction","target":["https:\/\/www.tronkiele.com\/product\/s11-m-500kva-distribution-oil-cooled-transformer\/"]}]},{"@type":"ImageObject","inLanguage":"fr-FR","@id":"https:\/\/www.tronkiele.com\/product\/s11-m-500kva-distribution-oil-cooled-transformer\/#primaryimage","url":"https:\/\/www.tronkiele.com\/wp-content\/uploads\/2024\/12\/S11-M-500-kVA-Distribution-Oil-Cooled-Transformer.webp","contentUrl":"https:\/\/www.tronkiele.com\/wp-content\/uploads\/2024\/12\/S11-M-500-kVA-Distribution-Oil-Cooled-Transformer.webp","width":600,"height":600,"caption":"S11-M- 500 kVA Distribution Oil Cooled Transformer"},{"@type":"BreadcrumbList","@id":"https:\/\/www.tronkiele.com\/product\/s11-m-500kva-distribution-oil-cooled-transformer\/#breadcrumb","itemListElement":[{"@type":"ListItem","position":1,"name":"Home","item":"https:\/\/www.tronkiele.com\/"},{"@type":"ListItem","position":2,"name":"Products","item":"https:\/\/www.tronkiele.com\/shop\/"},{"@type":"ListItem","position":3,"name":"S11-M-500kVA Distribution Oil Cooled Transformer"}]},{"@type":"WebSite","@id":"https:\/\/www.tronkiele.com\/#website","url":"https:\/\/www.tronkiele.com\/","name":"PINE-ZHENGXI","description":"","publisher":{"@id":"https:\/\/www.tronkiele.com\/#organization"},"potentialAction":[{"@type":"SearchAction","target":{"@type":"EntryPoint","urlTemplate":"https:\/\/www.tronkiele.com\/?s={search_term_string}"},"query-input":{"@type":"PropertyValueSpecification","valueRequired":true,"valueName":"search_term_string"}}],"inLanguage":"fr-FR"},{"@type":"Organization","@id":"https:\/\/www.tronkiele.com\/#organization","name":"PINE-ZHENGXI","url":"https:\/\/www.tronkiele.com\/","logo":{"@type":"ImageObject","inLanguage":"fr-FR","@id":"https:\/\/www.tronkiele.com\/#\/schema\/logo\/image\/","url":"https:\/\/www.tronkiele.com\/wp-content\/uploads\/2024\/11\/cropped-tronki.webp","contentUrl":"https:\/\/www.tronkiele.com\/wp-content\/uploads\/2024\/11\/cropped-tronki.webp","width":512,"height":512,"caption":"PINE-ZHENGXI"},"image":{"@id":"https:\/\/www.tronkiele.com\/#\/schema\/logo\/image\/"}}]}},"_links":{"self":[{"href":"https:\/\/www.tronkiele.com\/fr\/wp-json\/wp\/v2\/product\/2661","targetHints":{"allow":["GET"]}}],"collection":[{"href":"https:\/\/www.tronkiele.com\/fr\/wp-json\/wp\/v2\/product"}],"about":[{"href":"https:\/\/www.tronkiele.com\/fr\/wp-json\/wp\/v2\/types\/product"}],"version-history":[{"count":2,"href":"https:\/\/www.tronkiele.com\/fr\/wp-json\/wp\/v2\/product\/2661\/revisions"}],"predecessor-version":[{"id":21551,"href":"https:\/\/www.tronkiele.com\/fr\/wp-json\/wp\/v2\/product\/2661\/revisions\/21551"}],"wp:featuredmedia":[{"embeddable":true,"href":"https:\/\/www.tronkiele.com\/fr\/wp-json\/wp\/v2\/media\/2662"}],"wp:attachment":[{"href":"https:\/\/www.tronkiele.com\/fr\/wp-json\/wp\/v2\/media?parent=2661"}],"wp:term":[{"taxonomy":"product_brand","embeddable":true,"href":"https:\/\/www.tronkiele.com\/fr\/wp-json\/wp\/v2\/product_brand?post=2661"},{"taxonomy":"product_cat","embeddable":true,"href":"https:\/\/www.tronkiele.com\/fr\/wp-json\/wp\/v2\/product_cat?post=2661"},{"taxonomy":"product_tag","embeddable":true,"href":"https:\/\/www.tronkiele.com\/fr\/wp-json\/wp\/v2\/product_tag?post=2661"}],"curies":[{"name":"wp","href":"https:\/\/api.w.org\/{rel}","templated":true}]}}