{"id":590,"date":"2024-09-01T08:33:11","date_gmt":"2024-09-01T08:33:11","guid":{"rendered":"https:\/\/www.tronkiele.com\/product\/outdoor-high-voltage-vacuum-circuit-breaker\/"},"modified":"2025-02-10T12:39:03","modified_gmt":"2025-02-10T12:39:03","slug":"outdoor-high-voltage-pole-mounted-vacuum-circuit-breaker","status":"publish","type":"product","link":"https:\/\/www.tronkiele.com\/fr\/product\/outdoor-high-voltage-pole-mounted-vacuum-circuit-breaker\/","title":{"rendered":"ZW32-12 Outdoor High-Voltage Pole Mounted Vacuum Circuit Breaker (disjoncteur \u00e0 vide \u00e0 haute tension mont\u00e9 sur poteau)"},"content":{"rendered":"<p>S\u00e9rie ZW32-12 <strong>disjoncteurs \u00e0 vide ext\u00e9rieurs haute tension mont\u00e9s sur poteau<\/strong> sont adapt\u00e9s aux syst\u00e8mes de distribution d'\u00e9nergie \u00e0 haute tension avec une tension nominale de 12 kV et un courant alternatif triphas\u00e9 de 50 Hz, et sont sp\u00e9cifiquement utilis\u00e9s pour la coupure et la fermeture du courant de charge, du courant de surcharge et du courant de court-circuit dans les syst\u00e8mes d'alimentation. L'\u00e9quipement est largement utilis\u00e9 dans les sous-stations, les entreprises industrielles et mini\u00e8res, les r\u00e9seaux \u00e9lectriques urbains et ruraux et autres, et convient particuli\u00e8rement aux environnements \u00e0 fonctionnement fr\u00e9quent et aux domaines de l'automatisation des r\u00e9seaux de distribution.<\/p>\n<h2>Caract\u00e9ristiques du produit<\/h2>\n<p>Coupure et protection efficaces : Conforme aux normes IEC62271-100 et GB1984, il offre une protection \u00e0 trois niveaux : retard de surintensit\u00e9, retard de courant d'impact et coupure rapide en cas de court-circuit.<br \/>\nFonction de r\u00e9enclenchement intelligent : Prise en charge du r\u00e9enclenchement automatique et de l'isolation des d\u00e9fauts pour am\u00e9liorer la fiabilit\u00e9 de l'alimentation \u00e9lectrique.<br \/>\nConception modulaire : Combinaison de disjoncteur et de sectionneur, avec une excellente r\u00e9sistance \u00e0 la pluie, \u00e0 la neige et \u00e0 la corrosion.<br \/>\nConfiguration diversifi\u00e9e : Parafoudre, contr\u00f4leur de courant d'appel et transformateur de mesure en option, adapt\u00e9s \u00e0 diff\u00e9rents sc\u00e9narios d'application.<br \/>\nAlimentation ind\u00e9pendante : Alimentation PT int\u00e9gr\u00e9e, adapt\u00e9e aux situations o\u00f9 il n'y a pas d'alimentation externe.<\/p>\n<h2 class=\"\\&quot;wp-block-heading\\&quot;\">Conditions ambiantes<\/h2>\n<p>1. altitude : &lt;2000mm ;<br \/>\n2. temp\u00e9rature ambiante : -40\u2103~+45\u2103<br \/>\n3. vitesse du vent : 34 m\/s ;<br \/>\n4. intensit\u00e9 du tremblement de terre : &lt;8 degr\u00e9s ;<br \/>\n5. pollution ambiante:IV ;<br \/>\n6. \u00e9paisseur de la glace : 10 mm ;<br \/>\n7. les lieux d'application doivent \u00eatre exempts de substances inflammables, d'explosifs, de corrosifs et de fortes vibrations.<\/p>\n<h2>Sc\u00e9narios applicables<\/h2>\n<p>Applicable aux sous-stations, aux entreprises industrielles et mini\u00e8res, aux r\u00e9seaux \u00e9lectriques urbains et ruraux et aux syst\u00e8mes \u00e9lectriques fr\u00e9quemment utilis\u00e9s.<br \/>\nIl peut \u00eatre personnalis\u00e9 en tant que contr\u00f4leur de r\u00e9enclencheur intelligent en fonction des besoins du site. Il est particuli\u00e8rement adapt\u00e9 aux syst\u00e8mes d'alimentation \u00e9lectrique des r\u00e9seaux radiaux et en anneau, afin d'assurer un r\u00e9tablissement rapide et l'isolation des d\u00e9fauts instantan\u00e9s.<\/p>\n<h2 class=\"\\&quot;wp-block-heading\\&quot;\">Param\u00e8tres techniques<\/h2>\n<figure class=\"\\&quot;wp-block-table\\&quot;\">\n<div class=\"\\&quot;scroll\\&quot;\">\n<table>\n<tbody>\n<tr>\n<td rowspan=\"\\&quot;2\\&quot;\">Non<\/td>\n<td colspan=\"\\&quot;3\\&quot;\" rowspan=\"\\&quot;2\\&quot;\">Nom<\/td>\n<td rowspan=\"\\&quot;2\\&quot;\">Unit\u00e9<\/td>\n<td>Donn\u00e9es<\/td>\n<\/tr>\n<tr>\n<td>12kV<\/td>\n<\/tr>\n<tr>\n<td>\u00a0 1<\/td>\n<td colspan=\"\\&quot;3\\&quot;\">Tension nominale<\/td>\n<td>kV<\/td>\n<td>12<\/td>\n<\/tr>\n<tr>\n<td>\u00a0 2<\/td>\n<td colspan=\"\\&quot;3\\&quot;\">Courant nominal<\/td>\n<td>A<\/td>\n<td>630\u30011250<\/td>\n<\/tr>\n<tr>\n<td rowspan=\"\\&quot;2\\&quot;\">3<\/td>\n<td rowspan=\"\\&quot;3\\&quot;\">Class\u00e9<br \/>\nisolant<br \/>\nniveau<\/td>\n<td rowspan=\"\\&quot;2\\&quot;\">1min.PF tension de r\u00e9sistance<\/td>\n<td>sec<\/td>\n<td rowspan=\"\\&quot;2\\&quot;\">kV<\/td>\n<td>\u00e0 travers ouvert:42 contacts:48<\/td>\n<\/tr>\n<tr>\n<td>humide<\/td>\n<td>34<\/td>\n<\/tr>\n<tr>\n<td>\u00a0 4<\/td>\n<td colspan=\"\\&quot;2\\&quot;\">Tension de tenue aux chocs de foudre (cr\u00eate)<\/td>\n<td>kV<\/td>\n<td>Interphase, \u00e0 la terre 75, \u00e0 la rupture 85<\/td>\n<\/tr>\n<tr>\n<td>\u00a0 5<\/td>\n<td colspan=\"\\&quot;3\\&quot;\">Courant nominal de rupture en court-circuit<\/td>\n<td>kA<\/td>\n<td>20\u300125<\/td>\n<\/tr>\n<tr>\n<td>\u00a0 6<\/td>\n<td colspan=\"\\&quot;3\\&quot;\">Courant nominal de court-circuit (cr\u00eate)<\/td>\n<td>kA<\/td>\n<td>50\u300163<\/td>\n<\/tr>\n<tr>\n<td>\u00a0 7<\/td>\n<td colspan=\"\\&quot;3\\&quot;\">Courant de r\u00e9sistance nominal de cr\u00eate<\/td>\n<td>kA<\/td>\n<td>50\u300163<\/td>\n<\/tr>\n<tr>\n<td>\u00a0 8<\/td>\n<td colspan=\"\\&quot;3\\&quot;\">4s Courant nominal de courte dur\u00e9e<\/td>\n<td>kA<\/td>\n<td>20\u300125<\/td>\n<\/tr>\n<tr>\n<td>\u00a0 9<\/td>\n<td colspan=\"\\&quot;3\\&quot;\">S\u00e9quence de fonctionnement nominale<\/td>\n<td><\/td>\n<td>O-0,3s-CO-180s-CO<\/td>\n<\/tr>\n<tr>\n<td>\u00a0 10<\/td>\n<td colspan=\"\\&quot;3\\&quot;\">Temps de rupture du courant de court-circuit nominal<\/td>\n<td>\u6b21times<\/td>\n<td>30<\/td>\n<\/tr>\n<tr>\n<td>\u00a0 11<\/td>\n<td colspan=\"\\&quot;3\\&quot;\">Dur\u00e9e m\u00e9canique<\/td>\n<td>\u6b21times<\/td>\n<td>10000<\/td>\n<\/tr>\n<tr>\n<td>\u00a0 12<\/td>\n<td colspan=\"\\&quot;3\\&quot;\">Tension nominale du moteur \u00e0 accumulation d'\u00e9nergie<\/td>\n<td>V<\/td>\n<td>DC ou AC220\u3001DC110\u300148\u300124<\/td>\n<\/tr>\n<tr>\n<td>\u00a0 13<\/td>\n<td colspan=\"\\&quot;3\\&quot;\">Tension nominale de fonctionnement<\/td>\n<td>V<\/td>\n<td>DCou AC220\u3001DC110\u300148\u300124<\/td>\n<\/tr>\n<tr>\n<td>\u00a0 14<\/td>\n<td colspan=\"\\&quot;3\\&quot;\">Abrasions \u00c9paisseur des contacts<\/td>\n<td>mm<\/td>\n<td>3<\/td>\n<\/tr>\n<tr>\n<td>\u00a0 15<\/td>\n<td colspan=\"\\&quot;3\\&quot;\">Courant nominal du d\u00e9clencheur \u00e0 maximum de courant<\/td>\n<td>A<\/td>\n<td>5<\/td>\n<\/tr>\n<tr>\n<td>\u00a0 16<\/td>\n<td colspan=\"\\&quot;3\\&quot;\">Rapport du transformateur de courant<\/td>\n<td><\/td>\n<td>200\/5,400\/5,600\/5<br \/>\nDegr\u00e9 de protection:III class,Class:0.5)<\/td>\n<\/tr>\n<\/tbody>\n<\/table>\n<\/div>\n<\/figure>\n<h2 class=\"\\&quot;wp-block-heading\\&quot;\">Sch\u00e9ma des dimensions et de l'installation<\/h2>\n<p><img fetchpriority=\"high\" decoding=\"async\" class=\"alignnone wp-image-21482 size-full\" src=\"https:\/\/www.tronkiele.com\/wp-content\/uploads\/2024\/09\/ZW32-12-outdoor-high-voltage-pole-mounted-vacuum-circuit-breaker.webp\" alt=\"ZW32-12 disjoncteur \u00e0 vide ext\u00e9rieur haute tension mont\u00e9 sur poteau\" width=\"750\" height=\"329\" srcset=\"https:\/\/www.tronkiele.com\/wp-content\/uploads\/2024\/09\/ZW32-12-outdoor-high-voltage-pole-mounted-vacuum-circuit-breaker.webp 750w, https:\/\/www.tronkiele.com\/wp-content\/uploads\/2024\/09\/ZW32-12-outdoor-high-voltage-pole-mounted-vacuum-circuit-breaker-400x175.webp 400w, https:\/\/www.tronkiele.com\/wp-content\/uploads\/2024\/09\/ZW32-12-outdoor-high-voltage-pole-mounted-vacuum-circuit-breaker-18x8.webp 18w, https:\/\/www.tronkiele.com\/wp-content\/uploads\/2024\/09\/ZW32-12-outdoor-high-voltage-pole-mounted-vacuum-circuit-breaker-430x189.webp 430w, https:\/\/www.tronkiele.com\/wp-content\/uploads\/2024\/09\/ZW32-12-outdoor-high-voltage-pole-mounted-vacuum-circuit-breaker-700x307.webp 700w, https:\/\/www.tronkiele.com\/wp-content\/uploads\/2024\/09\/ZW32-12-outdoor-high-voltage-pole-mounted-vacuum-circuit-breaker-150x66.webp 150w\" sizes=\"(max-width: 750px) 100vw, 750px\" \/> <img decoding=\"async\" class=\"alignnone wp-image-21481 size-full\" src=\"https:\/\/www.tronkiele.com\/wp-content\/uploads\/2024\/09\/Pole-Mounted-Vacuum-Circuit-Breaker-Manufacturer.webp\" alt=\"\" width=\"1020\" height=\"625\" srcset=\"https:\/\/www.tronkiele.com\/wp-content\/uploads\/2024\/09\/Pole-Mounted-Vacuum-Circuit-Breaker-Manufacturer.webp 1020w, https:\/\/www.tronkiele.com\/wp-content\/uploads\/2024\/09\/Pole-Mounted-Vacuum-Circuit-Breaker-Manufacturer-400x245.webp 400w, https:\/\/www.tronkiele.com\/wp-content\/uploads\/2024\/09\/Pole-Mounted-Vacuum-Circuit-Breaker-Manufacturer-768x471.webp 768w, https:\/\/www.tronkiele.com\/wp-content\/uploads\/2024\/09\/Pole-Mounted-Vacuum-Circuit-Breaker-Manufacturer-18x12.webp 18w, https:\/\/www.tronkiele.com\/wp-content\/uploads\/2024\/09\/Pole-Mounted-Vacuum-Circuit-Breaker-Manufacturer-430x263.webp 430w, https:\/\/www.tronkiele.com\/wp-content\/uploads\/2024\/09\/Pole-Mounted-Vacuum-Circuit-Breaker-Manufacturer-700x429.webp 700w, https:\/\/www.tronkiele.com\/wp-content\/uploads\/2024\/09\/Pole-Mounted-Vacuum-Circuit-Breaker-Manufacturer-150x92.webp 150w\" sizes=\"(max-width: 1020px) 100vw, 1020px\" \/><\/p>\n<p><img decoding=\"async\" class=\"alignnone wp-image-21479 size-full\" src=\"https:\/\/www.tronkiele.com\/wp-content\/uploads\/2024\/09\/Pole-Mounted-Vacuum-Circuit-Breaker.webp\" alt=\"\" width=\"1072\" height=\"639\" srcset=\"https:\/\/www.tronkiele.com\/wp-content\/uploads\/2024\/09\/Pole-Mounted-Vacuum-Circuit-Breaker.webp 1072w, https:\/\/www.tronkiele.com\/wp-content\/uploads\/2024\/09\/Pole-Mounted-Vacuum-Circuit-Breaker-400x238.webp 400w, https:\/\/www.tronkiele.com\/wp-content\/uploads\/2024\/09\/Pole-Mounted-Vacuum-Circuit-Breaker-768x458.webp 768w, https:\/\/www.tronkiele.com\/wp-content\/uploads\/2024\/09\/Pole-Mounted-Vacuum-Circuit-Breaker-18x12.webp 18w, https:\/\/www.tronkiele.com\/wp-content\/uploads\/2024\/09\/Pole-Mounted-Vacuum-Circuit-Breaker-430x256.webp 430w, https:\/\/www.tronkiele.com\/wp-content\/uploads\/2024\/09\/Pole-Mounted-Vacuum-Circuit-Breaker-700x417.webp 700w, https:\/\/www.tronkiele.com\/wp-content\/uploads\/2024\/09\/Pole-Mounted-Vacuum-Circuit-Breaker-150x89.webp 150w\" sizes=\"(max-width: 1072px) 100vw, 1072px\" \/> <img loading=\"lazy\" decoding=\"async\" class=\"alignnone wp-image-21480 size-full\" src=\"https:\/\/www.tronkiele.com\/wp-content\/uploads\/2024\/09\/Mounted-Vacuum-Circuit-Breaker.webp\" alt=\"\" width=\"1040\" height=\"698\" srcset=\"https:\/\/www.tronkiele.com\/wp-content\/uploads\/2024\/09\/Mounted-Vacuum-Circuit-Breaker.webp 1040w, https:\/\/www.tronkiele.com\/wp-content\/uploads\/2024\/09\/Mounted-Vacuum-Circuit-Breaker-400x268.webp 400w, https:\/\/www.tronkiele.com\/wp-content\/uploads\/2024\/09\/Mounted-Vacuum-Circuit-Breaker-768x515.webp 768w, https:\/\/www.tronkiele.com\/wp-content\/uploads\/2024\/09\/Mounted-Vacuum-Circuit-Breaker-18x12.webp 18w, https:\/\/www.tronkiele.com\/wp-content\/uploads\/2024\/09\/Mounted-Vacuum-Circuit-Breaker-430x289.webp 430w, https:\/\/www.tronkiele.com\/wp-content\/uploads\/2024\/09\/Mounted-Vacuum-Circuit-Breaker-700x470.webp 700w, https:\/\/www.tronkiele.com\/wp-content\/uploads\/2024\/09\/Mounted-Vacuum-Circuit-Breaker-150x101.webp 150w\" sizes=\"(max-width: 1040px) 100vw, 1040px\" \/><\/p>\n<figure class=\"\\&quot;wp-block-image\"><\/figure>","protected":false},"excerpt":{"rendered":"<p>Mod\u00e8le : ZW32-12<br \/>\nTension : 12kV<br \/>\nCourant : 630A<br \/>\nFr\u00e9quence de fonctionnement : 50Hz<br \/>\nTension nominale : 12kV\/24kV<br \/>\nContr\u00f4leur de r\u00e9enclenchement : en option<\/p>","protected":false},"featured_media":2220,"template":"","meta":[],"product_brand":[],"product_cat":[17],"product_tag":[],"class_list":{"0":"post-590","1":"product","2":"type-product","3":"status-publish","4":"has-post-thumbnail","6":"product_cat-vacuum-circuit-breaker","8":"first","9":"instock","10":"taxable","11":"shipping-taxable","12":"product-type-simple"},"yoast_head":"<!-- This site is optimized with the Yoast SEO plugin v25.0 - https:\/\/yoast.com\/wordpress\/plugins\/seo\/ -->\n<title>Pole Mounted Vacuum Circuit Breaker Manufacturer From China - PINE<\/title>\n<meta name=\"robots\" content=\"index, follow, max-snippet:-1, max-image-preview:large, max-video-preview:-1\" \/>\n<link rel=\"canonical\" href=\"https:\/\/www.tronkiele.com\/fr\/product\/outdoor-high-voltage-pole-mounted-vacuum-circuit-breaker\/\" \/>\n<meta property=\"og:locale\" content=\"fr_FR\" \/>\n<meta property=\"og:type\" content=\"article\" \/>\n<meta property=\"og:title\" content=\"Pole Mounted Vacuum Circuit Breaker Manufacturer From China - PINE\" \/>\n<meta property=\"og:description\" content=\"Model: ZW32-12 Voltage: 12kV Current: 630A Operating frequency: 50Hz Rated voltage: 12kV\/24kV Reclosing controller: optional\" \/>\n<meta property=\"og:url\" content=\"https:\/\/www.tronkiele.com\/fr\/product\/outdoor-high-voltage-pole-mounted-vacuum-circuit-breaker\/\" \/>\n<meta property=\"og:site_name\" content=\"PINE\" \/>\n<meta property=\"article:modified_time\" content=\"2025-02-10T12:39:03+00:00\" \/>\n<meta property=\"og:image\" content=\"https:\/\/www.tronkiele.com\/wp-content\/uploads\/2024\/09\/Outdoor-High-Voltage-Vacuum-Circuit-Breaker-1.webp\" \/>\n\t<meta property=\"og:image:width\" content=\"650\" \/>\n\t<meta property=\"og:image:height\" content=\"650\" \/>\n\t<meta property=\"og:image:type\" content=\"image\/webp\" \/>\n<meta name=\"twitter:card\" content=\"summary_large_image\" \/>\n<meta name=\"twitter:label1\" content=\"Dur\u00e9e de lecture estim\u00e9e\" \/>\n\t<meta name=\"twitter:data1\" content=\"3 minutes\" \/>\n<script type=\"application\/ld+json\" class=\"yoast-schema-graph\">{\"@context\":\"https:\/\/schema.org\",\"@graph\":[{\"@type\":\"WebPage\",\"@id\":\"https:\/\/www.tronkiele.com\/product\/outdoor-high-voltage-pole-mounted-vacuum-circuit-breaker\/\",\"url\":\"https:\/\/www.tronkiele.com\/product\/outdoor-high-voltage-pole-mounted-vacuum-circuit-breaker\/\",\"name\":\"Pole Mounted Vacuum Circuit Breaker Manufacturer From China - PINE\",\"isPartOf\":{\"@id\":\"https:\/\/www.tronkiele.com\/#website\"},\"primaryImageOfPage\":{\"@id\":\"https:\/\/www.tronkiele.com\/product\/outdoor-high-voltage-pole-mounted-vacuum-circuit-breaker\/#primaryimage\"},\"image\":{\"@id\":\"https:\/\/www.tronkiele.com\/product\/outdoor-high-voltage-pole-mounted-vacuum-circuit-breaker\/#primaryimage\"},\"thumbnailUrl\":\"https:\/\/www.tronkiele.com\/wp-content\/uploads\/2024\/09\/Outdoor-High-Voltage-Vacuum-Circuit-Breaker-1.webp\",\"datePublished\":\"2024-09-01T08:33:11+00:00\",\"dateModified\":\"2025-02-10T12:39:03+00:00\",\"breadcrumb\":{\"@id\":\"https:\/\/www.tronkiele.com\/product\/outdoor-high-voltage-pole-mounted-vacuum-circuit-breaker\/#breadcrumb\"},\"inLanguage\":\"fr-FR\",\"potentialAction\":[{\"@type\":\"ReadAction\",\"target\":[\"https:\/\/www.tronkiele.com\/product\/outdoor-high-voltage-pole-mounted-vacuum-circuit-breaker\/\"]}]},{\"@type\":\"ImageObject\",\"inLanguage\":\"fr-FR\",\"@id\":\"https:\/\/www.tronkiele.com\/product\/outdoor-high-voltage-pole-mounted-vacuum-circuit-breaker\/#primaryimage\",\"url\":\"https:\/\/www.tronkiele.com\/wp-content\/uploads\/2024\/09\/Outdoor-High-Voltage-Vacuum-Circuit-Breaker-1.webp\",\"contentUrl\":\"https:\/\/www.tronkiele.com\/wp-content\/uploads\/2024\/09\/Outdoor-High-Voltage-Vacuum-Circuit-Breaker-1.webp\",\"width\":650,\"height\":650,\"caption\":\"Outdoor High Voltage Vacuum Circuit Breaker\"},{\"@type\":\"BreadcrumbList\",\"@id\":\"https:\/\/www.tronkiele.com\/product\/outdoor-high-voltage-pole-mounted-vacuum-circuit-breaker\/#breadcrumb\",\"itemListElement\":[{\"@type\":\"ListItem\",\"position\":1,\"name\":\"Home\",\"item\":\"https:\/\/www.tronkiele.com\/\"},{\"@type\":\"ListItem\",\"position\":2,\"name\":\"Products\",\"item\":\"https:\/\/www.tronkiele.com\/shop\/\"},{\"@type\":\"ListItem\",\"position\":3,\"name\":\"ZW32-12 Outdoor High-Voltage Pole Mounted Vacuum Circuit Breaker\"}]},{\"@type\":\"WebSite\",\"@id\":\"https:\/\/www.tronkiele.com\/#website\",\"url\":\"https:\/\/www.tronkiele.com\/\",\"name\":\"PINE\",\"description\":\"\",\"publisher\":{\"@id\":\"https:\/\/www.tronkiele.com\/#organization\"},\"potentialAction\":[{\"@type\":\"SearchAction\",\"target\":{\"@type\":\"EntryPoint\",\"urlTemplate\":\"https:\/\/www.tronkiele.com\/?s={search_term_string}\"},\"query-input\":{\"@type\":\"PropertyValueSpecification\",\"valueRequired\":true,\"valueName\":\"search_term_string\"}}],\"inLanguage\":\"fr-FR\"},{\"@type\":\"Organization\",\"@id\":\"https:\/\/www.tronkiele.com\/#organization\",\"name\":\"PINE\",\"url\":\"https:\/\/www.tronkiele.com\/\",\"logo\":{\"@type\":\"ImageObject\",\"inLanguage\":\"fr-FR\",\"@id\":\"https:\/\/www.tronkiele.com\/#\/schema\/logo\/image\/\",\"url\":\"https:\/\/www.tronkiele.com\/wp-content\/uploads\/2024\/11\/cropped-tronki.webp\",\"contentUrl\":\"https:\/\/www.tronkiele.com\/wp-content\/uploads\/2024\/11\/cropped-tronki.webp\",\"width\":512,\"height\":512,\"caption\":\"PINE\"},\"image\":{\"@id\":\"https:\/\/www.tronkiele.com\/#\/schema\/logo\/image\/\"}}]}<\/script>\n<!-- \/ Yoast SEO plugin. -->","yoast_head_json":{"title":"Disjoncteur \u00e0 vide mont\u00e9 sur m\u00e2t - Fabricant chinois de disjoncteurs \u00e0 vide - PINE","robots":{"index":"index","follow":"follow","max-snippet":"max-snippet:-1","max-image-preview":"max-image-preview:large","max-video-preview":"max-video-preview:-1"},"canonical":"https:\/\/www.tronkiele.com\/fr\/product\/outdoor-high-voltage-pole-mounted-vacuum-circuit-breaker\/","og_locale":"fr_FR","og_type":"article","og_title":"Pole Mounted Vacuum Circuit Breaker Manufacturer From China - PINE","og_description":"Model: ZW32-12 Voltage: 12kV Current: 630A Operating frequency: 50Hz Rated voltage: 12kV\/24kV Reclosing controller: optional","og_url":"https:\/\/www.tronkiele.com\/fr\/product\/outdoor-high-voltage-pole-mounted-vacuum-circuit-breaker\/","og_site_name":"PINE","article_modified_time":"2025-02-10T12:39:03+00:00","og_image":[{"width":650,"height":650,"url":"https:\/\/www.tronkiele.com\/wp-content\/uploads\/2024\/09\/Outdoor-High-Voltage-Vacuum-Circuit-Breaker-1.webp","type":"image\/webp"}],"twitter_card":"summary_large_image","twitter_misc":{"Dur\u00e9e de lecture estim\u00e9e":"3 minutes"},"schema":{"@context":"https:\/\/schema.org","@graph":[{"@type":"WebPage","@id":"https:\/\/www.tronkiele.com\/product\/outdoor-high-voltage-pole-mounted-vacuum-circuit-breaker\/","url":"https:\/\/www.tronkiele.com\/product\/outdoor-high-voltage-pole-mounted-vacuum-circuit-breaker\/","name":"Disjoncteur \u00e0 vide mont\u00e9 sur m\u00e2t - Fabricant chinois de disjoncteurs \u00e0 vide - PINE","isPartOf":{"@id":"https:\/\/www.tronkiele.com\/#website"},"primaryImageOfPage":{"@id":"https:\/\/www.tronkiele.com\/product\/outdoor-high-voltage-pole-mounted-vacuum-circuit-breaker\/#primaryimage"},"image":{"@id":"https:\/\/www.tronkiele.com\/product\/outdoor-high-voltage-pole-mounted-vacuum-circuit-breaker\/#primaryimage"},"thumbnailUrl":"https:\/\/www.tronkiele.com\/wp-content\/uploads\/2024\/09\/Outdoor-High-Voltage-Vacuum-Circuit-Breaker-1.webp","datePublished":"2024-09-01T08:33:11+00:00","dateModified":"2025-02-10T12:39:03+00:00","breadcrumb":{"@id":"https:\/\/www.tronkiele.com\/product\/outdoor-high-voltage-pole-mounted-vacuum-circuit-breaker\/#breadcrumb"},"inLanguage":"fr-FR","potentialAction":[{"@type":"ReadAction","target":["https:\/\/www.tronkiele.com\/product\/outdoor-high-voltage-pole-mounted-vacuum-circuit-breaker\/"]}]},{"@type":"ImageObject","inLanguage":"fr-FR","@id":"https:\/\/www.tronkiele.com\/product\/outdoor-high-voltage-pole-mounted-vacuum-circuit-breaker\/#primaryimage","url":"https:\/\/www.tronkiele.com\/wp-content\/uploads\/2024\/09\/Outdoor-High-Voltage-Vacuum-Circuit-Breaker-1.webp","contentUrl":"https:\/\/www.tronkiele.com\/wp-content\/uploads\/2024\/09\/Outdoor-High-Voltage-Vacuum-Circuit-Breaker-1.webp","width":650,"height":650,"caption":"Outdoor High Voltage Vacuum Circuit Breaker"},{"@type":"BreadcrumbList","@id":"https:\/\/www.tronkiele.com\/product\/outdoor-high-voltage-pole-mounted-vacuum-circuit-breaker\/#breadcrumb","itemListElement":[{"@type":"ListItem","position":1,"name":"Home","item":"https:\/\/www.tronkiele.com\/"},{"@type":"ListItem","position":2,"name":"Products","item":"https:\/\/www.tronkiele.com\/shop\/"},{"@type":"ListItem","position":3,"name":"ZW32-12 Outdoor High-Voltage Pole Mounted Vacuum Circuit Breaker"}]},{"@type":"WebSite","@id":"https:\/\/www.tronkiele.com\/#website","url":"https:\/\/www.tronkiele.com\/","name":"PIN","description":"","publisher":{"@id":"https:\/\/www.tronkiele.com\/#organization"},"potentialAction":[{"@type":"SearchAction","target":{"@type":"EntryPoint","urlTemplate":"https:\/\/www.tronkiele.com\/?s={search_term_string}"},"query-input":{"@type":"PropertyValueSpecification","valueRequired":true,"valueName":"search_term_string"}}],"inLanguage":"fr-FR"},{"@type":"Organization","@id":"https:\/\/www.tronkiele.com\/#organization","name":"PIN","url":"https:\/\/www.tronkiele.com\/","logo":{"@type":"ImageObject","inLanguage":"fr-FR","@id":"https:\/\/www.tronkiele.com\/#\/schema\/logo\/image\/","url":"https:\/\/www.tronkiele.com\/wp-content\/uploads\/2024\/11\/cropped-tronki.webp","contentUrl":"https:\/\/www.tronkiele.com\/wp-content\/uploads\/2024\/11\/cropped-tronki.webp","width":512,"height":512,"caption":"PINE"},"image":{"@id":"https:\/\/www.tronkiele.com\/#\/schema\/logo\/image\/"}}]}},"_links":{"self":[{"href":"https:\/\/www.tronkiele.com\/fr\/wp-json\/wp\/v2\/product\/590","targetHints":{"allow":["GET"]}}],"collection":[{"href":"https:\/\/www.tronkiele.com\/fr\/wp-json\/wp\/v2\/product"}],"about":[{"href":"https:\/\/www.tronkiele.com\/fr\/wp-json\/wp\/v2\/types\/product"}],"version-history":[{"count":3,"href":"https:\/\/www.tronkiele.com\/fr\/wp-json\/wp\/v2\/product\/590\/revisions"}],"predecessor-version":[{"id":21484,"href":"https:\/\/www.tronkiele.com\/fr\/wp-json\/wp\/v2\/product\/590\/revisions\/21484"}],"wp:featuredmedia":[{"embeddable":true,"href":"https:\/\/www.tronkiele.com\/fr\/wp-json\/wp\/v2\/media\/2220"}],"wp:attachment":[{"href":"https:\/\/www.tronkiele.com\/fr\/wp-json\/wp\/v2\/media?parent=590"}],"wp:term":[{"taxonomy":"product_brand","embeddable":true,"href":"https:\/\/www.tronkiele.com\/fr\/wp-json\/wp\/v2\/product_brand?post=590"},{"taxonomy":"product_cat","embeddable":true,"href":"https:\/\/www.tronkiele.com\/fr\/wp-json\/wp\/v2\/product_cat?post=590"},{"taxonomy":"product_tag","embeddable":true,"href":"https:\/\/www.tronkiele.com\/fr\/wp-json\/wp\/v2\/product_tag?post=590"}],"curies":[{"name":"wp","href":"https:\/\/api.w.org\/{rel}","templated":true}]}}