{"id":95,"date":"2024-09-08T17:17:26","date_gmt":"2024-09-08T17:17:26","guid":{"rendered":"https:\/\/www.tronkiele.com\/product\/indoor-auxiliary-handcart-switchgear-breaker\/"},"modified":"2025-01-25T08:28:30","modified_gmt":"2025-01-25T08:28:30","slug":"indoor-auxiliary-handcart-switchgear-breaker","status":"publish","type":"product","link":"https:\/\/www.tronkiele.com\/fr\/product\/indoor-auxiliary-handcart-switchgear-breaker\/","title":{"rendered":"ZN85-40.5 Interrupteur auxiliaire int\u00e9rieur pour chariot \u00e0 main"},"content":{"rendered":"<h2 class=\"\\&quot;wp-block-heading\\&quot;\">G\u00e9n\u00e9ral<\/h2>\n<p>Le chariot auxiliaire ZN85, con\u00e7u et produit par nos soins, est dot\u00e9 d'un m\u00e9canisme d'entra\u00eenement \u00e0 tige filet\u00e9e et peut \u00eatre d\u00e9plac\u00e9 facilement, ce qui permet d'\u00e9viter d'endommager le m\u00e9canisme d'entra\u00eenement en cas de mauvaise manipulation.Il s'applique aux syst\u00e8mes d'alimentation segment\u00e9s triphas\u00e9s \u00e0 courant alternatif de 50 Hz et 40,5 kV \u00e0 bus unique dans les tableaux m\u00e9talliques mobiles blind\u00e9s KYN61-40,5.Utilis\u00e9 avec diff\u00e9rents composants primaires, il peut r\u00e9aliser la connexion des bus, la mesure de l'\u00e9nergie \u00e9lectrique et la protection contre les surcharges ou les courts-circuits pour les \u00e9quipements d'alimentation et, pendant les r\u00e9visions du syst\u00e8me, le verrouillage des composants fonctionnels et des interverrouillages.<\/p>\n<h2 class=\"\\&quot;wp-block-heading\\&quot;\">Normes de produits<\/h2>\n<p>La charrette \u00e0 bras auxiliaire ZN85 est produite conform\u00e9ment \u00e0 la norme et au code suivants.<\/p>\n<p>GB\/T 11022-2011 Sp\u00e9cifications communes pour les normes relatives \u00e0 l'appareillage de commutation et de commande \u00e0 haute tension<\/p>\n<p>\u25cf CEI 62271-2007 Appareillage \u00e0 haute tension - Partie 1:Sp\u00e9cifications communes<\/p>\n<h2 class=\"\\&quot;wp-block-heading\\&quot;\">Conditions de fonctionnement<\/h2>\n<p>Conditions normales de fonctionnement<\/p>\n<p>\u25cf Temp\u00e9rature ambiante:-40\u2103~+40\u2103(moins de 35\u2103 dans les 24 heures).<\/p>\n<p>\u25cf Humidit\u00e9 relative:\u226495%(moyenne journali\u00e8re)ou \u226490%(moyenne mensuelle)<\/p>\n<p>\u25cf Altitude:\u22641000m<\/p>\n<h2 class=\"\\&quot;wp-block-heading\\&quot;\">Param\u00e8tres techniques<\/h2>\n<p>1.1 Param\u00e8tres techniques<\/p>\n<figure class=\"\\&quot;wp-block-table\\&quot;\">\n<div class=\"\\&quot;scroll\\&quot;\">\n<table>\n<tbody>\n<tr>\n<td>\u00a0\u00a0 Objet<\/td>\n<td>Unit\u00e9<\/td>\n<td>Valeur de r\u00e9f\u00e9rence<\/td>\n<\/tr>\n<tr>\n<td>\u00a0\u00a0 Tension nominale<\/td>\n<td>kV<\/td>\n<td>40.5<\/td>\n<\/tr>\n<tr>\n<td>Tension de r\u00e9sistance aux chocs de foudre<\/td>\n<td>kV<\/td>\n<td>185<\/td>\n<\/tr>\n<tr>\n<td>\u00a0\u00a0 Niveau d'isolation nominale Tension de tenue \u00e0 la fr\u00e9quence de puissance de 1min<\/td>\n<td>kV<\/td>\n<td>95<\/td>\n<\/tr>\n<tr>\n<td>\u00a0\u00a0 Fr\u00e9quence nominale<\/td>\n<td>Hz<\/td>\n<td>50\/60<\/td>\n<\/tr>\n<\/tbody>\n<\/table>\n<\/div>\n<\/figure>\n<p>1.2 Dessin de la liaison entre le contact mobile et le contact fixe<\/p>\n<figure class=\"\\&quot;wp-block-image\"><img fetchpriority=\"high\" decoding=\"async\" class=\"alignnone wp-image-789 size-full\" src=\"https:\/\/www.tronkiele.com\/wp-content\/uploads\/2020\/04\/High-Voltage-Vcb-01.webp\" alt=\"Haute tension-Vcb\" width=\"845\" height=\"146\" srcset=\"https:\/\/www.tronkiele.com\/wp-content\/uploads\/2020\/04\/High-Voltage-Vcb-01.webp 845w, https:\/\/www.tronkiele.com\/wp-content\/uploads\/2020\/04\/High-Voltage-Vcb-01-150x26.webp 150w, https:\/\/www.tronkiele.com\/wp-content\/uploads\/2020\/04\/High-Voltage-Vcb-01-600x104.webp 600w, https:\/\/www.tronkiele.com\/wp-content\/uploads\/2020\/04\/High-Voltage-Vcb-01-300x52.webp 300w, https:\/\/www.tronkiele.com\/wp-content\/uploads\/2020\/04\/High-Voltage-Vcb-01-768x133.webp 768w, https:\/\/www.tronkiele.com\/wp-content\/uploads\/2020\/04\/High-Voltage-Vcb-01-18x3.webp 18w\" sizes=\"(max-width: 845px) 100vw, 845px\" \/><\/figure>\n<p>Dimensions d'encombrement et d'installation<\/p>\n<p>Dimensions globales du chariot isolant ZN85-40.5 (largeur de l'armoire : 1400 mm)<\/p>\n<figure class=\"\\&quot;wp-block-image\"><img decoding=\"async\" class=\"alignnone wp-image-2233 size-full\" src=\"https:\/\/www.tronkiele.com\/wp-content\/uploads\/2020\/04\/High-Voltage-Vcb-02-1.webp\" alt=\"Haute tension-Vcb\" width=\"845\" height=\"376\" srcset=\"https:\/\/www.tronkiele.com\/wp-content\/uploads\/2020\/04\/High-Voltage-Vcb-02-1.webp 845w, https:\/\/www.tronkiele.com\/wp-content\/uploads\/2020\/04\/High-Voltage-Vcb-02-1-150x67.webp 150w, https:\/\/www.tronkiele.com\/wp-content\/uploads\/2020\/04\/High-Voltage-Vcb-02-1-600x267.webp 600w, https:\/\/www.tronkiele.com\/wp-content\/uploads\/2020\/04\/High-Voltage-Vcb-02-1-300x133.webp 300w, https:\/\/www.tronkiele.com\/wp-content\/uploads\/2020\/04\/High-Voltage-Vcb-02-1-768x342.webp 768w, https:\/\/www.tronkiele.com\/wp-content\/uploads\/2020\/04\/High-Voltage-Vcb-02-1-18x8.webp 18w\" sizes=\"(max-width: 845px) 100vw, 845px\" \/><\/figure>\n<figure class=\"\\&quot;wp-block-table\\&quot;\">\n<div class=\"\\&quot;scroll\\&quot;\">\n<table>\n<tbody>\n<tr>\n<td>\u00a0\u00a0 Courant nominal (A)<\/td>\n<td>630<\/td>\n<td>1250<\/td>\n<\/tr>\n<tr>\n<td>\u00a0\u00a0 Taille du contact fixe D(mm)<\/td>\n<td>\u03c635<\/td>\n<td>milieu 49<\/td>\n<\/tr>\n<tr>\n<td>\u00a0\u00a0 distance interphase (mm)<\/td>\n<td colspan=\"\\&quot;2\\&quot;\">300<\/td>\n<\/tr>\n<tr>\n<td>\u00a0\u00a0 D\u00e9placement de la charrette \u00e0 bras (mm)<\/td>\n<td colspan=\"\\&quot;2\\&quot;\">610\u00b12<\/td>\n<\/tr>\n<\/tbody>\n<\/table>\n<\/div>\n<\/figure>\n<figure class=\"\\&quot;wp-block-image\"><a href=\"https:\/\/tronkiele.com\/wp-content\/uploads\/2020\/04\/High-Voltage-Vcb-03.webp\"><img decoding=\"async\" class=\"alignnone wp-image-788 size-full\" src=\"https:\/\/www.tronkiele.com\/wp-content\/uploads\/2020\/04\/High-Voltage-Vcb-03.webp\" alt=\"Haute tension-Vcb\" width=\"845\" height=\"342\" srcset=\"https:\/\/www.tronkiele.com\/wp-content\/uploads\/2020\/04\/High-Voltage-Vcb-03.webp 845w, https:\/\/www.tronkiele.com\/wp-content\/uploads\/2020\/04\/High-Voltage-Vcb-03-150x61.webp 150w, https:\/\/www.tronkiele.com\/wp-content\/uploads\/2020\/04\/High-Voltage-Vcb-03-600x243.webp 600w, https:\/\/www.tronkiele.com\/wp-content\/uploads\/2020\/04\/High-Voltage-Vcb-03-300x121.webp 300w, https:\/\/www.tronkiele.com\/wp-content\/uploads\/2020\/04\/High-Voltage-Vcb-03-768x311.webp 768w, https:\/\/www.tronkiele.com\/wp-content\/uploads\/2020\/04\/High-Voltage-Vcb-03-18x7.webp 18w\" sizes=\"(max-width: 845px) 100vw, 845px\" \/><\/a><\/figure>\n<figure class=\"\\&quot;wp-block-table\\&quot;\">\n<div class=\"\\&quot;scroll\\&quot;\">\n<table>\n<tbody>\n<tr>\n<td>59<\/td>\n<td>Pour l'interrupteur auxiliaire en position de fonctionnement<\/td>\n<\/tr>\n<tr>\n<td>58<\/td>\n<td>ou l'interrupteur auxiliaire en position de fonctionnement<\/td>\n<\/tr>\n<tr>\n<td>Y1<\/td>\n<td>Electro-aimant de blocage (pi\u00e8ce optionnelle)<\/td>\n<\/tr>\n<\/tbody>\n<\/table>\n<\/div>\n<\/figure>","protected":false},"excerpt":{"rendered":"<p>Le disjoncteur ZN85-40.5 est un appareil de commutation auxiliaire int\u00e9rieur pour courant alternatif \u00e0 haute tension, adapt\u00e9 au syst\u00e8me \u00e9lectrique AC 50Hz. 35kV, utilis\u00e9 comme dispositif de protection et de contr\u00f4le dans les centrales \u00e9lectriques, les sous-stations, etc,<\/p>","protected":false},"featured_media":2228,"template":"","meta":[],"product_brand":[],"product_cat":[17],"product_tag":[],"class_list":{"0":"post-95","1":"product","2":"type-product","3":"status-publish","4":"has-post-thumbnail","6":"product_cat-vacuum-circuit-breaker","8":"first","9":"instock","10":"taxable","11":"shipping-taxable","12":"product-type-simple"},"yoast_head":"<!-- This site is optimized with the Yoast SEO plugin v25.0 - https:\/\/yoast.com\/wordpress\/plugins\/seo\/ -->\n<title>ZN85-40.5 Indoor Auxiliary Handcart Switchgear Breaker - PINE-ZHENGXI<\/title>\n<meta name=\"description\" content=\"ZN85-40.5 Indoor Auxiliary Handcart switchgear breaker offered by China manufacturer JYIELE Electric Manufacture. Buy directly with low price and high quality.our circuit breaker ensures efficient power distribution and maximum safety.\" \/>\n<meta name=\"robots\" content=\"index, follow, max-snippet:-1, max-image-preview:large, max-video-preview:-1\" \/>\n<link rel=\"canonical\" href=\"https:\/\/www.tronkiele.com\/fr\/product\/indoor-auxiliary-handcart-switchgear-breaker\/\" \/>\n<meta property=\"og:locale\" content=\"fr_FR\" \/>\n<meta property=\"og:type\" content=\"article\" \/>\n<meta property=\"og:title\" content=\"ZN85-40.5 Indoor Auxiliary Handcart Switchgear Breaker - PINE-ZHENGXI\" \/>\n<meta property=\"og:description\" content=\"ZN85-40.5 Indoor Auxiliary Handcart switchgear breaker offered by China manufacturer JYIELE Electric Manufacture. Buy directly with low price and high quality.our circuit breaker ensures efficient power distribution and maximum safety.\" \/>\n<meta property=\"og:url\" content=\"https:\/\/www.tronkiele.com\/fr\/product\/indoor-auxiliary-handcart-switchgear-breaker\/\" \/>\n<meta property=\"og:site_name\" content=\"PINE-ZHENGXI\" \/>\n<meta property=\"article:modified_time\" content=\"2025-01-25T08:28:30+00:00\" \/>\n<meta property=\"og:image\" content=\"https:\/\/www.tronkiele.com\/wp-content\/uploads\/2020\/04\/Indoor-Auxiliary-Handcart-Switchgear-Breaker-2.webp\" \/>\n\t<meta property=\"og:image:width\" content=\"600\" \/>\n\t<meta property=\"og:image:height\" content=\"600\" \/>\n\t<meta property=\"og:image:type\" content=\"image\/webp\" \/>\n<meta name=\"twitter:card\" content=\"summary_large_image\" \/>\n<meta name=\"twitter:label1\" content=\"Dur\u00e9e de lecture estim\u00e9e\" \/>\n\t<meta name=\"twitter:data1\" content=\"2 minutes\" \/>\n<script type=\"application\/ld+json\" class=\"yoast-schema-graph\">{\"@context\":\"https:\/\/schema.org\",\"@graph\":[{\"@type\":\"WebPage\",\"@id\":\"https:\/\/www.tronkiele.com\/product\/indoor-auxiliary-handcart-switchgear-breaker\/\",\"url\":\"https:\/\/www.tronkiele.com\/product\/indoor-auxiliary-handcart-switchgear-breaker\/\",\"name\":\"ZN85-40.5 Indoor Auxiliary Handcart Switchgear Breaker - PINE-ZHENGXI\",\"isPartOf\":{\"@id\":\"https:\/\/www.tronkiele.com\/#website\"},\"primaryImageOfPage\":{\"@id\":\"https:\/\/www.tronkiele.com\/product\/indoor-auxiliary-handcart-switchgear-breaker\/#primaryimage\"},\"image\":{\"@id\":\"https:\/\/www.tronkiele.com\/product\/indoor-auxiliary-handcart-switchgear-breaker\/#primaryimage\"},\"thumbnailUrl\":\"https:\/\/www.tronkiele.com\/wp-content\/uploads\/2020\/04\/Indoor-Auxiliary-Handcart-Switchgear-Breaker-2.webp\",\"datePublished\":\"2024-09-08T17:17:26+00:00\",\"dateModified\":\"2025-01-25T08:28:30+00:00\",\"description\":\"ZN85-40.5 Indoor Auxiliary Handcart switchgear breaker offered by China manufacturer JYIELE Electric Manufacture. Buy directly with low price and high quality.our circuit breaker ensures efficient power distribution and maximum safety.\",\"breadcrumb\":{\"@id\":\"https:\/\/www.tronkiele.com\/product\/indoor-auxiliary-handcart-switchgear-breaker\/#breadcrumb\"},\"inLanguage\":\"fr-FR\",\"potentialAction\":[{\"@type\":\"ReadAction\",\"target\":[\"https:\/\/www.tronkiele.com\/product\/indoor-auxiliary-handcart-switchgear-breaker\/\"]}]},{\"@type\":\"ImageObject\",\"inLanguage\":\"fr-FR\",\"@id\":\"https:\/\/www.tronkiele.com\/product\/indoor-auxiliary-handcart-switchgear-breaker\/#primaryimage\",\"url\":\"https:\/\/www.tronkiele.com\/wp-content\/uploads\/2020\/04\/Indoor-Auxiliary-Handcart-Switchgear-Breaker-2.webp\",\"contentUrl\":\"https:\/\/www.tronkiele.com\/wp-content\/uploads\/2020\/04\/Indoor-Auxiliary-Handcart-Switchgear-Breaker-2.webp\",\"width\":600,\"height\":600,\"caption\":\"Indoor Auxiliary Handcart Switchgear Breaker\"},{\"@type\":\"BreadcrumbList\",\"@id\":\"https:\/\/www.tronkiele.com\/product\/indoor-auxiliary-handcart-switchgear-breaker\/#breadcrumb\",\"itemListElement\":[{\"@type\":\"ListItem\",\"position\":1,\"name\":\"Home\",\"item\":\"https:\/\/www.tronkiele.com\/\"},{\"@type\":\"ListItem\",\"position\":2,\"name\":\"Products\",\"item\":\"https:\/\/www.tronkiele.com\/shop\/\"},{\"@type\":\"ListItem\",\"position\":3,\"name\":\"ZN85-40.5 Indoor Auxiliary Handcart Switchgear Breaker\"}]},{\"@type\":\"WebSite\",\"@id\":\"https:\/\/www.tronkiele.com\/#website\",\"url\":\"https:\/\/www.tronkiele.com\/\",\"name\":\"PINE-ZHENGXI\",\"description\":\"\",\"publisher\":{\"@id\":\"https:\/\/www.tronkiele.com\/#organization\"},\"potentialAction\":[{\"@type\":\"SearchAction\",\"target\":{\"@type\":\"EntryPoint\",\"urlTemplate\":\"https:\/\/www.tronkiele.com\/?s={search_term_string}\"},\"query-input\":{\"@type\":\"PropertyValueSpecification\",\"valueRequired\":true,\"valueName\":\"search_term_string\"}}],\"inLanguage\":\"fr-FR\"},{\"@type\":\"Organization\",\"@id\":\"https:\/\/www.tronkiele.com\/#organization\",\"name\":\"PINE-ZHENGXI\",\"url\":\"https:\/\/www.tronkiele.com\/\",\"logo\":{\"@type\":\"ImageObject\",\"inLanguage\":\"fr-FR\",\"@id\":\"https:\/\/www.tronkiele.com\/#\/schema\/logo\/image\/\",\"url\":\"https:\/\/www.tronkiele.com\/wp-content\/uploads\/2024\/11\/cropped-tronki.webp\",\"contentUrl\":\"https:\/\/www.tronkiele.com\/wp-content\/uploads\/2024\/11\/cropped-tronki.webp\",\"width\":512,\"height\":512,\"caption\":\"PINE-ZHENGXI\"},\"image\":{\"@id\":\"https:\/\/www.tronkiele.com\/#\/schema\/logo\/image\/\"}}]}<\/script>\n<!-- \/ Yoast SEO plugin. -->","yoast_head_json":{"title":"ZN85-40.5 Interrupteur auxiliaire int\u00e9rieur pour chariot \u00e0 main - PINE-ZHENGXI","description":"ZN85-40.5 Indoor Auxiliary Handcart switchgear breaker propos\u00e9 par le fabricant chinois JYIELE Electric Manufacture. Achetez directement avec un prix bas et une haute qualit\u00e9.Notre disjoncteur assure une distribution efficace de l'\u00e9nergie et une s\u00e9curit\u00e9 maximale.","robots":{"index":"index","follow":"follow","max-snippet":"max-snippet:-1","max-image-preview":"max-image-preview:large","max-video-preview":"max-video-preview:-1"},"canonical":"https:\/\/www.tronkiele.com\/fr\/product\/indoor-auxiliary-handcart-switchgear-breaker\/","og_locale":"fr_FR","og_type":"article","og_title":"ZN85-40.5 Indoor Auxiliary Handcart Switchgear Breaker - PINE-ZHENGXI","og_description":"ZN85-40.5 Indoor Auxiliary Handcart switchgear breaker offered by China manufacturer JYIELE Electric Manufacture. Buy directly with low price and high quality.our circuit breaker ensures efficient power distribution and maximum safety.","og_url":"https:\/\/www.tronkiele.com\/fr\/product\/indoor-auxiliary-handcart-switchgear-breaker\/","og_site_name":"PINE-ZHENGXI","article_modified_time":"2025-01-25T08:28:30+00:00","og_image":[{"width":600,"height":600,"url":"https:\/\/www.tronkiele.com\/wp-content\/uploads\/2020\/04\/Indoor-Auxiliary-Handcart-Switchgear-Breaker-2.webp","type":"image\/webp"}],"twitter_card":"summary_large_image","twitter_misc":{"Dur\u00e9e de lecture estim\u00e9e":"2 minutes"},"schema":{"@context":"https:\/\/schema.org","@graph":[{"@type":"WebPage","@id":"https:\/\/www.tronkiele.com\/product\/indoor-auxiliary-handcart-switchgear-breaker\/","url":"https:\/\/www.tronkiele.com\/product\/indoor-auxiliary-handcart-switchgear-breaker\/","name":"ZN85-40.5 Interrupteur auxiliaire int\u00e9rieur pour chariot \u00e0 main - PINE-ZHENGXI","isPartOf":{"@id":"https:\/\/www.tronkiele.com\/#website"},"primaryImageOfPage":{"@id":"https:\/\/www.tronkiele.com\/product\/indoor-auxiliary-handcart-switchgear-breaker\/#primaryimage"},"image":{"@id":"https:\/\/www.tronkiele.com\/product\/indoor-auxiliary-handcart-switchgear-breaker\/#primaryimage"},"thumbnailUrl":"https:\/\/www.tronkiele.com\/wp-content\/uploads\/2020\/04\/Indoor-Auxiliary-Handcart-Switchgear-Breaker-2.webp","datePublished":"2024-09-08T17:17:26+00:00","dateModified":"2025-01-25T08:28:30+00:00","description":"ZN85-40.5 Indoor Auxiliary Handcart switchgear breaker propos\u00e9 par le fabricant chinois JYIELE Electric Manufacture. Achetez directement avec un prix bas et une haute qualit\u00e9.Notre disjoncteur assure une distribution efficace de l'\u00e9nergie et une s\u00e9curit\u00e9 maximale.","breadcrumb":{"@id":"https:\/\/www.tronkiele.com\/product\/indoor-auxiliary-handcart-switchgear-breaker\/#breadcrumb"},"inLanguage":"fr-FR","potentialAction":[{"@type":"ReadAction","target":["https:\/\/www.tronkiele.com\/product\/indoor-auxiliary-handcart-switchgear-breaker\/"]}]},{"@type":"ImageObject","inLanguage":"fr-FR","@id":"https:\/\/www.tronkiele.com\/product\/indoor-auxiliary-handcart-switchgear-breaker\/#primaryimage","url":"https:\/\/www.tronkiele.com\/wp-content\/uploads\/2020\/04\/Indoor-Auxiliary-Handcart-Switchgear-Breaker-2.webp","contentUrl":"https:\/\/www.tronkiele.com\/wp-content\/uploads\/2020\/04\/Indoor-Auxiliary-Handcart-Switchgear-Breaker-2.webp","width":600,"height":600,"caption":"Indoor Auxiliary Handcart Switchgear Breaker"},{"@type":"BreadcrumbList","@id":"https:\/\/www.tronkiele.com\/product\/indoor-auxiliary-handcart-switchgear-breaker\/#breadcrumb","itemListElement":[{"@type":"ListItem","position":1,"name":"Home","item":"https:\/\/www.tronkiele.com\/"},{"@type":"ListItem","position":2,"name":"Products","item":"https:\/\/www.tronkiele.com\/shop\/"},{"@type":"ListItem","position":3,"name":"ZN85-40.5 Indoor Auxiliary Handcart Switchgear Breaker"}]},{"@type":"WebSite","@id":"https:\/\/www.tronkiele.com\/#website","url":"https:\/\/www.tronkiele.com\/","name":"PINE-ZHENGXI","description":"","publisher":{"@id":"https:\/\/www.tronkiele.com\/#organization"},"potentialAction":[{"@type":"SearchAction","target":{"@type":"EntryPoint","urlTemplate":"https:\/\/www.tronkiele.com\/?s={search_term_string}"},"query-input":{"@type":"PropertyValueSpecification","valueRequired":true,"valueName":"search_term_string"}}],"inLanguage":"fr-FR"},{"@type":"Organization","@id":"https:\/\/www.tronkiele.com\/#organization","name":"PINE-ZHENGXI","url":"https:\/\/www.tronkiele.com\/","logo":{"@type":"ImageObject","inLanguage":"fr-FR","@id":"https:\/\/www.tronkiele.com\/#\/schema\/logo\/image\/","url":"https:\/\/www.tronkiele.com\/wp-content\/uploads\/2024\/11\/cropped-tronki.webp","contentUrl":"https:\/\/www.tronkiele.com\/wp-content\/uploads\/2024\/11\/cropped-tronki.webp","width":512,"height":512,"caption":"PINE-ZHENGXI"},"image":{"@id":"https:\/\/www.tronkiele.com\/#\/schema\/logo\/image\/"}}]}},"_links":{"self":[{"href":"https:\/\/www.tronkiele.com\/fr\/wp-json\/wp\/v2\/product\/95","targetHints":{"allow":["GET"]}}],"collection":[{"href":"https:\/\/www.tronkiele.com\/fr\/wp-json\/wp\/v2\/product"}],"about":[{"href":"https:\/\/www.tronkiele.com\/fr\/wp-json\/wp\/v2\/types\/product"}],"version-history":[{"count":1,"href":"https:\/\/www.tronkiele.com\/fr\/wp-json\/wp\/v2\/product\/95\/revisions"}],"predecessor-version":[{"id":21422,"href":"https:\/\/www.tronkiele.com\/fr\/wp-json\/wp\/v2\/product\/95\/revisions\/21422"}],"wp:featuredmedia":[{"embeddable":true,"href":"https:\/\/www.tronkiele.com\/fr\/wp-json\/wp\/v2\/media\/2228"}],"wp:attachment":[{"href":"https:\/\/www.tronkiele.com\/fr\/wp-json\/wp\/v2\/media?parent=95"}],"wp:term":[{"taxonomy":"product_brand","embeddable":true,"href":"https:\/\/www.tronkiele.com\/fr\/wp-json\/wp\/v2\/product_brand?post=95"},{"taxonomy":"product_cat","embeddable":true,"href":"https:\/\/www.tronkiele.com\/fr\/wp-json\/wp\/v2\/product_cat?post=95"},{"taxonomy":"product_tag","embeddable":true,"href":"https:\/\/www.tronkiele.com\/fr\/wp-json\/wp\/v2\/product_tag?post=95"}],"curies":[{"name":"wp","href":"https:\/\/api.w.org\/{rel}","templated":true}]}}