{"id":22594,"date":"2026-01-22T09:23:06","date_gmt":"2026-01-22T09:23:06","guid":{"rendered":"https:\/\/www.tronkiele.com\/?page_id=22594"},"modified":"2026-01-23T01:53:25","modified_gmt":"2026-01-23T01:53:25","slug":"privacy-policy","status":"publish","type":"page","link":"https:\/\/www.tronkiele.com\/it\/privacy-policy\/","title":{"rendered":"Informativa sulla privacy"},"content":{"rendered":"<p>La presente informativa sulla privacy descrive le modalit\u00e0 di gestione dei dati personali dell'utente. Utilizzando il sito https:\/\/www.tronkiele.com\/ (il \"Sito\") l'utente acconsente alla memorizzazione, all'elaborazione, al trasferimento e alla divulgazione dei propri dati personali come descritto nella presente informativa sulla privacy.<\/p><h2 class=\"wp-block-heading\">Collezione<\/h2><p>L'utente pu\u00f2 navigare in questo Sito senza fornire alcuna informazione personale su di s\u00e9. Tuttavia, per ricevere notifiche, aggiornamenti o richiedere ulteriori informazioni su https:\/\/www.tronkiele.com\/ o su questo Sito, potremmo raccogliere le seguenti informazioni:<\/p><p>nome, informazioni di contatto, indirizzo e-mail, societ\u00e0 e ID utente; corrispondenza inviata a o da noi; qualsiasi informazione aggiuntiva che l'utente sceglie di fornire; e altre informazioni derivanti dall'interazione dell'utente con il nostro Sito, i nostri servizi, i nostri contenuti e la nostra pubblicit\u00e0, comprese le informazioni relative al computer e alla connessione, le statistiche sulle visualizzazioni delle pagine, il traffico da e verso il Sito, i dati relativi agli annunci pubblicitari, l'indirizzo IP e le informazioni di log web standard.<\/p><p>Se scegliete di fornirci informazioni personali, acconsentite al trasferimento e alla memorizzazione di tali informazioni sui nostri server situati negli Stati Uniti.<\/p><h2 class=\"wp-block-heading\">Utilizzo<\/h2><p>Utilizziamo i dati personali dell'utente per fornirgli i servizi richiesti, per comunicare con lui, per risolvere i problemi, per personalizzare la sua esperienza, per informarlo sui nostri servizi e sugli aggiornamenti del Sito e per misurare l'interesse per i nostri siti e servizi.<\/p><h2 class=\"wp-block-heading\">Divulgazione<\/h2><p>Non vendiamo o affittiamo le vostre informazioni personali a terzi per i loro scopi di marketing senza il vostro esplicito consenso. Possiamo divulgare le informazioni personali per rispondere a requisiti legali, far rispettare le nostre politiche, rispondere a reclami che un post o altri contenuti violano i diritti di altri, o proteggere i diritti, la propriet\u00e0 o la sicurezza di chiunque. Tali informazioni saranno divulgate in conformit\u00e0 alle leggi e ai regolamenti vigenti. Possiamo anche condividere le informazioni personali con fornitori di servizi che ci aiutano nelle operazioni commerciali e con membri della nostra famiglia aziendale, che possono fornire contenuti e servizi comuni e aiutare a rilevare e prevenire atti potenzialmente illegali. In caso di fusione o acquisizione da parte di un'altra entit\u00e0 commerciale, potremmo condividere le informazioni personali con l'altra societ\u00e0 e richiederemo alla nuova entit\u00e0 combinata di attenersi alla presente politica sulla privacy per quanto riguarda le informazioni personali degli utenti.<\/p><h2 class=\"wp-block-heading\">Accesso<\/h2><p>L'utente pu\u00f2 accedere o aggiornare le informazioni personali che ci ha fornito in qualsiasi momento contattandoci all'indirizzo: https:\/\/www.tronkiele.com\/privacy-policy\/<\/p><p>Trattiamo le informazioni come un bene che deve essere protetto e utilizziamo molti strumenti per proteggere i vostri dati personali da accessi e divulgazioni non autorizzati. Tuttavia, come probabilmente sapete, terzi possono intercettare o accedere illegalmente a trasmissioni o comunicazioni private. Pertanto, sebbene ci impegniamo a fondo per proteggere la vostra privacy, non vi promettiamo e non dovete aspettarvi che le vostre informazioni personali o le vostre comunicazioni private rimangano sempre private.<\/p><h2 class=\"wp-block-heading\">Generale<\/h2><p>Possiamo aggiornare questa politica in qualsiasi momento pubblicando i termini modificati su questo sito. Tutti i termini modificati entrano automaticamente in vigore 30 giorni dopo la loro pubblicazione iniziale sul sito. Per domande su questa politica, si prega di inviare un'e-mail a noi.<\/p>","protected":false},"excerpt":{"rendered":"<p>La presente informativa sulla privacy descrive il modo in cui gestiamo i vostri dati personali. Utilizzando https:\/\/www.tronkiele.com\/ (il \"Sito\") si acconsente alla memorizzazione,<\/p>","protected":false},"author":1,"featured_media":0,"parent":0,"menu_order":0,"comment_status":"closed","ping_status":"closed","template":"","meta":{"footnotes":""},"class_list":["post-22594","page","type-page","status-publish","hentry"],"yoast_head":"<!-- This site is optimized with the Yoast SEO plugin v25.0 - https:\/\/yoast.com\/wordpress\/plugins\/seo\/ -->\n<title>Privacy Policy - PINE-ZHENGXI<\/title>\n<meta name=\"robots\" content=\"index, follow, max-snippet:-1, max-image-preview:large, max-video-preview:-1\" \/>\n<link rel=\"canonical\" href=\"https:\/\/www.tronkiele.com\/it\/privacy-policy\/\" \/>\n<meta property=\"og:locale\" content=\"it_IT\" \/>\n<meta property=\"og:type\" content=\"article\" \/>\n<meta property=\"og:title\" content=\"Privacy Policy - PINE-ZHENGXI\" \/>\n<meta property=\"og:description\" content=\"This privacy policy describes how we handle your personal information. By using https:\/\/www.tronkiele.com\/ (the \u201cSite\u201d) you consent to the storage,\" \/>\n<meta property=\"og:url\" content=\"https:\/\/www.tronkiele.com\/it\/privacy-policy\/\" \/>\n<meta property=\"og:site_name\" content=\"PINE-ZHENGXI\" \/>\n<meta property=\"article:modified_time\" content=\"2026-01-23T01:53:25+00:00\" \/>\n<meta name=\"twitter:card\" content=\"summary_large_image\" \/>\n<meta name=\"twitter:label1\" content=\"Tempo di lettura stimato\" \/>\n\t<meta name=\"twitter:data1\" content=\"3 minuti\" \/>\n<script type=\"application\/ld+json\" class=\"yoast-schema-graph\">{\"@context\":\"https:\/\/schema.org\",\"@graph\":[{\"@type\":\"WebPage\",\"@id\":\"https:\/\/www.tronkiele.com\/privacy-policy\/\",\"url\":\"https:\/\/www.tronkiele.com\/privacy-policy\/\",\"name\":\"Privacy Policy - PINE-ZHENGXI\",\"isPartOf\":{\"@id\":\"https:\/\/www.tronkiele.com\/#website\"},\"datePublished\":\"2026-01-22T09:23:06+00:00\",\"dateModified\":\"2026-01-23T01:53:25+00:00\",\"breadcrumb\":{\"@id\":\"https:\/\/www.tronkiele.com\/privacy-policy\/#breadcrumb\"},\"inLanguage\":\"it-IT\",\"potentialAction\":[{\"@type\":\"ReadAction\",\"target\":[\"https:\/\/www.tronkiele.com\/privacy-policy\/\"]}]},{\"@type\":\"BreadcrumbList\",\"@id\":\"https:\/\/www.tronkiele.com\/privacy-policy\/#breadcrumb\",\"itemListElement\":[{\"@type\":\"ListItem\",\"position\":1,\"name\":\"Home\",\"item\":\"https:\/\/www.tronkiele.com\/\"},{\"@type\":\"ListItem\",\"position\":2,\"name\":\"Privacy Policy\"}]},{\"@type\":\"WebSite\",\"@id\":\"https:\/\/www.tronkiele.com\/#website\",\"url\":\"https:\/\/www.tronkiele.com\/\",\"name\":\"PINE-ZHENGXI\",\"description\":\"\",\"publisher\":{\"@id\":\"https:\/\/www.tronkiele.com\/#organization\"},\"potentialAction\":[{\"@type\":\"SearchAction\",\"target\":{\"@type\":\"EntryPoint\",\"urlTemplate\":\"https:\/\/www.tronkiele.com\/?s={search_term_string}\"},\"query-input\":{\"@type\":\"PropertyValueSpecification\",\"valueRequired\":true,\"valueName\":\"search_term_string\"}}],\"inLanguage\":\"it-IT\"},{\"@type\":\"Organization\",\"@id\":\"https:\/\/www.tronkiele.com\/#organization\",\"name\":\"PINE-ZHENGXI\",\"url\":\"https:\/\/www.tronkiele.com\/\",\"logo\":{\"@type\":\"ImageObject\",\"inLanguage\":\"it-IT\",\"@id\":\"https:\/\/www.tronkiele.com\/#\/schema\/logo\/image\/\",\"url\":\"https:\/\/www.tronkiele.com\/wp-content\/uploads\/2024\/11\/cropped-tronki.webp\",\"contentUrl\":\"https:\/\/www.tronkiele.com\/wp-content\/uploads\/2024\/11\/cropped-tronki.webp\",\"width\":512,\"height\":512,\"caption\":\"PINE-ZHENGXI\"},\"image\":{\"@id\":\"https:\/\/www.tronkiele.com\/#\/schema\/logo\/image\/\"}}]}<\/script>\n<!-- \/ Yoast SEO plugin. -->","yoast_head_json":{"title":"Informativa sulla privacy - PINE-ZHENGXI","robots":{"index":"index","follow":"follow","max-snippet":"max-snippet:-1","max-image-preview":"max-image-preview:large","max-video-preview":"max-video-preview:-1"},"canonical":"https:\/\/www.tronkiele.com\/it\/privacy-policy\/","og_locale":"it_IT","og_type":"article","og_title":"Privacy Policy - PINE-ZHENGXI","og_description":"This privacy policy describes how we handle your personal information. By using https:\/\/www.tronkiele.com\/ (the \u201cSite\u201d) you consent to the storage,","og_url":"https:\/\/www.tronkiele.com\/it\/privacy-policy\/","og_site_name":"PINE-ZHENGXI","article_modified_time":"2026-01-23T01:53:25+00:00","twitter_card":"summary_large_image","twitter_misc":{"Tempo di lettura stimato":"3 minuti"},"schema":{"@context":"https:\/\/schema.org","@graph":[{"@type":"WebPage","@id":"https:\/\/www.tronkiele.com\/privacy-policy\/","url":"https:\/\/www.tronkiele.com\/privacy-policy\/","name":"Informativa sulla privacy - PINE-ZHENGXI","isPartOf":{"@id":"https:\/\/www.tronkiele.com\/#website"},"datePublished":"2026-01-22T09:23:06+00:00","dateModified":"2026-01-23T01:53:25+00:00","breadcrumb":{"@id":"https:\/\/www.tronkiele.com\/privacy-policy\/#breadcrumb"},"inLanguage":"it-IT","potentialAction":[{"@type":"ReadAction","target":["https:\/\/www.tronkiele.com\/privacy-policy\/"]}]},{"@type":"BreadcrumbList","@id":"https:\/\/www.tronkiele.com\/privacy-policy\/#breadcrumb","itemListElement":[{"@type":"ListItem","position":1,"name":"Home","item":"https:\/\/www.tronkiele.com\/"},{"@type":"ListItem","position":2,"name":"Privacy Policy"}]},{"@type":"WebSite","@id":"https:\/\/www.tronkiele.com\/#website","url":"https:\/\/www.tronkiele.com\/","name":"PINO-ZHENGXI","description":"","publisher":{"@id":"https:\/\/www.tronkiele.com\/#organization"},"potentialAction":[{"@type":"SearchAction","target":{"@type":"EntryPoint","urlTemplate":"https:\/\/www.tronkiele.com\/?s={search_term_string}"},"query-input":{"@type":"PropertyValueSpecification","valueRequired":true,"valueName":"search_term_string"}}],"inLanguage":"it-IT"},{"@type":"Organization","@id":"https:\/\/www.tronkiele.com\/#organization","name":"PINO-ZHENGXI","url":"https:\/\/www.tronkiele.com\/","logo":{"@type":"ImageObject","inLanguage":"it-IT","@id":"https:\/\/www.tronkiele.com\/#\/schema\/logo\/image\/","url":"https:\/\/www.tronkiele.com\/wp-content\/uploads\/2024\/11\/cropped-tronki.webp","contentUrl":"https:\/\/www.tronkiele.com\/wp-content\/uploads\/2024\/11\/cropped-tronki.webp","width":512,"height":512,"caption":"PINE-ZHENGXI"},"image":{"@id":"https:\/\/www.tronkiele.com\/#\/schema\/logo\/image\/"}}]}},"_links":{"self":[{"href":"https:\/\/www.tronkiele.com\/it\/wp-json\/wp\/v2\/pages\/22594","targetHints":{"allow":["GET"]}}],"collection":[{"href":"https:\/\/www.tronkiele.com\/it\/wp-json\/wp\/v2\/pages"}],"about":[{"href":"https:\/\/www.tronkiele.com\/it\/wp-json\/wp\/v2\/types\/page"}],"author":[{"embeddable":true,"href":"https:\/\/www.tronkiele.com\/it\/wp-json\/wp\/v2\/users\/1"}],"replies":[{"embeddable":true,"href":"https:\/\/www.tronkiele.com\/it\/wp-json\/wp\/v2\/comments?post=22594"}],"version-history":[{"count":2,"href":"https:\/\/www.tronkiele.com\/it\/wp-json\/wp\/v2\/pages\/22594\/revisions"}],"predecessor-version":[{"id":22597,"href":"https:\/\/www.tronkiele.com\/it\/wp-json\/wp\/v2\/pages\/22594\/revisions\/22597"}],"wp:attachment":[{"href":"https:\/\/www.tronkiele.com\/it\/wp-json\/wp\/v2\/media?parent=22594"}],"curies":[{"name":"wp","href":"https:\/\/api.w.org\/{rel}","templated":true}]}}