{"id":19,"date":"2024-09-07T08:57:09","date_gmt":"2024-09-07T08:57:09","guid":{"rendered":"https:\/\/www.tronkiele.com\/product\/three-station-indoor-vacuum-ckt-breaker\/"},"modified":"2025-01-25T11:57:51","modified_gmt":"2025-01-25T11:57:51","slug":"three-station-indoor-vacuum-ckt-breaker","status":"publish","type":"product","link":"https:\/\/www.tronkiele.com\/it\/product\/three-station-indoor-vacuum-ckt-breaker\/","title":{"rendered":"Interruttore sottovuoto da interno a tre stazioni BQVN-12GD"},"content":{"rendered":"<h2>Caratteristiche principali:<\/h2>\n<p><strong>Design modulare:<\/strong> La struttura modulare del telaio \u00e8 adottata per integrare al meglio il sezionatore, l'interruttore sottovuoto, l'interruttore di messa a terra, il sensore e il meccanismo di interblocco, in modo da rendere agevole la sostituzione e la manutenzione indipendente e migliorare la compatibilit\u00e0 e la facilit\u00e0 di manutenzione dell'intera apparecchiatura.<\/p>\n<p><strong>Prestazioni elettriche elevate:<\/strong> Il circuito principale adotta la colonna chiusa in resina epossidica ad alta resistenza APG, che ha prestazioni di isolamento pi\u00f9 elevate e adattabilit\u00e0 ambientale per garantire un funzionamento stabile a lungo termine.<\/p>\n<p><strong>Compatto e compatibile:<\/strong> \u00c8 adatto alle dimensioni dell'armadio di 500\u00d71000\u00d71800 mm, adatto a vari ambienti di installazione compatti.<\/p>\n<p><strong>Design anti-misura:<\/strong> L'interblocco meccanico forzato \u00e8 adottato tra il sezionatore, l'interruttore automatico e l'interruttore di messa a terra per impedire un funzionamento errato e garantire un funzionamento sicuro.<\/p>\n<p><strong>Sezionatore rotante:<\/strong> Viene adottato un sezionatore rotante visibile e l'interruzione pu\u00f2 essere visualizzata chiaramente dopo l'apertura dell'interruttore, migliorando cos\u00ec la visibilit\u00e0 e la sicurezza dell'operazione.<\/p>\n<p><strong>Meccanismo di funzionamento modulare:<\/strong> Il meccanismo di funzionamento adotta un design modulare, che pu\u00f2 essere sostituito o riparato in modo indipendente, supporta il funzionamento manuale e il funzionamento opzionale dell'accumulo di energia CA\/CC e soddisfa le esigenze di controllo remoto.<\/p>\n<p><strong>Rispettoso dell'ambiente e a bassa manutenzione:<\/strong> L'apparecchiatura adotta materiali ecocompatibili e un design ad alta resistenza, ha caratteristiche di assenza di manutenzione e riduce i costi di funzionamento e manutenzione nell'uso a lungo termine.<\/p>\n<h2>Occasioni applicabili:<\/h2>\n<p>Applicabile ai sistemi di alimentazione a media tensione da 6-12kV, ampiamente utilizzato nella protezione e nel controllo elettrico di centrali elettriche, sottostazioni e impianti industriali.<br \/>\nPu\u00f2 essere utilizzato come unit\u00e0 di protezione per sottostazioni e trasformatori principali per garantire il funzionamento stabile del sistema elettrico.<br \/>\nApplicabile ad ambienti con operazioni frequenti o protezione da cortocircuiti.<\/p>\n<h2>Design di sicurezza:<\/h2>\n<p>Struttura di interblocco affidabile: La porta dell'armadio e l'interruttore di messa a terra sono progettati con un meccanismo di interblocco affidabile per garantire che non si verifichino errori durante il funzionamento e proteggere la sicurezza degli operatori.<br \/>\nInterblocco forzato: Il meccanismo di interblocco forzato tra il sezionatore, l'interruttore automatico e l'interruttore di messa a terra evita efficacemente il rischio di un funzionamento errato e garantisce il funzionamento sicuro dell'apparecchiatura.<\/p>\n<h2>Ambiente di utilizzo:<\/h2>\n<p>Temperatura ambientale: da -25\u2103 a +40\u2103<br \/>\nUmidit\u00e0 relativa: media giornaliera &lt;95%, media mensile &lt;90%<br \/>\nAltitudine: non pi\u00f9 di 1000 metri (per aree con altitudini superiori, la selezione deve essere adattata in base al fattore di protezione elettrica)<br \/>\nIntensit\u00e0 sismica: non pi\u00f9 di 8 gradi<br \/>\nAmbiente di utilizzo: ambiente privo di rischi di esplosione, di rischio chimico e di forti vibrazioni.<\/p>\n<h2>Specifiche tecniche:<\/h2>\n<p>Tensione nominale: 12 kV<br \/>\nCorrente nominale: 630A<br \/>\nFrequenza nominale: 50Hz<br \/>\nDimensione del mobile applicabile: 500\u00d71000\u00d71800 mm<br \/>\nModalit\u00e0 di funzionamento: manuale o con accumulo di energia opzionale (CA\/CC)<\/p>\n<h2>Standard di conformit\u00e0 dei prodotti:<\/h2>\n<p>IEC 62271-100: Interruttori automatici ad alta tensione in c.a.<br \/>\nGB\/T 11022: Condizioni tecniche per i quadri elettrici ad alta tensione<br \/>\nGB 1984: Interruttori automatici ad alta tensione in c.a.<br \/>\nGB 311.1: Coordinamento dell'isolamento delle apparecchiature elettriche ad alta tensione<\/p>\n<h2><strong>I principali parametri tecnici<\/strong><\/h2>\n<table width=\"100%\">\n<tbody>\n<tr class=\"firstRow\">\n<td valign=\"center\" width=\"48\"><\/td>\n<td colspan=\"2\" valign=\"center\" width=\"380\">\u00a0Articolo<\/td>\n<td valign=\"center\" width=\"38\">Unit\u00e0<\/td>\n<td colspan=\"2\" valign=\"center\" width=\"230\">Dati<\/td>\n<\/tr>\n<tr>\n<td valign=\"center\" width=\"48\">1<\/td>\n<td colspan=\"2\" valign=\"center\" width=\"380\">Tensione nominale<\/td>\n<td valign=\"center\" width=\"38\">KV<\/td>\n<td colspan=\"2\" valign=\"center\" width=\"230\">12<\/td>\n<\/tr>\n<tr>\n<td valign=\"center\" width=\"48\">2<\/td>\n<td colspan=\"2\" valign=\"center\" width=\"380\">Tensione massima di lavoro<\/td>\n<td valign=\"center\" width=\"38\">KV<\/td>\n<td colspan=\"2\" valign=\"center\" width=\"230\">12<\/td>\n<\/tr>\n<tr>\n<td valign=\"center\" width=\"48\">3<\/td>\n<td colspan=\"2\" valign=\"center\" width=\"380\">Corrente nominale<\/td>\n<td valign=\"center\" width=\"38\">A<\/td>\n<td valign=\"center\" width=\"110\">630<\/td>\n<td valign=\"center\" width=\"120\">1250<\/td>\n<\/tr>\n<tr>\n<td valign=\"center\" width=\"48\">4<\/td>\n<td colspan=\"2\" valign=\"center\" width=\"380\">Corrente nominale di cortocircuito<\/td>\n<td valign=\"center\" width=\"38\">KA<\/td>\n<td valign=\"center\" width=\"110\">20\/25<\/td>\n<td valign=\"center\" width=\"120\">31.5<\/td>\n<\/tr>\n<tr>\n<td valign=\"center\" width=\"48\">5<\/td>\n<td colspan=\"2\" valign=\"center\" width=\"380\">Corrente nominale di chiusura del cortocircuito (valore di picco)<\/td>\n<td valign=\"center\" width=\"38\">KA<\/td>\n<td valign=\"center\" width=\"110\">50\/63<\/td>\n<td valign=\"center\" width=\"120\">80<\/td>\n<\/tr>\n<tr>\n<td valign=\"center\" width=\"48\">6<\/td>\n<td colspan=\"2\" valign=\"center\" width=\"380\">Corrente di tenuta nominale (valore di picco)<\/td>\n<td valign=\"center\" width=\"38\">KA<\/td>\n<td valign=\"center\" width=\"110\">50\/63<\/td>\n<td valign=\"center\" width=\"120\">80<\/td>\n<\/tr>\n<tr>\n<td valign=\"center\" width=\"48\">7<\/td>\n<td colspan=\"2\" valign=\"center\" width=\"380\">4S Corrente nominale di resistenza minima<\/td>\n<td valign=\"center\" width=\"38\">KA<\/td>\n<td valign=\"center\" width=\"110\">20\/25<\/td>\n<td valign=\"center\" width=\"120\">31.5<\/td>\n<\/tr>\n<tr>\n<td rowspan=\"2\" valign=\"center\" width=\"48\">8<\/td>\n<td rowspan=\"2\" valign=\"center\" width=\"191\">Livello di isolamento nominale<\/td>\n<td valign=\"center\" width=\"189\">Tensione di resistenza a frequenza industriale<\/td>\n<td rowspan=\"2\" valign=\"center\" width=\"38\">KA<\/td>\n<td colspan=\"2\" valign=\"center\" width=\"230\">42\/48<\/td>\n<\/tr>\n<tr>\n<td valign=\"center\" width=\"189\">Impulso di tuono<\/p>\n<p>tensione di resistenza<\/td>\n<td colspan=\"2\" valign=\"center\" width=\"230\">75\/85<\/td>\n<\/tr>\n<tr>\n<td valign=\"center\" width=\"48\">9<\/td>\n<td colspan=\"2\" valign=\"center\" width=\"380\">Ordine di funzionamento nominale<\/td>\n<td valign=\"center\" width=\"38\"><\/td>\n<td colspan=\"2\" valign=\"center\" width=\"230\">Off-0,3S acceso e spento-180S acceso e spento<\/td>\n<\/tr>\n<tr>\n<td valign=\"center\" width=\"48\">10<\/td>\n<td colspan=\"2\" valign=\"center\" width=\"380\">Vita meccanica<\/td>\n<td valign=\"center\" width=\"38\">tempi<\/td>\n<td colspan=\"2\" valign=\"center\" width=\"230\">10000<\/td>\n<\/tr>\n<tr>\n<td valign=\"center\" width=\"48\">11<\/td>\n<td colspan=\"2\" valign=\"center\" width=\"380\">Corrente nominale di cortocircuito tempo di interruzione e chiusura<\/td>\n<td valign=\"center\" width=\"38\">tempi<\/td>\n<td colspan=\"2\" valign=\"center\" width=\"230\">50<\/td>\n<\/tr>\n<tr>\n<td valign=\"center\" width=\"48\">12<\/td>\n<td colspan=\"2\" valign=\"center\" width=\"380\">Parlare e spostare l'importo dell'organizzazione per assegnare l'attuale<\/p>\n<p>della paratoia(DC)<\/td>\n<td valign=\"center\" width=\"38\">V<\/td>\n<td colspan=\"2\" valign=\"center\" width=\"230\">AC.DC.110,220<\/td>\n<\/tr>\n<tr>\n<td valign=\"center\" width=\"48\">13<\/td>\n<td colspan=\"2\" valign=\"center\" width=\"380\">Parlare e spostare una quantit\u00e0 di organizzazione pari all'attuale<\/p>\n<p>della paratoia(DC)<\/td>\n<td valign=\"center\" width=\"38\">V<\/td>\n<td colspan=\"2\" valign=\"center\" width=\"230\">AC.DC 110,220<\/td>\n<\/tr>\n<tr>\n<td valign=\"center\" width=\"48\">14<\/td>\n<td colspan=\"2\" valign=\"center\" width=\"380\">Distanza di commutazione del contatto<\/td>\n<td valign=\"center\" width=\"38\">mm<\/td>\n<td colspan=\"2\" valign=\"center\" width=\"230\">&gt;11<\/td>\n<\/tr>\n<tr>\n<td valign=\"center\" width=\"48\">15<\/td>\n<td colspan=\"2\" valign=\"center\" width=\"380\">Ultra journey (tocca la molla della testa e comprime la lunghezza)<\/td>\n<td valign=\"center\" width=\"38\">mm<\/td>\n<td colspan=\"2\" valign=\"center\" width=\"230\">4+\/-0.5<\/td>\n<\/tr>\n<tr>\n<td valign=\"center\" width=\"48\">16<\/td>\n<td colspan=\"2\" valign=\"center\" width=\"380\">Rottura trifase in chiusura<\/p>\n<p>sesso dello stesso periodo<\/td>\n<td valign=\"center\" width=\"38\">ms<\/td>\n<td colspan=\"2\" valign=\"center\" width=\"230\">&lt;2<\/td>\n<\/tr>\n<tr>\n<td valign=\"center\" width=\"48\">17<\/td>\n<td colspan=\"2\" valign=\"center\" width=\"380\">Toccare la testa e chiudere una cateratta di tempo di rimbalzo<\/td>\n<td valign=\"center\" width=\"38\">ms<\/td>\n<td colspan=\"2\" valign=\"center\" width=\"230\">&lt;2<\/td>\n<\/tr>\n<tr>\n<td valign=\"center\" width=\"48\">18<\/td>\n<td colspan=\"2\" valign=\"center\" width=\"380\">Velocit\u00e0 media del freno di stazionamento<\/td>\n<td valign=\"center\" width=\"38\">m\/s<\/td>\n<td colspan=\"2\" valign=\"center\" width=\"230\">0.9~1.7<\/td>\n<\/tr>\n<tr>\n<td valign=\"center\" width=\"48\">19<\/td>\n<td colspan=\"2\" valign=\"center\" width=\"380\">Velocit\u00e0 media del freno di chiusura<\/td>\n<td valign=\"center\" width=\"38\">m\/s<\/td>\n<td colspan=\"2\" valign=\"center\" width=\"230\">0.6~1.0<\/td>\n<\/tr>\n<tr>\n<td valign=\"center\" width=\"48\">21<\/td>\n<td colspan=\"2\" valign=\"center\" width=\"380\">Tempo di chiusura del freno<\/td>\n<td valign=\"center\" width=\"38\">s<\/td>\n<td colspan=\"2\" valign=\"center\" width=\"230\">&lt;0.1<\/td>\n<\/tr>\n<tr>\n<td valign=\"center\" width=\"48\">22<\/td>\n<td colspan=\"2\" valign=\"center\" width=\"380\">Ogni resistenza del circuito di ritorno principale<\/td>\n<td valign=\"center\" width=\"38\">u \u03a9<\/td>\n<td colspan=\"2\" valign=\"center\" width=\"230\">&lt;45<\/td>\n<\/tr>\n<tr>\n<td valign=\"center\" width=\"48\">23<\/td>\n<td colspan=\"2\" valign=\"center\" width=\"380\">Spessore cumulativo dell'abrasione<\/p>\n<p>del contatto mobile e stazionario<\/td>\n<td valign=\"center\" width=\"38\">mm<\/td>\n<td colspan=\"2\" valign=\"center\" width=\"230\">3<\/td>\n<\/tr>\n<\/tbody>\n<\/table>\n<h2>Conclusione:<\/h2>\n<p>L'interruttore sottovuoto ad alta tensione a tre posizioni della serie BQVN-12GD \u00e8 diventato la scelta ideale per i dispositivi di protezione chiave nei sistemi di alimentazione grazie alle sue eccellenti prestazioni, al design compatto e all'elevata affidabilit\u00e0. Il design modulare dell'product, l'interblocco meccanico forzato, l'interruzione visibile rotante e altre tecnologie avanzate non solo migliorano la sicurezza operativa, ma riducono anche in modo significativo i costi e i rischi di manutenzione.<\/p>","protected":false},"excerpt":{"rendered":"<p>L'interruttore sottovuoto per interni ad alta tensione della serie BQVN-12GD a tre stazioni ha eccellenti propriet\u00e0 elettriche e meccaniche, una struttura compatta e stabile ed \u00e8 adatto a diversi sistemi di alimentazione ad alta tensione, in particolare nelle reti elettriche a media tensione da 6-12kV, per fornire una protezione di alta qualit\u00e0. Il design dell'product \u00e8 conforme alla tendenza della moderna miniaturizzazione, ha un'elevata affidabilit\u00e0, una lunga durata e bassi requisiti di manutenzione ed \u00e8 un dispositivo di protezione di sicurezza ideale nel sistema di alimentazione.<\/p>","protected":false},"featured_media":2241,"template":"","meta":[],"product_brand":[],"product_cat":[17],"product_tag":[],"class_list":{"0":"post-19","1":"product","2":"type-product","3":"status-publish","4":"has-post-thumbnail","6":"product_cat-vacuum-circuit-breaker","8":"first","9":"instock","10":"virtual","11":"taxable","12":"product-type-simple"},"yoast_head":"<!-- This site is optimized with the Yoast SEO plugin v25.0 - https:\/\/yoast.com\/wordpress\/plugins\/seo\/ -->\n<title>Three-station Indoor Vacuum Circuit Breaker | Three-Station Switchgear Solution - TRONKIELE<\/title>\n<meta name=\"description\" content=\"Explore the JYIELE indoor vacuum circuit breaker, featuring three stations for efficient electrical control and protection. Built for reliability and performance, this breaker ensures seamless operation in indoor environments, providing essential circuit protection for various applications.\" \/>\n<meta name=\"robots\" content=\"index, follow, max-snippet:-1, max-image-preview:large, max-video-preview:-1\" \/>\n<link rel=\"canonical\" href=\"https:\/\/www.tronkiele.com\/it\/product\/three-station-indoor-vacuum-ckt-breaker\/\" \/>\n<meta property=\"og:locale\" content=\"it_IT\" \/>\n<meta property=\"og:type\" content=\"article\" \/>\n<meta property=\"og:title\" content=\"Three-station Indoor Vacuum Circuit Breaker | Three-Station Switchgear Solution - TRONKIELE\" \/>\n<meta property=\"og:description\" content=\"Explore the JYIELE indoor vacuum circuit breaker, featuring three stations for efficient electrical control and protection. Built for reliability and performance, this breaker ensures seamless operation in indoor environments, providing essential circuit protection for various applications.\" \/>\n<meta property=\"og:url\" content=\"https:\/\/www.tronkiele.com\/it\/product\/three-station-indoor-vacuum-ckt-breaker\/\" \/>\n<meta property=\"og:site_name\" content=\"PINE-ZHENGXI\" \/>\n<meta property=\"article:modified_time\" content=\"2025-01-25T11:57:51+00:00\" \/>\n<meta property=\"og:image\" content=\"https:\/\/www.tronkiele.com\/wp-content\/uploads\/2020\/04\/three-station-indoor-vacuum-ckt-breaker-3.webp\" \/>\n\t<meta property=\"og:image:width\" content=\"600\" \/>\n\t<meta property=\"og:image:height\" content=\"600\" \/>\n\t<meta property=\"og:image:type\" content=\"image\/webp\" \/>\n<meta name=\"twitter:card\" content=\"summary_large_image\" \/>\n<meta name=\"twitter:label1\" content=\"Tempo di lettura stimato\" \/>\n\t<meta name=\"twitter:data1\" content=\"4 minuti\" \/>\n<script type=\"application\/ld+json\" class=\"yoast-schema-graph\">{\"@context\":\"https:\/\/schema.org\",\"@graph\":[{\"@type\":\"WebPage\",\"@id\":\"https:\/\/www.tronkiele.com\/product\/three-station-indoor-vacuum-ckt-breaker\/\",\"url\":\"https:\/\/www.tronkiele.com\/product\/three-station-indoor-vacuum-ckt-breaker\/\",\"name\":\"Three-station Indoor Vacuum Circuit Breaker | Three-Station Switchgear Solution - TRONKIELE\",\"isPartOf\":{\"@id\":\"https:\/\/www.tronkiele.com\/#website\"},\"primaryImageOfPage\":{\"@id\":\"https:\/\/www.tronkiele.com\/product\/three-station-indoor-vacuum-ckt-breaker\/#primaryimage\"},\"image\":{\"@id\":\"https:\/\/www.tronkiele.com\/product\/three-station-indoor-vacuum-ckt-breaker\/#primaryimage\"},\"thumbnailUrl\":\"https:\/\/www.tronkiele.com\/wp-content\/uploads\/2020\/04\/three-station-indoor-vacuum-ckt-breaker-3.webp\",\"datePublished\":\"2024-09-07T08:57:09+00:00\",\"dateModified\":\"2025-01-25T11:57:51+00:00\",\"description\":\"Explore the JYIELE indoor vacuum circuit breaker, featuring three stations for efficient electrical control and protection. Built for reliability and performance, this breaker ensures seamless operation in indoor environments, providing essential circuit protection for various applications.\",\"breadcrumb\":{\"@id\":\"https:\/\/www.tronkiele.com\/product\/three-station-indoor-vacuum-ckt-breaker\/#breadcrumb\"},\"inLanguage\":\"it-IT\",\"potentialAction\":[{\"@type\":\"ReadAction\",\"target\":[\"https:\/\/www.tronkiele.com\/product\/three-station-indoor-vacuum-ckt-breaker\/\"]}]},{\"@type\":\"ImageObject\",\"inLanguage\":\"it-IT\",\"@id\":\"https:\/\/www.tronkiele.com\/product\/three-station-indoor-vacuum-ckt-breaker\/#primaryimage\",\"url\":\"https:\/\/www.tronkiele.com\/wp-content\/uploads\/2020\/04\/three-station-indoor-vacuum-ckt-breaker-3.webp\",\"contentUrl\":\"https:\/\/www.tronkiele.com\/wp-content\/uploads\/2020\/04\/three-station-indoor-vacuum-ckt-breaker-3.webp\",\"width\":600,\"height\":600,\"caption\":\"three-station-indoor-vacuum-ckt-breaker\"},{\"@type\":\"BreadcrumbList\",\"@id\":\"https:\/\/www.tronkiele.com\/product\/three-station-indoor-vacuum-ckt-breaker\/#breadcrumb\",\"itemListElement\":[{\"@type\":\"ListItem\",\"position\":1,\"name\":\"Home\",\"item\":\"https:\/\/www.tronkiele.com\/\"},{\"@type\":\"ListItem\",\"position\":2,\"name\":\"Products\",\"item\":\"https:\/\/www.tronkiele.com\/shop\/\"},{\"@type\":\"ListItem\",\"position\":3,\"name\":\"BQVN-12GD Three Station Indoor Vacuum Ckt Breaker\"}]},{\"@type\":\"WebSite\",\"@id\":\"https:\/\/www.tronkiele.com\/#website\",\"url\":\"https:\/\/www.tronkiele.com\/\",\"name\":\"PINE-ZHENGXI\",\"description\":\"\",\"publisher\":{\"@id\":\"https:\/\/www.tronkiele.com\/#organization\"},\"potentialAction\":[{\"@type\":\"SearchAction\",\"target\":{\"@type\":\"EntryPoint\",\"urlTemplate\":\"https:\/\/www.tronkiele.com\/?s={search_term_string}\"},\"query-input\":{\"@type\":\"PropertyValueSpecification\",\"valueRequired\":true,\"valueName\":\"search_term_string\"}}],\"inLanguage\":\"it-IT\"},{\"@type\":\"Organization\",\"@id\":\"https:\/\/www.tronkiele.com\/#organization\",\"name\":\"PINE-ZHENGXI\",\"url\":\"https:\/\/www.tronkiele.com\/\",\"logo\":{\"@type\":\"ImageObject\",\"inLanguage\":\"it-IT\",\"@id\":\"https:\/\/www.tronkiele.com\/#\/schema\/logo\/image\/\",\"url\":\"https:\/\/www.tronkiele.com\/wp-content\/uploads\/2024\/11\/cropped-tronki.webp\",\"contentUrl\":\"https:\/\/www.tronkiele.com\/wp-content\/uploads\/2024\/11\/cropped-tronki.webp\",\"width\":512,\"height\":512,\"caption\":\"PINE-ZHENGXI\"},\"image\":{\"@id\":\"https:\/\/www.tronkiele.com\/#\/schema\/logo\/image\/\"}}]}<\/script>\n<!-- \/ Yoast SEO plugin. -->","yoast_head_json":{"title":"Interruttore automatico in vuoto per interno a tre stazioni - TRONKIELE","description":"Scoprite l'interruttore automatico sottovuoto per interni di JYIELE, dotato di tre stazioni per un controllo e una protezione elettrici efficienti. Costruito per garantire affidabilit\u00e0 e prestazioni, questo interruttore assicura un funzionamento perfetto in ambienti interni, fornendo una protezione essenziale del circuito per varie applicazioni.","robots":{"index":"index","follow":"follow","max-snippet":"max-snippet:-1","max-image-preview":"max-image-preview:large","max-video-preview":"max-video-preview:-1"},"canonical":"https:\/\/www.tronkiele.com\/it\/product\/three-station-indoor-vacuum-ckt-breaker\/","og_locale":"it_IT","og_type":"article","og_title":"Three-station Indoor Vacuum Circuit Breaker | Three-Station Switchgear Solution - TRONKIELE","og_description":"Explore the JYIELE indoor vacuum circuit breaker, featuring three stations for efficient electrical control and protection. Built for reliability and performance, this breaker ensures seamless operation in indoor environments, providing essential circuit protection for various applications.","og_url":"https:\/\/www.tronkiele.com\/it\/product\/three-station-indoor-vacuum-ckt-breaker\/","og_site_name":"PINE-ZHENGXI","article_modified_time":"2025-01-25T11:57:51+00:00","og_image":[{"width":600,"height":600,"url":"https:\/\/www.tronkiele.com\/wp-content\/uploads\/2020\/04\/three-station-indoor-vacuum-ckt-breaker-3.webp","type":"image\/webp"}],"twitter_card":"summary_large_image","twitter_misc":{"Tempo di lettura stimato":"4 minuti"},"schema":{"@context":"https:\/\/schema.org","@graph":[{"@type":"WebPage","@id":"https:\/\/www.tronkiele.com\/product\/three-station-indoor-vacuum-ckt-breaker\/","url":"https:\/\/www.tronkiele.com\/product\/three-station-indoor-vacuum-ckt-breaker\/","name":"Interruttore automatico in vuoto per interno a tre stazioni - TRONKIELE","isPartOf":{"@id":"https:\/\/www.tronkiele.com\/#website"},"primaryImageOfPage":{"@id":"https:\/\/www.tronkiele.com\/product\/three-station-indoor-vacuum-ckt-breaker\/#primaryimage"},"image":{"@id":"https:\/\/www.tronkiele.com\/product\/three-station-indoor-vacuum-ckt-breaker\/#primaryimage"},"thumbnailUrl":"https:\/\/www.tronkiele.com\/wp-content\/uploads\/2020\/04\/three-station-indoor-vacuum-ckt-breaker-3.webp","datePublished":"2024-09-07T08:57:09+00:00","dateModified":"2025-01-25T11:57:51+00:00","description":"Scoprite l'interruttore automatico sottovuoto per interni di JYIELE, dotato di tre stazioni per un controllo e una protezione elettrici efficienti. Costruito per garantire affidabilit\u00e0 e prestazioni, questo interruttore assicura un funzionamento perfetto in ambienti interni, fornendo una protezione essenziale del circuito per varie applicazioni.","breadcrumb":{"@id":"https:\/\/www.tronkiele.com\/product\/three-station-indoor-vacuum-ckt-breaker\/#breadcrumb"},"inLanguage":"it-IT","potentialAction":[{"@type":"ReadAction","target":["https:\/\/www.tronkiele.com\/product\/three-station-indoor-vacuum-ckt-breaker\/"]}]},{"@type":"ImageObject","inLanguage":"it-IT","@id":"https:\/\/www.tronkiele.com\/product\/three-station-indoor-vacuum-ckt-breaker\/#primaryimage","url":"https:\/\/www.tronkiele.com\/wp-content\/uploads\/2020\/04\/three-station-indoor-vacuum-ckt-breaker-3.webp","contentUrl":"https:\/\/www.tronkiele.com\/wp-content\/uploads\/2020\/04\/three-station-indoor-vacuum-ckt-breaker-3.webp","width":600,"height":600,"caption":"three-station-indoor-vacuum-ckt-breaker"},{"@type":"BreadcrumbList","@id":"https:\/\/www.tronkiele.com\/product\/three-station-indoor-vacuum-ckt-breaker\/#breadcrumb","itemListElement":[{"@type":"ListItem","position":1,"name":"Home","item":"https:\/\/www.tronkiele.com\/"},{"@type":"ListItem","position":2,"name":"Products","item":"https:\/\/www.tronkiele.com\/shop\/"},{"@type":"ListItem","position":3,"name":"BQVN-12GD Three Station Indoor Vacuum Ckt Breaker"}]},{"@type":"WebSite","@id":"https:\/\/www.tronkiele.com\/#website","url":"https:\/\/www.tronkiele.com\/","name":"PINO-ZHENGXI","description":"","publisher":{"@id":"https:\/\/www.tronkiele.com\/#organization"},"potentialAction":[{"@type":"SearchAction","target":{"@type":"EntryPoint","urlTemplate":"https:\/\/www.tronkiele.com\/?s={search_term_string}"},"query-input":{"@type":"PropertyValueSpecification","valueRequired":true,"valueName":"search_term_string"}}],"inLanguage":"it-IT"},{"@type":"Organization","@id":"https:\/\/www.tronkiele.com\/#organization","name":"PINO-ZHENGXI","url":"https:\/\/www.tronkiele.com\/","logo":{"@type":"ImageObject","inLanguage":"it-IT","@id":"https:\/\/www.tronkiele.com\/#\/schema\/logo\/image\/","url":"https:\/\/www.tronkiele.com\/wp-content\/uploads\/2024\/11\/cropped-tronki.webp","contentUrl":"https:\/\/www.tronkiele.com\/wp-content\/uploads\/2024\/11\/cropped-tronki.webp","width":512,"height":512,"caption":"PINE-ZHENGXI"},"image":{"@id":"https:\/\/www.tronkiele.com\/#\/schema\/logo\/image\/"}}]}},"_links":{"self":[{"href":"https:\/\/www.tronkiele.com\/it\/wp-json\/wp\/v2\/product\/19","targetHints":{"allow":["GET"]}}],"collection":[{"href":"https:\/\/www.tronkiele.com\/it\/wp-json\/wp\/v2\/product"}],"about":[{"href":"https:\/\/www.tronkiele.com\/it\/wp-json\/wp\/v2\/types\/product"}],"version-history":[{"count":5,"href":"https:\/\/www.tronkiele.com\/it\/wp-json\/wp\/v2\/product\/19\/revisions"}],"predecessor-version":[{"id":21477,"href":"https:\/\/www.tronkiele.com\/it\/wp-json\/wp\/v2\/product\/19\/revisions\/21477"}],"wp:featuredmedia":[{"embeddable":true,"href":"https:\/\/www.tronkiele.com\/it\/wp-json\/wp\/v2\/media\/2241"}],"wp:attachment":[{"href":"https:\/\/www.tronkiele.com\/it\/wp-json\/wp\/v2\/media?parent=19"}],"wp:term":[{"taxonomy":"product_brand","embeddable":true,"href":"https:\/\/www.tronkiele.com\/it\/wp-json\/wp\/v2\/product_brand?post=19"},{"taxonomy":"product_cat","embeddable":true,"href":"https:\/\/www.tronkiele.com\/it\/wp-json\/wp\/v2\/product_cat?post=19"},{"taxonomy":"product_tag","embeddable":true,"href":"https:\/\/www.tronkiele.com\/it\/wp-json\/wp\/v2\/product_tag?post=19"}],"curies":[{"name":"wp","href":"https:\/\/api.w.org\/{rel}","templated":true}]}}