{"id":21723,"date":"2025-05-02T10:51:19","date_gmt":"2025-05-02T10:51:19","guid":{"rendered":"https:\/\/www.tronkiele.com\/?post_type=product&#038;p=21723"},"modified":"2025-05-02T10:53:27","modified_gmt":"2025-05-02T10:53:27","slug":"11kv-3-phase-dry-type-cast-resin-distribution-transformer","status":"publish","type":"product","link":"https:\/\/www.tronkiele.com\/it\/product\/11kv-3-phase-dry-type-cast-resin-distribution-transformer\/","title":{"rendered":"Trasformatore di distribuzione SCB11 11KV 3 fasi a secco in ghisa e resina"},"content":{"rendered":"<h2>Caratteristiche:<\/h2>\n<p><strong>Sicurezza e affidabilit\u00e0 avanzate:<\/strong><\/p>\n<p>Ignifugo e a prova di esplosione: L'incapsulamento in resina epossidica soddisfa gli elevati standard di sicurezza antincendio, offrendo il massimo livello di protezione.<br \/>\nSenza manutenzione: Il design resistente all'inquinamento rende superflua la manutenzione, offrendo una lunga durata di funzionamento.<br \/>\nCompatto e resistente: Progettato per un'integrazione profonda nei centri di carico con un ingombro limitato, ideale per progetti di risparmio di spazio.<\/p>\n<p><strong>Prestazioni superiori:<\/strong><\/p>\n<p>Bassa scarica parziale: La fusione sotto vuoto ad alta tecnologia offre una bassa scarica parziale (&lt;10pC), migliorando l&#039;affidabilit\u00e0 del trasformatore.<br \/>\nRiduzione del rumore: Funzionamento silenzioso, livello di rumore &lt;55dB, grazie a un&#039;architettura di base ben progettata.<br \/>\nEfficienza termica: Robusta capacit\u00e0 di dissipazione termica con tolleranza di sovraccarico 40% per condizioni di raffreddamento ad aria forzata.<\/p>\n<p><strong>Controllo intelligente:<\/strong><\/p>\n<p>Monitoraggio intelligente: Dotato di un controllore termico a bordo con allarmi di guasto, spegnimento automatico e registrazione dei dati \"black box\" per una maggiore sicurezza e tracciabilit\u00e0 delle prestazioni.<br \/>\nConnettivit\u00e0 remota: L'interfaccia RS485 offre il monitoraggio e il controllo in tempo reale tramite computer per garantire la comodit\u00e0 di funzionamento e l'efficienza operativa.<\/p>\n<h2><strong>Parametri tecnici:<\/strong><\/h2>\n<table>\n<tbody>\n<tr>\n<td colspan=\"15\">Dati tecnici del trasformatore di potenza trifase a secco di classe di isolamento SC(B)11 Cast Resin F<\/td>\n<td><\/td>\n<\/tr>\n<tr>\n<td><\/td>\n<td colspan=\"2\"><\/td>\n<td><\/td>\n<td colspan=\"2\">Perdita (kW)<\/td>\n<td><\/td>\n<td>Tensione di impedenza<\/td>\n<td>Livello di isolamento<\/td>\n<td>Peso (kg)<\/td>\n<td colspan=\"3\">Dimensioni di ingombro (mm)<\/td>\n<td colspan=\"3\">Dimensioni di ingombro con involucro protettivo<\/td>\n<\/tr>\n<tr>\n<td>Capacit\u00e0 nominale<\/td>\n<td colspan=\"2\">Gruppo di tensione (kV)<\/td>\n<td rowspan=\"2\">Metodo di connessione<\/td>\n<td><\/td>\n<td>\u00a0(120\u00baC)<\/td>\n<td>Corrente a vuoto<\/td>\n<td><\/td>\n<td rowspan=\"2\"><\/td>\n<td rowspan=\"2\"><\/td>\n<td>(L)<\/td>\n<td>(W)<\/td>\n<td>(H)<\/td>\n<td>(L)<\/td>\n<td>(W)<\/td>\n<td>(H)<\/td>\n<\/tr>\n<tr>\n<td>(kVA)<\/td>\n<td>HV<\/td>\n<td>LV<\/td>\n<td>Senza carico<\/td>\n<td>Carico<\/td>\n<td>%<\/td>\n<td><\/td>\n<td colspan=\"3\"><\/td>\n<td><\/td>\n<td><\/td>\n<td><\/td>\n<\/tr>\n<tr>\n<td>10<\/td>\n<td><\/td>\n<td rowspan=\"24\">0.4<\/td>\n<td rowspan=\"24\">Din11 Yyn0<\/td>\n<td>0.121<\/td>\n<td>0.29<\/td>\n<td>3.8<\/td>\n<td rowspan=\"15\">4<\/td>\n<td rowspan=\"24\">F\/F<\/td>\n<td>130<\/td>\n<td>600<\/td>\n<td>450<\/td>\n<td>490<\/td>\n<td>900<\/td>\n<td>800<\/td>\n<td>850<\/td>\n<\/tr>\n<tr>\n<td>20<\/td>\n<td><\/td>\n<td>0.153<\/td>\n<td>0.565<\/td>\n<td>3.3<\/td>\n<td>170<\/td>\n<td>600<\/td>\n<td>450<\/td>\n<td>560<\/td>\n<td>900<\/td>\n<td>800<\/td>\n<td>850<\/td>\n<\/tr>\n<tr>\n<td>30<\/td>\n<td><\/td>\n<td>0.176<\/td>\n<td>0.67<\/td>\n<td>2.5<\/td>\n<td>330<\/td>\n<td>620<\/td>\n<td>450<\/td>\n<td>650<\/td>\n<td>1050<\/td>\n<td>900<\/td>\n<td>1000<\/td>\n<\/tr>\n<tr>\n<td>50<\/td>\n<td><\/td>\n<td>0.243<\/td>\n<td>0.896<\/td>\n<td>2<\/td>\n<td>380<\/td>\n<td>620<\/td>\n<td>450<\/td>\n<td>750<\/td>\n<td>1050<\/td>\n<td>900<\/td>\n<td>1000<\/td>\n<\/tr>\n<tr>\n<td>63<\/td>\n<td><\/td>\n<td>0.314<\/td>\n<td>1.15<\/td>\n<td>2<\/td>\n<td>440<\/td>\n<td>750<\/td>\n<td>500<\/td>\n<td>760<\/td>\n<td>1050<\/td>\n<td>1000<\/td>\n<td>1150<\/td>\n<\/tr>\n<tr>\n<td>80<\/td>\n<td><\/td>\n<td>0.333<\/td>\n<td>1.311<\/td>\n<td>2<\/td>\n<td>510<\/td>\n<td>750<\/td>\n<td>500<\/td>\n<td>760<\/td>\n<td>1100<\/td>\n<td>1000<\/td>\n<td>1150<\/td>\n<\/tr>\n<tr>\n<td>100<\/td>\n<td><\/td>\n<td>0.36<\/td>\n<td>1.492<\/td>\n<td>1.9<\/td>\n<td>590<\/td>\n<td>750<\/td>\n<td>500<\/td>\n<td>890<\/td>\n<td>1150<\/td>\n<td>1100<\/td>\n<td>1250<\/td>\n<\/tr>\n<tr>\n<td>125<\/td>\n<td>11<\/td>\n<td>0.423<\/td>\n<td>1.758<\/td>\n<td>1.7<\/td>\n<td>650<\/td>\n<td>1060<\/td>\n<td>600<\/td>\n<td>1020<\/td>\n<td>1350<\/td>\n<td>1050<\/td>\n<td>1200<\/td>\n<\/tr>\n<tr>\n<td>160<\/td>\n<td>10.5<\/td>\n<td>0.491<\/td>\n<td>2.023<\/td>\n<td>1.7<\/td>\n<td>780<\/td>\n<td>1060<\/td>\n<td>600<\/td>\n<td>1060<\/td>\n<td>1400<\/td>\n<td>1050<\/td>\n<td>1250<\/td>\n<\/tr>\n<tr>\n<td>200<\/td>\n<td>10<\/td>\n<td>0.563<\/td>\n<td>2.403<\/td>\n<td>1.5<\/td>\n<td>930<\/td>\n<td>1060<\/td>\n<td>710<\/td>\n<td>1120<\/td>\n<td>1450<\/td>\n<td>1100<\/td>\n<td>1350<\/td>\n<\/tr>\n<tr>\n<td>250<\/td>\n<td>6.3<\/td>\n<td>0.648<\/td>\n<td>2.622<\/td>\n<td>1.5<\/td>\n<td>1040<\/td>\n<td>1100<\/td>\n<td>710<\/td>\n<td>1140<\/td>\n<td>1500<\/td>\n<td>1150<\/td>\n<td>1400<\/td>\n<\/tr>\n<tr>\n<td>315<\/td>\n<td>6<\/td>\n<td>0.792<\/td>\n<td>3.297<\/td>\n<td>1.3<\/td>\n<td>1180<\/td>\n<td>1150<\/td>\n<td>710<\/td>\n<td>1195<\/td>\n<td>1500<\/td>\n<td>1200<\/td>\n<td>1450<\/td>\n<\/tr>\n<tr>\n<td>400<\/td>\n<td><\/td>\n<td>0.878<\/td>\n<td>3.791<\/td>\n<td>1.3<\/td>\n<td>1450<\/td>\n<td>1260<\/td>\n<td>870<\/td>\n<td>1285<\/td>\n<td>1600<\/td>\n<td>1250<\/td>\n<td>1600<\/td>\n<\/tr>\n<tr>\n<td>500<\/td>\n<td><\/td>\n<td>1.044<\/td>\n<td>4.636<\/td>\n<td>1.3<\/td>\n<td>1630<\/td>\n<td>1290<\/td>\n<td>870<\/td>\n<td>1355<\/td>\n<td>1600<\/td>\n<td>1300<\/td>\n<td>1650<\/td>\n<\/tr>\n<tr>\n<td>630<\/td>\n<td><\/td>\n<td>1.211<\/td>\n<td>5.577<\/td>\n<td>1.1<\/td>\n<td>1900<\/td>\n<td>1450<\/td>\n<td>870<\/td>\n<td>1420<\/td>\n<td>1800<\/td>\n<td>1300<\/td>\n<td>1700<\/td>\n<\/tr>\n<tr>\n<td>630<\/td>\n<td><\/td>\n<td>1.117<\/td>\n<td>5.662<\/td>\n<td>1.1<\/td>\n<td rowspan=\"7\">6<\/td>\n<td>1900<\/td>\n<td>1500<\/td>\n<td>870<\/td>\n<td>1370<\/td>\n<td>1850<\/td>\n<td>1300<\/td>\n<td>1650<\/td>\n<\/tr>\n<tr>\n<td>800<\/td>\n<td><\/td>\n<td>1.444<\/td>\n<td>6.607<\/td>\n<td>1.1<\/td>\n<td>2290<\/td>\n<td>1550<\/td>\n<td>870<\/td>\n<td>1570<\/td>\n<td>1900<\/td>\n<td>1300<\/td>\n<td>1800<\/td>\n<\/tr>\n<tr>\n<td>1000<\/td>\n<td><\/td>\n<td>1.593<\/td>\n<td>7.724<\/td>\n<td>1<\/td>\n<td>2700<\/td>\n<td>1600<\/td>\n<td>870<\/td>\n<td>1665<\/td>\n<td>1950<\/td>\n<td>1300<\/td>\n<td>1950<\/td>\n<\/tr>\n<tr>\n<td>1250<\/td>\n<td><\/td>\n<td>1.881<\/td>\n<td>9.206<\/td>\n<td>1<\/td>\n<td>3130<\/td>\n<td>1680<\/td>\n<td>1120<\/td>\n<td>1765<\/td>\n<td>2050<\/td>\n<td>1350<\/td>\n<td>2000<\/td>\n<\/tr>\n<tr>\n<td>1600<\/td>\n<td><\/td>\n<td>2.205<\/td>\n<td>11.14<\/td>\n<td>1<\/td>\n<td>3740<\/td>\n<td>1750<\/td>\n<td>1120<\/td>\n<td>1860<\/td>\n<td>2100<\/td>\n<td>1400<\/td>\n<td>2100<\/td>\n<\/tr>\n<tr>\n<td>2000<\/td>\n<td><\/td>\n<td>2.988<\/td>\n<td>13.73<\/td>\n<td>0.9<\/td>\n<td>4150<\/td>\n<td>1770<\/td>\n<td>1120<\/td>\n<td>1865<\/td>\n<td>2150<\/td>\n<td>1500<\/td>\n<td>2100<\/td>\n<\/tr>\n<tr>\n<td>2500<\/td>\n<td><\/td>\n<td>3.6<\/td>\n<td>16.31<\/td>\n<td>0.8<\/td>\n<td>4810<\/td>\n<td>1870<\/td>\n<td>1120<\/td>\n<td>1950<\/td>\n<td>2200<\/td>\n<td>1500<\/td>\n<td>2200<\/td>\n<\/tr>\n<tr>\n<td>3150<\/td>\n<td><\/td>\n<td>4.626<\/td>\n<td>21.38<\/td>\n<td>0.7<\/td>\n<td rowspan=\"2\">8<\/td>\n<td>5800<\/td>\n<td>1950<\/td>\n<td>1120<\/td>\n<td>1900<\/td>\n<td>2350<\/td>\n<td>1600<\/td>\n<td>2250<\/td>\n<\/tr>\n<tr>\n<td>4000<\/td>\n<td><\/td>\n<td>5.364<\/td>\n<td>25.65<\/td>\n<td>0.7<\/td>\n<td>7100<\/td>\n<td>2100<\/td>\n<td>1120<\/td>\n<td>2050<\/td>\n<td>2400<\/td>\n<td>1600<\/td>\n<td>2300<\/td>\n<\/tr>\n<tr>\n<td colspan=\"15\">(Nota): (intervallo di intercettazione dell'alta tensione) \u00b15%; \u00b12\u00d72,5%, frequenza: 50Hz.<\/td>\n<td><\/td>\n<\/tr>\n<\/tbody>\n<\/table>\n<h2>Applicazione versatile:<\/h2>\n<p>Commerciale: hotel, aeroporti, grattacieli, centri commerciali.<br \/>\nIndustriale: Centrali elettriche, fonderie, piattaforme offshore, metropolitane.<br \/>\nInfrastrutture critiche: Ospedali, centri dati, complessi residenziali.<\/p>\n<h2>Punti salienti della tecnica:<\/h2>\n<p><strong>Struttura centrale:<\/strong><\/p>\n<p>Materiale: Acciaio al silicio laminato a freddo di importazione con giunti a tre fasi completamente inclinati.<br \/>\nDesign: Le fascette non restringenti di classe F riducono la perdita a vuoto (&lt;0,5W\/kg) e il rumore del nucleo.<br \/>\nTrattamento superficiale: Rivestimento anticorrosione degli elementi di fissaggio per garantire la stabilit\u00e0 operativa a lungo termine.<\/p>\n<p><strong>Avvolgimenti:<\/strong><\/p>\n<p>Avvolgimento ad alta tensione: Isolamento in resina epossidica fusa sotto vuoto con rinforzo in fibra di vetro per una maggiore resistenza meccanica.<br \/>\nAvvolgimento a bassa tensione: Struttura dell'avvolgimento in lamina di rame con condotti di raffreddamento assiali per una dissipazione uniforme del calore e isolamento interstrato pre-impregnato di resina epossidica DMD.<br \/>\nScarico parziale: &lt;5pC.<\/p>\n<h2>Processo di produzione:<\/h2>\n<p>Avvolgimento di precisione: Le macchine CNC ad alta precisione garantiscono la coerenza della bobina.<br \/>\nFusione sotto vuoto: Garantisce un isolamento privo di vuoti eliminando le bolle d'aria.<br \/>\nPolimerizzazione e test: Protocolli di solidificazione personalizzati conformi agli standard GB\/T 10228-2015.<\/p>\n<h2>Conformit\u00e0 e standard:<\/h2>\n<p>Certificazioni: GB\/T 10228-2015, GB 6450-1986, JB\/T 10088-2016, GB 4208-2017.<\/p>\n<p>Classificazione ambientale: Protezione IP54, che offre resistenza a polvere e umidit\u00e0.<\/p>\n<h2>Perch\u00e9 scegliere noi?<\/h2>\n<p>Soluzioni personalizzate: Forniamo progetti su misura per soddisfare requisiti specifici di tensione, raffreddamento e controllo.<br \/>\nEsperienza globale: Prestazioni comprovate in climi estremi e installazioni ad alta densit\u00e0.<br \/>\nConsegna rapida: Con una capacit\u00e0 di oltre 10.000 unit\u00e0 al mese, garantiamo consegne tempestive senza compromettere la qualit\u00e0.<\/p>\n<h2>FAQ<\/h2>\n<p>D1: Qual \u00e8 il vantaggio di utilizzare un trasformatore in resina fusa rispetto a un trasformatore in olio?<br \/>\nR: I trasformatori in resina fusa sono pi\u00f9 ecologici e sicuri dei trasformatori a olio. Non richiedono olio, riducendo il rischio di incendi o perdite. Inoltre, hanno una resistenza superiore alle condizioni ambientali difficili e non richiedono manutenzione.<\/p>\n<p>D2: Qual \u00e8 la durata di vita del trasformatore a secco in resina fusa della serie SC(B)10?<br \/>\nR: Con una corretta installazione e una manutenzione minima, i trasformatori della serie SC(B)10 hanno una lunga durata, spesso superiore a 30 anni.<\/p>\n<p>D4: Il trasformatore \u00e8 adatto all'uso esterno?<br \/>\nR: S\u00ec, la serie SC(B)10 \u00e8 progettata per applicazioni sia interne che esterne, con una classificazione IP54 per la resistenza alla polvere e all'umidit\u00e0.<\/p>\n<p>D5: Come viene monitorato il trasformatore?<br \/>\nR: Il trasformatore \u00e8 dotato di un controllore termico integrato per il monitoraggio della temperatura e di un'interfaccia RS485 per la connettivit\u00e0 remota e il controllo in tempo reale.<\/p>","protected":false},"excerpt":{"rendered":"<p>I trasformatori a secco in resina fusa della serie SC(B)11 utilizzano una tecnologia internazionale avanzata e offrono un'alternativa ecologica e ad alte prestazioni alle esigenze di distribuzione di energia esistenti. Gli avvolgimenti epossidici con propriet\u00e0 ignifughe sono progettati per ottenere la massima sicurezza, efficienza ed eccezionale versatilit\u00e0 in condizioni difficili.<\/p>\n<p>Prezzo FOB: US $0.5 - 9.999 \/ pezzo<br \/>\nMin. Ordine: 1 Pezzi<br \/>\nCapacit\u00e0 di fornitura: 10.000 pezzi\/mese<\/p>","protected":false},"featured_media":21725,"template":"","meta":[],"product_brand":[],"product_cat":[35,33],"product_tag":[],"class_list":{"0":"post-21723","1":"product","2":"type-product","3":"status-publish","4":"has-post-thumbnail","6":"product_cat-dry-transformer","7":"product_cat-power-transformer","9":"first","10":"instock","11":"downloadable","12":"taxable","13":"shipping-taxable","14":"product-type-simple"},"yoast_head":"<!-- This site is optimized with the Yoast SEO plugin v25.0 - https:\/\/yoast.com\/wordpress\/plugins\/seo\/ -->\n<title>SCB11 11KV 3 Phase Dry-Type Cast-Resin Distribution Transformer - PINE<\/title>\n<meta name=\"robots\" content=\"index, follow, max-snippet:-1, max-image-preview:large, max-video-preview:-1\" \/>\n<link rel=\"canonical\" href=\"https:\/\/www.tronkiele.com\/it\/product\/11kv-3-phase-dry-type-cast-resin-distribution-transformer\/\" \/>\n<meta property=\"og:locale\" content=\"it_IT\" \/>\n<meta property=\"og:type\" content=\"article\" \/>\n<meta property=\"og:title\" content=\"SCB11 11KV 3 Phase Dry-Type Cast-Resin Distribution Transformer - PINE\" \/>\n<meta property=\"og:description\" content=\"SC(B)11 Series Cast-Resin Dry-Type Transformer uses advanced international technology and offers a green, high-performance alternative to existing power distribution needs. Epoxy-sealed windings with flame-retardant properties are engineered to attain maximum safety, efficiency, and exceptional versatility against tough conditions.  FOB Price: US $0.5 - 9,999 \/ Piece Min. Order: 1 Pieces Supply Capacity: 10,000 Pieces\/Month\" \/>\n<meta property=\"og:url\" content=\"https:\/\/www.tronkiele.com\/it\/product\/11kv-3-phase-dry-type-cast-resin-distribution-transformer\/\" \/>\n<meta property=\"og:site_name\" content=\"PINE\" \/>\n<meta property=\"article:modified_time\" content=\"2025-05-02T10:53:27+00:00\" \/>\n<meta property=\"og:image\" content=\"https:\/\/www.tronkiele.com\/wp-content\/uploads\/2025\/05\/3-Phase-Dry-Type-Cast-Resin-Distribution-Transformer.webp\" \/>\n\t<meta property=\"og:image:width\" content=\"800\" \/>\n\t<meta property=\"og:image:height\" content=\"800\" \/>\n\t<meta property=\"og:image:type\" content=\"image\/webp\" \/>\n<meta name=\"twitter:card\" content=\"summary_large_image\" \/>\n<meta name=\"twitter:label1\" content=\"Tempo di lettura stimato\" \/>\n\t<meta name=\"twitter:data1\" content=\"4 minuti\" \/>\n<script type=\"application\/ld+json\" class=\"yoast-schema-graph\">{\"@context\":\"https:\/\/schema.org\",\"@graph\":[{\"@type\":\"WebPage\",\"@id\":\"https:\/\/www.tronkiele.com\/product\/11kv-3-phase-dry-type-cast-resin-distribution-transformer\/\",\"url\":\"https:\/\/www.tronkiele.com\/product\/11kv-3-phase-dry-type-cast-resin-distribution-transformer\/\",\"name\":\"SCB11 11KV 3 Phase Dry-Type Cast-Resin Distribution Transformer - PINE\",\"isPartOf\":{\"@id\":\"https:\/\/www.tronkiele.com\/#website\"},\"primaryImageOfPage\":{\"@id\":\"https:\/\/www.tronkiele.com\/product\/11kv-3-phase-dry-type-cast-resin-distribution-transformer\/#primaryimage\"},\"image\":{\"@id\":\"https:\/\/www.tronkiele.com\/product\/11kv-3-phase-dry-type-cast-resin-distribution-transformer\/#primaryimage\"},\"thumbnailUrl\":\"https:\/\/www.tronkiele.com\/wp-content\/uploads\/2025\/05\/3-Phase-Dry-Type-Cast-Resin-Distribution-Transformer.webp\",\"datePublished\":\"2025-05-02T10:51:19+00:00\",\"dateModified\":\"2025-05-02T10:53:27+00:00\",\"breadcrumb\":{\"@id\":\"https:\/\/www.tronkiele.com\/product\/11kv-3-phase-dry-type-cast-resin-distribution-transformer\/#breadcrumb\"},\"inLanguage\":\"it-IT\",\"potentialAction\":[{\"@type\":\"ReadAction\",\"target\":[\"https:\/\/www.tronkiele.com\/product\/11kv-3-phase-dry-type-cast-resin-distribution-transformer\/\"]}]},{\"@type\":\"ImageObject\",\"inLanguage\":\"it-IT\",\"@id\":\"https:\/\/www.tronkiele.com\/product\/11kv-3-phase-dry-type-cast-resin-distribution-transformer\/#primaryimage\",\"url\":\"https:\/\/www.tronkiele.com\/wp-content\/uploads\/2025\/05\/3-Phase-Dry-Type-Cast-Resin-Distribution-Transformer.webp\",\"contentUrl\":\"https:\/\/www.tronkiele.com\/wp-content\/uploads\/2025\/05\/3-Phase-Dry-Type-Cast-Resin-Distribution-Transformer.webp\",\"width\":800,\"height\":800,\"caption\":\"3 Phase Dry-Type Cast-Resin Distribution Transformer\"},{\"@type\":\"BreadcrumbList\",\"@id\":\"https:\/\/www.tronkiele.com\/product\/11kv-3-phase-dry-type-cast-resin-distribution-transformer\/#breadcrumb\",\"itemListElement\":[{\"@type\":\"ListItem\",\"position\":1,\"name\":\"Home\",\"item\":\"https:\/\/www.tronkiele.com\/\"},{\"@type\":\"ListItem\",\"position\":2,\"name\":\"Products\",\"item\":\"https:\/\/www.tronkiele.com\/shop\/\"},{\"@type\":\"ListItem\",\"position\":3,\"name\":\"SCB11 11KV 3 Phase Dry-Type Cast-Resin Distribution Transformer\"}]},{\"@type\":\"WebSite\",\"@id\":\"https:\/\/www.tronkiele.com\/#website\",\"url\":\"https:\/\/www.tronkiele.com\/\",\"name\":\"PINE\",\"description\":\"\",\"publisher\":{\"@id\":\"https:\/\/www.tronkiele.com\/#organization\"},\"potentialAction\":[{\"@type\":\"SearchAction\",\"target\":{\"@type\":\"EntryPoint\",\"urlTemplate\":\"https:\/\/www.tronkiele.com\/?s={search_term_string}\"},\"query-input\":{\"@type\":\"PropertyValueSpecification\",\"valueRequired\":true,\"valueName\":\"search_term_string\"}}],\"inLanguage\":\"it-IT\"},{\"@type\":\"Organization\",\"@id\":\"https:\/\/www.tronkiele.com\/#organization\",\"name\":\"PINE\",\"url\":\"https:\/\/www.tronkiele.com\/\",\"logo\":{\"@type\":\"ImageObject\",\"inLanguage\":\"it-IT\",\"@id\":\"https:\/\/www.tronkiele.com\/#\/schema\/logo\/image\/\",\"url\":\"https:\/\/www.tronkiele.com\/wp-content\/uploads\/2024\/11\/cropped-tronki.webp\",\"contentUrl\":\"https:\/\/www.tronkiele.com\/wp-content\/uploads\/2024\/11\/cropped-tronki.webp\",\"width\":512,\"height\":512,\"caption\":\"PINE\"},\"image\":{\"@id\":\"https:\/\/www.tronkiele.com\/#\/schema\/logo\/image\/\"}}]}<\/script>\n<!-- \/ Yoast SEO plugin. -->","yoast_head_json":{"title":"Trasformatore di distribuzione SCB11 11KV 3 fasi a secco in resina - PINO","robots":{"index":"index","follow":"follow","max-snippet":"max-snippet:-1","max-image-preview":"max-image-preview:large","max-video-preview":"max-video-preview:-1"},"canonical":"https:\/\/www.tronkiele.com\/it\/product\/11kv-3-phase-dry-type-cast-resin-distribution-transformer\/","og_locale":"it_IT","og_type":"article","og_title":"SCB11 11KV 3 Phase Dry-Type Cast-Resin Distribution Transformer - PINE","og_description":"SC(B)11 Series Cast-Resin Dry-Type Transformer uses advanced international technology and offers a green, high-performance alternative to existing power distribution needs. Epoxy-sealed windings with flame-retardant properties are engineered to attain maximum safety, efficiency, and exceptional versatility against tough conditions.  FOB Price: US $0.5 - 9,999 \/ Piece Min. Order: 1 Pieces Supply Capacity: 10,000 Pieces\/Month","og_url":"https:\/\/www.tronkiele.com\/it\/product\/11kv-3-phase-dry-type-cast-resin-distribution-transformer\/","og_site_name":"PINE","article_modified_time":"2025-05-02T10:53:27+00:00","og_image":[{"width":800,"height":800,"url":"https:\/\/www.tronkiele.com\/wp-content\/uploads\/2025\/05\/3-Phase-Dry-Type-Cast-Resin-Distribution-Transformer.webp","type":"image\/webp"}],"twitter_card":"summary_large_image","twitter_misc":{"Tempo di lettura stimato":"4 minuti"},"schema":{"@context":"https:\/\/schema.org","@graph":[{"@type":"WebPage","@id":"https:\/\/www.tronkiele.com\/product\/11kv-3-phase-dry-type-cast-resin-distribution-transformer\/","url":"https:\/\/www.tronkiele.com\/product\/11kv-3-phase-dry-type-cast-resin-distribution-transformer\/","name":"Trasformatore di distribuzione SCB11 11KV 3 fasi a secco in resina - PINO","isPartOf":{"@id":"https:\/\/www.tronkiele.com\/#website"},"primaryImageOfPage":{"@id":"https:\/\/www.tronkiele.com\/product\/11kv-3-phase-dry-type-cast-resin-distribution-transformer\/#primaryimage"},"image":{"@id":"https:\/\/www.tronkiele.com\/product\/11kv-3-phase-dry-type-cast-resin-distribution-transformer\/#primaryimage"},"thumbnailUrl":"https:\/\/www.tronkiele.com\/wp-content\/uploads\/2025\/05\/3-Phase-Dry-Type-Cast-Resin-Distribution-Transformer.webp","datePublished":"2025-05-02T10:51:19+00:00","dateModified":"2025-05-02T10:53:27+00:00","breadcrumb":{"@id":"https:\/\/www.tronkiele.com\/product\/11kv-3-phase-dry-type-cast-resin-distribution-transformer\/#breadcrumb"},"inLanguage":"it-IT","potentialAction":[{"@type":"ReadAction","target":["https:\/\/www.tronkiele.com\/product\/11kv-3-phase-dry-type-cast-resin-distribution-transformer\/"]}]},{"@type":"ImageObject","inLanguage":"it-IT","@id":"https:\/\/www.tronkiele.com\/product\/11kv-3-phase-dry-type-cast-resin-distribution-transformer\/#primaryimage","url":"https:\/\/www.tronkiele.com\/wp-content\/uploads\/2025\/05\/3-Phase-Dry-Type-Cast-Resin-Distribution-Transformer.webp","contentUrl":"https:\/\/www.tronkiele.com\/wp-content\/uploads\/2025\/05\/3-Phase-Dry-Type-Cast-Resin-Distribution-Transformer.webp","width":800,"height":800,"caption":"3 Phase Dry-Type Cast-Resin Distribution Transformer"},{"@type":"BreadcrumbList","@id":"https:\/\/www.tronkiele.com\/product\/11kv-3-phase-dry-type-cast-resin-distribution-transformer\/#breadcrumb","itemListElement":[{"@type":"ListItem","position":1,"name":"Home","item":"https:\/\/www.tronkiele.com\/"},{"@type":"ListItem","position":2,"name":"Products","item":"https:\/\/www.tronkiele.com\/shop\/"},{"@type":"ListItem","position":3,"name":"SCB11 11KV 3 Phase Dry-Type Cast-Resin Distribution Transformer"}]},{"@type":"WebSite","@id":"https:\/\/www.tronkiele.com\/#website","url":"https:\/\/www.tronkiele.com\/","name":"PINO","description":"","publisher":{"@id":"https:\/\/www.tronkiele.com\/#organization"},"potentialAction":[{"@type":"SearchAction","target":{"@type":"EntryPoint","urlTemplate":"https:\/\/www.tronkiele.com\/?s={search_term_string}"},"query-input":{"@type":"PropertyValueSpecification","valueRequired":true,"valueName":"search_term_string"}}],"inLanguage":"it-IT"},{"@type":"Organization","@id":"https:\/\/www.tronkiele.com\/#organization","name":"PINO","url":"https:\/\/www.tronkiele.com\/","logo":{"@type":"ImageObject","inLanguage":"it-IT","@id":"https:\/\/www.tronkiele.com\/#\/schema\/logo\/image\/","url":"https:\/\/www.tronkiele.com\/wp-content\/uploads\/2024\/11\/cropped-tronki.webp","contentUrl":"https:\/\/www.tronkiele.com\/wp-content\/uploads\/2024\/11\/cropped-tronki.webp","width":512,"height":512,"caption":"PINE"},"image":{"@id":"https:\/\/www.tronkiele.com\/#\/schema\/logo\/image\/"}}]}},"_links":{"self":[{"href":"https:\/\/www.tronkiele.com\/it\/wp-json\/wp\/v2\/product\/21723","targetHints":{"allow":["GET"]}}],"collection":[{"href":"https:\/\/www.tronkiele.com\/it\/wp-json\/wp\/v2\/product"}],"about":[{"href":"https:\/\/www.tronkiele.com\/it\/wp-json\/wp\/v2\/types\/product"}],"version-history":[{"count":3,"href":"https:\/\/www.tronkiele.com\/it\/wp-json\/wp\/v2\/product\/21723\/revisions"}],"predecessor-version":[{"id":21727,"href":"https:\/\/www.tronkiele.com\/it\/wp-json\/wp\/v2\/product\/21723\/revisions\/21727"}],"wp:featuredmedia":[{"embeddable":true,"href":"https:\/\/www.tronkiele.com\/it\/wp-json\/wp\/v2\/media\/21725"}],"wp:attachment":[{"href":"https:\/\/www.tronkiele.com\/it\/wp-json\/wp\/v2\/media?parent=21723"}],"wp:term":[{"taxonomy":"product_brand","embeddable":true,"href":"https:\/\/www.tronkiele.com\/it\/wp-json\/wp\/v2\/product_brand?post=21723"},{"taxonomy":"product_cat","embeddable":true,"href":"https:\/\/www.tronkiele.com\/it\/wp-json\/wp\/v2\/product_cat?post=21723"},{"taxonomy":"product_tag","embeddable":true,"href":"https:\/\/www.tronkiele.com\/it\/wp-json\/wp\/v2\/product_tag?post=21723"}],"curies":[{"name":"wp","href":"https:\/\/api.w.org\/{rel}","templated":true}]}}