{"id":21914,"date":"2025-09-19T05:37:57","date_gmt":"2025-09-19T05:37:57","guid":{"rendered":"https:\/\/www.tronkiele.com\/?post_type=product&#038;p=21914"},"modified":"2025-09-19T05:38:15","modified_gmt":"2025-09-19T05:38:15","slug":"25kva-single-phase-pole-mounted-distribution-transformer","status":"publish","type":"product","link":"https:\/\/www.tronkiele.com\/it\/product\/25kva-single-phase-pole-mounted-distribution-transformer\/","title":{"rendered":"Trasformatore di distribuzione monofase da 25 kVA montato su palo 13,2 kV a 240 V"},"content":{"rendered":"<h2>Perch\u00e9 gli operatori scelgono i trasformatori monofase montati su palo<\/h2>\n<ul>\n<li>Costo inferiore \u2014 essendo montati sui pali, non \u00e8 necessario realizzare basamenti in cemento o linee a bassa tensione lunghe, risparmiando cos\u00ec sui lavori di costruzione e sull\u2019uso del terreno.<\/li>\n<li>Meno perdite di energia \u2014 posizionando il trasformatore pi\u00f9 vicino al punto di utilizzo, la linea a bassa tensione risulta pi\u00f9 corta, riducendo spesso le perdite del 40\u201360% rispetto ai sistemi centralizzati.<\/li>\n<li>Compatti e facili da mantenere \u2014 le loro dimensioni ridotte e il design semplice rendono l\u2019ispezione e la manutenzione agevoli.<\/li>\n<li>Opzioni flessibili \u2014 possono utilizzare oli minerali o ecologici e diversi tipi di manicotti (in porcellana o polimero) per soddisfare varie esigenze.<\/li>\n<li>Grazie a questi vantaggi, un trasformatore monofase da 25 kVA \u00e8 particolarmente adatto per linee rurali, aree di piccole imprese, illuminazione stradale e stazioni di pompaggio agricole.<\/li>\n<\/ul>\n<h2>Informazioni dettagliate<\/h2>\n<table style=\"border-collapse: collapse; width: 683.27pt;\" border=\"0\" width=\"911\" cellspacing=\"0\" cellpadding=\"0\">\n<tbody>\n<tr style=\"height: 24.00pt;\">\n<td class=\"et2\" style=\"height: 24.00pt; width: 121.50pt;\" width=\"162\" height=\"32\">Luogo di origine:<\/td>\n<td style=\"width: 221.25pt;\" width=\"295\">CINA<\/td>\n<td class=\"et2\" style=\"width: 170.25pt;\" width=\"227\">Tensione primaria:<\/td>\n<td style=\"width: 170.25pt;\" width=\"227\">13200GrdY\/7620<\/td>\n<\/tr>\n<tr style=\"height: 24.00pt;\">\n<td class=\"et2\" style=\"height: 24.00pt;\" height=\"32\">Certificazione:<\/td>\n<td>CE, ISO<\/td>\n<td class=\"et2\">Tensione secondaria:<\/td>\n<td>120\/240V (L-N-L)<\/td>\n<\/tr>\n<tr style=\"height: 24.00pt;\">\n<td class=\"et2\" style=\"height: 24.00pt;\" height=\"32\">Tipo di trasformatore:<\/td>\n<td>Montato su palo<\/td>\n<td class=\"et2\">Fase:<\/td>\n<td>Monofase<\/td>\n<\/tr>\n<tr style=\"height: 24.00pt;\">\n<td class=\"et2\" style=\"height: 24.00pt;\" height=\"32\">Capacit\u00e0:<\/td>\n<td>25 kVA o personalizzata<\/td>\n<td class=\"et2\">Materiale dell\u2019avvolgimento:<\/td>\n<td>Rame<\/td>\n<\/tr>\n<tr style=\"height: 24.00pt;\">\n<td class=\"et2\" style=\"height: 24.00pt;\" height=\"32\">Metodo di raffreddamento:<\/td>\n<td>ONAN\/KNAN<\/td>\n<td class=\"et2\">Capacit\u00e0 di fornitura:<\/td>\n<td>1000 unit\u00e0\/mese<\/td>\n<\/tr>\n<tr style=\"height: 24.00pt;\">\n<td class=\"et2\" style=\"height: 24.00pt;\" height=\"32\">Aumento di temperatura:<\/td>\n<td>65\u00b0C<\/td>\n<td><\/td>\n<td><\/td>\n<\/tr>\n<tr style=\"height: 24.00pt;\">\n<td class=\"et2\" style=\"height: 24.00pt;\" height=\"32\">Punti salienti:<\/td>\n<td class=\"et3\" colspan=\"3\">Trasformatore di distribuzione montato su palo, Trasformatore di distribuzione da 25 kVA montato su palo, Trasformatore monofase 13,2 kV<br \/>\nDescrizione del prodotto<\/td>\n<\/tr>\n<\/tbody>\n<\/table>\n<h2><strong>Dati principali<\/strong><\/h2>\n<table border=\"1\" width=\"599\" cellspacing=\"0\" cellpadding=\"0\">\n<colgroup>\n<col width=\"261\" \/>\n<col width=\"338\" \/><\/colgroup>\n<tbody>\n<tr>\n<td class=\"et2\" width=\"261\" height=\"48\">Tipo di trasformatore<\/td>\n<td class=\"et2\" width=\"338\">Trasformatore di distribuzione aerea, Tipo convenzionale<\/td>\n<\/tr>\n<tr>\n<td class=\"et2\" width=\"261\" height=\"24\">Configurazione del trasformatore<\/td>\n<td class=\"et2\" width=\"338\">Montato su palo e riempito di olio<\/td>\n<\/tr>\n<tr>\n<td class=\"et2\" width=\"261\" height=\"24\">Tipo di polarit\u00e0 del trasformatore<\/td>\n<td class=\"et2\" width=\"338\">Sottrattiva<\/td>\n<\/tr>\n<tr>\n<td class=\"et2\" width=\"261\" height=\"24\">Fase<\/td>\n<td class=\"et2\" width=\"338\">Monofase<\/td>\n<\/tr>\n<tr>\n<td class=\"et2\" width=\"261\" height=\"24\">Capacit\u00e0<\/td>\n<td class=\"et2\" width=\"338\">25 KVA<\/td>\n<\/tr>\n<tr>\n<td class=\"et2\" width=\"261\" height=\"24\">Tensione primaria<\/td>\n<td class=\"et2\" width=\"338\">13200GrdY\/7620<\/td>\n<\/tr>\n<tr>\n<td class=\"et2\" width=\"261\" height=\"24\">Classe di tensione primaria<\/td>\n<td class=\"et2\" width=\"338\">Classe 15 kV<\/td>\n<\/tr>\n<tr>\n<td class=\"et2\" width=\"261\" height=\"24\">BIL primaria<\/td>\n<td class=\"et2\" width=\"338\">95 kV<\/td>\n<\/tr>\n<tr>\n<td class=\"et2\" width=\"261\" height=\"24\">Tensione secondaria<\/td>\n<td class=\"et2\" width=\"338\">120\/240V (L-N-L)<\/td>\n<\/tr>\n<tr>\n<td class=\"et2\" width=\"261\" height=\"24\">BIL secondaria<\/td>\n<td class=\"et2\" width=\"338\">30 KV<\/td>\n<\/tr>\n<tr>\n<td class=\"et2\" width=\"261\" height=\"24\">Frequenza<\/td>\n<td class=\"et2\" width=\"338\">60 Hz<\/td>\n<\/tr>\n<tr>\n<td class=\"et2\" width=\"261\" height=\"24\">Aumento di temperatura<\/td>\n<td class=\"et2\" width=\"338\">65\u00b0C<\/td>\n<\/tr>\n<tr>\n<td class=\"et2\" width=\"261\" height=\"24\">Classe di isolamento<\/td>\n<td class=\"et2\" width=\"338\">Isolamento di Classe E - 120\u00b0C, 248\u00b0F<\/td>\n<\/tr>\n<tr>\n<td class=\"et2\" width=\"261\" height=\"24\">Classe di raffreddamento<\/td>\n<td class=\"et2\" width=\"338\">ONAN; Raffreddamento naturale<\/td>\n<\/tr>\n<tr>\n<td class=\"et2\" width=\"261\" height=\"48\">Cambiatore di rubinetto<\/td>\n<td class=\"et2\" width=\"338\">Cambiavalori a 5 posizioni con maniglia di azionamento esterna<\/td>\n<\/tr>\n<tr>\n<td class=\"et2\" width=\"261\" height=\"24\">Numero di prese<\/td>\n<td class=\"et2\" width=\"338\">(2) FCAN sopra, (2) FCBN sotto<\/td>\n<\/tr>\n<tr>\n<td class=\"et2\" width=\"261\" height=\"24\">Rubinetto %<\/td>\n<td class=\"et2\" width=\"338\">2.5%<\/td>\n<\/tr>\n<tr>\n<td class=\"et2\" width=\"261\" height=\"48\">Posizione dell'interruttore del commutatore<\/td>\n<td class=\"et2\" width=\"338\">Al centro del corpo del serbatoio, a sinistra delle predisposizioni di montaggio<\/td>\n<\/tr>\n<tr>\n<td class=\"et2\" width=\"261\" height=\"24\">Impedenza<\/td>\n<td class=\"et2\" width=\"338\">Tipico 2,5%<\/td>\n<\/tr>\n<tr>\n<td class=\"et2\" width=\"261\" height=\"24\">Peso del fluido*<\/td>\n<td class=\"et2\" width=\"338\">99,21 lb<\/td>\n<\/tr>\n<tr>\n<td class=\"et2\" width=\"261\" height=\"24\">Materiale di avvolgimento<\/td>\n<td class=\"et2\" width=\"338\">Rame<\/td>\n<\/tr>\n<tr>\n<td class=\"et2\" width=\"261\" height=\"24\">Valutazione della temperatura ambiente<\/td>\n<td class=\"et2\" width=\"338\">40\u00b0C<\/td>\n<\/tr>\n<tr>\n<td class=\"et2\" width=\"261\" height=\"24\">Livello di rumore<\/td>\n<td class=\"et2\" width=\"338\">48 dBA<\/td>\n<\/tr>\n<tr>\n<td class=\"et2\" width=\"261\" height=\"24\">Dimensioni*<\/td>\n<td class=\"et2\" width=\"338\">21,65\" L x 24,8\" P x 40,16\" H<\/td>\n<\/tr>\n<tr>\n<td class=\"et2\" width=\"261\" height=\"24\">Peso totale (riempito di liquido)*<\/td>\n<td class=\"et2\" width=\"338\">470 lb<\/td>\n<\/tr>\n<\/tbody>\n<\/table>\n<h2><strong>Specifiche<\/strong><\/h2>\n<table border=\"1\" width=\"866\" cellspacing=\"0\" cellpadding=\"0\">\n<colgroup>\n<col span=\"5\" width=\"120\" \/>\n<col width=\"146\" \/>\n<col width=\"120\" \/><\/colgroup>\n<tbody>\n<tr>\n<td class=\"et3\" colspan=\"7\" width=\"866\" height=\"24\">Trasformatore monofase immerso in olio da 10 kVA a 500 kVA<\/td>\n<\/tr>\n<tr>\n<td class=\"et4\" rowspan=\"2\" width=\"120\" height=\"49\">Capacit\u00e0 nominale (kVA)<\/td>\n<td class=\"et4\" width=\"120\">Alta<\/td>\n<td class=\"et4\" rowspan=\"2\" width=\"120\">Bassa tensione (V)<\/td>\n<td class=\"et4\" rowspan=\"2\" width=\"120\">Simbolo di collegamento<\/td>\n<td class=\"et4\" rowspan=\"2\" width=\"120\">Standard<\/td>\n<td class=\"et4\" rowspan=\"2\" width=\"146\">Impedenza di corto circuito (%)<\/td>\n<td class=\"et4\" width=\"120\">Efficienza<\/td>\n<\/tr>\n<tr>\n<td class=\"et4\" width=\"120\">Tensione (V)<\/td>\n<td class=\"et5\" width=\"120\"><span class=\"font0\">(<\/span><span class=\"font3\">%<\/span><span class=\"font0\">)<\/span><\/td>\n<\/tr>\n<tr>\n<td class=\"et4\" width=\"120\" height=\"24\">10<\/td>\n<td class=\"et6\" rowspan=\"11\" width=\"120\">4160<br \/>\n7200<br \/>\n12000<br \/>\n12470<br \/>\n13200<br \/>\n13800<br \/>\n19920<br \/>\n24940<br \/>\n34500<\/td>\n<td class=\"et6\" rowspan=\"11\" width=\"120\">110<br \/>\n220<br \/>\n230<br \/>\n400<br \/>\n480<\/td>\n<td class=\"et4\" rowspan=\"11\" width=\"120\">II0,II6<\/td>\n<td class=\"et4\" rowspan=\"11\" width=\"120\">IEEE\/ANSI\/ DOE<\/td>\n<td class=\"et4\" rowspan=\"11\" width=\"146\">1.8-4%<\/td>\n<td class=\"et4\" width=\"120\">98.7<\/td>\n<\/tr>\n<tr>\n<td class=\"et4\" width=\"120\" height=\"24\">15<\/td>\n<td class=\"et4\" width=\"120\">98.82<\/td>\n<\/tr>\n<tr>\n<td class=\"et4\" width=\"120\" height=\"24\">25<\/td>\n<td class=\"et4\" width=\"120\">98.95<\/td>\n<\/tr>\n<tr>\n<td class=\"et4\" width=\"120\" height=\"24\">37.5<\/td>\n<td class=\"et4\" width=\"120\">99.05<\/td>\n<\/tr>\n<tr>\n<td class=\"et4\" width=\"120\" height=\"24\">50<\/td>\n<td class=\"et4\" width=\"120\">99.11<\/td>\n<\/tr>\n<tr>\n<td class=\"et4\" width=\"120\" height=\"24\">75<\/td>\n<td class=\"et4\" width=\"120\">99.19<\/td>\n<\/tr>\n<tr>\n<td class=\"et4\" width=\"120\" height=\"24\">100<\/td>\n<td class=\"et4\" width=\"120\">99.25<\/td>\n<\/tr>\n<tr>\n<td class=\"et4\" width=\"120\" height=\"24\">167<\/td>\n<td class=\"et4\" width=\"120\">99.33<\/td>\n<\/tr>\n<tr>\n<td class=\"et4\" width=\"120\" height=\"24\">250<\/td>\n<td class=\"et4\" width=\"120\">99.39<\/td>\n<\/tr>\n<tr>\n<td class=\"et4\" width=\"120\" height=\"24\">333<\/td>\n<td class=\"et4\" width=\"120\">99.43<\/td>\n<\/tr>\n<tr>\n<td class=\"et4\" width=\"120\" height=\"24\">500<\/td>\n<td class=\"et4\" width=\"120\">99.49<\/td>\n<\/tr>\n<\/tbody>\n<\/table>\n<h2>FAQ<\/h2>\n<p data-start=\"58\" data-end=\"399\"><strong data-start=\"58\" data-end=\"147\">Q1 \u2014 Un trasformatore monofase da 25 kVA montato su palo pu\u00f2 alimentare un piccolo villaggio o alcune case?<\/strong><br data-start=\"147\" data-end=\"150\" \/>S\u00ec. In molte aree rurali, un trasformatore da 25 kVA montato su palo pu\u00f2 supportare diverse abitazioni o un piccolo gruppo di negozi. Questo aiuta a ridurre la lunghezza delle linee a bassa tensione e a mantenere la tensione dei clienti pi\u00f9 stabile. La dimensione finale dovrebbe essere verificata in base al carico di picco reale.<\/p>\n<p data-start=\"401\" data-end=\"706\"><strong data-start=\"401\" data-end=\"465\">Q2 \u2014 I trasformatori montati su palo possono utilizzare olio isolante biodegradabile?<\/strong><br data-start=\"465\" data-end=\"468\" \/>S\u00ec. Molte unit\u00e0 montate su palo moderne possono utilizzare oli biodegradabili a base di esteri, pi\u00f9 ecologici e consigliati vicino all\u2019acqua o in aree a rischio di fuoriuscite. \u00c8 sempre necessario confermare la compatibilit\u00e0 dell\u2019olio e le prestazioni termiche con il produttore.<\/p>\n<p data-start=\"708\" data-end=\"980\"><strong data-start=\"708\" data-end=\"761\">Q3 \u2014 Qual \u00e8 il tempo di consegna abituale e la garanzia?<\/strong><br data-start=\"761\" data-end=\"764\" \/>Dipende dalla quantit\u00e0 dell\u2019ordine e dalla personalizzazione, ma la produzione di massa di solito richiede 15\u201325 giorni. Le garanzie sono generalmente di 12\u201324 mesi. TRONKI offre 12 mesi di garanzia pi\u00f9 supporto tecnico per la sostituzione degli accessori, se necessario.<\/p>","protected":false},"excerpt":{"rendered":"<p>Un trasformatore di distribuzione monofase da 25 kVA montato su palo \u00e8 un trasformatore compatto riempito di olio, progettato per abbassare la tensione delle linee di alimentazione a media tensione (comunemente 13,2 kV in molte reti) a una tensione secondaria utilizzabile a bassa tensione (240 V linea-linea o 120\/240 V fase divisa) per abitazioni, piccole imprese e carichi rurali. Queste unit\u00e0 sono montate sui pali della rete elettrica per ridurre al minimo i costi delle infrastrutture, accorciare la lunghezza delle linee a bassa tensione e fornire energia affidabile dove i trasformatori a pavimento o la distribuzione sotterranea risultano impraticabili.<\/p>","protected":false},"featured_media":21926,"template":"","meta":[],"product_brand":[],"product_cat":[34,33],"product_tag":[],"class_list":{"0":"post-21914","1":"product","2":"type-product","3":"status-publish","4":"has-post-thumbnail","6":"product_cat-oil-transformer","7":"product_cat-power-transformer","9":"first","10":"instock","11":"taxable","12":"shipping-taxable","13":"product-type-simple"},"yoast_head":"<!-- This site is optimized with the Yoast SEO plugin v25.0 - https:\/\/yoast.com\/wordpress\/plugins\/seo\/ -->\n<title>Single Phase Pole Mounted Distribution Transformer Manufacturer - PINE-ZHENGXI<\/title>\n<meta name=\"robots\" content=\"index, follow, max-snippet:-1, max-image-preview:large, max-video-preview:-1\" \/>\n<link rel=\"canonical\" href=\"https:\/\/www.tronkiele.com\/it\/product\/25kva-single-phase-pole-mounted-distribution-transformer\/\" \/>\n<meta property=\"og:locale\" content=\"it_IT\" \/>\n<meta property=\"og:type\" content=\"article\" \/>\n<meta property=\"og:title\" content=\"Single Phase Pole Mounted Distribution Transformer Manufacturer - PINE-ZHENGXI\" \/>\n<meta property=\"og:description\" content=\"A 25kVA single phase pole mounted distribution transformer is a compact, oil-filled transformer designed to step down medium-voltage feeder lines (commonly 13.2 kV primary in many networks) to a usable low-voltage secondary (240 V line-to-line or 120\/240 V split-phase) for homes, small businesses, and rural loads. These units are mounted on utility poles to minimize infrastructure cost, reduce low-voltage line length, and deliver reliable power where padmounts or underground distribution are impractical.\" \/>\n<meta property=\"og:url\" content=\"https:\/\/www.tronkiele.com\/it\/product\/25kva-single-phase-pole-mounted-distribution-transformer\/\" \/>\n<meta property=\"og:site_name\" content=\"PINE-ZHENGXI\" \/>\n<meta property=\"article:modified_time\" content=\"2025-09-19T05:38:15+00:00\" \/>\n<meta property=\"og:image\" content=\"https:\/\/www.tronkiele.com\/wp-content\/uploads\/2025\/09\/25kva-Single-Phase-Pole-Mounted-Distribution-Transformer-13.2KV-To-240V.webp\" \/>\n\t<meta property=\"og:image:width\" content=\"800\" \/>\n\t<meta property=\"og:image:height\" content=\"800\" \/>\n\t<meta property=\"og:image:type\" content=\"image\/webp\" \/>\n<meta name=\"twitter:card\" content=\"summary_large_image\" \/>\n<meta name=\"twitter:label1\" content=\"Tempo di lettura stimato\" \/>\n\t<meta name=\"twitter:data1\" content=\"3 minuti\" \/>\n<script type=\"application\/ld+json\" class=\"yoast-schema-graph\">{\"@context\":\"https:\/\/schema.org\",\"@graph\":[{\"@type\":\"WebPage\",\"@id\":\"https:\/\/www.tronkiele.com\/product\/25kva-single-phase-pole-mounted-distribution-transformer\/\",\"url\":\"https:\/\/www.tronkiele.com\/product\/25kva-single-phase-pole-mounted-distribution-transformer\/\",\"name\":\"Single Phase Pole Mounted Distribution Transformer Manufacturer - PINE-ZHENGXI\",\"isPartOf\":{\"@id\":\"https:\/\/www.tronkiele.com\/#website\"},\"primaryImageOfPage\":{\"@id\":\"https:\/\/www.tronkiele.com\/product\/25kva-single-phase-pole-mounted-distribution-transformer\/#primaryimage\"},\"image\":{\"@id\":\"https:\/\/www.tronkiele.com\/product\/25kva-single-phase-pole-mounted-distribution-transformer\/#primaryimage\"},\"thumbnailUrl\":\"https:\/\/www.tronkiele.com\/wp-content\/uploads\/2025\/09\/25kva-Single-Phase-Pole-Mounted-Distribution-Transformer-13.2KV-To-240V.webp\",\"datePublished\":\"2025-09-19T05:37:57+00:00\",\"dateModified\":\"2025-09-19T05:38:15+00:00\",\"breadcrumb\":{\"@id\":\"https:\/\/www.tronkiele.com\/product\/25kva-single-phase-pole-mounted-distribution-transformer\/#breadcrumb\"},\"inLanguage\":\"it-IT\",\"potentialAction\":[{\"@type\":\"ReadAction\",\"target\":[\"https:\/\/www.tronkiele.com\/product\/25kva-single-phase-pole-mounted-distribution-transformer\/\"]}]},{\"@type\":\"ImageObject\",\"inLanguage\":\"it-IT\",\"@id\":\"https:\/\/www.tronkiele.com\/product\/25kva-single-phase-pole-mounted-distribution-transformer\/#primaryimage\",\"url\":\"https:\/\/www.tronkiele.com\/wp-content\/uploads\/2025\/09\/25kva-Single-Phase-Pole-Mounted-Distribution-Transformer-13.2KV-To-240V.webp\",\"contentUrl\":\"https:\/\/www.tronkiele.com\/wp-content\/uploads\/2025\/09\/25kva-Single-Phase-Pole-Mounted-Distribution-Transformer-13.2KV-To-240V.webp\",\"width\":800,\"height\":800,\"caption\":\"25kva-Single-Phase-Pole-Mounted-Distribution-Transformer-13.2KV-To-240V\"},{\"@type\":\"BreadcrumbList\",\"@id\":\"https:\/\/www.tronkiele.com\/product\/25kva-single-phase-pole-mounted-distribution-transformer\/#breadcrumb\",\"itemListElement\":[{\"@type\":\"ListItem\",\"position\":1,\"name\":\"Home\",\"item\":\"https:\/\/www.tronkiele.com\/\"},{\"@type\":\"ListItem\",\"position\":2,\"name\":\"Products\",\"item\":\"https:\/\/www.tronkiele.com\/shop\/\"},{\"@type\":\"ListItem\",\"position\":3,\"name\":\"25kva Single Phase Pole Mounted Distribution Transformer 13.2KV To 240V\"}]},{\"@type\":\"WebSite\",\"@id\":\"https:\/\/www.tronkiele.com\/#website\",\"url\":\"https:\/\/www.tronkiele.com\/\",\"name\":\"PINE-ZHENGXI\",\"description\":\"\",\"publisher\":{\"@id\":\"https:\/\/www.tronkiele.com\/#organization\"},\"potentialAction\":[{\"@type\":\"SearchAction\",\"target\":{\"@type\":\"EntryPoint\",\"urlTemplate\":\"https:\/\/www.tronkiele.com\/?s={search_term_string}\"},\"query-input\":{\"@type\":\"PropertyValueSpecification\",\"valueRequired\":true,\"valueName\":\"search_term_string\"}}],\"inLanguage\":\"it-IT\"},{\"@type\":\"Organization\",\"@id\":\"https:\/\/www.tronkiele.com\/#organization\",\"name\":\"PINE-ZHENGXI\",\"url\":\"https:\/\/www.tronkiele.com\/\",\"logo\":{\"@type\":\"ImageObject\",\"inLanguage\":\"it-IT\",\"@id\":\"https:\/\/www.tronkiele.com\/#\/schema\/logo\/image\/\",\"url\":\"https:\/\/www.tronkiele.com\/wp-content\/uploads\/2024\/11\/cropped-tronki.webp\",\"contentUrl\":\"https:\/\/www.tronkiele.com\/wp-content\/uploads\/2024\/11\/cropped-tronki.webp\",\"width\":512,\"height\":512,\"caption\":\"PINE-ZHENGXI\"},\"image\":{\"@id\":\"https:\/\/www.tronkiele.com\/#\/schema\/logo\/image\/\"}}]}<\/script>\n<!-- \/ Yoast SEO plugin. -->","yoast_head_json":{"title":"Trasformatore di distribuzione monofase montato su palo Produttore - PINE-ZHENGXI","robots":{"index":"index","follow":"follow","max-snippet":"max-snippet:-1","max-image-preview":"max-image-preview:large","max-video-preview":"max-video-preview:-1"},"canonical":"https:\/\/www.tronkiele.com\/it\/product\/25kva-single-phase-pole-mounted-distribution-transformer\/","og_locale":"it_IT","og_type":"article","og_title":"Single Phase Pole Mounted Distribution Transformer Manufacturer - PINE-ZHENGXI","og_description":"A 25kVA single phase pole mounted distribution transformer is a compact, oil-filled transformer designed to step down medium-voltage feeder lines (commonly 13.2 kV primary in many networks) to a usable low-voltage secondary (240 V line-to-line or 120\/240 V split-phase) for homes, small businesses, and rural loads. These units are mounted on utility poles to minimize infrastructure cost, reduce low-voltage line length, and deliver reliable power where padmounts or underground distribution are impractical.","og_url":"https:\/\/www.tronkiele.com\/it\/product\/25kva-single-phase-pole-mounted-distribution-transformer\/","og_site_name":"PINE-ZHENGXI","article_modified_time":"2025-09-19T05:38:15+00:00","og_image":[{"width":800,"height":800,"url":"https:\/\/www.tronkiele.com\/wp-content\/uploads\/2025\/09\/25kva-Single-Phase-Pole-Mounted-Distribution-Transformer-13.2KV-To-240V.webp","type":"image\/webp"}],"twitter_card":"summary_large_image","twitter_misc":{"Tempo di lettura stimato":"3 minuti"},"schema":{"@context":"https:\/\/schema.org","@graph":[{"@type":"WebPage","@id":"https:\/\/www.tronkiele.com\/product\/25kva-single-phase-pole-mounted-distribution-transformer\/","url":"https:\/\/www.tronkiele.com\/product\/25kva-single-phase-pole-mounted-distribution-transformer\/","name":"Trasformatore di distribuzione monofase montato su palo Produttore - PINE-ZHENGXI","isPartOf":{"@id":"https:\/\/www.tronkiele.com\/#website"},"primaryImageOfPage":{"@id":"https:\/\/www.tronkiele.com\/product\/25kva-single-phase-pole-mounted-distribution-transformer\/#primaryimage"},"image":{"@id":"https:\/\/www.tronkiele.com\/product\/25kva-single-phase-pole-mounted-distribution-transformer\/#primaryimage"},"thumbnailUrl":"https:\/\/www.tronkiele.com\/wp-content\/uploads\/2025\/09\/25kva-Single-Phase-Pole-Mounted-Distribution-Transformer-13.2KV-To-240V.webp","datePublished":"2025-09-19T05:37:57+00:00","dateModified":"2025-09-19T05:38:15+00:00","breadcrumb":{"@id":"https:\/\/www.tronkiele.com\/product\/25kva-single-phase-pole-mounted-distribution-transformer\/#breadcrumb"},"inLanguage":"it-IT","potentialAction":[{"@type":"ReadAction","target":["https:\/\/www.tronkiele.com\/product\/25kva-single-phase-pole-mounted-distribution-transformer\/"]}]},{"@type":"ImageObject","inLanguage":"it-IT","@id":"https:\/\/www.tronkiele.com\/product\/25kva-single-phase-pole-mounted-distribution-transformer\/#primaryimage","url":"https:\/\/www.tronkiele.com\/wp-content\/uploads\/2025\/09\/25kva-Single-Phase-Pole-Mounted-Distribution-Transformer-13.2KV-To-240V.webp","contentUrl":"https:\/\/www.tronkiele.com\/wp-content\/uploads\/2025\/09\/25kva-Single-Phase-Pole-Mounted-Distribution-Transformer-13.2KV-To-240V.webp","width":800,"height":800,"caption":"25kva-Single-Phase-Pole-Mounted-Distribution-Transformer-13.2KV-To-240V"},{"@type":"BreadcrumbList","@id":"https:\/\/www.tronkiele.com\/product\/25kva-single-phase-pole-mounted-distribution-transformer\/#breadcrumb","itemListElement":[{"@type":"ListItem","position":1,"name":"Home","item":"https:\/\/www.tronkiele.com\/"},{"@type":"ListItem","position":2,"name":"Products","item":"https:\/\/www.tronkiele.com\/shop\/"},{"@type":"ListItem","position":3,"name":"25kva Single Phase Pole Mounted Distribution Transformer 13.2KV To 240V"}]},{"@type":"WebSite","@id":"https:\/\/www.tronkiele.com\/#website","url":"https:\/\/www.tronkiele.com\/","name":"PINO-ZHENGXI","description":"","publisher":{"@id":"https:\/\/www.tronkiele.com\/#organization"},"potentialAction":[{"@type":"SearchAction","target":{"@type":"EntryPoint","urlTemplate":"https:\/\/www.tronkiele.com\/?s={search_term_string}"},"query-input":{"@type":"PropertyValueSpecification","valueRequired":true,"valueName":"search_term_string"}}],"inLanguage":"it-IT"},{"@type":"Organization","@id":"https:\/\/www.tronkiele.com\/#organization","name":"PINO-ZHENGXI","url":"https:\/\/www.tronkiele.com\/","logo":{"@type":"ImageObject","inLanguage":"it-IT","@id":"https:\/\/www.tronkiele.com\/#\/schema\/logo\/image\/","url":"https:\/\/www.tronkiele.com\/wp-content\/uploads\/2024\/11\/cropped-tronki.webp","contentUrl":"https:\/\/www.tronkiele.com\/wp-content\/uploads\/2024\/11\/cropped-tronki.webp","width":512,"height":512,"caption":"PINE-ZHENGXI"},"image":{"@id":"https:\/\/www.tronkiele.com\/#\/schema\/logo\/image\/"}}]}},"_links":{"self":[{"href":"https:\/\/www.tronkiele.com\/it\/wp-json\/wp\/v2\/product\/21914","targetHints":{"allow":["GET"]}}],"collection":[{"href":"https:\/\/www.tronkiele.com\/it\/wp-json\/wp\/v2\/product"}],"about":[{"href":"https:\/\/www.tronkiele.com\/it\/wp-json\/wp\/v2\/types\/product"}],"version-history":[{"count":3,"href":"https:\/\/www.tronkiele.com\/it\/wp-json\/wp\/v2\/product\/21914\/revisions"}],"predecessor-version":[{"id":21917,"href":"https:\/\/www.tronkiele.com\/it\/wp-json\/wp\/v2\/product\/21914\/revisions\/21917"}],"wp:featuredmedia":[{"embeddable":true,"href":"https:\/\/www.tronkiele.com\/it\/wp-json\/wp\/v2\/media\/21926"}],"wp:attachment":[{"href":"https:\/\/www.tronkiele.com\/it\/wp-json\/wp\/v2\/media?parent=21914"}],"wp:term":[{"taxonomy":"product_brand","embeddable":true,"href":"https:\/\/www.tronkiele.com\/it\/wp-json\/wp\/v2\/product_brand?post=21914"},{"taxonomy":"product_cat","embeddable":true,"href":"https:\/\/www.tronkiele.com\/it\/wp-json\/wp\/v2\/product_cat?post=21914"},{"taxonomy":"product_tag","embeddable":true,"href":"https:\/\/www.tronkiele.com\/it\/wp-json\/wp\/v2\/product_tag?post=21914"}],"curies":[{"name":"wp","href":"https:\/\/api.w.org\/{rel}","templated":true}]}}