{"id":22067,"date":"2025-10-04T02:43:33","date_gmt":"2025-10-04T02:43:33","guid":{"rendered":"https:\/\/www.tronkiele.com\/?post_type=product&#038;p=22067"},"modified":"2025-10-07T06:26:16","modified_gmt":"2025-10-07T06:26:16","slug":"single-phase-220v-to-three-phase-380v-phase-converter","status":"publish","type":"product","link":"https:\/\/www.tronkiele.com\/it\/product\/single-phase-220v-to-three-phase-380v-phase-converter\/","title":{"rendered":"Convertitore di fase da 220V monofase a 380V trifase"},"content":{"rendered":"<h2 data-start=\"1377\" data-end=\"1395\">Dove si usa<\/h2>\n<ul>\n<li>Officine, case-fabbriche e locali commerciali privi di servizio trifase<\/li>\n<li>Siti rurali, remoti o temporanei (aziende agricole, operazioni sul campo)<\/li>\n<li>Rinnovabili in loco: convertire la produzione fotovoltaica o eolica di piccola taglia in trifase per i carichi locali.<\/li>\n<li>Progetti di retrofit in cui la richiesta di fornitura trifase \u00e8 impraticabile o costosa<\/li>\n<\/ul>\n<h2 data-start=\"1712\" data-end=\"1738\">Vantaggi e caratteristiche principali<\/h2>\n<ul>\n<li>Uscita trifase ad onda sinusoidale vera - THD &lt; 2% per un funzionamento fluido dei motori e delle apparecchiature sensibili.<\/li>\n<li>Elevata efficienza di conversione - Il controllo SVPWM e l'IPM premium garantiscono efficienze &gt; 93% e basse perdite a vuoto.<\/li>\n<li>Risposta rapida ai transienti: l'uscita si stabilizza entro 50 ms per gestire le variazioni di carico.<\/li>\n<li>Protezione robusta - protezione integrata da cortocircuito, sovraccarico e sovratemperatura per un funzionamento continuo e sicuro.<\/li>\n<li>Trasformatore di isolamento della frequenza di alimentazione - isola i bus CA e CC per eliminare le interferenze e migliorare la sicurezza.<\/li>\n<li>Display utente e diagnostica - Il display LCD visualizza la tensione CC in ingresso, la frequenza\/tensione in uscita, la potenza (kWh), il tempo di funzionamento e i codici di errore.<\/li>\n<li>Economico - utilizza la fatturazione monofase standard pur alimentando carichi industriali trifase - evita i problemi e i costi delle applicazioni trifase.<\/li>\n<li>Rete pi\u00f9 pulita - filtra i disturbi e fornisce un'alimentazione pi\u00f9 pulita alle apparecchiature a valle.<\/li>\n<li>Lunga durata - componenti industriali e design del raffreddamento per una maggiore affidabilit\u00e0 (durata di progettazione &gt; 15 anni in condizioni normali).<\/li>\n<\/ul>\n<h2><strong><b>PARAMETRI TECNICI<\/b><\/strong><\/h2>\n<table>\n<tbody>\n<tr>\n<td rowspan=\"3\" width=\"118\">Modello<\/td>\n<td width=\"91\"><strong><b>DZW-1,5KVA<\/b><\/strong><\/td>\n<td width=\"91\"><strong><b>DZW-2.2KVA<\/b><\/strong><\/td>\n<td width=\"91\"><strong><b>DZW-3KVA<\/b><\/strong><\/td>\n<td width=\"91\"><strong><b>DZW-4KVA<\/b><\/strong><\/td>\n<td width=\"92\"><strong><b>DZW-5,5KVA<\/b><\/strong><\/td>\n<\/tr>\n<tr>\n<td width=\"91\"><strong><b>DZW-7,5KVA<\/b><\/strong><\/td>\n<td width=\"91\"><strong><b>DZW-8.5KVA<\/b><\/strong><\/td>\n<td width=\"91\"><strong><b>DZW-11KVA<\/b><\/strong><\/td>\n<td width=\"91\"><strong><b>DZW-15KVA<\/b><\/strong><\/td>\n<td width=\"92\"><strong><b>DZW-20KVA<\/b><\/strong><\/td>\n<\/tr>\n<tr>\n<td width=\"91\"><strong><b>DZW-25KVA<\/b><\/strong><\/td>\n<td width=\"91\"><strong><b>DZW-30KVA<\/b><\/strong><\/td>\n<td width=\"91\"><strong><b>DZW-40KVA<\/b><\/strong><\/td>\n<td width=\"91\"><strong><b>DZW-50KVA<\/b><\/strong><\/td>\n<td width=\"92\"><strong><b>DZW-60KVA<\/b><\/strong><\/td>\n<\/tr>\n<tr>\n<td width=\"118\">Fase<\/td>\n<td colspan=\"5\" width=\"459\">trifase, tre fili \/ trifase, quattro fili<\/td>\n<\/tr>\n<tr>\n<td width=\"118\">Velocit\u00e0 di risposta<\/td>\n<td colspan=\"5\" width=\"459\">10 ms<\/td>\n<\/tr>\n<tr>\n<td width=\"118\">Velocit\u00e0 di regolazione<\/td>\n<td colspan=\"5\" width=\"459\">100V\/S<\/td>\n<\/tr>\n<tr>\n<td width=\"118\">Metodo del circuito<\/td>\n<td colspan=\"5\" width=\"459\">Modulazione IGBT \/ PWM<\/td>\n<\/tr>\n<tr>\n<td width=\"118\">Forma d'onda in uscita<\/td>\n<td colspan=\"5\" width=\"459\">Onda sinusoidale standard CF=1,4<\/td>\n<\/tr>\n<tr>\n<td width=\"118\">Corrente di uscita<\/td>\n<td colspan=\"5\" width=\"459\">Corrente di fase Grado alto 41A Grado basso 82A<\/td>\n<\/tr>\n<tr>\n<td width=\"118\">Stabilizzazione della frequenza<\/td>\n<td colspan=\"5\" width=\"459\">\u22640.01%<\/td>\n<\/tr>\n<tr>\n<td width=\"118\">Stabilizzazione della tensione di carico<\/td>\n<td colspan=\"5\" width=\"459\">\u22641%<\/td>\n<\/tr>\n<tr>\n<td width=\"118\">Distorsione della forma d'onda<\/td>\n<td colspan=\"5\" width=\"459\">\u22642% (carico resistivo puro)<\/td>\n<\/tr>\n<tr>\n<td width=\"118\">Angolo di fase<\/td>\n<td colspan=\"5\" width=\"459\">120\u00b0\u00b11\u00b0<\/td>\n<\/tr>\n<tr>\n<td width=\"118\">Tempo di reazione della protezione<\/td>\n<td colspan=\"5\" width=\"459\">\u22642ms<\/td>\n<\/tr>\n<tr>\n<td width=\"118\">Efficienza<\/td>\n<td colspan=\"5\" width=\"459\">\u226587%<\/td>\n<\/tr>\n<tr>\n<td width=\"118\">Potenza<\/td>\n<td width=\"91\">1500VA<\/td>\n<td width=\"91\">2200VA<\/td>\n<td width=\"91\">3000VA<\/td>\n<td width=\"91\">4000VA<\/td>\n<td width=\"92\">5500VA<\/td>\n<\/tr>\n<tr>\n<td width=\"118\">Dimensioni (mm) L*L*H<\/td>\n<td width=\"91\">270*430*350<\/td>\n<td width=\"91\">270*430*350<\/td>\n<td width=\"91\">270*430*350<\/td>\n<td width=\"91\">270*430*350<\/td>\n<td width=\"92\">270*430*350<\/td>\n<\/tr>\n<tr>\n<td width=\"118\">N.W.(kg)<\/td>\n<td width=\"91\">17.5<\/td>\n<td width=\"91\">17.5<\/td>\n<td width=\"91\">17.5<\/td>\n<td width=\"91\">17.5<\/td>\n<td width=\"92\">17.5<\/td>\n<\/tr>\n<tr>\n<td width=\"118\">Potenza<\/td>\n<td width=\"91\">7500VA<\/td>\n<td width=\"91\">8500VA<\/td>\n<td width=\"91\">11KVA<\/td>\n<td width=\"91\">15KVA<\/td>\n<td width=\"92\">20KVA<\/td>\n<\/tr>\n<tr>\n<td width=\"118\">Dimensioni (mm) L*L*H<\/td>\n<td width=\"91\">580*355*620<\/td>\n<td width=\"91\">580*355*620<\/td>\n<td width=\"91\">580*355*620<\/td>\n<td width=\"91\">580*355*620<\/td>\n<td width=\"92\">580*355*620<\/td>\n<\/tr>\n<tr>\n<td width=\"118\">N.W.(kg)<\/td>\n<td width=\"91\">34<\/td>\n<td width=\"91\">34<\/td>\n<td width=\"91\">34<\/td>\n<td width=\"91\">35.5<\/td>\n<td width=\"92\">37<\/td>\n<\/tr>\n<tr>\n<td colspan=\"6\" width=\"578\">Le dimensioni e il peso variano a seconda dell'intervallo di tensione e sono soggetti alle personalizzazioni effettive del prodotto.<\/td>\n<\/tr>\n<\/tbody>\n<\/table>\n<h2 data-start=\"3350\" data-end=\"3382\">Come scegliere il modello giusto<\/h2>\n<ul>\n<li data-start=\"3386\" data-end=\"3561\">Corrispondere al carico continuo del motore (kW\/kVA): scegliere un convertitore con una potenza continua \u2265 ai kW nominali del motore pi\u00f9 un margine di sovracorrente all'avvio (i motori spesso necessitano di una corrente di avvio 2-3\u00d7).<\/li>\n<li data-start=\"3386\" data-end=\"3561\">Considerare il ciclo di lavoro: gli avviamenti\/arresti frequenti o i carichi pesanti prolungati possono richiedere un'unit\u00e0 pi\u00f9 grande o un raffreddamento potenziato.<\/li>\n<li data-start=\"3386\" data-end=\"3561\">Controllare l'ambiente: siti all'aperto o polverosi richiedono un grado di protezione IP pi\u00f9 elevato e una presa d'aria filtrata.<\/li>\n<li data-start=\"3386\" data-end=\"3561\">Verificare la capacit\u00e0 di alimentazione: l'uscita del convertitore \u00e8 limitata dalla corrente di ingresso a 220 V disponibile; accertarsi che la rete elettrica possa fornire gli ampere di ingresso richiesti.<\/li>\n<li data-start=\"3386\" data-end=\"3561\">Installazione e messa a terra: rispettare le norme elettriche locali; raccomandare un elettricista qualificato per il cablaggio e la messa a terra.<\/li>\n<\/ul>\n<h2 data-start=\"4057\" data-end=\"4063\">FAQ<\/h2>\n<p data-start=\"4064\" data-end=\"4343\"><strong data-start=\"4064\" data-end=\"4117\">D: Pu\u00f2 far funzionare motori a induzione e compressori?<\/strong><br data-start=\"4117\" data-end=\"4120\" \/>R: S\u00ec, il DZW \u00e8 ottimizzato per i carichi del motore. Poich\u00e9 produce un'onda sinusoidale a bassa distorsione, i motori si avviano e funzionano senza problemi. Per gli avviamenti di grandi motori, dimensionare il convertitore in modo da consentire la sovracorrente di avviamento (consultare la scheda tecnica).<\/p>\n<p data-start=\"4345\" data-end=\"4635\"><strong data-start=\"4345\" data-end=\"4404\">D: Qual \u00e8 la differenza rispetto a un convertitore di fase rotante?<\/strong><br data-start=\"4404\" data-end=\"4407\" \/>R: A differenza dei convertitori rotanti, il DZW utilizza una conversione a stato solido (inverter SVPWM) per produrre un'uscita sinusoidale trifase stabile e a bassa distorsione, vicina alla qualit\u00e0 delle utenze, pi\u00f9 adatta all'elettronica sensibile e agli azionamenti a velocit\u00e0 variabile.<\/p>\n<p data-start=\"4637\" data-end=\"4911\"><strong data-start=\"4637\" data-end=\"4666\">D: Mi far\u00e0 risparmiare denaro?<\/strong><br data-start=\"4666\" data-end=\"4669\" \/>R: Pu\u00f2 essere pi\u00f9 economico che richiedere un servizio trifase (spese di installazione, cablaggio aggiornato). Tuttavia, il consumo energetico dipende dai carichi: l'unit\u00e0 converte ci\u00f2 che si preleva dalla rete monofase, quindi le dimensioni e l'utilizzo determinano il costo.<\/p>","protected":false},"excerpt":{"rendered":"<p>La serie DZW \u00e8 un sistema compatto e ad alte prestazioni. <strong data-start=\"702\" data-end=\"745\">Trasformatore da monofase a trifase<\/strong> alternativa - un'alternativa intelligente <strong data-start=\"768\" data-end=\"787\">Convertitore di fase<\/strong> che trasforma la normale rete monofase a 220V in un'affidabile alimentazione trifase a 380V. Utilizzando l'avanzata modulazione SVPWM (space-vector PWM) insieme a raddrizzamento, conversione di frequenza, inversione e aumento di tensione, l'unit\u00e0 fornisce una vera onda sinusoidale trifase con una distorsione armonica inferiore a 2% e un'eccellente risposta ai transienti.<\/p>","protected":false},"featured_media":22068,"template":"","meta":[],"product_brand":[],"product_cat":[42,99,100],"product_tag":[],"class_list":{"0":"post-22067","1":"product","2":"type-product","3":"status-publish","4":"has-post-thumbnail","6":"product_cat-low-voltage-transformer","7":"product_cat-single-phase-transformers","8":"product_cat-three-phase-transformer","10":"first","11":"instock","12":"taxable","13":"shipping-taxable","14":"product-type-simple"},"yoast_head":"<!-- This site is optimized with the Yoast SEO plugin v25.0 - https:\/\/yoast.com\/wordpress\/plugins\/seo\/ -->\n<title>Single-Phase 220V To Three-Phase 380V Phase Converter | Transformer Factory - PINE-ZHENGXI<\/title>\n<meta name=\"robots\" content=\"index, follow, max-snippet:-1, max-image-preview:large, max-video-preview:-1\" \/>\n<link rel=\"canonical\" href=\"https:\/\/www.tronkiele.com\/it\/product\/single-phase-220v-to-three-phase-380v-phase-converter\/\" \/>\n<meta property=\"og:locale\" content=\"it_IT\" \/>\n<meta property=\"og:type\" content=\"article\" \/>\n<meta property=\"og:title\" content=\"Single-Phase 220V To Three-Phase 380V Phase Converter | Transformer Factory - PINE-ZHENGXI\" \/>\n<meta property=\"og:description\" content=\"The DZW series is a compact, high-performance Single-Phase To Three-Phase transformer alternative \u2014 a smart Phase Converter that turns ordinary 220V single-phase mains into reliable three-phase 380V power. Using advanced SVPWM (space-vector PWM) modulation together with rectification, frequency conversion, inversion and voltage boosting, the unit delivers a true three-phase sine wave with harmonic distortion below 2% and excellent transient response.\" \/>\n<meta property=\"og:url\" content=\"https:\/\/www.tronkiele.com\/it\/product\/single-phase-220v-to-three-phase-380v-phase-converter\/\" \/>\n<meta property=\"og:site_name\" content=\"PINE-ZHENGXI\" \/>\n<meta property=\"article:modified_time\" content=\"2025-10-07T06:26:16+00:00\" \/>\n<meta property=\"og:image\" content=\"https:\/\/www.tronkiele.com\/wp-content\/uploads\/2025\/09\/Single-220V-to-Three-phase-Voltage-Converter.webp\" \/>\n\t<meta property=\"og:image:width\" content=\"800\" \/>\n\t<meta property=\"og:image:height\" content=\"800\" \/>\n\t<meta property=\"og:image:type\" content=\"image\/webp\" \/>\n<meta name=\"twitter:card\" content=\"summary_large_image\" \/>\n<meta name=\"twitter:label1\" content=\"Tempo di lettura stimato\" \/>\n\t<meta name=\"twitter:data1\" content=\"3 minuti\" \/>\n<script type=\"application\/ld+json\" class=\"yoast-schema-graph\">{\"@context\":\"https:\/\/schema.org\",\"@graph\":[{\"@type\":\"WebPage\",\"@id\":\"https:\/\/www.tronkiele.com\/product\/single-phase-220v-to-three-phase-380v-phase-converter\/\",\"url\":\"https:\/\/www.tronkiele.com\/product\/single-phase-220v-to-three-phase-380v-phase-converter\/\",\"name\":\"Single-Phase 220V To Three-Phase 380V Phase Converter | Transformer Factory - PINE-ZHENGXI\",\"isPartOf\":{\"@id\":\"https:\/\/www.tronkiele.com\/#website\"},\"primaryImageOfPage\":{\"@id\":\"https:\/\/www.tronkiele.com\/product\/single-phase-220v-to-three-phase-380v-phase-converter\/#primaryimage\"},\"image\":{\"@id\":\"https:\/\/www.tronkiele.com\/product\/single-phase-220v-to-three-phase-380v-phase-converter\/#primaryimage\"},\"thumbnailUrl\":\"https:\/\/www.tronkiele.com\/wp-content\/uploads\/2025\/09\/Single-220V-to-Three-phase-Voltage-Converter.webp\",\"datePublished\":\"2025-10-04T02:43:33+00:00\",\"dateModified\":\"2025-10-07T06:26:16+00:00\",\"breadcrumb\":{\"@id\":\"https:\/\/www.tronkiele.com\/product\/single-phase-220v-to-three-phase-380v-phase-converter\/#breadcrumb\"},\"inLanguage\":\"it-IT\",\"potentialAction\":[{\"@type\":\"ReadAction\",\"target\":[\"https:\/\/www.tronkiele.com\/product\/single-phase-220v-to-three-phase-380v-phase-converter\/\"]}]},{\"@type\":\"ImageObject\",\"inLanguage\":\"it-IT\",\"@id\":\"https:\/\/www.tronkiele.com\/product\/single-phase-220v-to-three-phase-380v-phase-converter\/#primaryimage\",\"url\":\"https:\/\/www.tronkiele.com\/wp-content\/uploads\/2025\/09\/Single-220V-to-Three-phase-Voltage-Converter.webp\",\"contentUrl\":\"https:\/\/www.tronkiele.com\/wp-content\/uploads\/2025\/09\/Single-220V-to-Three-phase-Voltage-Converter.webp\",\"width\":800,\"height\":800,\"caption\":\"Single 220V to Three phase Voltage Converter\"},{\"@type\":\"BreadcrumbList\",\"@id\":\"https:\/\/www.tronkiele.com\/product\/single-phase-220v-to-three-phase-380v-phase-converter\/#breadcrumb\",\"itemListElement\":[{\"@type\":\"ListItem\",\"position\":1,\"name\":\"Home\",\"item\":\"https:\/\/www.tronkiele.com\/\"},{\"@type\":\"ListItem\",\"position\":2,\"name\":\"Products\",\"item\":\"https:\/\/www.tronkiele.com\/shop\/\"},{\"@type\":\"ListItem\",\"position\":3,\"name\":\"Single-Phase 220V To Three-Phase 380V Phase Converter\"}]},{\"@type\":\"WebSite\",\"@id\":\"https:\/\/www.tronkiele.com\/#website\",\"url\":\"https:\/\/www.tronkiele.com\/\",\"name\":\"PINE-ZHENGXI\",\"description\":\"\",\"publisher\":{\"@id\":\"https:\/\/www.tronkiele.com\/#organization\"},\"potentialAction\":[{\"@type\":\"SearchAction\",\"target\":{\"@type\":\"EntryPoint\",\"urlTemplate\":\"https:\/\/www.tronkiele.com\/?s={search_term_string}\"},\"query-input\":{\"@type\":\"PropertyValueSpecification\",\"valueRequired\":true,\"valueName\":\"search_term_string\"}}],\"inLanguage\":\"it-IT\"},{\"@type\":\"Organization\",\"@id\":\"https:\/\/www.tronkiele.com\/#organization\",\"name\":\"PINE-ZHENGXI\",\"url\":\"https:\/\/www.tronkiele.com\/\",\"logo\":{\"@type\":\"ImageObject\",\"inLanguage\":\"it-IT\",\"@id\":\"https:\/\/www.tronkiele.com\/#\/schema\/logo\/image\/\",\"url\":\"https:\/\/www.tronkiele.com\/wp-content\/uploads\/2024\/11\/cropped-tronki.webp\",\"contentUrl\":\"https:\/\/www.tronkiele.com\/wp-content\/uploads\/2024\/11\/cropped-tronki.webp\",\"width\":512,\"height\":512,\"caption\":\"PINE-ZHENGXI\"},\"image\":{\"@id\":\"https:\/\/www.tronkiele.com\/#\/schema\/logo\/image\/\"}}]}<\/script>\n<!-- \/ Yoast SEO plugin. -->","yoast_head_json":{"title":"Convertitore di fase monofase 220V a tre fasi 380V | Fabbrica del trasformatore - PINE-ZHENGXI","robots":{"index":"index","follow":"follow","max-snippet":"max-snippet:-1","max-image-preview":"max-image-preview:large","max-video-preview":"max-video-preview:-1"},"canonical":"https:\/\/www.tronkiele.com\/it\/product\/single-phase-220v-to-three-phase-380v-phase-converter\/","og_locale":"it_IT","og_type":"article","og_title":"Single-Phase 220V To Three-Phase 380V Phase Converter | Transformer Factory - PINE-ZHENGXI","og_description":"The DZW series is a compact, high-performance Single-Phase To Three-Phase transformer alternative \u2014 a smart Phase Converter that turns ordinary 220V single-phase mains into reliable three-phase 380V power. Using advanced SVPWM (space-vector PWM) modulation together with rectification, frequency conversion, inversion and voltage boosting, the unit delivers a true three-phase sine wave with harmonic distortion below 2% and excellent transient response.","og_url":"https:\/\/www.tronkiele.com\/it\/product\/single-phase-220v-to-three-phase-380v-phase-converter\/","og_site_name":"PINE-ZHENGXI","article_modified_time":"2025-10-07T06:26:16+00:00","og_image":[{"width":800,"height":800,"url":"https:\/\/www.tronkiele.com\/wp-content\/uploads\/2025\/09\/Single-220V-to-Three-phase-Voltage-Converter.webp","type":"image\/webp"}],"twitter_card":"summary_large_image","twitter_misc":{"Tempo di lettura stimato":"3 minuti"},"schema":{"@context":"https:\/\/schema.org","@graph":[{"@type":"WebPage","@id":"https:\/\/www.tronkiele.com\/product\/single-phase-220v-to-three-phase-380v-phase-converter\/","url":"https:\/\/www.tronkiele.com\/product\/single-phase-220v-to-three-phase-380v-phase-converter\/","name":"Convertitore di fase monofase 220V a tre fasi 380V | Fabbrica del trasformatore - PINE-ZHENGXI","isPartOf":{"@id":"https:\/\/www.tronkiele.com\/#website"},"primaryImageOfPage":{"@id":"https:\/\/www.tronkiele.com\/product\/single-phase-220v-to-three-phase-380v-phase-converter\/#primaryimage"},"image":{"@id":"https:\/\/www.tronkiele.com\/product\/single-phase-220v-to-three-phase-380v-phase-converter\/#primaryimage"},"thumbnailUrl":"https:\/\/www.tronkiele.com\/wp-content\/uploads\/2025\/09\/Single-220V-to-Three-phase-Voltage-Converter.webp","datePublished":"2025-10-04T02:43:33+00:00","dateModified":"2025-10-07T06:26:16+00:00","breadcrumb":{"@id":"https:\/\/www.tronkiele.com\/product\/single-phase-220v-to-three-phase-380v-phase-converter\/#breadcrumb"},"inLanguage":"it-IT","potentialAction":[{"@type":"ReadAction","target":["https:\/\/www.tronkiele.com\/product\/single-phase-220v-to-three-phase-380v-phase-converter\/"]}]},{"@type":"ImageObject","inLanguage":"it-IT","@id":"https:\/\/www.tronkiele.com\/product\/single-phase-220v-to-three-phase-380v-phase-converter\/#primaryimage","url":"https:\/\/www.tronkiele.com\/wp-content\/uploads\/2025\/09\/Single-220V-to-Three-phase-Voltage-Converter.webp","contentUrl":"https:\/\/www.tronkiele.com\/wp-content\/uploads\/2025\/09\/Single-220V-to-Three-phase-Voltage-Converter.webp","width":800,"height":800,"caption":"Single 220V to Three phase Voltage Converter"},{"@type":"BreadcrumbList","@id":"https:\/\/www.tronkiele.com\/product\/single-phase-220v-to-three-phase-380v-phase-converter\/#breadcrumb","itemListElement":[{"@type":"ListItem","position":1,"name":"Home","item":"https:\/\/www.tronkiele.com\/"},{"@type":"ListItem","position":2,"name":"Products","item":"https:\/\/www.tronkiele.com\/shop\/"},{"@type":"ListItem","position":3,"name":"Single-Phase 220V To Three-Phase 380V Phase Converter"}]},{"@type":"WebSite","@id":"https:\/\/www.tronkiele.com\/#website","url":"https:\/\/www.tronkiele.com\/","name":"PINO-ZHENGXI","description":"","publisher":{"@id":"https:\/\/www.tronkiele.com\/#organization"},"potentialAction":[{"@type":"SearchAction","target":{"@type":"EntryPoint","urlTemplate":"https:\/\/www.tronkiele.com\/?s={search_term_string}"},"query-input":{"@type":"PropertyValueSpecification","valueRequired":true,"valueName":"search_term_string"}}],"inLanguage":"it-IT"},{"@type":"Organization","@id":"https:\/\/www.tronkiele.com\/#organization","name":"PINO-ZHENGXI","url":"https:\/\/www.tronkiele.com\/","logo":{"@type":"ImageObject","inLanguage":"it-IT","@id":"https:\/\/www.tronkiele.com\/#\/schema\/logo\/image\/","url":"https:\/\/www.tronkiele.com\/wp-content\/uploads\/2024\/11\/cropped-tronki.webp","contentUrl":"https:\/\/www.tronkiele.com\/wp-content\/uploads\/2024\/11\/cropped-tronki.webp","width":512,"height":512,"caption":"PINE-ZHENGXI"},"image":{"@id":"https:\/\/www.tronkiele.com\/#\/schema\/logo\/image\/"}}]}},"_links":{"self":[{"href":"https:\/\/www.tronkiele.com\/it\/wp-json\/wp\/v2\/product\/22067","targetHints":{"allow":["GET"]}}],"collection":[{"href":"https:\/\/www.tronkiele.com\/it\/wp-json\/wp\/v2\/product"}],"about":[{"href":"https:\/\/www.tronkiele.com\/it\/wp-json\/wp\/v2\/types\/product"}],"version-history":[{"count":2,"href":"https:\/\/www.tronkiele.com\/it\/wp-json\/wp\/v2\/product\/22067\/revisions"}],"predecessor-version":[{"id":22071,"href":"https:\/\/www.tronkiele.com\/it\/wp-json\/wp\/v2\/product\/22067\/revisions\/22071"}],"wp:featuredmedia":[{"embeddable":true,"href":"https:\/\/www.tronkiele.com\/it\/wp-json\/wp\/v2\/media\/22068"}],"wp:attachment":[{"href":"https:\/\/www.tronkiele.com\/it\/wp-json\/wp\/v2\/media?parent=22067"}],"wp:term":[{"taxonomy":"product_brand","embeddable":true,"href":"https:\/\/www.tronkiele.com\/it\/wp-json\/wp\/v2\/product_brand?post=22067"},{"taxonomy":"product_cat","embeddable":true,"href":"https:\/\/www.tronkiele.com\/it\/wp-json\/wp\/v2\/product_cat?post=22067"},{"taxonomy":"product_tag","embeddable":true,"href":"https:\/\/www.tronkiele.com\/it\/wp-json\/wp\/v2\/product_tag?post=22067"}],"curies":[{"name":"wp","href":"https:\/\/api.w.org\/{rel}","templated":true}]}}