{"id":22200,"date":"2025-10-17T06:56:46","date_gmt":"2025-10-17T06:56:46","guid":{"rendered":"https:\/\/www.tronkiele.com\/?post_type=product&#038;p=22200"},"modified":"2025-10-17T06:58:53","modified_gmt":"2025-10-17T06:58:53","slug":"single-phase-toroidal-isolation-transformer","status":"publish","type":"product","link":"https:\/\/www.tronkiele.com\/it\/product\/single-phase-toroidal-isolation-transformer\/","title":{"rendered":"Trasformatore di isolamento toroidale monofase da 220v a 220v con 2 prese di uscita"},"content":{"rendered":"<h2>Caratteristiche principali<\/h2>\n<p><strong>1. Prestazioni di puro isolamento<\/strong><\/p>\n<p>Fornisce l'isolamento elettrico tra l'ingresso e l'uscita, eliminando il rumore elettrico e riducendo la distorsione armonica.<br \/>\nGarantendo una tensione di uscita pura di 220 V, la tensione \u00e8 completamente isolata dall'ingresso, il che lo rende ideale per le apparecchiature elettroniche delicate.<\/p>\n<p><strong>2. Design toroidale ad alta efficienza<\/strong><\/p>\n<p>Rispetto ai trasformatori laminati tradizionali, la struttura del nucleo toroidale riduce al minimo le perdite magnetiche, migliora l'efficienza di conversione dell'energia e riduce dimensioni e peso.<\/p>\n<p>Funzionamento silenzioso, basse vibrazioni e bassa generazione di calore.<\/p>\n<p><strong>3. Display intelligente ad alta definizione<\/strong><\/p>\n<p>Dotato di un luminoso schermo LCD, visualizza chiaramente la tensione, il carico e lo stato di funzionamento in tempo reale, facilitando il monitoraggio delle prestazioni del sistema.<\/p>\n<p><strong>4. Sei funzioni di protezione principali<\/strong><\/p>\n<p>Protezione da sovratensione, protezione da sovraccarico, protezione da sovratemperatura, protezione da ritardo temporale, protezione da cortocircuito, soppressione delle sovratensioni all'accensione<br \/>\nQueste caratteristiche garantiscono un funzionamento sicuro, affidabile e stabile in tutte le condizioni.<\/p>\n<p><strong>5. Costruzione sicura e durevole<\/strong><\/p>\n<p>Realizzato con avvolgimenti in rame di alta qualit\u00e0 e materiali ad alto isolamento, offre una lunga durata. Adatto al funzionamento continuo in ambienti residenziali e commerciali.<\/p>\n<h2>Parametri tecnici<\/h2>\n<table>\n<tbody>\n<tr>\n<td width=\"19.8800%\">Capacit\u00e0<\/td>\n<td width=\"22.2000%\">AFT-300W<\/td>\n<td width=\"18.5400%\">AFT-500W<\/td>\n<td width=\"18.5800%\">AFT-1000W<\/td>\n<td width=\"18.5800%\">AFT-2000W<\/td>\n<\/tr>\n<tr>\n<td width=\"19.8800%\">Max-Power<\/td>\n<td width=\"22.2000%\">270W<\/td>\n<td width=\"18.5400%\">450W<\/td>\n<td width=\"18.5800%\">900W<\/td>\n<td width=\"18.5800%\">1800W<\/td>\n<\/tr>\n<tr>\n<td width=\"19.8800%\">Peso<\/td>\n<td width=\"22.2000%\">13,23LB<\/td>\n<td width=\"18.5400%\">17,6LB<\/td>\n<td width=\"18.5800%\">21LB<\/td>\n<td width=\"18.5800%\">33LB<\/td>\n<\/tr>\n<tr>\n<td width=\"19.8800%\">Tensione di ingresso<\/td>\n<td colspan=\"4\" width=\"79.0200%\">monofase AC110-120v\u3001AC220V o personalizzabile<\/td>\n<\/tr>\n<tr>\n<td width=\"19.8800%\">Dimensione<\/td>\n<td colspan=\"3\" width=\"60.0600%\">11,8 * 7,1 * 5,1 pollici<\/td>\n<td width=\"18.5800%\">12*8.3*8.3<\/td>\n<\/tr>\n<tr>\n<td width=\"19.8800%\">Tensione di uscita<\/td>\n<td colspan=\"4\" width=\"79.0200%\">monofase AC110-120v \u3001AC220V o personalizzabile<\/td>\n<\/tr>\n<tr>\n<td width=\"19.8800%\">Resistenza all'isolamento<\/td>\n<td colspan=\"4\" width=\"79.0200%\">\u22655M\u03a9<\/td>\n<\/tr>\n<tr>\n<td width=\"19.8800%\">Frequenza:<\/td>\n<td colspan=\"4\" width=\"79.0200%\">50\/60HZ<\/td>\n<\/tr>\n<tr>\n<td width=\"19.8800%\">Corrente nominale<\/td>\n<td colspan=\"4\" width=\"79.0200%\">2.28A<\/td>\n<\/tr>\n<tr>\n<td width=\"19.8800%\">Temperatura di lavoro<\/td>\n<td colspan=\"4\" width=\"79.0200%\">limite superiore 40\u00b0C, limite inferiore -20\u00b0C<\/td>\n<\/tr>\n<tr>\n<td width=\"19.8800%\">Umidit\u00e0 relativa<\/td>\n<td colspan=\"4\" width=\"79.0200%\">non pi\u00f9 di 90%<\/td>\n<\/tr>\n<tr>\n<td width=\"19.8800%\">Altitudine<\/td>\n<td colspan=\"4\" width=\"79.0200%\">non pi\u00f9 di 2000m<\/td>\n<\/tr>\n<\/tbody>\n<\/table>\n<h2>Applicazioni<\/h2>\n<ul>\n<li>Apparecchiature e studi audio: Migliorare la qualit\u00e0 del suono e ridurre le interferenze acustiche.<\/li>\n<li>Laboratori e banchi di prova: Fornire alimentazione pulita e isolata agli strumenti di precisione.<\/li>\n<li>Apparecchiature mediche: Garantire l'isolamento sicuro delle apparecchiature elettroniche sensibili.<\/li>\n<li>Automazione industriale: Proteggere PLC, sensori e pannelli di controllo dalle fluttuazioni di tensione. Per la casa o l'ufficio: Fornisce energia pulita a computer, amplificatori e sistemi AV.<\/li>\n<\/ul>\n<h2>Perch\u00e9 scegliere i trasformatori di isolamento Zhengxi?<\/h2>\n<p>Con decenni di esperienza nella produzione di trasformatori, Zhengxi \u00e8 un produttore affidabile di trasformatori toroidali di isolamento, al servizio di clienti industriali, commerciali e internazionali. I nostri trasformatori sono sottoposti a rigorosi controlli di qualit\u00e0 per garantire un'elevata affidabilit\u00e0, prestazioni costanti e conformit\u00e0 agli standard di sicurezza IEC e CE.<\/p>\n<p>Offriamo servizi di personalizzazione OEM e ODM, comprese le opzioni di tensione di ingresso\/uscita, i tipi di presa e le potenze nominali per soddisfare le esigenze specifiche del progetto.<\/p>\n<h2>Domande frequenti<\/h2>\n<p><strong>D1: Qual \u00e8 lo scopo di un trasformatore di isolamento da 220V a 220V?<\/strong><\/p>\n<p>R: Isola i carichi elettrici dalla fonte di alimentazione principale, eliminando i loop di massa, riducendo i disturbi e migliorando la sicurezza senza modificare i livelli di tensione.<\/p>\n<p><strong>D2: Quali sono i vantaggi dei trasformatori di isolamento toroidali rispetto ai tradizionali nuclei EI?<\/strong><\/p>\n<p>R: I trasformatori toroidali offrono maggiore efficienza, minore rumore, dimensioni ridotte e minori interferenze elettromagnetiche.<\/p>\n<p><strong>D3: Questo trasformatore pu\u00f2 essere personalizzato per diversi standard di spina o tensioni?<\/strong><\/p>\n<p>R: S\u00ec. Zhengxi pu\u00f2 fornire configurazioni di tensione e tipi di prese personalizzate in base agli standard della vostra zona o ai requisiti specifici del progetto.<\/p>\n<p><img fetchpriority=\"high\" decoding=\"async\" class=\"alignnone size-medium wp-image-22204\" src=\"https:\/\/www.tronkiele.com\/wp-content\/uploads\/2025\/10\/Brand-switch-One-click-Start-300x300.webp\" alt=\"Interruttore di marca Avvio con un clic\" width=\"300\" height=\"300\" srcset=\"https:\/\/www.tronkiele.com\/wp-content\/uploads\/2025\/10\/Brand-switch-One-click-Start-300x300.webp 300w, https:\/\/www.tronkiele.com\/wp-content\/uploads\/2025\/10\/Brand-switch-One-click-Start-150x150.webp 150w, https:\/\/www.tronkiele.com\/wp-content\/uploads\/2025\/10\/Brand-switch-One-click-Start-12x12.webp 12w, https:\/\/www.tronkiele.com\/wp-content\/uploads\/2025\/10\/Brand-switch-One-click-Start.webp 400w\" sizes=\"(max-width: 300px) 100vw, 300px\" \/> <img decoding=\"async\" class=\"alignnone size-medium wp-image-22205\" src=\"https:\/\/www.tronkiele.com\/wp-content\/uploads\/2025\/10\/Intelligent-liquid-crystal-display-300x300.webp\" alt=\"Display a cristalli liquidi intelligente\" width=\"300\" height=\"300\" srcset=\"https:\/\/www.tronkiele.com\/wp-content\/uploads\/2025\/10\/Intelligent-liquid-crystal-display-300x300.webp 300w, https:\/\/www.tronkiele.com\/wp-content\/uploads\/2025\/10\/Intelligent-liquid-crystal-display-150x150.webp 150w, https:\/\/www.tronkiele.com\/wp-content\/uploads\/2025\/10\/Intelligent-liquid-crystal-display-12x12.webp 12w, https:\/\/www.tronkiele.com\/wp-content\/uploads\/2025\/10\/Intelligent-liquid-crystal-display.webp 400w\" sizes=\"(max-width: 300px) 100vw, 300px\" \/> <img decoding=\"async\" class=\"alignnone size-medium wp-image-22206\" src=\"https:\/\/www.tronkiele.com\/wp-content\/uploads\/2025\/10\/Pure-copper-coil-Full-power-300x300.webp\" alt=\"Bobina in rame puro Piena potenza\" width=\"300\" height=\"300\" srcset=\"https:\/\/www.tronkiele.com\/wp-content\/uploads\/2025\/10\/Pure-copper-coil-Full-power-300x300.webp 300w, https:\/\/www.tronkiele.com\/wp-content\/uploads\/2025\/10\/Pure-copper-coil-Full-power-150x150.webp 150w, https:\/\/www.tronkiele.com\/wp-content\/uploads\/2025\/10\/Pure-copper-coil-Full-power-12x12.webp 12w, https:\/\/www.tronkiele.com\/wp-content\/uploads\/2025\/10\/Pure-copper-coil-Full-power.webp 400w\" sizes=\"(max-width: 300px) 100vw, 300px\" \/><\/p>\n<p>&nbsp;<\/p>","protected":false},"excerpt":{"rendered":"<p>Questo trasformatore di isolamento toroidale monofase da 220V a 220V \u00e8 stato realizzato per fornire ai dispositivi elettronici e audio delicati un'alimentazione pulita, costante e silenziosa. Isola efficacemente i disturbi e le interferenze elettriche grazie alla tecnologia del nucleo toroidale ad alta efficienza, garantendo il funzionamento ottimale e la sicurezza dei dispositivi collegati.<\/p>\n<p>Con due uscite e un display LCD HD intelligente, gli utenti possono tenere sotto controllo le condizioni operative, il carico e la tensione in tempo reale. Questo trasformatore di isolamento fornisce energia pulita, basse interferenze elettromagnetiche e affidabilit\u00e0 a lungo termine, sia che venga utilizzato in sistemi di controllo industriali, apparecchiature mediche, sistemi audio o laboratori.<\/p>","protected":false},"featured_media":22201,"template":"","meta":[],"product_brand":[],"product_cat":[98,42,99],"product_tag":[],"class_list":{"0":"post-22200","1":"product","2":"type-product","3":"status-publish","4":"has-post-thumbnail","6":"product_cat-isolation-transformer","7":"product_cat-low-voltage-transformer","8":"product_cat-single-phase-transformers","10":"first","11":"instock","12":"taxable","13":"shipping-taxable","14":"product-type-simple"},"yoast_head":"<!-- This site is optimized with the Yoast SEO plugin v25.0 - https:\/\/yoast.com\/wordpress\/plugins\/seo\/ -->\n<title>Single Phase Toroidal Isolation Transformer Manufacturer In China - PINE-ZHENGXI<\/title>\n<meta name=\"robots\" content=\"index, follow, max-snippet:-1, max-image-preview:large, max-video-preview:-1\" \/>\n<link rel=\"canonical\" href=\"https:\/\/www.tronkiele.com\/it\/product\/single-phase-toroidal-isolation-transformer\/\" \/>\n<meta property=\"og:locale\" content=\"it_IT\" \/>\n<meta property=\"og:type\" content=\"article\" \/>\n<meta property=\"og:title\" content=\"Single Phase Toroidal Isolation Transformer Manufacturer In China - PINE-ZHENGXI\" \/>\n<meta property=\"og:description\" content=\"This 220V to 220V single-phase toroidal isolation transformer is made to supply delicate electronic and audio devices with clean, steady, and noiseless power. It efficiently isolates electrical noise and interference using high-efficiency toroidal core technology, guaranteeing connected devices operate at their best and are safe.  With two outputs and a smart HD LCD display, users can effortlessly keep an eye on operating condition, load, and voltage in real time. This isolation transformer provides clean power, low electromagnetic interference, and long-term reliability whether it is utilized in industrial control systems, medical equipment, audio systems, or labs.\" \/>\n<meta property=\"og:url\" content=\"https:\/\/www.tronkiele.com\/it\/product\/single-phase-toroidal-isolation-transformer\/\" \/>\n<meta property=\"og:site_name\" content=\"PINE-ZHENGXI\" \/>\n<meta property=\"article:modified_time\" content=\"2025-10-17T06:58:53+00:00\" \/>\n<meta property=\"og:image\" content=\"https:\/\/www.tronkiele.com\/wp-content\/uploads\/2025\/10\/Single-Phase-Toroidal-Isolation-Transformer-220v-To-220v-With-2-Output-Sockets.webp\" \/>\n\t<meta property=\"og:image:width\" content=\"600\" \/>\n\t<meta property=\"og:image:height\" content=\"600\" \/>\n\t<meta property=\"og:image:type\" content=\"image\/webp\" \/>\n<meta name=\"twitter:card\" content=\"summary_large_image\" \/>\n<meta name=\"twitter:label1\" content=\"Tempo di lettura stimato\" \/>\n\t<meta name=\"twitter:data1\" content=\"3 minuti\" \/>\n<script type=\"application\/ld+json\" class=\"yoast-schema-graph\">{\"@context\":\"https:\/\/schema.org\",\"@graph\":[{\"@type\":\"WebPage\",\"@id\":\"https:\/\/www.tronkiele.com\/product\/single-phase-toroidal-isolation-transformer\/\",\"url\":\"https:\/\/www.tronkiele.com\/product\/single-phase-toroidal-isolation-transformer\/\",\"name\":\"Single Phase Toroidal Isolation Transformer Manufacturer In China - PINE-ZHENGXI\",\"isPartOf\":{\"@id\":\"https:\/\/www.tronkiele.com\/#website\"},\"primaryImageOfPage\":{\"@id\":\"https:\/\/www.tronkiele.com\/product\/single-phase-toroidal-isolation-transformer\/#primaryimage\"},\"image\":{\"@id\":\"https:\/\/www.tronkiele.com\/product\/single-phase-toroidal-isolation-transformer\/#primaryimage\"},\"thumbnailUrl\":\"https:\/\/www.tronkiele.com\/wp-content\/uploads\/2025\/10\/Single-Phase-Toroidal-Isolation-Transformer-220v-To-220v-With-2-Output-Sockets.webp\",\"datePublished\":\"2025-10-17T06:56:46+00:00\",\"dateModified\":\"2025-10-17T06:58:53+00:00\",\"breadcrumb\":{\"@id\":\"https:\/\/www.tronkiele.com\/product\/single-phase-toroidal-isolation-transformer\/#breadcrumb\"},\"inLanguage\":\"it-IT\",\"potentialAction\":[{\"@type\":\"ReadAction\",\"target\":[\"https:\/\/www.tronkiele.com\/product\/single-phase-toroidal-isolation-transformer\/\"]}]},{\"@type\":\"ImageObject\",\"inLanguage\":\"it-IT\",\"@id\":\"https:\/\/www.tronkiele.com\/product\/single-phase-toroidal-isolation-transformer\/#primaryimage\",\"url\":\"https:\/\/www.tronkiele.com\/wp-content\/uploads\/2025\/10\/Single-Phase-Toroidal-Isolation-Transformer-220v-To-220v-With-2-Output-Sockets.webp\",\"contentUrl\":\"https:\/\/www.tronkiele.com\/wp-content\/uploads\/2025\/10\/Single-Phase-Toroidal-Isolation-Transformer-220v-To-220v-With-2-Output-Sockets.webp\",\"width\":600,\"height\":600,\"caption\":\"Single Phase Toroidal Isolation Transformer 220v To 220v With 2 Output Sockets\"},{\"@type\":\"BreadcrumbList\",\"@id\":\"https:\/\/www.tronkiele.com\/product\/single-phase-toroidal-isolation-transformer\/#breadcrumb\",\"itemListElement\":[{\"@type\":\"ListItem\",\"position\":1,\"name\":\"Home\",\"item\":\"https:\/\/www.tronkiele.com\/\"},{\"@type\":\"ListItem\",\"position\":2,\"name\":\"Products\",\"item\":\"https:\/\/www.tronkiele.com\/shop\/\"},{\"@type\":\"ListItem\",\"position\":3,\"name\":\"Single Phase Toroidal Isolation Transformer 220v To 220v With 2 Output Sockets\"}]},{\"@type\":\"WebSite\",\"@id\":\"https:\/\/www.tronkiele.com\/#website\",\"url\":\"https:\/\/www.tronkiele.com\/\",\"name\":\"PINE-ZHENGXI\",\"description\":\"\",\"publisher\":{\"@id\":\"https:\/\/www.tronkiele.com\/#organization\"},\"potentialAction\":[{\"@type\":\"SearchAction\",\"target\":{\"@type\":\"EntryPoint\",\"urlTemplate\":\"https:\/\/www.tronkiele.com\/?s={search_term_string}\"},\"query-input\":{\"@type\":\"PropertyValueSpecification\",\"valueRequired\":true,\"valueName\":\"search_term_string\"}}],\"inLanguage\":\"it-IT\"},{\"@type\":\"Organization\",\"@id\":\"https:\/\/www.tronkiele.com\/#organization\",\"name\":\"PINE-ZHENGXI\",\"url\":\"https:\/\/www.tronkiele.com\/\",\"logo\":{\"@type\":\"ImageObject\",\"inLanguage\":\"it-IT\",\"@id\":\"https:\/\/www.tronkiele.com\/#\/schema\/logo\/image\/\",\"url\":\"https:\/\/www.tronkiele.com\/wp-content\/uploads\/2024\/11\/cropped-tronki.webp\",\"contentUrl\":\"https:\/\/www.tronkiele.com\/wp-content\/uploads\/2024\/11\/cropped-tronki.webp\",\"width\":512,\"height\":512,\"caption\":\"PINE-ZHENGXI\"},\"image\":{\"@id\":\"https:\/\/www.tronkiele.com\/#\/schema\/logo\/image\/\"}}]}<\/script>\n<!-- \/ Yoast SEO plugin. -->","yoast_head_json":{"title":"Trasformatore toroidale monofase di isolamento produttore in Cina - PINE-ZHENGXI","robots":{"index":"index","follow":"follow","max-snippet":"max-snippet:-1","max-image-preview":"max-image-preview:large","max-video-preview":"max-video-preview:-1"},"canonical":"https:\/\/www.tronkiele.com\/it\/product\/single-phase-toroidal-isolation-transformer\/","og_locale":"it_IT","og_type":"article","og_title":"Single Phase Toroidal Isolation Transformer Manufacturer In China - PINE-ZHENGXI","og_description":"This 220V to 220V single-phase toroidal isolation transformer is made to supply delicate electronic and audio devices with clean, steady, and noiseless power. It efficiently isolates electrical noise and interference using high-efficiency toroidal core technology, guaranteeing connected devices operate at their best and are safe.  With two outputs and a smart HD LCD display, users can effortlessly keep an eye on operating condition, load, and voltage in real time. This isolation transformer provides clean power, low electromagnetic interference, and long-term reliability whether it is utilized in industrial control systems, medical equipment, audio systems, or labs.","og_url":"https:\/\/www.tronkiele.com\/it\/product\/single-phase-toroidal-isolation-transformer\/","og_site_name":"PINE-ZHENGXI","article_modified_time":"2025-10-17T06:58:53+00:00","og_image":[{"width":600,"height":600,"url":"https:\/\/www.tronkiele.com\/wp-content\/uploads\/2025\/10\/Single-Phase-Toroidal-Isolation-Transformer-220v-To-220v-With-2-Output-Sockets.webp","type":"image\/webp"}],"twitter_card":"summary_large_image","twitter_misc":{"Tempo di lettura stimato":"3 minuti"},"schema":{"@context":"https:\/\/schema.org","@graph":[{"@type":"WebPage","@id":"https:\/\/www.tronkiele.com\/product\/single-phase-toroidal-isolation-transformer\/","url":"https:\/\/www.tronkiele.com\/product\/single-phase-toroidal-isolation-transformer\/","name":"Trasformatore toroidale monofase di isolamento produttore in Cina - PINE-ZHENGXI","isPartOf":{"@id":"https:\/\/www.tronkiele.com\/#website"},"primaryImageOfPage":{"@id":"https:\/\/www.tronkiele.com\/product\/single-phase-toroidal-isolation-transformer\/#primaryimage"},"image":{"@id":"https:\/\/www.tronkiele.com\/product\/single-phase-toroidal-isolation-transformer\/#primaryimage"},"thumbnailUrl":"https:\/\/www.tronkiele.com\/wp-content\/uploads\/2025\/10\/Single-Phase-Toroidal-Isolation-Transformer-220v-To-220v-With-2-Output-Sockets.webp","datePublished":"2025-10-17T06:56:46+00:00","dateModified":"2025-10-17T06:58:53+00:00","breadcrumb":{"@id":"https:\/\/www.tronkiele.com\/product\/single-phase-toroidal-isolation-transformer\/#breadcrumb"},"inLanguage":"it-IT","potentialAction":[{"@type":"ReadAction","target":["https:\/\/www.tronkiele.com\/product\/single-phase-toroidal-isolation-transformer\/"]}]},{"@type":"ImageObject","inLanguage":"it-IT","@id":"https:\/\/www.tronkiele.com\/product\/single-phase-toroidal-isolation-transformer\/#primaryimage","url":"https:\/\/www.tronkiele.com\/wp-content\/uploads\/2025\/10\/Single-Phase-Toroidal-Isolation-Transformer-220v-To-220v-With-2-Output-Sockets.webp","contentUrl":"https:\/\/www.tronkiele.com\/wp-content\/uploads\/2025\/10\/Single-Phase-Toroidal-Isolation-Transformer-220v-To-220v-With-2-Output-Sockets.webp","width":600,"height":600,"caption":"Single Phase Toroidal Isolation Transformer 220v To 220v With 2 Output Sockets"},{"@type":"BreadcrumbList","@id":"https:\/\/www.tronkiele.com\/product\/single-phase-toroidal-isolation-transformer\/#breadcrumb","itemListElement":[{"@type":"ListItem","position":1,"name":"Home","item":"https:\/\/www.tronkiele.com\/"},{"@type":"ListItem","position":2,"name":"Products","item":"https:\/\/www.tronkiele.com\/shop\/"},{"@type":"ListItem","position":3,"name":"Single Phase Toroidal Isolation Transformer 220v To 220v With 2 Output Sockets"}]},{"@type":"WebSite","@id":"https:\/\/www.tronkiele.com\/#website","url":"https:\/\/www.tronkiele.com\/","name":"PINO-ZHENGXI","description":"","publisher":{"@id":"https:\/\/www.tronkiele.com\/#organization"},"potentialAction":[{"@type":"SearchAction","target":{"@type":"EntryPoint","urlTemplate":"https:\/\/www.tronkiele.com\/?s={search_term_string}"},"query-input":{"@type":"PropertyValueSpecification","valueRequired":true,"valueName":"search_term_string"}}],"inLanguage":"it-IT"},{"@type":"Organization","@id":"https:\/\/www.tronkiele.com\/#organization","name":"PINO-ZHENGXI","url":"https:\/\/www.tronkiele.com\/","logo":{"@type":"ImageObject","inLanguage":"it-IT","@id":"https:\/\/www.tronkiele.com\/#\/schema\/logo\/image\/","url":"https:\/\/www.tronkiele.com\/wp-content\/uploads\/2024\/11\/cropped-tronki.webp","contentUrl":"https:\/\/www.tronkiele.com\/wp-content\/uploads\/2024\/11\/cropped-tronki.webp","width":512,"height":512,"caption":"PINE-ZHENGXI"},"image":{"@id":"https:\/\/www.tronkiele.com\/#\/schema\/logo\/image\/"}}]}},"_links":{"self":[{"href":"https:\/\/www.tronkiele.com\/it\/wp-json\/wp\/v2\/product\/22200","targetHints":{"allow":["GET"]}}],"collection":[{"href":"https:\/\/www.tronkiele.com\/it\/wp-json\/wp\/v2\/product"}],"about":[{"href":"https:\/\/www.tronkiele.com\/it\/wp-json\/wp\/v2\/types\/product"}],"version-history":[{"count":3,"href":"https:\/\/www.tronkiele.com\/it\/wp-json\/wp\/v2\/product\/22200\/revisions"}],"predecessor-version":[{"id":22207,"href":"https:\/\/www.tronkiele.com\/it\/wp-json\/wp\/v2\/product\/22200\/revisions\/22207"}],"wp:featuredmedia":[{"embeddable":true,"href":"https:\/\/www.tronkiele.com\/it\/wp-json\/wp\/v2\/media\/22201"}],"wp:attachment":[{"href":"https:\/\/www.tronkiele.com\/it\/wp-json\/wp\/v2\/media?parent=22200"}],"wp:term":[{"taxonomy":"product_brand","embeddable":true,"href":"https:\/\/www.tronkiele.com\/it\/wp-json\/wp\/v2\/product_brand?post=22200"},{"taxonomy":"product_cat","embeddable":true,"href":"https:\/\/www.tronkiele.com\/it\/wp-json\/wp\/v2\/product_cat?post=22200"},{"taxonomy":"product_tag","embeddable":true,"href":"https:\/\/www.tronkiele.com\/it\/wp-json\/wp\/v2\/product_tag?post=22200"}],"curies":[{"name":"wp","href":"https:\/\/api.w.org\/{rel}","templated":true}]}}