{"id":22423,"date":"2026-01-07T07:43:49","date_gmt":"2026-01-07T07:43:49","guid":{"rendered":"https:\/\/www.tronkiele.com\/?post_type=product&#038;p=22423"},"modified":"2026-01-27T05:23:17","modified_gmt":"2026-01-27T05:23:17","slug":"3-phase-igbt-static-automatic-voltage-stabilizer","status":"publish","type":"product","link":"https:\/\/www.tronkiele.com\/it\/product\/3-phase-igbt-static-automatic-voltage-stabilizer\/","title":{"rendered":"Stabilizzatore automatico statico di tensione di IGBT di 3 fasi di ZBW 10Kva-4000Kva per le macchine di alta precisione"},"content":{"rendered":"<h2>Che cos'\u00e8 uno stabilizzatore di tensione statico IGBT?<\/h2>\n<p>A differenza dei tradizionali dispositivi di stabilizzazione per servomotori o rel\u00e8, la serie ZBW utilizza la regolazione statica IGBT (Insulated Gate Bipolar Transistor). Questa tecnologia \u00e8 ampiamente riconosciuta nel campo dell'energia ed \u00e8 citata negli standard IEEE e di automazione industriale.<\/p>\n<h3>Come funziona<\/h3>\n<ul>\n<li>Tiene continuamente traccia della tensione attraverso processi di campionamento digitale.<\/li>\n<li>\u00c8 un sistema di controllo ad alta velocit\u00e0 che attiva i moduli IGBT.<\/li>\n<li>La compensazione della tensione avviene in pochi millisecondi, senza alcun movimento meccanico.<\/li>\n<\/ul>\n<h3>Principali vantaggi della regolazione statica<\/h3>\n<ul>\n<li>Velocit\u00e0 di risposta ultra-rapida<\/li>\n<li>Nessuna usura meccanica, quindi una maggiore durata di vita<\/li>\n<li>Nessuna distorsione della forma d'onda aggiuntiva<\/li>\n<li>Elevata stabilit\u00e0 con frequenti fluttuazioni di tensione<\/li>\n<\/ul>\n<p>Questo rende lo stabilizzatore ZBW particolarmente utile nelle macchine CNC, nella lavorazione dei semiconduttori, nelle apparecchiature di elaborazione delle immagini mediche e nelle linee di assemblaggio automatizzate.<\/p>\n<h2>Specifiche tecniche<\/h2>\n<div class=\"TyagGW_tableContainer\">\n<div class=\"group TyagGW_tableWrapper flex w-fit flex-col-reverse\" tabindex=\"-1\">\n<table class=\"w-fit min-w-(--thread-content-width)\" data-start=\"4770\" data-end=\"5517\">\n<thead data-start=\"4770\" data-end=\"4799\">\n<tr data-start=\"4770\" data-end=\"4799\">\n<th data-start=\"4770\" data-end=\"4782\" data-col-size=\"sm\">Parametro<\/th>\n<th data-start=\"4782\" data-end=\"4799\" data-col-size=\"md\">Specifiche<\/th>\n<\/tr>\n<\/thead>\n<tbody data-start=\"4826\" data-end=\"5517\">\n<tr data-start=\"4826\" data-end=\"4857\">\n<td data-start=\"4826\" data-end=\"4834\" data-col-size=\"sm\">Modello<\/td>\n<td data-col-size=\"md\" data-start=\"4834\" data-end=\"4857\" data-imt_insert_failed=\"1\">ZBW-S-10kVA-4000kVA<\/td>\n<\/tr>\n<tr data-start=\"4858\" data-end=\"4881\">\n<td data-start=\"4858\" data-end=\"4866\" data-col-size=\"sm\">Fase<\/td>\n<td data-col-size=\"md\" data-start=\"4866\" data-end=\"4881\">Trifase<\/td>\n<\/tr>\n<tr data-start=\"4882\" data-end=\"4928\">\n<td data-start=\"4882\" data-end=\"4898\" data-col-size=\"sm\">Tensione di ingresso<\/td>\n<td data-col-size=\"md\" data-start=\"4898\" data-end=\"4928\">AC 304-456V (personalizzabile)<\/td>\n<\/tr>\n<tr data-start=\"4929\" data-end=\"4972\">\n<td data-start=\"4929\" data-end=\"4946\" data-col-size=\"sm\">Tensione di uscita<\/td>\n<td data-col-size=\"md\" data-start=\"4946\" data-end=\"4972\">AC 380V (personalizzabile)<\/td>\n<\/tr>\n<tr data-start=\"4973\" data-end=\"5000\">\n<td data-start=\"4973\" data-end=\"4985\" data-col-size=\"sm\">Frequenza<\/td>\n<td data-col-size=\"md\" data-start=\"4985\" data-end=\"5000\" data-imt_insert_failed=\"1\">50Hz \/ 60Hz<\/td>\n<\/tr>\n<tr data-start=\"5001\" data-end=\"5020\">\n<td data-start=\"5001\" data-end=\"5013\" data-col-size=\"sm\">Precisione<\/td>\n<td data-col-size=\"md\" data-start=\"5013\" data-end=\"5020\" data-imt_insert_failed=\"1\">\u00b11%<\/td>\n<\/tr>\n<tr data-start=\"5021\" data-end=\"5042\">\n<td data-start=\"5021\" data-end=\"5034\" data-col-size=\"sm\">Efficienza<\/td>\n<td data-col-size=\"md\" data-start=\"5034\" data-end=\"5042\" data-imt_insert_failed=\"1\">&gt;95%<\/td>\n<\/tr>\n<tr data-start=\"5043\" data-end=\"5081\">\n<td data-start=\"5043\" data-end=\"5058\" data-col-size=\"sm\">Tipo di controllo<\/td>\n<td data-col-size=\"md\" data-start=\"5058\" data-end=\"5081\">Controllo statico IGBT<\/td>\n<\/tr>\n<tr data-start=\"5082\" data-end=\"5153\">\n<td data-start=\"5082\" data-end=\"5100\" data-col-size=\"sm\">Display digitale<\/td>\n<td data-col-size=\"md\" data-start=\"5100\" data-end=\"5153\">Tensione di ingresso\/uscita, rapporto di carico, indicatore di guasto<\/td>\n<\/tr>\n<tr data-start=\"5154\" data-end=\"5211\">\n<td data-start=\"5154\" data-end=\"5176\" data-col-size=\"sm\">Distorsione della forma d'onda<\/td>\n<td data-col-size=\"md\" data-start=\"5176\" data-end=\"5211\">Nessuno (nessuna distorsione aggiuntiva)<\/td>\n<\/tr>\n<tr data-start=\"5212\" data-end=\"5244\">\n<td data-start=\"5212\" data-end=\"5236\" data-col-size=\"sm\">Resistenza all'isolamento<\/td>\n<td data-col-size=\"md\" data-start=\"5236\" data-end=\"5244\" data-imt_insert_failed=\"1\">\u22652M\u03a9<\/td>\n<\/tr>\n<tr data-start=\"5245\" data-end=\"5285\">\n<td data-start=\"5245\" data-end=\"5267\" data-col-size=\"sm\">Temperatura ambiente<\/td>\n<td data-col-size=\"md\" data-start=\"5267\" data-end=\"5285\">Da -10\u00b0C a +40\u00b0C<\/td>\n<\/tr>\n<tr data-start=\"5286\" data-end=\"5314\">\n<td data-start=\"5286\" data-end=\"5306\" data-col-size=\"sm\">Umidit\u00e0 relativa<\/td>\n<td data-col-size=\"md\" data-start=\"5306\" data-end=\"5314\" data-imt_insert_failed=\"1\">&lt;95%<\/td>\n<\/tr>\n<tr data-start=\"5315\" data-end=\"5400\">\n<td data-start=\"5315\" data-end=\"5328\" data-col-size=\"sm\">Protezione<\/td>\n<td data-col-size=\"md\" data-start=\"5328\" data-end=\"5400\">Sovratensione, sottotensione, sovraccarico, cortocircuito, sovratemperatura<\/td>\n<\/tr>\n<tr data-start=\"5401\" data-end=\"5458\">\n<td data-start=\"5401\" data-end=\"5420\" data-col-size=\"sm\">Protezione dal ritardo<\/td>\n<td data-col-size=\"md\" data-start=\"5420\" data-end=\"5458\">Personalizzabile (disattivato per impostazione predefinita)<\/td>\n<\/tr>\n<tr data-start=\"5459\" data-end=\"5517\">\n<td data-start=\"5459\" data-end=\"5481\" data-col-size=\"sm\">Dimensioni e peso<\/td>\n<td data-col-size=\"md\" data-start=\"5481\" data-end=\"5517\">Personalizzato per tensione e capacit\u00e0<\/td>\n<\/tr>\n<\/tbody>\n<\/table>\n<\/div>\n<\/div>\n<p data-start=\"5519\" data-end=\"5575\"><em data-start=\"5519\" data-end=\"5575\">Nota: le dimensioni e il peso variano a seconda della configurazione.<\/em><\/p>\n<h2>FAQ<\/h2>\n<p><strong>D1: Quali sono le funzionalit\u00e0 richieste in uno stabilizzatore ZBW ideale?<\/strong><\/p>\n<p>S\u00ec. \u00c8 preciso a \u00b11% senza distorsione della forma d'onda. \u00c8 particolarmente indicato per macchine CNC, strumenti medici e automazione.<\/p>\n<p><strong>D2: La tensione di ingresso e di uscita pu\u00f2 essere personalizzata?<\/strong><\/p>\n<p>Infatti. Anche la tensione di ingresso e di uscita pu\u00f2 essere adattata alle esigenze della rete locale o ai requisiti speciali della macchina. In questo modo, la flessibilit\u00e0 \u00e8 possibile in base alle esigenze specifiche.<\/p>\n<p><strong>D3: Lo stabilizzatore necessita di una manutenzione costante?<\/strong><\/p>\n<p>No. Grazie alla struttura statica a IGBT senza componenti in movimento, la necessit\u00e0 di interventi di manutenzione periodica \u00e8 limitata rispetto ai servo stabilizzatori.<\/p>","protected":false},"excerpt":{"rendered":"<p>ZBW 10Kva-4000Kva 3 fasi igbt statico automatico stabilizzatore di tensione per macchine di alta precisione<\/p>\n<p>La stabilit\u00e0 della tensione nelle moderne installazioni industriali non \u00e8 pi\u00f9 un lusso, ma un requisito imperativo per la precisione, l'efficienza e la durata. Lo stabilizzatore di tensione automatico statico IGBT trifase della serie ZBW, con capacit\u00e0 da 10kVA a 4000kVA, prodotto da ZHENGXI, \u00e8 progettato specificamente per una regolazione della tensione precisa, accurata e priva di distorsioni per le macchine di alta precisione in presenza di condizioni di alimentazione instabili.<\/p>\n<p>Lo stabilizzatore ZBW, che utilizza una tecnologia all'avanguardia nel controllo statico degli IGBT, fornisce una tensione di uscita stabile anche in presenza di fluttuazioni significative della potenza in ingresso, rendendolo un dispositivo molto affidabile ed efficiente, soprattutto per le industrie con tempi di arresto minimi.<\/p>","protected":false},"featured_media":22424,"template":"","meta":[],"product_brand":[],"product_cat":[103,107,109],"product_tag":[],"class_list":{"0":"post-22423","1":"product","2":"type-product","3":"status-publish","4":"has-post-thumbnail","6":"product_cat-ac-voltage-stabilizer","7":"product_cat-static-voltage-stabilizer","8":"product_cat-three-phase-stabilizer","10":"first","11":"instock","12":"taxable","13":"shipping-taxable","14":"product-type-simple"},"yoast_head":"<!-- This site is optimized with the Yoast SEO plugin v25.0 - https:\/\/yoast.com\/wordpress\/plugins\/seo\/ -->\n<title>ZBW 10Kva-4000Kva 3 Phase IGBT Static Automatic Voltage Stabilizer For High-Precision Machines - PINE-ZHENGXI<\/title>\n<meta name=\"robots\" content=\"index, follow, max-snippet:-1, max-image-preview:large, max-video-preview:-1\" \/>\n<link rel=\"canonical\" href=\"https:\/\/www.tronkiele.com\/it\/product\/3-phase-igbt-static-automatic-voltage-stabilizer\/\" \/>\n<meta property=\"og:locale\" content=\"it_IT\" \/>\n<meta property=\"og:type\" content=\"article\" \/>\n<meta property=\"og:title\" content=\"ZBW 10Kva-4000Kva 3 Phase IGBT Static Automatic Voltage Stabilizer For High-Precision Machines - PINE-ZHENGXI\" \/>\n<meta property=\"og:description\" content=\"ZBW 10Kva-4000Kva 3 phase igbt static automatic voltage stabilizer for High-Precision Machines  Voltage stability in modern industrial setups is no longer a luxury but an imperative requirement for precision, efficiency, and longevity. The ZBW Series 3 Phase IGBT Static Automatic Voltage Stabilizer, with capacities ranging from 10kVA to 4000kVA, manufactured by ZHENGXI, is specifically designed for precise, accurate, and distortion-free voltage regulation for high-precision machines when dealing with unstable power conditions.  The ZBW Stabilizer, which uses cutting-edge technology in IGBT Static Control, will provide a stable output voltage even when there are significant fluctuations in the input power, making this a very reliable and efficient device especially for industries with minimal shutdown times.\" \/>\n<meta property=\"og:url\" content=\"https:\/\/www.tronkiele.com\/it\/product\/3-phase-igbt-static-automatic-voltage-stabilizer\/\" \/>\n<meta property=\"og:site_name\" content=\"PINE-ZHENGXI\" \/>\n<meta property=\"article:modified_time\" content=\"2026-01-27T05:23:17+00:00\" \/>\n<meta property=\"og:image\" content=\"https:\/\/www.tronkiele.com\/wp-content\/uploads\/2026\/01\/ZBW-10Kva-4000Kva-3-Phase-IGBT-Static-Automatic-Voltage-Stabilizer-For-High-Precision-Machines.webp\" \/>\n\t<meta property=\"og:image:width\" content=\"800\" \/>\n\t<meta property=\"og:image:height\" content=\"800\" \/>\n\t<meta property=\"og:image:type\" content=\"image\/webp\" \/>\n<meta name=\"twitter:card\" content=\"summary_large_image\" \/>\n<meta name=\"twitter:label1\" content=\"Tempo di lettura stimato\" \/>\n\t<meta name=\"twitter:data1\" content=\"2 minuti\" \/>\n<script type=\"application\/ld+json\" class=\"yoast-schema-graph\">{\"@context\":\"https:\/\/schema.org\",\"@graph\":[{\"@type\":\"WebPage\",\"@id\":\"https:\/\/www.tronkiele.com\/product\/3-phase-igbt-static-automatic-voltage-stabilizer\/\",\"url\":\"https:\/\/www.tronkiele.com\/product\/3-phase-igbt-static-automatic-voltage-stabilizer\/\",\"name\":\"ZBW 10Kva-4000Kva 3 Phase IGBT Static Automatic Voltage Stabilizer For High-Precision Machines - PINE-ZHENGXI\",\"isPartOf\":{\"@id\":\"https:\/\/www.tronkiele.com\/#website\"},\"primaryImageOfPage\":{\"@id\":\"https:\/\/www.tronkiele.com\/product\/3-phase-igbt-static-automatic-voltage-stabilizer\/#primaryimage\"},\"image\":{\"@id\":\"https:\/\/www.tronkiele.com\/product\/3-phase-igbt-static-automatic-voltage-stabilizer\/#primaryimage\"},\"thumbnailUrl\":\"https:\/\/www.tronkiele.com\/wp-content\/uploads\/2026\/01\/ZBW-10Kva-4000Kva-3-Phase-IGBT-Static-Automatic-Voltage-Stabilizer-For-High-Precision-Machines.webp\",\"datePublished\":\"2026-01-07T07:43:49+00:00\",\"dateModified\":\"2026-01-27T05:23:17+00:00\",\"breadcrumb\":{\"@id\":\"https:\/\/www.tronkiele.com\/product\/3-phase-igbt-static-automatic-voltage-stabilizer\/#breadcrumb\"},\"inLanguage\":\"it-IT\",\"potentialAction\":[{\"@type\":\"ReadAction\",\"target\":[\"https:\/\/www.tronkiele.com\/product\/3-phase-igbt-static-automatic-voltage-stabilizer\/\"]}]},{\"@type\":\"ImageObject\",\"inLanguage\":\"it-IT\",\"@id\":\"https:\/\/www.tronkiele.com\/product\/3-phase-igbt-static-automatic-voltage-stabilizer\/#primaryimage\",\"url\":\"https:\/\/www.tronkiele.com\/wp-content\/uploads\/2026\/01\/ZBW-10Kva-4000Kva-3-Phase-IGBT-Static-Automatic-Voltage-Stabilizer-For-High-Precision-Machines.webp\",\"contentUrl\":\"https:\/\/www.tronkiele.com\/wp-content\/uploads\/2026\/01\/ZBW-10Kva-4000Kva-3-Phase-IGBT-Static-Automatic-Voltage-Stabilizer-For-High-Precision-Machines.webp\",\"width\":800,\"height\":800,\"caption\":\"ZBW 10Kva-4000Kva 3 Phase IGBT Static Automatic Voltage Stabilizer For High-Precision Machines\"},{\"@type\":\"BreadcrumbList\",\"@id\":\"https:\/\/www.tronkiele.com\/product\/3-phase-igbt-static-automatic-voltage-stabilizer\/#breadcrumb\",\"itemListElement\":[{\"@type\":\"ListItem\",\"position\":1,\"name\":\"Home\",\"item\":\"https:\/\/www.tronkiele.com\/\"},{\"@type\":\"ListItem\",\"position\":2,\"name\":\"Products\",\"item\":\"https:\/\/www.tronkiele.com\/shop\/\"},{\"@type\":\"ListItem\",\"position\":3,\"name\":\"ZBW 10Kva-4000Kva 3 Phase IGBT Static Automatic Voltage Stabilizer For High-Precision Machines\"}]},{\"@type\":\"WebSite\",\"@id\":\"https:\/\/www.tronkiele.com\/#website\",\"url\":\"https:\/\/www.tronkiele.com\/\",\"name\":\"PINE-ZHENGXI\",\"description\":\"\",\"publisher\":{\"@id\":\"https:\/\/www.tronkiele.com\/#organization\"},\"potentialAction\":[{\"@type\":\"SearchAction\",\"target\":{\"@type\":\"EntryPoint\",\"urlTemplate\":\"https:\/\/www.tronkiele.com\/?s={search_term_string}\"},\"query-input\":{\"@type\":\"PropertyValueSpecification\",\"valueRequired\":true,\"valueName\":\"search_term_string\"}}],\"inLanguage\":\"it-IT\"},{\"@type\":\"Organization\",\"@id\":\"https:\/\/www.tronkiele.com\/#organization\",\"name\":\"PINE-ZHENGXI\",\"url\":\"https:\/\/www.tronkiele.com\/\",\"logo\":{\"@type\":\"ImageObject\",\"inLanguage\":\"it-IT\",\"@id\":\"https:\/\/www.tronkiele.com\/#\/schema\/logo\/image\/\",\"url\":\"https:\/\/www.tronkiele.com\/wp-content\/uploads\/2024\/11\/cropped-tronki.webp\",\"contentUrl\":\"https:\/\/www.tronkiele.com\/wp-content\/uploads\/2024\/11\/cropped-tronki.webp\",\"width\":512,\"height\":512,\"caption\":\"PINE-ZHENGXI\"},\"image\":{\"@id\":\"https:\/\/www.tronkiele.com\/#\/schema\/logo\/image\/\"}}]}<\/script>\n<!-- \/ Yoast SEO plugin. -->","yoast_head_json":{"title":"Stabilizzatore automatico statico di tensione IGBT a 3 fasi ZBW 10Kva-4000Kva per macchine di alta precisione - PINE-ZHENGXI","robots":{"index":"index","follow":"follow","max-snippet":"max-snippet:-1","max-image-preview":"max-image-preview:large","max-video-preview":"max-video-preview:-1"},"canonical":"https:\/\/www.tronkiele.com\/it\/product\/3-phase-igbt-static-automatic-voltage-stabilizer\/","og_locale":"it_IT","og_type":"article","og_title":"ZBW 10Kva-4000Kva 3 Phase IGBT Static Automatic Voltage Stabilizer For High-Precision Machines - PINE-ZHENGXI","og_description":"ZBW 10Kva-4000Kva 3 phase igbt static automatic voltage stabilizer for High-Precision Machines  Voltage stability in modern industrial setups is no longer a luxury but an imperative requirement for precision, efficiency, and longevity. The ZBW Series 3 Phase IGBT Static Automatic Voltage Stabilizer, with capacities ranging from 10kVA to 4000kVA, manufactured by ZHENGXI, is specifically designed for precise, accurate, and distortion-free voltage regulation for high-precision machines when dealing with unstable power conditions.  The ZBW Stabilizer, which uses cutting-edge technology in IGBT Static Control, will provide a stable output voltage even when there are significant fluctuations in the input power, making this a very reliable and efficient device especially for industries with minimal shutdown times.","og_url":"https:\/\/www.tronkiele.com\/it\/product\/3-phase-igbt-static-automatic-voltage-stabilizer\/","og_site_name":"PINE-ZHENGXI","article_modified_time":"2026-01-27T05:23:17+00:00","og_image":[{"width":800,"height":800,"url":"https:\/\/www.tronkiele.com\/wp-content\/uploads\/2026\/01\/ZBW-10Kva-4000Kva-3-Phase-IGBT-Static-Automatic-Voltage-Stabilizer-For-High-Precision-Machines.webp","type":"image\/webp"}],"twitter_card":"summary_large_image","twitter_misc":{"Tempo di lettura stimato":"2 minuti"},"schema":{"@context":"https:\/\/schema.org","@graph":[{"@type":"WebPage","@id":"https:\/\/www.tronkiele.com\/product\/3-phase-igbt-static-automatic-voltage-stabilizer\/","url":"https:\/\/www.tronkiele.com\/product\/3-phase-igbt-static-automatic-voltage-stabilizer\/","name":"Stabilizzatore automatico statico di tensione IGBT a 3 fasi ZBW 10Kva-4000Kva per macchine di alta precisione - PINE-ZHENGXI","isPartOf":{"@id":"https:\/\/www.tronkiele.com\/#website"},"primaryImageOfPage":{"@id":"https:\/\/www.tronkiele.com\/product\/3-phase-igbt-static-automatic-voltage-stabilizer\/#primaryimage"},"image":{"@id":"https:\/\/www.tronkiele.com\/product\/3-phase-igbt-static-automatic-voltage-stabilizer\/#primaryimage"},"thumbnailUrl":"https:\/\/www.tronkiele.com\/wp-content\/uploads\/2026\/01\/ZBW-10Kva-4000Kva-3-Phase-IGBT-Static-Automatic-Voltage-Stabilizer-For-High-Precision-Machines.webp","datePublished":"2026-01-07T07:43:49+00:00","dateModified":"2026-01-27T05:23:17+00:00","breadcrumb":{"@id":"https:\/\/www.tronkiele.com\/product\/3-phase-igbt-static-automatic-voltage-stabilizer\/#breadcrumb"},"inLanguage":"it-IT","potentialAction":[{"@type":"ReadAction","target":["https:\/\/www.tronkiele.com\/product\/3-phase-igbt-static-automatic-voltage-stabilizer\/"]}]},{"@type":"ImageObject","inLanguage":"it-IT","@id":"https:\/\/www.tronkiele.com\/product\/3-phase-igbt-static-automatic-voltage-stabilizer\/#primaryimage","url":"https:\/\/www.tronkiele.com\/wp-content\/uploads\/2026\/01\/ZBW-10Kva-4000Kva-3-Phase-IGBT-Static-Automatic-Voltage-Stabilizer-For-High-Precision-Machines.webp","contentUrl":"https:\/\/www.tronkiele.com\/wp-content\/uploads\/2026\/01\/ZBW-10Kva-4000Kva-3-Phase-IGBT-Static-Automatic-Voltage-Stabilizer-For-High-Precision-Machines.webp","width":800,"height":800,"caption":"ZBW 10Kva-4000Kva 3 Phase IGBT Static Automatic Voltage Stabilizer For High-Precision Machines"},{"@type":"BreadcrumbList","@id":"https:\/\/www.tronkiele.com\/product\/3-phase-igbt-static-automatic-voltage-stabilizer\/#breadcrumb","itemListElement":[{"@type":"ListItem","position":1,"name":"Home","item":"https:\/\/www.tronkiele.com\/"},{"@type":"ListItem","position":2,"name":"Products","item":"https:\/\/www.tronkiele.com\/shop\/"},{"@type":"ListItem","position":3,"name":"ZBW 10Kva-4000Kva 3 Phase IGBT Static Automatic Voltage Stabilizer For High-Precision Machines"}]},{"@type":"WebSite","@id":"https:\/\/www.tronkiele.com\/#website","url":"https:\/\/www.tronkiele.com\/","name":"PINO-ZHENGXI","description":"","publisher":{"@id":"https:\/\/www.tronkiele.com\/#organization"},"potentialAction":[{"@type":"SearchAction","target":{"@type":"EntryPoint","urlTemplate":"https:\/\/www.tronkiele.com\/?s={search_term_string}"},"query-input":{"@type":"PropertyValueSpecification","valueRequired":true,"valueName":"search_term_string"}}],"inLanguage":"it-IT"},{"@type":"Organization","@id":"https:\/\/www.tronkiele.com\/#organization","name":"PINO-ZHENGXI","url":"https:\/\/www.tronkiele.com\/","logo":{"@type":"ImageObject","inLanguage":"it-IT","@id":"https:\/\/www.tronkiele.com\/#\/schema\/logo\/image\/","url":"https:\/\/www.tronkiele.com\/wp-content\/uploads\/2024\/11\/cropped-tronki.webp","contentUrl":"https:\/\/www.tronkiele.com\/wp-content\/uploads\/2024\/11\/cropped-tronki.webp","width":512,"height":512,"caption":"PINE-ZHENGXI"},"image":{"@id":"https:\/\/www.tronkiele.com\/#\/schema\/logo\/image\/"}}]}},"_links":{"self":[{"href":"https:\/\/www.tronkiele.com\/it\/wp-json\/wp\/v2\/product\/22423","targetHints":{"allow":["GET"]}}],"collection":[{"href":"https:\/\/www.tronkiele.com\/it\/wp-json\/wp\/v2\/product"}],"about":[{"href":"https:\/\/www.tronkiele.com\/it\/wp-json\/wp\/v2\/types\/product"}],"version-history":[{"count":2,"href":"https:\/\/www.tronkiele.com\/it\/wp-json\/wp\/v2\/product\/22423\/revisions"}],"predecessor-version":[{"id":22434,"href":"https:\/\/www.tronkiele.com\/it\/wp-json\/wp\/v2\/product\/22423\/revisions\/22434"}],"wp:featuredmedia":[{"embeddable":true,"href":"https:\/\/www.tronkiele.com\/it\/wp-json\/wp\/v2\/media\/22424"}],"wp:attachment":[{"href":"https:\/\/www.tronkiele.com\/it\/wp-json\/wp\/v2\/media?parent=22423"}],"wp:term":[{"taxonomy":"product_brand","embeddable":true,"href":"https:\/\/www.tronkiele.com\/it\/wp-json\/wp\/v2\/product_brand?post=22423"},{"taxonomy":"product_cat","embeddable":true,"href":"https:\/\/www.tronkiele.com\/it\/wp-json\/wp\/v2\/product_cat?post=22423"},{"taxonomy":"product_tag","embeddable":true,"href":"https:\/\/www.tronkiele.com\/it\/wp-json\/wp\/v2\/product_tag?post=22423"}],"curies":[{"name":"wp","href":"https:\/\/api.w.org\/{rel}","templated":true}]}}