{"id":23068,"date":"2026-03-26T06:53:09","date_gmt":"2026-03-26T06:53:09","guid":{"rendered":"https:\/\/www.tronkiele.com\/?post_type=product&#038;p=23068"},"modified":"2026-04-10T07:23:58","modified_gmt":"2026-04-10T07:23:58","slug":"1kva-voltage-stabilizer","status":"publish","type":"product","link":"https:\/\/www.tronkiele.com\/it\/product\/1kva-voltage-stabilizer\/","title":{"rendered":"1Kva 2Kva 3Kva 5Kva Stabilizzatore di tensione del rel\u00e8 della parete monofase per la casa"},"content":{"rendered":"<h2>Vantaggi principali<\/h2>\n<ul>\n<li data-section-id=\"1oh7yey\" data-start=\"647\" data-end=\"721\">Ampio intervallo di ingresso: Supporta 45-260V \/ 80-260V \/ 100-260V \/ 140-260V<\/li>\n<li data-section-id=\"jzx44t\" data-start=\"722\" data-end=\"799\">Risposta rapida: La commutazione del rel\u00e8 stabilizza la tensione in pochi millisecondi.<\/li>\n<li data-section-id=\"j7lkbw\" data-start=\"800\" data-end=\"864\">Uscita stabile: 220VAC \u00b110%, adatta alla maggior parte degli elettrodomestici<\/li>\n<li data-section-id=\"1yc5dou\" data-start=\"865\" data-end=\"919\">Alta efficienza: &gt;95%, funzionamento a risparmio energetico<\/li>\n<li data-section-id=\"4exc6p\" data-start=\"920\" data-end=\"970\">Design compatto: Montaggio a parete, risparmio di spazio<\/li>\n<li data-section-id=\"r1nitg\" data-start=\"971\" data-end=\"1029\">Display a LED: Monitoraggio della tensione e del carico in tempo reale<\/li>\n<li data-section-id=\"1pyjupn\" data-start=\"1030\" data-end=\"1120\">Protezione completa: Sovratensione, sottotensione, sovraccarico, sovratemperatura, avvio ritardato<\/li>\n<\/ul>\n<p><img fetchpriority=\"high\" decoding=\"async\" class=\"alignnone wp-image-23072 size-full\" src=\"https:\/\/www.tronkiele.com\/wp-content\/uploads\/2026\/03\/1kva-wall-mounted-relay-voltage-stabilizer-for-home-use.webp\" alt=\"Stabilizzatore di tensione a rel\u00e8 da parete da 1kva per uso domestico\" width=\"1200\" height=\"800\" srcset=\"https:\/\/www.tronkiele.com\/wp-content\/uploads\/2026\/03\/1kva-wall-mounted-relay-voltage-stabilizer-for-home-use.webp 1200w, https:\/\/www.tronkiele.com\/wp-content\/uploads\/2026\/03\/1kva-wall-mounted-relay-voltage-stabilizer-for-home-use-400x267.webp 400w, https:\/\/www.tronkiele.com\/wp-content\/uploads\/2026\/03\/1kva-wall-mounted-relay-voltage-stabilizer-for-home-use-768x512.webp 768w, https:\/\/www.tronkiele.com\/wp-content\/uploads\/2026\/03\/1kva-wall-mounted-relay-voltage-stabilizer-for-home-use-18x12.webp 18w, https:\/\/www.tronkiele.com\/wp-content\/uploads\/2026\/03\/1kva-wall-mounted-relay-voltage-stabilizer-for-home-use-430x287.webp 430w, https:\/\/www.tronkiele.com\/wp-content\/uploads\/2026\/03\/1kva-wall-mounted-relay-voltage-stabilizer-for-home-use-700x467.webp 700w, https:\/\/www.tronkiele.com\/wp-content\/uploads\/2026\/03\/1kva-wall-mounted-relay-voltage-stabilizer-for-home-use-150x100.webp 150w\" sizes=\"(max-width: 1200px) 100vw, 1200px\" \/><\/p>\n<h2><strong><b>Parametri tecnici<\/b><\/strong><\/h2>\n<table>\n<tbody>\n<tr>\n<td colspan=\"2\" width=\"161\">Modello<\/td>\n<td colspan=\"6\" width=\"416\">TKB-500VA~10000VA<\/td>\n<\/tr>\n<tr>\n<td colspan=\"2\" width=\"161\">Fase<\/td>\n<td colspan=\"6\" width=\"416\">Monofase<\/td>\n<\/tr>\n<tr>\n<td colspan=\"2\" width=\"161\">Tensione d'ingresso<\/td>\n<td colspan=\"6\" width=\"416\">AC 45-260V, 80-260V, 100-260V, 140-260V (o personalizzato)<\/td>\n<\/tr>\n<tr>\n<td colspan=\"2\" width=\"161\">Tensione di uscita<\/td>\n<td colspan=\"6\" width=\"416\">AC 220V o personalizzato<\/td>\n<\/tr>\n<tr>\n<td colspan=\"2\" width=\"161\">Frequenza<\/td>\n<td colspan=\"6\" width=\"416\">50Hz\/60Hz<\/td>\n<\/tr>\n<tr>\n<td colspan=\"2\" width=\"161\">Precisione<\/td>\n<td colspan=\"6\" width=\"416\">\u00b110% o personalizzato<\/td>\n<\/tr>\n<tr>\n<td colspan=\"2\" width=\"161\">Efficienza<\/td>\n<td colspan=\"6\" width=\"416\">&gt;95%<\/td>\n<\/tr>\n<tr>\n<td colspan=\"2\" width=\"161\">Tipo di controllo<\/td>\n<td colspan=\"6\" width=\"416\">Tipo di rel\u00e8<\/td>\n<\/tr>\n<tr>\n<td colspan=\"2\" width=\"161\">Display digitale<\/td>\n<td colspan=\"6\" width=\"416\">Mostra la tensione di ingresso e di uscita, il rapporto di carico e l'indicatore di guasto.<\/td>\n<\/tr>\n<tr>\n<td colspan=\"2\" width=\"161\">Protezione<\/td>\n<td colspan=\"6\" width=\"416\">Sovratemperatura, sovratensione, sottotensione, sovraccarico, tempo di ritardo<\/td>\n<\/tr>\n<tr>\n<td colspan=\"2\" width=\"161\">Temperatura ambiente<\/td>\n<td colspan=\"6\" width=\"416\">-10\u00b0C~+ 40\u00b0C<\/td>\n<\/tr>\n<tr>\n<td colspan=\"2\" width=\"161\">Umidit\u00e0 relativa<\/td>\n<td colspan=\"6\" width=\"416\">&lt;95%<\/td>\n<\/tr>\n<tr>\n<td colspan=\"2\" width=\"161\">Distorsione della forma d'onda<\/td>\n<td colspan=\"6\" width=\"416\">Nessuna distorsione della forma d'onda aggiuntiva<\/td>\n<\/tr>\n<tr>\n<td colspan=\"2\" width=\"161\">Resistenza isolante<\/td>\n<td colspan=\"6\" width=\"416\">Normalmente pi\u00f9 di 2M\u03a9<\/td>\n<\/tr>\n<tr>\n<td colspan=\"2\" width=\"161\">Classe di isolamento<\/td>\n<td colspan=\"6\" width=\"416\">Classe B<\/td>\n<\/tr>\n<tr>\n<td rowspan=\"5\" width=\"62\">&nbsp;<\/p>\n<p>&nbsp;<\/p>\n<p>&nbsp;<\/p>\n<p>Protezione<\/td>\n<td width=\"99\">Sovratensione<\/td>\n<td colspan=\"6\" width=\"416\">Tensione di uscita \u2265 245V \u00b1 4V<\/td>\n<\/tr>\n<tr>\n<td width=\"99\">Bassa tensione<\/td>\n<td colspan=\"6\" width=\"416\">Tensione di uscita \u2264 180V \u00b1 4V<\/td>\n<\/tr>\n<tr>\n<td width=\"99\">Sovratemperatura<\/td>\n<td colspan=\"6\" width=\"416\">95\u2103\u00b110\u2103<\/td>\n<\/tr>\n<tr>\n<td width=\"99\">Tempo di ritardo<\/td>\n<td colspan=\"6\" width=\"416\">Tempo lungo (180 secondi) \/ tempo breve (6 secondi)<\/td>\n<\/tr>\n<tr>\n<td width=\"99\">Sottotensione<\/td>\n<td colspan=\"6\" width=\"416\">Disattivato per impostazione predefinita, personalizzabile se necessario<\/td>\n<\/tr>\n<tr>\n<td colspan=\"2\" width=\"161\">Potenza<\/td>\n<td width=\"69\">1000VA<\/td>\n<td width=\"69\">2000VA<\/td>\n<td width=\"69\">3000VA<\/td>\n<td width=\"69\">5000VA<\/td>\n<td width=\"69\">8000VA<\/td>\n<td width=\"69\">10000VA<\/td>\n<\/tr>\n<tr>\n<td colspan=\"2\" width=\"161\">Dimensioni (mm) L*L*H<\/td>\n<td width=\"69\">305*200*85<\/td>\n<td width=\"69\">305*200*85<\/td>\n<td width=\"69\">370*250*105<\/td>\n<td width=\"69\">370*250*105<\/td>\n<td width=\"69\">335*120*440<\/td>\n<td width=\"69\">335*120*440<\/td>\n<\/tr>\n<tr>\n<td colspan=\"2\" width=\"161\">N.W.(kg)<\/td>\n<td width=\"69\">3.9<\/td>\n<td width=\"69\">4.34<\/td>\n<td width=\"69\">6.34<\/td>\n<td width=\"69\">8.3<\/td>\n<td width=\"69\">8.92<\/td>\n<td width=\"69\">16.35<\/td>\n<\/tr>\n<tr>\n<td colspan=\"8\" width=\"578\">Le dimensioni e il peso variano a seconda dell'intervallo di tensione e sono soggetti alle personalizzazioni effettive del prodotto.<\/td>\n<\/tr>\n<\/tbody>\n<\/table>\n<h2 data-section-id=\"ce0tqk\" data-start=\"1557\" data-end=\"1574\" data-imt-p=\"1\">Applicazioni<\/h2>\n<p data-start=\"1576\" data-end=\"1591\" data-imt-p=\"1\">Adatto per:<\/p>\n<ul data-start=\"1592\" data-end=\"1701\">\n<li data-section-id=\"mojtcl\" data-start=\"1592\" data-end=\"1632\">TV, frigoriferi, condizionatori d'aria<\/li>\n<li data-section-id=\"109xdqp\" data-start=\"1633\" data-end=\"1665\">Computer, stampanti, router<\/li>\n<li data-section-id=\"1f01eu1\" data-start=\"1666\" data-end=\"1701\">Negozi, uffici, piccole attrezzature<\/li>\n<\/ul>\n<p data-start=\"1703\" data-end=\"1793\" data-imt-p=\"1\">Assicura un funzionamento stabile e aiuta a prevenire il surriscaldamento, i malfunzionamenti e i guasti precoci.<\/p>\n<h2 data-section-id=\"14er4d7\" data-start=\"1900\" data-end=\"1930\" data-imt-p=\"1\">Rel\u00e8 vs. servo stabilizzatore<\/h2>\n<ul data-start=\"1932\" data-end=\"2073\">\n<li data-section-id=\"1ug4qlg\" data-start=\"1932\" data-end=\"2005\"><strong data-start=\"1934\" data-end=\"1949\"><span style=\"color: #0000ff;\"><a style=\"color: #0000ff;\" href=\"\/it\/categoria-prodotto\/ac-voltage-stabilizer\/relay-type-avr\/\">Tipo di rel\u00e8 AVR<\/a><\/span>:<\/strong> Veloce, conveniente, a bassa manutenzione (ideale per l'uso domestico)<\/li>\n<li data-section-id=\"pbak85\" data-start=\"2006\" data-end=\"2073\"><strong data-start=\"2008\" data-end=\"2023\"><a href=\"\/it\/categoria-prodotto\/ac-voltage-stabilizer\/servo-voltage-stabilizer\/\"><span style=\"color: #0000ff;\">Tipo di servo<\/span> AVR<\/a>:<\/strong> Maggiore precisione, utilizzata per le apparecchiature industriali<\/li>\n<\/ul>\n<h2 data-section-id=\"7vqe9r\" data-start=\"2080\" data-end=\"2100\" data-imt-p=\"1\">Guida alla selezione<\/h2>\n<ul data-start=\"2102\" data-end=\"2249\">\n<li data-section-id=\"89qlxw\" data-start=\"2102\" data-end=\"2153\"><strong data-start=\"2104\" data-end=\"2124\">Stabilizzatore da 1KVA:<\/strong> Piccoli carichi (TV, router)<\/li>\n<li data-section-id=\"p83jpw\" data-start=\"2154\" data-end=\"2202\"><strong data-start=\"2156\" data-end=\"2167\">2-3KVA:<\/strong> Frigorifero, computer, piccola aria condizionata<\/li>\n<li data-section-id=\"1fl3f39\" data-start=\"2203\" data-end=\"2249\"><strong data-start=\"2205\" data-end=\"2214\">5KVA:<\/strong> Elettrodomestici multipli o AC pi\u00f9 grandi<\/li>\n<\/ul>\n<p data-start=\"2251\" data-end=\"2311\" data-imt-p=\"1\"><strong data-start=\"2251\" data-end=\"2259\">Suggerimento:<\/strong> Scegliere una capacit\u00e0 20-30% superiore al carico totale.<\/p>\n<h2>FAQ<\/h2>\n<p data-start=\"2472\" data-end=\"2596\" data-imt-p=\"1\"><strong data-start=\"2472\" data-end=\"2506\" data-imt-p=\"1\">D1: Perch\u00e9 utilizzare uno stabilizzatore da 1kva?<\/strong><br data-start=\"2506\" data-end=\"2509\" \/>R: Mantiene stabile la tensione, proteggendo gli apparecchi dai danni e migliorandone la durata.<\/p>\n<p data-start=\"2598\" data-end=\"2708\" data-imt-p=\"1\"><strong data-start=\"2598\" data-end=\"2636\" data-imt-p=\"1\">D2: Pu\u00f2 far funzionare un condizionatore d'aria?<\/strong><br data-start=\"2636\" data-end=\"2639\" \/>R: S\u00ec, ma di solito si consigliano 3KVA-5KVA a seconda della potenza CA.<\/p>\n<p data-start=\"2710\" data-end=\"2806\" data-imt-p=\"1\"><strong data-start=\"2710\" data-end=\"2745\" data-imt-p=\"1\">D3: Consuma molta energia?<\/strong><br data-start=\"2745\" data-end=\"2748\" \/>R: No, funziona in modo efficiente con una perdita di energia minima.<\/p>\n<h2>Conclusione<\/h2>\n<p>Lo stabilizzatore di tensione da 1KVA a 5KVA, montato a parete, \u00e8 una soluzione affidabile, compatta ed economica per la protezione della tensione. \u00c8 la scelta migliore per la protezione della tensione grazie al suo rapido tempo di risposta e alle protezioni multiple.<\/p>","protected":false},"excerpt":{"rendered":"<p>Lo stabilizzatore di tensione a rel\u00e8 da parete \u00e8 destinato al funzionamento sicuro di elettrodomestici e piccoli apparecchi commerciali. \u00c8 dotato di un trasformatore multitap controllato da rel\u00e8 che regola automaticamente le variazioni di tensione in ingresso e fornisce un'uscita costante di 220 VCA.<\/p>\n<p>Questo stabilizzatore compatto e facile da usare \u00e8 perfetto per case, uffici e negozi moderni.<\/p>","protected":false},"featured_media":22366,"template":"","meta":[],"product_brand":[],"product_cat":[103,110,106],"product_tag":[116],"class_list":{"0":"post-23068","1":"product","2":"type-product","3":"status-publish","4":"has-post-thumbnail","6":"product_cat-ac-voltage-stabilizer","7":"product_cat-home-voltage-stabilizer","8":"product_cat-relay-type-avr","9":"product_tag-voltage-stabilizer-for-microwave","11":"first","12":"instock","13":"taxable","14":"shipping-taxable","15":"product-type-simple"},"yoast_head":"<!-- This site is optimized with the Yoast SEO plugin v25.0 - https:\/\/yoast.com\/wordpress\/plugins\/seo\/ -->\n<title>Single Phase Voltage Stabilizer Manufacturer In China | Wall Relay AVR - PINE<\/title>\n<meta name=\"robots\" content=\"index, follow, max-snippet:-1, max-image-preview:large, max-video-preview:-1\" \/>\n<link rel=\"canonical\" href=\"https:\/\/www.tronkiele.com\/it\/product\/1kva-voltage-stabilizer\/\" \/>\n<meta property=\"og:locale\" content=\"it_IT\" \/>\n<meta property=\"og:type\" content=\"article\" \/>\n<meta property=\"og:title\" content=\"Single Phase Voltage Stabilizer Manufacturer In China | Wall Relay AVR - PINE\" \/>\n<meta property=\"og:description\" content=\"The wall-mounted relay voltage stabilizer is intended for the safe operation of household and small commercial appliances. It features a relay-controlled multi-tap transformer that automatically adjusts changes in the input voltage and provides a constant output of 220VAC.  This compact and easy-to-use stabilizer is perfect for modern homes, offices, and shops.\" \/>\n<meta property=\"og:url\" content=\"https:\/\/www.tronkiele.com\/it\/product\/1kva-voltage-stabilizer\/\" \/>\n<meta property=\"og:site_name\" content=\"PINE\" \/>\n<meta property=\"article:modified_time\" content=\"2026-04-10T07:23:58+00:00\" \/>\n<meta property=\"og:image\" content=\"https:\/\/www.tronkiele.com\/wp-content\/uploads\/2025\/12\/Wall-Mounted-Voltage-Stabilizer-for-Small-Appliances.webp\" \/>\n\t<meta property=\"og:image:width\" content=\"600\" \/>\n\t<meta property=\"og:image:height\" content=\"600\" \/>\n\t<meta property=\"og:image:type\" content=\"image\/webp\" \/>\n<meta name=\"twitter:card\" content=\"summary_large_image\" \/>\n<meta name=\"twitter:label1\" content=\"Tempo di lettura stimato\" \/>\n\t<meta name=\"twitter:data1\" content=\"3 minuti\" \/>\n<script type=\"application\/ld+json\" class=\"yoast-schema-graph\">{\"@context\":\"https:\/\/schema.org\",\"@graph\":[{\"@type\":\"WebPage\",\"@id\":\"https:\/\/www.tronkiele.com\/product\/1kva-voltage-stabilizer\/\",\"url\":\"https:\/\/www.tronkiele.com\/product\/1kva-voltage-stabilizer\/\",\"name\":\"Single Phase Voltage Stabilizer Manufacturer In China | Wall Relay AVR - PINE\",\"isPartOf\":{\"@id\":\"https:\/\/www.tronkiele.com\/#website\"},\"primaryImageOfPage\":{\"@id\":\"https:\/\/www.tronkiele.com\/product\/1kva-voltage-stabilizer\/#primaryimage\"},\"image\":{\"@id\":\"https:\/\/www.tronkiele.com\/product\/1kva-voltage-stabilizer\/#primaryimage\"},\"thumbnailUrl\":\"https:\/\/www.tronkiele.com\/wp-content\/uploads\/2025\/12\/Wall-Mounted-Voltage-Stabilizer-for-Small-Appliances.webp\",\"datePublished\":\"2026-03-26T06:53:09+00:00\",\"dateModified\":\"2026-04-10T07:23:58+00:00\",\"breadcrumb\":{\"@id\":\"https:\/\/www.tronkiele.com\/product\/1kva-voltage-stabilizer\/#breadcrumb\"},\"inLanguage\":\"it-IT\",\"potentialAction\":[{\"@type\":\"ReadAction\",\"target\":[\"https:\/\/www.tronkiele.com\/product\/1kva-voltage-stabilizer\/\"]}]},{\"@type\":\"ImageObject\",\"inLanguage\":\"it-IT\",\"@id\":\"https:\/\/www.tronkiele.com\/product\/1kva-voltage-stabilizer\/#primaryimage\",\"url\":\"https:\/\/www.tronkiele.com\/wp-content\/uploads\/2025\/12\/Wall-Mounted-Voltage-Stabilizer-for-Small-Appliances.webp\",\"contentUrl\":\"https:\/\/www.tronkiele.com\/wp-content\/uploads\/2025\/12\/Wall-Mounted-Voltage-Stabilizer-for-Small-Appliances.webp\",\"width\":600,\"height\":600,\"caption\":\"Wall-Mounted Voltage Stabilizer for Small Appliances\"},{\"@type\":\"BreadcrumbList\",\"@id\":\"https:\/\/www.tronkiele.com\/product\/1kva-voltage-stabilizer\/#breadcrumb\",\"itemListElement\":[{\"@type\":\"ListItem\",\"position\":1,\"name\":\"Home\",\"item\":\"https:\/\/www.tronkiele.com\/\"},{\"@type\":\"ListItem\",\"position\":2,\"name\":\"Products\",\"item\":\"https:\/\/www.tronkiele.com\/shop\/\"},{\"@type\":\"ListItem\",\"position\":3,\"name\":\"1Kva 2Kva 3Kva 5Kva Single Phase Wall Relay Voltage Stabilizer For House\"}]},{\"@type\":\"WebSite\",\"@id\":\"https:\/\/www.tronkiele.com\/#website\",\"url\":\"https:\/\/www.tronkiele.com\/\",\"name\":\"PINE\",\"description\":\"\",\"publisher\":{\"@id\":\"https:\/\/www.tronkiele.com\/#organization\"},\"potentialAction\":[{\"@type\":\"SearchAction\",\"target\":{\"@type\":\"EntryPoint\",\"urlTemplate\":\"https:\/\/www.tronkiele.com\/?s={search_term_string}\"},\"query-input\":{\"@type\":\"PropertyValueSpecification\",\"valueRequired\":true,\"valueName\":\"search_term_string\"}}],\"inLanguage\":\"it-IT\"},{\"@type\":\"Organization\",\"@id\":\"https:\/\/www.tronkiele.com\/#organization\",\"name\":\"PINE\",\"url\":\"https:\/\/www.tronkiele.com\/\",\"logo\":{\"@type\":\"ImageObject\",\"inLanguage\":\"it-IT\",\"@id\":\"https:\/\/www.tronkiele.com\/#\/schema\/logo\/image\/\",\"url\":\"https:\/\/www.tronkiele.com\/wp-content\/uploads\/2024\/11\/cropped-tronki.webp\",\"contentUrl\":\"https:\/\/www.tronkiele.com\/wp-content\/uploads\/2024\/11\/cropped-tronki.webp\",\"width\":512,\"height\":512,\"caption\":\"PINE\"},\"image\":{\"@id\":\"https:\/\/www.tronkiele.com\/#\/schema\/logo\/image\/\"}}]}<\/script>\n<!-- \/ Yoast SEO plugin. -->","yoast_head_json":{"title":"Stabilizzatore di tensione monofase Produttore in Cina | Rel\u00e8 a parete AVR - PINO","robots":{"index":"index","follow":"follow","max-snippet":"max-snippet:-1","max-image-preview":"max-image-preview:large","max-video-preview":"max-video-preview:-1"},"canonical":"https:\/\/www.tronkiele.com\/it\/product\/1kva-voltage-stabilizer\/","og_locale":"it_IT","og_type":"article","og_title":"Single Phase Voltage Stabilizer Manufacturer In China | Wall Relay AVR - PINE","og_description":"The wall-mounted relay voltage stabilizer is intended for the safe operation of household and small commercial appliances. It features a relay-controlled multi-tap transformer that automatically adjusts changes in the input voltage and provides a constant output of 220VAC.  This compact and easy-to-use stabilizer is perfect for modern homes, offices, and shops.","og_url":"https:\/\/www.tronkiele.com\/it\/product\/1kva-voltage-stabilizer\/","og_site_name":"PINE","article_modified_time":"2026-04-10T07:23:58+00:00","og_image":[{"width":600,"height":600,"url":"https:\/\/www.tronkiele.com\/wp-content\/uploads\/2025\/12\/Wall-Mounted-Voltage-Stabilizer-for-Small-Appliances.webp","type":"image\/webp"}],"twitter_card":"summary_large_image","twitter_misc":{"Tempo di lettura stimato":"3 minuti"},"schema":{"@context":"https:\/\/schema.org","@graph":[{"@type":"WebPage","@id":"https:\/\/www.tronkiele.com\/product\/1kva-voltage-stabilizer\/","url":"https:\/\/www.tronkiele.com\/product\/1kva-voltage-stabilizer\/","name":"Stabilizzatore di tensione monofase Produttore in Cina | Rel\u00e8 a parete AVR - PINO","isPartOf":{"@id":"https:\/\/www.tronkiele.com\/#website"},"primaryImageOfPage":{"@id":"https:\/\/www.tronkiele.com\/product\/1kva-voltage-stabilizer\/#primaryimage"},"image":{"@id":"https:\/\/www.tronkiele.com\/product\/1kva-voltage-stabilizer\/#primaryimage"},"thumbnailUrl":"https:\/\/www.tronkiele.com\/wp-content\/uploads\/2025\/12\/Wall-Mounted-Voltage-Stabilizer-for-Small-Appliances.webp","datePublished":"2026-03-26T06:53:09+00:00","dateModified":"2026-04-10T07:23:58+00:00","breadcrumb":{"@id":"https:\/\/www.tronkiele.com\/product\/1kva-voltage-stabilizer\/#breadcrumb"},"inLanguage":"it-IT","potentialAction":[{"@type":"ReadAction","target":["https:\/\/www.tronkiele.com\/product\/1kva-voltage-stabilizer\/"]}]},{"@type":"ImageObject","inLanguage":"it-IT","@id":"https:\/\/www.tronkiele.com\/product\/1kva-voltage-stabilizer\/#primaryimage","url":"https:\/\/www.tronkiele.com\/wp-content\/uploads\/2025\/12\/Wall-Mounted-Voltage-Stabilizer-for-Small-Appliances.webp","contentUrl":"https:\/\/www.tronkiele.com\/wp-content\/uploads\/2025\/12\/Wall-Mounted-Voltage-Stabilizer-for-Small-Appliances.webp","width":600,"height":600,"caption":"Wall-Mounted Voltage Stabilizer for Small Appliances"},{"@type":"BreadcrumbList","@id":"https:\/\/www.tronkiele.com\/product\/1kva-voltage-stabilizer\/#breadcrumb","itemListElement":[{"@type":"ListItem","position":1,"name":"Home","item":"https:\/\/www.tronkiele.com\/"},{"@type":"ListItem","position":2,"name":"Products","item":"https:\/\/www.tronkiele.com\/shop\/"},{"@type":"ListItem","position":3,"name":"1Kva 2Kva 3Kva 5Kva Single Phase Wall Relay Voltage Stabilizer For House"}]},{"@type":"WebSite","@id":"https:\/\/www.tronkiele.com\/#website","url":"https:\/\/www.tronkiele.com\/","name":"PINO","description":"","publisher":{"@id":"https:\/\/www.tronkiele.com\/#organization"},"potentialAction":[{"@type":"SearchAction","target":{"@type":"EntryPoint","urlTemplate":"https:\/\/www.tronkiele.com\/?s={search_term_string}"},"query-input":{"@type":"PropertyValueSpecification","valueRequired":true,"valueName":"search_term_string"}}],"inLanguage":"it-IT"},{"@type":"Organization","@id":"https:\/\/www.tronkiele.com\/#organization","name":"PINO","url":"https:\/\/www.tronkiele.com\/","logo":{"@type":"ImageObject","inLanguage":"it-IT","@id":"https:\/\/www.tronkiele.com\/#\/schema\/logo\/image\/","url":"https:\/\/www.tronkiele.com\/wp-content\/uploads\/2024\/11\/cropped-tronki.webp","contentUrl":"https:\/\/www.tronkiele.com\/wp-content\/uploads\/2024\/11\/cropped-tronki.webp","width":512,"height":512,"caption":"PINE"},"image":{"@id":"https:\/\/www.tronkiele.com\/#\/schema\/logo\/image\/"}}]}},"_links":{"self":[{"href":"https:\/\/www.tronkiele.com\/it\/wp-json\/wp\/v2\/product\/23068","targetHints":{"allow":["GET"]}}],"collection":[{"href":"https:\/\/www.tronkiele.com\/it\/wp-json\/wp\/v2\/product"}],"about":[{"href":"https:\/\/www.tronkiele.com\/it\/wp-json\/wp\/v2\/types\/product"}],"version-history":[{"count":5,"href":"https:\/\/www.tronkiele.com\/it\/wp-json\/wp\/v2\/product\/23068\/revisions"}],"predecessor-version":[{"id":23074,"href":"https:\/\/www.tronkiele.com\/it\/wp-json\/wp\/v2\/product\/23068\/revisions\/23074"}],"wp:featuredmedia":[{"embeddable":true,"href":"https:\/\/www.tronkiele.com\/it\/wp-json\/wp\/v2\/media\/22366"}],"wp:attachment":[{"href":"https:\/\/www.tronkiele.com\/it\/wp-json\/wp\/v2\/media?parent=23068"}],"wp:term":[{"taxonomy":"product_brand","embeddable":true,"href":"https:\/\/www.tronkiele.com\/it\/wp-json\/wp\/v2\/product_brand?post=23068"},{"taxonomy":"product_cat","embeddable":true,"href":"https:\/\/www.tronkiele.com\/it\/wp-json\/wp\/v2\/product_cat?post=23068"},{"taxonomy":"product_tag","embeddable":true,"href":"https:\/\/www.tronkiele.com\/it\/wp-json\/wp\/v2\/product_tag?post=23068"}],"curies":[{"name":"wp","href":"https:\/\/api.w.org\/{rel}","templated":true}]}}