{"id":2599,"date":"2024-11-29T09:08:06","date_gmt":"2024-11-29T09:08:06","guid":{"rendered":"https:\/\/www.tronkiele.com\/?post_type=product&#038;p=2599"},"modified":"2025-04-30T13:50:20","modified_gmt":"2025-04-30T13:50:20","slug":"sz11-315-33kv-three-phase-oil-type-distribution-electrical-transformer","status":"publish","type":"product","link":"https:\/\/www.tronkiele.com\/it\/product\/sz11-315-33kv-three-phase-oil-type-distribution-electrical-transformer\/","title":{"rendered":"Trasformatore elettrico di distribuzione di tipo olio trifase SZ11-315\/33kV"},"content":{"rendered":"<h2>Parametri tecnici<\/h2>\n<table>\n<tbody>\n<tr>\n<td width=\"55.7000%\">Capacit\u00e0 nominale<\/td>\n<td width=\"44.2800%\">30kVA~2500kVA<\/td>\n<\/tr>\n<tr>\n<td width=\"55.7000%\">Frequenza<\/td>\n<td width=\"44.2800%\">50HZ<\/td>\n<\/tr>\n<tr>\n<td width=\"55.7000%\">Gruppo Vector<\/td>\n<td width=\"44.2800%\">Dyn11 \/ Yyn0<\/td>\n<\/tr>\n<tr>\n<td width=\"55.7000%\">Standard<\/td>\n<td width=\"44.2800%\">IEC60076<\/td>\n<\/tr>\n<tr>\n<td width=\"55.7000%\">Materiale di base<\/td>\n<td width=\"44.2800%\">Rame\/Alluminio<\/td>\n<\/tr>\n<tr>\n<td width=\"55.7000%\">Materiale<\/td>\n<td width=\"44.2800%\">Lamiera di acciaio al silicio<\/td>\n<\/tr>\n<tr>\n<td width=\"55.7000%\">Tempi di consegna<\/td>\n<td width=\"44.2800%\">5~10 giorni lavorativi<\/td>\n<\/tr>\n<tr>\n<td width=\"55.7000%\">Fase<\/td>\n<td width=\"44.2800%\">Tre<\/td>\n<\/tr>\n<tr>\n<td width=\"55.7000%\">Utilizzo<\/td>\n<td width=\"44.2800%\">Potenza elettrica<\/td>\n<\/tr>\n<tr>\n<td width=\"55.7000%\">Numero bobina<\/td>\n<td width=\"44.2800%\">Doppio avvolgimento<\/td>\n<\/tr>\n<tr>\n<td width=\"55.7000%\">Tensione primaria nominale<\/td>\n<td width=\"44.2800%\">12<\/td>\n<\/tr>\n<tr>\n<td width=\"55.7000%\">Tensione secondaria nominale<\/td>\n<td width=\"44.2800%\">5<\/td>\n<\/tr>\n<tr>\n<td width=\"55.7000%\">Struttura della bobina<\/td>\n<td width=\"44.2800%\">Toroidale<\/td>\n<\/tr>\n<tr>\n<td width=\"55.7000%\">Capacit\u00e0<\/td>\n<td width=\"44.2800%\">315 kVA<\/td>\n<\/tr>\n<\/tbody>\n<\/table>\n<h2>Caratteristiche principali:<\/h2>\n<p><strong>Progettazione di base:<\/strong><br \/>\nIl nucleo \u00e8 realizzato in acciaio al silicio laminato a freddo importato, per ridurre le perdite a vuoto e la corrente. \u00c8 strettamente impilato e fissato per ridurre il rumore e migliorare la stabilit\u00e0.<\/p>\n<p><strong>Struttura dell'avvolgimento:<\/strong><br \/>\nAvvolgimenti di bassa tensione: Fino a 500kVA, gli avvolgimenti di bassa tensione sono cilindrici con struttura a doppio strato, mentre sopra i 630kVA, l'avvolgimento a doppia elica o in lamina di rame offre una migliore resistenza e prestazioni di cortocircuito.<br \/>\nAvvolgimenti ad alta tensione: Gli avvolgimenti ad alta tensione sono stati progettati con una struttura cilindrica multistrato per migliorare l'isolamento e le prestazioni complessive.<br \/>\nMateriali di alta qualit\u00e0:<br \/>\nGli stessi avvolgimenti sono realizzati in rame privo di ossigeno, pi\u00f9 conduttivo e durevole, e contribuiscono a ridurre le perdite di energia.<\/p>\n<p><strong>Struttura e raffreddamento sigillati:<\/strong><br \/>\nImpedisce all'olio del trasformatore di essere esposto all'aria, che ne accelera l'invecchiamento. Il design completamente sigillato prolunga la vita del trasformatore. Nel serbatoio dell'olio sono presenti piastre ondulate che migliorano la circolazione e la dissipazione del calore dell'olio, mantenendo cos\u00ec tutto fresco durante il funzionamento.<\/p>\n<p><strong>Protezione dalle perdite:<\/strong><br \/>\nRiduce le possibilit\u00e0 di perdita e aumenta il passaggio dell'olio. Questo fattore, insieme a una migliore saldatura, garantisce un trasformatore pi\u00f9 affidabile e duraturo.<\/p>\n<p>Il trasformatore della serie SZ11, progettato per i moderni sistemi di alimentazione, offre prestazioni e durata migliori con costi operativi ridotti, garantendo al contempo una buona affidabilit\u00e0.<\/p>","protected":false},"excerpt":{"rendered":"<p>Il trasformatore di distribuzione trifase in olio SZ11 \u00e8 un trasformatore trifase ad alte prestazioni costruito per offrire maggiore affidabilit\u00e0 ed efficienza rispetto alla precedente serie S9. Migliorando il design delle perdite e regolando il rapporto rame-ferro, riduce le perdite di energia e offre un valore eccellente.<\/p>","protected":false},"featured_media":2600,"template":"","meta":[],"product_brand":[],"product_cat":[34,33],"product_tag":[],"class_list":{"0":"post-2599","1":"product","2":"type-product","3":"status-publish","4":"has-post-thumbnail","6":"product_cat-oil-transformer","7":"product_cat-power-transformer","9":"first","10":"instock","11":"featured","12":"taxable","13":"shipping-taxable","14":"product-type-simple"},"yoast_head":"<!-- This site is optimized with the Yoast SEO plugin v25.0 - https:\/\/yoast.com\/wordpress\/plugins\/seo\/ -->\n<title>SZ11-315\/33kV Three Phase Oil Type Distribution Electrical Transformer - PINE-ZHENGXI<\/title>\n<meta name=\"robots\" content=\"index, follow, max-snippet:-1, max-image-preview:large, max-video-preview:-1\" \/>\n<link rel=\"canonical\" href=\"https:\/\/www.tronkiele.com\/it\/product\/sz11-315-33kv-three-phase-oil-type-distribution-electrical-transformer\/\" \/>\n<meta property=\"og:locale\" content=\"it_IT\" \/>\n<meta property=\"og:type\" content=\"article\" \/>\n<meta property=\"og:title\" content=\"SZ11-315\/33kV Three Phase Oil Type Distribution Electrical Transformer - PINE-ZHENGXI\" \/>\n<meta property=\"og:description\" content=\"The SZ11 Three-Phase Oil-Immersed Distribution Transformer is a high-performance three-phase transformer built to offer better reliability and efficiency than the older S9 series. By improving the loss design and adjusting the copper-to-iron ratio, it reduces energy loss and provides excellent value.\" \/>\n<meta property=\"og:url\" content=\"https:\/\/www.tronkiele.com\/it\/product\/sz11-315-33kv-three-phase-oil-type-distribution-electrical-transformer\/\" \/>\n<meta property=\"og:site_name\" content=\"PINE-ZHENGXI\" \/>\n<meta property=\"article:modified_time\" content=\"2025-04-30T13:50:20+00:00\" \/>\n<meta property=\"og:image\" content=\"https:\/\/www.tronkiele.com\/wp-content\/uploads\/2024\/11\/SZ11-315-33kV-Three-Phase-Oil-Type-Distribution-Electrical-Transformer.webp\" \/>\n\t<meta property=\"og:image:width\" content=\"600\" \/>\n\t<meta property=\"og:image:height\" content=\"600\" \/>\n\t<meta property=\"og:image:type\" content=\"image\/webp\" \/>\n<meta name=\"twitter:card\" content=\"summary_large_image\" \/>\n<meta name=\"twitter:label1\" content=\"Tempo di lettura stimato\" \/>\n\t<meta name=\"twitter:data1\" content=\"2 minuti\" \/>\n<script type=\"application\/ld+json\" class=\"yoast-schema-graph\">{\"@context\":\"https:\/\/schema.org\",\"@graph\":[{\"@type\":\"WebPage\",\"@id\":\"https:\/\/www.tronkiele.com\/product\/sz11-315-33kv-three-phase-oil-type-distribution-electrical-transformer\/\",\"url\":\"https:\/\/www.tronkiele.com\/product\/sz11-315-33kv-three-phase-oil-type-distribution-electrical-transformer\/\",\"name\":\"SZ11-315\/33kV Three Phase Oil Type Distribution Electrical Transformer - PINE-ZHENGXI\",\"isPartOf\":{\"@id\":\"https:\/\/www.tronkiele.com\/#website\"},\"primaryImageOfPage\":{\"@id\":\"https:\/\/www.tronkiele.com\/product\/sz11-315-33kv-three-phase-oil-type-distribution-electrical-transformer\/#primaryimage\"},\"image\":{\"@id\":\"https:\/\/www.tronkiele.com\/product\/sz11-315-33kv-three-phase-oil-type-distribution-electrical-transformer\/#primaryimage\"},\"thumbnailUrl\":\"https:\/\/www.tronkiele.com\/wp-content\/uploads\/2024\/11\/SZ11-315-33kV-Three-Phase-Oil-Type-Distribution-Electrical-Transformer.webp\",\"datePublished\":\"2024-11-29T09:08:06+00:00\",\"dateModified\":\"2025-04-30T13:50:20+00:00\",\"breadcrumb\":{\"@id\":\"https:\/\/www.tronkiele.com\/product\/sz11-315-33kv-three-phase-oil-type-distribution-electrical-transformer\/#breadcrumb\"},\"inLanguage\":\"it-IT\",\"potentialAction\":[{\"@type\":\"ReadAction\",\"target\":[\"https:\/\/www.tronkiele.com\/product\/sz11-315-33kv-three-phase-oil-type-distribution-electrical-transformer\/\"]}]},{\"@type\":\"ImageObject\",\"inLanguage\":\"it-IT\",\"@id\":\"https:\/\/www.tronkiele.com\/product\/sz11-315-33kv-three-phase-oil-type-distribution-electrical-transformer\/#primaryimage\",\"url\":\"https:\/\/www.tronkiele.com\/wp-content\/uploads\/2024\/11\/SZ11-315-33kV-Three-Phase-Oil-Type-Distribution-Electrical-Transformer.webp\",\"contentUrl\":\"https:\/\/www.tronkiele.com\/wp-content\/uploads\/2024\/11\/SZ11-315-33kV-Three-Phase-Oil-Type-Distribution-Electrical-Transformer.webp\",\"width\":600,\"height\":600,\"caption\":\"SZ11-315 33kV Three Phase Oil Type Distribution Electrical Transformer\"},{\"@type\":\"BreadcrumbList\",\"@id\":\"https:\/\/www.tronkiele.com\/product\/sz11-315-33kv-three-phase-oil-type-distribution-electrical-transformer\/#breadcrumb\",\"itemListElement\":[{\"@type\":\"ListItem\",\"position\":1,\"name\":\"Home\",\"item\":\"https:\/\/www.tronkiele.com\/\"},{\"@type\":\"ListItem\",\"position\":2,\"name\":\"Products\",\"item\":\"https:\/\/www.tronkiele.com\/shop\/\"},{\"@type\":\"ListItem\",\"position\":3,\"name\":\"SZ11-315\/33kV Three Phase Oil Type Distribution Electrical Transformer\"}]},{\"@type\":\"WebSite\",\"@id\":\"https:\/\/www.tronkiele.com\/#website\",\"url\":\"https:\/\/www.tronkiele.com\/\",\"name\":\"PINE-ZHENGXI\",\"description\":\"\",\"publisher\":{\"@id\":\"https:\/\/www.tronkiele.com\/#organization\"},\"potentialAction\":[{\"@type\":\"SearchAction\",\"target\":{\"@type\":\"EntryPoint\",\"urlTemplate\":\"https:\/\/www.tronkiele.com\/?s={search_term_string}\"},\"query-input\":{\"@type\":\"PropertyValueSpecification\",\"valueRequired\":true,\"valueName\":\"search_term_string\"}}],\"inLanguage\":\"it-IT\"},{\"@type\":\"Organization\",\"@id\":\"https:\/\/www.tronkiele.com\/#organization\",\"name\":\"PINE-ZHENGXI\",\"url\":\"https:\/\/www.tronkiele.com\/\",\"logo\":{\"@type\":\"ImageObject\",\"inLanguage\":\"it-IT\",\"@id\":\"https:\/\/www.tronkiele.com\/#\/schema\/logo\/image\/\",\"url\":\"https:\/\/www.tronkiele.com\/wp-content\/uploads\/2024\/11\/cropped-tronki.webp\",\"contentUrl\":\"https:\/\/www.tronkiele.com\/wp-content\/uploads\/2024\/11\/cropped-tronki.webp\",\"width\":512,\"height\":512,\"caption\":\"PINE-ZHENGXI\"},\"image\":{\"@id\":\"https:\/\/www.tronkiele.com\/#\/schema\/logo\/image\/\"}}]}<\/script>\n<!-- \/ Yoast SEO plugin. -->","yoast_head_json":{"title":"Trasformatore elettrico di distribuzione di tipo olio trifase SZ11-315\/33kV - PINE-ZHENGXI","robots":{"index":"index","follow":"follow","max-snippet":"max-snippet:-1","max-image-preview":"max-image-preview:large","max-video-preview":"max-video-preview:-1"},"canonical":"https:\/\/www.tronkiele.com\/it\/product\/sz11-315-33kv-three-phase-oil-type-distribution-electrical-transformer\/","og_locale":"it_IT","og_type":"article","og_title":"SZ11-315\/33kV Three Phase Oil Type Distribution Electrical Transformer - PINE-ZHENGXI","og_description":"The SZ11 Three-Phase Oil-Immersed Distribution Transformer is a high-performance three-phase transformer built to offer better reliability and efficiency than the older S9 series. By improving the loss design and adjusting the copper-to-iron ratio, it reduces energy loss and provides excellent value.","og_url":"https:\/\/www.tronkiele.com\/it\/product\/sz11-315-33kv-three-phase-oil-type-distribution-electrical-transformer\/","og_site_name":"PINE-ZHENGXI","article_modified_time":"2025-04-30T13:50:20+00:00","og_image":[{"width":600,"height":600,"url":"https:\/\/www.tronkiele.com\/wp-content\/uploads\/2024\/11\/SZ11-315-33kV-Three-Phase-Oil-Type-Distribution-Electrical-Transformer.webp","type":"image\/webp"}],"twitter_card":"summary_large_image","twitter_misc":{"Tempo di lettura stimato":"2 minuti"},"schema":{"@context":"https:\/\/schema.org","@graph":[{"@type":"WebPage","@id":"https:\/\/www.tronkiele.com\/product\/sz11-315-33kv-three-phase-oil-type-distribution-electrical-transformer\/","url":"https:\/\/www.tronkiele.com\/product\/sz11-315-33kv-three-phase-oil-type-distribution-electrical-transformer\/","name":"Trasformatore elettrico di distribuzione di tipo olio trifase SZ11-315\/33kV - PINE-ZHENGXI","isPartOf":{"@id":"https:\/\/www.tronkiele.com\/#website"},"primaryImageOfPage":{"@id":"https:\/\/www.tronkiele.com\/product\/sz11-315-33kv-three-phase-oil-type-distribution-electrical-transformer\/#primaryimage"},"image":{"@id":"https:\/\/www.tronkiele.com\/product\/sz11-315-33kv-three-phase-oil-type-distribution-electrical-transformer\/#primaryimage"},"thumbnailUrl":"https:\/\/www.tronkiele.com\/wp-content\/uploads\/2024\/11\/SZ11-315-33kV-Three-Phase-Oil-Type-Distribution-Electrical-Transformer.webp","datePublished":"2024-11-29T09:08:06+00:00","dateModified":"2025-04-30T13:50:20+00:00","breadcrumb":{"@id":"https:\/\/www.tronkiele.com\/product\/sz11-315-33kv-three-phase-oil-type-distribution-electrical-transformer\/#breadcrumb"},"inLanguage":"it-IT","potentialAction":[{"@type":"ReadAction","target":["https:\/\/www.tronkiele.com\/product\/sz11-315-33kv-three-phase-oil-type-distribution-electrical-transformer\/"]}]},{"@type":"ImageObject","inLanguage":"it-IT","@id":"https:\/\/www.tronkiele.com\/product\/sz11-315-33kv-three-phase-oil-type-distribution-electrical-transformer\/#primaryimage","url":"https:\/\/www.tronkiele.com\/wp-content\/uploads\/2024\/11\/SZ11-315-33kV-Three-Phase-Oil-Type-Distribution-Electrical-Transformer.webp","contentUrl":"https:\/\/www.tronkiele.com\/wp-content\/uploads\/2024\/11\/SZ11-315-33kV-Three-Phase-Oil-Type-Distribution-Electrical-Transformer.webp","width":600,"height":600,"caption":"SZ11-315 33kV Three Phase Oil Type Distribution Electrical Transformer"},{"@type":"BreadcrumbList","@id":"https:\/\/www.tronkiele.com\/product\/sz11-315-33kv-three-phase-oil-type-distribution-electrical-transformer\/#breadcrumb","itemListElement":[{"@type":"ListItem","position":1,"name":"Home","item":"https:\/\/www.tronkiele.com\/"},{"@type":"ListItem","position":2,"name":"Products","item":"https:\/\/www.tronkiele.com\/shop\/"},{"@type":"ListItem","position":3,"name":"SZ11-315\/33kV Three Phase Oil Type Distribution Electrical Transformer"}]},{"@type":"WebSite","@id":"https:\/\/www.tronkiele.com\/#website","url":"https:\/\/www.tronkiele.com\/","name":"PINO-ZHENGXI","description":"","publisher":{"@id":"https:\/\/www.tronkiele.com\/#organization"},"potentialAction":[{"@type":"SearchAction","target":{"@type":"EntryPoint","urlTemplate":"https:\/\/www.tronkiele.com\/?s={search_term_string}"},"query-input":{"@type":"PropertyValueSpecification","valueRequired":true,"valueName":"search_term_string"}}],"inLanguage":"it-IT"},{"@type":"Organization","@id":"https:\/\/www.tronkiele.com\/#organization","name":"PINO-ZHENGXI","url":"https:\/\/www.tronkiele.com\/","logo":{"@type":"ImageObject","inLanguage":"it-IT","@id":"https:\/\/www.tronkiele.com\/#\/schema\/logo\/image\/","url":"https:\/\/www.tronkiele.com\/wp-content\/uploads\/2024\/11\/cropped-tronki.webp","contentUrl":"https:\/\/www.tronkiele.com\/wp-content\/uploads\/2024\/11\/cropped-tronki.webp","width":512,"height":512,"caption":"PINE-ZHENGXI"},"image":{"@id":"https:\/\/www.tronkiele.com\/#\/schema\/logo\/image\/"}}]}},"_links":{"self":[{"href":"https:\/\/www.tronkiele.com\/it\/wp-json\/wp\/v2\/product\/2599","targetHints":{"allow":["GET"]}}],"collection":[{"href":"https:\/\/www.tronkiele.com\/it\/wp-json\/wp\/v2\/product"}],"about":[{"href":"https:\/\/www.tronkiele.com\/it\/wp-json\/wp\/v2\/types\/product"}],"version-history":[{"count":2,"href":"https:\/\/www.tronkiele.com\/it\/wp-json\/wp\/v2\/product\/2599\/revisions"}],"predecessor-version":[{"id":21560,"href":"https:\/\/www.tronkiele.com\/it\/wp-json\/wp\/v2\/product\/2599\/revisions\/21560"}],"wp:featuredmedia":[{"embeddable":true,"href":"https:\/\/www.tronkiele.com\/it\/wp-json\/wp\/v2\/media\/2600"}],"wp:attachment":[{"href":"https:\/\/www.tronkiele.com\/it\/wp-json\/wp\/v2\/media?parent=2599"}],"wp:term":[{"taxonomy":"product_brand","embeddable":true,"href":"https:\/\/www.tronkiele.com\/it\/wp-json\/wp\/v2\/product_brand?post=2599"},{"taxonomy":"product_cat","embeddable":true,"href":"https:\/\/www.tronkiele.com\/it\/wp-json\/wp\/v2\/product_cat?post=2599"},{"taxonomy":"product_tag","embeddable":true,"href":"https:\/\/www.tronkiele.com\/it\/wp-json\/wp\/v2\/product_tag?post=2599"}],"curies":[{"name":"wp","href":"https:\/\/api.w.org\/{rel}","templated":true}]}}